{"id":23253,"date":"2025-04-06T11:02:44","date_gmt":"2025-04-06T17:02:44","guid":{"rendered":"https:\/\/www.mexicanguitarplayers.com\/tienda\/sin categor\u00eda\/driver-beyma-mod-cd-1114fe\/"},"modified":"2026-01-21T04:20:18","modified_gmt":"2026-01-21T10:20:18","slug":"driver-beyma-mod-cd-1114fe","status":"publish","type":"product","link":"https:\/\/www.mexicanguitarplayers.com\/en\/tienda\/audio\/bafles-y-bocinas\/bocinas-y-componentes\/agudos\/driver-beyma-mod-cd-1114fe\/","title":{"rendered":"DRIVER BEYMA MOD. CD-1114FE"},"content":{"rendered":"<div style=\"text-align: justify\">\n<div>\n<h3>DRIVER BEYMA MOD. CD-1114FE<\/h3>\n<\/div>\n<div>El driver Beyma modelo CD-1114FE se distingue por su dise\u00f1o innovador y su alto rendimiento, convirti\u00e9ndolo en una opci\u00f3n destacada para aplicaciones de sonido profesional. Con un di\u00e1metro externo de 110 mm y una profundidad de 58 mm, su instalaci\u00f3n es sencilla gracias a los cuatro agujeros roscados de M6 ubicados a 90\u00ba con un di\u00e1metro entre ejes de 101.6 mm. Su construcci\u00f3n robusta, que incluye un im\u00e1n de ferrita, asegura una durabilidad y fiabilidad excepcionales. Este driver, con un peso neto de 1.9 kg, est\u00e1 dise\u00f1ado para soportar el uso intensivo, ofreciendo un manejo de alta potencia adecuado para eventos y aplicaciones de larga duraci\u00f3n. La caracter\u00edstica m\u00e1s notable del CD-1114FE es su tecnolog\u00eda PM4, que introduce un pol\u00edmero avanzado en el diafragma, una innovaci\u00f3n nunca antes vista en el campo del audio. Esta tecnolog\u00eda mejora significativamente la uni\u00f3n entre la c\u00fapula y el soporte de la bobina, lo que resulta en un mejor rendimiento durante periodos prolongados y bajo condiciones de alta exigencia. Desde un punto de vista subjetivo, el nuevo pol\u00edmero ofrece un sonido m\u00e1s natural y fiel, superando a otros materiales de poli\u00e9ster en calidad sonora. En resumen, el Beyma CD-1114FE es un driver que combina tecnolog\u00eda de punta con un dise\u00f1o robusto, proporcionando una excelente opci\u00f3n para profesionales del audio que buscan rendimiento y calidad sonora superior.<\/div>\n<div>\n<h4>Quick look<\/h4>\n<\/div>\n<ul style=\"margin: 0px 0px 0px 25px\">\n<li style=\"list-style-type: circle;margin: 5px\">Diametro de garganta<\/li>\n<li style=\"list-style-type: circle;margin: 5px\">Impedancia nominal<\/li>\n<li style=\"list-style-type: circle;margin: 5px\">Impedancia m\u00ednima<\/li>\n<li style=\"list-style-type: circle;margin: 5px\">Re<\/li>\n<li style=\"list-style-type: circle;margin: 5px\">Potencia admisible<\/li>\n<li style=\"list-style-type: circle;margin: 5px\">Potencia programa<\/li>\n<li style=\"list-style-type: circle;margin: 5px\">Sensibilidad<\/li>\n<li style=\"list-style-type: circle;margin: 5px\">Rango de frecuencias<\/li>\n<li style=\"list-style-type: circle;margin: 5px\">Frecuencia de cruce recom<\/li>\n<li style=\"list-style-type: circle;margin: 5px\">Di\u00e1metro Bobina<\/li>\n<li style=\"list-style-type: circle;margin: 5px\">Densidad de flujo<\/li>\n<li style=\"list-style-type: circle;margin: 5px\">Factor BL<\/li>\n<li style=\"list-style-type: circle;margin: 5px\">Material de la membrana<\/li>\n<li style=\"list-style-type: circle;margin: 5px\">Diametro externo<\/li>\n<li style=\"list-style-type: circle;margin: 5px\">Depth<\/li>\n<li style=\"list-style-type: circle;margin: 5px\">Montaje<\/li>\n<li style=\"list-style-type: circle;margin: 5px\">Peso neto<\/li>\n<li style=\"list-style-type: circle;margin: 5px\">Peso total<\/li>\n<li style=\"list-style-type: circle;margin: 5px\">Im\u00e1n<\/li>\n<\/ul>\n<div>\n<div style=\"font-weight: bold\">Diametro de garganta<\/div>\n<div>\n<p>36 mm 1.4 in<\/p>\n<\/div>\n<div style=\"font-weight: bold\">Impedancia nominal<\/div>\n<div>\n<p>8 Ohm<\/p>\n<\/div>\n<div style=\"font-weight: bold\">Impedancia m\u00ednima<\/div>\n<div>\n<p>5.5 ohm<\/p>\n<\/div>\n<div style=\"font-weight: bold\">Re<\/div>\n<div>\n<p>4.4 ohm<\/p>\n<\/div>\n<div style=\"font-weight: bold\">Potencia admisible<\/div>\n<div>\n<p>70 W AES por encima 1.5 kHz<\/p>\n<\/div>\n<div style=\"font-weight: bold\">Potencia programa<\/div>\n<div>\n<p>140 W por encima 1.5 kHz<\/p>\n<\/div>\n<div style=\"font-weight: bold\">Sensibilidad<\/div>\n<div>\n<p>109 dB 1W \/ 1m @ ZN acoplado a bocina TD-365<\/p>\n<\/div>\n<div style=\"font-weight: bold\">Rango de frecuencias<\/div>\n<div>\n<p>700-19000 Hz<\/p>\n<\/div>\n<div style=\"font-weight: bold\">Frecuencia de cruce recom<\/div>\n<div>\n<p>1.5 kHz o superior (12dB\/oct pend. min.)<\/p>\n<\/div>\n<div style=\"font-weight: bold\">Di\u00e1metro Bobina<\/div>\n<div>\n<p>44.4 mm 1.75 in<\/p>\n<\/div>\n<div style=\"font-weight: bold\">Densidad de flujo<\/div>\n<div>\n<p>1.5 T<\/p>\n<\/div>\n<div style=\"font-weight: bold\">Factor BL<\/div>\n<div>\n<p>6.6 N\/A<\/p>\n<\/div>\n<div style=\"font-weight: bold\">Material de la membrana<\/div>\n<div>\n<p>PM4<\/p>\n<\/div>\n<div style=\"font-weight: bold\">Diametro externo<\/div>\n<div>\n<p>110 mm 4.3 in<\/p>\n<\/div>\n<div style=\"font-weight: bold\">Depth<\/div>\n<div>\n<p>58 mm 2.3 in<\/p>\n<\/div>\n<div style=\"font-weight: bold\">Montaje<\/div>\n<div>\n<p>4 agujeros roscados de M6 a 90\u00ba con un di\u00e1metro entre ejes de 101.6 mm (4 in).<\/p>\n<\/div>\n<div style=\"font-weight: bold\">Peso neto<\/div>\n<div>\n<p>1.9 kg 4.18 lb<\/p>\n<\/div>\n<div style=\"font-weight: bold\">Peso total<\/div>\n<div>\n<p>2 kg 4.4 lb<\/p>\n<\/div>\n<div style=\"font-weight: bold\">Im\u00e1n<\/div>\n<div>\n<p>Ferrita<\/p>\n<\/div>\n<\/div>\n<\/div>","protected":false},"excerpt":{"rendered":"<p>El driver Beyma modelo CD-1114FE es un componente de audio de alta calidad dise\u00f1ado para ofrecer un rendimiento superior en aplicaciones de sonido profesional. Con un di\u00e1metro externo de 110 mm (4.3 in) y una profundidad de 58 mm (2.3 in), este driver se monta mediante cuatro agujeros roscados de M6 a 90\u00ba con un di\u00e1metro entre ejes de 101.6 mm (4 in). Pesando 1.9 kg (4.18 lb) netos y 2 kg (4.4 lb) en total, cuenta con un im\u00e1n de ferrita y tecnolog\u00eda PM4. El innovador diafragma PM4 utiliza un pol\u00edmero de alta tecnolog\u00eda, proporcionando una uni\u00f3n m\u00e1s fuerte entre la c\u00fapula y el soporte de la bobina, mejorando el manejo de alta potencia y la durabilidad. Adem\u00e1s, se destaca por ofrecer un sonido m\u00e1s natural en comparaci\u00f3n con otros materiales de poli\u00e9ster, convirti\u00e9ndolo en una opci\u00f3n ideal para quienes buscan calidad y fidelidad sonora.&hellip; <a class=\"kt-excerpt-readmore more-link\" href=\"https:\/\/www.mexicanguitarplayers.com\/en\/tienda\/audio\/bafles-y-bocinas\/bocinas-y-componentes\/agudos\/driver-beyma-mod-cd-1114fe\/\">Read more<\/a><\/p>","protected":false},"featured_media":23251,"comment_status":"open","ping_status":"closed","template":"","meta":{"kt_blocks_editor_width":""},"pwb-brand":[477],"product_brand":[],"product_cat":[530,213,221,474],"product_tag":[],"class_list":{"0":"post-23253","1":"product","2":"type-product","3":"status-publish","4":"has-post-thumbnail","6":"pwb-brand-beyma","7":"product_cat-agudos","8":"product_cat-audio","9":"product_cat-bafles-y-bocinas","10":"product_cat-bocinas-y-componentes","11":"product_shipping_class-0-5-kg","13":"first","14":"instock","15":"taxable","16":"shipping-taxable","17":"purchasable","18":"product-type-simple"},"yoast_head":"<!-- This site is optimized with the Yoast SEO plugin v27.3 - https:\/\/yoast.com\/product\/yoast-seo-wordpress\/ -->\n<title>DRIVER BEYMA MOD. CD-1114FE - Mexican Guitar Players<\/title>\n<meta name=\"description\" content=\"El driver Beyma modelo CD-1114FE es un componente de audio de alta calidad dise\u00f1ado para ofrecer un rendimiento superior en aplicaciones de sonido profesional. Con un di\u00e1metro externo de 110 mm (4.3 in) y una profundidad de 58 mm (2.3 in), este driver se monta mediante cuatro agujeros roscados de M6 a 90\u00ba con un di\u00e1metro entre ejes de 101.6 mm (4 in). Pesando 1.9 kg (4.18 lb) netos y 2 kg (4.4 lb) en total, cuenta con un im\u00e1n de ferrita y tecnolog\u00eda PM4. El innovador diafragma PM4 utiliza un pol\u00edmero de alta tecnolog\u00eda, proporcionando una uni\u00f3n m\u00e1s fuerte entre la c\u00fapula y el soporte de la bobina, mejorando el manejo de alta potencia y la durabilidad. Adem\u00e1s, se destaca por ofrecer un sonido m\u00e1s natural en comparaci\u00f3n con otros materiales de poli\u00e9ster, convirti\u00e9ndolo en una opci\u00f3n ideal para quienes buscan calidad y fidelidad sonora.\" \/>\n<meta name=\"robots\" content=\"index, follow, max-snippet:-1, max-image-preview:large, max-video-preview:-1\" \/>\n<link rel=\"canonical\" href=\"https:\/\/www.mexicanguitarplayers.com\/en\/tienda\/sin%20categor\u00eda\/driver-beyma-mod-cd-1114fe\/\" \/>\n<meta property=\"og:locale\" content=\"en_US\" \/>\n<meta property=\"og:type\" content=\"article\" \/>\n<meta property=\"og:title\" content=\"DRIVER BEYMA MOD. CD-1114FE - Mexican Guitar Players\" \/>\n<meta property=\"og:description\" content=\"El driver Beyma modelo CD-1114FE es un componente de audio de alta calidad dise\u00f1ado para ofrecer un rendimiento superior en aplicaciones de sonido profesional. Con un di\u00e1metro externo de 110 mm (4.3 in) y una profundidad de 58 mm (2.3 in), este driver se monta mediante cuatro agujeros roscados de M6 a 90\u00ba con un di\u00e1metro entre ejes de 101.6 mm (4 in). Pesando 1.9 kg (4.18 lb) netos y 2 kg (4.4 lb) en total, cuenta con un im\u00e1n de ferrita y tecnolog\u00eda PM4. El innovador diafragma PM4 utiliza un pol\u00edmero de alta tecnolog\u00eda, proporcionando una uni\u00f3n m\u00e1s fuerte entre la c\u00fapula y el soporte de la bobina, mejorando el manejo de alta potencia y la durabilidad. Adem\u00e1s, se destaca por ofrecer un sonido m\u00e1s natural en comparaci\u00f3n con otros materiales de poli\u00e9ster, convirti\u00e9ndolo en una opci\u00f3n ideal para quienes buscan calidad y fidelidad sonora.\" \/>\n<meta property=\"og:url\" content=\"https:\/\/www.mexicanguitarplayers.com\/en\/tienda\/sin categor\u00eda\/driver-beyma-mod-cd-1114fe\/\" \/>\n<meta property=\"og:site_name\" content=\"Mexican Guitar Players\" \/>\n<meta property=\"article:modified_time\" content=\"2026-01-21T10:20:18+00:00\" \/>\n<meta name=\"twitter:card\" content=\"summary_large_image\" \/>\n<meta name=\"twitter:label1\" content=\"Est. reading time\" \/>\n\t<meta name=\"twitter:data1\" content=\"2 minutes\" \/>\n<script type=\"application\/ld+json\" class=\"yoast-schema-graph\">{\"@context\":\"https:\\\/\\\/schema.org\",\"@graph\":[{\"@type\":[\"WebPage\",\"ItemPage\"],\"@id\":\"https:\\\/\\\/www.mexicanguitarplayers.com\\\/tienda\\\/sin categor\u00eda\\\/driver-beyma-mod-cd-1114fe\\\/\",\"url\":\"https:\\\/\\\/www.mexicanguitarplayers.com\\\/tienda\\\/sin categor\u00eda\\\/driver-beyma-mod-cd-1114fe\\\/\",\"name\":\"DRIVER BEYMA MOD. CD-1114FE - Mexican Guitar Players\",\"isPartOf\":{\"@id\":\"https:\\\/\\\/www.mexicanguitarplayers.com\\\/#website\"},\"primaryImageOfPage\":{\"@id\":\"https:\\\/\\\/www.mexicanguitarplayers.com\\\/tienda\\\/sin categor\u00eda\\\/driver-beyma-mod-cd-1114fe\\\/#primaryimage\"},\"image\":{\"@id\":\"https:\\\/\\\/www.mexicanguitarplayers.com\\\/tienda\\\/sin categor\u00eda\\\/driver-beyma-mod-cd-1114fe\\\/#primaryimage\"},\"thumbnailUrl\":\"https:\\\/\\\/www.mexicanguitarplayers.com\\\/wp-content\\\/uploads\\\/2025\\\/04\\\/IABEYCD1114FE-29.png\",\"datePublished\":\"2025-04-06T17:02:44+00:00\",\"dateModified\":\"2026-01-21T10:20:18+00:00\",\"description\":\"El driver Beyma modelo CD-1114FE es un componente de audio de alta calidad dise\u00f1ado para ofrecer un rendimiento superior en aplicaciones de sonido profesional. Con un di\u00e1metro externo de 110 mm (4.3 in) y una profundidad de 58 mm (2.3 in), este driver se monta mediante cuatro agujeros roscados de M6 a 90\u00ba con un di\u00e1metro entre ejes de 101.6 mm (4 in). Pesando 1.9 kg (4.18 lb) netos y 2 kg (4.4 lb) en total, cuenta con un im\u00e1n de ferrita y tecnolog\u00eda PM4. El innovador diafragma PM4 utiliza un pol\u00edmero de alta tecnolog\u00eda, proporcionando una uni\u00f3n m\u00e1s fuerte entre la c\u00fapula y el soporte de la bobina, mejorando el manejo de alta potencia y la durabilidad. Adem\u00e1s, se destaca por ofrecer un sonido m\u00e1s natural en comparaci\u00f3n con otros materiales de poli\u00e9ster, convirti\u00e9ndolo en una opci\u00f3n ideal para quienes buscan calidad y fidelidad sonora.\",\"breadcrumb\":{\"@id\":\"https:\\\/\\\/www.mexicanguitarplayers.com\\\/tienda\\\/sin categor\u00eda\\\/driver-beyma-mod-cd-1114fe\\\/#breadcrumb\"},\"inLanguage\":\"en-US\",\"potentialAction\":[{\"@type\":\"ReadAction\",\"target\":[\"https:\\\/\\\/www.mexicanguitarplayers.com\\\/tienda\\\/sin categor\u00eda\\\/driver-beyma-mod-cd-1114fe\\\/\"]}]},{\"@type\":\"ImageObject\",\"inLanguage\":\"en-US\",\"@id\":\"https:\\\/\\\/www.mexicanguitarplayers.com\\\/tienda\\\/sin categor\u00eda\\\/driver-beyma-mod-cd-1114fe\\\/#primaryimage\",\"url\":\"https:\\\/\\\/www.mexicanguitarplayers.com\\\/wp-content\\\/uploads\\\/2025\\\/04\\\/IABEYCD1114FE-29.png\",\"contentUrl\":\"https:\\\/\\\/www.mexicanguitarplayers.com\\\/wp-content\\\/uploads\\\/2025\\\/04\\\/IABEYCD1114FE-29.png\",\"width\":1200,\"height\":800},{\"@type\":\"BreadcrumbList\",\"@id\":\"https:\\\/\\\/www.mexicanguitarplayers.com\\\/tienda\\\/sin categor\u00eda\\\/driver-beyma-mod-cd-1114fe\\\/#breadcrumb\",\"itemListElement\":[{\"@type\":\"ListItem\",\"position\":1,\"name\":\"Portada\",\"item\":\"https:\\\/\\\/www.mexicanguitarplayers.com\\\/\"},{\"@type\":\"ListItem\",\"position\":2,\"name\":\"Tienda\",\"item\":\"https:\\\/\\\/www.mexicanguitarplayers.com\\\/tienda\\\/\"},{\"@type\":\"ListItem\",\"position\":3,\"name\":\"DRIVER BEYMA MOD. CD-1114FE\"}]},{\"@type\":\"WebSite\",\"@id\":\"https:\\\/\\\/www.mexicanguitarplayers.com\\\/#website\",\"url\":\"https:\\\/\\\/www.mexicanguitarplayers.com\\\/\",\"name\":\"Mexican Guitar Players\",\"description\":\"Website\",\"publisher\":{\"@id\":\"https:\\\/\\\/www.mexicanguitarplayers.com\\\/#organization\"},\"potentialAction\":[{\"@type\":\"SearchAction\",\"target\":{\"@type\":\"EntryPoint\",\"urlTemplate\":\"https:\\\/\\\/www.mexicanguitarplayers.com\\\/?s={search_term_string}\"},\"query-input\":{\"@type\":\"PropertyValueSpecification\",\"valueRequired\":true,\"valueName\":\"search_term_string\"}}],\"inLanguage\":\"en-US\"},{\"@type\":\"Organization\",\"@id\":\"https:\\\/\\\/www.mexicanguitarplayers.com\\\/#organization\",\"name\":\"Mexican Guitar Players\",\"url\":\"https:\\\/\\\/www.mexicanguitarplayers.com\\\/\",\"logo\":{\"@type\":\"ImageObject\",\"inLanguage\":\"en-US\",\"@id\":\"https:\\\/\\\/www.mexicanguitarplayers.com\\\/#\\\/schema\\\/logo\\\/image\\\/\",\"url\":\"\",\"contentUrl\":\"\",\"caption\":\"Mexican Guitar Players\"},\"image\":{\"@id\":\"https:\\\/\\\/www.mexicanguitarplayers.com\\\/#\\\/schema\\\/logo\\\/image\\\/\"}}]}<\/script>\n<!-- \/ Yoast SEO plugin. -->","yoast_head_json":{"title":"DRIVER BEYMA MOD. CD-1114FE - Mexican Guitar Players","description":"El driver Beyma modelo CD-1114FE es un componente de audio de alta calidad dise\u00f1ado para ofrecer un rendimiento superior en aplicaciones de sonido profesional. Con un di\u00e1metro externo de 110 mm (4.3 in) y una profundidad de 58 mm (2.3 in), este driver se monta mediante cuatro agujeros roscados de M6 a 90\u00ba con un di\u00e1metro entre ejes de 101.6 mm (4 in). Pesando 1.9 kg (4.18 lb) netos y 2 kg (4.4 lb) en total, cuenta con un im\u00e1n de ferrita y tecnolog\u00eda PM4. El innovador diafragma PM4 utiliza un pol\u00edmero de alta tecnolog\u00eda, proporcionando una uni\u00f3n m\u00e1s fuerte entre la c\u00fapula y el soporte de la bobina, mejorando el manejo de alta potencia y la durabilidad. Adem\u00e1s, se destaca por ofrecer un sonido m\u00e1s natural en comparaci\u00f3n con otros materiales de poli\u00e9ster, convirti\u00e9ndolo en una opci\u00f3n ideal para quienes buscan calidad y fidelidad sonora.","robots":{"index":"index","follow":"follow","max-snippet":"max-snippet:-1","max-image-preview":"max-image-preview:large","max-video-preview":"max-video-preview:-1"},"canonical":"https:\/\/www.mexicanguitarplayers.com\/en\/tienda\/sin categor\u00eda\/driver-beyma-mod-cd-1114fe\/","og_locale":"en_US","og_type":"article","og_title":"DRIVER BEYMA MOD. CD-1114FE - Mexican Guitar Players","og_description":"El driver Beyma modelo CD-1114FE es un componente de audio de alta calidad dise\u00f1ado para ofrecer un rendimiento superior en aplicaciones de sonido profesional. Con un di\u00e1metro externo de 110 mm (4.3 in) y una profundidad de 58 mm (2.3 in), este driver se monta mediante cuatro agujeros roscados de M6 a 90\u00ba con un di\u00e1metro entre ejes de 101.6 mm (4 in). Pesando 1.9 kg (4.18 lb) netos y 2 kg (4.4 lb) en total, cuenta con un im\u00e1n de ferrita y tecnolog\u00eda PM4. El innovador diafragma PM4 utiliza un pol\u00edmero de alta tecnolog\u00eda, proporcionando una uni\u00f3n m\u00e1s fuerte entre la c\u00fapula y el soporte de la bobina, mejorando el manejo de alta potencia y la durabilidad. Adem\u00e1s, se destaca por ofrecer un sonido m\u00e1s natural en comparaci\u00f3n con otros materiales de poli\u00e9ster, convirti\u00e9ndolo en una opci\u00f3n ideal para quienes buscan calidad y fidelidad sonora.","og_url":"https:\/\/www.mexicanguitarplayers.com\/en\/tienda\/sin categor\u00eda\/driver-beyma-mod-cd-1114fe\/","og_site_name":"Mexican Guitar Players","article_modified_time":"2026-01-21T10:20:18+00:00","twitter_card":"summary_large_image","twitter_misc":{"Est. reading time":"2 minutes"},"schema":{"@context":"https:\/\/schema.org","@graph":[{"@type":["WebPage","ItemPage"],"@id":"https:\/\/www.mexicanguitarplayers.com\/tienda\/sin categor\u00eda\/driver-beyma-mod-cd-1114fe\/","url":"https:\/\/www.mexicanguitarplayers.com\/tienda\/sin categor\u00eda\/driver-beyma-mod-cd-1114fe\/","name":"DRIVER BEYMA MOD. CD-1114FE - Mexican Guitar Players","isPartOf":{"@id":"https:\/\/www.mexicanguitarplayers.com\/#website"},"primaryImageOfPage":{"@id":"https:\/\/www.mexicanguitarplayers.com\/tienda\/sin categor\u00eda\/driver-beyma-mod-cd-1114fe\/#primaryimage"},"image":{"@id":"https:\/\/www.mexicanguitarplayers.com\/tienda\/sin categor\u00eda\/driver-beyma-mod-cd-1114fe\/#primaryimage"},"thumbnailUrl":"https:\/\/www.mexicanguitarplayers.com\/wp-content\/uploads\/2025\/04\/IABEYCD1114FE-29.png","datePublished":"2025-04-06T17:02:44+00:00","dateModified":"2026-01-21T10:20:18+00:00","description":"El driver Beyma modelo CD-1114FE es un componente de audio de alta calidad dise\u00f1ado para ofrecer un rendimiento superior en aplicaciones de sonido profesional. Con un di\u00e1metro externo de 110 mm (4.3 in) y una profundidad de 58 mm (2.3 in), este driver se monta mediante cuatro agujeros roscados de M6 a 90\u00ba con un di\u00e1metro entre ejes de 101.6 mm (4 in). Pesando 1.9 kg (4.18 lb) netos y 2 kg (4.4 lb) en total, cuenta con un im\u00e1n de ferrita y tecnolog\u00eda PM4. El innovador diafragma PM4 utiliza un pol\u00edmero de alta tecnolog\u00eda, proporcionando una uni\u00f3n m\u00e1s fuerte entre la c\u00fapula y el soporte de la bobina, mejorando el manejo de alta potencia y la durabilidad. Adem\u00e1s, se destaca por ofrecer un sonido m\u00e1s natural en comparaci\u00f3n con otros materiales de poli\u00e9ster, convirti\u00e9ndolo en una opci\u00f3n ideal para quienes buscan calidad y fidelidad sonora.","breadcrumb":{"@id":"https:\/\/www.mexicanguitarplayers.com\/tienda\/sin categor\u00eda\/driver-beyma-mod-cd-1114fe\/#breadcrumb"},"inLanguage":"en-US","potentialAction":[{"@type":"ReadAction","target":["https:\/\/www.mexicanguitarplayers.com\/tienda\/sin categor\u00eda\/driver-beyma-mod-cd-1114fe\/"]}]},{"@type":"ImageObject","inLanguage":"en-US","@id":"https:\/\/www.mexicanguitarplayers.com\/tienda\/sin categor\u00eda\/driver-beyma-mod-cd-1114fe\/#primaryimage","url":"https:\/\/www.mexicanguitarplayers.com\/wp-content\/uploads\/2025\/04\/IABEYCD1114FE-29.png","contentUrl":"https:\/\/www.mexicanguitarplayers.com\/wp-content\/uploads\/2025\/04\/IABEYCD1114FE-29.png","width":1200,"height":800},{"@type":"BreadcrumbList","@id":"https:\/\/www.mexicanguitarplayers.com\/tienda\/sin categor\u00eda\/driver-beyma-mod-cd-1114fe\/#breadcrumb","itemListElement":[{"@type":"ListItem","position":1,"name":"Portada","item":"https:\/\/www.mexicanguitarplayers.com\/"},{"@type":"ListItem","position":2,"name":"Tienda","item":"https:\/\/www.mexicanguitarplayers.com\/tienda\/"},{"@type":"ListItem","position":3,"name":"DRIVER BEYMA MOD. CD-1114FE"}]},{"@type":"WebSite","@id":"https:\/\/www.mexicanguitarplayers.com\/#website","url":"https:\/\/www.mexicanguitarplayers.com\/","name":"Mexican Guitar Players","description":"Website","publisher":{"@id":"https:\/\/www.mexicanguitarplayers.com\/#organization"},"potentialAction":[{"@type":"SearchAction","target":{"@type":"EntryPoint","urlTemplate":"https:\/\/www.mexicanguitarplayers.com\/?s={search_term_string}"},"query-input":{"@type":"PropertyValueSpecification","valueRequired":true,"valueName":"search_term_string"}}],"inLanguage":"en-US"},{"@type":"Organization","@id":"https:\/\/www.mexicanguitarplayers.com\/#organization","name":"Mexican Guitar Players","url":"https:\/\/www.mexicanguitarplayers.com\/","logo":{"@type":"ImageObject","inLanguage":"en-US","@id":"https:\/\/www.mexicanguitarplayers.com\/#\/schema\/logo\/image\/","url":"","contentUrl":"","caption":"Mexican Guitar Players"},"image":{"@id":"https:\/\/www.mexicanguitarplayers.com\/#\/schema\/logo\/image\/"}}]}},"brands":[{"id":477,"name":"BEYMA","slug":"beyma"}],"_links":{"self":[{"href":"https:\/\/www.mexicanguitarplayers.com\/en\/wp-json\/wp\/v2\/product\/23253","targetHints":{"allow":["GET"]}}],"collection":[{"href":"https:\/\/www.mexicanguitarplayers.com\/en\/wp-json\/wp\/v2\/product"}],"about":[{"href":"https:\/\/www.mexicanguitarplayers.com\/en\/wp-json\/wp\/v2\/types\/product"}],"replies":[{"embeddable":true,"href":"https:\/\/www.mexicanguitarplayers.com\/en\/wp-json\/wp\/v2\/comments?post=23253"}],"wp:featuredmedia":[{"embeddable":true,"href":"https:\/\/www.mexicanguitarplayers.com\/en\/wp-json\/wp\/v2\/media\/23251"}],"wp:attachment":[{"href":"https:\/\/www.mexicanguitarplayers.com\/en\/wp-json\/wp\/v2\/media?parent=23253"}],"wp:term":[{"taxonomy":"pwb-brand","embeddable":true,"href":"https:\/\/www.mexicanguitarplayers.com\/en\/wp-json\/wp\/v2\/pwb-brand?post=23253"},{"taxonomy":"product_brand","embeddable":true,"href":"https:\/\/www.mexicanguitarplayers.com\/en\/wp-json\/wp\/v2\/product_brand?post=23253"},{"taxonomy":"product_cat","embeddable":true,"href":"https:\/\/www.mexicanguitarplayers.com\/en\/wp-json\/wp\/v2\/product_cat?post=23253"},{"taxonomy":"product_tag","embeddable":true,"href":"https:\/\/www.mexicanguitarplayers.com\/en\/wp-json\/wp\/v2\/product_tag?post=23253"}],"curies":[{"name":"wp","href":"https:\/\/api.w.org\/{rel}","templated":true}]}}