{"id":23288,"date":"2025-04-06T11:04:25","date_gmt":"2025-04-06T17:04:25","guid":{"rendered":"https:\/\/www.mexicanguitarplayers.com\/tienda\/sin categor\u00eda\/combo-blackstar-p-guit-fly-3-vintage\/"},"modified":"2026-04-10T04:49:12","modified_gmt":"2026-04-10T10:49:12","slug":"combo-blackstar-p-guit-fly-3-vintage","status":"publish","type":"product","link":"https:\/\/www.mexicanguitarplayers.com\/en\/tienda\/cuerdas\/combos\/combos-para-guitarra\/combo-blackstar-p-guit-fly-3-vintage\/","title":{"rendered":"COMBO BLACKSTAR P\/GUIT.FLY-3 VINTAGE"},"content":{"rendered":"<div style=\"text-align: justify\">\n<div>\n<h3>Amplificador peque\u00f1o con caracter\u00edsticas grandes.<\/h3>\n<\/div>\n<div>El combo Fly3 de Blackstar es el nuevo est\u00e1ndar de oro para la clase mini de amplificadores de guitarra. Aunque es peque\u00f1o, no es un juguete, es un incre\u00edble combo de baja potencia para practicar que puede utilizarse en tu habitaci\u00f3n, en un escritorio y lo puedes llevar en tu mochila y tocar en donde quieras, ya sea conectado con un adaptador de corriente o con pilas. Cuenta con dos canales, funci\u00f3n de delay digital, tecnolog\u00eda ISF (Infinite Shape Feature) patentada de Blackstar que ofrece un control de sonido ingl\u00e9s o brit\u00e1nico, seg\u00fan lo desees, cuenta tambi\u00e9n con una salida para aud\u00edfonos y una l\u00ednea de salida emulada para practicar en silencio o grabar.<\/div>\n<div>\n<h4>Quick look<\/h4>\n<\/div>\n<ul style=\"margin: 0px 0px 0px 25px\">\n<li style=\"list-style-type: circle;margin: 5px\">Power.<\/li>\n<li style=\"list-style-type: circle;margin: 5px\">Circuito.<\/li>\n<li style=\"list-style-type: circle;margin: 5px\">Channels.<\/li>\n<li style=\"list-style-type: circle;margin: 5px\">Speaker.<\/li>\n<li style=\"list-style-type: circle;margin: 5px\">ISF.<\/li>\n<li style=\"list-style-type: circle;margin: 5px\">Effects.<\/li>\n<li style=\"list-style-type: circle;margin: 5px\">Feeding.<\/li>\n<li style=\"list-style-type: circle;margin: 5px\">Entrances and exits.<\/li>\n<\/ul>\n<div>\n<div style=\"font-weight: bold\">Power.<\/div>\n<div>\n<p>3 watts.<\/p>\n<\/div>\n<div style=\"font-weight: bold\">Circuito.<\/div>\n<div>\n<p>Solid state.<\/p>\n<\/div>\n<div style=\"font-weight: bold\">Channels.<\/div>\n<div>\n<p>2.<\/p>\n<\/div>\n<div style=\"font-weight: bold\">Speaker.<\/div>\n<div>\n<p>1 altavoz de 3&#8243; pulgadas, dise\u00f1o de Blackstar.<\/p>\n<\/div>\n<div style=\"font-weight: bold\">ISF.<\/div>\n<div>\n<p>Tecnolog\u00eda Infinite Shape Feature para cambiar sonido entre brit\u00e1nico o ingl\u00e9s.<\/p>\n<\/div>\n<div style=\"font-weight: bold\">Effects.<\/div>\n<div>\n<p>Delay integrado.<\/p>\n<\/div>\n<div style=\"font-weight: bold\">Feeding.<\/div>\n<div>\n<p>Adaptador de corriente (no incluido) o pilas.<\/p>\n<\/div>\n<div style=\"font-weight: bold\">Entrances and exits.<\/div>\n<div>\n<p>Entrada para instrumento. Entrada auxiliar. Salida para aud\u00edfonos y para grabaci\u00f3n con simulaci\u00f3n de altavoz.<\/p>\n<\/div>\n<\/div>\n<\/div>","protected":false},"excerpt":{"rendered":"<p>Combo mini para guitarra, dise\u00f1o vintage, 3 watts de potencia, altavoz de 3\u201d pulgadas, 2 canales, delay integrado, entrada auxiliar, control ISF patentado, salida para aud\u00edfonos y para grabaci\u00f3n con simulaci\u00f3n de altavoz, alimentado por bater\u00eda o por adaptador de corriente (no incluido), dimensiones: 17.5 x 13.6 x 10.7 cm, peso: 1 kg.&hellip; <a class=\"kt-excerpt-readmore more-link\" href=\"https:\/\/www.mexicanguitarplayers.com\/en\/tienda\/cuerdas\/combos\/combos-para-guitarra\/combo-blackstar-p-guit-fly-3-vintage\/\">Read more<\/a><\/p>","protected":false},"featured_media":23287,"comment_status":"open","ping_status":"closed","template":"","meta":{"kt_blocks_editor_width":""},"pwb-brand":[172],"product_brand":[],"product_cat":[236,237,224],"product_tag":[],"class_list":{"0":"post-23288","1":"product","2":"type-product","3":"status-publish","4":"has-post-thumbnail","6":"pwb-brand-blackstar","7":"product_cat-combos","8":"product_cat-combos-para-guitarra","9":"product_cat-cuerdas","10":"product_shipping_class-0-5-kg","12":"first","13":"outofstock","14":"taxable","15":"shipping-taxable","16":"purchasable","17":"product-type-simple"},"yoast_head":"<!-- This site is optimized with the Yoast SEO plugin v27.6 - https:\/\/yoast.com\/product\/yoast-seo-wordpress\/ -->\n<title>COMBO BLACKSTAR P\/GUIT.FLY-3 VINTAGE - Mexican Guitar Players<\/title>\n<meta name=\"description\" content=\"Combo mini para guitarra, dise\u00f1o vintage, 3 watts de potencia, altavoz de 3\u201d pulgadas, 2 canales, delay integrado, entrada auxiliar, control ISF patentado, salida para aud\u00edfonos y para grabaci\u00f3n con simulaci\u00f3n de altavoz, alimentado por bater\u00eda o por adaptador de corriente (no incluido), dimensiones: 17.5 x 13.6 x 10.7 cm, peso: 1 kg.\" \/>\n<meta name=\"robots\" content=\"index, follow, max-snippet:-1, max-image-preview:large, max-video-preview:-1\" \/>\n<link rel=\"canonical\" href=\"https:\/\/www.mexicanguitarplayers.com\/en\/tienda\/sin%20categor\u00eda\/combo-blackstar-p-guit-fly-3-vintage\/\" \/>\n<meta property=\"og:locale\" content=\"en_US\" \/>\n<meta property=\"og:type\" content=\"article\" \/>\n<meta property=\"og:title\" content=\"COMBO BLACKSTAR P\/GUIT.FLY-3 VINTAGE - Mexican Guitar Players\" \/>\n<meta property=\"og:description\" content=\"Combo mini para guitarra, dise\u00f1o vintage, 3 watts de potencia, altavoz de 3\u201d pulgadas, 2 canales, delay integrado, entrada auxiliar, control ISF patentado, salida para aud\u00edfonos y para grabaci\u00f3n con simulaci\u00f3n de altavoz, alimentado por bater\u00eda o por adaptador de corriente (no incluido), dimensiones: 17.5 x 13.6 x 10.7 cm, peso: 1 kg.\" \/>\n<meta property=\"og:url\" content=\"https:\/\/www.mexicanguitarplayers.com\/en\/tienda\/sin categor\u00eda\/combo-blackstar-p-guit-fly-3-vintage\/\" \/>\n<meta property=\"og:site_name\" content=\"Mexican Guitar Players\" \/>\n<meta property=\"article:modified_time\" content=\"2026-04-10T10:49:12+00:00\" \/>\n<meta name=\"twitter:card\" content=\"summary_large_image\" \/>\n<meta name=\"twitter:label1\" content=\"Est. reading time\" \/>\n\t<meta name=\"twitter:data1\" content=\"1 minute\" \/>\n<script type=\"application\/ld+json\" class=\"yoast-schema-graph\">{\"@context\":\"https:\\\/\\\/schema.org\",\"@graph\":[{\"@type\":[\"WebPage\",\"ItemPage\"],\"@id\":\"https:\\\/\\\/www.mexicanguitarplayers.com\\\/tienda\\\/sin categor\u00eda\\\/combo-blackstar-p-guit-fly-3-vintage\\\/\",\"url\":\"https:\\\/\\\/www.mexicanguitarplayers.com\\\/tienda\\\/sin categor\u00eda\\\/combo-blackstar-p-guit-fly-3-vintage\\\/\",\"name\":\"COMBO BLACKSTAR P\\\/GUIT.FLY-3 VINTAGE - Mexican Guitar Players\",\"isPartOf\":{\"@id\":\"https:\\\/\\\/www.mexicanguitarplayers.com\\\/#website\"},\"primaryImageOfPage\":{\"@id\":\"https:\\\/\\\/www.mexicanguitarplayers.com\\\/tienda\\\/sin categor\u00eda\\\/combo-blackstar-p-guit-fly-3-vintage\\\/#primaryimage\"},\"image\":{\"@id\":\"https:\\\/\\\/www.mexicanguitarplayers.com\\\/tienda\\\/sin categor\u00eda\\\/combo-blackstar-p-guit-fly-3-vintage\\\/#primaryimage\"},\"thumbnailUrl\":\"https:\\\/\\\/www.mexicanguitarplayers.com\\\/wp-content\\\/uploads\\\/2025\\\/04\\\/ICBLSFLY3V.jpg\",\"datePublished\":\"2025-04-06T17:04:25+00:00\",\"dateModified\":\"2026-04-10T10:49:12+00:00\",\"description\":\"Combo mini para guitarra, dise\u00f1o vintage, 3 watts de potencia, altavoz de 3\u201d pulgadas, 2 canales, delay integrado, entrada auxiliar, control ISF patentado, salida para aud\u00edfonos y para grabaci\u00f3n con simulaci\u00f3n de altavoz, alimentado por bater\u00eda o por adaptador de corriente (no incluido), dimensiones: 17.5 x 13.6 x 10.7 cm, peso: 1 kg.\",\"breadcrumb\":{\"@id\":\"https:\\\/\\\/www.mexicanguitarplayers.com\\\/tienda\\\/sin categor\u00eda\\\/combo-blackstar-p-guit-fly-3-vintage\\\/#breadcrumb\"},\"inLanguage\":\"en-US\",\"potentialAction\":[{\"@type\":\"ReadAction\",\"target\":[\"https:\\\/\\\/www.mexicanguitarplayers.com\\\/tienda\\\/sin categor\u00eda\\\/combo-blackstar-p-guit-fly-3-vintage\\\/\"]}]},{\"@type\":\"ImageObject\",\"inLanguage\":\"en-US\",\"@id\":\"https:\\\/\\\/www.mexicanguitarplayers.com\\\/tienda\\\/sin categor\u00eda\\\/combo-blackstar-p-guit-fly-3-vintage\\\/#primaryimage\",\"url\":\"https:\\\/\\\/www.mexicanguitarplayers.com\\\/wp-content\\\/uploads\\\/2025\\\/04\\\/ICBLSFLY3V.jpg\",\"contentUrl\":\"https:\\\/\\\/www.mexicanguitarplayers.com\\\/wp-content\\\/uploads\\\/2025\\\/04\\\/ICBLSFLY3V.jpg\",\"width\":1200,\"height\":1200},{\"@type\":\"BreadcrumbList\",\"@id\":\"https:\\\/\\\/www.mexicanguitarplayers.com\\\/tienda\\\/sin categor\u00eda\\\/combo-blackstar-p-guit-fly-3-vintage\\\/#breadcrumb\",\"itemListElement\":[{\"@type\":\"ListItem\",\"position\":1,\"name\":\"Portada\",\"item\":\"https:\\\/\\\/www.mexicanguitarplayers.com\\\/\"},{\"@type\":\"ListItem\",\"position\":2,\"name\":\"Tienda\",\"item\":\"https:\\\/\\\/www.mexicanguitarplayers.com\\\/tienda\\\/\"},{\"@type\":\"ListItem\",\"position\":3,\"name\":\"COMBO BLACKSTAR P\\\/GUIT.FLY-3 VINTAGE\"}]},{\"@type\":\"WebSite\",\"@id\":\"https:\\\/\\\/www.mexicanguitarplayers.com\\\/#website\",\"url\":\"https:\\\/\\\/www.mexicanguitarplayers.com\\\/\",\"name\":\"Mexican Guitar Players\",\"description\":\"Website\",\"publisher\":{\"@id\":\"https:\\\/\\\/www.mexicanguitarplayers.com\\\/#organization\"},\"potentialAction\":[{\"@type\":\"SearchAction\",\"target\":{\"@type\":\"EntryPoint\",\"urlTemplate\":\"https:\\\/\\\/www.mexicanguitarplayers.com\\\/?s={search_term_string}\"},\"query-input\":{\"@type\":\"PropertyValueSpecification\",\"valueRequired\":true,\"valueName\":\"search_term_string\"}}],\"inLanguage\":\"en-US\"},{\"@type\":\"Organization\",\"@id\":\"https:\\\/\\\/www.mexicanguitarplayers.com\\\/#organization\",\"name\":\"Mexican Guitar Players\",\"url\":\"https:\\\/\\\/www.mexicanguitarplayers.com\\\/\",\"logo\":{\"@type\":\"ImageObject\",\"inLanguage\":\"en-US\",\"@id\":\"https:\\\/\\\/www.mexicanguitarplayers.com\\\/#\\\/schema\\\/logo\\\/image\\\/\",\"url\":\"\",\"contentUrl\":\"\",\"caption\":\"Mexican Guitar Players\"},\"image\":{\"@id\":\"https:\\\/\\\/www.mexicanguitarplayers.com\\\/#\\\/schema\\\/logo\\\/image\\\/\"}}]}<\/script>\n<!-- \/ Yoast SEO plugin. -->","yoast_head_json":{"title":"COMBO BLACKSTAR P\/GUIT.FLY-3 VINTAGE - Mexican Guitar Players","description":"Combo mini para guitarra, dise\u00f1o vintage, 3 watts de potencia, altavoz de 3\u201d pulgadas, 2 canales, delay integrado, entrada auxiliar, control ISF patentado, salida para aud\u00edfonos y para grabaci\u00f3n con simulaci\u00f3n de altavoz, alimentado por bater\u00eda o por adaptador de corriente (no incluido), dimensiones: 17.5 x 13.6 x 10.7 cm, peso: 1 kg.","robots":{"index":"index","follow":"follow","max-snippet":"max-snippet:-1","max-image-preview":"max-image-preview:large","max-video-preview":"max-video-preview:-1"},"canonical":"https:\/\/www.mexicanguitarplayers.com\/en\/tienda\/sin categor\u00eda\/combo-blackstar-p-guit-fly-3-vintage\/","og_locale":"en_US","og_type":"article","og_title":"COMBO BLACKSTAR P\/GUIT.FLY-3 VINTAGE - Mexican Guitar Players","og_description":"Combo mini para guitarra, dise\u00f1o vintage, 3 watts de potencia, altavoz de 3\u201d pulgadas, 2 canales, delay integrado, entrada auxiliar, control ISF patentado, salida para aud\u00edfonos y para grabaci\u00f3n con simulaci\u00f3n de altavoz, alimentado por bater\u00eda o por adaptador de corriente (no incluido), dimensiones: 17.5 x 13.6 x 10.7 cm, peso: 1 kg.","og_url":"https:\/\/www.mexicanguitarplayers.com\/en\/tienda\/sin categor\u00eda\/combo-blackstar-p-guit-fly-3-vintage\/","og_site_name":"Mexican Guitar Players","article_modified_time":"2026-04-10T10:49:12+00:00","twitter_card":"summary_large_image","twitter_misc":{"Est. reading time":"1 minute"},"schema":{"@context":"https:\/\/schema.org","@graph":[{"@type":["WebPage","ItemPage"],"@id":"https:\/\/www.mexicanguitarplayers.com\/tienda\/sin categor\u00eda\/combo-blackstar-p-guit-fly-3-vintage\/","url":"https:\/\/www.mexicanguitarplayers.com\/tienda\/sin categor\u00eda\/combo-blackstar-p-guit-fly-3-vintage\/","name":"COMBO BLACKSTAR P\/GUIT.FLY-3 VINTAGE - Mexican Guitar Players","isPartOf":{"@id":"https:\/\/www.mexicanguitarplayers.com\/#website"},"primaryImageOfPage":{"@id":"https:\/\/www.mexicanguitarplayers.com\/tienda\/sin categor\u00eda\/combo-blackstar-p-guit-fly-3-vintage\/#primaryimage"},"image":{"@id":"https:\/\/www.mexicanguitarplayers.com\/tienda\/sin categor\u00eda\/combo-blackstar-p-guit-fly-3-vintage\/#primaryimage"},"thumbnailUrl":"https:\/\/www.mexicanguitarplayers.com\/wp-content\/uploads\/2025\/04\/ICBLSFLY3V.jpg","datePublished":"2025-04-06T17:04:25+00:00","dateModified":"2026-04-10T10:49:12+00:00","description":"Combo mini para guitarra, dise\u00f1o vintage, 3 watts de potencia, altavoz de 3\u201d pulgadas, 2 canales, delay integrado, entrada auxiliar, control ISF patentado, salida para aud\u00edfonos y para grabaci\u00f3n con simulaci\u00f3n de altavoz, alimentado por bater\u00eda o por adaptador de corriente (no incluido), dimensiones: 17.5 x 13.6 x 10.7 cm, peso: 1 kg.","breadcrumb":{"@id":"https:\/\/www.mexicanguitarplayers.com\/tienda\/sin categor\u00eda\/combo-blackstar-p-guit-fly-3-vintage\/#breadcrumb"},"inLanguage":"en-US","potentialAction":[{"@type":"ReadAction","target":["https:\/\/www.mexicanguitarplayers.com\/tienda\/sin categor\u00eda\/combo-blackstar-p-guit-fly-3-vintage\/"]}]},{"@type":"ImageObject","inLanguage":"en-US","@id":"https:\/\/www.mexicanguitarplayers.com\/tienda\/sin categor\u00eda\/combo-blackstar-p-guit-fly-3-vintage\/#primaryimage","url":"https:\/\/www.mexicanguitarplayers.com\/wp-content\/uploads\/2025\/04\/ICBLSFLY3V.jpg","contentUrl":"https:\/\/www.mexicanguitarplayers.com\/wp-content\/uploads\/2025\/04\/ICBLSFLY3V.jpg","width":1200,"height":1200},{"@type":"BreadcrumbList","@id":"https:\/\/www.mexicanguitarplayers.com\/tienda\/sin categor\u00eda\/combo-blackstar-p-guit-fly-3-vintage\/#breadcrumb","itemListElement":[{"@type":"ListItem","position":1,"name":"Portada","item":"https:\/\/www.mexicanguitarplayers.com\/"},{"@type":"ListItem","position":2,"name":"Tienda","item":"https:\/\/www.mexicanguitarplayers.com\/tienda\/"},{"@type":"ListItem","position":3,"name":"COMBO BLACKSTAR P\/GUIT.FLY-3 VINTAGE"}]},{"@type":"WebSite","@id":"https:\/\/www.mexicanguitarplayers.com\/#website","url":"https:\/\/www.mexicanguitarplayers.com\/","name":"Mexican Guitar Players","description":"Website","publisher":{"@id":"https:\/\/www.mexicanguitarplayers.com\/#organization"},"potentialAction":[{"@type":"SearchAction","target":{"@type":"EntryPoint","urlTemplate":"https:\/\/www.mexicanguitarplayers.com\/?s={search_term_string}"},"query-input":{"@type":"PropertyValueSpecification","valueRequired":true,"valueName":"search_term_string"}}],"inLanguage":"en-US"},{"@type":"Organization","@id":"https:\/\/www.mexicanguitarplayers.com\/#organization","name":"Mexican Guitar Players","url":"https:\/\/www.mexicanguitarplayers.com\/","logo":{"@type":"ImageObject","inLanguage":"en-US","@id":"https:\/\/www.mexicanguitarplayers.com\/#\/schema\/logo\/image\/","url":"","contentUrl":"","caption":"Mexican Guitar Players"},"image":{"@id":"https:\/\/www.mexicanguitarplayers.com\/#\/schema\/logo\/image\/"}}]}},"brands":[{"id":172,"name":"BLACKSTAR","slug":"blackstar"}],"_links":{"self":[{"href":"https:\/\/www.mexicanguitarplayers.com\/en\/wp-json\/wp\/v2\/product\/23288","targetHints":{"allow":["GET"]}}],"collection":[{"href":"https:\/\/www.mexicanguitarplayers.com\/en\/wp-json\/wp\/v2\/product"}],"about":[{"href":"https:\/\/www.mexicanguitarplayers.com\/en\/wp-json\/wp\/v2\/types\/product"}],"replies":[{"embeddable":true,"href":"https:\/\/www.mexicanguitarplayers.com\/en\/wp-json\/wp\/v2\/comments?post=23288"}],"wp:featuredmedia":[{"embeddable":true,"href":"https:\/\/www.mexicanguitarplayers.com\/en\/wp-json\/wp\/v2\/media\/23287"}],"wp:attachment":[{"href":"https:\/\/www.mexicanguitarplayers.com\/en\/wp-json\/wp\/v2\/media?parent=23288"}],"wp:term":[{"taxonomy":"pwb-brand","embeddable":true,"href":"https:\/\/www.mexicanguitarplayers.com\/en\/wp-json\/wp\/v2\/pwb-brand?post=23288"},{"taxonomy":"product_brand","embeddable":true,"href":"https:\/\/www.mexicanguitarplayers.com\/en\/wp-json\/wp\/v2\/product_brand?post=23288"},{"taxonomy":"product_cat","embeddable":true,"href":"https:\/\/www.mexicanguitarplayers.com\/en\/wp-json\/wp\/v2\/product_cat?post=23288"},{"taxonomy":"product_tag","embeddable":true,"href":"https:\/\/www.mexicanguitarplayers.com\/en\/wp-json\/wp\/v2\/product_tag?post=23288"}],"curies":[{"name":"wp","href":"https:\/\/api.w.org\/{rel}","templated":true}]}}