{"id":23296,"date":"2025-04-06T11:04:47","date_gmt":"2025-04-06T17:04:47","guid":{"rendered":"https:\/\/www.mexicanguitarplayers.com\/tienda\/sin categor\u00eda\/bafle-behringer-subwoofer-vp1800s\/"},"modified":"2026-05-01T07:30:54","modified_gmt":"2026-05-01T13:30:54","slug":"bafle-behringer-subwoofer-vp1800s","status":"publish","type":"product","link":"https:\/\/www.mexicanguitarplayers.com\/en\/tienda\/audio\/bafles-y-bocinas\/bafles\/bafles-pasivos\/bafle-behringer-subwoofer-vp1800s\/","title":{"rendered":"BAFLE BEHRINGER SUBWOOFER VP1800S"},"content":{"rendered":"<div style=\"text-align: justify\">\n<div>\n<h3>Poder y fidelidad a tu audio al mejor precio.<\/h3>\n<\/div>\n<div>El altavoz EUROLIVE VP1800S es exactamente lo que esperas de Behringer: 1600 watts de potencia con grandes caracter\u00edsticas y absolutamente m\u00e1s asequible. Y gracias a su extremadamente poderoso conductor de baja frecuencia de 18&#8243; pulgadas y a su driver de diafragma de titanio de 1.75&#8243; pulgadas, el VP1800S est\u00e1 listo para usarse simplemente sac\u00e1ndolo de su caja. El VP1800S est\u00e1 destinado a convertirse en una leyenda por derecho propio, junto con otros modelos que han hecho de Behringer el l\u00edder mundial en altavoces. Nuestros transductores personalizados LF y HF est\u00e1n dise\u00f1ados espec\u00edficamente para cada aplicaci\u00f3n, es lo que nos distingue de la competencia. Cuando compras un altavoz Behringer, puedes estar seguro de que los transductores en el interior han sido dise\u00f1ados para resultados verdaderamente profesionales. El EUROLIVE VP1800S ofrece cantidades masivas de graves con medios articulados, medios detallados  y agudos cristalinos.<\/div>\n<div>\n<h4>Quick look<\/h4>\n<\/div>\n<ul style=\"margin: 0px 0px 0px 25px\">\n<li style=\"list-style-type: circle;margin: 5px\">Kind.<\/li>\n<li style=\"list-style-type: circle;margin: 5px\">Power.<\/li>\n<li style=\"list-style-type: circle;margin: 5px\">Frequency response.<\/li>\n<li style=\"list-style-type: circle;margin: 5px\">Impedance.<\/li>\n<li style=\"list-style-type: circle;margin: 5px\">Nivel de presi\u00f3n sonora (SPL).<\/li>\n<li style=\"list-style-type: circle;margin: 5px\">Frecuencia de crossover.<\/li>\n<li style=\"list-style-type: circle;margin: 5px\">Anclajes.<\/li>\n<li style=\"list-style-type: circle;margin: 5px\">Componentes.<\/li>\n<li style=\"list-style-type: circle;margin: 5px\">Dimensions.<\/li>\n<li style=\"list-style-type: circle;margin: 5px\">Weight.<\/li>\n<\/ul>\n<div>\n<div style=\"font-weight: bold\">Kind.<\/div>\n<div>\n<p>Subwoofer.<\/p>\n<\/div>\n<div style=\"font-weight: bold\">Power.<\/div>\n<div>\n<p>Continua: 400 watts. Pico: 1600 watts.<\/p>\n<\/div>\n<div style=\"font-weight: bold\">Frequency response.<\/div>\n<div>\n<p>35 Hz &#8211; 250 Hz.<\/p>\n<\/div>\n<div style=\"font-weight: bold\">Impedance.<\/div>\n<div>\n<p>8 ohms.<\/p>\n<\/div>\n<div style=\"font-weight: bold\">Nivel de presi\u00f3n sonora (SPL).<\/div>\n<div>\n<p>100 dB (espacio completo, 1W@1m).<\/p>\n<\/div>\n<div style=\"font-weight: bold\">Frecuencia de crossover.<\/div>\n<div>\n<p>150 Hz (recomendado).<\/p>\n<\/div>\n<div style=\"font-weight: bold\">Anclajes.<\/div>\n<div>\n<p>Asa ergon\u00f3mica y casquillo para barra de 35 mm.<\/p>\n<\/div>\n<div style=\"font-weight: bold\">Componentes.<\/div>\n<div>\n<p>Woofer de 18&#8243; pulgadas.<\/p>\n<\/div>\n<div style=\"font-weight: bold\">Dimensions.<\/div>\n<div>\n<p>530 x 650 x 615 mm.<\/p>\n<\/div>\n<div style=\"font-weight: bold\">Weight.<\/div>\n<div>\n<p>41.4 kg.<\/p>\n<\/div>\n<\/div>\n<\/div>","protected":false},"excerpt":{"rendered":"<p>Subwoofer pasivo profesional de 18\u201d pulgadas de larga excursi\u00f3n, potencia: continua: 400 watts, pico: 1,600 watts, calidad de sonido excepcional con amplio ancho de banda de frecuencia y rango din\u00e1mico, graves incre\u00edblemente profundos y potencia ac\u00fastica, reproducci\u00f3n precisa de frecuencia ultra bajas con punch claro y potente, asas ergon\u00f3micas para facilitar el transporte, socket para poste de montaje de altavoz, rejilla de acero resistente para una \u00f3ptima protecci\u00f3n de los altavoces, 2 conectores profesionales de altavoz, dimensiones: 530 x 650 x 615 mm, peso: 41.4 kg.&hellip; <a class=\"kt-excerpt-readmore more-link\" href=\"https:\/\/www.mexicanguitarplayers.com\/en\/tienda\/audio\/bafles-y-bocinas\/bafles\/bafles-pasivos\/bafle-behringer-subwoofer-vp1800s\/\">Read more<\/a><\/p>","protected":false},"featured_media":23292,"comment_status":"open","ping_status":"closed","template":"","meta":{"kt_blocks_editor_width":""},"pwb-brand":[171],"product_brand":[],"product_cat":[213,222,223,221],"product_tag":[],"class_list":{"0":"post-23296","1":"product","2":"type-product","3":"status-publish","4":"has-post-thumbnail","6":"pwb-brand-behringer","7":"product_cat-audio","8":"product_cat-bafles","9":"product_cat-bafles-pasivos","10":"product_cat-bafles-y-bocinas","12":"first","13":"instock","14":"taxable","15":"shipping-taxable","16":"purchasable","17":"product-type-simple"},"yoast_head":"<!-- This site is optimized with the Yoast SEO plugin v27.5 - https:\/\/yoast.com\/product\/yoast-seo-wordpress\/ -->\n<title>BAFLE BEHRINGER SUBWOOFER VP1800S - Mexican Guitar Players<\/title>\n<meta name=\"description\" content=\"Subwoofer pasivo profesional de 18\u201d pulgadas de larga excursi\u00f3n, potencia: continua: 400 watts, pico: 1,600 watts, calidad de sonido excepcional con amplio ancho de banda de frecuencia y rango din\u00e1mico, graves incre\u00edblemente profundos y potencia ac\u00fastica, reproducci\u00f3n precisa de frecuencia ultra bajas con punch claro y potente, asas ergon\u00f3micas para facilitar el transporte, socket para poste de montaje de altavoz, rejilla de acero resistente para una \u00f3ptima protecci\u00f3n de los altavoces, 2 conectores profesionales de altavoz, dimensiones: 530 x 650 x 615 mm, peso: 41.4 kg.\" \/>\n<meta name=\"robots\" content=\"index, follow, max-snippet:-1, max-image-preview:large, max-video-preview:-1\" \/>\n<link rel=\"canonical\" href=\"https:\/\/www.mexicanguitarplayers.com\/en\/tienda\/sin%20categor\u00eda\/bafle-behringer-subwoofer-vp1800s\/\" \/>\n<meta property=\"og:locale\" content=\"en_US\" \/>\n<meta property=\"og:type\" content=\"article\" \/>\n<meta property=\"og:title\" content=\"BAFLE BEHRINGER SUBWOOFER VP1800S - Mexican Guitar Players\" \/>\n<meta property=\"og:description\" content=\"Subwoofer pasivo profesional de 18\u201d pulgadas de larga excursi\u00f3n, potencia: continua: 400 watts, pico: 1,600 watts, calidad de sonido excepcional con amplio ancho de banda de frecuencia y rango din\u00e1mico, graves incre\u00edblemente profundos y potencia ac\u00fastica, reproducci\u00f3n precisa de frecuencia ultra bajas con punch claro y potente, asas ergon\u00f3micas para facilitar el transporte, socket para poste de montaje de altavoz, rejilla de acero resistente para una \u00f3ptima protecci\u00f3n de los altavoces, 2 conectores profesionales de altavoz, dimensiones: 530 x 650 x 615 mm, peso: 41.4 kg.\" \/>\n<meta property=\"og:url\" content=\"https:\/\/www.mexicanguitarplayers.com\/en\/tienda\/sin categor\u00eda\/bafle-behringer-subwoofer-vp1800s\/\" \/>\n<meta property=\"og:site_name\" content=\"Mexican Guitar Players\" \/>\n<meta property=\"article:modified_time\" content=\"2026-05-01T13:30:54+00:00\" \/>\n<meta name=\"twitter:card\" content=\"summary_large_image\" \/>\n<meta name=\"twitter:label1\" content=\"Est. reading time\" \/>\n\t<meta name=\"twitter:data1\" content=\"1 minute\" \/>\n<script type=\"application\/ld+json\" class=\"yoast-schema-graph\">{\"@context\":\"https:\\\/\\\/schema.org\",\"@graph\":[{\"@type\":[\"WebPage\",\"ItemPage\"],\"@id\":\"https:\\\/\\\/www.mexicanguitarplayers.com\\\/tienda\\\/sin categor\u00eda\\\/bafle-behringer-subwoofer-vp1800s\\\/\",\"url\":\"https:\\\/\\\/www.mexicanguitarplayers.com\\\/tienda\\\/sin categor\u00eda\\\/bafle-behringer-subwoofer-vp1800s\\\/\",\"name\":\"BAFLE BEHRINGER SUBWOOFER VP1800S - Mexican Guitar Players\",\"isPartOf\":{\"@id\":\"https:\\\/\\\/www.mexicanguitarplayers.com\\\/#website\"},\"primaryImageOfPage\":{\"@id\":\"https:\\\/\\\/www.mexicanguitarplayers.com\\\/tienda\\\/sin categor\u00eda\\\/bafle-behringer-subwoofer-vp1800s\\\/#primaryimage\"},\"image\":{\"@id\":\"https:\\\/\\\/www.mexicanguitarplayers.com\\\/tienda\\\/sin categor\u00eda\\\/bafle-behringer-subwoofer-vp1800s\\\/#primaryimage\"},\"thumbnailUrl\":\"https:\\\/\\\/www.mexicanguitarplayers.com\\\/wp-content\\\/uploads\\\/2025\\\/04\\\/IABEHVP1800S.jpg\",\"datePublished\":\"2025-04-06T17:04:47+00:00\",\"dateModified\":\"2026-05-01T13:30:54+00:00\",\"description\":\"Subwoofer pasivo profesional de 18\u201d pulgadas de larga excursi\u00f3n, potencia: continua: 400 watts, pico: 1,600 watts, calidad de sonido excepcional con amplio ancho de banda de frecuencia y rango din\u00e1mico, graves incre\u00edblemente profundos y potencia ac\u00fastica, reproducci\u00f3n precisa de frecuencia ultra bajas con punch claro y potente, asas ergon\u00f3micas para facilitar el transporte, socket para poste de montaje de altavoz, rejilla de acero resistente para una \u00f3ptima protecci\u00f3n de los altavoces, 2 conectores profesionales de altavoz, dimensiones: 530 x 650 x 615 mm, peso: 41.4 kg.\",\"breadcrumb\":{\"@id\":\"https:\\\/\\\/www.mexicanguitarplayers.com\\\/tienda\\\/sin categor\u00eda\\\/bafle-behringer-subwoofer-vp1800s\\\/#breadcrumb\"},\"inLanguage\":\"en-US\",\"potentialAction\":[{\"@type\":\"ReadAction\",\"target\":[\"https:\\\/\\\/www.mexicanguitarplayers.com\\\/tienda\\\/sin categor\u00eda\\\/bafle-behringer-subwoofer-vp1800s\\\/\"]}]},{\"@type\":\"ImageObject\",\"inLanguage\":\"en-US\",\"@id\":\"https:\\\/\\\/www.mexicanguitarplayers.com\\\/tienda\\\/sin categor\u00eda\\\/bafle-behringer-subwoofer-vp1800s\\\/#primaryimage\",\"url\":\"https:\\\/\\\/www.mexicanguitarplayers.com\\\/wp-content\\\/uploads\\\/2025\\\/04\\\/IABEHVP1800S.jpg\",\"contentUrl\":\"https:\\\/\\\/www.mexicanguitarplayers.com\\\/wp-content\\\/uploads\\\/2025\\\/04\\\/IABEHVP1800S.jpg\",\"width\":1200,\"height\":1200},{\"@type\":\"BreadcrumbList\",\"@id\":\"https:\\\/\\\/www.mexicanguitarplayers.com\\\/tienda\\\/sin categor\u00eda\\\/bafle-behringer-subwoofer-vp1800s\\\/#breadcrumb\",\"itemListElement\":[{\"@type\":\"ListItem\",\"position\":1,\"name\":\"Portada\",\"item\":\"https:\\\/\\\/www.mexicanguitarplayers.com\\\/\"},{\"@type\":\"ListItem\",\"position\":2,\"name\":\"Tienda\",\"item\":\"https:\\\/\\\/www.mexicanguitarplayers.com\\\/tienda\\\/\"},{\"@type\":\"ListItem\",\"position\":3,\"name\":\"BAFLE BEHRINGER SUBWOOFER VP1800S\"}]},{\"@type\":\"WebSite\",\"@id\":\"https:\\\/\\\/www.mexicanguitarplayers.com\\\/#website\",\"url\":\"https:\\\/\\\/www.mexicanguitarplayers.com\\\/\",\"name\":\"Mexican Guitar Players\",\"description\":\"Website\",\"publisher\":{\"@id\":\"https:\\\/\\\/www.mexicanguitarplayers.com\\\/#organization\"},\"potentialAction\":[{\"@type\":\"SearchAction\",\"target\":{\"@type\":\"EntryPoint\",\"urlTemplate\":\"https:\\\/\\\/www.mexicanguitarplayers.com\\\/?s={search_term_string}\"},\"query-input\":{\"@type\":\"PropertyValueSpecification\",\"valueRequired\":true,\"valueName\":\"search_term_string\"}}],\"inLanguage\":\"en-US\"},{\"@type\":\"Organization\",\"@id\":\"https:\\\/\\\/www.mexicanguitarplayers.com\\\/#organization\",\"name\":\"Mexican Guitar Players\",\"url\":\"https:\\\/\\\/www.mexicanguitarplayers.com\\\/\",\"logo\":{\"@type\":\"ImageObject\",\"inLanguage\":\"en-US\",\"@id\":\"https:\\\/\\\/www.mexicanguitarplayers.com\\\/#\\\/schema\\\/logo\\\/image\\\/\",\"url\":\"\",\"contentUrl\":\"\",\"caption\":\"Mexican Guitar Players\"},\"image\":{\"@id\":\"https:\\\/\\\/www.mexicanguitarplayers.com\\\/#\\\/schema\\\/logo\\\/image\\\/\"}}]}<\/script>\n<!-- \/ Yoast SEO plugin. -->","yoast_head_json":{"title":"BAFLE BEHRINGER SUBWOOFER VP1800S - Mexican Guitar Players","description":"Subwoofer pasivo profesional de 18\u201d pulgadas de larga excursi\u00f3n, potencia: continua: 400 watts, pico: 1,600 watts, calidad de sonido excepcional con amplio ancho de banda de frecuencia y rango din\u00e1mico, graves incre\u00edblemente profundos y potencia ac\u00fastica, reproducci\u00f3n precisa de frecuencia ultra bajas con punch claro y potente, asas ergon\u00f3micas para facilitar el transporte, socket para poste de montaje de altavoz, rejilla de acero resistente para una \u00f3ptima protecci\u00f3n de los altavoces, 2 conectores profesionales de altavoz, dimensiones: 530 x 650 x 615 mm, peso: 41.4 kg.","robots":{"index":"index","follow":"follow","max-snippet":"max-snippet:-1","max-image-preview":"max-image-preview:large","max-video-preview":"max-video-preview:-1"},"canonical":"https:\/\/www.mexicanguitarplayers.com\/en\/tienda\/sin categor\u00eda\/bafle-behringer-subwoofer-vp1800s\/","og_locale":"en_US","og_type":"article","og_title":"BAFLE BEHRINGER SUBWOOFER VP1800S - Mexican Guitar Players","og_description":"Subwoofer pasivo profesional de 18\u201d pulgadas de larga excursi\u00f3n, potencia: continua: 400 watts, pico: 1,600 watts, calidad de sonido excepcional con amplio ancho de banda de frecuencia y rango din\u00e1mico, graves incre\u00edblemente profundos y potencia ac\u00fastica, reproducci\u00f3n precisa de frecuencia ultra bajas con punch claro y potente, asas ergon\u00f3micas para facilitar el transporte, socket para poste de montaje de altavoz, rejilla de acero resistente para una \u00f3ptima protecci\u00f3n de los altavoces, 2 conectores profesionales de altavoz, dimensiones: 530 x 650 x 615 mm, peso: 41.4 kg.","og_url":"https:\/\/www.mexicanguitarplayers.com\/en\/tienda\/sin categor\u00eda\/bafle-behringer-subwoofer-vp1800s\/","og_site_name":"Mexican Guitar Players","article_modified_time":"2026-05-01T13:30:54+00:00","twitter_card":"summary_large_image","twitter_misc":{"Est. reading time":"1 minute"},"schema":{"@context":"https:\/\/schema.org","@graph":[{"@type":["WebPage","ItemPage"],"@id":"https:\/\/www.mexicanguitarplayers.com\/tienda\/sin categor\u00eda\/bafle-behringer-subwoofer-vp1800s\/","url":"https:\/\/www.mexicanguitarplayers.com\/tienda\/sin categor\u00eda\/bafle-behringer-subwoofer-vp1800s\/","name":"BAFLE BEHRINGER SUBWOOFER VP1800S - Mexican Guitar Players","isPartOf":{"@id":"https:\/\/www.mexicanguitarplayers.com\/#website"},"primaryImageOfPage":{"@id":"https:\/\/www.mexicanguitarplayers.com\/tienda\/sin categor\u00eda\/bafle-behringer-subwoofer-vp1800s\/#primaryimage"},"image":{"@id":"https:\/\/www.mexicanguitarplayers.com\/tienda\/sin categor\u00eda\/bafle-behringer-subwoofer-vp1800s\/#primaryimage"},"thumbnailUrl":"https:\/\/www.mexicanguitarplayers.com\/wp-content\/uploads\/2025\/04\/IABEHVP1800S.jpg","datePublished":"2025-04-06T17:04:47+00:00","dateModified":"2026-05-01T13:30:54+00:00","description":"Subwoofer pasivo profesional de 18\u201d pulgadas de larga excursi\u00f3n, potencia: continua: 400 watts, pico: 1,600 watts, calidad de sonido excepcional con amplio ancho de banda de frecuencia y rango din\u00e1mico, graves incre\u00edblemente profundos y potencia ac\u00fastica, reproducci\u00f3n precisa de frecuencia ultra bajas con punch claro y potente, asas ergon\u00f3micas para facilitar el transporte, socket para poste de montaje de altavoz, rejilla de acero resistente para una \u00f3ptima protecci\u00f3n de los altavoces, 2 conectores profesionales de altavoz, dimensiones: 530 x 650 x 615 mm, peso: 41.4 kg.","breadcrumb":{"@id":"https:\/\/www.mexicanguitarplayers.com\/tienda\/sin categor\u00eda\/bafle-behringer-subwoofer-vp1800s\/#breadcrumb"},"inLanguage":"en-US","potentialAction":[{"@type":"ReadAction","target":["https:\/\/www.mexicanguitarplayers.com\/tienda\/sin categor\u00eda\/bafle-behringer-subwoofer-vp1800s\/"]}]},{"@type":"ImageObject","inLanguage":"en-US","@id":"https:\/\/www.mexicanguitarplayers.com\/tienda\/sin categor\u00eda\/bafle-behringer-subwoofer-vp1800s\/#primaryimage","url":"https:\/\/www.mexicanguitarplayers.com\/wp-content\/uploads\/2025\/04\/IABEHVP1800S.jpg","contentUrl":"https:\/\/www.mexicanguitarplayers.com\/wp-content\/uploads\/2025\/04\/IABEHVP1800S.jpg","width":1200,"height":1200},{"@type":"BreadcrumbList","@id":"https:\/\/www.mexicanguitarplayers.com\/tienda\/sin categor\u00eda\/bafle-behringer-subwoofer-vp1800s\/#breadcrumb","itemListElement":[{"@type":"ListItem","position":1,"name":"Portada","item":"https:\/\/www.mexicanguitarplayers.com\/"},{"@type":"ListItem","position":2,"name":"Tienda","item":"https:\/\/www.mexicanguitarplayers.com\/tienda\/"},{"@type":"ListItem","position":3,"name":"BAFLE BEHRINGER SUBWOOFER VP1800S"}]},{"@type":"WebSite","@id":"https:\/\/www.mexicanguitarplayers.com\/#website","url":"https:\/\/www.mexicanguitarplayers.com\/","name":"Mexican Guitar Players","description":"Website","publisher":{"@id":"https:\/\/www.mexicanguitarplayers.com\/#organization"},"potentialAction":[{"@type":"SearchAction","target":{"@type":"EntryPoint","urlTemplate":"https:\/\/www.mexicanguitarplayers.com\/?s={search_term_string}"},"query-input":{"@type":"PropertyValueSpecification","valueRequired":true,"valueName":"search_term_string"}}],"inLanguage":"en-US"},{"@type":"Organization","@id":"https:\/\/www.mexicanguitarplayers.com\/#organization","name":"Mexican Guitar Players","url":"https:\/\/www.mexicanguitarplayers.com\/","logo":{"@type":"ImageObject","inLanguage":"en-US","@id":"https:\/\/www.mexicanguitarplayers.com\/#\/schema\/logo\/image\/","url":"","contentUrl":"","caption":"Mexican Guitar Players"},"image":{"@id":"https:\/\/www.mexicanguitarplayers.com\/#\/schema\/logo\/image\/"}}]}},"brands":[{"id":171,"name":"BEHRINGER","slug":"behringer"}],"_links":{"self":[{"href":"https:\/\/www.mexicanguitarplayers.com\/en\/wp-json\/wp\/v2\/product\/23296","targetHints":{"allow":["GET"]}}],"collection":[{"href":"https:\/\/www.mexicanguitarplayers.com\/en\/wp-json\/wp\/v2\/product"}],"about":[{"href":"https:\/\/www.mexicanguitarplayers.com\/en\/wp-json\/wp\/v2\/types\/product"}],"replies":[{"embeddable":true,"href":"https:\/\/www.mexicanguitarplayers.com\/en\/wp-json\/wp\/v2\/comments?post=23296"}],"wp:featuredmedia":[{"embeddable":true,"href":"https:\/\/www.mexicanguitarplayers.com\/en\/wp-json\/wp\/v2\/media\/23292"}],"wp:attachment":[{"href":"https:\/\/www.mexicanguitarplayers.com\/en\/wp-json\/wp\/v2\/media?parent=23296"}],"wp:term":[{"taxonomy":"pwb-brand","embeddable":true,"href":"https:\/\/www.mexicanguitarplayers.com\/en\/wp-json\/wp\/v2\/pwb-brand?post=23296"},{"taxonomy":"product_brand","embeddable":true,"href":"https:\/\/www.mexicanguitarplayers.com\/en\/wp-json\/wp\/v2\/product_brand?post=23296"},{"taxonomy":"product_cat","embeddable":true,"href":"https:\/\/www.mexicanguitarplayers.com\/en\/wp-json\/wp\/v2\/product_cat?post=23296"},{"taxonomy":"product_tag","embeddable":true,"href":"https:\/\/www.mexicanguitarplayers.com\/en\/wp-json\/wp\/v2\/product_tag?post=23296"}],"curies":[{"name":"wp","href":"https:\/\/api.w.org\/{rel}","templated":true}]}}