{"id":23370,"date":"2025-04-06T12:35:26","date_gmt":"2025-04-06T18:35:26","guid":{"rendered":"https:\/\/www.mexicanguitarplayers.com\/tienda\/sin categor\u00eda\/sistema-behringer-grabacion-pod-studio-u\/"},"modified":"2025-04-06T12:35:26","modified_gmt":"2025-04-06T18:35:26","slug":"sistema-behringer-grabacion-pod-studio-u","status":"publish","type":"product","link":"https:\/\/www.mexicanguitarplayers.com\/en\/tienda\/audio\/mezcladoras\/mezcladora-para-broadcast\/sistema-behringer-grabacion-pod-studio-u\/","title":{"rendered":"SISTEMA BEHRINGER GRABACION POD.STUDIO U"},"content":{"rendered":"<div style=\"text-align: justify\">\n<div>\n<h3>\u00bfBuscas la manera ideal para expresarte?<\/h3>\n<\/div>\n<div>\u00bfAlguna vez so\u00f1aste con ser un famoso productor? Entonces el podcasting es la respuesta y el paquete PODCASTUDIO BEHRINGER tiene todo lo necesario para hacer podcasts de alta calidad y desde tu hogar y funciona con PC o Mac. El paquete incluye una interfaz de 2 entradas 2 salidas plug and play, compatible con WindowsXP, Vista, 7 y MAC OS X. Una peque\u00f1a mezcladora de 5 canales con preamp de micr\u00f3fono con alimentaci\u00f3n phantom y ecualizador de 2 bandas. Un micr\u00f3fono din\u00e1mico y unos aud\u00edfonos de respuesta plana para monitoreo de se\u00f1al. Incluye una base de micr\u00f3fono para mesa, cable XLR, 2 cables est\u00e9reo RCA y paquete de programas para grabaci\u00f3n, edici\u00f3n y podcast descargable de la p\u00e1gina web.<\/div>\n<div>\n<h4>Quick look<\/h4>\n<\/div>\n<ul style=\"margin: 0px 0px 0px 25px\">\n<li style=\"list-style-type: circle;margin: 5px\">Paquete de grabaci\u00f3n.<\/li>\n<\/ul>\n<div>\n<div style=\"font-weight: bold\">Paquete de grabaci\u00f3n.<\/div>\n<div>\n<p>Este paquete incluye una mezcladora, una interfaz USB, aud\u00edfonos y micr\u00f3fono.<\/p>\n<\/div>\n<\/div>\n<div>\n<h4>Characteristics<\/h4>\n<\/div>\n<div>\n<ul style=\"margin: 0px 0px 0px 25px\">\n<li style=\"list-style-type: circle;margin: 5px\">MIcr\u00f3fono din\u00e1mico.<\/li>\n<li style=\"list-style-type: circle;margin: 5px\">Interfaz con puerto USB, conectores RCA.<\/li>\n<\/ul>\n<\/div>\n<\/div>","protected":false},"excerpt":{"rendered":"<p>Paquete completo Podcast Studio con interface USB\/Audio, todo lo que necesitas para podcasting profesional, producci\u00f3n musical y grabaci\u00f3n digital en casa, incluye interfaz USB de 2 entradas y 2 salidas de alta resoluci\u00f3n, mezcladora profesional de 5 entradas y 2 buses con preamps Premium y ecualizadores brit\u00e1nicos de 2 bandas, micr\u00f3fono din\u00e1mico estilo broadcast con filtro pop de 2 etapas, aud\u00edfonos de estudio de alto rendimiento con respuesta de frecuencia ultra ancha, soporte de mesa para micr\u00f3fono, antiviento, cable para micr\u00f3fono, 2 cables RCA, incluye potente software profesional para podcasting, grabaci\u00f3n y edici\u00f3n de audio y una gu\u00eda ilustrada de inicio r\u00e1pido al podcasting.&hellip; <a class=\"kt-excerpt-readmore more-link\" href=\"https:\/\/www.mexicanguitarplayers.com\/en\/tienda\/audio\/mezcladoras\/mezcladora-para-broadcast\/sistema-behringer-grabacion-pod-studio-u\/\">Read more<\/a><\/p>","protected":false},"featured_media":23369,"comment_status":"open","ping_status":"closed","template":"","meta":{"kt_blocks_editor_width":""},"pwb-brand":[171],"product_brand":[],"product_cat":[213,492,491],"product_tag":[],"class_list":{"0":"post-23370","1":"product","2":"type-product","3":"status-publish","4":"has-post-thumbnail","6":"pwb-brand-behringer","7":"product_cat-audio","8":"product_cat-mezcladora-para-broadcast","9":"product_cat-mezcladoras","10":"product_shipping_class-0-5-kg","12":"first","13":"outofstock","14":"taxable","15":"shipping-taxable","16":"purchasable","17":"product-type-simple"},"yoast_head":"<!-- This site is optimized with the Yoast SEO plugin v27.3 - https:\/\/yoast.com\/product\/yoast-seo-wordpress\/ -->\n<title>SISTEMA BEHRINGER GRABACION POD.STUDIO U - Mexican Guitar Players<\/title>\n<meta name=\"description\" content=\"Paquete completo Podcast Studio con interface USB\/Audio, todo lo que necesitas para podcasting profesional, producci\u00f3n musical y grabaci\u00f3n digital en casa, incluye interfaz USB de 2 entradas y 2 salidas de alta resoluci\u00f3n, mezcladora profesional de 5 entradas y 2 buses con preamps Premium y ecualizadores brit\u00e1nicos de 2 bandas, micr\u00f3fono din\u00e1mico estilo broadcast con filtro pop de 2 etapas, aud\u00edfonos de estudio de alto rendimiento con respuesta de frecuencia ultra ancha, soporte de mesa para micr\u00f3fono, antiviento, cable para micr\u00f3fono, 2 cables RCA, incluye potente software profesional para podcasting, grabaci\u00f3n y edici\u00f3n de audio y una gu\u00eda ilustrada de inicio r\u00e1pido al podcasting.\" \/>\n<meta name=\"robots\" content=\"index, follow, max-snippet:-1, max-image-preview:large, max-video-preview:-1\" \/>\n<link rel=\"canonical\" href=\"https:\/\/www.mexicanguitarplayers.com\/en\/tienda\/sin%20categor\u00eda\/sistema-behringer-grabacion-pod-studio-u\/\" \/>\n<meta property=\"og:locale\" content=\"en_US\" \/>\n<meta property=\"og:type\" content=\"article\" \/>\n<meta property=\"og:title\" content=\"SISTEMA BEHRINGER GRABACION POD.STUDIO U - Mexican Guitar Players\" \/>\n<meta property=\"og:description\" content=\"Paquete completo Podcast Studio con interface USB\/Audio, todo lo que necesitas para podcasting profesional, producci\u00f3n musical y grabaci\u00f3n digital en casa, incluye interfaz USB de 2 entradas y 2 salidas de alta resoluci\u00f3n, mezcladora profesional de 5 entradas y 2 buses con preamps Premium y ecualizadores brit\u00e1nicos de 2 bandas, micr\u00f3fono din\u00e1mico estilo broadcast con filtro pop de 2 etapas, aud\u00edfonos de estudio de alto rendimiento con respuesta de frecuencia ultra ancha, soporte de mesa para micr\u00f3fono, antiviento, cable para micr\u00f3fono, 2 cables RCA, incluye potente software profesional para podcasting, grabaci\u00f3n y edici\u00f3n de audio y una gu\u00eda ilustrada de inicio r\u00e1pido al podcasting.\" \/>\n<meta property=\"og:url\" content=\"https:\/\/www.mexicanguitarplayers.com\/en\/tienda\/sin categor\u00eda\/sistema-behringer-grabacion-pod-studio-u\/\" \/>\n<meta property=\"og:site_name\" content=\"Mexican Guitar Players\" \/>\n<meta name=\"twitter:card\" content=\"summary_large_image\" \/>\n<meta name=\"twitter:label1\" content=\"Est. reading time\" \/>\n\t<meta name=\"twitter:data1\" content=\"1 minute\" \/>\n<script type=\"application\/ld+json\" class=\"yoast-schema-graph\">{\"@context\":\"https:\\\/\\\/schema.org\",\"@graph\":[{\"@type\":[\"WebPage\",\"ItemPage\"],\"@id\":\"https:\\\/\\\/www.mexicanguitarplayers.com\\\/tienda\\\/sin categor\u00eda\\\/sistema-behringer-grabacion-pod-studio-u\\\/\",\"url\":\"https:\\\/\\\/www.mexicanguitarplayers.com\\\/tienda\\\/sin categor\u00eda\\\/sistema-behringer-grabacion-pod-studio-u\\\/\",\"name\":\"SISTEMA BEHRINGER GRABACION POD.STUDIO U - Mexican Guitar Players\",\"isPartOf\":{\"@id\":\"https:\\\/\\\/www.mexicanguitarplayers.com\\\/#website\"},\"primaryImageOfPage\":{\"@id\":\"https:\\\/\\\/www.mexicanguitarplayers.com\\\/tienda\\\/sin categor\u00eda\\\/sistema-behringer-grabacion-pod-studio-u\\\/#primaryimage\"},\"image\":{\"@id\":\"https:\\\/\\\/www.mexicanguitarplayers.com\\\/tienda\\\/sin categor\u00eda\\\/sistema-behringer-grabacion-pod-studio-u\\\/#primaryimage\"},\"thumbnailUrl\":\"https:\\\/\\\/www.mexicanguitarplayers.com\\\/wp-content\\\/uploads\\\/2025\\\/04\\\/IABEHPODCSUSB.jpg\",\"datePublished\":\"2025-04-06T18:35:26+00:00\",\"description\":\"Paquete completo Podcast Studio con interface USB\\\/Audio, todo lo que necesitas para podcasting profesional, producci\u00f3n musical y grabaci\u00f3n digital en casa, incluye interfaz USB de 2 entradas y 2 salidas de alta resoluci\u00f3n, mezcladora profesional de 5 entradas y 2 buses con preamps Premium y ecualizadores brit\u00e1nicos de 2 bandas, micr\u00f3fono din\u00e1mico estilo broadcast con filtro pop de 2 etapas, aud\u00edfonos de estudio de alto rendimiento con respuesta de frecuencia ultra ancha, soporte de mesa para micr\u00f3fono, antiviento, cable para micr\u00f3fono, 2 cables RCA, incluye potente software profesional para podcasting, grabaci\u00f3n y edici\u00f3n de audio y una gu\u00eda ilustrada de inicio r\u00e1pido al podcasting.\",\"breadcrumb\":{\"@id\":\"https:\\\/\\\/www.mexicanguitarplayers.com\\\/tienda\\\/sin categor\u00eda\\\/sistema-behringer-grabacion-pod-studio-u\\\/#breadcrumb\"},\"inLanguage\":\"en-US\",\"potentialAction\":[{\"@type\":\"ReadAction\",\"target\":[\"https:\\\/\\\/www.mexicanguitarplayers.com\\\/tienda\\\/sin categor\u00eda\\\/sistema-behringer-grabacion-pod-studio-u\\\/\"]}]},{\"@type\":\"ImageObject\",\"inLanguage\":\"en-US\",\"@id\":\"https:\\\/\\\/www.mexicanguitarplayers.com\\\/tienda\\\/sin categor\u00eda\\\/sistema-behringer-grabacion-pod-studio-u\\\/#primaryimage\",\"url\":\"https:\\\/\\\/www.mexicanguitarplayers.com\\\/wp-content\\\/uploads\\\/2025\\\/04\\\/IABEHPODCSUSB.jpg\",\"contentUrl\":\"https:\\\/\\\/www.mexicanguitarplayers.com\\\/wp-content\\\/uploads\\\/2025\\\/04\\\/IABEHPODCSUSB.jpg\",\"width\":1200,\"height\":1200},{\"@type\":\"BreadcrumbList\",\"@id\":\"https:\\\/\\\/www.mexicanguitarplayers.com\\\/tienda\\\/sin categor\u00eda\\\/sistema-behringer-grabacion-pod-studio-u\\\/#breadcrumb\",\"itemListElement\":[{\"@type\":\"ListItem\",\"position\":1,\"name\":\"Portada\",\"item\":\"https:\\\/\\\/www.mexicanguitarplayers.com\\\/\"},{\"@type\":\"ListItem\",\"position\":2,\"name\":\"Tienda\",\"item\":\"https:\\\/\\\/www.mexicanguitarplayers.com\\\/tienda\\\/\"},{\"@type\":\"ListItem\",\"position\":3,\"name\":\"SISTEMA BEHRINGER GRABACION POD.STUDIO U\"}]},{\"@type\":\"WebSite\",\"@id\":\"https:\\\/\\\/www.mexicanguitarplayers.com\\\/#website\",\"url\":\"https:\\\/\\\/www.mexicanguitarplayers.com\\\/\",\"name\":\"Mexican Guitar Players\",\"description\":\"Website\",\"publisher\":{\"@id\":\"https:\\\/\\\/www.mexicanguitarplayers.com\\\/#organization\"},\"potentialAction\":[{\"@type\":\"SearchAction\",\"target\":{\"@type\":\"EntryPoint\",\"urlTemplate\":\"https:\\\/\\\/www.mexicanguitarplayers.com\\\/?s={search_term_string}\"},\"query-input\":{\"@type\":\"PropertyValueSpecification\",\"valueRequired\":true,\"valueName\":\"search_term_string\"}}],\"inLanguage\":\"en-US\"},{\"@type\":\"Organization\",\"@id\":\"https:\\\/\\\/www.mexicanguitarplayers.com\\\/#organization\",\"name\":\"Mexican Guitar Players\",\"url\":\"https:\\\/\\\/www.mexicanguitarplayers.com\\\/\",\"logo\":{\"@type\":\"ImageObject\",\"inLanguage\":\"en-US\",\"@id\":\"https:\\\/\\\/www.mexicanguitarplayers.com\\\/#\\\/schema\\\/logo\\\/image\\\/\",\"url\":\"\",\"contentUrl\":\"\",\"caption\":\"Mexican Guitar Players\"},\"image\":{\"@id\":\"https:\\\/\\\/www.mexicanguitarplayers.com\\\/#\\\/schema\\\/logo\\\/image\\\/\"}}]}<\/script>\n<!-- \/ Yoast SEO plugin. -->","yoast_head_json":{"title":"SISTEMA BEHRINGER GRABACION POD.STUDIO U - Mexican Guitar Players","description":"Paquete completo Podcast Studio con interface USB\/Audio, todo lo que necesitas para podcasting profesional, producci\u00f3n musical y grabaci\u00f3n digital en casa, incluye interfaz USB de 2 entradas y 2 salidas de alta resoluci\u00f3n, mezcladora profesional de 5 entradas y 2 buses con preamps Premium y ecualizadores brit\u00e1nicos de 2 bandas, micr\u00f3fono din\u00e1mico estilo broadcast con filtro pop de 2 etapas, aud\u00edfonos de estudio de alto rendimiento con respuesta de frecuencia ultra ancha, soporte de mesa para micr\u00f3fono, antiviento, cable para micr\u00f3fono, 2 cables RCA, incluye potente software profesional para podcasting, grabaci\u00f3n y edici\u00f3n de audio y una gu\u00eda ilustrada de inicio r\u00e1pido al podcasting.","robots":{"index":"index","follow":"follow","max-snippet":"max-snippet:-1","max-image-preview":"max-image-preview:large","max-video-preview":"max-video-preview:-1"},"canonical":"https:\/\/www.mexicanguitarplayers.com\/en\/tienda\/sin categor\u00eda\/sistema-behringer-grabacion-pod-studio-u\/","og_locale":"en_US","og_type":"article","og_title":"SISTEMA BEHRINGER GRABACION POD.STUDIO U - Mexican Guitar Players","og_description":"Paquete completo Podcast Studio con interface USB\/Audio, todo lo que necesitas para podcasting profesional, producci\u00f3n musical y grabaci\u00f3n digital en casa, incluye interfaz USB de 2 entradas y 2 salidas de alta resoluci\u00f3n, mezcladora profesional de 5 entradas y 2 buses con preamps Premium y ecualizadores brit\u00e1nicos de 2 bandas, micr\u00f3fono din\u00e1mico estilo broadcast con filtro pop de 2 etapas, aud\u00edfonos de estudio de alto rendimiento con respuesta de frecuencia ultra ancha, soporte de mesa para micr\u00f3fono, antiviento, cable para micr\u00f3fono, 2 cables RCA, incluye potente software profesional para podcasting, grabaci\u00f3n y edici\u00f3n de audio y una gu\u00eda ilustrada de inicio r\u00e1pido al podcasting.","og_url":"https:\/\/www.mexicanguitarplayers.com\/en\/tienda\/sin categor\u00eda\/sistema-behringer-grabacion-pod-studio-u\/","og_site_name":"Mexican Guitar Players","twitter_card":"summary_large_image","twitter_misc":{"Est. reading time":"1 minute"},"schema":{"@context":"https:\/\/schema.org","@graph":[{"@type":["WebPage","ItemPage"],"@id":"https:\/\/www.mexicanguitarplayers.com\/tienda\/sin categor\u00eda\/sistema-behringer-grabacion-pod-studio-u\/","url":"https:\/\/www.mexicanguitarplayers.com\/tienda\/sin categor\u00eda\/sistema-behringer-grabacion-pod-studio-u\/","name":"SISTEMA BEHRINGER GRABACION POD.STUDIO U - Mexican Guitar Players","isPartOf":{"@id":"https:\/\/www.mexicanguitarplayers.com\/#website"},"primaryImageOfPage":{"@id":"https:\/\/www.mexicanguitarplayers.com\/tienda\/sin categor\u00eda\/sistema-behringer-grabacion-pod-studio-u\/#primaryimage"},"image":{"@id":"https:\/\/www.mexicanguitarplayers.com\/tienda\/sin categor\u00eda\/sistema-behringer-grabacion-pod-studio-u\/#primaryimage"},"thumbnailUrl":"https:\/\/www.mexicanguitarplayers.com\/wp-content\/uploads\/2025\/04\/IABEHPODCSUSB.jpg","datePublished":"2025-04-06T18:35:26+00:00","description":"Paquete completo Podcast Studio con interface USB\/Audio, todo lo que necesitas para podcasting profesional, producci\u00f3n musical y grabaci\u00f3n digital en casa, incluye interfaz USB de 2 entradas y 2 salidas de alta resoluci\u00f3n, mezcladora profesional de 5 entradas y 2 buses con preamps Premium y ecualizadores brit\u00e1nicos de 2 bandas, micr\u00f3fono din\u00e1mico estilo broadcast con filtro pop de 2 etapas, aud\u00edfonos de estudio de alto rendimiento con respuesta de frecuencia ultra ancha, soporte de mesa para micr\u00f3fono, antiviento, cable para micr\u00f3fono, 2 cables RCA, incluye potente software profesional para podcasting, grabaci\u00f3n y edici\u00f3n de audio y una gu\u00eda ilustrada de inicio r\u00e1pido al podcasting.","breadcrumb":{"@id":"https:\/\/www.mexicanguitarplayers.com\/tienda\/sin categor\u00eda\/sistema-behringer-grabacion-pod-studio-u\/#breadcrumb"},"inLanguage":"en-US","potentialAction":[{"@type":"ReadAction","target":["https:\/\/www.mexicanguitarplayers.com\/tienda\/sin categor\u00eda\/sistema-behringer-grabacion-pod-studio-u\/"]}]},{"@type":"ImageObject","inLanguage":"en-US","@id":"https:\/\/www.mexicanguitarplayers.com\/tienda\/sin categor\u00eda\/sistema-behringer-grabacion-pod-studio-u\/#primaryimage","url":"https:\/\/www.mexicanguitarplayers.com\/wp-content\/uploads\/2025\/04\/IABEHPODCSUSB.jpg","contentUrl":"https:\/\/www.mexicanguitarplayers.com\/wp-content\/uploads\/2025\/04\/IABEHPODCSUSB.jpg","width":1200,"height":1200},{"@type":"BreadcrumbList","@id":"https:\/\/www.mexicanguitarplayers.com\/tienda\/sin categor\u00eda\/sistema-behringer-grabacion-pod-studio-u\/#breadcrumb","itemListElement":[{"@type":"ListItem","position":1,"name":"Portada","item":"https:\/\/www.mexicanguitarplayers.com\/"},{"@type":"ListItem","position":2,"name":"Tienda","item":"https:\/\/www.mexicanguitarplayers.com\/tienda\/"},{"@type":"ListItem","position":3,"name":"SISTEMA BEHRINGER GRABACION POD.STUDIO U"}]},{"@type":"WebSite","@id":"https:\/\/www.mexicanguitarplayers.com\/#website","url":"https:\/\/www.mexicanguitarplayers.com\/","name":"Mexican Guitar Players","description":"Website","publisher":{"@id":"https:\/\/www.mexicanguitarplayers.com\/#organization"},"potentialAction":[{"@type":"SearchAction","target":{"@type":"EntryPoint","urlTemplate":"https:\/\/www.mexicanguitarplayers.com\/?s={search_term_string}"},"query-input":{"@type":"PropertyValueSpecification","valueRequired":true,"valueName":"search_term_string"}}],"inLanguage":"en-US"},{"@type":"Organization","@id":"https:\/\/www.mexicanguitarplayers.com\/#organization","name":"Mexican Guitar Players","url":"https:\/\/www.mexicanguitarplayers.com\/","logo":{"@type":"ImageObject","inLanguage":"en-US","@id":"https:\/\/www.mexicanguitarplayers.com\/#\/schema\/logo\/image\/","url":"","contentUrl":"","caption":"Mexican Guitar Players"},"image":{"@id":"https:\/\/www.mexicanguitarplayers.com\/#\/schema\/logo\/image\/"}}]}},"brands":[{"id":171,"name":"BEHRINGER","slug":"behringer"}],"_links":{"self":[{"href":"https:\/\/www.mexicanguitarplayers.com\/en\/wp-json\/wp\/v2\/product\/23370","targetHints":{"allow":["GET"]}}],"collection":[{"href":"https:\/\/www.mexicanguitarplayers.com\/en\/wp-json\/wp\/v2\/product"}],"about":[{"href":"https:\/\/www.mexicanguitarplayers.com\/en\/wp-json\/wp\/v2\/types\/product"}],"replies":[{"embeddable":true,"href":"https:\/\/www.mexicanguitarplayers.com\/en\/wp-json\/wp\/v2\/comments?post=23370"}],"wp:featuredmedia":[{"embeddable":true,"href":"https:\/\/www.mexicanguitarplayers.com\/en\/wp-json\/wp\/v2\/media\/23369"}],"wp:attachment":[{"href":"https:\/\/www.mexicanguitarplayers.com\/en\/wp-json\/wp\/v2\/media?parent=23370"}],"wp:term":[{"taxonomy":"pwb-brand","embeddable":true,"href":"https:\/\/www.mexicanguitarplayers.com\/en\/wp-json\/wp\/v2\/pwb-brand?post=23370"},{"taxonomy":"product_brand","embeddable":true,"href":"https:\/\/www.mexicanguitarplayers.com\/en\/wp-json\/wp\/v2\/product_brand?post=23370"},{"taxonomy":"product_cat","embeddable":true,"href":"https:\/\/www.mexicanguitarplayers.com\/en\/wp-json\/wp\/v2\/product_cat?post=23370"},{"taxonomy":"product_tag","embeddable":true,"href":"https:\/\/www.mexicanguitarplayers.com\/en\/wp-json\/wp\/v2\/product_tag?post=23370"}],"curies":[{"name":"wp","href":"https:\/\/api.w.org\/{rel}","templated":true}]}}