{"id":23409,"date":"2025-04-06T12:39:20","date_gmt":"2025-04-06T18:39:20","guid":{"rendered":"https:\/\/www.mexicanguitarplayers.com\/tienda\/sin categor\u00eda\/controlador-behringer-mod-studio-m\/"},"modified":"2025-05-18T04:15:10","modified_gmt":"2025-05-18T10:15:10","slug":"controlador-behringer-mod-studio-m","status":"publish","type":"product","link":"https:\/\/www.mexicanguitarplayers.com\/en\/tienda\/audio\/distribucion-de-audio\/controlador-behringer-mod-studio-m\/","title":{"rendered":"CONTROLADOR BEHRINGER MOD. STUDIO M"},"content":{"rendered":"<div style=\"text-align: justify\">\n<div>\n<h3>CONTROLADOR BEHRINGER MOD. STUDIO M<\/h3>\n<\/div>\n<div>El STUDIO M es un controlador de estudio pasivo premium que lleva el control de tu configuraci\u00f3n al siguiente nivel. Cambia instant\u00e1neamente entre dos fuentes de audio y monitores, y ajusta su nivel. La perilla de volumen grande facilita la selecci\u00f3n del nivel perfecto cada vez, sin tener que alcanzar tu mezclador, \u00a1o tu mouse! Con dos pares de conectores de entrada y salida, as\u00ed como una entrada est\u00e9reo de 3.5 mm (1\/8&#8243;), el STUDIO M es muy f\u00e1cil de conectar a tu sistema actual, y adem\u00e1s, muy asequible.<\/div>\n<div>\n<h4>Characteristics<\/h4>\n<\/div>\n<div>\n<ul style=\"margin: 0px 0px 0px 25px\">\n<li style=\"list-style-type: circle;margin: 5px\">Tickets<\/li>\n<li style=\"list-style-type: circle;margin: 5px\">Departures<\/li>\n<li style=\"list-style-type: circle;margin: 5px\">Control <\/li>\n<li style=\"list-style-type: circle;margin: 5px\">Sistema<\/li>\n<li style=\"list-style-type: circle;margin: 5px\">Atenuaci\u00f3n<\/li>\n<li style=\"list-style-type: circle;margin: 5px\">Niveles m\u00e1ximos<\/li>\n<\/ul>\n<\/div>\n<\/div>","protected":false},"excerpt":{"rendered":"<p>El STUDIO M es un controlador de volumen maestro, selector de fuentes y conmutador de monitores todo en uno. Su circuito libre de activaci\u00f3n garantiza una se\u00f1al pura, mientras que su perilla de volumen grande permite ajustes extremadamente precisos. Adem\u00e1s, cuenta con funciones pr\u00e1cticas como Mono, Mute y Dim al alcance de tus dedos. Con dos pares de conectores de entrada de alta calidad y una entrada est\u00e9reo de 3.5 mm (1\/8\u201d) para conectar tu tel\u00e9fono inteligente y reproductor de m\u00fasica para pistas de referencia, as\u00ed como dos pares de conectores de salida de alta calidad para conectar tus monitores de estudio.&hellip; <a class=\"kt-excerpt-readmore more-link\" href=\"https:\/\/www.mexicanguitarplayers.com\/en\/tienda\/audio\/distribucion-de-audio\/controlador-behringer-mod-studio-m\/\">Read more<\/a><\/p>","protected":false},"featured_media":23404,"comment_status":"open","ping_status":"closed","template":"","meta":{"kt_blocks_editor_width":""},"pwb-brand":[171],"product_brand":[],"product_cat":[213,246],"product_tag":[],"class_list":{"0":"post-23409","1":"product","2":"type-product","3":"status-publish","4":"has-post-thumbnail","6":"pwb-brand-behringer","7":"product_cat-audio","8":"product_cat-distribucion-de-audio","9":"product_shipping_class-0-5-kg","11":"first","12":"outofstock","13":"taxable","14":"shipping-taxable","15":"purchasable","16":"product-type-simple"},"yoast_head":"<!-- This site is optimized with the Yoast SEO plugin v27.3 - https:\/\/yoast.com\/product\/yoast-seo-wordpress\/ -->\n<title>CONTROLADOR BEHRINGER MOD. STUDIO M - Mexican Guitar Players<\/title>\n<meta name=\"description\" content=\"El STUDIO M es un controlador de volumen maestro, selector de fuentes y conmutador de monitores todo en uno. Su circuito libre de activaci\u00f3n garantiza una se\u00f1al pura, mientras que su perilla de volumen grande permite ajustes extremadamente precisos. Adem\u00e1s, cuenta con funciones pr\u00e1cticas como Mono, Mute y Dim al alcance de tus dedos. Con dos pares de conectores de entrada de alta calidad y una entrada est\u00e9reo de 3.5 mm (1\/8\u201d) para conectar tu tel\u00e9fono inteligente y reproductor de m\u00fasica para pistas de referencia, as\u00ed como dos pares de conectores de salida de alta calidad para conectar tus monitores de estudio.\" \/>\n<meta name=\"robots\" content=\"index, follow, max-snippet:-1, max-image-preview:large, max-video-preview:-1\" \/>\n<link rel=\"canonical\" href=\"https:\/\/www.mexicanguitarplayers.com\/en\/tienda\/sin%20categor\u00eda\/controlador-behringer-mod-studio-m\/\" \/>\n<meta property=\"og:locale\" content=\"en_US\" \/>\n<meta property=\"og:type\" content=\"article\" \/>\n<meta property=\"og:title\" content=\"CONTROLADOR BEHRINGER MOD. STUDIO M - Mexican Guitar Players\" \/>\n<meta property=\"og:description\" content=\"El STUDIO M es un controlador de volumen maestro, selector de fuentes y conmutador de monitores todo en uno. Su circuito libre de activaci\u00f3n garantiza una se\u00f1al pura, mientras que su perilla de volumen grande permite ajustes extremadamente precisos. Adem\u00e1s, cuenta con funciones pr\u00e1cticas como Mono, Mute y Dim al alcance de tus dedos. Con dos pares de conectores de entrada de alta calidad y una entrada est\u00e9reo de 3.5 mm (1\/8\u201d) para conectar tu tel\u00e9fono inteligente y reproductor de m\u00fasica para pistas de referencia, as\u00ed como dos pares de conectores de salida de alta calidad para conectar tus monitores de estudio.\" \/>\n<meta property=\"og:url\" content=\"https:\/\/www.mexicanguitarplayers.com\/en\/tienda\/sin categor\u00eda\/controlador-behringer-mod-studio-m\/\" \/>\n<meta property=\"og:site_name\" content=\"Mexican Guitar Players\" \/>\n<meta property=\"article:modified_time\" content=\"2025-05-18T10:15:10+00:00\" \/>\n<meta name=\"twitter:card\" content=\"summary_large_image\" \/>\n<meta name=\"twitter:label1\" content=\"Est. reading time\" \/>\n\t<meta name=\"twitter:data1\" content=\"1 minute\" \/>\n<script type=\"application\/ld+json\" class=\"yoast-schema-graph\">{\"@context\":\"https:\\\/\\\/schema.org\",\"@graph\":[{\"@type\":[\"WebPage\",\"ItemPage\"],\"@id\":\"https:\\\/\\\/www.mexicanguitarplayers.com\\\/tienda\\\/sin categor\u00eda\\\/controlador-behringer-mod-studio-m\\\/\",\"url\":\"https:\\\/\\\/www.mexicanguitarplayers.com\\\/tienda\\\/sin categor\u00eda\\\/controlador-behringer-mod-studio-m\\\/\",\"name\":\"CONTROLADOR BEHRINGER MOD. STUDIO M - Mexican Guitar Players\",\"isPartOf\":{\"@id\":\"https:\\\/\\\/www.mexicanguitarplayers.com\\\/#website\"},\"primaryImageOfPage\":{\"@id\":\"https:\\\/\\\/www.mexicanguitarplayers.com\\\/tienda\\\/sin categor\u00eda\\\/controlador-behringer-mod-studio-m\\\/#primaryimage\"},\"image\":{\"@id\":\"https:\\\/\\\/www.mexicanguitarplayers.com\\\/tienda\\\/sin categor\u00eda\\\/controlador-behringer-mod-studio-m\\\/#primaryimage\"},\"thumbnailUrl\":\"https:\\\/\\\/www.mexicanguitarplayers.com\\\/wp-content\\\/uploads\\\/2025\\\/04\\\/IABEHSTUDIOM.jpg\",\"datePublished\":\"2025-04-06T18:39:20+00:00\",\"dateModified\":\"2025-05-18T10:15:10+00:00\",\"description\":\"El STUDIO M es un controlador de volumen maestro, selector de fuentes y conmutador de monitores todo en uno. Su circuito libre de activaci\u00f3n garantiza una se\u00f1al pura, mientras que su perilla de volumen grande permite ajustes extremadamente precisos. Adem\u00e1s, cuenta con funciones pr\u00e1cticas como Mono, Mute y Dim al alcance de tus dedos. Con dos pares de conectores de entrada de alta calidad y una entrada est\u00e9reo de 3.5 mm (1\\\/8\u201d) para conectar tu tel\u00e9fono inteligente y reproductor de m\u00fasica para pistas de referencia, as\u00ed como dos pares de conectores de salida de alta calidad para conectar tus monitores de estudio.\",\"breadcrumb\":{\"@id\":\"https:\\\/\\\/www.mexicanguitarplayers.com\\\/tienda\\\/sin categor\u00eda\\\/controlador-behringer-mod-studio-m\\\/#breadcrumb\"},\"inLanguage\":\"en-US\",\"potentialAction\":[{\"@type\":\"ReadAction\",\"target\":[\"https:\\\/\\\/www.mexicanguitarplayers.com\\\/tienda\\\/sin categor\u00eda\\\/controlador-behringer-mod-studio-m\\\/\"]}]},{\"@type\":\"ImageObject\",\"inLanguage\":\"en-US\",\"@id\":\"https:\\\/\\\/www.mexicanguitarplayers.com\\\/tienda\\\/sin categor\u00eda\\\/controlador-behringer-mod-studio-m\\\/#primaryimage\",\"url\":\"https:\\\/\\\/www.mexicanguitarplayers.com\\\/wp-content\\\/uploads\\\/2025\\\/04\\\/IABEHSTUDIOM.jpg\",\"contentUrl\":\"https:\\\/\\\/www.mexicanguitarplayers.com\\\/wp-content\\\/uploads\\\/2025\\\/04\\\/IABEHSTUDIOM.jpg\",\"width\":1200,\"height\":1200},{\"@type\":\"BreadcrumbList\",\"@id\":\"https:\\\/\\\/www.mexicanguitarplayers.com\\\/tienda\\\/sin categor\u00eda\\\/controlador-behringer-mod-studio-m\\\/#breadcrumb\",\"itemListElement\":[{\"@type\":\"ListItem\",\"position\":1,\"name\":\"Portada\",\"item\":\"https:\\\/\\\/www.mexicanguitarplayers.com\\\/\"},{\"@type\":\"ListItem\",\"position\":2,\"name\":\"Tienda\",\"item\":\"https:\\\/\\\/www.mexicanguitarplayers.com\\\/tienda\\\/\"},{\"@type\":\"ListItem\",\"position\":3,\"name\":\"CONTROLADOR BEHRINGER MOD. STUDIO M\"}]},{\"@type\":\"WebSite\",\"@id\":\"https:\\\/\\\/www.mexicanguitarplayers.com\\\/#website\",\"url\":\"https:\\\/\\\/www.mexicanguitarplayers.com\\\/\",\"name\":\"Mexican Guitar Players\",\"description\":\"Website\",\"publisher\":{\"@id\":\"https:\\\/\\\/www.mexicanguitarplayers.com\\\/#organization\"},\"potentialAction\":[{\"@type\":\"SearchAction\",\"target\":{\"@type\":\"EntryPoint\",\"urlTemplate\":\"https:\\\/\\\/www.mexicanguitarplayers.com\\\/?s={search_term_string}\"},\"query-input\":{\"@type\":\"PropertyValueSpecification\",\"valueRequired\":true,\"valueName\":\"search_term_string\"}}],\"inLanguage\":\"en-US\"},{\"@type\":\"Organization\",\"@id\":\"https:\\\/\\\/www.mexicanguitarplayers.com\\\/#organization\",\"name\":\"Mexican Guitar Players\",\"url\":\"https:\\\/\\\/www.mexicanguitarplayers.com\\\/\",\"logo\":{\"@type\":\"ImageObject\",\"inLanguage\":\"en-US\",\"@id\":\"https:\\\/\\\/www.mexicanguitarplayers.com\\\/#\\\/schema\\\/logo\\\/image\\\/\",\"url\":\"\",\"contentUrl\":\"\",\"caption\":\"Mexican Guitar Players\"},\"image\":{\"@id\":\"https:\\\/\\\/www.mexicanguitarplayers.com\\\/#\\\/schema\\\/logo\\\/image\\\/\"}}]}<\/script>\n<!-- \/ Yoast SEO plugin. -->","yoast_head_json":{"title":"CONTROLADOR BEHRINGER MOD. STUDIO M - Mexican Guitar Players","description":"El STUDIO M es un controlador de volumen maestro, selector de fuentes y conmutador de monitores todo en uno. Su circuito libre de activaci\u00f3n garantiza una se\u00f1al pura, mientras que su perilla de volumen grande permite ajustes extremadamente precisos. Adem\u00e1s, cuenta con funciones pr\u00e1cticas como Mono, Mute y Dim al alcance de tus dedos. Con dos pares de conectores de entrada de alta calidad y una entrada est\u00e9reo de 3.5 mm (1\/8\u201d) para conectar tu tel\u00e9fono inteligente y reproductor de m\u00fasica para pistas de referencia, as\u00ed como dos pares de conectores de salida de alta calidad para conectar tus monitores de estudio.","robots":{"index":"index","follow":"follow","max-snippet":"max-snippet:-1","max-image-preview":"max-image-preview:large","max-video-preview":"max-video-preview:-1"},"canonical":"https:\/\/www.mexicanguitarplayers.com\/en\/tienda\/sin categor\u00eda\/controlador-behringer-mod-studio-m\/","og_locale":"en_US","og_type":"article","og_title":"CONTROLADOR BEHRINGER MOD. STUDIO M - Mexican Guitar Players","og_description":"El STUDIO M es un controlador de volumen maestro, selector de fuentes y conmutador de monitores todo en uno. Su circuito libre de activaci\u00f3n garantiza una se\u00f1al pura, mientras que su perilla de volumen grande permite ajustes extremadamente precisos. Adem\u00e1s, cuenta con funciones pr\u00e1cticas como Mono, Mute y Dim al alcance de tus dedos. Con dos pares de conectores de entrada de alta calidad y una entrada est\u00e9reo de 3.5 mm (1\/8\u201d) para conectar tu tel\u00e9fono inteligente y reproductor de m\u00fasica para pistas de referencia, as\u00ed como dos pares de conectores de salida de alta calidad para conectar tus monitores de estudio.","og_url":"https:\/\/www.mexicanguitarplayers.com\/en\/tienda\/sin categor\u00eda\/controlador-behringer-mod-studio-m\/","og_site_name":"Mexican Guitar Players","article_modified_time":"2025-05-18T10:15:10+00:00","twitter_card":"summary_large_image","twitter_misc":{"Est. reading time":"1 minute"},"schema":{"@context":"https:\/\/schema.org","@graph":[{"@type":["WebPage","ItemPage"],"@id":"https:\/\/www.mexicanguitarplayers.com\/tienda\/sin categor\u00eda\/controlador-behringer-mod-studio-m\/","url":"https:\/\/www.mexicanguitarplayers.com\/tienda\/sin categor\u00eda\/controlador-behringer-mod-studio-m\/","name":"CONTROLADOR BEHRINGER MOD. STUDIO M - Mexican Guitar Players","isPartOf":{"@id":"https:\/\/www.mexicanguitarplayers.com\/#website"},"primaryImageOfPage":{"@id":"https:\/\/www.mexicanguitarplayers.com\/tienda\/sin categor\u00eda\/controlador-behringer-mod-studio-m\/#primaryimage"},"image":{"@id":"https:\/\/www.mexicanguitarplayers.com\/tienda\/sin categor\u00eda\/controlador-behringer-mod-studio-m\/#primaryimage"},"thumbnailUrl":"https:\/\/www.mexicanguitarplayers.com\/wp-content\/uploads\/2025\/04\/IABEHSTUDIOM.jpg","datePublished":"2025-04-06T18:39:20+00:00","dateModified":"2025-05-18T10:15:10+00:00","description":"El STUDIO M es un controlador de volumen maestro, selector de fuentes y conmutador de monitores todo en uno. Su circuito libre de activaci\u00f3n garantiza una se\u00f1al pura, mientras que su perilla de volumen grande permite ajustes extremadamente precisos. Adem\u00e1s, cuenta con funciones pr\u00e1cticas como Mono, Mute y Dim al alcance de tus dedos. Con dos pares de conectores de entrada de alta calidad y una entrada est\u00e9reo de 3.5 mm (1\/8\u201d) para conectar tu tel\u00e9fono inteligente y reproductor de m\u00fasica para pistas de referencia, as\u00ed como dos pares de conectores de salida de alta calidad para conectar tus monitores de estudio.","breadcrumb":{"@id":"https:\/\/www.mexicanguitarplayers.com\/tienda\/sin categor\u00eda\/controlador-behringer-mod-studio-m\/#breadcrumb"},"inLanguage":"en-US","potentialAction":[{"@type":"ReadAction","target":["https:\/\/www.mexicanguitarplayers.com\/tienda\/sin categor\u00eda\/controlador-behringer-mod-studio-m\/"]}]},{"@type":"ImageObject","inLanguage":"en-US","@id":"https:\/\/www.mexicanguitarplayers.com\/tienda\/sin categor\u00eda\/controlador-behringer-mod-studio-m\/#primaryimage","url":"https:\/\/www.mexicanguitarplayers.com\/wp-content\/uploads\/2025\/04\/IABEHSTUDIOM.jpg","contentUrl":"https:\/\/www.mexicanguitarplayers.com\/wp-content\/uploads\/2025\/04\/IABEHSTUDIOM.jpg","width":1200,"height":1200},{"@type":"BreadcrumbList","@id":"https:\/\/www.mexicanguitarplayers.com\/tienda\/sin categor\u00eda\/controlador-behringer-mod-studio-m\/#breadcrumb","itemListElement":[{"@type":"ListItem","position":1,"name":"Portada","item":"https:\/\/www.mexicanguitarplayers.com\/"},{"@type":"ListItem","position":2,"name":"Tienda","item":"https:\/\/www.mexicanguitarplayers.com\/tienda\/"},{"@type":"ListItem","position":3,"name":"CONTROLADOR BEHRINGER MOD. STUDIO M"}]},{"@type":"WebSite","@id":"https:\/\/www.mexicanguitarplayers.com\/#website","url":"https:\/\/www.mexicanguitarplayers.com\/","name":"Mexican Guitar Players","description":"Website","publisher":{"@id":"https:\/\/www.mexicanguitarplayers.com\/#organization"},"potentialAction":[{"@type":"SearchAction","target":{"@type":"EntryPoint","urlTemplate":"https:\/\/www.mexicanguitarplayers.com\/?s={search_term_string}"},"query-input":{"@type":"PropertyValueSpecification","valueRequired":true,"valueName":"search_term_string"}}],"inLanguage":"en-US"},{"@type":"Organization","@id":"https:\/\/www.mexicanguitarplayers.com\/#organization","name":"Mexican Guitar Players","url":"https:\/\/www.mexicanguitarplayers.com\/","logo":{"@type":"ImageObject","inLanguage":"en-US","@id":"https:\/\/www.mexicanguitarplayers.com\/#\/schema\/logo\/image\/","url":"","contentUrl":"","caption":"Mexican Guitar Players"},"image":{"@id":"https:\/\/www.mexicanguitarplayers.com\/#\/schema\/logo\/image\/"}}]}},"brands":[{"id":171,"name":"BEHRINGER","slug":"behringer"}],"_links":{"self":[{"href":"https:\/\/www.mexicanguitarplayers.com\/en\/wp-json\/wp\/v2\/product\/23409","targetHints":{"allow":["GET"]}}],"collection":[{"href":"https:\/\/www.mexicanguitarplayers.com\/en\/wp-json\/wp\/v2\/product"}],"about":[{"href":"https:\/\/www.mexicanguitarplayers.com\/en\/wp-json\/wp\/v2\/types\/product"}],"replies":[{"embeddable":true,"href":"https:\/\/www.mexicanguitarplayers.com\/en\/wp-json\/wp\/v2\/comments?post=23409"}],"wp:featuredmedia":[{"embeddable":true,"href":"https:\/\/www.mexicanguitarplayers.com\/en\/wp-json\/wp\/v2\/media\/23404"}],"wp:attachment":[{"href":"https:\/\/www.mexicanguitarplayers.com\/en\/wp-json\/wp\/v2\/media?parent=23409"}],"wp:term":[{"taxonomy":"pwb-brand","embeddable":true,"href":"https:\/\/www.mexicanguitarplayers.com\/en\/wp-json\/wp\/v2\/pwb-brand?post=23409"},{"taxonomy":"product_brand","embeddable":true,"href":"https:\/\/www.mexicanguitarplayers.com\/en\/wp-json\/wp\/v2\/product_brand?post=23409"},{"taxonomy":"product_cat","embeddable":true,"href":"https:\/\/www.mexicanguitarplayers.com\/en\/wp-json\/wp\/v2\/product_cat?post=23409"},{"taxonomy":"product_tag","embeddable":true,"href":"https:\/\/www.mexicanguitarplayers.com\/en\/wp-json\/wp\/v2\/product_tag?post=23409"}],"curies":[{"name":"wp","href":"https:\/\/api.w.org\/{rel}","templated":true}]}}