{"id":23444,"date":"2025-04-06T12:41:07","date_gmt":"2025-04-06T18:41:07","guid":{"rendered":"https:\/\/www.mexicanguitarplayers.com\/tienda\/sin categor\u00eda\/microfono-behringer-mod-b-2-pro\/"},"modified":"2026-05-01T07:30:48","modified_gmt":"2026-05-01T13:30:48","slug":"microfono-behringer-mod-b-2-pro","status":"publish","type":"product","link":"https:\/\/www.mexicanguitarplayers.com\/en\/tienda\/audio\/microfonia\/microfonos-alambricos\/para-estudio\/microfono-behringer-mod-b-2-pro\/","title":{"rendered":"MICROFONO BEHRINGER MOD. B-2 PRO"},"content":{"rendered":"<div style=\"text-align: justify\">\n<div>\n<h3>Herramientas de producci\u00f3n para tu creatividad.<\/h3>\n<\/div>\n<div>El micr\u00f3fono B-2 PRO es el sue\u00f1o de todo entusiasta de la grabaci\u00f3n en casa. Estos micr\u00f3fonos de condensador de calidad profesional est\u00e1n dise\u00f1ados para capturar tus sonidos con incre\u00edble realismo, sensibilidad y precisi\u00f3n. Con patrones de captaci\u00f3n seleccionables (cardioide, omni y figura 8), filtros de frecuencia y pads de entrada, el B-2 PRO es una excelente opci\u00f3n para cualquier escenario de grabaci\u00f3n y lo suficientemente robusto como para ir de gira. Con un resistente montaje de suspensi\u00f3n y anti viento incluidos en un elegante estuche de aluminio, el B-2 PRO puede ser el \u00fanico micr\u00f3fono que necesitar\u00e1 tu estudio. \u00bfQu\u00e9 es un micr\u00f3fono de condensador? Los micr\u00f3fonos de condensador son la opci\u00f3n ideal para capturar voces e instrumentos ac\u00fasticos. Son el tipo principal de micr\u00f3fono utilizado en estudios de grabaci\u00f3n y emisoras de radio. Los micr\u00f3fonos B-2 PRO son capaces de capturar mucho m\u00e1s detalle que la mayor\u00eda de los micr\u00f3fonos din\u00e1micos debido a su mayor y m\u00e1s plana respuesta de frecuencia. Otra diferencia entre el condensador y los micr\u00f3fonos din\u00e1micos es que contienen circuitos activos que requieren alimentaci\u00f3n phantom (+48 V) para poder funcionamiento. Puedes alimentar tu B-2 PRO con cualquier mezcladora Behringer Xenyx equipada con alimentaci\u00f3n phantom, adem\u00e1s de disfrutar de los beneficios de nuestros preamplificadores Xenyx de \u00faltima generaci\u00f3n para micr\u00f3fono. \u00bfPor qu\u00e9 el B-2 PRO? El micr\u00f3fono de condensador B-2 PRO es una forma asequible y de alta calidad para obtener lo que realmente est\u00e1s escuchando. Gracias a sus transductores de gradiente de presi\u00f3n y sus c\u00e1psulas shock-mounted gold-sputtered de 1&#8243; pulgada, el B-2 PRO ofrece un sonido abierto y transparente con excelente respuesta transitoria y con una respuesta de frecuencia ultra plana de 20 Hz a 20 kHz y un ligero aumento en el rango de presencia. El B-2 PRO tiene tres patrones de captaci\u00f3n seleccionables: Omni: Captura el sonido desde todas las direcciones. Cardioide: Recoge la se\u00f1al de origen y rechaza el sonido fuera del eje. Figura 8: Recoge solamente lo que est\u00e1 justo enfrente y justo detr\u00e1s del diafragma. Gracias a sus excepcionales transductores y a sus salidas XLR chapadas en oro, el B-2 PRO ofrece una transmisi\u00f3n de ruido con la m\u00e1xima transparencia. El B-2 PRO tiene tambi\u00e9n un atenuador conmutable de -10 dB para capturar fuentes de se\u00f1al de alto volumen sin distorsionar, as\u00ed como un filtro de corte bajo para domar frecuencias ultra bajas. Pero eso no es todo. El micr\u00f3fono B-2 PRO est\u00e1 dise\u00f1ado para ser tu micr\u00f3fono de condensador durante muchos a\u00f1os. El duro cuerpo de metal fundido puede soportar todos los rigores de los maratones de grabaci\u00f3n de \u00faltima hora y su estuche de transporte incluido, asegura que siempre viaje con seguridad y estilo. El micr\u00f3fono de condensador B-2 PRO con grado de estudio, es una excelente opci\u00f3n tanto para aplicaciones en vivo como en estudio y est\u00e1 disponible a un precio que te dejar\u00e1 suficiente dinero como para asegurar otros elementos esenciales de grabaci\u00f3n.<\/div>\n<div>\n<h4>Quick look<\/h4>\n<\/div>\n<ul style=\"margin: 0px 0px 0px 25px\">\n<li style=\"list-style-type: circle;margin: 5px\">Calidad y precio<\/li>\n<li style=\"list-style-type: circle;margin: 5px\">Tipo de sistema.<\/li>\n<li style=\"list-style-type: circle;margin: 5px\">Principio convertidor.<\/li>\n<li style=\"list-style-type: circle;margin: 5px\">Modo de funcionamiento ac\u00fastico.<\/li>\n<li style=\"list-style-type: circle;margin: 5px\">Caracter\u00edsticas direccionales.<\/li>\n<li style=\"list-style-type: circle;margin: 5px\">Conexi\u00f3n.<\/li>\n<li style=\"list-style-type: circle;margin: 5px\">Factor de transferencia en campo ac\u00fastico libre (en 1 kHz).<\/li>\n<li style=\"list-style-type: circle;margin: 5px\">Frequency response.<\/li>\n<li style=\"list-style-type: circle;margin: 5px\">Reducci\u00f3n de nivel.<\/li>\n<li style=\"list-style-type: circle;margin: 5px\">Filtro Low Cut.<\/li>\n<li style=\"list-style-type: circle;margin: 5px\">Nivel de intensidad ac\u00fastica l\u00edmite.<\/li>\n<li style=\"list-style-type: circle;margin: 5px\">Nivel de intensidad ac\u00fastica equivalente (seg\u00fan IEC 651).<\/li>\n<li style=\"list-style-type: circle;margin: 5px\">Distancia tensi\u00f3n perturbadora.<\/li>\n<li style=\"list-style-type: circle;margin: 5px\">Tensi\u00f3n de red.<\/li>\n<li style=\"list-style-type: circle;margin: 5px\">Dimensions.<\/li>\n<li style=\"list-style-type: circle;margin: 5px\">Weight.<\/li>\n<li style=\"list-style-type: circle;margin: 5px\">Incluye.<\/li>\n<\/ul>\n<div>\n<div style=\"font-weight: bold\">Calidad y precio<\/div>\n<div>\n<p>Te sorprender\u00e1 la calidad del B-1 por un excelente precio <\/p>\n<\/div>\n<div style=\"font-weight: bold\">Tipo de sistema.<\/div>\n<div>\n<p>Micr\u00f3fono profesional de condensador con diafragma doble de 1&#8243; para una calidad de audio sobresaliente ideal para su uso como micr\u00f3fono principal o secundario en estudio y directo. Transductor por gradiente de presi\u00f3n con c\u00e1psula de doble diafragma dorado montada a prueba de vibraciones. Respuesta en frecuencia excepcionalmente plana e incre\u00edble musicalidad. Patr\u00f3n cardioide, omnidireccional o en 8. Filtro de bajas frecuencias conmutable. Atenuaci\u00f3n de entrada de -10 dB conmutable. Circuito de entrada FET sin transformador de ruido ultra bajo. Conector de salida XLR ba\u00f1ado en oro. Construcci\u00f3n robusta en bronce niquelado satinado.<\/p>\n<\/div>\n<div style=\"font-weight: bold\">Principio convertidor.<\/div>\n<div>\n<p>Condensador, 1&#8243; membrana doble.<\/p>\n<\/div>\n<div style=\"font-weight: bold\">Modo de funcionamiento ac\u00fastico.<\/div>\n<div>\n<p>Micr\u00f3fono de gradiente de presi\u00f3n.<\/p>\n<\/div>\n<div style=\"font-weight: bold\">Caracter\u00edsticas direccionales.<\/div>\n<div>\n<p>Cardioid.<\/p>\n<\/div>\n<div style=\"font-weight: bold\">Conexi\u00f3n.<\/div>\n<div>\n<p>XLR sim\u00e9trica recubierta en oro.<\/p>\n<\/div>\n<div style=\"font-weight: bold\">Factor de transferencia en campo ac\u00fastico libre (en 1 kHz).<\/div>\n<div>\n<p>Cardioide: -36 dBV (0 dBV=1V\/Pa), 16 mV\/Pa. Omnidireccional: -37 dBV (0 dBV=1V\/Pa), 14 mV\/Pa. En ocho: -35 dBV (0 dBV=1V\/Pa), 18 mV\/Pa.<\/p>\n<\/div>\n<div style=\"font-weight: bold\">Frequency response.<\/div>\n<div>\n<p>20 Hz - 20 kHz.<\/p>\n<\/div>\n<div style=\"font-weight: bold\">Reducci\u00f3n de nivel.<\/div>\n<div>\n<p>-10dB cambiable.<\/p>\n<\/div>\n<div style=\"font-weight: bold\">Filtro Low Cut.<\/div>\n<div>\n<p>6 dB\/Octava en 150 Hz (cambiable).<\/p>\n<\/div>\n<div style=\"font-weight: bold\">Nivel de intensidad ac\u00fastica l\u00edmite.<\/div>\n<div>\n<p>Cardioide: 138 dB (0 dB), 148 dB (-10dB). Omnidireccional: 138 dB (0 dB), 149 dB (-10dB). En ocho: 137 dB (0 dB), 147 dB (-10dB).<\/p>\n<\/div>\n<div style=\"font-weight: bold\">Nivel de intensidad ac\u00fastica equivalente (seg\u00fan IEC 651).<\/div>\n<div>\n<p>Cardioide: 17 dB-A. Omnidireccional: 18 dB-A. En ocho: 16 dB-A.<\/p>\n<\/div>\n<div style=\"font-weight: bold\">Distancia tensi\u00f3n perturbadora.<\/div>\n<div>\n<p>Cardioide: A-ponderada 77 dB. Omnidireccional: A-ponderada 76 dB. En ocho: A-ponderada 78 dB.<\/p>\n<\/div>\n<div style=\"font-weight: bold\">Tensi\u00f3n de red.<\/div>\n<div>\n<p>Alimentaci\u00f3n: +48 V. Toma de corriente: 3 mA.<\/p>\n<\/div>\n<div style=\"font-weight: bold\">Dimensions.<\/div>\n<div>\n<p>Cesta: 56 mm. Caja: 50 mm.<\/p>\n<\/div>\n<div style=\"font-weight: bold\">Weight.<\/div>\n<div>\n<p>0.55 kg.<\/p>\n<\/div>\n<div style=\"font-weight: bold\">Incluye.<\/div>\n<div>\n<p>Estuche de aluminio con suspensi\u00f3n y filtro anti vientos incluidos.<\/p>\n<\/div>\n<\/div>\n<\/div>","protected":false},"excerpt":{"rendered":"<p>Micr\u00f3fono de condensador para estudio con diafragma Gold-Sputtered doble, ideal como micr\u00f3fono principal y de soporte para aplicaciones de estudio y en vivo, perfecto para instrumentos ac\u00fasticos y overheads, patr\u00f3n de captaci\u00f3n seleccionable entre cardioide, omnidireccional y figura 8, transductor gradiente de presi\u00f3n con c\u00e1psula shock-mounted gold-sputtered doble, reducci\u00f3n conmutable de baja frecuencia y atenuaci\u00f3n de entrada, entrada FET de bajo ruido sin transformador que elimina la distorsi\u00f3n de baja frecuencia, conector de salida XLR de 3 pines chapado en oro para una mayor integridad de la se\u00f1al, construcci\u00f3n robusta con cuerpo de lat\u00f3n niquelado satinado, incluye soporte de suspensi\u00f3n, anti viento y estuche de aluminio.&hellip; <a class=\"kt-excerpt-readmore more-link\" href=\"https:\/\/www.mexicanguitarplayers.com\/en\/tienda\/audio\/microfonia\/microfonos-alambricos\/para-estudio\/microfono-behringer-mod-b-2-pro\/\">Read more<\/a><\/p>","protected":false},"featured_media":23442,"comment_status":"open","ping_status":"closed","template":"","meta":{"kt_blocks_editor_width":""},"pwb-brand":[171],"product_brand":[],"product_cat":[213,214,215,227],"product_tag":[],"class_list":{"0":"post-23444","1":"product","2":"type-product","3":"status-publish","4":"has-post-thumbnail","6":"pwb-brand-behringer","7":"product_cat-audio","8":"product_cat-microfonia","9":"product_cat-microfonos-alambricos","10":"product_cat-para-estudio","11":"product_shipping_class-0-5-kg","13":"first","14":"instock","15":"taxable","16":"shipping-taxable","17":"purchasable","18":"product-type-simple"},"yoast_head":"<!-- This site is optimized with the Yoast SEO plugin v27.5 - https:\/\/yoast.com\/product\/yoast-seo-wordpress\/ -->\n<title>MICROFONO BEHRINGER MOD. B-2 PRO - Mexican Guitar Players<\/title>\n<meta name=\"description\" content=\"Micr\u00f3fono de condensador para estudio con diafragma Gold-Sputtered doble, ideal como micr\u00f3fono principal y de soporte para aplicaciones de estudio y en vivo, perfecto para instrumentos ac\u00fasticos y overheads, patr\u00f3n de captaci\u00f3n seleccionable entre cardioide, omnidireccional y figura 8, transductor gradiente de presi\u00f3n con c\u00e1psula shock-mounted gold-sputtered doble, reducci\u00f3n conmutable de baja frecuencia y atenuaci\u00f3n de entrada, entrada FET de bajo ruido sin transformador que elimina la distorsi\u00f3n de baja frecuencia, conector de salida XLR de 3 pines chapado en oro para una mayor integridad de la se\u00f1al, construcci\u00f3n robusta con cuerpo de lat\u00f3n niquelado satinado, incluye soporte de suspensi\u00f3n, anti viento y estuche de aluminio.\" \/>\n<meta name=\"robots\" content=\"index, follow, max-snippet:-1, max-image-preview:large, max-video-preview:-1\" \/>\n<link rel=\"canonical\" href=\"https:\/\/www.mexicanguitarplayers.com\/en\/tienda\/sin%20categor\u00eda\/microfono-behringer-mod-b-2-pro\/\" \/>\n<meta property=\"og:locale\" content=\"en_US\" \/>\n<meta property=\"og:type\" content=\"article\" \/>\n<meta property=\"og:title\" content=\"MICROFONO BEHRINGER MOD. B-2 PRO - Mexican Guitar Players\" \/>\n<meta property=\"og:description\" content=\"Micr\u00f3fono de condensador para estudio con diafragma Gold-Sputtered doble, ideal como micr\u00f3fono principal y de soporte para aplicaciones de estudio y en vivo, perfecto para instrumentos ac\u00fasticos y overheads, patr\u00f3n de captaci\u00f3n seleccionable entre cardioide, omnidireccional y figura 8, transductor gradiente de presi\u00f3n con c\u00e1psula shock-mounted gold-sputtered doble, reducci\u00f3n conmutable de baja frecuencia y atenuaci\u00f3n de entrada, entrada FET de bajo ruido sin transformador que elimina la distorsi\u00f3n de baja frecuencia, conector de salida XLR de 3 pines chapado en oro para una mayor integridad de la se\u00f1al, construcci\u00f3n robusta con cuerpo de lat\u00f3n niquelado satinado, incluye soporte de suspensi\u00f3n, anti viento y estuche de aluminio.\" \/>\n<meta property=\"og:url\" content=\"https:\/\/www.mexicanguitarplayers.com\/en\/tienda\/sin categor\u00eda\/microfono-behringer-mod-b-2-pro\/\" \/>\n<meta property=\"og:site_name\" content=\"Mexican Guitar Players\" \/>\n<meta property=\"article:modified_time\" content=\"2026-05-01T13:30:48+00:00\" \/>\n<meta name=\"twitter:card\" content=\"summary_large_image\" \/>\n<meta name=\"twitter:label1\" content=\"Est. reading time\" \/>\n\t<meta name=\"twitter:data1\" content=\"4 minutes\" \/>\n<script type=\"application\/ld+json\" class=\"yoast-schema-graph\">{\"@context\":\"https:\\\/\\\/schema.org\",\"@graph\":[{\"@type\":[\"WebPage\",\"ItemPage\"],\"@id\":\"https:\\\/\\\/www.mexicanguitarplayers.com\\\/tienda\\\/sin categor\u00eda\\\/microfono-behringer-mod-b-2-pro\\\/\",\"url\":\"https:\\\/\\\/www.mexicanguitarplayers.com\\\/tienda\\\/sin categor\u00eda\\\/microfono-behringer-mod-b-2-pro\\\/\",\"name\":\"MICROFONO BEHRINGER MOD. B-2 PRO - Mexican Guitar Players\",\"isPartOf\":{\"@id\":\"https:\\\/\\\/www.mexicanguitarplayers.com\\\/#website\"},\"primaryImageOfPage\":{\"@id\":\"https:\\\/\\\/www.mexicanguitarplayers.com\\\/tienda\\\/sin categor\u00eda\\\/microfono-behringer-mod-b-2-pro\\\/#primaryimage\"},\"image\":{\"@id\":\"https:\\\/\\\/www.mexicanguitarplayers.com\\\/tienda\\\/sin categor\u00eda\\\/microfono-behringer-mod-b-2-pro\\\/#primaryimage\"},\"thumbnailUrl\":\"https:\\\/\\\/www.mexicanguitarplayers.com\\\/wp-content\\\/uploads\\\/2025\\\/04\\\/IABEHB2PRO.jpg\",\"datePublished\":\"2025-04-06T18:41:07+00:00\",\"dateModified\":\"2026-05-01T13:30:48+00:00\",\"description\":\"Micr\u00f3fono de condensador para estudio con diafragma Gold-Sputtered doble, ideal como micr\u00f3fono principal y de soporte para aplicaciones de estudio y en vivo, perfecto para instrumentos ac\u00fasticos y overheads, patr\u00f3n de captaci\u00f3n seleccionable entre cardioide, omnidireccional y figura 8, transductor gradiente de presi\u00f3n con c\u00e1psula shock-mounted gold-sputtered doble, reducci\u00f3n conmutable de baja frecuencia y atenuaci\u00f3n de entrada, entrada FET de bajo ruido sin transformador que elimina la distorsi\u00f3n de baja frecuencia, conector de salida XLR de 3 pines chapado en oro para una mayor integridad de la se\u00f1al, construcci\u00f3n robusta con cuerpo de lat\u00f3n niquelado satinado, incluye soporte de suspensi\u00f3n, anti viento y estuche de aluminio.\",\"breadcrumb\":{\"@id\":\"https:\\\/\\\/www.mexicanguitarplayers.com\\\/tienda\\\/sin categor\u00eda\\\/microfono-behringer-mod-b-2-pro\\\/#breadcrumb\"},\"inLanguage\":\"en-US\",\"potentialAction\":[{\"@type\":\"ReadAction\",\"target\":[\"https:\\\/\\\/www.mexicanguitarplayers.com\\\/tienda\\\/sin categor\u00eda\\\/microfono-behringer-mod-b-2-pro\\\/\"]}]},{\"@type\":\"ImageObject\",\"inLanguage\":\"en-US\",\"@id\":\"https:\\\/\\\/www.mexicanguitarplayers.com\\\/tienda\\\/sin categor\u00eda\\\/microfono-behringer-mod-b-2-pro\\\/#primaryimage\",\"url\":\"https:\\\/\\\/www.mexicanguitarplayers.com\\\/wp-content\\\/uploads\\\/2025\\\/04\\\/IABEHB2PRO.jpg\",\"contentUrl\":\"https:\\\/\\\/www.mexicanguitarplayers.com\\\/wp-content\\\/uploads\\\/2025\\\/04\\\/IABEHB2PRO.jpg\",\"width\":1200,\"height\":1200},{\"@type\":\"BreadcrumbList\",\"@id\":\"https:\\\/\\\/www.mexicanguitarplayers.com\\\/tienda\\\/sin categor\u00eda\\\/microfono-behringer-mod-b-2-pro\\\/#breadcrumb\",\"itemListElement\":[{\"@type\":\"ListItem\",\"position\":1,\"name\":\"Portada\",\"item\":\"https:\\\/\\\/www.mexicanguitarplayers.com\\\/\"},{\"@type\":\"ListItem\",\"position\":2,\"name\":\"Tienda\",\"item\":\"https:\\\/\\\/www.mexicanguitarplayers.com\\\/tienda\\\/\"},{\"@type\":\"ListItem\",\"position\":3,\"name\":\"MICROFONO BEHRINGER MOD. B-2 PRO\"}]},{\"@type\":\"WebSite\",\"@id\":\"https:\\\/\\\/www.mexicanguitarplayers.com\\\/#website\",\"url\":\"https:\\\/\\\/www.mexicanguitarplayers.com\\\/\",\"name\":\"Mexican Guitar Players\",\"description\":\"Website\",\"publisher\":{\"@id\":\"https:\\\/\\\/www.mexicanguitarplayers.com\\\/#organization\"},\"potentialAction\":[{\"@type\":\"SearchAction\",\"target\":{\"@type\":\"EntryPoint\",\"urlTemplate\":\"https:\\\/\\\/www.mexicanguitarplayers.com\\\/?s={search_term_string}\"},\"query-input\":{\"@type\":\"PropertyValueSpecification\",\"valueRequired\":true,\"valueName\":\"search_term_string\"}}],\"inLanguage\":\"en-US\"},{\"@type\":\"Organization\",\"@id\":\"https:\\\/\\\/www.mexicanguitarplayers.com\\\/#organization\",\"name\":\"Mexican Guitar Players\",\"url\":\"https:\\\/\\\/www.mexicanguitarplayers.com\\\/\",\"logo\":{\"@type\":\"ImageObject\",\"inLanguage\":\"en-US\",\"@id\":\"https:\\\/\\\/www.mexicanguitarplayers.com\\\/#\\\/schema\\\/logo\\\/image\\\/\",\"url\":\"\",\"contentUrl\":\"\",\"caption\":\"Mexican Guitar Players\"},\"image\":{\"@id\":\"https:\\\/\\\/www.mexicanguitarplayers.com\\\/#\\\/schema\\\/logo\\\/image\\\/\"}}]}<\/script>\n<!-- \/ Yoast SEO plugin. -->","yoast_head_json":{"title":"MICROFONO BEHRINGER MOD. B-2 PRO - Mexican Guitar Players","description":"Micr\u00f3fono de condensador para estudio con diafragma Gold-Sputtered doble, ideal como micr\u00f3fono principal y de soporte para aplicaciones de estudio y en vivo, perfecto para instrumentos ac\u00fasticos y overheads, patr\u00f3n de captaci\u00f3n seleccionable entre cardioide, omnidireccional y figura 8, transductor gradiente de presi\u00f3n con c\u00e1psula shock-mounted gold-sputtered doble, reducci\u00f3n conmutable de baja frecuencia y atenuaci\u00f3n de entrada, entrada FET de bajo ruido sin transformador que elimina la distorsi\u00f3n de baja frecuencia, conector de salida XLR de 3 pines chapado en oro para una mayor integridad de la se\u00f1al, construcci\u00f3n robusta con cuerpo de lat\u00f3n niquelado satinado, incluye soporte de suspensi\u00f3n, anti viento y estuche de aluminio.","robots":{"index":"index","follow":"follow","max-snippet":"max-snippet:-1","max-image-preview":"max-image-preview:large","max-video-preview":"max-video-preview:-1"},"canonical":"https:\/\/www.mexicanguitarplayers.com\/en\/tienda\/sin categor\u00eda\/microfono-behringer-mod-b-2-pro\/","og_locale":"en_US","og_type":"article","og_title":"MICROFONO BEHRINGER MOD. B-2 PRO - Mexican Guitar Players","og_description":"Micr\u00f3fono de condensador para estudio con diafragma Gold-Sputtered doble, ideal como micr\u00f3fono principal y de soporte para aplicaciones de estudio y en vivo, perfecto para instrumentos ac\u00fasticos y overheads, patr\u00f3n de captaci\u00f3n seleccionable entre cardioide, omnidireccional y figura 8, transductor gradiente de presi\u00f3n con c\u00e1psula shock-mounted gold-sputtered doble, reducci\u00f3n conmutable de baja frecuencia y atenuaci\u00f3n de entrada, entrada FET de bajo ruido sin transformador que elimina la distorsi\u00f3n de baja frecuencia, conector de salida XLR de 3 pines chapado en oro para una mayor integridad de la se\u00f1al, construcci\u00f3n robusta con cuerpo de lat\u00f3n niquelado satinado, incluye soporte de suspensi\u00f3n, anti viento y estuche de aluminio.","og_url":"https:\/\/www.mexicanguitarplayers.com\/en\/tienda\/sin categor\u00eda\/microfono-behringer-mod-b-2-pro\/","og_site_name":"Mexican Guitar Players","article_modified_time":"2026-05-01T13:30:48+00:00","twitter_card":"summary_large_image","twitter_misc":{"Est. reading time":"4 minutes"},"schema":{"@context":"https:\/\/schema.org","@graph":[{"@type":["WebPage","ItemPage"],"@id":"https:\/\/www.mexicanguitarplayers.com\/tienda\/sin categor\u00eda\/microfono-behringer-mod-b-2-pro\/","url":"https:\/\/www.mexicanguitarplayers.com\/tienda\/sin categor\u00eda\/microfono-behringer-mod-b-2-pro\/","name":"MICROFONO BEHRINGER MOD. B-2 PRO - Mexican Guitar Players","isPartOf":{"@id":"https:\/\/www.mexicanguitarplayers.com\/#website"},"primaryImageOfPage":{"@id":"https:\/\/www.mexicanguitarplayers.com\/tienda\/sin categor\u00eda\/microfono-behringer-mod-b-2-pro\/#primaryimage"},"image":{"@id":"https:\/\/www.mexicanguitarplayers.com\/tienda\/sin categor\u00eda\/microfono-behringer-mod-b-2-pro\/#primaryimage"},"thumbnailUrl":"https:\/\/www.mexicanguitarplayers.com\/wp-content\/uploads\/2025\/04\/IABEHB2PRO.jpg","datePublished":"2025-04-06T18:41:07+00:00","dateModified":"2026-05-01T13:30:48+00:00","description":"Micr\u00f3fono de condensador para estudio con diafragma Gold-Sputtered doble, ideal como micr\u00f3fono principal y de soporte para aplicaciones de estudio y en vivo, perfecto para instrumentos ac\u00fasticos y overheads, patr\u00f3n de captaci\u00f3n seleccionable entre cardioide, omnidireccional y figura 8, transductor gradiente de presi\u00f3n con c\u00e1psula shock-mounted gold-sputtered doble, reducci\u00f3n conmutable de baja frecuencia y atenuaci\u00f3n de entrada, entrada FET de bajo ruido sin transformador que elimina la distorsi\u00f3n de baja frecuencia, conector de salida XLR de 3 pines chapado en oro para una mayor integridad de la se\u00f1al, construcci\u00f3n robusta con cuerpo de lat\u00f3n niquelado satinado, incluye soporte de suspensi\u00f3n, anti viento y estuche de aluminio.","breadcrumb":{"@id":"https:\/\/www.mexicanguitarplayers.com\/tienda\/sin categor\u00eda\/microfono-behringer-mod-b-2-pro\/#breadcrumb"},"inLanguage":"en-US","potentialAction":[{"@type":"ReadAction","target":["https:\/\/www.mexicanguitarplayers.com\/tienda\/sin categor\u00eda\/microfono-behringer-mod-b-2-pro\/"]}]},{"@type":"ImageObject","inLanguage":"en-US","@id":"https:\/\/www.mexicanguitarplayers.com\/tienda\/sin categor\u00eda\/microfono-behringer-mod-b-2-pro\/#primaryimage","url":"https:\/\/www.mexicanguitarplayers.com\/wp-content\/uploads\/2025\/04\/IABEHB2PRO.jpg","contentUrl":"https:\/\/www.mexicanguitarplayers.com\/wp-content\/uploads\/2025\/04\/IABEHB2PRO.jpg","width":1200,"height":1200},{"@type":"BreadcrumbList","@id":"https:\/\/www.mexicanguitarplayers.com\/tienda\/sin categor\u00eda\/microfono-behringer-mod-b-2-pro\/#breadcrumb","itemListElement":[{"@type":"ListItem","position":1,"name":"Portada","item":"https:\/\/www.mexicanguitarplayers.com\/"},{"@type":"ListItem","position":2,"name":"Tienda","item":"https:\/\/www.mexicanguitarplayers.com\/tienda\/"},{"@type":"ListItem","position":3,"name":"MICROFONO BEHRINGER MOD. B-2 PRO"}]},{"@type":"WebSite","@id":"https:\/\/www.mexicanguitarplayers.com\/#website","url":"https:\/\/www.mexicanguitarplayers.com\/","name":"Mexican Guitar Players","description":"Website","publisher":{"@id":"https:\/\/www.mexicanguitarplayers.com\/#organization"},"potentialAction":[{"@type":"SearchAction","target":{"@type":"EntryPoint","urlTemplate":"https:\/\/www.mexicanguitarplayers.com\/?s={search_term_string}"},"query-input":{"@type":"PropertyValueSpecification","valueRequired":true,"valueName":"search_term_string"}}],"inLanguage":"en-US"},{"@type":"Organization","@id":"https:\/\/www.mexicanguitarplayers.com\/#organization","name":"Mexican Guitar Players","url":"https:\/\/www.mexicanguitarplayers.com\/","logo":{"@type":"ImageObject","inLanguage":"en-US","@id":"https:\/\/www.mexicanguitarplayers.com\/#\/schema\/logo\/image\/","url":"","contentUrl":"","caption":"Mexican Guitar Players"},"image":{"@id":"https:\/\/www.mexicanguitarplayers.com\/#\/schema\/logo\/image\/"}}]}},"brands":[{"id":171,"name":"BEHRINGER","slug":"behringer"}],"_links":{"self":[{"href":"https:\/\/www.mexicanguitarplayers.com\/en\/wp-json\/wp\/v2\/product\/23444","targetHints":{"allow":["GET"]}}],"collection":[{"href":"https:\/\/www.mexicanguitarplayers.com\/en\/wp-json\/wp\/v2\/product"}],"about":[{"href":"https:\/\/www.mexicanguitarplayers.com\/en\/wp-json\/wp\/v2\/types\/product"}],"replies":[{"embeddable":true,"href":"https:\/\/www.mexicanguitarplayers.com\/en\/wp-json\/wp\/v2\/comments?post=23444"}],"wp:featuredmedia":[{"embeddable":true,"href":"https:\/\/www.mexicanguitarplayers.com\/en\/wp-json\/wp\/v2\/media\/23442"}],"wp:attachment":[{"href":"https:\/\/www.mexicanguitarplayers.com\/en\/wp-json\/wp\/v2\/media?parent=23444"}],"wp:term":[{"taxonomy":"pwb-brand","embeddable":true,"href":"https:\/\/www.mexicanguitarplayers.com\/en\/wp-json\/wp\/v2\/pwb-brand?post=23444"},{"taxonomy":"product_brand","embeddable":true,"href":"https:\/\/www.mexicanguitarplayers.com\/en\/wp-json\/wp\/v2\/product_brand?post=23444"},{"taxonomy":"product_cat","embeddable":true,"href":"https:\/\/www.mexicanguitarplayers.com\/en\/wp-json\/wp\/v2\/product_cat?post=23444"},{"taxonomy":"product_tag","embeddable":true,"href":"https:\/\/www.mexicanguitarplayers.com\/en\/wp-json\/wp\/v2\/product_tag?post=23444"}],"curies":[{"name":"wp","href":"https:\/\/api.w.org\/{rel}","templated":true}]}}