{"id":23464,"date":"2025-04-06T12:59:08","date_gmt":"2025-04-06T18:59:08","guid":{"rendered":"https:\/\/www.mexicanguitarplayers.com\/tienda\/sin categor\u00eda\/microfono-sennheiser-in-ew-d-sk-base-set\/"},"modified":"2026-04-15T04:22:50","modified_gmt":"2026-04-15T10:22:50","slug":"microfono-sennheiser-in-ew-d-sk-base-set","status":"publish","type":"product","link":"https:\/\/www.mexicanguitarplayers.com\/en\/tienda\/audio\/sistema-de-monitoreo-personal\/transmisores-y-receptores-sistema-de-monitoreo-personal\/microfono-sennheiser-in-ew-d-sk-base-set\/","title":{"rendered":"MICROFONO SENNHEISER IN.EW-D SK BASE SET"},"content":{"rendered":"<div style=\"text-align: justify\">\n<div>\n<h3>Subiendo el list\u00f3n.<\/h3>\n<\/div>\n<div>Evolution Wireless Digital rompe los l\u00edmites al proporcionar un rango m\u00e1s din\u00e1mico que cualquier sistema inal\u00e1mbrico actualmente en el mercado. Asegurando autom\u00e1ticamente la se\u00f1al m\u00e1s confiable en cuesti\u00f3n de segundos y escalable hasta 90 canales gracias a 45 MHz de ancho de banda de sintonizaci\u00f3n, es f\u00e1cil ver por qu\u00e9 este sistema inal\u00e1mbrico en \u00fanico en su clase. Evolution Wireless Digital presenta una cuadr\u00edcula de sintonizaci\u00f3n equidistante que anteriormente s\u00f3lo se encontraba en nuestros sistemas inal\u00e1mbricos Insignia Digital 6000 Digital 9000. Los componentes de calidad con una linealidad excepcional eliminan la intermodulaci\u00f3n entre los transmisores EW-D, lo que permite que las frecuencias est\u00e9n igualmente espaciadas cada 600 kHz entre s\u00ed. Esto simplifica la coordinaci\u00f3n de frecuencias tanto para principiantes inal\u00e1mbricos como para profesionales experimentados y tambi\u00e9n contribuye a la escalabilidad del sistema y al n\u00famero de canales impresionantemente alto. El poder de Bluetooth Low Energy pone el control total en la palma de tu mano con la aplicaci\u00f3n Sennheiser Smart Assist. Aprovecha una configuraci\u00f3n automatizada notablemente r\u00e1pida, el acceso m\u00f3vil a cada configuraci\u00f3n del sistema y el beneficio adicional del monitoreo remoto, todo desde la conveniencia de tu dispositivo Android o iOS. Ahorra tiempo, ahorra energ\u00eda y act\u00faa con confianza.<\/div>\n<div>\n<h4>Quick look<\/h4>\n<\/div>\n<ul style=\"margin: 0px 0px 0px 25px\">\n<li style=\"list-style-type: circle;margin: 5px\">Rango de frecuencia.<\/li>\n<li style=\"list-style-type: circle;margin: 5px\">Distorsi\u00f3n arm\u00f3nica total.<\/li>\n<li style=\"list-style-type: circle;margin: 5px\">Temperatura de funcionamiento.<\/li>\n<li style=\"list-style-type: circle;margin: 5px\">Humedad relativa de funcionamiento.<\/li>\n<li style=\"list-style-type: circle;margin: 5px\">Respuesta de frecuencia de audio.<\/li>\n<li style=\"list-style-type: circle;margin: 5px\">EW-D EM<\/li>\n<li style=\"list-style-type: circle;margin: 5px\">EW-D SK.<\/li>\n<li style=\"list-style-type: circle;margin: 5px\">Accessories included.<\/li>\n<\/ul>\n<div>\n<div style=\"font-weight: bold\">Rango de frecuencia.<\/div>\n<div>\n<p>1785.2 &#8211; 1799.8 MHz. 552 &#8211; 607.8 MHz. 925.2 &#8211; 937.3 MHz. 823.2 &#8211; 831.8 MHz &amp; 863.2 &#8211; 864.8 MHz. 662 &#8211; 693.8 MHz. 630 &#8211; 662 MHz. 606.2 &#8211; 662 MHz. 520 &#8211; 576 MHz. 470.2 &#8211; 526 MHz.<\/p>\n<\/div>\n<div style=\"font-weight: bold\">Distorsi\u00f3n arm\u00f3nica total.<\/div>\n<div>\n<p>= -60 dB para 1 kHz @ -3 dBfs nivel de entrada.<\/p>\n<\/div>\n<div style=\"font-weight: bold\">Temperatura de funcionamiento.<\/div>\n<div>\n<p>-10 \u00b0C &#8211; +55 \u00b0C.<\/p>\n<\/div>\n<div style=\"font-weight: bold\">Humedad relativa de funcionamiento.<\/div>\n<div>\n<p>5 &#8211; 95 % (sin condensaci\u00f3n).<\/p>\n<\/div>\n<div style=\"font-weight: bold\">Respuesta de frecuencia de audio.<\/div>\n<div>\n<p>20 Hz &#8211; 20 kHz (-3 dB) @ 3 dBfs.<\/p>\n<\/div>\n<div style=\"font-weight: bold\">EW-D EM<\/div>\n<div>\n<p>Dimensiones: 212 x 44 x 189 mm. Peso: 1 kg (sin antenas ni fuente de alimentaci\u00f3n). Consumo de energ\u00eda: = 300 mA. Rango de voltaje de entrada: 11 &#8211; 13 V. Transmisi\u00f3n de potencia: BLE: m\u00e1x. 10 mW EIRP. Nivel de salida de audio: 18 dBu m\u00e1x.<\/p>\n<\/div>\n<div style=\"font-weight: bold\">EW-D SK.<\/div>\n<div>\n<p>Dimensiones: 63 x 80 x 20 mm (sin antena). Consumo de energ\u00eda: &lt; 300 mA. Rango de voltaje de entrada: 2.0 &#8211; 4.35 V. Fuente de alimentaci\u00f3n: 2 bater\u00edas AA 1.5 V (alcalinas de manganeso) o bater\u00edas recargables BA 70 (no incluidas). Poder de transmisi\u00f3n:  Audio link: 10 mW ERP (Rango Y1-3: 12 mW ERP) BLE: m\u00e1x. 10 mW EIRP Peso: 120 g.<\/p>\n<\/div>\n<div style=\"font-weight: bold\">Accessories included.<\/div>\n<div>\n<p>Un receptor de rack EW-D EM. Un transmisor de bolsillo EW-D SK. 2 antenas de varilla. Set de montaje en rack. 4 patas de goma. Gu\u00eda r\u00e1pida. Gu\u00eda de seguridad. Hoja de declaraci\u00f3n del fabricante.<\/p>\n<\/div>\n<\/div>\n<\/div>","protected":false},"excerpt":{"rendered":"<p>Set b\u00e1sico para aplicaciones digitales inal\u00e1mbricas con receptor y transmisor de bolsillo para usar con una amplia gama de micr\u00f3fonos digitales inal\u00e1mbricos Evolution, Sistema vers\u00e1til y rico en funciones, permite un emparejamiento y una gesti\u00f3n sin problemas por medio de la aplicaci\u00f3n EW-D Smart Assist, robusto transmisor met\u00e1lico que se adapta perfectamente al uso diario en el escenario, transmisi\u00f3n digital que opera en el espectro UHF, escaneo autom\u00e1tico crea conexione confiables con un m\u00ednimo de tiempo y esfuerzo, rango din\u00e1mico de entrada de audio de 134 dB que elimina la necesidad de ajustes de sensibilidad y conserva cada detalle, eliminaci\u00f3n de la intermodulaci\u00f3n que permite colocar los canales en una cuadr\u00edcula de sintonizaci\u00f3n equidistante con una separaci\u00f3n de 600 kHz, 56 MHz de ancho de banda de sintonizaci\u00f3n y espaciado equidistante que permite hasta 90 canales, 2,240 frecuencias seleccionables que permiten un ajuste fino, hasta 8 horas de funcionamiento con 2 pilas AA (incluidas) 0 12 horas con bater\u00edas de iones de litio (no incluidas), incluye un receptor de rack EW-D EM, un transmisor de bolsillo EW-D SK, 2 antenas de varilla, set de montaje en rack, 4 patas de goma, gu\u00eda r\u00e1pida, gu\u00eda de seguridad, hoja de declaraci\u00f3n del fabricante.&hellip; <a class=\"kt-excerpt-readmore more-link\" href=\"https:\/\/www.mexicanguitarplayers.com\/en\/tienda\/audio\/sistema-de-monitoreo-personal\/transmisores-y-receptores-sistema-de-monitoreo-personal\/microfono-sennheiser-in-ew-d-sk-base-set\/\">Read more<\/a><\/p>","protected":false},"featured_media":23459,"comment_status":"open","ping_status":"closed","template":"","meta":{"kt_blocks_editor_width":""},"pwb-brand":[176],"product_brand":[],"product_cat":[213,214,231,245],"product_tag":[],"class_list":{"0":"post-23464","1":"product","2":"type-product","3":"status-publish","4":"has-post-thumbnail","6":"pwb-brand-sennheiser","7":"product_cat-audio","8":"product_cat-microfonia","9":"product_cat-microfonos-inalambricos","10":"product_cat-transmisores-y-receptores-sistema-de-monitoreo-personal","11":"product_shipping_class-0-5-kg","13":"first","14":"instock","15":"taxable","16":"shipping-taxable","17":"purchasable","18":"product-type-simple"},"yoast_head":"<!-- This site is optimized with the Yoast SEO plugin v27.4 - https:\/\/yoast.com\/product\/yoast-seo-wordpress\/ -->\n<title>MICROFONO SENNHEISER IN.EW-D SK BASE SET - Mexican Guitar Players<\/title>\n<meta name=\"description\" content=\"Set b\u00e1sico para aplicaciones digitales inal\u00e1mbricas con receptor y transmisor de bolsillo para usar con una amplia gama de micr\u00f3fonos digitales inal\u00e1mbricos Evolution, Sistema vers\u00e1til y rico en funciones, permite un emparejamiento y una gesti\u00f3n sin problemas por medio de la aplicaci\u00f3n EW-D Smart Assist, robusto transmisor met\u00e1lico que se adapta perfectamente al uso diario en el escenario, transmisi\u00f3n digital que opera en el espectro UHF, escaneo autom\u00e1tico crea conexione confiables con un m\u00ednimo de tiempo y esfuerzo, rango din\u00e1mico de entrada de audio de 134 dB que elimina la necesidad de ajustes de sensibilidad y conserva cada detalle, eliminaci\u00f3n de la intermodulaci\u00f3n que permite colocar los canales en una cuadr\u00edcula de sintonizaci\u00f3n equidistante con una separaci\u00f3n de 600 kHz, 56 MHz de ancho de banda de sintonizaci\u00f3n y espaciado equidistante que permite hasta 90 canales, 2,240 frecuencias seleccionables que permiten un ajuste fino, hasta 8 horas de funcionamiento con 2 pilas AA (incluidas) 0 12 horas con bater\u00edas de iones de litio (no incluidas), incluye un receptor de rack EW-D EM, un transmisor de bolsillo EW-D SK, 2 antenas de varilla, set de montaje en rack, 4 patas de goma, gu\u00eda r\u00e1pida, gu\u00eda de seguridad, hoja de declaraci\u00f3n del fabricante.\" \/>\n<meta name=\"robots\" content=\"index, follow, max-snippet:-1, max-image-preview:large, max-video-preview:-1\" \/>\n<link rel=\"canonical\" href=\"https:\/\/www.mexicanguitarplayers.com\/en\/tienda\/sin%20categor\u00eda\/microfono-sennheiser-in-ew-d-sk-base-set\/\" \/>\n<meta property=\"og:locale\" content=\"en_US\" \/>\n<meta property=\"og:type\" content=\"article\" \/>\n<meta property=\"og:title\" content=\"MICROFONO SENNHEISER IN.EW-D SK BASE SET - Mexican Guitar Players\" \/>\n<meta property=\"og:description\" content=\"Set b\u00e1sico para aplicaciones digitales inal\u00e1mbricas con receptor y transmisor de bolsillo para usar con una amplia gama de micr\u00f3fonos digitales inal\u00e1mbricos Evolution, Sistema vers\u00e1til y rico en funciones, permite un emparejamiento y una gesti\u00f3n sin problemas por medio de la aplicaci\u00f3n EW-D Smart Assist, robusto transmisor met\u00e1lico que se adapta perfectamente al uso diario en el escenario, transmisi\u00f3n digital que opera en el espectro UHF, escaneo autom\u00e1tico crea conexione confiables con un m\u00ednimo de tiempo y esfuerzo, rango din\u00e1mico de entrada de audio de 134 dB que elimina la necesidad de ajustes de sensibilidad y conserva cada detalle, eliminaci\u00f3n de la intermodulaci\u00f3n que permite colocar los canales en una cuadr\u00edcula de sintonizaci\u00f3n equidistante con una separaci\u00f3n de 600 kHz, 56 MHz de ancho de banda de sintonizaci\u00f3n y espaciado equidistante que permite hasta 90 canales, 2,240 frecuencias seleccionables que permiten un ajuste fino, hasta 8 horas de funcionamiento con 2 pilas AA (incluidas) 0 12 horas con bater\u00edas de iones de litio (no incluidas), incluye un receptor de rack EW-D EM, un transmisor de bolsillo EW-D SK, 2 antenas de varilla, set de montaje en rack, 4 patas de goma, gu\u00eda r\u00e1pida, gu\u00eda de seguridad, hoja de declaraci\u00f3n del fabricante.\" \/>\n<meta property=\"og:url\" content=\"https:\/\/www.mexicanguitarplayers.com\/en\/tienda\/sin categor\u00eda\/microfono-sennheiser-in-ew-d-sk-base-set\/\" \/>\n<meta property=\"og:site_name\" content=\"Mexican Guitar Players\" \/>\n<meta property=\"article:modified_time\" content=\"2026-04-15T10:22:50+00:00\" \/>\n<meta name=\"twitter:card\" content=\"summary_large_image\" \/>\n<meta name=\"twitter:label1\" content=\"Est. reading time\" \/>\n\t<meta name=\"twitter:data1\" content=\"2 minutes\" \/>\n<script type=\"application\/ld+json\" class=\"yoast-schema-graph\">{\"@context\":\"https:\\\/\\\/schema.org\",\"@graph\":[{\"@type\":[\"WebPage\",\"ItemPage\"],\"@id\":\"https:\\\/\\\/www.mexicanguitarplayers.com\\\/tienda\\\/sin categor\u00eda\\\/microfono-sennheiser-in-ew-d-sk-base-set\\\/\",\"url\":\"https:\\\/\\\/www.mexicanguitarplayers.com\\\/tienda\\\/sin categor\u00eda\\\/microfono-sennheiser-in-ew-d-sk-base-set\\\/\",\"name\":\"MICROFONO SENNHEISER IN.EW-D SK BASE SET - Mexican Guitar Players\",\"isPartOf\":{\"@id\":\"https:\\\/\\\/www.mexicanguitarplayers.com\\\/#website\"},\"primaryImageOfPage\":{\"@id\":\"https:\\\/\\\/www.mexicanguitarplayers.com\\\/tienda\\\/sin categor\u00eda\\\/microfono-sennheiser-in-ew-d-sk-base-set\\\/#primaryimage\"},\"image\":{\"@id\":\"https:\\\/\\\/www.mexicanguitarplayers.com\\\/tienda\\\/sin categor\u00eda\\\/microfono-sennheiser-in-ew-d-sk-base-set\\\/#primaryimage\"},\"thumbnailUrl\":\"https:\\\/\\\/www.mexicanguitarplayers.com\\\/wp-content\\\/uploads\\\/2025\\\/04\\\/IASENEWDSKBASE.jpg\",\"datePublished\":\"2025-04-06T18:59:08+00:00\",\"dateModified\":\"2026-04-15T10:22:50+00:00\",\"description\":\"Set b\u00e1sico para aplicaciones digitales inal\u00e1mbricas con receptor y transmisor de bolsillo para usar con una amplia gama de micr\u00f3fonos digitales inal\u00e1mbricos Evolution, Sistema vers\u00e1til y rico en funciones, permite un emparejamiento y una gesti\u00f3n sin problemas por medio de la aplicaci\u00f3n EW-D Smart Assist, robusto transmisor met\u00e1lico que se adapta perfectamente al uso diario en el escenario, transmisi\u00f3n digital que opera en el espectro UHF, escaneo autom\u00e1tico crea conexione confiables con un m\u00ednimo de tiempo y esfuerzo, rango din\u00e1mico de entrada de audio de 134 dB que elimina la necesidad de ajustes de sensibilidad y conserva cada detalle, eliminaci\u00f3n de la intermodulaci\u00f3n que permite colocar los canales en una cuadr\u00edcula de sintonizaci\u00f3n equidistante con una separaci\u00f3n de 600 kHz, 56 MHz de ancho de banda de sintonizaci\u00f3n y espaciado equidistante que permite hasta 90 canales, 2,240 frecuencias seleccionables que permiten un ajuste fino, hasta 8 horas de funcionamiento con 2 pilas AA (incluidas) 0 12 horas con bater\u00edas de iones de litio (no incluidas), incluye un receptor de rack EW-D EM, un transmisor de bolsillo EW-D SK, 2 antenas de varilla, set de montaje en rack, 4 patas de goma, gu\u00eda r\u00e1pida, gu\u00eda de seguridad, hoja de declaraci\u00f3n del fabricante.\",\"breadcrumb\":{\"@id\":\"https:\\\/\\\/www.mexicanguitarplayers.com\\\/tienda\\\/sin categor\u00eda\\\/microfono-sennheiser-in-ew-d-sk-base-set\\\/#breadcrumb\"},\"inLanguage\":\"en-US\",\"potentialAction\":[{\"@type\":\"ReadAction\",\"target\":[\"https:\\\/\\\/www.mexicanguitarplayers.com\\\/tienda\\\/sin categor\u00eda\\\/microfono-sennheiser-in-ew-d-sk-base-set\\\/\"]}]},{\"@type\":\"ImageObject\",\"inLanguage\":\"en-US\",\"@id\":\"https:\\\/\\\/www.mexicanguitarplayers.com\\\/tienda\\\/sin categor\u00eda\\\/microfono-sennheiser-in-ew-d-sk-base-set\\\/#primaryimage\",\"url\":\"https:\\\/\\\/www.mexicanguitarplayers.com\\\/wp-content\\\/uploads\\\/2025\\\/04\\\/IASENEWDSKBASE.jpg\",\"contentUrl\":\"https:\\\/\\\/www.mexicanguitarplayers.com\\\/wp-content\\\/uploads\\\/2025\\\/04\\\/IASENEWDSKBASE.jpg\",\"width\":1200,\"height\":1200},{\"@type\":\"BreadcrumbList\",\"@id\":\"https:\\\/\\\/www.mexicanguitarplayers.com\\\/tienda\\\/sin categor\u00eda\\\/microfono-sennheiser-in-ew-d-sk-base-set\\\/#breadcrumb\",\"itemListElement\":[{\"@type\":\"ListItem\",\"position\":1,\"name\":\"Portada\",\"item\":\"https:\\\/\\\/www.mexicanguitarplayers.com\\\/\"},{\"@type\":\"ListItem\",\"position\":2,\"name\":\"Tienda\",\"item\":\"https:\\\/\\\/www.mexicanguitarplayers.com\\\/tienda\\\/\"},{\"@type\":\"ListItem\",\"position\":3,\"name\":\"MICROFONO SENNHEISER IN.EW-D SK BASE SET\"}]},{\"@type\":\"WebSite\",\"@id\":\"https:\\\/\\\/www.mexicanguitarplayers.com\\\/#website\",\"url\":\"https:\\\/\\\/www.mexicanguitarplayers.com\\\/\",\"name\":\"Mexican Guitar Players\",\"description\":\"Website\",\"publisher\":{\"@id\":\"https:\\\/\\\/www.mexicanguitarplayers.com\\\/#organization\"},\"potentialAction\":[{\"@type\":\"SearchAction\",\"target\":{\"@type\":\"EntryPoint\",\"urlTemplate\":\"https:\\\/\\\/www.mexicanguitarplayers.com\\\/?s={search_term_string}\"},\"query-input\":{\"@type\":\"PropertyValueSpecification\",\"valueRequired\":true,\"valueName\":\"search_term_string\"}}],\"inLanguage\":\"en-US\"},{\"@type\":\"Organization\",\"@id\":\"https:\\\/\\\/www.mexicanguitarplayers.com\\\/#organization\",\"name\":\"Mexican Guitar Players\",\"url\":\"https:\\\/\\\/www.mexicanguitarplayers.com\\\/\",\"logo\":{\"@type\":\"ImageObject\",\"inLanguage\":\"en-US\",\"@id\":\"https:\\\/\\\/www.mexicanguitarplayers.com\\\/#\\\/schema\\\/logo\\\/image\\\/\",\"url\":\"\",\"contentUrl\":\"\",\"caption\":\"Mexican Guitar Players\"},\"image\":{\"@id\":\"https:\\\/\\\/www.mexicanguitarplayers.com\\\/#\\\/schema\\\/logo\\\/image\\\/\"}}]}<\/script>\n<!-- \/ Yoast SEO plugin. -->","yoast_head_json":{"title":"MICROFONO SENNHEISER IN.EW-D SK BASE SET - Mexican Guitar Players","description":"Set b\u00e1sico para aplicaciones digitales inal\u00e1mbricas con receptor y transmisor de bolsillo para usar con una amplia gama de micr\u00f3fonos digitales inal\u00e1mbricos Evolution, Sistema vers\u00e1til y rico en funciones, permite un emparejamiento y una gesti\u00f3n sin problemas por medio de la aplicaci\u00f3n EW-D Smart Assist, robusto transmisor met\u00e1lico que se adapta perfectamente al uso diario en el escenario, transmisi\u00f3n digital que opera en el espectro UHF, escaneo autom\u00e1tico crea conexione confiables con un m\u00ednimo de tiempo y esfuerzo, rango din\u00e1mico de entrada de audio de 134 dB que elimina la necesidad de ajustes de sensibilidad y conserva cada detalle, eliminaci\u00f3n de la intermodulaci\u00f3n que permite colocar los canales en una cuadr\u00edcula de sintonizaci\u00f3n equidistante con una separaci\u00f3n de 600 kHz, 56 MHz de ancho de banda de sintonizaci\u00f3n y espaciado equidistante que permite hasta 90 canales, 2,240 frecuencias seleccionables que permiten un ajuste fino, hasta 8 horas de funcionamiento con 2 pilas AA (incluidas) 0 12 horas con bater\u00edas de iones de litio (no incluidas), incluye un receptor de rack EW-D EM, un transmisor de bolsillo EW-D SK, 2 antenas de varilla, set de montaje en rack, 4 patas de goma, gu\u00eda r\u00e1pida, gu\u00eda de seguridad, hoja de declaraci\u00f3n del fabricante.","robots":{"index":"index","follow":"follow","max-snippet":"max-snippet:-1","max-image-preview":"max-image-preview:large","max-video-preview":"max-video-preview:-1"},"canonical":"https:\/\/www.mexicanguitarplayers.com\/en\/tienda\/sin categor\u00eda\/microfono-sennheiser-in-ew-d-sk-base-set\/","og_locale":"en_US","og_type":"article","og_title":"MICROFONO SENNHEISER IN.EW-D SK BASE SET - Mexican Guitar Players","og_description":"Set b\u00e1sico para aplicaciones digitales inal\u00e1mbricas con receptor y transmisor de bolsillo para usar con una amplia gama de micr\u00f3fonos digitales inal\u00e1mbricos Evolution, Sistema vers\u00e1til y rico en funciones, permite un emparejamiento y una gesti\u00f3n sin problemas por medio de la aplicaci\u00f3n EW-D Smart Assist, robusto transmisor met\u00e1lico que se adapta perfectamente al uso diario en el escenario, transmisi\u00f3n digital que opera en el espectro UHF, escaneo autom\u00e1tico crea conexione confiables con un m\u00ednimo de tiempo y esfuerzo, rango din\u00e1mico de entrada de audio de 134 dB que elimina la necesidad de ajustes de sensibilidad y conserva cada detalle, eliminaci\u00f3n de la intermodulaci\u00f3n que permite colocar los canales en una cuadr\u00edcula de sintonizaci\u00f3n equidistante con una separaci\u00f3n de 600 kHz, 56 MHz de ancho de banda de sintonizaci\u00f3n y espaciado equidistante que permite hasta 90 canales, 2,240 frecuencias seleccionables que permiten un ajuste fino, hasta 8 horas de funcionamiento con 2 pilas AA (incluidas) 0 12 horas con bater\u00edas de iones de litio (no incluidas), incluye un receptor de rack EW-D EM, un transmisor de bolsillo EW-D SK, 2 antenas de varilla, set de montaje en rack, 4 patas de goma, gu\u00eda r\u00e1pida, gu\u00eda de seguridad, hoja de declaraci\u00f3n del fabricante.","og_url":"https:\/\/www.mexicanguitarplayers.com\/en\/tienda\/sin categor\u00eda\/microfono-sennheiser-in-ew-d-sk-base-set\/","og_site_name":"Mexican Guitar Players","article_modified_time":"2026-04-15T10:22:50+00:00","twitter_card":"summary_large_image","twitter_misc":{"Est. reading time":"2 minutes"},"schema":{"@context":"https:\/\/schema.org","@graph":[{"@type":["WebPage","ItemPage"],"@id":"https:\/\/www.mexicanguitarplayers.com\/tienda\/sin categor\u00eda\/microfono-sennheiser-in-ew-d-sk-base-set\/","url":"https:\/\/www.mexicanguitarplayers.com\/tienda\/sin categor\u00eda\/microfono-sennheiser-in-ew-d-sk-base-set\/","name":"MICROFONO SENNHEISER IN.EW-D SK BASE SET - Mexican Guitar Players","isPartOf":{"@id":"https:\/\/www.mexicanguitarplayers.com\/#website"},"primaryImageOfPage":{"@id":"https:\/\/www.mexicanguitarplayers.com\/tienda\/sin categor\u00eda\/microfono-sennheiser-in-ew-d-sk-base-set\/#primaryimage"},"image":{"@id":"https:\/\/www.mexicanguitarplayers.com\/tienda\/sin categor\u00eda\/microfono-sennheiser-in-ew-d-sk-base-set\/#primaryimage"},"thumbnailUrl":"https:\/\/www.mexicanguitarplayers.com\/wp-content\/uploads\/2025\/04\/IASENEWDSKBASE.jpg","datePublished":"2025-04-06T18:59:08+00:00","dateModified":"2026-04-15T10:22:50+00:00","description":"Set b\u00e1sico para aplicaciones digitales inal\u00e1mbricas con receptor y transmisor de bolsillo para usar con una amplia gama de micr\u00f3fonos digitales inal\u00e1mbricos Evolution, Sistema vers\u00e1til y rico en funciones, permite un emparejamiento y una gesti\u00f3n sin problemas por medio de la aplicaci\u00f3n EW-D Smart Assist, robusto transmisor met\u00e1lico que se adapta perfectamente al uso diario en el escenario, transmisi\u00f3n digital que opera en el espectro UHF, escaneo autom\u00e1tico crea conexione confiables con un m\u00ednimo de tiempo y esfuerzo, rango din\u00e1mico de entrada de audio de 134 dB que elimina la necesidad de ajustes de sensibilidad y conserva cada detalle, eliminaci\u00f3n de la intermodulaci\u00f3n que permite colocar los canales en una cuadr\u00edcula de sintonizaci\u00f3n equidistante con una separaci\u00f3n de 600 kHz, 56 MHz de ancho de banda de sintonizaci\u00f3n y espaciado equidistante que permite hasta 90 canales, 2,240 frecuencias seleccionables que permiten un ajuste fino, hasta 8 horas de funcionamiento con 2 pilas AA (incluidas) 0 12 horas con bater\u00edas de iones de litio (no incluidas), incluye un receptor de rack EW-D EM, un transmisor de bolsillo EW-D SK, 2 antenas de varilla, set de montaje en rack, 4 patas de goma, gu\u00eda r\u00e1pida, gu\u00eda de seguridad, hoja de declaraci\u00f3n del fabricante.","breadcrumb":{"@id":"https:\/\/www.mexicanguitarplayers.com\/tienda\/sin categor\u00eda\/microfono-sennheiser-in-ew-d-sk-base-set\/#breadcrumb"},"inLanguage":"en-US","potentialAction":[{"@type":"ReadAction","target":["https:\/\/www.mexicanguitarplayers.com\/tienda\/sin categor\u00eda\/microfono-sennheiser-in-ew-d-sk-base-set\/"]}]},{"@type":"ImageObject","inLanguage":"en-US","@id":"https:\/\/www.mexicanguitarplayers.com\/tienda\/sin categor\u00eda\/microfono-sennheiser-in-ew-d-sk-base-set\/#primaryimage","url":"https:\/\/www.mexicanguitarplayers.com\/wp-content\/uploads\/2025\/04\/IASENEWDSKBASE.jpg","contentUrl":"https:\/\/www.mexicanguitarplayers.com\/wp-content\/uploads\/2025\/04\/IASENEWDSKBASE.jpg","width":1200,"height":1200},{"@type":"BreadcrumbList","@id":"https:\/\/www.mexicanguitarplayers.com\/tienda\/sin categor\u00eda\/microfono-sennheiser-in-ew-d-sk-base-set\/#breadcrumb","itemListElement":[{"@type":"ListItem","position":1,"name":"Portada","item":"https:\/\/www.mexicanguitarplayers.com\/"},{"@type":"ListItem","position":2,"name":"Tienda","item":"https:\/\/www.mexicanguitarplayers.com\/tienda\/"},{"@type":"ListItem","position":3,"name":"MICROFONO SENNHEISER IN.EW-D SK BASE SET"}]},{"@type":"WebSite","@id":"https:\/\/www.mexicanguitarplayers.com\/#website","url":"https:\/\/www.mexicanguitarplayers.com\/","name":"Mexican Guitar Players","description":"Website","publisher":{"@id":"https:\/\/www.mexicanguitarplayers.com\/#organization"},"potentialAction":[{"@type":"SearchAction","target":{"@type":"EntryPoint","urlTemplate":"https:\/\/www.mexicanguitarplayers.com\/?s={search_term_string}"},"query-input":{"@type":"PropertyValueSpecification","valueRequired":true,"valueName":"search_term_string"}}],"inLanguage":"en-US"},{"@type":"Organization","@id":"https:\/\/www.mexicanguitarplayers.com\/#organization","name":"Mexican Guitar Players","url":"https:\/\/www.mexicanguitarplayers.com\/","logo":{"@type":"ImageObject","inLanguage":"en-US","@id":"https:\/\/www.mexicanguitarplayers.com\/#\/schema\/logo\/image\/","url":"","contentUrl":"","caption":"Mexican Guitar Players"},"image":{"@id":"https:\/\/www.mexicanguitarplayers.com\/#\/schema\/logo\/image\/"}}]}},"brands":[{"id":176,"name":"SENNHEISER","slug":"sennheiser"}],"_links":{"self":[{"href":"https:\/\/www.mexicanguitarplayers.com\/en\/wp-json\/wp\/v2\/product\/23464","targetHints":{"allow":["GET"]}}],"collection":[{"href":"https:\/\/www.mexicanguitarplayers.com\/en\/wp-json\/wp\/v2\/product"}],"about":[{"href":"https:\/\/www.mexicanguitarplayers.com\/en\/wp-json\/wp\/v2\/types\/product"}],"replies":[{"embeddable":true,"href":"https:\/\/www.mexicanguitarplayers.com\/en\/wp-json\/wp\/v2\/comments?post=23464"}],"wp:featuredmedia":[{"embeddable":true,"href":"https:\/\/www.mexicanguitarplayers.com\/en\/wp-json\/wp\/v2\/media\/23459"}],"wp:attachment":[{"href":"https:\/\/www.mexicanguitarplayers.com\/en\/wp-json\/wp\/v2\/media?parent=23464"}],"wp:term":[{"taxonomy":"pwb-brand","embeddable":true,"href":"https:\/\/www.mexicanguitarplayers.com\/en\/wp-json\/wp\/v2\/pwb-brand?post=23464"},{"taxonomy":"product_brand","embeddable":true,"href":"https:\/\/www.mexicanguitarplayers.com\/en\/wp-json\/wp\/v2\/product_brand?post=23464"},{"taxonomy":"product_cat","embeddable":true,"href":"https:\/\/www.mexicanguitarplayers.com\/en\/wp-json\/wp\/v2\/product_cat?post=23464"},{"taxonomy":"product_tag","embeddable":true,"href":"https:\/\/www.mexicanguitarplayers.com\/en\/wp-json\/wp\/v2\/product_tag?post=23464"}],"curies":[{"name":"wp","href":"https:\/\/api.w.org\/{rel}","templated":true}]}}