{"id":23565,"date":"2025-04-06T13:11:52","date_gmt":"2025-04-06T19:11:52","guid":{"rendered":"https:\/\/www.mexicanguitarplayers.com\/tienda\/sin categor\u00eda\/bateria-carlsbro-digital-mod-rock50bp1\/"},"modified":"2026-05-02T19:15:05","modified_gmt":"2026-05-03T01:15:05","slug":"bateria-carlsbro-digital-mod-rock50bp1","status":"publish","type":"product","link":"https:\/\/www.mexicanguitarplayers.com\/en\/tienda\/percusiones\/baterias\/baterias-electronicas\/bateria-carlsbro-digital-mod-rock50bp1\/","title":{"rendered":"BATERIA CARLSBRO DIGITAL MOD. ROCK50BP1"},"content":{"rendered":"<div style=\"text-align: justify\">\n<div>\n<h3>Un paquete genial para bateristas junior.<\/h3>\n<\/div>\n<div>Rock 50 de Carlsbro es una bater\u00eda electr\u00f3nica junior de 3 piezas. Es ideal para mayores de 5 a\u00f1os. Cuenta con un pad de tarola, un par de tom, un pad de platillo y un pedal de bombo. El set Rock 50 es perfecto para bateristas junior y principiantes, con un tama\u00f1o peque\u00f1o, armado sencillo y dise\u00f1o de m\u00f3dulo Orange Rock. Este kit se suministra como un paquete que incluye un par de baquetas, un banco de bater\u00eda junior y un juego de aud\u00edfonos, por lo cual, todo lo que necesitas est\u00e1 dentro de una caja. El m\u00f3dulo Rock 50 incluye 108 sonidos diferentes de bater\u00eda, 10 sets de bater\u00eda prestablecidos y 2 definidos por el usuario, lo que te permite explorar y crear tu propio sonido personalizado. El m\u00f3dulo tambi\u00e9n cuenta con 10 canciones de demostraci\u00f3n, una funci\u00f3n de grabaci\u00f3n y reproducci\u00f3n y una entrada auxiliar para que puedas tocar con tus canciones favoritas, una salida de aud\u00edfonos est\u00e9reo y una salida de l\u00ednea mono para conectar a un amplificador externo.<\/div>\n<div>\n<h4>Quick look<\/h4>\n<\/div>\n<ul style=\"margin: 0px 0px 0px 25px\">\n<li style=\"list-style-type: circle;margin: 5px\">M\u00f3dulo de sonido Rack 50.<\/li>\n<li style=\"list-style-type: circle;margin: 5px\">Conexiones.<\/li>\n<li style=\"list-style-type: circle;margin: 5px\">Componentes.<\/li>\n<\/ul>\n<div>\n<div style=\"font-weight: bold\">M\u00f3dulo de sonido Rack 50.<\/div>\n<div>\n<p>Pantalla Digitron. 108 voces de percusi\u00f3n de alta calidad. 10 kits de bater\u00eda prestablecidos. 2 kits de usuario. 10 canciones de demostraci\u00f3n.<\/p>\n<\/div>\n<div style=\"font-weight: bold\">Conexiones.<\/div>\n<div>\n<p>Entrada auxiliar, salida de l\u00ednea, salida de aud\u00edfonos. Salida MIDI. Instalaci\u00f3n de grabaci\u00f3n y reproducci\u00f3n. Metr\u00f3nomo con ajuste de comp\u00e1s, tempo y volumen.<\/p>\n<\/div>\n<div style=\"font-weight: bold\">Componentes.<\/div>\n<div>\n<p>1 m\u00f3dulo de sonido Rock 50. 1 pad de tarola de 7&#8243; pulgadas. 1 pad de tom de 7&#8243; pulgadas. 1 pad de platillo de 8&#8243; pulgadas. 1 pedal de bombo. 1 rack tr\u00edpode de altura ajustable. 1 par de baquetas. 1 banco de bater\u00eda junior. 1 aud\u00edfonos Carlsbro DCN2 1 caja display de bombo. Banco para baterista (CSS3). Aud\u00edfonos de pr\u00e1ctica (DCN2).<\/p>\n<\/div>\n<\/div>\n<\/div>","protected":false},"excerpt":{"rendered":"<p>Bater\u00eda electr\u00f3nica junior,, ideal para bateristas principiantes y junior, s\u00faper compacta y f\u00e1cil de transportar, 108 voces de percusi\u00f3n de alta calidad, 10 kits de bater\u00eda prestablecidos, 2 kits de usuario, 10 canciones de demo, entrada auxiliar, salida de l\u00ednea, salida de aud\u00edfonos, salida MIDI, instalaci\u00f3n de grabaci\u00f3n y reproducci\u00f3n, metr\u00f3nomo con ajuste de comp\u00e1s, tempo y volumen, incluye 1 m\u00f3dulo de sonido Rack 50, 1 pad de tarola de 7\u201d pulgadas, 1  pad de tom de 7\u201d pulgadas, 1 pad de platillo de 8\u201d pulgadas, 1 pedal de bombo, 1 rack de tr\u00edpode de altura ajustable, 1 par de baquetas, 1 banco de bater\u00eda junior, aud\u00edfonos Carlsbro DCN2 y una caja display de bombo. Incluye tambi\u00e9n banco para baterista (CSS3) y aud\u00edfonos de pr\u00e1ctica (DCN2).&hellip; <a class=\"kt-excerpt-readmore more-link\" href=\"https:\/\/www.mexicanguitarplayers.com\/en\/tienda\/percusiones\/baterias\/baterias-electronicas\/bateria-carlsbro-digital-mod-rock50bp1\/\">Read more<\/a><\/p>","protected":false},"featured_media":23560,"comment_status":"open","ping_status":"closed","template":"","meta":{"kt_blocks_editor_width":""},"pwb-brand":[501],"product_brand":[],"product_cat":[209,262,208],"product_tag":[],"class_list":{"0":"post-23565","1":"product","2":"type-product","3":"status-publish","4":"has-post-thumbnail","6":"pwb-brand-carlsbro","7":"product_cat-baterias","8":"product_cat-baterias-electronicas","9":"product_cat-percusiones","10":"product_shipping_class-5-10-kg","12":"first","13":"outofstock","14":"taxable","15":"shipping-taxable","16":"purchasable","17":"product-type-simple"},"yoast_head":"<!-- This site is optimized with the Yoast SEO plugin v27.5 - https:\/\/yoast.com\/product\/yoast-seo-wordpress\/ -->\n<title>BATERIA CARLSBRO DIGITAL MOD. ROCK50BP1 - Mexican Guitar Players<\/title>\n<meta name=\"description\" content=\"Bater\u00eda electr\u00f3nica junior,, ideal para bateristas principiantes y junior, s\u00faper compacta y f\u00e1cil de transportar, 108 voces de percusi\u00f3n de alta calidad, 10 kits de bater\u00eda prestablecidos, 2 kits de usuario, 10 canciones de demo, entrada auxiliar, salida de l\u00ednea, salida de aud\u00edfonos, salida MIDI, instalaci\u00f3n de grabaci\u00f3n y reproducci\u00f3n, metr\u00f3nomo con ajuste de comp\u00e1s, tempo y volumen, incluye 1 m\u00f3dulo de sonido Rack 50, 1 pad de tarola de 7\u201d pulgadas, 1 pad de tom de 7\u201d pulgadas, 1 pad de platillo de 8\u201d pulgadas, 1 pedal de bombo, 1 rack de tr\u00edpode de altura ajustable, 1 par de baquetas, 1 banco de bater\u00eda junior, aud\u00edfonos Carlsbro DCN2 y una caja display de bombo. Incluye tambi\u00e9n banco para baterista (CSS3) y aud\u00edfonos de pr\u00e1ctica (DCN2).\" \/>\n<meta name=\"robots\" content=\"index, follow, max-snippet:-1, max-image-preview:large, max-video-preview:-1\" \/>\n<link rel=\"canonical\" href=\"https:\/\/www.mexicanguitarplayers.com\/en\/tienda\/sin%20categor\u00eda\/bateria-carlsbro-digital-mod-rock50bp1\/\" \/>\n<meta property=\"og:locale\" content=\"en_US\" \/>\n<meta property=\"og:type\" content=\"article\" \/>\n<meta property=\"og:title\" content=\"BATERIA CARLSBRO DIGITAL MOD. ROCK50BP1 - Mexican Guitar Players\" \/>\n<meta property=\"og:description\" content=\"Bater\u00eda electr\u00f3nica junior,, ideal para bateristas principiantes y junior, s\u00faper compacta y f\u00e1cil de transportar, 108 voces de percusi\u00f3n de alta calidad, 10 kits de bater\u00eda prestablecidos, 2 kits de usuario, 10 canciones de demo, entrada auxiliar, salida de l\u00ednea, salida de aud\u00edfonos, salida MIDI, instalaci\u00f3n de grabaci\u00f3n y reproducci\u00f3n, metr\u00f3nomo con ajuste de comp\u00e1s, tempo y volumen, incluye 1 m\u00f3dulo de sonido Rack 50, 1 pad de tarola de 7\u201d pulgadas, 1 pad de tom de 7\u201d pulgadas, 1 pad de platillo de 8\u201d pulgadas, 1 pedal de bombo, 1 rack de tr\u00edpode de altura ajustable, 1 par de baquetas, 1 banco de bater\u00eda junior, aud\u00edfonos Carlsbro DCN2 y una caja display de bombo. Incluye tambi\u00e9n banco para baterista (CSS3) y aud\u00edfonos de pr\u00e1ctica (DCN2).\" \/>\n<meta property=\"og:url\" content=\"https:\/\/www.mexicanguitarplayers.com\/en\/tienda\/sin categor\u00eda\/bateria-carlsbro-digital-mod-rock50bp1\/\" \/>\n<meta property=\"og:site_name\" content=\"Mexican Guitar Players\" \/>\n<meta property=\"article:modified_time\" content=\"2026-05-03T01:15:05+00:00\" \/>\n<meta name=\"twitter:card\" content=\"summary_large_image\" \/>\n<meta name=\"twitter:label1\" content=\"Est. reading time\" \/>\n\t<meta name=\"twitter:data1\" content=\"2 minutes\" \/>\n<script type=\"application\/ld+json\" class=\"yoast-schema-graph\">{\"@context\":\"https:\\\/\\\/schema.org\",\"@graph\":[{\"@type\":[\"WebPage\",\"ItemPage\"],\"@id\":\"https:\\\/\\\/www.mexicanguitarplayers.com\\\/tienda\\\/sin categor\u00eda\\\/bateria-carlsbro-digital-mod-rock50bp1\\\/\",\"url\":\"https:\\\/\\\/www.mexicanguitarplayers.com\\\/tienda\\\/sin categor\u00eda\\\/bateria-carlsbro-digital-mod-rock50bp1\\\/\",\"name\":\"BATERIA CARLSBRO DIGITAL MOD. ROCK50BP1 - Mexican Guitar Players\",\"isPartOf\":{\"@id\":\"https:\\\/\\\/www.mexicanguitarplayers.com\\\/#website\"},\"primaryImageOfPage\":{\"@id\":\"https:\\\/\\\/www.mexicanguitarplayers.com\\\/tienda\\\/sin categor\u00eda\\\/bateria-carlsbro-digital-mod-rock50bp1\\\/#primaryimage\"},\"image\":{\"@id\":\"https:\\\/\\\/www.mexicanguitarplayers.com\\\/tienda\\\/sin categor\u00eda\\\/bateria-carlsbro-digital-mod-rock50bp1\\\/#primaryimage\"},\"thumbnailUrl\":\"https:\\\/\\\/www.mexicanguitarplayers.com\\\/wp-content\\\/uploads\\\/2025\\\/04\\\/IPCLSROCK50BP1.jpg\",\"datePublished\":\"2025-04-06T19:11:52+00:00\",\"dateModified\":\"2026-05-03T01:15:05+00:00\",\"description\":\"Bater\u00eda electr\u00f3nica junior,, ideal para bateristas principiantes y junior, s\u00faper compacta y f\u00e1cil de transportar, 108 voces de percusi\u00f3n de alta calidad, 10 kits de bater\u00eda prestablecidos, 2 kits de usuario, 10 canciones de demo, entrada auxiliar, salida de l\u00ednea, salida de aud\u00edfonos, salida MIDI, instalaci\u00f3n de grabaci\u00f3n y reproducci\u00f3n, metr\u00f3nomo con ajuste de comp\u00e1s, tempo y volumen, incluye 1 m\u00f3dulo de sonido Rack 50, 1 pad de tarola de 7\u201d pulgadas, 1 pad de tom de 7\u201d pulgadas, 1 pad de platillo de 8\u201d pulgadas, 1 pedal de bombo, 1 rack de tr\u00edpode de altura ajustable, 1 par de baquetas, 1 banco de bater\u00eda junior, aud\u00edfonos Carlsbro DCN2 y una caja display de bombo. Incluye tambi\u00e9n banco para baterista (CSS3) y aud\u00edfonos de pr\u00e1ctica (DCN2).\",\"breadcrumb\":{\"@id\":\"https:\\\/\\\/www.mexicanguitarplayers.com\\\/tienda\\\/sin categor\u00eda\\\/bateria-carlsbro-digital-mod-rock50bp1\\\/#breadcrumb\"},\"inLanguage\":\"en-US\",\"potentialAction\":[{\"@type\":\"ReadAction\",\"target\":[\"https:\\\/\\\/www.mexicanguitarplayers.com\\\/tienda\\\/sin categor\u00eda\\\/bateria-carlsbro-digital-mod-rock50bp1\\\/\"]}]},{\"@type\":\"ImageObject\",\"inLanguage\":\"en-US\",\"@id\":\"https:\\\/\\\/www.mexicanguitarplayers.com\\\/tienda\\\/sin categor\u00eda\\\/bateria-carlsbro-digital-mod-rock50bp1\\\/#primaryimage\",\"url\":\"https:\\\/\\\/www.mexicanguitarplayers.com\\\/wp-content\\\/uploads\\\/2025\\\/04\\\/IPCLSROCK50BP1.jpg\",\"contentUrl\":\"https:\\\/\\\/www.mexicanguitarplayers.com\\\/wp-content\\\/uploads\\\/2025\\\/04\\\/IPCLSROCK50BP1.jpg\",\"width\":1200,\"height\":1200},{\"@type\":\"BreadcrumbList\",\"@id\":\"https:\\\/\\\/www.mexicanguitarplayers.com\\\/tienda\\\/sin categor\u00eda\\\/bateria-carlsbro-digital-mod-rock50bp1\\\/#breadcrumb\",\"itemListElement\":[{\"@type\":\"ListItem\",\"position\":1,\"name\":\"Portada\",\"item\":\"https:\\\/\\\/www.mexicanguitarplayers.com\\\/\"},{\"@type\":\"ListItem\",\"position\":2,\"name\":\"Tienda\",\"item\":\"https:\\\/\\\/www.mexicanguitarplayers.com\\\/tienda\\\/\"},{\"@type\":\"ListItem\",\"position\":3,\"name\":\"BATERIA CARLSBRO DIGITAL MOD. ROCK50BP1\"}]},{\"@type\":\"WebSite\",\"@id\":\"https:\\\/\\\/www.mexicanguitarplayers.com\\\/#website\",\"url\":\"https:\\\/\\\/www.mexicanguitarplayers.com\\\/\",\"name\":\"Mexican Guitar Players\",\"description\":\"Website\",\"publisher\":{\"@id\":\"https:\\\/\\\/www.mexicanguitarplayers.com\\\/#organization\"},\"potentialAction\":[{\"@type\":\"SearchAction\",\"target\":{\"@type\":\"EntryPoint\",\"urlTemplate\":\"https:\\\/\\\/www.mexicanguitarplayers.com\\\/?s={search_term_string}\"},\"query-input\":{\"@type\":\"PropertyValueSpecification\",\"valueRequired\":true,\"valueName\":\"search_term_string\"}}],\"inLanguage\":\"en-US\"},{\"@type\":\"Organization\",\"@id\":\"https:\\\/\\\/www.mexicanguitarplayers.com\\\/#organization\",\"name\":\"Mexican Guitar Players\",\"url\":\"https:\\\/\\\/www.mexicanguitarplayers.com\\\/\",\"logo\":{\"@type\":\"ImageObject\",\"inLanguage\":\"en-US\",\"@id\":\"https:\\\/\\\/www.mexicanguitarplayers.com\\\/#\\\/schema\\\/logo\\\/image\\\/\",\"url\":\"\",\"contentUrl\":\"\",\"caption\":\"Mexican Guitar Players\"},\"image\":{\"@id\":\"https:\\\/\\\/www.mexicanguitarplayers.com\\\/#\\\/schema\\\/logo\\\/image\\\/\"}}]}<\/script>\n<!-- \/ Yoast SEO plugin. -->","yoast_head_json":{"title":"BATERIA CARLSBRO DIGITAL MOD. ROCK50BP1 - Mexican Guitar Players","description":"Bater\u00eda electr\u00f3nica junior,, ideal para bateristas principiantes y junior, s\u00faper compacta y f\u00e1cil de transportar, 108 voces de percusi\u00f3n de alta calidad, 10 kits de bater\u00eda prestablecidos, 2 kits de usuario, 10 canciones de demo, entrada auxiliar, salida de l\u00ednea, salida de aud\u00edfonos, salida MIDI, instalaci\u00f3n de grabaci\u00f3n y reproducci\u00f3n, metr\u00f3nomo con ajuste de comp\u00e1s, tempo y volumen, incluye 1 m\u00f3dulo de sonido Rack 50, 1 pad de tarola de 7\u201d pulgadas, 1 pad de tom de 7\u201d pulgadas, 1 pad de platillo de 8\u201d pulgadas, 1 pedal de bombo, 1 rack de tr\u00edpode de altura ajustable, 1 par de baquetas, 1 banco de bater\u00eda junior, aud\u00edfonos Carlsbro DCN2 y una caja display de bombo. Incluye tambi\u00e9n banco para baterista (CSS3) y aud\u00edfonos de pr\u00e1ctica (DCN2).","robots":{"index":"index","follow":"follow","max-snippet":"max-snippet:-1","max-image-preview":"max-image-preview:large","max-video-preview":"max-video-preview:-1"},"canonical":"https:\/\/www.mexicanguitarplayers.com\/en\/tienda\/sin categor\u00eda\/bateria-carlsbro-digital-mod-rock50bp1\/","og_locale":"en_US","og_type":"article","og_title":"BATERIA CARLSBRO DIGITAL MOD. ROCK50BP1 - Mexican Guitar Players","og_description":"Bater\u00eda electr\u00f3nica junior,, ideal para bateristas principiantes y junior, s\u00faper compacta y f\u00e1cil de transportar, 108 voces de percusi\u00f3n de alta calidad, 10 kits de bater\u00eda prestablecidos, 2 kits de usuario, 10 canciones de demo, entrada auxiliar, salida de l\u00ednea, salida de aud\u00edfonos, salida MIDI, instalaci\u00f3n de grabaci\u00f3n y reproducci\u00f3n, metr\u00f3nomo con ajuste de comp\u00e1s, tempo y volumen, incluye 1 m\u00f3dulo de sonido Rack 50, 1 pad de tarola de 7\u201d pulgadas, 1 pad de tom de 7\u201d pulgadas, 1 pad de platillo de 8\u201d pulgadas, 1 pedal de bombo, 1 rack de tr\u00edpode de altura ajustable, 1 par de baquetas, 1 banco de bater\u00eda junior, aud\u00edfonos Carlsbro DCN2 y una caja display de bombo. Incluye tambi\u00e9n banco para baterista (CSS3) y aud\u00edfonos de pr\u00e1ctica (DCN2).","og_url":"https:\/\/www.mexicanguitarplayers.com\/en\/tienda\/sin categor\u00eda\/bateria-carlsbro-digital-mod-rock50bp1\/","og_site_name":"Mexican Guitar Players","article_modified_time":"2026-05-03T01:15:05+00:00","twitter_card":"summary_large_image","twitter_misc":{"Est. reading time":"2 minutes"},"schema":{"@context":"https:\/\/schema.org","@graph":[{"@type":["WebPage","ItemPage"],"@id":"https:\/\/www.mexicanguitarplayers.com\/tienda\/sin categor\u00eda\/bateria-carlsbro-digital-mod-rock50bp1\/","url":"https:\/\/www.mexicanguitarplayers.com\/tienda\/sin categor\u00eda\/bateria-carlsbro-digital-mod-rock50bp1\/","name":"BATERIA CARLSBRO DIGITAL MOD. ROCK50BP1 - Mexican Guitar Players","isPartOf":{"@id":"https:\/\/www.mexicanguitarplayers.com\/#website"},"primaryImageOfPage":{"@id":"https:\/\/www.mexicanguitarplayers.com\/tienda\/sin categor\u00eda\/bateria-carlsbro-digital-mod-rock50bp1\/#primaryimage"},"image":{"@id":"https:\/\/www.mexicanguitarplayers.com\/tienda\/sin categor\u00eda\/bateria-carlsbro-digital-mod-rock50bp1\/#primaryimage"},"thumbnailUrl":"https:\/\/www.mexicanguitarplayers.com\/wp-content\/uploads\/2025\/04\/IPCLSROCK50BP1.jpg","datePublished":"2025-04-06T19:11:52+00:00","dateModified":"2026-05-03T01:15:05+00:00","description":"Bater\u00eda electr\u00f3nica junior,, ideal para bateristas principiantes y junior, s\u00faper compacta y f\u00e1cil de transportar, 108 voces de percusi\u00f3n de alta calidad, 10 kits de bater\u00eda prestablecidos, 2 kits de usuario, 10 canciones de demo, entrada auxiliar, salida de l\u00ednea, salida de aud\u00edfonos, salida MIDI, instalaci\u00f3n de grabaci\u00f3n y reproducci\u00f3n, metr\u00f3nomo con ajuste de comp\u00e1s, tempo y volumen, incluye 1 m\u00f3dulo de sonido Rack 50, 1 pad de tarola de 7\u201d pulgadas, 1 pad de tom de 7\u201d pulgadas, 1 pad de platillo de 8\u201d pulgadas, 1 pedal de bombo, 1 rack de tr\u00edpode de altura ajustable, 1 par de baquetas, 1 banco de bater\u00eda junior, aud\u00edfonos Carlsbro DCN2 y una caja display de bombo. Incluye tambi\u00e9n banco para baterista (CSS3) y aud\u00edfonos de pr\u00e1ctica (DCN2).","breadcrumb":{"@id":"https:\/\/www.mexicanguitarplayers.com\/tienda\/sin categor\u00eda\/bateria-carlsbro-digital-mod-rock50bp1\/#breadcrumb"},"inLanguage":"en-US","potentialAction":[{"@type":"ReadAction","target":["https:\/\/www.mexicanguitarplayers.com\/tienda\/sin categor\u00eda\/bateria-carlsbro-digital-mod-rock50bp1\/"]}]},{"@type":"ImageObject","inLanguage":"en-US","@id":"https:\/\/www.mexicanguitarplayers.com\/tienda\/sin categor\u00eda\/bateria-carlsbro-digital-mod-rock50bp1\/#primaryimage","url":"https:\/\/www.mexicanguitarplayers.com\/wp-content\/uploads\/2025\/04\/IPCLSROCK50BP1.jpg","contentUrl":"https:\/\/www.mexicanguitarplayers.com\/wp-content\/uploads\/2025\/04\/IPCLSROCK50BP1.jpg","width":1200,"height":1200},{"@type":"BreadcrumbList","@id":"https:\/\/www.mexicanguitarplayers.com\/tienda\/sin categor\u00eda\/bateria-carlsbro-digital-mod-rock50bp1\/#breadcrumb","itemListElement":[{"@type":"ListItem","position":1,"name":"Portada","item":"https:\/\/www.mexicanguitarplayers.com\/"},{"@type":"ListItem","position":2,"name":"Tienda","item":"https:\/\/www.mexicanguitarplayers.com\/tienda\/"},{"@type":"ListItem","position":3,"name":"BATERIA CARLSBRO DIGITAL MOD. ROCK50BP1"}]},{"@type":"WebSite","@id":"https:\/\/www.mexicanguitarplayers.com\/#website","url":"https:\/\/www.mexicanguitarplayers.com\/","name":"Mexican Guitar Players","description":"Website","publisher":{"@id":"https:\/\/www.mexicanguitarplayers.com\/#organization"},"potentialAction":[{"@type":"SearchAction","target":{"@type":"EntryPoint","urlTemplate":"https:\/\/www.mexicanguitarplayers.com\/?s={search_term_string}"},"query-input":{"@type":"PropertyValueSpecification","valueRequired":true,"valueName":"search_term_string"}}],"inLanguage":"en-US"},{"@type":"Organization","@id":"https:\/\/www.mexicanguitarplayers.com\/#organization","name":"Mexican Guitar Players","url":"https:\/\/www.mexicanguitarplayers.com\/","logo":{"@type":"ImageObject","inLanguage":"en-US","@id":"https:\/\/www.mexicanguitarplayers.com\/#\/schema\/logo\/image\/","url":"","contentUrl":"","caption":"Mexican Guitar Players"},"image":{"@id":"https:\/\/www.mexicanguitarplayers.com\/#\/schema\/logo\/image\/"}}]}},"brands":[{"id":501,"name":"CARLSBRO","slug":"carlsbro"}],"_links":{"self":[{"href":"https:\/\/www.mexicanguitarplayers.com\/en\/wp-json\/wp\/v2\/product\/23565","targetHints":{"allow":["GET"]}}],"collection":[{"href":"https:\/\/www.mexicanguitarplayers.com\/en\/wp-json\/wp\/v2\/product"}],"about":[{"href":"https:\/\/www.mexicanguitarplayers.com\/en\/wp-json\/wp\/v2\/types\/product"}],"replies":[{"embeddable":true,"href":"https:\/\/www.mexicanguitarplayers.com\/en\/wp-json\/wp\/v2\/comments?post=23565"}],"wp:featuredmedia":[{"embeddable":true,"href":"https:\/\/www.mexicanguitarplayers.com\/en\/wp-json\/wp\/v2\/media\/23560"}],"wp:attachment":[{"href":"https:\/\/www.mexicanguitarplayers.com\/en\/wp-json\/wp\/v2\/media?parent=23565"}],"wp:term":[{"taxonomy":"pwb-brand","embeddable":true,"href":"https:\/\/www.mexicanguitarplayers.com\/en\/wp-json\/wp\/v2\/pwb-brand?post=23565"},{"taxonomy":"product_brand","embeddable":true,"href":"https:\/\/www.mexicanguitarplayers.com\/en\/wp-json\/wp\/v2\/product_brand?post=23565"},{"taxonomy":"product_cat","embeddable":true,"href":"https:\/\/www.mexicanguitarplayers.com\/en\/wp-json\/wp\/v2\/product_cat?post=23565"},{"taxonomy":"product_tag","embeddable":true,"href":"https:\/\/www.mexicanguitarplayers.com\/en\/wp-json\/wp\/v2\/product_tag?post=23565"}],"curies":[{"name":"wp","href":"https:\/\/api.w.org\/{rel}","templated":true}]}}