{"id":23580,"date":"2025-04-06T13:13:24","date_gmt":"2025-04-06T19:13:24","guid":{"rendered":"https:\/\/www.mexicanguitarplayers.com\/tienda\/sin categor\u00eda\/capodastro-planet-wave-mod-pw-cp-07\/"},"modified":"2026-05-01T07:30:45","modified_gmt":"2026-05-01T13:30:45","slug":"capodastro-planet-wave-mod-pw-cp-07","status":"publish","type":"product","link":"https:\/\/www.mexicanguitarplayers.com\/en\/tienda\/accesorios\/para-guitarras\/capodastros\/capodastro-planet-wave-mod-pw-cp-07\/","title":{"rendered":"CAPODASTRO PLANET WAVE MOD. PW-CP-07"},"content":{"rendered":"<div style=\"text-align: justify\">\n<div>\n<h3>El capodastro m\u00e1s fino.<\/h3>\n<\/div>\n<div>El capo NS Lite de Planet Waves est\u00e1 fabricado en termopl\u00e1stico ABS moldeado de gran resistencia y se puede usar en guitarras ac\u00fasticas y el\u00e9ctricas de 6 cuerdas.  Un mecanismo de ajuste microm\u00e9trico patentado permite que el guitarrista digite la tensi\u00f3n exacta que necesita para la guitarra, las cuerdas y la posici\u00f3n de ejecuci\u00f3n. Esto reduce notablemente la necesidad de volver a afinar la guitarra durante y despu\u00e9s del uso del capo. El dise\u00f1o de los capos de ABS moldeado ofrece un peso liviano, facilidad de uso y m\u00e1xima funcionalidad a un precio accesible. Disfruta de una ejecuci\u00f3n sin zumbidos y afinada en todos los trastes sin quedar en bancarrota.  Tambi\u00e9n disponible en el modelo NS Pro, con estructura de aluminio de calidad de aviaci\u00f3n. Los capos de la serie NS de Planet Waves son el resultado de la colaboraci\u00f3n continua entre el afamado dise\u00f1ador de productos Ned Steinberger, Jim D&#8217;Addario y Planet Waves.<\/div>\n<div>\n<h4>Quick look<\/h4>\n<\/div>\n<ul style=\"margin: 0px 0px 0px 25px\">\n<li style=\"list-style-type: circle;margin: 5px\">Dise\u00f1o especial.<\/li>\n<li style=\"list-style-type: circle;margin: 5px\">Ajuste de tensi\u00f3n del micr\u00f3metro.<\/li>\n<\/ul>\n<div>\n<div style=\"font-weight: bold\">Dise\u00f1o especial.<\/div>\n<div>\n<p>Est\u00e1 dise\u00f1ado con colores llamativos y atractivos aparte de ser muy el\u00e1stico y sencillo de ajustar.<\/p>\n<\/div>\n<div style=\"font-weight: bold\">Ajuste de tensi\u00f3n del micr\u00f3metro.<\/div>\n<div>\n<p>Garantiza una ejecuci\u00f3n sin zumbidos y afinada en cada traste.<\/p>\n<\/div>\n<\/div>\n<div>\n<h4>Characteristics<\/h4>\n<\/div>\n<div>\n<ul style=\"margin: 0px 0px 0px 25px\">\n<li style=\"list-style-type: circle;margin: 5px\">F\u00e1cil colocaci\u00f3n con una sola mano.<\/li>\n<li style=\"list-style-type: circle;margin: 5px\">Ajuste de presi\u00f3n.<\/li>\n<li style=\"list-style-type: circle;margin: 5px\">Dise\u00f1ado para guitarras ac\u00fasticas y el\u00e9ctricas con brazos redondeados.<\/li>\n<li style=\"list-style-type: circle;margin: 5px\">Estructura duradera de termopl\u00e1stico ABS moldeado.<\/li>\n<li style=\"list-style-type: circle;margin: 5px\">No se recomienda utilizarlo en guitarras de 12 cuerdas.<\/li>\n<\/ul>\n<\/div>\n<\/div>","protected":false},"excerpt":{"rendered":"<p>Capo NS Lite de Planet Waves, fabricado en termopl\u00e1stico ABS moldeado de gran resistencia, se puede usar en guitarras ac\u00fasticas y el\u00e9ctricas de 6 cuerdas, mecanismo de ajuste microm\u00e9trico patentado permite que el guitarrista digite la tensi\u00f3n exacta que necesita para la guitarra, las cuerdas y la posici\u00f3n de ejecuci\u00f3n,peso liviano, facilidad de uso y m\u00e1xima funcionalidad.&hellip; <a class=\"kt-excerpt-readmore more-link\" href=\"https:\/\/www.mexicanguitarplayers.com\/en\/tienda\/accesorios\/para-guitarras\/capodastros\/capodastro-planet-wave-mod-pw-cp-07\/\">Read more<\/a><\/p>","protected":false},"featured_media":23576,"comment_status":"open","ping_status":"closed","template":"","meta":{"kt_blocks_editor_width":""},"pwb-brand":[604],"product_brand":[],"product_cat":[85,613,336],"product_tag":[],"class_list":{"0":"post-23580","1":"product","2":"type-product","3":"status-publish","4":"has-post-thumbnail","6":"pwb-brand-planet-waves","7":"product_cat-accesorios","8":"product_cat-capodastros","9":"product_cat-para-guitarras","10":"product_shipping_class-0-5-kg","12":"first","13":"instock","14":"taxable","15":"shipping-taxable","16":"purchasable","17":"product-type-simple"},"yoast_head":"<!-- This site is optimized with the Yoast SEO plugin v27.6 - https:\/\/yoast.com\/product\/yoast-seo-wordpress\/ -->\n<title>CAPODASTRO PLANET WAVE MOD. PW-CP-07 - Mexican Guitar Players<\/title>\n<meta name=\"description\" content=\"Capo NS Lite de Planet Waves, fabricado en termopl\u00e1stico ABS moldeado de gran resistencia, se puede usar en guitarras ac\u00fasticas y el\u00e9ctricas de 6 cuerdas, mecanismo de ajuste microm\u00e9trico patentado permite que el guitarrista digite la tensi\u00f3n exacta que necesita para la guitarra, las cuerdas y la posici\u00f3n de ejecuci\u00f3n,peso liviano, facilidad de uso y m\u00e1xima funcionalidad.\" \/>\n<meta name=\"robots\" content=\"index, follow, max-snippet:-1, max-image-preview:large, max-video-preview:-1\" \/>\n<link rel=\"canonical\" href=\"https:\/\/www.mexicanguitarplayers.com\/en\/tienda\/sin%20categor\u00eda\/capodastro-planet-wave-mod-pw-cp-07\/\" \/>\n<meta property=\"og:locale\" content=\"en_US\" \/>\n<meta property=\"og:type\" content=\"article\" \/>\n<meta property=\"og:title\" content=\"CAPODASTRO PLANET WAVE MOD. PW-CP-07 - Mexican Guitar Players\" \/>\n<meta property=\"og:description\" content=\"Capo NS Lite de Planet Waves, fabricado en termopl\u00e1stico ABS moldeado de gran resistencia, se puede usar en guitarras ac\u00fasticas y el\u00e9ctricas de 6 cuerdas, mecanismo de ajuste microm\u00e9trico patentado permite que el guitarrista digite la tensi\u00f3n exacta que necesita para la guitarra, las cuerdas y la posici\u00f3n de ejecuci\u00f3n,peso liviano, facilidad de uso y m\u00e1xima funcionalidad.\" \/>\n<meta property=\"og:url\" content=\"https:\/\/www.mexicanguitarplayers.com\/en\/tienda\/sin categor\u00eda\/capodastro-planet-wave-mod-pw-cp-07\/\" \/>\n<meta property=\"og:site_name\" content=\"Mexican Guitar Players\" \/>\n<meta property=\"article:modified_time\" content=\"2026-05-01T13:30:45+00:00\" \/>\n<meta name=\"twitter:card\" content=\"summary_large_image\" \/>\n<meta name=\"twitter:label1\" content=\"Est. reading time\" \/>\n\t<meta name=\"twitter:data1\" content=\"1 minute\" \/>\n<script type=\"application\/ld+json\" class=\"yoast-schema-graph\">{\"@context\":\"https:\\\/\\\/schema.org\",\"@graph\":[{\"@type\":[\"WebPage\",\"ItemPage\"],\"@id\":\"https:\\\/\\\/www.mexicanguitarplayers.com\\\/tienda\\\/sin categor\u00eda\\\/capodastro-planet-wave-mod-pw-cp-07\\\/\",\"url\":\"https:\\\/\\\/www.mexicanguitarplayers.com\\\/tienda\\\/sin categor\u00eda\\\/capodastro-planet-wave-mod-pw-cp-07\\\/\",\"name\":\"CAPODASTRO PLANET WAVE MOD. PW-CP-07 - Mexican Guitar Players\",\"isPartOf\":{\"@id\":\"https:\\\/\\\/www.mexicanguitarplayers.com\\\/#website\"},\"primaryImageOfPage\":{\"@id\":\"https:\\\/\\\/www.mexicanguitarplayers.com\\\/tienda\\\/sin categor\u00eda\\\/capodastro-planet-wave-mod-pw-cp-07\\\/#primaryimage\"},\"image\":{\"@id\":\"https:\\\/\\\/www.mexicanguitarplayers.com\\\/tienda\\\/sin categor\u00eda\\\/capodastro-planet-wave-mod-pw-cp-07\\\/#primaryimage\"},\"thumbnailUrl\":\"https:\\\/\\\/www.mexicanguitarplayers.com\\\/wp-content\\\/uploads\\\/2025\\\/04\\\/RAPWAPWCP07.jpg\",\"datePublished\":\"2025-04-06T19:13:24+00:00\",\"dateModified\":\"2026-05-01T13:30:45+00:00\",\"description\":\"Capo NS Lite de Planet Waves, fabricado en termopl\u00e1stico ABS moldeado de gran resistencia, se puede usar en guitarras ac\u00fasticas y el\u00e9ctricas de 6 cuerdas, mecanismo de ajuste microm\u00e9trico patentado permite que el guitarrista digite la tensi\u00f3n exacta que necesita para la guitarra, las cuerdas y la posici\u00f3n de ejecuci\u00f3n,peso liviano, facilidad de uso y m\u00e1xima funcionalidad.\",\"breadcrumb\":{\"@id\":\"https:\\\/\\\/www.mexicanguitarplayers.com\\\/tienda\\\/sin categor\u00eda\\\/capodastro-planet-wave-mod-pw-cp-07\\\/#breadcrumb\"},\"inLanguage\":\"en-US\",\"potentialAction\":[{\"@type\":\"ReadAction\",\"target\":[\"https:\\\/\\\/www.mexicanguitarplayers.com\\\/tienda\\\/sin categor\u00eda\\\/capodastro-planet-wave-mod-pw-cp-07\\\/\"]}]},{\"@type\":\"ImageObject\",\"inLanguage\":\"en-US\",\"@id\":\"https:\\\/\\\/www.mexicanguitarplayers.com\\\/tienda\\\/sin categor\u00eda\\\/capodastro-planet-wave-mod-pw-cp-07\\\/#primaryimage\",\"url\":\"https:\\\/\\\/www.mexicanguitarplayers.com\\\/wp-content\\\/uploads\\\/2025\\\/04\\\/RAPWAPWCP07.jpg\",\"contentUrl\":\"https:\\\/\\\/www.mexicanguitarplayers.com\\\/wp-content\\\/uploads\\\/2025\\\/04\\\/RAPWAPWCP07.jpg\",\"width\":1200,\"height\":1200},{\"@type\":\"BreadcrumbList\",\"@id\":\"https:\\\/\\\/www.mexicanguitarplayers.com\\\/tienda\\\/sin categor\u00eda\\\/capodastro-planet-wave-mod-pw-cp-07\\\/#breadcrumb\",\"itemListElement\":[{\"@type\":\"ListItem\",\"position\":1,\"name\":\"Portada\",\"item\":\"https:\\\/\\\/www.mexicanguitarplayers.com\\\/\"},{\"@type\":\"ListItem\",\"position\":2,\"name\":\"Tienda\",\"item\":\"https:\\\/\\\/www.mexicanguitarplayers.com\\\/tienda\\\/\"},{\"@type\":\"ListItem\",\"position\":3,\"name\":\"CAPODASTRO PLANET WAVE MOD. PW-CP-07\"}]},{\"@type\":\"WebSite\",\"@id\":\"https:\\\/\\\/www.mexicanguitarplayers.com\\\/#website\",\"url\":\"https:\\\/\\\/www.mexicanguitarplayers.com\\\/\",\"name\":\"Mexican Guitar Players\",\"description\":\"Website\",\"publisher\":{\"@id\":\"https:\\\/\\\/www.mexicanguitarplayers.com\\\/#organization\"},\"potentialAction\":[{\"@type\":\"SearchAction\",\"target\":{\"@type\":\"EntryPoint\",\"urlTemplate\":\"https:\\\/\\\/www.mexicanguitarplayers.com\\\/?s={search_term_string}\"},\"query-input\":{\"@type\":\"PropertyValueSpecification\",\"valueRequired\":true,\"valueName\":\"search_term_string\"}}],\"inLanguage\":\"en-US\"},{\"@type\":\"Organization\",\"@id\":\"https:\\\/\\\/www.mexicanguitarplayers.com\\\/#organization\",\"name\":\"Mexican Guitar Players\",\"url\":\"https:\\\/\\\/www.mexicanguitarplayers.com\\\/\",\"logo\":{\"@type\":\"ImageObject\",\"inLanguage\":\"en-US\",\"@id\":\"https:\\\/\\\/www.mexicanguitarplayers.com\\\/#\\\/schema\\\/logo\\\/image\\\/\",\"url\":\"\",\"contentUrl\":\"\",\"caption\":\"Mexican Guitar Players\"},\"image\":{\"@id\":\"https:\\\/\\\/www.mexicanguitarplayers.com\\\/#\\\/schema\\\/logo\\\/image\\\/\"}}]}<\/script>\n<!-- \/ Yoast SEO plugin. -->","yoast_head_json":{"title":"CAPODASTRO PLANET WAVE MOD. PW-CP-07 - Mexican Guitar Players","description":"Capo NS Lite de Planet Waves, fabricado en termopl\u00e1stico ABS moldeado de gran resistencia, se puede usar en guitarras ac\u00fasticas y el\u00e9ctricas de 6 cuerdas, mecanismo de ajuste microm\u00e9trico patentado permite que el guitarrista digite la tensi\u00f3n exacta que necesita para la guitarra, las cuerdas y la posici\u00f3n de ejecuci\u00f3n,peso liviano, facilidad de uso y m\u00e1xima funcionalidad.","robots":{"index":"index","follow":"follow","max-snippet":"max-snippet:-1","max-image-preview":"max-image-preview:large","max-video-preview":"max-video-preview:-1"},"canonical":"https:\/\/www.mexicanguitarplayers.com\/en\/tienda\/sin categor\u00eda\/capodastro-planet-wave-mod-pw-cp-07\/","og_locale":"en_US","og_type":"article","og_title":"CAPODASTRO PLANET WAVE MOD. PW-CP-07 - Mexican Guitar Players","og_description":"Capo NS Lite de Planet Waves, fabricado en termopl\u00e1stico ABS moldeado de gran resistencia, se puede usar en guitarras ac\u00fasticas y el\u00e9ctricas de 6 cuerdas, mecanismo de ajuste microm\u00e9trico patentado permite que el guitarrista digite la tensi\u00f3n exacta que necesita para la guitarra, las cuerdas y la posici\u00f3n de ejecuci\u00f3n,peso liviano, facilidad de uso y m\u00e1xima funcionalidad.","og_url":"https:\/\/www.mexicanguitarplayers.com\/en\/tienda\/sin categor\u00eda\/capodastro-planet-wave-mod-pw-cp-07\/","og_site_name":"Mexican Guitar Players","article_modified_time":"2026-05-01T13:30:45+00:00","twitter_card":"summary_large_image","twitter_misc":{"Est. reading time":"1 minute"},"schema":{"@context":"https:\/\/schema.org","@graph":[{"@type":["WebPage","ItemPage"],"@id":"https:\/\/www.mexicanguitarplayers.com\/tienda\/sin categor\u00eda\/capodastro-planet-wave-mod-pw-cp-07\/","url":"https:\/\/www.mexicanguitarplayers.com\/tienda\/sin categor\u00eda\/capodastro-planet-wave-mod-pw-cp-07\/","name":"CAPODASTRO PLANET WAVE MOD. PW-CP-07 - Mexican Guitar Players","isPartOf":{"@id":"https:\/\/www.mexicanguitarplayers.com\/#website"},"primaryImageOfPage":{"@id":"https:\/\/www.mexicanguitarplayers.com\/tienda\/sin categor\u00eda\/capodastro-planet-wave-mod-pw-cp-07\/#primaryimage"},"image":{"@id":"https:\/\/www.mexicanguitarplayers.com\/tienda\/sin categor\u00eda\/capodastro-planet-wave-mod-pw-cp-07\/#primaryimage"},"thumbnailUrl":"https:\/\/www.mexicanguitarplayers.com\/wp-content\/uploads\/2025\/04\/RAPWAPWCP07.jpg","datePublished":"2025-04-06T19:13:24+00:00","dateModified":"2026-05-01T13:30:45+00:00","description":"Capo NS Lite de Planet Waves, fabricado en termopl\u00e1stico ABS moldeado de gran resistencia, se puede usar en guitarras ac\u00fasticas y el\u00e9ctricas de 6 cuerdas, mecanismo de ajuste microm\u00e9trico patentado permite que el guitarrista digite la tensi\u00f3n exacta que necesita para la guitarra, las cuerdas y la posici\u00f3n de ejecuci\u00f3n,peso liviano, facilidad de uso y m\u00e1xima funcionalidad.","breadcrumb":{"@id":"https:\/\/www.mexicanguitarplayers.com\/tienda\/sin categor\u00eda\/capodastro-planet-wave-mod-pw-cp-07\/#breadcrumb"},"inLanguage":"en-US","potentialAction":[{"@type":"ReadAction","target":["https:\/\/www.mexicanguitarplayers.com\/tienda\/sin categor\u00eda\/capodastro-planet-wave-mod-pw-cp-07\/"]}]},{"@type":"ImageObject","inLanguage":"en-US","@id":"https:\/\/www.mexicanguitarplayers.com\/tienda\/sin categor\u00eda\/capodastro-planet-wave-mod-pw-cp-07\/#primaryimage","url":"https:\/\/www.mexicanguitarplayers.com\/wp-content\/uploads\/2025\/04\/RAPWAPWCP07.jpg","contentUrl":"https:\/\/www.mexicanguitarplayers.com\/wp-content\/uploads\/2025\/04\/RAPWAPWCP07.jpg","width":1200,"height":1200},{"@type":"BreadcrumbList","@id":"https:\/\/www.mexicanguitarplayers.com\/tienda\/sin categor\u00eda\/capodastro-planet-wave-mod-pw-cp-07\/#breadcrumb","itemListElement":[{"@type":"ListItem","position":1,"name":"Portada","item":"https:\/\/www.mexicanguitarplayers.com\/"},{"@type":"ListItem","position":2,"name":"Tienda","item":"https:\/\/www.mexicanguitarplayers.com\/tienda\/"},{"@type":"ListItem","position":3,"name":"CAPODASTRO PLANET WAVE MOD. PW-CP-07"}]},{"@type":"WebSite","@id":"https:\/\/www.mexicanguitarplayers.com\/#website","url":"https:\/\/www.mexicanguitarplayers.com\/","name":"Mexican Guitar Players","description":"Website","publisher":{"@id":"https:\/\/www.mexicanguitarplayers.com\/#organization"},"potentialAction":[{"@type":"SearchAction","target":{"@type":"EntryPoint","urlTemplate":"https:\/\/www.mexicanguitarplayers.com\/?s={search_term_string}"},"query-input":{"@type":"PropertyValueSpecification","valueRequired":true,"valueName":"search_term_string"}}],"inLanguage":"en-US"},{"@type":"Organization","@id":"https:\/\/www.mexicanguitarplayers.com\/#organization","name":"Mexican Guitar Players","url":"https:\/\/www.mexicanguitarplayers.com\/","logo":{"@type":"ImageObject","inLanguage":"en-US","@id":"https:\/\/www.mexicanguitarplayers.com\/#\/schema\/logo\/image\/","url":"","contentUrl":"","caption":"Mexican Guitar Players"},"image":{"@id":"https:\/\/www.mexicanguitarplayers.com\/#\/schema\/logo\/image\/"}}]}},"brands":[{"id":604,"name":"PLANET WAVES","slug":"planet-waves"}],"_links":{"self":[{"href":"https:\/\/www.mexicanguitarplayers.com\/en\/wp-json\/wp\/v2\/product\/23580","targetHints":{"allow":["GET"]}}],"collection":[{"href":"https:\/\/www.mexicanguitarplayers.com\/en\/wp-json\/wp\/v2\/product"}],"about":[{"href":"https:\/\/www.mexicanguitarplayers.com\/en\/wp-json\/wp\/v2\/types\/product"}],"replies":[{"embeddable":true,"href":"https:\/\/www.mexicanguitarplayers.com\/en\/wp-json\/wp\/v2\/comments?post=23580"}],"wp:featuredmedia":[{"embeddable":true,"href":"https:\/\/www.mexicanguitarplayers.com\/en\/wp-json\/wp\/v2\/media\/23576"}],"wp:attachment":[{"href":"https:\/\/www.mexicanguitarplayers.com\/en\/wp-json\/wp\/v2\/media?parent=23580"}],"wp:term":[{"taxonomy":"pwb-brand","embeddable":true,"href":"https:\/\/www.mexicanguitarplayers.com\/en\/wp-json\/wp\/v2\/pwb-brand?post=23580"},{"taxonomy":"product_brand","embeddable":true,"href":"https:\/\/www.mexicanguitarplayers.com\/en\/wp-json\/wp\/v2\/product_brand?post=23580"},{"taxonomy":"product_cat","embeddable":true,"href":"https:\/\/www.mexicanguitarplayers.com\/en\/wp-json\/wp\/v2\/product_cat?post=23580"},{"taxonomy":"product_tag","embeddable":true,"href":"https:\/\/www.mexicanguitarplayers.com\/en\/wp-json\/wp\/v2\/product_tag?post=23580"}],"curies":[{"name":"wp","href":"https:\/\/api.w.org\/{rel}","templated":true}]}}