{"id":23615,"date":"2025-04-06T13:15:01","date_gmt":"2025-04-06T19:15:01","guid":{"rendered":"https:\/\/www.mexicanguitarplayers.com\/tienda\/sin categor\u00eda\/funda-gator-p-microfono-gm-1w\/"},"modified":"2026-04-27T19:15:10","modified_gmt":"2026-04-28T01:15:10","slug":"funda-gator-p-microfono-gm-1w","status":"publish","type":"product","link":"https:\/\/www.mexicanguitarplayers.com\/en\/tienda\/accesorios\/varios\/funda-gator-p-microfono-gm-1w\/","title":{"rendered":"FUNDA GATOR P\/MICROFONO GM-1W"},"content":{"rendered":"<div style=\"text-align: justify\">\n<div>\n<h3>Un gran apoyo para tu sistema inal\u00e1mbrico.<\/h3>\n<\/div>\n<div>La funda acolchada Gator Cases GM-1W Singular Wireless Microphone System proporciona un soporte s\u00f3lido y una protecci\u00f3n premium para tu sistema inal\u00e1mbrico \u00fanico. Una cubierta externa de nylon liviana y duradera rodea c\u00f3modos compartimentos dise\u00f1ados espec\u00edficamente para tu sistema. Tu receptor descansa de forma seguro en el interior junto con tus lavaliers, cables, micr\u00f3fono inal\u00e1mbrico de mano y otros accesorios. Las antenas extensibles tienen mucho espacio para estirarse mientras permanecen protegidas dentro de la funda. Tanto el empaque como la instalaci\u00f3n son simples con gabinetes de cierres delanteros y traseros de f\u00e1cil acceso. Una pr\u00e1ctica ventana de tarjeta de informaci\u00f3n mantiene se etiqueta f\u00e1cil de leer. Una correa de hombro de nylon ajustable se puede quitar f\u00e1cilmente cuando sea necesario. Dise\u00f1ada espec\u00edficamente para albergar sistemas de micr\u00f3fonos inal\u00e1mbricos, la funda acolchada GM-1W de Gator Cases est\u00e1 preparada para proteger durante el almacenamiento y el transporte.<\/div>\n<div>\n<h4>Quick look<\/h4>\n<\/div>\n<ul style=\"margin: 0px 0px 0px 25px\">\n<li style=\"list-style-type: circle;margin: 5px\">Dimensiones interiores.<\/li>\n<li style=\"list-style-type: circle;margin: 5px\">Dimensiones exteriores.<\/li>\n<li style=\"list-style-type: circle;margin: 5px\">Weight.<\/li>\n<\/ul>\n<div>\n<div style=\"font-weight: bold\">Dimensiones interiores.<\/div>\n<div>\n<p>Longitud interior: 8.5&#8243; (215.9 mm). Ancho interior: 8&#8243; (203.2 mm). Altura interior: 2&#8243; (50.8 mm).<\/p>\n<\/div>\n<div style=\"font-weight: bold\">Dimensiones exteriores.<\/div>\n<div>\n<p>Longitud exterior: 13.75&#8243; (349.25 mm). Ancho exterior: 10&#8243; (254 mm). Altura interior: 4.5&#8243; (114.3 mm).<\/p>\n<\/div>\n<div style=\"font-weight: bold\">Weight.<\/div>\n<div>\n<p>1.8 kg.<\/p>\n<\/div>\n<\/div>\n<div>\n<h4>Characteristics<\/h4>\n<\/div>\n<div>\n<ul style=\"margin: 0px 0px 0px 25px\">\n<li style=\"list-style-type: circle;margin: 5px\">Funda ligera para sistema inal\u00e1mbrico.<\/li>\n<li style=\"list-style-type: circle;margin: 5px\">Dise\u00f1ado para un s\u00f3lo sistema.<\/li>\n<li style=\"list-style-type: circle;margin: 5px\">Acceso para ampliar la antena mientras est\u00e1 en la funda.<\/li>\n<li style=\"list-style-type: circle;margin: 5px\">Sostiene lavalieres, cables y micr\u00f3fono inal\u00e1mbrico con receptor montado.<\/li>\n<li style=\"list-style-type: circle;margin: 5px\">Acceso frontal y posterior que se descomprime para una f\u00e1cil instalaci\u00f3n.<\/li>\n<li style=\"list-style-type: circle;margin: 5px\">Ventana de tarjeta de informaci\u00f3n.<\/li>\n<li style=\"list-style-type: circle;margin: 5px\">Correa de hombro extra\u00edble y ajustable.<\/li>\n<li style=\"list-style-type: circle;margin: 5px\">Carcasa exterior de nylon ligera y duradera.<\/li>\n<li style=\"list-style-type: circle;margin: 5px\">AKG <\/li>\n<li style=\"list-style-type: circle;margin: 5px\">Audio-Technica <\/li>\n<li style=\"list-style-type: circle;margin: 5px\">Electro-Voice <\/li>\n<li style=\"list-style-type: circle;margin: 5px\">Galaxy Audio <\/li>\n<li style=\"list-style-type: circle;margin: 5px\">Gemini <\/li>\n<li style=\"list-style-type: circle;margin: 5px\">Line 6 <\/li>\n<li style=\"list-style-type: circle;margin: 5px\">Nady <\/li>\n<li style=\"list-style-type: circle;margin: 5px\">Samson <\/li>\n<li style=\"list-style-type: circle;margin: 5px\">Sennheiser <\/li>\n<li style=\"list-style-type: circle;margin: 5px\">Shure <\/li>\n<\/ul>\n<\/div>\n<\/div>","protected":false},"excerpt":{"rendered":"<p>Funda ligera para sistema inal\u00e1mbrico, dise\u00f1ado para un s\u00f3lo sistema, acceso para ampliar la antena mientras est\u00e1 en la funda, sostiene lavalieres, cables y micr\u00f3fono inal\u00e1mbrico con receptor montado, el acceso frontal y posterior se descomprime para una f\u00e1cil instalaci\u00f3n en el campo, ventana de tarjeta de informaci\u00f3n, correa de hombro extra\u00edble y ajustable, carcasa exterior de nylon ligera y duradera.&hellip; <a class=\"kt-excerpt-readmore more-link\" href=\"https:\/\/www.mexicanguitarplayers.com\/en\/tienda\/accesorios\/varios\/funda-gator-p-microfono-gm-1w\/\">Read more<\/a><\/p>","protected":false},"featured_media":23598,"comment_status":"open","ping_status":"closed","template":"","meta":{"kt_blocks_editor_width":""},"pwb-brand":[572],"product_brand":[],"product_cat":[85,517,249],"product_tag":[],"class_list":{"0":"post-23615","1":"product","2":"type-product","3":"status-publish","4":"has-post-thumbnail","6":"pwb-brand-gator","7":"product_cat-accesorios","8":"product_cat-estuches-y-fundas","9":"product_cat-varios","10":"product_shipping_class-0-5-kg","12":"first","13":"outofstock","14":"taxable","15":"shipping-taxable","16":"purchasable","17":"product-type-simple"},"yoast_head":"<!-- This site is optimized with the Yoast SEO plugin v27.5 - https:\/\/yoast.com\/product\/yoast-seo-wordpress\/ -->\n<title>FUNDA GATOR P\/MICROFONO GM-1W - Mexican Guitar Players<\/title>\n<meta name=\"description\" content=\"Funda ligera para sistema inal\u00e1mbrico, dise\u00f1ado para un s\u00f3lo sistema, acceso para ampliar la antena mientras est\u00e1 en la funda, sostiene lavalieres, cables y micr\u00f3fono inal\u00e1mbrico con receptor montado, el acceso frontal y posterior se descomprime para una f\u00e1cil instalaci\u00f3n en el campo, ventana de tarjeta de informaci\u00f3n, correa de hombro extra\u00edble y ajustable, carcasa exterior de nylon ligera y duradera.\" \/>\n<meta name=\"robots\" content=\"index, follow, max-snippet:-1, max-image-preview:large, max-video-preview:-1\" \/>\n<link rel=\"canonical\" href=\"https:\/\/www.mexicanguitarplayers.com\/en\/tienda\/sin%20categor\u00eda\/funda-gator-p-microfono-gm-1w\/\" \/>\n<meta property=\"og:locale\" content=\"en_US\" \/>\n<meta property=\"og:type\" content=\"article\" \/>\n<meta property=\"og:title\" content=\"FUNDA GATOR P\/MICROFONO GM-1W - Mexican Guitar Players\" \/>\n<meta property=\"og:description\" content=\"Funda ligera para sistema inal\u00e1mbrico, dise\u00f1ado para un s\u00f3lo sistema, acceso para ampliar la antena mientras est\u00e1 en la funda, sostiene lavalieres, cables y micr\u00f3fono inal\u00e1mbrico con receptor montado, el acceso frontal y posterior se descomprime para una f\u00e1cil instalaci\u00f3n en el campo, ventana de tarjeta de informaci\u00f3n, correa de hombro extra\u00edble y ajustable, carcasa exterior de nylon ligera y duradera.\" \/>\n<meta property=\"og:url\" content=\"https:\/\/www.mexicanguitarplayers.com\/en\/tienda\/sin categor\u00eda\/funda-gator-p-microfono-gm-1w\/\" \/>\n<meta property=\"og:site_name\" content=\"Mexican Guitar Players\" \/>\n<meta property=\"article:modified_time\" content=\"2026-04-28T01:15:10+00:00\" \/>\n<meta name=\"twitter:card\" content=\"summary_large_image\" \/>\n<meta name=\"twitter:label1\" content=\"Est. reading time\" \/>\n\t<meta name=\"twitter:data1\" content=\"1 minute\" \/>\n<script type=\"application\/ld+json\" class=\"yoast-schema-graph\">{\"@context\":\"https:\\\/\\\/schema.org\",\"@graph\":[{\"@type\":[\"WebPage\",\"ItemPage\"],\"@id\":\"https:\\\/\\\/www.mexicanguitarplayers.com\\\/tienda\\\/sin categor\u00eda\\\/funda-gator-p-microfono-gm-1w\\\/\",\"url\":\"https:\\\/\\\/www.mexicanguitarplayers.com\\\/tienda\\\/sin categor\u00eda\\\/funda-gator-p-microfono-gm-1w\\\/\",\"name\":\"FUNDA GATOR P\\\/MICROFONO GM-1W - Mexican Guitar Players\",\"isPartOf\":{\"@id\":\"https:\\\/\\\/www.mexicanguitarplayers.com\\\/#website\"},\"primaryImageOfPage\":{\"@id\":\"https:\\\/\\\/www.mexicanguitarplayers.com\\\/tienda\\\/sin categor\u00eda\\\/funda-gator-p-microfono-gm-1w\\\/#primaryimage\"},\"image\":{\"@id\":\"https:\\\/\\\/www.mexicanguitarplayers.com\\\/tienda\\\/sin categor\u00eda\\\/funda-gator-p-microfono-gm-1w\\\/#primaryimage\"},\"thumbnailUrl\":\"https:\\\/\\\/www.mexicanguitarplayers.com\\\/wp-content\\\/uploads\\\/2025\\\/04\\\/VAGATGM1W.jpg\",\"datePublished\":\"2025-04-06T19:15:01+00:00\",\"dateModified\":\"2026-04-28T01:15:10+00:00\",\"description\":\"Funda ligera para sistema inal\u00e1mbrico, dise\u00f1ado para un s\u00f3lo sistema, acceso para ampliar la antena mientras est\u00e1 en la funda, sostiene lavalieres, cables y micr\u00f3fono inal\u00e1mbrico con receptor montado, el acceso frontal y posterior se descomprime para una f\u00e1cil instalaci\u00f3n en el campo, ventana de tarjeta de informaci\u00f3n, correa de hombro extra\u00edble y ajustable, carcasa exterior de nylon ligera y duradera.\",\"breadcrumb\":{\"@id\":\"https:\\\/\\\/www.mexicanguitarplayers.com\\\/tienda\\\/sin categor\u00eda\\\/funda-gator-p-microfono-gm-1w\\\/#breadcrumb\"},\"inLanguage\":\"en-US\",\"potentialAction\":[{\"@type\":\"ReadAction\",\"target\":[\"https:\\\/\\\/www.mexicanguitarplayers.com\\\/tienda\\\/sin categor\u00eda\\\/funda-gator-p-microfono-gm-1w\\\/\"]}]},{\"@type\":\"ImageObject\",\"inLanguage\":\"en-US\",\"@id\":\"https:\\\/\\\/www.mexicanguitarplayers.com\\\/tienda\\\/sin categor\u00eda\\\/funda-gator-p-microfono-gm-1w\\\/#primaryimage\",\"url\":\"https:\\\/\\\/www.mexicanguitarplayers.com\\\/wp-content\\\/uploads\\\/2025\\\/04\\\/VAGATGM1W.jpg\",\"contentUrl\":\"https:\\\/\\\/www.mexicanguitarplayers.com\\\/wp-content\\\/uploads\\\/2025\\\/04\\\/VAGATGM1W.jpg\",\"width\":1200,\"height\":1200},{\"@type\":\"BreadcrumbList\",\"@id\":\"https:\\\/\\\/www.mexicanguitarplayers.com\\\/tienda\\\/sin categor\u00eda\\\/funda-gator-p-microfono-gm-1w\\\/#breadcrumb\",\"itemListElement\":[{\"@type\":\"ListItem\",\"position\":1,\"name\":\"Portada\",\"item\":\"https:\\\/\\\/www.mexicanguitarplayers.com\\\/\"},{\"@type\":\"ListItem\",\"position\":2,\"name\":\"Tienda\",\"item\":\"https:\\\/\\\/www.mexicanguitarplayers.com\\\/tienda\\\/\"},{\"@type\":\"ListItem\",\"position\":3,\"name\":\"FUNDA GATOR P\\\/MICROFONO GM-1W\"}]},{\"@type\":\"WebSite\",\"@id\":\"https:\\\/\\\/www.mexicanguitarplayers.com\\\/#website\",\"url\":\"https:\\\/\\\/www.mexicanguitarplayers.com\\\/\",\"name\":\"Mexican Guitar Players\",\"description\":\"Website\",\"publisher\":{\"@id\":\"https:\\\/\\\/www.mexicanguitarplayers.com\\\/#organization\"},\"potentialAction\":[{\"@type\":\"SearchAction\",\"target\":{\"@type\":\"EntryPoint\",\"urlTemplate\":\"https:\\\/\\\/www.mexicanguitarplayers.com\\\/?s={search_term_string}\"},\"query-input\":{\"@type\":\"PropertyValueSpecification\",\"valueRequired\":true,\"valueName\":\"search_term_string\"}}],\"inLanguage\":\"en-US\"},{\"@type\":\"Organization\",\"@id\":\"https:\\\/\\\/www.mexicanguitarplayers.com\\\/#organization\",\"name\":\"Mexican Guitar Players\",\"url\":\"https:\\\/\\\/www.mexicanguitarplayers.com\\\/\",\"logo\":{\"@type\":\"ImageObject\",\"inLanguage\":\"en-US\",\"@id\":\"https:\\\/\\\/www.mexicanguitarplayers.com\\\/#\\\/schema\\\/logo\\\/image\\\/\",\"url\":\"\",\"contentUrl\":\"\",\"caption\":\"Mexican Guitar Players\"},\"image\":{\"@id\":\"https:\\\/\\\/www.mexicanguitarplayers.com\\\/#\\\/schema\\\/logo\\\/image\\\/\"}}]}<\/script>\n<!-- \/ Yoast SEO plugin. -->","yoast_head_json":{"title":"FUNDA GATOR P\/MICROFONO GM-1W - Mexican Guitar Players","description":"Funda ligera para sistema inal\u00e1mbrico, dise\u00f1ado para un s\u00f3lo sistema, acceso para ampliar la antena mientras est\u00e1 en la funda, sostiene lavalieres, cables y micr\u00f3fono inal\u00e1mbrico con receptor montado, el acceso frontal y posterior se descomprime para una f\u00e1cil instalaci\u00f3n en el campo, ventana de tarjeta de informaci\u00f3n, correa de hombro extra\u00edble y ajustable, carcasa exterior de nylon ligera y duradera.","robots":{"index":"index","follow":"follow","max-snippet":"max-snippet:-1","max-image-preview":"max-image-preview:large","max-video-preview":"max-video-preview:-1"},"canonical":"https:\/\/www.mexicanguitarplayers.com\/en\/tienda\/sin categor\u00eda\/funda-gator-p-microfono-gm-1w\/","og_locale":"en_US","og_type":"article","og_title":"FUNDA GATOR P\/MICROFONO GM-1W - Mexican Guitar Players","og_description":"Funda ligera para sistema inal\u00e1mbrico, dise\u00f1ado para un s\u00f3lo sistema, acceso para ampliar la antena mientras est\u00e1 en la funda, sostiene lavalieres, cables y micr\u00f3fono inal\u00e1mbrico con receptor montado, el acceso frontal y posterior se descomprime para una f\u00e1cil instalaci\u00f3n en el campo, ventana de tarjeta de informaci\u00f3n, correa de hombro extra\u00edble y ajustable, carcasa exterior de nylon ligera y duradera.","og_url":"https:\/\/www.mexicanguitarplayers.com\/en\/tienda\/sin categor\u00eda\/funda-gator-p-microfono-gm-1w\/","og_site_name":"Mexican Guitar Players","article_modified_time":"2026-04-28T01:15:10+00:00","twitter_card":"summary_large_image","twitter_misc":{"Est. reading time":"1 minute"},"schema":{"@context":"https:\/\/schema.org","@graph":[{"@type":["WebPage","ItemPage"],"@id":"https:\/\/www.mexicanguitarplayers.com\/tienda\/sin categor\u00eda\/funda-gator-p-microfono-gm-1w\/","url":"https:\/\/www.mexicanguitarplayers.com\/tienda\/sin categor\u00eda\/funda-gator-p-microfono-gm-1w\/","name":"FUNDA GATOR P\/MICROFONO GM-1W - Mexican Guitar Players","isPartOf":{"@id":"https:\/\/www.mexicanguitarplayers.com\/#website"},"primaryImageOfPage":{"@id":"https:\/\/www.mexicanguitarplayers.com\/tienda\/sin categor\u00eda\/funda-gator-p-microfono-gm-1w\/#primaryimage"},"image":{"@id":"https:\/\/www.mexicanguitarplayers.com\/tienda\/sin categor\u00eda\/funda-gator-p-microfono-gm-1w\/#primaryimage"},"thumbnailUrl":"https:\/\/www.mexicanguitarplayers.com\/wp-content\/uploads\/2025\/04\/VAGATGM1W.jpg","datePublished":"2025-04-06T19:15:01+00:00","dateModified":"2026-04-28T01:15:10+00:00","description":"Funda ligera para sistema inal\u00e1mbrico, dise\u00f1ado para un s\u00f3lo sistema, acceso para ampliar la antena mientras est\u00e1 en la funda, sostiene lavalieres, cables y micr\u00f3fono inal\u00e1mbrico con receptor montado, el acceso frontal y posterior se descomprime para una f\u00e1cil instalaci\u00f3n en el campo, ventana de tarjeta de informaci\u00f3n, correa de hombro extra\u00edble y ajustable, carcasa exterior de nylon ligera y duradera.","breadcrumb":{"@id":"https:\/\/www.mexicanguitarplayers.com\/tienda\/sin categor\u00eda\/funda-gator-p-microfono-gm-1w\/#breadcrumb"},"inLanguage":"en-US","potentialAction":[{"@type":"ReadAction","target":["https:\/\/www.mexicanguitarplayers.com\/tienda\/sin categor\u00eda\/funda-gator-p-microfono-gm-1w\/"]}]},{"@type":"ImageObject","inLanguage":"en-US","@id":"https:\/\/www.mexicanguitarplayers.com\/tienda\/sin categor\u00eda\/funda-gator-p-microfono-gm-1w\/#primaryimage","url":"https:\/\/www.mexicanguitarplayers.com\/wp-content\/uploads\/2025\/04\/VAGATGM1W.jpg","contentUrl":"https:\/\/www.mexicanguitarplayers.com\/wp-content\/uploads\/2025\/04\/VAGATGM1W.jpg","width":1200,"height":1200},{"@type":"BreadcrumbList","@id":"https:\/\/www.mexicanguitarplayers.com\/tienda\/sin categor\u00eda\/funda-gator-p-microfono-gm-1w\/#breadcrumb","itemListElement":[{"@type":"ListItem","position":1,"name":"Portada","item":"https:\/\/www.mexicanguitarplayers.com\/"},{"@type":"ListItem","position":2,"name":"Tienda","item":"https:\/\/www.mexicanguitarplayers.com\/tienda\/"},{"@type":"ListItem","position":3,"name":"FUNDA GATOR P\/MICROFONO GM-1W"}]},{"@type":"WebSite","@id":"https:\/\/www.mexicanguitarplayers.com\/#website","url":"https:\/\/www.mexicanguitarplayers.com\/","name":"Mexican Guitar Players","description":"Website","publisher":{"@id":"https:\/\/www.mexicanguitarplayers.com\/#organization"},"potentialAction":[{"@type":"SearchAction","target":{"@type":"EntryPoint","urlTemplate":"https:\/\/www.mexicanguitarplayers.com\/?s={search_term_string}"},"query-input":{"@type":"PropertyValueSpecification","valueRequired":true,"valueName":"search_term_string"}}],"inLanguage":"en-US"},{"@type":"Organization","@id":"https:\/\/www.mexicanguitarplayers.com\/#organization","name":"Mexican Guitar Players","url":"https:\/\/www.mexicanguitarplayers.com\/","logo":{"@type":"ImageObject","inLanguage":"en-US","@id":"https:\/\/www.mexicanguitarplayers.com\/#\/schema\/logo\/image\/","url":"","contentUrl":"","caption":"Mexican Guitar Players"},"image":{"@id":"https:\/\/www.mexicanguitarplayers.com\/#\/schema\/logo\/image\/"}}]}},"brands":[{"id":572,"name":"GATOR","slug":"gator"}],"_links":{"self":[{"href":"https:\/\/www.mexicanguitarplayers.com\/en\/wp-json\/wp\/v2\/product\/23615","targetHints":{"allow":["GET"]}}],"collection":[{"href":"https:\/\/www.mexicanguitarplayers.com\/en\/wp-json\/wp\/v2\/product"}],"about":[{"href":"https:\/\/www.mexicanguitarplayers.com\/en\/wp-json\/wp\/v2\/types\/product"}],"replies":[{"embeddable":true,"href":"https:\/\/www.mexicanguitarplayers.com\/en\/wp-json\/wp\/v2\/comments?post=23615"}],"wp:featuredmedia":[{"embeddable":true,"href":"https:\/\/www.mexicanguitarplayers.com\/en\/wp-json\/wp\/v2\/media\/23598"}],"wp:attachment":[{"href":"https:\/\/www.mexicanguitarplayers.com\/en\/wp-json\/wp\/v2\/media?parent=23615"}],"wp:term":[{"taxonomy":"pwb-brand","embeddable":true,"href":"https:\/\/www.mexicanguitarplayers.com\/en\/wp-json\/wp\/v2\/pwb-brand?post=23615"},{"taxonomy":"product_brand","embeddable":true,"href":"https:\/\/www.mexicanguitarplayers.com\/en\/wp-json\/wp\/v2\/product_brand?post=23615"},{"taxonomy":"product_cat","embeddable":true,"href":"https:\/\/www.mexicanguitarplayers.com\/en\/wp-json\/wp\/v2\/product_cat?post=23615"},{"taxonomy":"product_tag","embeddable":true,"href":"https:\/\/www.mexicanguitarplayers.com\/en\/wp-json\/wp\/v2\/product_tag?post=23615"}],"curies":[{"name":"wp","href":"https:\/\/api.w.org\/{rel}","templated":true}]}}