{"id":23706,"date":"2025-04-06T13:19:55","date_gmt":"2025-04-06T19:19:55","guid":{"rendered":"https:\/\/www.mexicanguitarplayers.com\/tienda\/sin categor\u00eda\/preamp-sd-activo-de-2-bandas-steve-bailey-p-bajo-pasivo\/"},"modified":"2026-05-01T07:30:40","modified_gmt":"2026-05-01T13:30:40","slug":"preamp-sd-activo-de-2-bandas-steve-bailey-p-bajo-pasivo","status":"publish","type":"product","link":"https:\/\/www.mexicanguitarplayers.com\/en\/tienda\/accesorios\/estuches-y-fundas\/para-bajo-estuches-y-fundas\/preamp-sd-activo-de-2-bandas-steve-bailey-p-bajo-pasivo\/","title":{"rendered":"PREAMP SD ACTIVO DE 2 BANDAS STEVE BAILEY P\/BAJO PASIVO"},"content":{"rendered":"<div style=\"text-align: justify\">\n<div>\n<h3>Steve Bailey 2-Band Preamp for Passive<\/h3>\n<\/div>\n<div>Alto headroom, bajo ruido, preamplificador de ecualizador integrado activo de 2 bandas expresado espec\u00edficamente para bajos sin trastes con pastillas PASIVAS<\/div>\n<div>\n<h4>Characteristics<\/h4>\n<\/div>\n<div>\n<ul style=\"margin: 0px 0px 0px 25px\">\n<li style=\"list-style-type: circle;margin: 5px\">N\u00famero de pieza<\/li>\n<li style=\"list-style-type: circle;margin: 5px\">COLOR<\/li>\n<\/ul>\n<\/div>\n<\/div>","protected":false},"excerpt":{"rendered":"<p>El STC-2PSB proporciona controles de graves y agudos, un volumen maestro, un control de mezcla y nuestro interruptor de contorno de frecuencia especial. Dise\u00f1ado para tener dos bandas de ecualizaci\u00f3n enfocada, junto con un interruptor que activa un contorno de frecuencia optimizado para resaltar arm\u00f3nicos sin trastes, as\u00ed como un refuerzo de rango medio. El contorno de frecuencia se activa tirando hacia arriba del control de volumen. Hay dos potenci\u00f3metros de ajuste peque\u00f1os en la placa de circuito que se pueden ajustar para preestablecer el ecualizador de contorno de frecuencia de la manera que desee. El circuito de tono STC-2PSB funcionar\u00e1 en cualquier bajo sin trastes que tenga espacio para 3 perillas de control (interruptor de frecuencia de volumen, mezcla, controles de graves y agudos conc\u00e9ntricos) y una sola bater\u00eda de 9v en la cavidad de control. Se pueden conectar dos bater\u00edas de 9v juntas en serie para aumentar el espacio libre.  Incluimos todo el hardware de montaje necesario potenci\u00f3metros de alta calidad en arn\u00e9s precableado; clip de bater\u00eda; y perillas anodizadas negras, moleteadas, estilo c\u00fapula.&hellip; <a class=\"kt-excerpt-readmore more-link\" href=\"https:\/\/www.mexicanguitarplayers.com\/en\/tienda\/accesorios\/estuches-y-fundas\/para-bajo-estuches-y-fundas\/preamp-sd-activo-de-2-bandas-steve-bailey-p-bajo-pasivo\/\">Read more<\/a><\/p>","protected":false},"featured_media":23703,"comment_status":"open","ping_status":"closed","template":"","meta":{"kt_blocks_editor_width":""},"pwb-brand":[502],"product_brand":[],"product_cat":[85,578],"product_tag":[],"class_list":{"0":"post-23706","1":"product","2":"type-product","3":"status-publish","4":"has-post-thumbnail","6":"pwb-brand-seymour-duncan","7":"product_cat-accesorios","8":"product_cat-para-bajo-estuches-y-fundas","9":"product_shipping_class-0-5-kg","11":"first","12":"instock","13":"taxable","14":"shipping-taxable","15":"purchasable","16":"product-type-simple"},"yoast_head":"<!-- This site is optimized with the Yoast SEO plugin v27.5 - https:\/\/yoast.com\/product\/yoast-seo-wordpress\/ -->\n<title>PREAMP SD ACTIVO DE 2 BANDAS STEVE BAILEY P\/BAJO PASIVO - Mexican Guitar Players<\/title>\n<meta name=\"description\" content=\"El STC-2PSB proporciona controles de graves y agudos, un volumen maestro, un control de mezcla y nuestro interruptor de contorno de frecuencia especial. Dise\u00f1ado para tener dos bandas de ecualizaci\u00f3n enfocada, junto con un interruptor que activa un contorno de frecuencia optimizado para resaltar arm\u00f3nicos sin trastes, as\u00ed como un refuerzo de rango medio. El contorno de frecuencia se activa tirando hacia arriba del control de volumen. Hay dos potenci\u00f3metros de ajuste peque\u00f1os en la placa de circuito que se pueden ajustar para preestablecer el ecualizador de contorno de frecuencia de la manera que desee. El circuito de tono STC-2PSB funcionar\u00e1 en cualquier bajo sin trastes que tenga espacio para 3 perillas de control (interruptor de frecuencia de volumen, mezcla, controles de graves y agudos conc\u00e9ntricos) y una sola bater\u00eda de 9v en la cavidad de control. Se pueden conectar dos bater\u00edas de 9v juntas en serie para aumentar el espacio libre. Incluimos todo el hardware de montaje necesario potenci\u00f3metros de alta calidad en arn\u00e9s precableado; clip de bater\u00eda; y perillas anodizadas negras, moleteadas, estilo c\u00fapula.\" \/>\n<meta name=\"robots\" content=\"index, follow, max-snippet:-1, max-image-preview:large, max-video-preview:-1\" \/>\n<link rel=\"canonical\" href=\"https:\/\/www.mexicanguitarplayers.com\/en\/tienda\/sin%20categor\u00eda\/preamp-sd-activo-de-2-bandas-steve-bailey-p-bajo-pasivo\/\" \/>\n<meta property=\"og:locale\" content=\"en_US\" \/>\n<meta property=\"og:type\" content=\"article\" \/>\n<meta property=\"og:title\" content=\"PREAMP SD ACTIVO DE 2 BANDAS STEVE BAILEY P\/BAJO PASIVO - Mexican Guitar Players\" \/>\n<meta property=\"og:description\" content=\"El STC-2PSB proporciona controles de graves y agudos, un volumen maestro, un control de mezcla y nuestro interruptor de contorno de frecuencia especial. Dise\u00f1ado para tener dos bandas de ecualizaci\u00f3n enfocada, junto con un interruptor que activa un contorno de frecuencia optimizado para resaltar arm\u00f3nicos sin trastes, as\u00ed como un refuerzo de rango medio. El contorno de frecuencia se activa tirando hacia arriba del control de volumen. Hay dos potenci\u00f3metros de ajuste peque\u00f1os en la placa de circuito que se pueden ajustar para preestablecer el ecualizador de contorno de frecuencia de la manera que desee. El circuito de tono STC-2PSB funcionar\u00e1 en cualquier bajo sin trastes que tenga espacio para 3 perillas de control (interruptor de frecuencia de volumen, mezcla, controles de graves y agudos conc\u00e9ntricos) y una sola bater\u00eda de 9v en la cavidad de control. Se pueden conectar dos bater\u00edas de 9v juntas en serie para aumentar el espacio libre. Incluimos todo el hardware de montaje necesario potenci\u00f3metros de alta calidad en arn\u00e9s precableado; clip de bater\u00eda; y perillas anodizadas negras, moleteadas, estilo c\u00fapula.\" \/>\n<meta property=\"og:url\" content=\"https:\/\/www.mexicanguitarplayers.com\/en\/tienda\/sin categor\u00eda\/preamp-sd-activo-de-2-bandas-steve-bailey-p-bajo-pasivo\/\" \/>\n<meta property=\"og:site_name\" content=\"Mexican Guitar Players\" \/>\n<meta property=\"article:modified_time\" content=\"2026-05-01T13:30:40+00:00\" \/>\n<meta name=\"twitter:card\" content=\"summary_large_image\" \/>\n<script type=\"application\/ld+json\" class=\"yoast-schema-graph\">{\"@context\":\"https:\\\/\\\/schema.org\",\"@graph\":[{\"@type\":[\"WebPage\",\"ItemPage\"],\"@id\":\"https:\\\/\\\/www.mexicanguitarplayers.com\\\/tienda\\\/sin categor\u00eda\\\/preamp-sd-activo-de-2-bandas-steve-bailey-p-bajo-pasivo\\\/\",\"url\":\"https:\\\/\\\/www.mexicanguitarplayers.com\\\/tienda\\\/sin categor\u00eda\\\/preamp-sd-activo-de-2-bandas-steve-bailey-p-bajo-pasivo\\\/\",\"name\":\"PREAMP SD ACTIVO DE 2 BANDAS STEVE BAILEY P\\\/BAJO PASIVO - Mexican Guitar Players\",\"isPartOf\":{\"@id\":\"https:\\\/\\\/www.mexicanguitarplayers.com\\\/#website\"},\"primaryImageOfPage\":{\"@id\":\"https:\\\/\\\/www.mexicanguitarplayers.com\\\/tienda\\\/sin categor\u00eda\\\/preamp-sd-activo-de-2-bandas-steve-bailey-p-bajo-pasivo\\\/#primaryimage\"},\"image\":{\"@id\":\"https:\\\/\\\/www.mexicanguitarplayers.com\\\/tienda\\\/sin categor\u00eda\\\/preamp-sd-activo-de-2-bandas-steve-bailey-p-bajo-pasivo\\\/#primaryimage\"},\"thumbnailUrl\":\"https:\\\/\\\/www.mexicanguitarplayers.com\\\/wp-content\\\/uploads\\\/2025\\\/04\\\/RASEOSTC2PSB2B.jpg\",\"datePublished\":\"2025-04-06T19:19:55+00:00\",\"dateModified\":\"2026-05-01T13:30:40+00:00\",\"description\":\"El STC-2PSB proporciona controles de graves y agudos, un volumen maestro, un control de mezcla y nuestro interruptor de contorno de frecuencia especial. Dise\u00f1ado para tener dos bandas de ecualizaci\u00f3n enfocada, junto con un interruptor que activa un contorno de frecuencia optimizado para resaltar arm\u00f3nicos sin trastes, as\u00ed como un refuerzo de rango medio. El contorno de frecuencia se activa tirando hacia arriba del control de volumen. Hay dos potenci\u00f3metros de ajuste peque\u00f1os en la placa de circuito que se pueden ajustar para preestablecer el ecualizador de contorno de frecuencia de la manera que desee. El circuito de tono STC-2PSB funcionar\u00e1 en cualquier bajo sin trastes que tenga espacio para 3 perillas de control (interruptor de frecuencia de volumen, mezcla, controles de graves y agudos conc\u00e9ntricos) y una sola bater\u00eda de 9v en la cavidad de control. Se pueden conectar dos bater\u00edas de 9v juntas en serie para aumentar el espacio libre. Incluimos todo el hardware de montaje necesario potenci\u00f3metros de alta calidad en arn\u00e9s precableado; clip de bater\u00eda; y perillas anodizadas negras, moleteadas, estilo c\u00fapula.\",\"breadcrumb\":{\"@id\":\"https:\\\/\\\/www.mexicanguitarplayers.com\\\/tienda\\\/sin categor\u00eda\\\/preamp-sd-activo-de-2-bandas-steve-bailey-p-bajo-pasivo\\\/#breadcrumb\"},\"inLanguage\":\"en-US\",\"potentialAction\":[{\"@type\":\"ReadAction\",\"target\":[\"https:\\\/\\\/www.mexicanguitarplayers.com\\\/tienda\\\/sin categor\u00eda\\\/preamp-sd-activo-de-2-bandas-steve-bailey-p-bajo-pasivo\\\/\"]}]},{\"@type\":\"ImageObject\",\"inLanguage\":\"en-US\",\"@id\":\"https:\\\/\\\/www.mexicanguitarplayers.com\\\/tienda\\\/sin categor\u00eda\\\/preamp-sd-activo-de-2-bandas-steve-bailey-p-bajo-pasivo\\\/#primaryimage\",\"url\":\"https:\\\/\\\/www.mexicanguitarplayers.com\\\/wp-content\\\/uploads\\\/2025\\\/04\\\/RASEOSTC2PSB2B.jpg\",\"contentUrl\":\"https:\\\/\\\/www.mexicanguitarplayers.com\\\/wp-content\\\/uploads\\\/2025\\\/04\\\/RASEOSTC2PSB2B.jpg\",\"width\":1600,\"height\":800},{\"@type\":\"BreadcrumbList\",\"@id\":\"https:\\\/\\\/www.mexicanguitarplayers.com\\\/tienda\\\/sin categor\u00eda\\\/preamp-sd-activo-de-2-bandas-steve-bailey-p-bajo-pasivo\\\/#breadcrumb\",\"itemListElement\":[{\"@type\":\"ListItem\",\"position\":1,\"name\":\"Portada\",\"item\":\"https:\\\/\\\/www.mexicanguitarplayers.com\\\/\"},{\"@type\":\"ListItem\",\"position\":2,\"name\":\"Tienda\",\"item\":\"https:\\\/\\\/www.mexicanguitarplayers.com\\\/tienda\\\/\"},{\"@type\":\"ListItem\",\"position\":3,\"name\":\"PREAMP SD ACTIVO DE 2 BANDAS STEVE BAILEY P\\\/BAJO PASIVO\"}]},{\"@type\":\"WebSite\",\"@id\":\"https:\\\/\\\/www.mexicanguitarplayers.com\\\/#website\",\"url\":\"https:\\\/\\\/www.mexicanguitarplayers.com\\\/\",\"name\":\"Mexican Guitar Players\",\"description\":\"Website\",\"publisher\":{\"@id\":\"https:\\\/\\\/www.mexicanguitarplayers.com\\\/#organization\"},\"potentialAction\":[{\"@type\":\"SearchAction\",\"target\":{\"@type\":\"EntryPoint\",\"urlTemplate\":\"https:\\\/\\\/www.mexicanguitarplayers.com\\\/?s={search_term_string}\"},\"query-input\":{\"@type\":\"PropertyValueSpecification\",\"valueRequired\":true,\"valueName\":\"search_term_string\"}}],\"inLanguage\":\"en-US\"},{\"@type\":\"Organization\",\"@id\":\"https:\\\/\\\/www.mexicanguitarplayers.com\\\/#organization\",\"name\":\"Mexican Guitar Players\",\"url\":\"https:\\\/\\\/www.mexicanguitarplayers.com\\\/\",\"logo\":{\"@type\":\"ImageObject\",\"inLanguage\":\"en-US\",\"@id\":\"https:\\\/\\\/www.mexicanguitarplayers.com\\\/#\\\/schema\\\/logo\\\/image\\\/\",\"url\":\"\",\"contentUrl\":\"\",\"caption\":\"Mexican Guitar Players\"},\"image\":{\"@id\":\"https:\\\/\\\/www.mexicanguitarplayers.com\\\/#\\\/schema\\\/logo\\\/image\\\/\"}}]}<\/script>\n<!-- \/ Yoast SEO plugin. -->","yoast_head_json":{"title":"PREAMP SD ACTIVO DE 2 BANDAS STEVE BAILEY P\/BAJO PASIVO - Mexican Guitar Players","description":"El STC-2PSB proporciona controles de graves y agudos, un volumen maestro, un control de mezcla y nuestro interruptor de contorno de frecuencia especial. Dise\u00f1ado para tener dos bandas de ecualizaci\u00f3n enfocada, junto con un interruptor que activa un contorno de frecuencia optimizado para resaltar arm\u00f3nicos sin trastes, as\u00ed como un refuerzo de rango medio. El contorno de frecuencia se activa tirando hacia arriba del control de volumen. Hay dos potenci\u00f3metros de ajuste peque\u00f1os en la placa de circuito que se pueden ajustar para preestablecer el ecualizador de contorno de frecuencia de la manera que desee. El circuito de tono STC-2PSB funcionar\u00e1 en cualquier bajo sin trastes que tenga espacio para 3 perillas de control (interruptor de frecuencia de volumen, mezcla, controles de graves y agudos conc\u00e9ntricos) y una sola bater\u00eda de 9v en la cavidad de control. Se pueden conectar dos bater\u00edas de 9v juntas en serie para aumentar el espacio libre. Incluimos todo el hardware de montaje necesario potenci\u00f3metros de alta calidad en arn\u00e9s precableado; clip de bater\u00eda; y perillas anodizadas negras, moleteadas, estilo c\u00fapula.","robots":{"index":"index","follow":"follow","max-snippet":"max-snippet:-1","max-image-preview":"max-image-preview:large","max-video-preview":"max-video-preview:-1"},"canonical":"https:\/\/www.mexicanguitarplayers.com\/en\/tienda\/sin categor\u00eda\/preamp-sd-activo-de-2-bandas-steve-bailey-p-bajo-pasivo\/","og_locale":"en_US","og_type":"article","og_title":"PREAMP SD ACTIVO DE 2 BANDAS STEVE BAILEY P\/BAJO PASIVO - Mexican Guitar Players","og_description":"El STC-2PSB proporciona controles de graves y agudos, un volumen maestro, un control de mezcla y nuestro interruptor de contorno de frecuencia especial. Dise\u00f1ado para tener dos bandas de ecualizaci\u00f3n enfocada, junto con un interruptor que activa un contorno de frecuencia optimizado para resaltar arm\u00f3nicos sin trastes, as\u00ed como un refuerzo de rango medio. El contorno de frecuencia se activa tirando hacia arriba del control de volumen. Hay dos potenci\u00f3metros de ajuste peque\u00f1os en la placa de circuito que se pueden ajustar para preestablecer el ecualizador de contorno de frecuencia de la manera que desee. El circuito de tono STC-2PSB funcionar\u00e1 en cualquier bajo sin trastes que tenga espacio para 3 perillas de control (interruptor de frecuencia de volumen, mezcla, controles de graves y agudos conc\u00e9ntricos) y una sola bater\u00eda de 9v en la cavidad de control. Se pueden conectar dos bater\u00edas de 9v juntas en serie para aumentar el espacio libre. Incluimos todo el hardware de montaje necesario potenci\u00f3metros de alta calidad en arn\u00e9s precableado; clip de bater\u00eda; y perillas anodizadas negras, moleteadas, estilo c\u00fapula.","og_url":"https:\/\/www.mexicanguitarplayers.com\/en\/tienda\/sin categor\u00eda\/preamp-sd-activo-de-2-bandas-steve-bailey-p-bajo-pasivo\/","og_site_name":"Mexican Guitar Players","article_modified_time":"2026-05-01T13:30:40+00:00","twitter_card":"summary_large_image","schema":{"@context":"https:\/\/schema.org","@graph":[{"@type":["WebPage","ItemPage"],"@id":"https:\/\/www.mexicanguitarplayers.com\/tienda\/sin categor\u00eda\/preamp-sd-activo-de-2-bandas-steve-bailey-p-bajo-pasivo\/","url":"https:\/\/www.mexicanguitarplayers.com\/tienda\/sin categor\u00eda\/preamp-sd-activo-de-2-bandas-steve-bailey-p-bajo-pasivo\/","name":"PREAMP SD ACTIVO DE 2 BANDAS STEVE BAILEY P\/BAJO PASIVO - Mexican Guitar Players","isPartOf":{"@id":"https:\/\/www.mexicanguitarplayers.com\/#website"},"primaryImageOfPage":{"@id":"https:\/\/www.mexicanguitarplayers.com\/tienda\/sin categor\u00eda\/preamp-sd-activo-de-2-bandas-steve-bailey-p-bajo-pasivo\/#primaryimage"},"image":{"@id":"https:\/\/www.mexicanguitarplayers.com\/tienda\/sin categor\u00eda\/preamp-sd-activo-de-2-bandas-steve-bailey-p-bajo-pasivo\/#primaryimage"},"thumbnailUrl":"https:\/\/www.mexicanguitarplayers.com\/wp-content\/uploads\/2025\/04\/RASEOSTC2PSB2B.jpg","datePublished":"2025-04-06T19:19:55+00:00","dateModified":"2026-05-01T13:30:40+00:00","description":"El STC-2PSB proporciona controles de graves y agudos, un volumen maestro, un control de mezcla y nuestro interruptor de contorno de frecuencia especial. Dise\u00f1ado para tener dos bandas de ecualizaci\u00f3n enfocada, junto con un interruptor que activa un contorno de frecuencia optimizado para resaltar arm\u00f3nicos sin trastes, as\u00ed como un refuerzo de rango medio. El contorno de frecuencia se activa tirando hacia arriba del control de volumen. Hay dos potenci\u00f3metros de ajuste peque\u00f1os en la placa de circuito que se pueden ajustar para preestablecer el ecualizador de contorno de frecuencia de la manera que desee. El circuito de tono STC-2PSB funcionar\u00e1 en cualquier bajo sin trastes que tenga espacio para 3 perillas de control (interruptor de frecuencia de volumen, mezcla, controles de graves y agudos conc\u00e9ntricos) y una sola bater\u00eda de 9v en la cavidad de control. Se pueden conectar dos bater\u00edas de 9v juntas en serie para aumentar el espacio libre. Incluimos todo el hardware de montaje necesario potenci\u00f3metros de alta calidad en arn\u00e9s precableado; clip de bater\u00eda; y perillas anodizadas negras, moleteadas, estilo c\u00fapula.","breadcrumb":{"@id":"https:\/\/www.mexicanguitarplayers.com\/tienda\/sin categor\u00eda\/preamp-sd-activo-de-2-bandas-steve-bailey-p-bajo-pasivo\/#breadcrumb"},"inLanguage":"en-US","potentialAction":[{"@type":"ReadAction","target":["https:\/\/www.mexicanguitarplayers.com\/tienda\/sin categor\u00eda\/preamp-sd-activo-de-2-bandas-steve-bailey-p-bajo-pasivo\/"]}]},{"@type":"ImageObject","inLanguage":"en-US","@id":"https:\/\/www.mexicanguitarplayers.com\/tienda\/sin categor\u00eda\/preamp-sd-activo-de-2-bandas-steve-bailey-p-bajo-pasivo\/#primaryimage","url":"https:\/\/www.mexicanguitarplayers.com\/wp-content\/uploads\/2025\/04\/RASEOSTC2PSB2B.jpg","contentUrl":"https:\/\/www.mexicanguitarplayers.com\/wp-content\/uploads\/2025\/04\/RASEOSTC2PSB2B.jpg","width":1600,"height":800},{"@type":"BreadcrumbList","@id":"https:\/\/www.mexicanguitarplayers.com\/tienda\/sin categor\u00eda\/preamp-sd-activo-de-2-bandas-steve-bailey-p-bajo-pasivo\/#breadcrumb","itemListElement":[{"@type":"ListItem","position":1,"name":"Portada","item":"https:\/\/www.mexicanguitarplayers.com\/"},{"@type":"ListItem","position":2,"name":"Tienda","item":"https:\/\/www.mexicanguitarplayers.com\/tienda\/"},{"@type":"ListItem","position":3,"name":"PREAMP SD ACTIVO DE 2 BANDAS STEVE BAILEY P\/BAJO PASIVO"}]},{"@type":"WebSite","@id":"https:\/\/www.mexicanguitarplayers.com\/#website","url":"https:\/\/www.mexicanguitarplayers.com\/","name":"Mexican Guitar Players","description":"Website","publisher":{"@id":"https:\/\/www.mexicanguitarplayers.com\/#organization"},"potentialAction":[{"@type":"SearchAction","target":{"@type":"EntryPoint","urlTemplate":"https:\/\/www.mexicanguitarplayers.com\/?s={search_term_string}"},"query-input":{"@type":"PropertyValueSpecification","valueRequired":true,"valueName":"search_term_string"}}],"inLanguage":"en-US"},{"@type":"Organization","@id":"https:\/\/www.mexicanguitarplayers.com\/#organization","name":"Mexican Guitar Players","url":"https:\/\/www.mexicanguitarplayers.com\/","logo":{"@type":"ImageObject","inLanguage":"en-US","@id":"https:\/\/www.mexicanguitarplayers.com\/#\/schema\/logo\/image\/","url":"","contentUrl":"","caption":"Mexican Guitar Players"},"image":{"@id":"https:\/\/www.mexicanguitarplayers.com\/#\/schema\/logo\/image\/"}}]}},"brands":[{"id":502,"name":"SEYMOUR DUNCAN","slug":"seymour-duncan"}],"_links":{"self":[{"href":"https:\/\/www.mexicanguitarplayers.com\/en\/wp-json\/wp\/v2\/product\/23706","targetHints":{"allow":["GET"]}}],"collection":[{"href":"https:\/\/www.mexicanguitarplayers.com\/en\/wp-json\/wp\/v2\/product"}],"about":[{"href":"https:\/\/www.mexicanguitarplayers.com\/en\/wp-json\/wp\/v2\/types\/product"}],"replies":[{"embeddable":true,"href":"https:\/\/www.mexicanguitarplayers.com\/en\/wp-json\/wp\/v2\/comments?post=23706"}],"wp:featuredmedia":[{"embeddable":true,"href":"https:\/\/www.mexicanguitarplayers.com\/en\/wp-json\/wp\/v2\/media\/23703"}],"wp:attachment":[{"href":"https:\/\/www.mexicanguitarplayers.com\/en\/wp-json\/wp\/v2\/media?parent=23706"}],"wp:term":[{"taxonomy":"pwb-brand","embeddable":true,"href":"https:\/\/www.mexicanguitarplayers.com\/en\/wp-json\/wp\/v2\/pwb-brand?post=23706"},{"taxonomy":"product_brand","embeddable":true,"href":"https:\/\/www.mexicanguitarplayers.com\/en\/wp-json\/wp\/v2\/product_brand?post=23706"},{"taxonomy":"product_cat","embeddable":true,"href":"https:\/\/www.mexicanguitarplayers.com\/en\/wp-json\/wp\/v2\/product_cat?post=23706"},{"taxonomy":"product_tag","embeddable":true,"href":"https:\/\/www.mexicanguitarplayers.com\/en\/wp-json\/wp\/v2\/product_tag?post=23706"}],"curies":[{"name":"wp","href":"https:\/\/api.w.org\/{rel}","templated":true}]}}