{"id":23710,"date":"2025-04-06T13:20:11","date_gmt":"2025-04-06T19:20:11","guid":{"rendered":"https:\/\/www.mexicanguitarplayers.com\/tienda\/sin categor\u00eda\/pedal-cruzer-mod-ef-cr-chorus\/"},"modified":"2026-04-10T04:48:35","modified_gmt":"2026-04-10T10:48:35","slug":"pedal-cruzer-mod-ef-cr-chorus","status":"publish","type":"product","link":"https:\/\/www.mexicanguitarplayers.com\/en\/tienda\/cuerdas\/efectos\/efectos-individuales\/pedal-cruzer-mod-ef-cr-chorus\/","title":{"rendered":"PEDAL CRUZER  MOD. EF-CR  CHORUS"},"content":{"rendered":"<div style=\"text-align: justify\">\n<div>\n<h3>\u00a1El reino helado del vintage chorus es tuyo!<\/h3>\n<\/div>\n<div>Con el pedal EF-CR de Cruzer  tendr\u00e1s  una  espectacular dosis de  brillo, profundidad y cuerpo en  tu sonido. Descubre el arma secreta de los estudios de grabaci\u00f3n profesionales.  El EF-CR hace que sea muy f\u00e1cil de conseguir un gran sonido con s\u00f3lo pulsar un bot\u00f3n. Normalmente, tendr\u00edas que ajustar los controles de nivel, la profundidad y la velocidad para obtener este tipo de resultados. Con EF-CR de Cruzer s\u00f3lo tiene,dise\u00f1a y  personaliza tu pedal con los controles que son muy f\u00e1ciles de manipular y  el reino helado de chorus ser\u00e1 todo tuyo. Los nuevos pedales Cruzer  cuentan con un dise\u00f1o especial que los  hacen  m\u00e1s duraderos y atractivos. EF-CR de Cruzer  es totalmente la opci\u00f3n si estas  buscando  un efecto  de modulaci\u00f3n con alta definici\u00f3n, nitidez y brillo. <\/div>\n<div>\n<h4>Quick look<\/h4>\n<\/div>\n<ul style=\"margin: 0px 0px 0px 25px\">\n<li style=\"list-style-type: circle;margin: 5px\">Control de velocidad  e intensidad.<\/li>\n<li style=\"list-style-type: circle;margin: 5px\">Dise\u00f1o especial. <\/li>\n<\/ul>\n<div>\n<div style=\"font-weight: bold\">Control de velocidad  e intensidad.<\/div>\n<div>\n<p>El sonido vintage del chorus totalmente manipulable de forma f\u00e1cil y sin complicaciones, tus con tu control de velocidad determinas el tiempo del efecto y con el control de intensidad le das toda la profundidad que necesites.<\/p>\n<\/div>\n<div style=\"font-weight: bold\">Dise\u00f1o especial. <\/div>\n<div>\n<p>Su dise\u00f1o nos recuerda a  los guitarristas m\u00e1s sobresalientes del rock, un dise\u00f1o  pensado para coleccionistas que tambi\u00e9n quieren hacer historia.<\/p>\n<\/div>\n<\/div>\n<div>\n<h4>Characteristics<\/h4>\n<\/div>\n<div>\n<ul style=\"margin: 0px 0px 0px 25px\">\n<li style=\"list-style-type: circle;margin: 5px\">Funciona con pila de 9v o adaptadpr.<\/li>\n<\/ul>\n<\/div>\n<\/div>","protected":false},"excerpt":{"rendered":"<p>Pedal Cruzer modelo  EF-CR.  Chorus an\u00e1logo  para guitarra el\u00e9ctrica. Controlesde velocidad e intensidad, funciona con pila o adaptador de 9v carcasa y conectores met\u00e1licos.&hellip; <a class=\"kt-excerpt-readmore more-link\" href=\"https:\/\/www.mexicanguitarplayers.com\/en\/tienda\/cuerdas\/efectos\/efectos-individuales\/pedal-cruzer-mod-ef-cr-chorus\/\">Read more<\/a><\/p>","protected":false},"featured_media":23709,"comment_status":"open","ping_status":"closed","template":"","meta":{"kt_blocks_editor_width":""},"pwb-brand":[259],"product_brand":[],"product_cat":[224,241,504],"product_tag":[],"class_list":{"0":"post-23710","1":"product","2":"type-product","3":"status-publish","4":"has-post-thumbnail","6":"pwb-brand-cruzer","7":"product_cat-cuerdas","8":"product_cat-efectos","9":"product_cat-efectos-individuales","10":"product_shipping_class-0-5-kg","12":"first","13":"outofstock","14":"taxable","15":"shipping-taxable","16":"purchasable","17":"product-type-simple"},"yoast_head":"<!-- This site is optimized with the Yoast SEO plugin v27.5 - https:\/\/yoast.com\/product\/yoast-seo-wordpress\/ -->\n<title>PEDAL CRUZER MOD. EF-CR CHORUS - Mexican Guitar Players<\/title>\n<meta name=\"description\" content=\"Pedal Cruzer modelo EF-CR. Chorus an\u00e1logo para guitarra el\u00e9ctrica. Controlesde velocidad e intensidad, funciona con pila o adaptador de 9v carcasa y conectores met\u00e1licos.\" \/>\n<meta name=\"robots\" content=\"index, follow, max-snippet:-1, max-image-preview:large, max-video-preview:-1\" \/>\n<link rel=\"canonical\" href=\"https:\/\/www.mexicanguitarplayers.com\/en\/tienda\/sin%20categor\u00eda\/pedal-cruzer-mod-ef-cr-chorus\/\" \/>\n<meta property=\"og:locale\" content=\"en_US\" \/>\n<meta property=\"og:type\" content=\"article\" \/>\n<meta property=\"og:title\" content=\"PEDAL CRUZER MOD. EF-CR CHORUS - Mexican Guitar Players\" \/>\n<meta property=\"og:description\" content=\"Pedal Cruzer modelo EF-CR. Chorus an\u00e1logo para guitarra el\u00e9ctrica. Controlesde velocidad e intensidad, funciona con pila o adaptador de 9v carcasa y conectores met\u00e1licos.\" \/>\n<meta property=\"og:url\" content=\"https:\/\/www.mexicanguitarplayers.com\/en\/tienda\/sin categor\u00eda\/pedal-cruzer-mod-ef-cr-chorus\/\" \/>\n<meta property=\"og:site_name\" content=\"Mexican Guitar Players\" \/>\n<meta property=\"article:modified_time\" content=\"2026-04-10T10:48:35+00:00\" \/>\n<meta name=\"twitter:card\" content=\"summary_large_image\" \/>\n<meta name=\"twitter:label1\" content=\"Est. reading time\" \/>\n\t<meta name=\"twitter:data1\" content=\"1 minute\" \/>\n<script type=\"application\/ld+json\" class=\"yoast-schema-graph\">{\"@context\":\"https:\\\/\\\/schema.org\",\"@graph\":[{\"@type\":[\"WebPage\",\"ItemPage\"],\"@id\":\"https:\\\/\\\/www.mexicanguitarplayers.com\\\/tienda\\\/sin categor\u00eda\\\/pedal-cruzer-mod-ef-cr-chorus\\\/\",\"url\":\"https:\\\/\\\/www.mexicanguitarplayers.com\\\/tienda\\\/sin categor\u00eda\\\/pedal-cruzer-mod-ef-cr-chorus\\\/\",\"name\":\"PEDAL CRUZER MOD. EF-CR CHORUS - Mexican Guitar Players\",\"isPartOf\":{\"@id\":\"https:\\\/\\\/www.mexicanguitarplayers.com\\\/#website\"},\"primaryImageOfPage\":{\"@id\":\"https:\\\/\\\/www.mexicanguitarplayers.com\\\/tienda\\\/sin categor\u00eda\\\/pedal-cruzer-mod-ef-cr-chorus\\\/#primaryimage\"},\"image\":{\"@id\":\"https:\\\/\\\/www.mexicanguitarplayers.com\\\/tienda\\\/sin categor\u00eda\\\/pedal-cruzer-mod-ef-cr-chorus\\\/#primaryimage\"},\"thumbnailUrl\":\"https:\\\/\\\/www.mexicanguitarplayers.com\\\/wp-content\\\/uploads\\\/2025\\\/04\\\/VACRZEFCR.jpg\",\"datePublished\":\"2025-04-06T19:20:11+00:00\",\"dateModified\":\"2026-04-10T10:48:35+00:00\",\"description\":\"Pedal Cruzer modelo EF-CR. Chorus an\u00e1logo para guitarra el\u00e9ctrica. Controlesde velocidad e intensidad, funciona con pila o adaptador de 9v carcasa y conectores met\u00e1licos.\",\"breadcrumb\":{\"@id\":\"https:\\\/\\\/www.mexicanguitarplayers.com\\\/tienda\\\/sin categor\u00eda\\\/pedal-cruzer-mod-ef-cr-chorus\\\/#breadcrumb\"},\"inLanguage\":\"en-US\",\"potentialAction\":[{\"@type\":\"ReadAction\",\"target\":[\"https:\\\/\\\/www.mexicanguitarplayers.com\\\/tienda\\\/sin categor\u00eda\\\/pedal-cruzer-mod-ef-cr-chorus\\\/\"]}]},{\"@type\":\"ImageObject\",\"inLanguage\":\"en-US\",\"@id\":\"https:\\\/\\\/www.mexicanguitarplayers.com\\\/tienda\\\/sin categor\u00eda\\\/pedal-cruzer-mod-ef-cr-chorus\\\/#primaryimage\",\"url\":\"https:\\\/\\\/www.mexicanguitarplayers.com\\\/wp-content\\\/uploads\\\/2025\\\/04\\\/VACRZEFCR.jpg\",\"contentUrl\":\"https:\\\/\\\/www.mexicanguitarplayers.com\\\/wp-content\\\/uploads\\\/2025\\\/04\\\/VACRZEFCR.jpg\",\"width\":402,\"height\":500},{\"@type\":\"BreadcrumbList\",\"@id\":\"https:\\\/\\\/www.mexicanguitarplayers.com\\\/tienda\\\/sin categor\u00eda\\\/pedal-cruzer-mod-ef-cr-chorus\\\/#breadcrumb\",\"itemListElement\":[{\"@type\":\"ListItem\",\"position\":1,\"name\":\"Portada\",\"item\":\"https:\\\/\\\/www.mexicanguitarplayers.com\\\/\"},{\"@type\":\"ListItem\",\"position\":2,\"name\":\"Tienda\",\"item\":\"https:\\\/\\\/www.mexicanguitarplayers.com\\\/tienda\\\/\"},{\"@type\":\"ListItem\",\"position\":3,\"name\":\"PEDAL CRUZER MOD. EF-CR CHORUS\"}]},{\"@type\":\"WebSite\",\"@id\":\"https:\\\/\\\/www.mexicanguitarplayers.com\\\/#website\",\"url\":\"https:\\\/\\\/www.mexicanguitarplayers.com\\\/\",\"name\":\"Mexican Guitar Players\",\"description\":\"Website\",\"publisher\":{\"@id\":\"https:\\\/\\\/www.mexicanguitarplayers.com\\\/#organization\"},\"potentialAction\":[{\"@type\":\"SearchAction\",\"target\":{\"@type\":\"EntryPoint\",\"urlTemplate\":\"https:\\\/\\\/www.mexicanguitarplayers.com\\\/?s={search_term_string}\"},\"query-input\":{\"@type\":\"PropertyValueSpecification\",\"valueRequired\":true,\"valueName\":\"search_term_string\"}}],\"inLanguage\":\"en-US\"},{\"@type\":\"Organization\",\"@id\":\"https:\\\/\\\/www.mexicanguitarplayers.com\\\/#organization\",\"name\":\"Mexican Guitar Players\",\"url\":\"https:\\\/\\\/www.mexicanguitarplayers.com\\\/\",\"logo\":{\"@type\":\"ImageObject\",\"inLanguage\":\"en-US\",\"@id\":\"https:\\\/\\\/www.mexicanguitarplayers.com\\\/#\\\/schema\\\/logo\\\/image\\\/\",\"url\":\"\",\"contentUrl\":\"\",\"caption\":\"Mexican Guitar Players\"},\"image\":{\"@id\":\"https:\\\/\\\/www.mexicanguitarplayers.com\\\/#\\\/schema\\\/logo\\\/image\\\/\"}}]}<\/script>\n<!-- \/ Yoast SEO plugin. -->","yoast_head_json":{"title":"PEDAL CRUZER MOD. EF-CR CHORUS - Mexican Guitar Players","description":"Pedal Cruzer modelo EF-CR. Chorus an\u00e1logo para guitarra el\u00e9ctrica. Controlesde velocidad e intensidad, funciona con pila o adaptador de 9v carcasa y conectores met\u00e1licos.","robots":{"index":"index","follow":"follow","max-snippet":"max-snippet:-1","max-image-preview":"max-image-preview:large","max-video-preview":"max-video-preview:-1"},"canonical":"https:\/\/www.mexicanguitarplayers.com\/en\/tienda\/sin categor\u00eda\/pedal-cruzer-mod-ef-cr-chorus\/","og_locale":"en_US","og_type":"article","og_title":"PEDAL CRUZER MOD. EF-CR CHORUS - Mexican Guitar Players","og_description":"Pedal Cruzer modelo EF-CR. Chorus an\u00e1logo para guitarra el\u00e9ctrica. Controlesde velocidad e intensidad, funciona con pila o adaptador de 9v carcasa y conectores met\u00e1licos.","og_url":"https:\/\/www.mexicanguitarplayers.com\/en\/tienda\/sin categor\u00eda\/pedal-cruzer-mod-ef-cr-chorus\/","og_site_name":"Mexican Guitar Players","article_modified_time":"2026-04-10T10:48:35+00:00","twitter_card":"summary_large_image","twitter_misc":{"Est. reading time":"1 minute"},"schema":{"@context":"https:\/\/schema.org","@graph":[{"@type":["WebPage","ItemPage"],"@id":"https:\/\/www.mexicanguitarplayers.com\/tienda\/sin categor\u00eda\/pedal-cruzer-mod-ef-cr-chorus\/","url":"https:\/\/www.mexicanguitarplayers.com\/tienda\/sin categor\u00eda\/pedal-cruzer-mod-ef-cr-chorus\/","name":"PEDAL CRUZER MOD. EF-CR CHORUS - Mexican Guitar Players","isPartOf":{"@id":"https:\/\/www.mexicanguitarplayers.com\/#website"},"primaryImageOfPage":{"@id":"https:\/\/www.mexicanguitarplayers.com\/tienda\/sin categor\u00eda\/pedal-cruzer-mod-ef-cr-chorus\/#primaryimage"},"image":{"@id":"https:\/\/www.mexicanguitarplayers.com\/tienda\/sin categor\u00eda\/pedal-cruzer-mod-ef-cr-chorus\/#primaryimage"},"thumbnailUrl":"https:\/\/www.mexicanguitarplayers.com\/wp-content\/uploads\/2025\/04\/VACRZEFCR.jpg","datePublished":"2025-04-06T19:20:11+00:00","dateModified":"2026-04-10T10:48:35+00:00","description":"Pedal Cruzer modelo EF-CR. Chorus an\u00e1logo para guitarra el\u00e9ctrica. Controlesde velocidad e intensidad, funciona con pila o adaptador de 9v carcasa y conectores met\u00e1licos.","breadcrumb":{"@id":"https:\/\/www.mexicanguitarplayers.com\/tienda\/sin categor\u00eda\/pedal-cruzer-mod-ef-cr-chorus\/#breadcrumb"},"inLanguage":"en-US","potentialAction":[{"@type":"ReadAction","target":["https:\/\/www.mexicanguitarplayers.com\/tienda\/sin categor\u00eda\/pedal-cruzer-mod-ef-cr-chorus\/"]}]},{"@type":"ImageObject","inLanguage":"en-US","@id":"https:\/\/www.mexicanguitarplayers.com\/tienda\/sin categor\u00eda\/pedal-cruzer-mod-ef-cr-chorus\/#primaryimage","url":"https:\/\/www.mexicanguitarplayers.com\/wp-content\/uploads\/2025\/04\/VACRZEFCR.jpg","contentUrl":"https:\/\/www.mexicanguitarplayers.com\/wp-content\/uploads\/2025\/04\/VACRZEFCR.jpg","width":402,"height":500},{"@type":"BreadcrumbList","@id":"https:\/\/www.mexicanguitarplayers.com\/tienda\/sin categor\u00eda\/pedal-cruzer-mod-ef-cr-chorus\/#breadcrumb","itemListElement":[{"@type":"ListItem","position":1,"name":"Portada","item":"https:\/\/www.mexicanguitarplayers.com\/"},{"@type":"ListItem","position":2,"name":"Tienda","item":"https:\/\/www.mexicanguitarplayers.com\/tienda\/"},{"@type":"ListItem","position":3,"name":"PEDAL CRUZER MOD. EF-CR CHORUS"}]},{"@type":"WebSite","@id":"https:\/\/www.mexicanguitarplayers.com\/#website","url":"https:\/\/www.mexicanguitarplayers.com\/","name":"Mexican Guitar Players","description":"Website","publisher":{"@id":"https:\/\/www.mexicanguitarplayers.com\/#organization"},"potentialAction":[{"@type":"SearchAction","target":{"@type":"EntryPoint","urlTemplate":"https:\/\/www.mexicanguitarplayers.com\/?s={search_term_string}"},"query-input":{"@type":"PropertyValueSpecification","valueRequired":true,"valueName":"search_term_string"}}],"inLanguage":"en-US"},{"@type":"Organization","@id":"https:\/\/www.mexicanguitarplayers.com\/#organization","name":"Mexican Guitar Players","url":"https:\/\/www.mexicanguitarplayers.com\/","logo":{"@type":"ImageObject","inLanguage":"en-US","@id":"https:\/\/www.mexicanguitarplayers.com\/#\/schema\/logo\/image\/","url":"","contentUrl":"","caption":"Mexican Guitar Players"},"image":{"@id":"https:\/\/www.mexicanguitarplayers.com\/#\/schema\/logo\/image\/"}}]}},"brands":[{"id":259,"name":"CRUISE","slug":"cruzer"}],"_links":{"self":[{"href":"https:\/\/www.mexicanguitarplayers.com\/en\/wp-json\/wp\/v2\/product\/23710","targetHints":{"allow":["GET"]}}],"collection":[{"href":"https:\/\/www.mexicanguitarplayers.com\/en\/wp-json\/wp\/v2\/product"}],"about":[{"href":"https:\/\/www.mexicanguitarplayers.com\/en\/wp-json\/wp\/v2\/types\/product"}],"replies":[{"embeddable":true,"href":"https:\/\/www.mexicanguitarplayers.com\/en\/wp-json\/wp\/v2\/comments?post=23710"}],"wp:featuredmedia":[{"embeddable":true,"href":"https:\/\/www.mexicanguitarplayers.com\/en\/wp-json\/wp\/v2\/media\/23709"}],"wp:attachment":[{"href":"https:\/\/www.mexicanguitarplayers.com\/en\/wp-json\/wp\/v2\/media?parent=23710"}],"wp:term":[{"taxonomy":"pwb-brand","embeddable":true,"href":"https:\/\/www.mexicanguitarplayers.com\/en\/wp-json\/wp\/v2\/pwb-brand?post=23710"},{"taxonomy":"product_brand","embeddable":true,"href":"https:\/\/www.mexicanguitarplayers.com\/en\/wp-json\/wp\/v2\/product_brand?post=23710"},{"taxonomy":"product_cat","embeddable":true,"href":"https:\/\/www.mexicanguitarplayers.com\/en\/wp-json\/wp\/v2\/product_cat?post=23710"},{"taxonomy":"product_tag","embeddable":true,"href":"https:\/\/www.mexicanguitarplayers.com\/en\/wp-json\/wp\/v2\/product_tag?post=23710"}],"curies":[{"name":"wp","href":"https:\/\/api.w.org\/{rel}","templated":true}]}}