{"id":23740,"date":"2025-04-06T13:21:45","date_gmt":"2025-04-06T19:21:45","guid":{"rendered":"https:\/\/www.mexicanguitarplayers.com\/tienda\/sin categor\u00eda\/guitarra-gewa-e-acust-4-4-nogal-res-slim\/"},"modified":"2026-04-15T04:22:45","modified_gmt":"2026-04-15T10:22:45","slug":"guitarra-gewa-e-acust-4-4-nogal-res-slim","status":"publish","type":"product","link":"https:\/\/www.mexicanguitarplayers.com\/en\/tienda\/cuerdas\/guitarras-cuerdas\/acusticas\/guitarras-clasicas\/guitarra-gewa-e-acust-4-4-nogal-res-slim\/","title":{"rendered":"GUITARRA GEWA E\/ACUST 4\/4 NOGAL RES SLIM"},"content":{"rendered":"<div style=\"text-align: justify\">\n<div>\n<h3>Una gran familia de instrumentos.<\/h3>\n<\/div>\n<div>La compa\u00f1\u00eda GEWA se ve a s\u00ed misma como socio y  promotor del negocio de los instrumentos musicales profesionales. GEWA representa una compa\u00f1\u00eda rica en tradici\u00f3n y  se esfuerza en mantener los principios firmemente arraigados en la historia de la empresa. Nos enfocamos en los instrumentos musicales ac\u00fastico-mec\u00e1nicos. Nos ganamos la confianza de nuestros clientes con la calidad, seguimiento de los plazos de entrega y lealtad. Cada l\u00ednea de instrumentos musicales y accesorios est\u00e1 bajo la responsabilidad de un equipo de especialistas cualificados y experimentados. Nuestro est\u00e1ndar est\u00e1 claramente definido: El mejor producto en cada rango de precio. Todos los instrumentos est\u00e1n sujetos a estrechos controles de calidad por artesanos cualificados. Especialistas de producto y servicios revisan cuidadosamente la funcionalidad, sonido individual y montaje de cada instrumento.  Con el cuidado y mantenimiento adecuados, podr\u00e1s mantener tanto el valor como el funcionamiento de tu instrumento. Una humedad \u00f3ptima y un transporte y almacenamiento adecuado son cruciales para garantizar la longevidad de tu instrumento.<\/div>\n<div>\n<h4>Characteristics<\/h4>\n<\/div>\n<div>\n<ul style=\"margin: 0px 0px 0px 25px\">\n<li style=\"list-style-type: circle;margin: 5px\">Escala 4\/4\u201d (650 mm).<\/li>\n<li style=\"list-style-type: circle;margin: 5px\">Cuerpo de tilo.<\/li>\n<li style=\"list-style-type: circle;margin: 5px\">Uni\u00f3n de ABS.<\/li>\n<li style=\"list-style-type: circle;margin: 5px\">Diapas\u00f3n y puente de madera de pakka.<\/li>\n<li style=\"list-style-type: circle;margin: 5px\">Trastes de n\u00edquel plata.<\/li>\n<li style=\"list-style-type: circle;margin: 5px\">Maquinaria cromada.<\/li>\n<li style=\"list-style-type: circle;margin: 5px\">Terminado mate basado en agua.<\/li>\n<li style=\"list-style-type: circle;margin: 5px\">Cejuela de 52 mm de ancho.<\/li>\n<\/ul>\n<\/div>\n<\/div>","protected":false},"excerpt":{"rendered":"<p>Guitarra cl\u00e1sica, resaque, escala 4\/4\u201d (650 mm), cuerpo de tilo, uni\u00f3n de ABS, diapas\u00f3n y puente de madera de pakka, trastes de n\u00edquel plata, maquinaria cromada, terminado mate ecol\u00f3gico basado en agua, cejuela de 52 mm de ancho, pastilla piezo de puente con ecualizador de 4 bandas y afinador. Dimensiones del producto: 14 x 46 x 106 cm. Peso: 2.17 Kg.&hellip; <a class=\"kt-excerpt-readmore more-link\" href=\"https:\/\/www.mexicanguitarplayers.com\/en\/tienda\/cuerdas\/guitarras-cuerdas\/acusticas\/guitarras-clasicas\/guitarra-gewa-e-acust-4-4-nogal-res-slim\/\">Read more<\/a><\/p>","protected":false},"featured_media":23732,"comment_status":"open","ping_status":"closed","template":"","meta":{"kt_blocks_editor_width":""},"pwb-brand":[331],"product_brand":[],"product_cat":[315,224,312,330],"product_tag":[],"class_list":{"0":"post-23740","1":"product","2":"type-product","3":"status-publish","4":"has-post-thumbnail","6":"pwb-brand-gewa","7":"product_cat-acusticas","8":"product_cat-cuerdas","9":"product_cat-guitarras-cuerdas","10":"product_cat-guitarras-clasicas","11":"product_shipping_class-0-5-kg","13":"first","14":"instock","15":"taxable","16":"shipping-taxable","17":"purchasable","18":"product-type-simple"},"yoast_head":"<!-- This site is optimized with the Yoast SEO plugin v27.5 - https:\/\/yoast.com\/product\/yoast-seo-wordpress\/ -->\n<title>GUITARRA GEWA E\/ACUST 4\/4 NOGAL RES SLIM - Mexican Guitar Players<\/title>\n<meta name=\"description\" content=\"Guitarra cl\u00e1sica, resaque, escala 4\/4\u201d (650 mm), cuerpo de tilo, uni\u00f3n de ABS, diapas\u00f3n y puente de madera de pakka, trastes de n\u00edquel plata, maquinaria cromada, terminado mate ecol\u00f3gico basado en agua, cejuela de 52 mm de ancho, pastilla piezo de puente con ecualizador de 4 bandas y afinador. Dimensiones del producto: 14 x 46 x 106 cm. Peso: 2.17 Kg.\" \/>\n<meta name=\"robots\" content=\"index, follow, max-snippet:-1, max-image-preview:large, max-video-preview:-1\" \/>\n<link rel=\"canonical\" href=\"https:\/\/www.mexicanguitarplayers.com\/en\/tienda\/sin%20categor\u00eda\/guitarra-gewa-e-acust-4-4-nogal-res-slim\/\" \/>\n<meta property=\"og:locale\" content=\"en_US\" \/>\n<meta property=\"og:type\" content=\"article\" \/>\n<meta property=\"og:title\" content=\"GUITARRA GEWA E\/ACUST 4\/4 NOGAL RES SLIM - Mexican Guitar Players\" \/>\n<meta property=\"og:description\" content=\"Guitarra cl\u00e1sica, resaque, escala 4\/4\u201d (650 mm), cuerpo de tilo, uni\u00f3n de ABS, diapas\u00f3n y puente de madera de pakka, trastes de n\u00edquel plata, maquinaria cromada, terminado mate ecol\u00f3gico basado en agua, cejuela de 52 mm de ancho, pastilla piezo de puente con ecualizador de 4 bandas y afinador. Dimensiones del producto: 14 x 46 x 106 cm. Peso: 2.17 Kg.\" \/>\n<meta property=\"og:url\" content=\"https:\/\/www.mexicanguitarplayers.com\/en\/tienda\/sin categor\u00eda\/guitarra-gewa-e-acust-4-4-nogal-res-slim\/\" \/>\n<meta property=\"og:site_name\" content=\"Mexican Guitar Players\" \/>\n<meta property=\"article:modified_time\" content=\"2026-04-15T10:22:45+00:00\" \/>\n<meta name=\"twitter:card\" content=\"summary_large_image\" \/>\n<meta name=\"twitter:label1\" content=\"Est. reading time\" \/>\n\t<meta name=\"twitter:data1\" content=\"1 minute\" \/>\n<script type=\"application\/ld+json\" class=\"yoast-schema-graph\">{\"@context\":\"https:\\\/\\\/schema.org\",\"@graph\":[{\"@type\":[\"WebPage\",\"ItemPage\"],\"@id\":\"https:\\\/\\\/www.mexicanguitarplayers.com\\\/tienda\\\/sin categor\u00eda\\\/guitarra-gewa-e-acust-4-4-nogal-res-slim\\\/\",\"url\":\"https:\\\/\\\/www.mexicanguitarplayers.com\\\/tienda\\\/sin categor\u00eda\\\/guitarra-gewa-e-acust-4-4-nogal-res-slim\\\/\",\"name\":\"GUITARRA GEWA E\\\/ACUST 4\\\/4 NOGAL RES SLIM - Mexican Guitar Players\",\"isPartOf\":{\"@id\":\"https:\\\/\\\/www.mexicanguitarplayers.com\\\/#website\"},\"primaryImageOfPage\":{\"@id\":\"https:\\\/\\\/www.mexicanguitarplayers.com\\\/tienda\\\/sin categor\u00eda\\\/guitarra-gewa-e-acust-4-4-nogal-res-slim\\\/#primaryimage\"},\"image\":{\"@id\":\"https:\\\/\\\/www.mexicanguitarplayers.com\\\/tienda\\\/sin categor\u00eda\\\/guitarra-gewa-e-acust-4-4-nogal-res-slim\\\/#primaryimage\"},\"thumbnailUrl\":\"https:\\\/\\\/www.mexicanguitarplayers.com\\\/wp-content\\\/uploads\\\/2025\\\/04\\\/ISGEWPS510190.jpg\",\"datePublished\":\"2025-04-06T19:21:45+00:00\",\"dateModified\":\"2026-04-15T10:22:45+00:00\",\"description\":\"Guitarra cl\u00e1sica, resaque, escala 4\\\/4\u201d (650 mm), cuerpo de tilo, uni\u00f3n de ABS, diapas\u00f3n y puente de madera de pakka, trastes de n\u00edquel plata, maquinaria cromada, terminado mate ecol\u00f3gico basado en agua, cejuela de 52 mm de ancho, pastilla piezo de puente con ecualizador de 4 bandas y afinador. Dimensiones del producto: 14 x 46 x 106 cm. Peso: 2.17 Kg.\",\"breadcrumb\":{\"@id\":\"https:\\\/\\\/www.mexicanguitarplayers.com\\\/tienda\\\/sin categor\u00eda\\\/guitarra-gewa-e-acust-4-4-nogal-res-slim\\\/#breadcrumb\"},\"inLanguage\":\"en-US\",\"potentialAction\":[{\"@type\":\"ReadAction\",\"target\":[\"https:\\\/\\\/www.mexicanguitarplayers.com\\\/tienda\\\/sin categor\u00eda\\\/guitarra-gewa-e-acust-4-4-nogal-res-slim\\\/\"]}]},{\"@type\":\"ImageObject\",\"inLanguage\":\"en-US\",\"@id\":\"https:\\\/\\\/www.mexicanguitarplayers.com\\\/tienda\\\/sin categor\u00eda\\\/guitarra-gewa-e-acust-4-4-nogal-res-slim\\\/#primaryimage\",\"url\":\"https:\\\/\\\/www.mexicanguitarplayers.com\\\/wp-content\\\/uploads\\\/2025\\\/04\\\/ISGEWPS510190.jpg\",\"contentUrl\":\"https:\\\/\\\/www.mexicanguitarplayers.com\\\/wp-content\\\/uploads\\\/2025\\\/04\\\/ISGEWPS510190.jpg\",\"width\":800,\"height\":1600},{\"@type\":\"BreadcrumbList\",\"@id\":\"https:\\\/\\\/www.mexicanguitarplayers.com\\\/tienda\\\/sin categor\u00eda\\\/guitarra-gewa-e-acust-4-4-nogal-res-slim\\\/#breadcrumb\",\"itemListElement\":[{\"@type\":\"ListItem\",\"position\":1,\"name\":\"Portada\",\"item\":\"https:\\\/\\\/www.mexicanguitarplayers.com\\\/\"},{\"@type\":\"ListItem\",\"position\":2,\"name\":\"Tienda\",\"item\":\"https:\\\/\\\/www.mexicanguitarplayers.com\\\/tienda\\\/\"},{\"@type\":\"ListItem\",\"position\":3,\"name\":\"GUITARRA GEWA E\\\/ACUST 4\\\/4 NOGAL RES SLIM\"}]},{\"@type\":\"WebSite\",\"@id\":\"https:\\\/\\\/www.mexicanguitarplayers.com\\\/#website\",\"url\":\"https:\\\/\\\/www.mexicanguitarplayers.com\\\/\",\"name\":\"Mexican Guitar Players\",\"description\":\"Website\",\"publisher\":{\"@id\":\"https:\\\/\\\/www.mexicanguitarplayers.com\\\/#organization\"},\"potentialAction\":[{\"@type\":\"SearchAction\",\"target\":{\"@type\":\"EntryPoint\",\"urlTemplate\":\"https:\\\/\\\/www.mexicanguitarplayers.com\\\/?s={search_term_string}\"},\"query-input\":{\"@type\":\"PropertyValueSpecification\",\"valueRequired\":true,\"valueName\":\"search_term_string\"}}],\"inLanguage\":\"en-US\"},{\"@type\":\"Organization\",\"@id\":\"https:\\\/\\\/www.mexicanguitarplayers.com\\\/#organization\",\"name\":\"Mexican Guitar Players\",\"url\":\"https:\\\/\\\/www.mexicanguitarplayers.com\\\/\",\"logo\":{\"@type\":\"ImageObject\",\"inLanguage\":\"en-US\",\"@id\":\"https:\\\/\\\/www.mexicanguitarplayers.com\\\/#\\\/schema\\\/logo\\\/image\\\/\",\"url\":\"\",\"contentUrl\":\"\",\"caption\":\"Mexican Guitar Players\"},\"image\":{\"@id\":\"https:\\\/\\\/www.mexicanguitarplayers.com\\\/#\\\/schema\\\/logo\\\/image\\\/\"}}]}<\/script>\n<!-- \/ Yoast SEO plugin. -->","yoast_head_json":{"title":"GUITARRA GEWA E\/ACUST 4\/4 NOGAL RES SLIM - Mexican Guitar Players","description":"Guitarra cl\u00e1sica, resaque, escala 4\/4\u201d (650 mm), cuerpo de tilo, uni\u00f3n de ABS, diapas\u00f3n y puente de madera de pakka, trastes de n\u00edquel plata, maquinaria cromada, terminado mate ecol\u00f3gico basado en agua, cejuela de 52 mm de ancho, pastilla piezo de puente con ecualizador de 4 bandas y afinador. Dimensiones del producto: 14 x 46 x 106 cm. Peso: 2.17 Kg.","robots":{"index":"index","follow":"follow","max-snippet":"max-snippet:-1","max-image-preview":"max-image-preview:large","max-video-preview":"max-video-preview:-1"},"canonical":"https:\/\/www.mexicanguitarplayers.com\/en\/tienda\/sin categor\u00eda\/guitarra-gewa-e-acust-4-4-nogal-res-slim\/","og_locale":"en_US","og_type":"article","og_title":"GUITARRA GEWA E\/ACUST 4\/4 NOGAL RES SLIM - Mexican Guitar Players","og_description":"Guitarra cl\u00e1sica, resaque, escala 4\/4\u201d (650 mm), cuerpo de tilo, uni\u00f3n de ABS, diapas\u00f3n y puente de madera de pakka, trastes de n\u00edquel plata, maquinaria cromada, terminado mate ecol\u00f3gico basado en agua, cejuela de 52 mm de ancho, pastilla piezo de puente con ecualizador de 4 bandas y afinador. Dimensiones del producto: 14 x 46 x 106 cm. Peso: 2.17 Kg.","og_url":"https:\/\/www.mexicanguitarplayers.com\/en\/tienda\/sin categor\u00eda\/guitarra-gewa-e-acust-4-4-nogal-res-slim\/","og_site_name":"Mexican Guitar Players","article_modified_time":"2026-04-15T10:22:45+00:00","twitter_card":"summary_large_image","twitter_misc":{"Est. reading time":"1 minute"},"schema":{"@context":"https:\/\/schema.org","@graph":[{"@type":["WebPage","ItemPage"],"@id":"https:\/\/www.mexicanguitarplayers.com\/tienda\/sin categor\u00eda\/guitarra-gewa-e-acust-4-4-nogal-res-slim\/","url":"https:\/\/www.mexicanguitarplayers.com\/tienda\/sin categor\u00eda\/guitarra-gewa-e-acust-4-4-nogal-res-slim\/","name":"GUITARRA GEWA E\/ACUST 4\/4 NOGAL RES SLIM - Mexican Guitar Players","isPartOf":{"@id":"https:\/\/www.mexicanguitarplayers.com\/#website"},"primaryImageOfPage":{"@id":"https:\/\/www.mexicanguitarplayers.com\/tienda\/sin categor\u00eda\/guitarra-gewa-e-acust-4-4-nogal-res-slim\/#primaryimage"},"image":{"@id":"https:\/\/www.mexicanguitarplayers.com\/tienda\/sin categor\u00eda\/guitarra-gewa-e-acust-4-4-nogal-res-slim\/#primaryimage"},"thumbnailUrl":"https:\/\/www.mexicanguitarplayers.com\/wp-content\/uploads\/2025\/04\/ISGEWPS510190.jpg","datePublished":"2025-04-06T19:21:45+00:00","dateModified":"2026-04-15T10:22:45+00:00","description":"Guitarra cl\u00e1sica, resaque, escala 4\/4\u201d (650 mm), cuerpo de tilo, uni\u00f3n de ABS, diapas\u00f3n y puente de madera de pakka, trastes de n\u00edquel plata, maquinaria cromada, terminado mate ecol\u00f3gico basado en agua, cejuela de 52 mm de ancho, pastilla piezo de puente con ecualizador de 4 bandas y afinador. Dimensiones del producto: 14 x 46 x 106 cm. Peso: 2.17 Kg.","breadcrumb":{"@id":"https:\/\/www.mexicanguitarplayers.com\/tienda\/sin categor\u00eda\/guitarra-gewa-e-acust-4-4-nogal-res-slim\/#breadcrumb"},"inLanguage":"en-US","potentialAction":[{"@type":"ReadAction","target":["https:\/\/www.mexicanguitarplayers.com\/tienda\/sin categor\u00eda\/guitarra-gewa-e-acust-4-4-nogal-res-slim\/"]}]},{"@type":"ImageObject","inLanguage":"en-US","@id":"https:\/\/www.mexicanguitarplayers.com\/tienda\/sin categor\u00eda\/guitarra-gewa-e-acust-4-4-nogal-res-slim\/#primaryimage","url":"https:\/\/www.mexicanguitarplayers.com\/wp-content\/uploads\/2025\/04\/ISGEWPS510190.jpg","contentUrl":"https:\/\/www.mexicanguitarplayers.com\/wp-content\/uploads\/2025\/04\/ISGEWPS510190.jpg","width":800,"height":1600},{"@type":"BreadcrumbList","@id":"https:\/\/www.mexicanguitarplayers.com\/tienda\/sin categor\u00eda\/guitarra-gewa-e-acust-4-4-nogal-res-slim\/#breadcrumb","itemListElement":[{"@type":"ListItem","position":1,"name":"Portada","item":"https:\/\/www.mexicanguitarplayers.com\/"},{"@type":"ListItem","position":2,"name":"Tienda","item":"https:\/\/www.mexicanguitarplayers.com\/tienda\/"},{"@type":"ListItem","position":3,"name":"GUITARRA GEWA E\/ACUST 4\/4 NOGAL RES SLIM"}]},{"@type":"WebSite","@id":"https:\/\/www.mexicanguitarplayers.com\/#website","url":"https:\/\/www.mexicanguitarplayers.com\/","name":"Mexican Guitar Players","description":"Website","publisher":{"@id":"https:\/\/www.mexicanguitarplayers.com\/#organization"},"potentialAction":[{"@type":"SearchAction","target":{"@type":"EntryPoint","urlTemplate":"https:\/\/www.mexicanguitarplayers.com\/?s={search_term_string}"},"query-input":{"@type":"PropertyValueSpecification","valueRequired":true,"valueName":"search_term_string"}}],"inLanguage":"en-US"},{"@type":"Organization","@id":"https:\/\/www.mexicanguitarplayers.com\/#organization","name":"Mexican Guitar Players","url":"https:\/\/www.mexicanguitarplayers.com\/","logo":{"@type":"ImageObject","inLanguage":"en-US","@id":"https:\/\/www.mexicanguitarplayers.com\/#\/schema\/logo\/image\/","url":"","contentUrl":"","caption":"Mexican Guitar Players"},"image":{"@id":"https:\/\/www.mexicanguitarplayers.com\/#\/schema\/logo\/image\/"}}]}},"brands":[{"id":331,"name":"GEWA","slug":"gewa"}],"_links":{"self":[{"href":"https:\/\/www.mexicanguitarplayers.com\/en\/wp-json\/wp\/v2\/product\/23740","targetHints":{"allow":["GET"]}}],"collection":[{"href":"https:\/\/www.mexicanguitarplayers.com\/en\/wp-json\/wp\/v2\/product"}],"about":[{"href":"https:\/\/www.mexicanguitarplayers.com\/en\/wp-json\/wp\/v2\/types\/product"}],"replies":[{"embeddable":true,"href":"https:\/\/www.mexicanguitarplayers.com\/en\/wp-json\/wp\/v2\/comments?post=23740"}],"wp:featuredmedia":[{"embeddable":true,"href":"https:\/\/www.mexicanguitarplayers.com\/en\/wp-json\/wp\/v2\/media\/23732"}],"wp:attachment":[{"href":"https:\/\/www.mexicanguitarplayers.com\/en\/wp-json\/wp\/v2\/media?parent=23740"}],"wp:term":[{"taxonomy":"pwb-brand","embeddable":true,"href":"https:\/\/www.mexicanguitarplayers.com\/en\/wp-json\/wp\/v2\/pwb-brand?post=23740"},{"taxonomy":"product_brand","embeddable":true,"href":"https:\/\/www.mexicanguitarplayers.com\/en\/wp-json\/wp\/v2\/product_brand?post=23740"},{"taxonomy":"product_cat","embeddable":true,"href":"https:\/\/www.mexicanguitarplayers.com\/en\/wp-json\/wp\/v2\/product_cat?post=23740"},{"taxonomy":"product_tag","embeddable":true,"href":"https:\/\/www.mexicanguitarplayers.com\/en\/wp-json\/wp\/v2\/product_tag?post=23740"}],"curies":[{"name":"wp","href":"https:\/\/api.w.org\/{rel}","templated":true}]}}