{"id":23758,"date":"2025-04-06T13:22:37","date_gmt":"2025-04-06T19:22:37","guid":{"rendered":"https:\/\/www.mexicanguitarplayers.com\/tienda\/sin categor\u00eda\/sistema-akg-p-antenas-ps4000\/"},"modified":"2026-04-10T04:48:29","modified_gmt":"2026-04-10T10:48:29","slug":"sistema-akg-p-antenas-ps4000","status":"publish","type":"product","link":"https:\/\/www.mexicanguitarplayers.com\/en\/tienda\/audio\/sistema-de-monitoreo-personal\/transmisores-y-receptores-sistema-de-monitoreo-personal\/sistema-akg-p-antenas-ps4000\/","title":{"rendered":"SISTEMA AKG P\/ANTENAS     PS4000"},"content":{"rendered":"<div style=\"text-align: justify\">\n<div>\n<h3>Ajusta tus se\u00f1ales con precisi\u00f3n.<\/h3>\n<\/div>\n<div>Uno o varios acopladores m\u00faltiples PS 4000 pueden ser usados para crear sistemas complejos con cables de antena largos, antenas de red distribuidas redes para aplicaciones de intercambio o para alimentar la se\u00f1al de una antena par para varios receptores.   La combinaci\u00f3n de antenas dedicadas AKG opcionales y la amplificaci\u00f3n de alta calidad y circuitos de distribuci\u00f3n del PS 4000 garantizan la m\u00e1xima fiabilidad de la recepci\u00f3n.  Un canal altamente visible de leds proporciona una indicaci\u00f3n de estado clara, incluso desde la distancia.  Un selector de interrupci\u00f3n de ganancia permite compensar la atenuaci\u00f3n del cable para asegurar una calidad \u00f3ptima de se\u00f1al. El PS 4000 tambi\u00e9n alimenta antenas activas a trav\u00e9s de los cables de antena, lo que elimina la necesidad de separar los cables de la antena de energ\u00eda.<\/div>\n<div>\n<h4>Quick look<\/h4>\n<\/div>\n<ul style=\"margin: 0px 0px 0px 25px\">\n<li style=\"list-style-type: circle;margin: 5px\">Portador de rango de frecuencia.<\/li>\n<li style=\"list-style-type: circle;margin: 5px\">Atenuaci\u00f3n.<\/li>\n<li style=\"list-style-type: circle;margin: 5px\">Entradas RF.<\/li>\n<li style=\"list-style-type: circle;margin: 5px\">Salidas RF.<\/li>\n<li style=\"list-style-type: circle;margin: 5px\">Voltaje de operaci\u00f3n.<\/li>\n<li style=\"list-style-type: circle;margin: 5px\">Dimensions.<\/li>\n<li style=\"list-style-type: circle;margin: 5px\">Weight.<\/li>\n<\/ul>\n<div>\n<div style=\"font-weight: bold\">Portador de rango de frecuencia.<\/div>\n<div>\n<p>500 a 865 MHz.<\/p>\n<\/div>\n<div style=\"font-weight: bold\">Atenuaci\u00f3n.<\/div>\n<div>\n<p>0, 2, 4, 6, 8, 10, 12, 14 dB, seleccionable.<\/p>\n<\/div>\n<div style=\"font-weight: bold\">Entradas RF.<\/div>\n<div>\n<p>2 conectores BNC, 50 ohms.<\/p>\n<\/div>\n<div style=\"font-weight: bold\">Salidas RF.<\/div>\n<div>\n<p>10 conectores BNC, 50 ohms.<\/p>\n<\/div>\n<div style=\"font-weight: bold\">Voltaje de operaci\u00f3n.<\/div>\n<div>\n<p>12 VDC.<\/p>\n<\/div>\n<div style=\"font-weight: bold\">Dimensions.<\/div>\n<div>\n<p>7.8\u201d pulgadas (200 mm) x 7.5\u201d pulgadas (190 mm) x 1.7\u201d pulgadas (44 mm).<\/p>\n<\/div>\n<div style=\"font-weight: bold\">Weight.<\/div>\n<div>\n<p>970 g. (2.2 lbs).<\/p>\n<\/div>\n<\/div>\n<div>\n<h4>Characteristics<\/h4>\n<\/div>\n<div>\n<ul style=\"margin: 0px 0px 0px 25px\">\n<li style=\"list-style-type: circle;margin: 5px\">Acoplador m\u00faltiple divisor, con chasis met\u00e1lico para receptores SR4500, SR450, SR470 y DSR700.<\/li>\n<li style=\"list-style-type: circle;margin: 5px\">Ancho de banda de 365 MHz para utilizar con canales WMS 4500, WMS 450, WMS 470 y DMS 700.<\/li>\n<li style=\"list-style-type: circle;margin: 5px\">Cable ajustable de compensaci\u00f3n de atenuaci\u00f3n.<\/li>\n<li style=\"list-style-type: circle;margin: 5px\">2 entradas de antena BNC, 4 diversas salidas de par en 8 conectores BNC.<\/li>\n<li style=\"list-style-type: circle;margin: 5px\">Salidas de expansi\u00f3n para conexi\u00f3n en cadena de divisores de antena para m\u00e1s de 50 receptores.<\/li>\n<\/ul>\n<\/div>\n<\/div>","protected":false},"excerpt":{"rendered":"<p>Sistema para antenas AKG. Modelo: PS4000. Acoplador m\u00faltiple divisor, con chasismet\u00e1lico para receptores SR4500, SR450, SR470 y DSR700. Ancho de banda de 365 MHz para utilizar con canales WMS 4500, WMS 450, WMS 470 y DMS 700. Rango de frecuencia: 500 a 865 MHz. Peso: 970 g.&hellip; <a class=\"kt-excerpt-readmore more-link\" href=\"https:\/\/www.mexicanguitarplayers.com\/en\/tienda\/audio\/sistema-de-monitoreo-personal\/transmisores-y-receptores-sistema-de-monitoreo-personal\/sistema-akg-p-antenas-ps4000\/\">Read more<\/a><\/p>","protected":false},"featured_media":23757,"comment_status":"open","ping_status":"closed","template":"","meta":{"kt_blocks_editor_width":""},"pwb-brand":[528],"product_brand":[],"product_cat":[213,244,245],"product_tag":[],"class_list":{"0":"post-23758","1":"product","2":"type-product","3":"status-publish","4":"has-post-thumbnail","6":"pwb-brand-akg","7":"product_cat-audio","8":"product_cat-sistema-de-monitoreo-personal","9":"product_cat-transmisores-y-receptores-sistema-de-monitoreo-personal","10":"product_shipping_class-0-5-kg","12":"first","13":"instock","14":"taxable","15":"shipping-taxable","16":"purchasable","17":"product-type-simple"},"yoast_head":"<!-- This site is optimized with the Yoast SEO plugin v27.5 - https:\/\/yoast.com\/product\/yoast-seo-wordpress\/ -->\n<title>SISTEMA AKG P\/ANTENAS   PS4000 - Mexican Guitar Players<\/title>\n<meta name=\"description\" content=\"Sistema para antenas AKG. Modelo: PS4000. Acoplador m\u00faltiple divisor, con chasismet\u00e1lico para receptores SR4500, SR450, SR470 y DSR700. Ancho de banda de 365 MHz para utilizar con canales WMS 4500, WMS 450, WMS 470 y DMS 700. Rango de frecuencia: 500 a 865 MHz. Peso: 970 g.\" \/>\n<meta name=\"robots\" content=\"index, follow, max-snippet:-1, max-image-preview:large, max-video-preview:-1\" \/>\n<link rel=\"canonical\" href=\"https:\/\/www.mexicanguitarplayers.com\/en\/tienda\/sin%20categor\u00eda\/sistema-akg-p-antenas-ps4000\/\" \/>\n<meta property=\"og:locale\" content=\"en_US\" \/>\n<meta property=\"og:type\" content=\"article\" \/>\n<meta property=\"og:title\" content=\"SISTEMA AKG P\/ANTENAS   PS4000 - Mexican Guitar Players\" \/>\n<meta property=\"og:description\" content=\"Sistema para antenas AKG. Modelo: PS4000. Acoplador m\u00faltiple divisor, con chasismet\u00e1lico para receptores SR4500, SR450, SR470 y DSR700. Ancho de banda de 365 MHz para utilizar con canales WMS 4500, WMS 450, WMS 470 y DMS 700. Rango de frecuencia: 500 a 865 MHz. Peso: 970 g.\" \/>\n<meta property=\"og:url\" content=\"https:\/\/www.mexicanguitarplayers.com\/en\/tienda\/sin categor\u00eda\/sistema-akg-p-antenas-ps4000\/\" \/>\n<meta property=\"og:site_name\" content=\"Mexican Guitar Players\" \/>\n<meta property=\"article:modified_time\" content=\"2026-04-10T10:48:29+00:00\" \/>\n<meta name=\"twitter:card\" content=\"summary_large_image\" \/>\n<meta name=\"twitter:label1\" content=\"Est. reading time\" \/>\n\t<meta name=\"twitter:data1\" content=\"1 minute\" \/>\n<script type=\"application\/ld+json\" class=\"yoast-schema-graph\">{\"@context\":\"https:\\\/\\\/schema.org\",\"@graph\":[{\"@type\":[\"WebPage\",\"ItemPage\"],\"@id\":\"https:\\\/\\\/www.mexicanguitarplayers.com\\\/tienda\\\/sin categor\u00eda\\\/sistema-akg-p-antenas-ps4000\\\/\",\"url\":\"https:\\\/\\\/www.mexicanguitarplayers.com\\\/tienda\\\/sin categor\u00eda\\\/sistema-akg-p-antenas-ps4000\\\/\",\"name\":\"SISTEMA AKG P\\\/ANTENAS PS4000 - Mexican Guitar Players\",\"isPartOf\":{\"@id\":\"https:\\\/\\\/www.mexicanguitarplayers.com\\\/#website\"},\"primaryImageOfPage\":{\"@id\":\"https:\\\/\\\/www.mexicanguitarplayers.com\\\/tienda\\\/sin categor\u00eda\\\/sistema-akg-p-antenas-ps4000\\\/#primaryimage\"},\"image\":{\"@id\":\"https:\\\/\\\/www.mexicanguitarplayers.com\\\/tienda\\\/sin categor\u00eda\\\/sistema-akg-p-antenas-ps4000\\\/#primaryimage\"},\"thumbnailUrl\":\"https:\\\/\\\/www.mexicanguitarplayers.com\\\/wp-content\\\/uploads\\\/2025\\\/04\\\/IAAKGPS4000.jpg\",\"datePublished\":\"2025-04-06T19:22:37+00:00\",\"dateModified\":\"2026-04-10T10:48:29+00:00\",\"description\":\"Sistema para antenas AKG. Modelo: PS4000. Acoplador m\u00faltiple divisor, con chasismet\u00e1lico para receptores SR4500, SR450, SR470 y DSR700. Ancho de banda de 365 MHz para utilizar con canales WMS 4500, WMS 450, WMS 470 y DMS 700. Rango de frecuencia: 500 a 865 MHz. Peso: 970 g.\",\"breadcrumb\":{\"@id\":\"https:\\\/\\\/www.mexicanguitarplayers.com\\\/tienda\\\/sin categor\u00eda\\\/sistema-akg-p-antenas-ps4000\\\/#breadcrumb\"},\"inLanguage\":\"en-US\",\"potentialAction\":[{\"@type\":\"ReadAction\",\"target\":[\"https:\\\/\\\/www.mexicanguitarplayers.com\\\/tienda\\\/sin categor\u00eda\\\/sistema-akg-p-antenas-ps4000\\\/\"]}]},{\"@type\":\"ImageObject\",\"inLanguage\":\"en-US\",\"@id\":\"https:\\\/\\\/www.mexicanguitarplayers.com\\\/tienda\\\/sin categor\u00eda\\\/sistema-akg-p-antenas-ps4000\\\/#primaryimage\",\"url\":\"https:\\\/\\\/www.mexicanguitarplayers.com\\\/wp-content\\\/uploads\\\/2025\\\/04\\\/IAAKGPS4000.jpg\",\"contentUrl\":\"https:\\\/\\\/www.mexicanguitarplayers.com\\\/wp-content\\\/uploads\\\/2025\\\/04\\\/IAAKGPS4000.jpg\",\"width\":1200,\"height\":1200},{\"@type\":\"BreadcrumbList\",\"@id\":\"https:\\\/\\\/www.mexicanguitarplayers.com\\\/tienda\\\/sin categor\u00eda\\\/sistema-akg-p-antenas-ps4000\\\/#breadcrumb\",\"itemListElement\":[{\"@type\":\"ListItem\",\"position\":1,\"name\":\"Portada\",\"item\":\"https:\\\/\\\/www.mexicanguitarplayers.com\\\/\"},{\"@type\":\"ListItem\",\"position\":2,\"name\":\"Tienda\",\"item\":\"https:\\\/\\\/www.mexicanguitarplayers.com\\\/tienda\\\/\"},{\"@type\":\"ListItem\",\"position\":3,\"name\":\"SISTEMA AKG P\\\/ANTENAS PS4000\"}]},{\"@type\":\"WebSite\",\"@id\":\"https:\\\/\\\/www.mexicanguitarplayers.com\\\/#website\",\"url\":\"https:\\\/\\\/www.mexicanguitarplayers.com\\\/\",\"name\":\"Mexican Guitar Players\",\"description\":\"Website\",\"publisher\":{\"@id\":\"https:\\\/\\\/www.mexicanguitarplayers.com\\\/#organization\"},\"potentialAction\":[{\"@type\":\"SearchAction\",\"target\":{\"@type\":\"EntryPoint\",\"urlTemplate\":\"https:\\\/\\\/www.mexicanguitarplayers.com\\\/?s={search_term_string}\"},\"query-input\":{\"@type\":\"PropertyValueSpecification\",\"valueRequired\":true,\"valueName\":\"search_term_string\"}}],\"inLanguage\":\"en-US\"},{\"@type\":\"Organization\",\"@id\":\"https:\\\/\\\/www.mexicanguitarplayers.com\\\/#organization\",\"name\":\"Mexican Guitar Players\",\"url\":\"https:\\\/\\\/www.mexicanguitarplayers.com\\\/\",\"logo\":{\"@type\":\"ImageObject\",\"inLanguage\":\"en-US\",\"@id\":\"https:\\\/\\\/www.mexicanguitarplayers.com\\\/#\\\/schema\\\/logo\\\/image\\\/\",\"url\":\"\",\"contentUrl\":\"\",\"caption\":\"Mexican Guitar Players\"},\"image\":{\"@id\":\"https:\\\/\\\/www.mexicanguitarplayers.com\\\/#\\\/schema\\\/logo\\\/image\\\/\"}}]}<\/script>\n<!-- \/ Yoast SEO plugin. -->","yoast_head_json":{"title":"SISTEMA AKG P\/ANTENAS   PS4000 - Mexican Guitar Players","description":"Sistema para antenas AKG. Modelo: PS4000. Acoplador m\u00faltiple divisor, con chasismet\u00e1lico para receptores SR4500, SR450, SR470 y DSR700. Ancho de banda de 365 MHz para utilizar con canales WMS 4500, WMS 450, WMS 470 y DMS 700. Rango de frecuencia: 500 a 865 MHz. Peso: 970 g.","robots":{"index":"index","follow":"follow","max-snippet":"max-snippet:-1","max-image-preview":"max-image-preview:large","max-video-preview":"max-video-preview:-1"},"canonical":"https:\/\/www.mexicanguitarplayers.com\/en\/tienda\/sin categor\u00eda\/sistema-akg-p-antenas-ps4000\/","og_locale":"en_US","og_type":"article","og_title":"SISTEMA AKG P\/ANTENAS   PS4000 - Mexican Guitar Players","og_description":"Sistema para antenas AKG. Modelo: PS4000. Acoplador m\u00faltiple divisor, con chasismet\u00e1lico para receptores SR4500, SR450, SR470 y DSR700. Ancho de banda de 365 MHz para utilizar con canales WMS 4500, WMS 450, WMS 470 y DMS 700. Rango de frecuencia: 500 a 865 MHz. Peso: 970 g.","og_url":"https:\/\/www.mexicanguitarplayers.com\/en\/tienda\/sin categor\u00eda\/sistema-akg-p-antenas-ps4000\/","og_site_name":"Mexican Guitar Players","article_modified_time":"2026-04-10T10:48:29+00:00","twitter_card":"summary_large_image","twitter_misc":{"Est. reading time":"1 minute"},"schema":{"@context":"https:\/\/schema.org","@graph":[{"@type":["WebPage","ItemPage"],"@id":"https:\/\/www.mexicanguitarplayers.com\/tienda\/sin categor\u00eda\/sistema-akg-p-antenas-ps4000\/","url":"https:\/\/www.mexicanguitarplayers.com\/tienda\/sin categor\u00eda\/sistema-akg-p-antenas-ps4000\/","name":"SISTEMA AKG P\/ANTENAS PS4000 - Mexican Guitar Players","isPartOf":{"@id":"https:\/\/www.mexicanguitarplayers.com\/#website"},"primaryImageOfPage":{"@id":"https:\/\/www.mexicanguitarplayers.com\/tienda\/sin categor\u00eda\/sistema-akg-p-antenas-ps4000\/#primaryimage"},"image":{"@id":"https:\/\/www.mexicanguitarplayers.com\/tienda\/sin categor\u00eda\/sistema-akg-p-antenas-ps4000\/#primaryimage"},"thumbnailUrl":"https:\/\/www.mexicanguitarplayers.com\/wp-content\/uploads\/2025\/04\/IAAKGPS4000.jpg","datePublished":"2025-04-06T19:22:37+00:00","dateModified":"2026-04-10T10:48:29+00:00","description":"Sistema para antenas AKG. Modelo: PS4000. Acoplador m\u00faltiple divisor, con chasismet\u00e1lico para receptores SR4500, SR450, SR470 y DSR700. Ancho de banda de 365 MHz para utilizar con canales WMS 4500, WMS 450, WMS 470 y DMS 700. Rango de frecuencia: 500 a 865 MHz. Peso: 970 g.","breadcrumb":{"@id":"https:\/\/www.mexicanguitarplayers.com\/tienda\/sin categor\u00eda\/sistema-akg-p-antenas-ps4000\/#breadcrumb"},"inLanguage":"en-US","potentialAction":[{"@type":"ReadAction","target":["https:\/\/www.mexicanguitarplayers.com\/tienda\/sin categor\u00eda\/sistema-akg-p-antenas-ps4000\/"]}]},{"@type":"ImageObject","inLanguage":"en-US","@id":"https:\/\/www.mexicanguitarplayers.com\/tienda\/sin categor\u00eda\/sistema-akg-p-antenas-ps4000\/#primaryimage","url":"https:\/\/www.mexicanguitarplayers.com\/wp-content\/uploads\/2025\/04\/IAAKGPS4000.jpg","contentUrl":"https:\/\/www.mexicanguitarplayers.com\/wp-content\/uploads\/2025\/04\/IAAKGPS4000.jpg","width":1200,"height":1200},{"@type":"BreadcrumbList","@id":"https:\/\/www.mexicanguitarplayers.com\/tienda\/sin categor\u00eda\/sistema-akg-p-antenas-ps4000\/#breadcrumb","itemListElement":[{"@type":"ListItem","position":1,"name":"Portada","item":"https:\/\/www.mexicanguitarplayers.com\/"},{"@type":"ListItem","position":2,"name":"Tienda","item":"https:\/\/www.mexicanguitarplayers.com\/tienda\/"},{"@type":"ListItem","position":3,"name":"SISTEMA AKG P\/ANTENAS PS4000"}]},{"@type":"WebSite","@id":"https:\/\/www.mexicanguitarplayers.com\/#website","url":"https:\/\/www.mexicanguitarplayers.com\/","name":"Mexican Guitar Players","description":"Website","publisher":{"@id":"https:\/\/www.mexicanguitarplayers.com\/#organization"},"potentialAction":[{"@type":"SearchAction","target":{"@type":"EntryPoint","urlTemplate":"https:\/\/www.mexicanguitarplayers.com\/?s={search_term_string}"},"query-input":{"@type":"PropertyValueSpecification","valueRequired":true,"valueName":"search_term_string"}}],"inLanguage":"en-US"},{"@type":"Organization","@id":"https:\/\/www.mexicanguitarplayers.com\/#organization","name":"Mexican Guitar Players","url":"https:\/\/www.mexicanguitarplayers.com\/","logo":{"@type":"ImageObject","inLanguage":"en-US","@id":"https:\/\/www.mexicanguitarplayers.com\/#\/schema\/logo\/image\/","url":"","contentUrl":"","caption":"Mexican Guitar Players"},"image":{"@id":"https:\/\/www.mexicanguitarplayers.com\/#\/schema\/logo\/image\/"}}]}},"brands":[{"id":528,"name":"AKG","slug":"akg"}],"_links":{"self":[{"href":"https:\/\/www.mexicanguitarplayers.com\/en\/wp-json\/wp\/v2\/product\/23758","targetHints":{"allow":["GET"]}}],"collection":[{"href":"https:\/\/www.mexicanguitarplayers.com\/en\/wp-json\/wp\/v2\/product"}],"about":[{"href":"https:\/\/www.mexicanguitarplayers.com\/en\/wp-json\/wp\/v2\/types\/product"}],"replies":[{"embeddable":true,"href":"https:\/\/www.mexicanguitarplayers.com\/en\/wp-json\/wp\/v2\/comments?post=23758"}],"wp:featuredmedia":[{"embeddable":true,"href":"https:\/\/www.mexicanguitarplayers.com\/en\/wp-json\/wp\/v2\/media\/23757"}],"wp:attachment":[{"href":"https:\/\/www.mexicanguitarplayers.com\/en\/wp-json\/wp\/v2\/media?parent=23758"}],"wp:term":[{"taxonomy":"pwb-brand","embeddable":true,"href":"https:\/\/www.mexicanguitarplayers.com\/en\/wp-json\/wp\/v2\/pwb-brand?post=23758"},{"taxonomy":"product_brand","embeddable":true,"href":"https:\/\/www.mexicanguitarplayers.com\/en\/wp-json\/wp\/v2\/product_brand?post=23758"},{"taxonomy":"product_cat","embeddable":true,"href":"https:\/\/www.mexicanguitarplayers.com\/en\/wp-json\/wp\/v2\/product_cat?post=23758"},{"taxonomy":"product_tag","embeddable":true,"href":"https:\/\/www.mexicanguitarplayers.com\/en\/wp-json\/wp\/v2\/product_tag?post=23758"}],"curies":[{"name":"wp","href":"https:\/\/api.w.org\/{rel}","templated":true}]}}