{"id":23780,"date":"2025-04-06T13:23:59","date_gmt":"2025-04-06T19:23:59","guid":{"rendered":"https:\/\/www.mexicanguitarplayers.com\/tienda\/sin categor\u00eda\/pandero-meinl-mod-sfhht\/"},"modified":"2026-05-01T07:30:34","modified_gmt":"2026-05-01T13:30:34","slug":"pandero-meinl-mod-sfhht","status":"publish","type":"product","link":"https:\/\/www.mexicanguitarplayers.com\/en\/tienda\/percusiones\/percusiones-menores\/panderos\/pandero-meinl-mod-sfhht\/","title":{"rendered":"PANDERO MEINL        MOD. SFHHT"},"content":{"rendered":"<div style=\"text-align: justify\">\n<div>\n<h3>Pandero de mano de ABS.Un gran complemento para un gran baterista.<\/h3>\n<\/div>\n<div>Para obtener un sonido de pandero altamente receptivo, el pandero Meinl Super Flex est\u00e1 hecho con un marco flexible y liviano que se adapta al perfil de tu platillo. Esto enfoca toda la energ\u00eda en los cr\u00f3talos, activ\u00e1ndolos por completo para brindarte una excelente respuesta de pandero de HiHat sin una sensaci\u00f3n pesada y rezagada. El pandero Super Flex HiHat est\u00e1 equipado con 10 pares de cr\u00f3talos de acero inoxidable que brindan un sonido brillante vcon mucho volumen para brillar a trav\u00e9s de la mezcla, ya sea que lo necesites para acentos con el pie o ara alegrar tus patrones con baquetas. Este accesorio es perfecto para agregar y quitar de tu HiHat r\u00e1pidamente sin tener que lidiar con los accesorios de tuerca de mariposa. Mide 9.5&#8243; pulgadas de ancho y tiene m\u00e1s \u00e1rea de superficie ocupada por cr\u00f3talos para asegurar que tus acentos de pandero se escuchen claramente en cualquier entorno. Es ideal para su uso en vivo o en estudio.<\/div>\n<div>\n<h4>Characteristics<\/h4>\n<\/div>\n<div>\n<ul style=\"margin: 0px 0px 0px 25px\">\n<li style=\"list-style-type: circle;margin: 5px\">Pandero s\u00faper flexible.<\/li>\n<li style=\"list-style-type: circle;margin: 5px\">10 pares de cr\u00f3talos de acero inoxidable.<\/li>\n<li style=\"list-style-type: circle;margin: 5px\">Marco de mylar.<\/li>\n<li style=\"list-style-type: circle;margin: 5px\">Sonido claro y brillante.<\/li>\n<li style=\"list-style-type: circle;margin: 5px\">Forma extra ancha de 9.5&#8243; pulgadas.<\/li>\n<\/ul>\n<\/div>\n<\/div>","protected":false},"excerpt":{"rendered":"<p>Pandero s\u00faper flexible para producir acentos con sonido de pandero desde tu platillo o tus HiHats, 10 pares de cr\u00f3talos de acero inoxidable que brindan un sonido claro y brillante, forma extra ancha de 9.5\u201d pulgadas para una excelente respuesta con el pie en el atril de HiHats, brilla a trav\u00e9s de la mezcla para combinar f\u00e1cilmente un efecto de pandero en tus ritmos, marco de mylar.&hellip; <a class=\"kt-excerpt-readmore more-link\" href=\"https:\/\/www.mexicanguitarplayers.com\/en\/tienda\/percusiones\/percusiones-menores\/panderos\/pandero-meinl-mod-sfhht\/\">Read more<\/a><\/p>","protected":false},"featured_media":23773,"comment_status":"open","ping_status":"closed","template":"","meta":{"kt_blocks_editor_width":""},"pwb-brand":[290],"product_brand":[],"product_cat":[282,208,276],"product_tag":[],"class_list":{"0":"post-23780","1":"product","2":"type-product","3":"status-publish","4":"has-post-thumbnail","6":"pwb-brand-meinl","7":"product_cat-panderos","8":"product_cat-percusiones","9":"product_cat-percusiones-menores","10":"product_shipping_class-0-5-kg","12":"first","13":"instock","14":"taxable","15":"shipping-taxable","16":"purchasable","17":"product-type-simple"},"yoast_head":"<!-- This site is optimized with the Yoast SEO plugin v27.5 - https:\/\/yoast.com\/product\/yoast-seo-wordpress\/ -->\n<title>PANDERO MEINL    MOD. SFHHT - Mexican Guitar Players<\/title>\n<meta name=\"description\" content=\"Pandero s\u00faper flexible para producir acentos con sonido de pandero desde tu platillo o tus HiHats, 10 pares de cr\u00f3talos de acero inoxidable que brindan un sonido claro y brillante, forma extra ancha de 9.5\u201d pulgadas para una excelente respuesta con el pie en el atril de HiHats, brilla a trav\u00e9s de la mezcla para combinar f\u00e1cilmente un efecto de pandero en tus ritmos, marco de mylar.\" \/>\n<meta name=\"robots\" content=\"index, follow, max-snippet:-1, max-image-preview:large, max-video-preview:-1\" \/>\n<link rel=\"canonical\" href=\"https:\/\/www.mexicanguitarplayers.com\/en\/tienda\/sin%20categor\u00eda\/pandero-meinl-mod-sfhht\/\" \/>\n<meta property=\"og:locale\" content=\"en_US\" \/>\n<meta property=\"og:type\" content=\"article\" \/>\n<meta property=\"og:title\" content=\"PANDERO MEINL    MOD. SFHHT - Mexican Guitar Players\" \/>\n<meta property=\"og:description\" content=\"Pandero s\u00faper flexible para producir acentos con sonido de pandero desde tu platillo o tus HiHats, 10 pares de cr\u00f3talos de acero inoxidable que brindan un sonido claro y brillante, forma extra ancha de 9.5\u201d pulgadas para una excelente respuesta con el pie en el atril de HiHats, brilla a trav\u00e9s de la mezcla para combinar f\u00e1cilmente un efecto de pandero en tus ritmos, marco de mylar.\" \/>\n<meta property=\"og:url\" content=\"https:\/\/www.mexicanguitarplayers.com\/en\/tienda\/sin categor\u00eda\/pandero-meinl-mod-sfhht\/\" \/>\n<meta property=\"og:site_name\" content=\"Mexican Guitar Players\" \/>\n<meta property=\"article:modified_time\" content=\"2026-05-01T13:30:34+00:00\" \/>\n<meta name=\"twitter:card\" content=\"summary_large_image\" \/>\n<meta name=\"twitter:label1\" content=\"Est. reading time\" \/>\n\t<meta name=\"twitter:data1\" content=\"1 minute\" \/>\n<script type=\"application\/ld+json\" class=\"yoast-schema-graph\">{\"@context\":\"https:\\\/\\\/schema.org\",\"@graph\":[{\"@type\":[\"WebPage\",\"ItemPage\"],\"@id\":\"https:\\\/\\\/www.mexicanguitarplayers.com\\\/tienda\\\/sin categor\u00eda\\\/pandero-meinl-mod-sfhht\\\/\",\"url\":\"https:\\\/\\\/www.mexicanguitarplayers.com\\\/tienda\\\/sin categor\u00eda\\\/pandero-meinl-mod-sfhht\\\/\",\"name\":\"PANDERO MEINL MOD. SFHHT - Mexican Guitar Players\",\"isPartOf\":{\"@id\":\"https:\\\/\\\/www.mexicanguitarplayers.com\\\/#website\"},\"primaryImageOfPage\":{\"@id\":\"https:\\\/\\\/www.mexicanguitarplayers.com\\\/tienda\\\/sin categor\u00eda\\\/pandero-meinl-mod-sfhht\\\/#primaryimage\"},\"image\":{\"@id\":\"https:\\\/\\\/www.mexicanguitarplayers.com\\\/tienda\\\/sin categor\u00eda\\\/pandero-meinl-mod-sfhht\\\/#primaryimage\"},\"thumbnailUrl\":\"https:\\\/\\\/www.mexicanguitarplayers.com\\\/wp-content\\\/uploads\\\/2025\\\/04\\\/IPMEISFHHT.jpg\",\"datePublished\":\"2025-04-06T19:23:59+00:00\",\"dateModified\":\"2026-05-01T13:30:34+00:00\",\"description\":\"Pandero s\u00faper flexible para producir acentos con sonido de pandero desde tu platillo o tus HiHats, 10 pares de cr\u00f3talos de acero inoxidable que brindan un sonido claro y brillante, forma extra ancha de 9.5\u201d pulgadas para una excelente respuesta con el pie en el atril de HiHats, brilla a trav\u00e9s de la mezcla para combinar f\u00e1cilmente un efecto de pandero en tus ritmos, marco de mylar.\",\"breadcrumb\":{\"@id\":\"https:\\\/\\\/www.mexicanguitarplayers.com\\\/tienda\\\/sin categor\u00eda\\\/pandero-meinl-mod-sfhht\\\/#breadcrumb\"},\"inLanguage\":\"en-US\",\"potentialAction\":[{\"@type\":\"ReadAction\",\"target\":[\"https:\\\/\\\/www.mexicanguitarplayers.com\\\/tienda\\\/sin categor\u00eda\\\/pandero-meinl-mod-sfhht\\\/\"]}]},{\"@type\":\"ImageObject\",\"inLanguage\":\"en-US\",\"@id\":\"https:\\\/\\\/www.mexicanguitarplayers.com\\\/tienda\\\/sin categor\u00eda\\\/pandero-meinl-mod-sfhht\\\/#primaryimage\",\"url\":\"https:\\\/\\\/www.mexicanguitarplayers.com\\\/wp-content\\\/uploads\\\/2025\\\/04\\\/IPMEISFHHT.jpg\",\"contentUrl\":\"https:\\\/\\\/www.mexicanguitarplayers.com\\\/wp-content\\\/uploads\\\/2025\\\/04\\\/IPMEISFHHT.jpg\",\"width\":1200,\"height\":1200},{\"@type\":\"BreadcrumbList\",\"@id\":\"https:\\\/\\\/www.mexicanguitarplayers.com\\\/tienda\\\/sin categor\u00eda\\\/pandero-meinl-mod-sfhht\\\/#breadcrumb\",\"itemListElement\":[{\"@type\":\"ListItem\",\"position\":1,\"name\":\"Portada\",\"item\":\"https:\\\/\\\/www.mexicanguitarplayers.com\\\/\"},{\"@type\":\"ListItem\",\"position\":2,\"name\":\"Tienda\",\"item\":\"https:\\\/\\\/www.mexicanguitarplayers.com\\\/tienda\\\/\"},{\"@type\":\"ListItem\",\"position\":3,\"name\":\"PANDERO MEINL MOD. SFHHT\"}]},{\"@type\":\"WebSite\",\"@id\":\"https:\\\/\\\/www.mexicanguitarplayers.com\\\/#website\",\"url\":\"https:\\\/\\\/www.mexicanguitarplayers.com\\\/\",\"name\":\"Mexican Guitar Players\",\"description\":\"Website\",\"publisher\":{\"@id\":\"https:\\\/\\\/www.mexicanguitarplayers.com\\\/#organization\"},\"potentialAction\":[{\"@type\":\"SearchAction\",\"target\":{\"@type\":\"EntryPoint\",\"urlTemplate\":\"https:\\\/\\\/www.mexicanguitarplayers.com\\\/?s={search_term_string}\"},\"query-input\":{\"@type\":\"PropertyValueSpecification\",\"valueRequired\":true,\"valueName\":\"search_term_string\"}}],\"inLanguage\":\"en-US\"},{\"@type\":\"Organization\",\"@id\":\"https:\\\/\\\/www.mexicanguitarplayers.com\\\/#organization\",\"name\":\"Mexican Guitar Players\",\"url\":\"https:\\\/\\\/www.mexicanguitarplayers.com\\\/\",\"logo\":{\"@type\":\"ImageObject\",\"inLanguage\":\"en-US\",\"@id\":\"https:\\\/\\\/www.mexicanguitarplayers.com\\\/#\\\/schema\\\/logo\\\/image\\\/\",\"url\":\"\",\"contentUrl\":\"\",\"caption\":\"Mexican Guitar Players\"},\"image\":{\"@id\":\"https:\\\/\\\/www.mexicanguitarplayers.com\\\/#\\\/schema\\\/logo\\\/image\\\/\"}}]}<\/script>\n<!-- \/ Yoast SEO plugin. -->","yoast_head_json":{"title":"PANDERO MEINL    MOD. SFHHT - Mexican Guitar Players","description":"Pandero s\u00faper flexible para producir acentos con sonido de pandero desde tu platillo o tus HiHats, 10 pares de cr\u00f3talos de acero inoxidable que brindan un sonido claro y brillante, forma extra ancha de 9.5\u201d pulgadas para una excelente respuesta con el pie en el atril de HiHats, brilla a trav\u00e9s de la mezcla para combinar f\u00e1cilmente un efecto de pandero en tus ritmos, marco de mylar.","robots":{"index":"index","follow":"follow","max-snippet":"max-snippet:-1","max-image-preview":"max-image-preview:large","max-video-preview":"max-video-preview:-1"},"canonical":"https:\/\/www.mexicanguitarplayers.com\/en\/tienda\/sin categor\u00eda\/pandero-meinl-mod-sfhht\/","og_locale":"en_US","og_type":"article","og_title":"PANDERO MEINL    MOD. SFHHT - Mexican Guitar Players","og_description":"Pandero s\u00faper flexible para producir acentos con sonido de pandero desde tu platillo o tus HiHats, 10 pares de cr\u00f3talos de acero inoxidable que brindan un sonido claro y brillante, forma extra ancha de 9.5\u201d pulgadas para una excelente respuesta con el pie en el atril de HiHats, brilla a trav\u00e9s de la mezcla para combinar f\u00e1cilmente un efecto de pandero en tus ritmos, marco de mylar.","og_url":"https:\/\/www.mexicanguitarplayers.com\/en\/tienda\/sin categor\u00eda\/pandero-meinl-mod-sfhht\/","og_site_name":"Mexican Guitar Players","article_modified_time":"2026-05-01T13:30:34+00:00","twitter_card":"summary_large_image","twitter_misc":{"Est. reading time":"1 minute"},"schema":{"@context":"https:\/\/schema.org","@graph":[{"@type":["WebPage","ItemPage"],"@id":"https:\/\/www.mexicanguitarplayers.com\/tienda\/sin categor\u00eda\/pandero-meinl-mod-sfhht\/","url":"https:\/\/www.mexicanguitarplayers.com\/tienda\/sin categor\u00eda\/pandero-meinl-mod-sfhht\/","name":"PANDERO MEINL MOD. SFHHT - Mexican Guitar Players","isPartOf":{"@id":"https:\/\/www.mexicanguitarplayers.com\/#website"},"primaryImageOfPage":{"@id":"https:\/\/www.mexicanguitarplayers.com\/tienda\/sin categor\u00eda\/pandero-meinl-mod-sfhht\/#primaryimage"},"image":{"@id":"https:\/\/www.mexicanguitarplayers.com\/tienda\/sin categor\u00eda\/pandero-meinl-mod-sfhht\/#primaryimage"},"thumbnailUrl":"https:\/\/www.mexicanguitarplayers.com\/wp-content\/uploads\/2025\/04\/IPMEISFHHT.jpg","datePublished":"2025-04-06T19:23:59+00:00","dateModified":"2026-05-01T13:30:34+00:00","description":"Pandero s\u00faper flexible para producir acentos con sonido de pandero desde tu platillo o tus HiHats, 10 pares de cr\u00f3talos de acero inoxidable que brindan un sonido claro y brillante, forma extra ancha de 9.5\u201d pulgadas para una excelente respuesta con el pie en el atril de HiHats, brilla a trav\u00e9s de la mezcla para combinar f\u00e1cilmente un efecto de pandero en tus ritmos, marco de mylar.","breadcrumb":{"@id":"https:\/\/www.mexicanguitarplayers.com\/tienda\/sin categor\u00eda\/pandero-meinl-mod-sfhht\/#breadcrumb"},"inLanguage":"en-US","potentialAction":[{"@type":"ReadAction","target":["https:\/\/www.mexicanguitarplayers.com\/tienda\/sin categor\u00eda\/pandero-meinl-mod-sfhht\/"]}]},{"@type":"ImageObject","inLanguage":"en-US","@id":"https:\/\/www.mexicanguitarplayers.com\/tienda\/sin categor\u00eda\/pandero-meinl-mod-sfhht\/#primaryimage","url":"https:\/\/www.mexicanguitarplayers.com\/wp-content\/uploads\/2025\/04\/IPMEISFHHT.jpg","contentUrl":"https:\/\/www.mexicanguitarplayers.com\/wp-content\/uploads\/2025\/04\/IPMEISFHHT.jpg","width":1200,"height":1200},{"@type":"BreadcrumbList","@id":"https:\/\/www.mexicanguitarplayers.com\/tienda\/sin categor\u00eda\/pandero-meinl-mod-sfhht\/#breadcrumb","itemListElement":[{"@type":"ListItem","position":1,"name":"Portada","item":"https:\/\/www.mexicanguitarplayers.com\/"},{"@type":"ListItem","position":2,"name":"Tienda","item":"https:\/\/www.mexicanguitarplayers.com\/tienda\/"},{"@type":"ListItem","position":3,"name":"PANDERO MEINL MOD. SFHHT"}]},{"@type":"WebSite","@id":"https:\/\/www.mexicanguitarplayers.com\/#website","url":"https:\/\/www.mexicanguitarplayers.com\/","name":"Mexican Guitar Players","description":"Website","publisher":{"@id":"https:\/\/www.mexicanguitarplayers.com\/#organization"},"potentialAction":[{"@type":"SearchAction","target":{"@type":"EntryPoint","urlTemplate":"https:\/\/www.mexicanguitarplayers.com\/?s={search_term_string}"},"query-input":{"@type":"PropertyValueSpecification","valueRequired":true,"valueName":"search_term_string"}}],"inLanguage":"en-US"},{"@type":"Organization","@id":"https:\/\/www.mexicanguitarplayers.com\/#organization","name":"Mexican Guitar Players","url":"https:\/\/www.mexicanguitarplayers.com\/","logo":{"@type":"ImageObject","inLanguage":"en-US","@id":"https:\/\/www.mexicanguitarplayers.com\/#\/schema\/logo\/image\/","url":"","contentUrl":"","caption":"Mexican Guitar Players"},"image":{"@id":"https:\/\/www.mexicanguitarplayers.com\/#\/schema\/logo\/image\/"}}]}},"brands":[{"id":290,"name":"MEINL","slug":"meinl"}],"_links":{"self":[{"href":"https:\/\/www.mexicanguitarplayers.com\/en\/wp-json\/wp\/v2\/product\/23780","targetHints":{"allow":["GET"]}}],"collection":[{"href":"https:\/\/www.mexicanguitarplayers.com\/en\/wp-json\/wp\/v2\/product"}],"about":[{"href":"https:\/\/www.mexicanguitarplayers.com\/en\/wp-json\/wp\/v2\/types\/product"}],"replies":[{"embeddable":true,"href":"https:\/\/www.mexicanguitarplayers.com\/en\/wp-json\/wp\/v2\/comments?post=23780"}],"wp:featuredmedia":[{"embeddable":true,"href":"https:\/\/www.mexicanguitarplayers.com\/en\/wp-json\/wp\/v2\/media\/23773"}],"wp:attachment":[{"href":"https:\/\/www.mexicanguitarplayers.com\/en\/wp-json\/wp\/v2\/media?parent=23780"}],"wp:term":[{"taxonomy":"pwb-brand","embeddable":true,"href":"https:\/\/www.mexicanguitarplayers.com\/en\/wp-json\/wp\/v2\/pwb-brand?post=23780"},{"taxonomy":"product_brand","embeddable":true,"href":"https:\/\/www.mexicanguitarplayers.com\/en\/wp-json\/wp\/v2\/product_brand?post=23780"},{"taxonomy":"product_cat","embeddable":true,"href":"https:\/\/www.mexicanguitarplayers.com\/en\/wp-json\/wp\/v2\/product_cat?post=23780"},{"taxonomy":"product_tag","embeddable":true,"href":"https:\/\/www.mexicanguitarplayers.com\/en\/wp-json\/wp\/v2\/product_tag?post=23780"}],"curies":[{"name":"wp","href":"https:\/\/api.w.org\/{rel}","templated":true}]}}