{"id":23787,"date":"2025-04-06T13:24:37","date_gmt":"2025-04-06T19:24:37","guid":{"rendered":"https:\/\/www.mexicanguitarplayers.com\/tienda\/sin categor\u00eda\/guitarra-prs-se-custom-24-7\/"},"modified":"2026-04-10T04:48:26","modified_gmt":"2026-04-10T10:48:26","slug":"guitarra-prs-se-custom-24-7","status":"publish","type":"product","link":"https:\/\/www.mexicanguitarplayers.com\/en\/tienda\/cuerdas\/guitarras-cuerdas\/electricas\/guitarras-electricas-solidas\/guitarra-prs-se-custom-24-7\/","title":{"rendered":"GUITARRA PRS SE CUSTOM 24 7"},"content":{"rendered":"<div style=\"text-align: justify\">\n<div>\n<h3>Infinitas posibilidades con una cuerda m\u00e1s.<\/h3>\n<\/div>\n<div>La SE Custom 24 7-String est\u00e1 basada en la Custom 24 original y cuenta con una cuerda de Si grave a\u00f1adida para ampliar el intervalo tonal. Esta guitarra proporciona un intervalo de graves ampliado con mayor rugido y una mayor capacidad para adornar los acordes est\u00e1ndar. Ofrece posibilidades interminables con la s\u00e9ptima cuerda afinada en Si grave, humbuckers de sonido agresivo dise\u00f1ados para poder destacar en las mezclas, brazo de maple tallado con l\u00edneas depuradas para toque s\u00faper r\u00e1pido y una distribuci\u00f3n intuitiva de los selectores y los componentes electr\u00f3nicos.<\/div>\n<div>\n<h4>Characteristics<\/h4>\n<\/div>\n<div>\n<ul style=\"margin: 0px 0px 0px 25px\">\n<li style=\"list-style-type: circle;margin: 5px\">Guitarra el\u00e9ctrica de 7 cuerdas.<\/li>\n<li style=\"list-style-type: circle;margin: 5px\">Tapa de maple biselado con chapa de maple flameado.<\/li>\n<li style=\"list-style-type: circle;margin: 5px\">Fondo de caoba.<\/li>\n<li style=\"list-style-type: circle;margin: 5px\">24 frets.<\/li>\n<li style=\"list-style-type: circle;margin: 5px\">Escala 25&#8243;.<\/li>\n<li style=\"list-style-type: circle;margin: 5px\">Brazo ancho-delgado de maple.<\/li>\n<li style=\"list-style-type: circle;margin: 5px\">Rosewood fingerboard.<\/li>\n<li style=\"list-style-type: circle;margin: 5px\">Puente Plate Bridge PRS.<\/li>\n<li style=\"list-style-type: circle;margin: 5px\">Maquinaria niquelada PRS Designed Tuners.<\/li>\n<li style=\"list-style-type: circle;margin: 5px\">Pastillas PRS SE HFS y PRS SE Vintage Bass.<\/li>\n<li style=\"list-style-type: circle;margin: 5px\">Controles: volumen y tono push\/pull.<\/li>\n<li style=\"list-style-type: circle;margin: 5px\">Selector de 3 v\u00edas.<\/li>\n<\/ul>\n<\/div>\n<\/div>","protected":false},"excerpt":{"rendered":"<p>Guitarra el\u00e9ctrica de 7 cuerdas, color Black Cherry, tapa de maple biselado conchapa de maple flameado (sin chapa en acabados opacos), fondo de caoba, 24 trastes, escala 25\u201d, brazo ancho-delgado de maple, diapas\u00f3n de palo de rosa, puente Plate Bridge PRS, maquinaria niquelada PRS Designed Tuners, pastilla aguda: PRS SE HFS Treble, pastilla grave: PRS SE Vintage Bass, 1 volumen 1 tono push\/pull, selector de 3 v\u00edas.&hellip; <a class=\"kt-excerpt-readmore more-link\" href=\"https:\/\/www.mexicanguitarplayers.com\/en\/tienda\/cuerdas\/guitarras-cuerdas\/electricas\/guitarras-electricas-solidas\/guitarra-prs-se-custom-24-7\/\">Read more<\/a><\/p>","protected":false},"featured_media":23786,"comment_status":"open","ping_status":"closed","template":"","meta":{"kt_blocks_editor_width":""},"pwb-brand":[272],"product_brand":[],"product_cat":[224,313,312,314],"product_tag":[],"class_list":{"0":"post-23787","1":"product","2":"type-product","3":"status-publish","4":"has-post-thumbnail","6":"pwb-brand-paul-reed-smith","7":"product_cat-cuerdas","8":"product_cat-electricas","9":"product_cat-guitarras-cuerdas","10":"product_cat-guitarras-electricas-solidas","11":"product_shipping_class-5-10-kg","13":"first","14":"outofstock","15":"taxable","16":"shipping-taxable","17":"purchasable","18":"product-type-simple"},"yoast_head":"<!-- This site is optimized with the Yoast SEO plugin v27.5 - https:\/\/yoast.com\/product\/yoast-seo-wordpress\/ -->\n<title>GUITARRA PRS SE CUSTOM 24 7 - Mexican Guitar Players<\/title>\n<meta name=\"description\" content=\"Guitarra el\u00e9ctrica de 7 cuerdas, color Black Cherry, tapa de maple biselado conchapa de maple flameado (sin chapa en acabados opacos), fondo de caoba, 24 trastes, escala 25\u201d, brazo ancho-delgado de maple, diapas\u00f3n de palo de rosa, puente Plate Bridge PRS, maquinaria niquelada PRS Designed Tuners, pastilla aguda: PRS SE HFS Treble, pastilla grave: PRS SE Vintage Bass, 1 volumen 1 tono push\/pull, selector de 3 v\u00edas.\" \/>\n<meta name=\"robots\" content=\"index, follow, max-snippet:-1, max-image-preview:large, max-video-preview:-1\" \/>\n<link rel=\"canonical\" href=\"https:\/\/www.mexicanguitarplayers.com\/en\/tienda\/sin%20categor\u00eda\/guitarra-prs-se-custom-24-7\/\" \/>\n<meta property=\"og:locale\" content=\"en_US\" \/>\n<meta property=\"og:type\" content=\"article\" \/>\n<meta property=\"og:title\" content=\"GUITARRA PRS SE CUSTOM 24 7 - Mexican Guitar Players\" \/>\n<meta property=\"og:description\" content=\"Guitarra el\u00e9ctrica de 7 cuerdas, color Black Cherry, tapa de maple biselado conchapa de maple flameado (sin chapa en acabados opacos), fondo de caoba, 24 trastes, escala 25\u201d, brazo ancho-delgado de maple, diapas\u00f3n de palo de rosa, puente Plate Bridge PRS, maquinaria niquelada PRS Designed Tuners, pastilla aguda: PRS SE HFS Treble, pastilla grave: PRS SE Vintage Bass, 1 volumen 1 tono push\/pull, selector de 3 v\u00edas.\" \/>\n<meta property=\"og:url\" content=\"https:\/\/www.mexicanguitarplayers.com\/en\/tienda\/sin categor\u00eda\/guitarra-prs-se-custom-24-7\/\" \/>\n<meta property=\"og:site_name\" content=\"Mexican Guitar Players\" \/>\n<meta property=\"article:modified_time\" content=\"2026-04-10T10:48:26+00:00\" \/>\n<meta name=\"twitter:card\" content=\"summary_large_image\" \/>\n<meta name=\"twitter:label1\" content=\"Est. reading time\" \/>\n\t<meta name=\"twitter:data1\" content=\"1 minute\" \/>\n<script type=\"application\/ld+json\" class=\"yoast-schema-graph\">{\"@context\":\"https:\\\/\\\/schema.org\",\"@graph\":[{\"@type\":[\"WebPage\",\"ItemPage\"],\"@id\":\"https:\\\/\\\/www.mexicanguitarplayers.com\\\/tienda\\\/sin categor\u00eda\\\/guitarra-prs-se-custom-24-7\\\/\",\"url\":\"https:\\\/\\\/www.mexicanguitarplayers.com\\\/tienda\\\/sin categor\u00eda\\\/guitarra-prs-se-custom-24-7\\\/\",\"name\":\"GUITARRA PRS SE CUSTOM 24 7 - Mexican Guitar Players\",\"isPartOf\":{\"@id\":\"https:\\\/\\\/www.mexicanguitarplayers.com\\\/#website\"},\"primaryImageOfPage\":{\"@id\":\"https:\\\/\\\/www.mexicanguitarplayers.com\\\/tienda\\\/sin categor\u00eda\\\/guitarra-prs-se-custom-24-7\\\/#primaryimage\"},\"image\":{\"@id\":\"https:\\\/\\\/www.mexicanguitarplayers.com\\\/tienda\\\/sin categor\u00eda\\\/guitarra-prs-se-custom-24-7\\\/#primaryimage\"},\"thumbnailUrl\":\"https:\\\/\\\/www.mexicanguitarplayers.com\\\/wp-content\\\/uploads\\\/2025\\\/04\\\/ISPAUCM7BC.jpg\",\"datePublished\":\"2025-04-06T19:24:37+00:00\",\"dateModified\":\"2026-04-10T10:48:26+00:00\",\"description\":\"Guitarra el\u00e9ctrica de 7 cuerdas, color Black Cherry, tapa de maple biselado conchapa de maple flameado (sin chapa en acabados opacos), fondo de caoba, 24 trastes, escala 25\u201d, brazo ancho-delgado de maple, diapas\u00f3n de palo de rosa, puente Plate Bridge PRS, maquinaria niquelada PRS Designed Tuners, pastilla aguda: PRS SE HFS Treble, pastilla grave: PRS SE Vintage Bass, 1 volumen 1 tono push\\\/pull, selector de 3 v\u00edas.\",\"breadcrumb\":{\"@id\":\"https:\\\/\\\/www.mexicanguitarplayers.com\\\/tienda\\\/sin categor\u00eda\\\/guitarra-prs-se-custom-24-7\\\/#breadcrumb\"},\"inLanguage\":\"en-US\",\"potentialAction\":[{\"@type\":\"ReadAction\",\"target\":[\"https:\\\/\\\/www.mexicanguitarplayers.com\\\/tienda\\\/sin categor\u00eda\\\/guitarra-prs-se-custom-24-7\\\/\"]}]},{\"@type\":\"ImageObject\",\"inLanguage\":\"en-US\",\"@id\":\"https:\\\/\\\/www.mexicanguitarplayers.com\\\/tienda\\\/sin categor\u00eda\\\/guitarra-prs-se-custom-24-7\\\/#primaryimage\",\"url\":\"https:\\\/\\\/www.mexicanguitarplayers.com\\\/wp-content\\\/uploads\\\/2025\\\/04\\\/ISPAUCM7BC.jpg\",\"contentUrl\":\"https:\\\/\\\/www.mexicanguitarplayers.com\\\/wp-content\\\/uploads\\\/2025\\\/04\\\/ISPAUCM7BC.jpg\",\"width\":800,\"height\":1600},{\"@type\":\"BreadcrumbList\",\"@id\":\"https:\\\/\\\/www.mexicanguitarplayers.com\\\/tienda\\\/sin categor\u00eda\\\/guitarra-prs-se-custom-24-7\\\/#breadcrumb\",\"itemListElement\":[{\"@type\":\"ListItem\",\"position\":1,\"name\":\"Portada\",\"item\":\"https:\\\/\\\/www.mexicanguitarplayers.com\\\/\"},{\"@type\":\"ListItem\",\"position\":2,\"name\":\"Tienda\",\"item\":\"https:\\\/\\\/www.mexicanguitarplayers.com\\\/tienda\\\/\"},{\"@type\":\"ListItem\",\"position\":3,\"name\":\"GUITARRA PRS SE CUSTOM 24 7\"}]},{\"@type\":\"WebSite\",\"@id\":\"https:\\\/\\\/www.mexicanguitarplayers.com\\\/#website\",\"url\":\"https:\\\/\\\/www.mexicanguitarplayers.com\\\/\",\"name\":\"Mexican Guitar Players\",\"description\":\"Website\",\"publisher\":{\"@id\":\"https:\\\/\\\/www.mexicanguitarplayers.com\\\/#organization\"},\"potentialAction\":[{\"@type\":\"SearchAction\",\"target\":{\"@type\":\"EntryPoint\",\"urlTemplate\":\"https:\\\/\\\/www.mexicanguitarplayers.com\\\/?s={search_term_string}\"},\"query-input\":{\"@type\":\"PropertyValueSpecification\",\"valueRequired\":true,\"valueName\":\"search_term_string\"}}],\"inLanguage\":\"en-US\"},{\"@type\":\"Organization\",\"@id\":\"https:\\\/\\\/www.mexicanguitarplayers.com\\\/#organization\",\"name\":\"Mexican Guitar Players\",\"url\":\"https:\\\/\\\/www.mexicanguitarplayers.com\\\/\",\"logo\":{\"@type\":\"ImageObject\",\"inLanguage\":\"en-US\",\"@id\":\"https:\\\/\\\/www.mexicanguitarplayers.com\\\/#\\\/schema\\\/logo\\\/image\\\/\",\"url\":\"\",\"contentUrl\":\"\",\"caption\":\"Mexican Guitar Players\"},\"image\":{\"@id\":\"https:\\\/\\\/www.mexicanguitarplayers.com\\\/#\\\/schema\\\/logo\\\/image\\\/\"}}]}<\/script>\n<!-- \/ Yoast SEO plugin. -->","yoast_head_json":{"title":"GUITARRA PRS SE CUSTOM 24 7 - Mexican Guitar Players","description":"Guitarra el\u00e9ctrica de 7 cuerdas, color Black Cherry, tapa de maple biselado conchapa de maple flameado (sin chapa en acabados opacos), fondo de caoba, 24 trastes, escala 25\u201d, brazo ancho-delgado de maple, diapas\u00f3n de palo de rosa, puente Plate Bridge PRS, maquinaria niquelada PRS Designed Tuners, pastilla aguda: PRS SE HFS Treble, pastilla grave: PRS SE Vintage Bass, 1 volumen 1 tono push\/pull, selector de 3 v\u00edas.","robots":{"index":"index","follow":"follow","max-snippet":"max-snippet:-1","max-image-preview":"max-image-preview:large","max-video-preview":"max-video-preview:-1"},"canonical":"https:\/\/www.mexicanguitarplayers.com\/en\/tienda\/sin categor\u00eda\/guitarra-prs-se-custom-24-7\/","og_locale":"en_US","og_type":"article","og_title":"GUITARRA PRS SE CUSTOM 24 7 - Mexican Guitar Players","og_description":"Guitarra el\u00e9ctrica de 7 cuerdas, color Black Cherry, tapa de maple biselado conchapa de maple flameado (sin chapa en acabados opacos), fondo de caoba, 24 trastes, escala 25\u201d, brazo ancho-delgado de maple, diapas\u00f3n de palo de rosa, puente Plate Bridge PRS, maquinaria niquelada PRS Designed Tuners, pastilla aguda: PRS SE HFS Treble, pastilla grave: PRS SE Vintage Bass, 1 volumen 1 tono push\/pull, selector de 3 v\u00edas.","og_url":"https:\/\/www.mexicanguitarplayers.com\/en\/tienda\/sin categor\u00eda\/guitarra-prs-se-custom-24-7\/","og_site_name":"Mexican Guitar Players","article_modified_time":"2026-04-10T10:48:26+00:00","twitter_card":"summary_large_image","twitter_misc":{"Est. reading time":"1 minute"},"schema":{"@context":"https:\/\/schema.org","@graph":[{"@type":["WebPage","ItemPage"],"@id":"https:\/\/www.mexicanguitarplayers.com\/tienda\/sin categor\u00eda\/guitarra-prs-se-custom-24-7\/","url":"https:\/\/www.mexicanguitarplayers.com\/tienda\/sin categor\u00eda\/guitarra-prs-se-custom-24-7\/","name":"GUITARRA PRS SE CUSTOM 24 7 - Mexican Guitar Players","isPartOf":{"@id":"https:\/\/www.mexicanguitarplayers.com\/#website"},"primaryImageOfPage":{"@id":"https:\/\/www.mexicanguitarplayers.com\/tienda\/sin categor\u00eda\/guitarra-prs-se-custom-24-7\/#primaryimage"},"image":{"@id":"https:\/\/www.mexicanguitarplayers.com\/tienda\/sin categor\u00eda\/guitarra-prs-se-custom-24-7\/#primaryimage"},"thumbnailUrl":"https:\/\/www.mexicanguitarplayers.com\/wp-content\/uploads\/2025\/04\/ISPAUCM7BC.jpg","datePublished":"2025-04-06T19:24:37+00:00","dateModified":"2026-04-10T10:48:26+00:00","description":"Guitarra el\u00e9ctrica de 7 cuerdas, color Black Cherry, tapa de maple biselado conchapa de maple flameado (sin chapa en acabados opacos), fondo de caoba, 24 trastes, escala 25\u201d, brazo ancho-delgado de maple, diapas\u00f3n de palo de rosa, puente Plate Bridge PRS, maquinaria niquelada PRS Designed Tuners, pastilla aguda: PRS SE HFS Treble, pastilla grave: PRS SE Vintage Bass, 1 volumen 1 tono push\/pull, selector de 3 v\u00edas.","breadcrumb":{"@id":"https:\/\/www.mexicanguitarplayers.com\/tienda\/sin categor\u00eda\/guitarra-prs-se-custom-24-7\/#breadcrumb"},"inLanguage":"en-US","potentialAction":[{"@type":"ReadAction","target":["https:\/\/www.mexicanguitarplayers.com\/tienda\/sin categor\u00eda\/guitarra-prs-se-custom-24-7\/"]}]},{"@type":"ImageObject","inLanguage":"en-US","@id":"https:\/\/www.mexicanguitarplayers.com\/tienda\/sin categor\u00eda\/guitarra-prs-se-custom-24-7\/#primaryimage","url":"https:\/\/www.mexicanguitarplayers.com\/wp-content\/uploads\/2025\/04\/ISPAUCM7BC.jpg","contentUrl":"https:\/\/www.mexicanguitarplayers.com\/wp-content\/uploads\/2025\/04\/ISPAUCM7BC.jpg","width":800,"height":1600},{"@type":"BreadcrumbList","@id":"https:\/\/www.mexicanguitarplayers.com\/tienda\/sin categor\u00eda\/guitarra-prs-se-custom-24-7\/#breadcrumb","itemListElement":[{"@type":"ListItem","position":1,"name":"Portada","item":"https:\/\/www.mexicanguitarplayers.com\/"},{"@type":"ListItem","position":2,"name":"Tienda","item":"https:\/\/www.mexicanguitarplayers.com\/tienda\/"},{"@type":"ListItem","position":3,"name":"GUITARRA PRS SE CUSTOM 24 7"}]},{"@type":"WebSite","@id":"https:\/\/www.mexicanguitarplayers.com\/#website","url":"https:\/\/www.mexicanguitarplayers.com\/","name":"Mexican Guitar Players","description":"Website","publisher":{"@id":"https:\/\/www.mexicanguitarplayers.com\/#organization"},"potentialAction":[{"@type":"SearchAction","target":{"@type":"EntryPoint","urlTemplate":"https:\/\/www.mexicanguitarplayers.com\/?s={search_term_string}"},"query-input":{"@type":"PropertyValueSpecification","valueRequired":true,"valueName":"search_term_string"}}],"inLanguage":"en-US"},{"@type":"Organization","@id":"https:\/\/www.mexicanguitarplayers.com\/#organization","name":"Mexican Guitar Players","url":"https:\/\/www.mexicanguitarplayers.com\/","logo":{"@type":"ImageObject","inLanguage":"en-US","@id":"https:\/\/www.mexicanguitarplayers.com\/#\/schema\/logo\/image\/","url":"","contentUrl":"","caption":"Mexican Guitar Players"},"image":{"@id":"https:\/\/www.mexicanguitarplayers.com\/#\/schema\/logo\/image\/"}}]}},"brands":[{"id":272,"name":"PAUL REED-SMITH","slug":"paul-reed-smith"}],"_links":{"self":[{"href":"https:\/\/www.mexicanguitarplayers.com\/en\/wp-json\/wp\/v2\/product\/23787","targetHints":{"allow":["GET"]}}],"collection":[{"href":"https:\/\/www.mexicanguitarplayers.com\/en\/wp-json\/wp\/v2\/product"}],"about":[{"href":"https:\/\/www.mexicanguitarplayers.com\/en\/wp-json\/wp\/v2\/types\/product"}],"replies":[{"embeddable":true,"href":"https:\/\/www.mexicanguitarplayers.com\/en\/wp-json\/wp\/v2\/comments?post=23787"}],"wp:featuredmedia":[{"embeddable":true,"href":"https:\/\/www.mexicanguitarplayers.com\/en\/wp-json\/wp\/v2\/media\/23786"}],"wp:attachment":[{"href":"https:\/\/www.mexicanguitarplayers.com\/en\/wp-json\/wp\/v2\/media?parent=23787"}],"wp:term":[{"taxonomy":"pwb-brand","embeddable":true,"href":"https:\/\/www.mexicanguitarplayers.com\/en\/wp-json\/wp\/v2\/pwb-brand?post=23787"},{"taxonomy":"product_brand","embeddable":true,"href":"https:\/\/www.mexicanguitarplayers.com\/en\/wp-json\/wp\/v2\/product_brand?post=23787"},{"taxonomy":"product_cat","embeddable":true,"href":"https:\/\/www.mexicanguitarplayers.com\/en\/wp-json\/wp\/v2\/product_cat?post=23787"},{"taxonomy":"product_tag","embeddable":true,"href":"https:\/\/www.mexicanguitarplayers.com\/en\/wp-json\/wp\/v2\/product_tag?post=23787"}],"curies":[{"name":"wp","href":"https:\/\/api.w.org\/{rel}","templated":true}]}}