{"id":23809,"date":"2025-04-06T13:26:12","date_gmt":"2025-04-06T19:26:12","guid":{"rendered":"https:\/\/www.mexicanguitarplayers.com\/tienda\/sin categor\u00eda\/platillo-meinl-smack-stack-mod-b024vsm\/"},"modified":"2025-10-05T22:15:06","modified_gmt":"2025-10-06T04:15:06","slug":"platillo-meinl-smack-stack-mod-b024vsm","status":"publish","type":"product","link":"https:\/\/www.mexicanguitarplayers.com\/en\/tienda\/percusiones\/platillos\/platillos-de-efectos\/platillo-meinl-smack-stack-mod-b024vsm\/","title":{"rendered":"PLATILLO MEINL SMACK STACK MOD. B024VSM"},"content":{"rendered":"<div style=\"text-align: justify\">\n<div>\n<h3>Un nuevo sonido.<\/h3>\n<\/div>\n<div>El platillo Byzance Vintage Smack Stack presenta tres discos de bronce B20 con forma para crear un efecto de sonido distintivo. El stack se puede manipular ajustando la tensi\u00f3n de la tuerca de mariposa del soporte de platillos. El aumento de la tensi\u00f3n produce un ataque n\u00edtido y una ca\u00edda corta ideal para acentos r\u00e1pidos, mientras que los ajustes sueltos producen un sustain m\u00e1s prolongado. Funciona bien cuando se combina con una tarola para obtener back beats mejorados o como una alternativa a tu tarola por completo. Los discos son de 10&#8243;, 12&#8243; y 14&#8243; pulgadas.<\/div>\n<div>\n<h4>Quick look<\/h4>\n<\/div>\n<ul style=\"margin: 0px 0px 0px 25px\">\n<li style=\"list-style-type: circle;margin: 5px\">Characteristics.<\/li>\n<li style=\"list-style-type: circle;margin: 5px\">Tipo de platillo.<\/li>\n<li style=\"list-style-type: circle;margin: 5px\">Weight.<\/li>\n<li style=\"list-style-type: circle;margin: 5px\">Tama\u00f1os incluidos.<\/li>\n<li style=\"list-style-type: circle;margin: 5px\">Estilo musical.<\/li>\n<li style=\"list-style-type: circle;margin: 5px\">Tono.<\/li>\n<li style=\"list-style-type: circle;margin: 5px\">Car\u00e1cter.<\/li>\n<li style=\"list-style-type: circle;margin: 5px\">Timbre.<\/li>\n<li style=\"list-style-type: circle;margin: 5px\">Volumen.<\/li>\n<li style=\"list-style-type: circle;margin: 5px\">Torno.<\/li>\n<li style=\"list-style-type: circle;margin: 5px\">Sustain.<\/li>\n<li style=\"list-style-type: circle;margin: 5px\">Material.<\/li>\n<li style=\"list-style-type: circle;margin: 5px\">Terminado.<\/li>\n<li style=\"list-style-type: circle;margin: 5px\">Forma.<\/li>\n<li style=\"list-style-type: circle;margin: 5px\">Para pulir.<\/li>\n<\/ul>\n<div>\n<div style=\"font-weight: bold\">Characteristics.<\/div>\n<div>\n<p>Sonido \u00fanico Aleaci\u00f3n de bronce B20. Tratamiento superficial especial.<\/p>\n<\/div>\n<div style=\"font-weight: bold\">Tipo de platillo.<\/div>\n<div>\n<p>Smack Stack.<\/p>\n<\/div>\n<div style=\"font-weight: bold\">Weight.<\/div>\n<div>\n<p>Medio.<\/p>\n<\/div>\n<div style=\"font-weight: bold\">Tama\u00f1os incluidos.<\/div>\n<div>\n<p>10&#8243; pulgadas. 12&#8243; pulgadas. 14&#8243; pulgadas.<\/p>\n<\/div>\n<div style=\"font-weight: bold\">Estilo musical.<\/div>\n<div>\n<p>Pop, Fusion, Funk, R&amp;B, Studio, Electro.<\/p>\n<\/div>\n<div style=\"font-weight: bold\">Tono.<\/div>\n<div>\n<p>Grave.<\/p>\n<\/div>\n<div style=\"font-weight: bold\">Car\u00e1cter.<\/div>\n<div>\n<p>Experimental, Vintage, Seco.<\/p>\n<\/div>\n<div style=\"font-weight: bold\">Timbre.<\/div>\n<div>\n<p>Oscuro.<\/p>\n<\/div>\n<div style=\"font-weight: bold\">Volumen.<\/div>\n<div>\n<p>Medio a bajo.<\/p>\n<\/div>\n<div style=\"font-weight: bold\">Torno.<\/div>\n<div>\n<p>Ninguno.<\/p>\n<\/div>\n<div style=\"font-weight: bold\">Sustain.<\/div>\n<div>\n<p>Corto.<\/p>\n<\/div>\n<div style=\"font-weight: bold\">Material.<\/div>\n<div>\n<p>Aleaci\u00f3n de bronce B20.<\/p>\n<\/div>\n<div style=\"font-weight: bold\">Terminado.<\/div>\n<div>\n<p>Oscuro. Crudo.<\/p>\n<\/div>\n<div style=\"font-weight: bold\">Forma.<\/div>\n<div>\n<p>Doblado.<\/p>\n<\/div>\n<div style=\"font-weight: bold\">Para pulir.<\/div>\n<div>\n<p>No se recomienda.<\/p>\n<\/div>\n<\/div>\n<\/div>","protected":false},"excerpt":{"rendered":"<p>Smack stack, platillo de efectos, incluye discos de 10\u201d, 12\u201d y 14\u201d pulgadas, fabricado con aleaci\u00f3n de bronce B20, sonido \u00fanico, tratamiento superficial especial, tono grave, car\u00e1cter experimental, vintage y seco, terminado oscuro y crudo, sustain corto, no se recomienda pulir.&hellip; <a class=\"kt-excerpt-readmore more-link\" href=\"https:\/\/www.mexicanguitarplayers.com\/en\/tienda\/percusiones\/platillos\/platillos-de-efectos\/platillo-meinl-smack-stack-mod-b024vsm\/\">Read more<\/a><\/p>","protected":false},"featured_media":23806,"comment_status":"open","ping_status":"closed","template":"","meta":{"kt_blocks_editor_width":""},"pwb-brand":[290],"product_brand":[],"product_cat":[208,260,287],"product_tag":[],"class_list":{"0":"post-23809","1":"product","2":"type-product","3":"status-publish","4":"has-post-thumbnail","6":"pwb-brand-meinl","7":"product_cat-percusiones","8":"product_cat-platillos","9":"product_cat-platillos-de-efectos","10":"product_shipping_class-0-5-kg","12":"first","13":"outofstock","14":"taxable","15":"shipping-taxable","16":"purchasable","17":"product-type-simple"},"yoast_head":"<!-- This site is optimized with the Yoast SEO plugin v27.3 - https:\/\/yoast.com\/product\/yoast-seo-wordpress\/ -->\n<title>PLATILLO MEINL SMACK STACK MOD. B024VSM - Mexican Guitar Players<\/title>\n<meta name=\"description\" content=\"Smack stack, platillo de efectos, incluye discos de 10\u201d, 12\u201d y 14\u201d pulgadas, fabricado con aleaci\u00f3n de bronce B20, sonido \u00fanico, tratamiento superficial especial, tono grave, car\u00e1cter experimental, vintage y seco, terminado oscuro y crudo, sustain corto, no se recomienda pulir.\" \/>\n<meta name=\"robots\" content=\"index, follow, max-snippet:-1, max-image-preview:large, max-video-preview:-1\" \/>\n<link rel=\"canonical\" href=\"https:\/\/www.mexicanguitarplayers.com\/en\/tienda\/sin%20categor\u00eda\/platillo-meinl-smack-stack-mod-b024vsm\/\" \/>\n<meta property=\"og:locale\" content=\"en_US\" \/>\n<meta property=\"og:type\" content=\"article\" \/>\n<meta property=\"og:title\" content=\"PLATILLO MEINL SMACK STACK MOD. B024VSM - Mexican Guitar Players\" \/>\n<meta property=\"og:description\" content=\"Smack stack, platillo de efectos, incluye discos de 10\u201d, 12\u201d y 14\u201d pulgadas, fabricado con aleaci\u00f3n de bronce B20, sonido \u00fanico, tratamiento superficial especial, tono grave, car\u00e1cter experimental, vintage y seco, terminado oscuro y crudo, sustain corto, no se recomienda pulir.\" \/>\n<meta property=\"og:url\" content=\"https:\/\/www.mexicanguitarplayers.com\/en\/tienda\/sin categor\u00eda\/platillo-meinl-smack-stack-mod-b024vsm\/\" \/>\n<meta property=\"og:site_name\" content=\"Mexican Guitar Players\" \/>\n<meta property=\"article:modified_time\" content=\"2025-10-06T04:15:06+00:00\" \/>\n<meta name=\"twitter:card\" content=\"summary_large_image\" \/>\n<meta name=\"twitter:label1\" content=\"Est. reading time\" \/>\n\t<meta name=\"twitter:data1\" content=\"1 minute\" \/>\n<script type=\"application\/ld+json\" class=\"yoast-schema-graph\">{\"@context\":\"https:\\\/\\\/schema.org\",\"@graph\":[{\"@type\":[\"WebPage\",\"ItemPage\"],\"@id\":\"https:\\\/\\\/www.mexicanguitarplayers.com\\\/tienda\\\/sin categor\u00eda\\\/platillo-meinl-smack-stack-mod-b024vsm\\\/\",\"url\":\"https:\\\/\\\/www.mexicanguitarplayers.com\\\/tienda\\\/sin categor\u00eda\\\/platillo-meinl-smack-stack-mod-b024vsm\\\/\",\"name\":\"PLATILLO MEINL SMACK STACK MOD. B024VSM - Mexican Guitar Players\",\"isPartOf\":{\"@id\":\"https:\\\/\\\/www.mexicanguitarplayers.com\\\/#website\"},\"primaryImageOfPage\":{\"@id\":\"https:\\\/\\\/www.mexicanguitarplayers.com\\\/tienda\\\/sin categor\u00eda\\\/platillo-meinl-smack-stack-mod-b024vsm\\\/#primaryimage\"},\"image\":{\"@id\":\"https:\\\/\\\/www.mexicanguitarplayers.com\\\/tienda\\\/sin categor\u00eda\\\/platillo-meinl-smack-stack-mod-b024vsm\\\/#primaryimage\"},\"thumbnailUrl\":\"https:\\\/\\\/www.mexicanguitarplayers.com\\\/wp-content\\\/uploads\\\/2025\\\/04\\\/IPMEIB024VSM.jpg\",\"datePublished\":\"2025-04-06T19:26:12+00:00\",\"dateModified\":\"2025-10-06T04:15:06+00:00\",\"description\":\"Smack stack, platillo de efectos, incluye discos de 10\u201d, 12\u201d y 14\u201d pulgadas, fabricado con aleaci\u00f3n de bronce B20, sonido \u00fanico, tratamiento superficial especial, tono grave, car\u00e1cter experimental, vintage y seco, terminado oscuro y crudo, sustain corto, no se recomienda pulir.\",\"breadcrumb\":{\"@id\":\"https:\\\/\\\/www.mexicanguitarplayers.com\\\/tienda\\\/sin categor\u00eda\\\/platillo-meinl-smack-stack-mod-b024vsm\\\/#breadcrumb\"},\"inLanguage\":\"en-US\",\"potentialAction\":[{\"@type\":\"ReadAction\",\"target\":[\"https:\\\/\\\/www.mexicanguitarplayers.com\\\/tienda\\\/sin categor\u00eda\\\/platillo-meinl-smack-stack-mod-b024vsm\\\/\"]}]},{\"@type\":\"ImageObject\",\"inLanguage\":\"en-US\",\"@id\":\"https:\\\/\\\/www.mexicanguitarplayers.com\\\/tienda\\\/sin categor\u00eda\\\/platillo-meinl-smack-stack-mod-b024vsm\\\/#primaryimage\",\"url\":\"https:\\\/\\\/www.mexicanguitarplayers.com\\\/wp-content\\\/uploads\\\/2025\\\/04\\\/IPMEIB024VSM.jpg\",\"contentUrl\":\"https:\\\/\\\/www.mexicanguitarplayers.com\\\/wp-content\\\/uploads\\\/2025\\\/04\\\/IPMEIB024VSM.jpg\",\"width\":1200,\"height\":1200},{\"@type\":\"BreadcrumbList\",\"@id\":\"https:\\\/\\\/www.mexicanguitarplayers.com\\\/tienda\\\/sin categor\u00eda\\\/platillo-meinl-smack-stack-mod-b024vsm\\\/#breadcrumb\",\"itemListElement\":[{\"@type\":\"ListItem\",\"position\":1,\"name\":\"Portada\",\"item\":\"https:\\\/\\\/www.mexicanguitarplayers.com\\\/\"},{\"@type\":\"ListItem\",\"position\":2,\"name\":\"Tienda\",\"item\":\"https:\\\/\\\/www.mexicanguitarplayers.com\\\/tienda\\\/\"},{\"@type\":\"ListItem\",\"position\":3,\"name\":\"PLATILLO MEINL SMACK STACK MOD. B024VSM\"}]},{\"@type\":\"WebSite\",\"@id\":\"https:\\\/\\\/www.mexicanguitarplayers.com\\\/#website\",\"url\":\"https:\\\/\\\/www.mexicanguitarplayers.com\\\/\",\"name\":\"Mexican Guitar Players\",\"description\":\"Website\",\"publisher\":{\"@id\":\"https:\\\/\\\/www.mexicanguitarplayers.com\\\/#organization\"},\"potentialAction\":[{\"@type\":\"SearchAction\",\"target\":{\"@type\":\"EntryPoint\",\"urlTemplate\":\"https:\\\/\\\/www.mexicanguitarplayers.com\\\/?s={search_term_string}\"},\"query-input\":{\"@type\":\"PropertyValueSpecification\",\"valueRequired\":true,\"valueName\":\"search_term_string\"}}],\"inLanguage\":\"en-US\"},{\"@type\":\"Organization\",\"@id\":\"https:\\\/\\\/www.mexicanguitarplayers.com\\\/#organization\",\"name\":\"Mexican Guitar Players\",\"url\":\"https:\\\/\\\/www.mexicanguitarplayers.com\\\/\",\"logo\":{\"@type\":\"ImageObject\",\"inLanguage\":\"en-US\",\"@id\":\"https:\\\/\\\/www.mexicanguitarplayers.com\\\/#\\\/schema\\\/logo\\\/image\\\/\",\"url\":\"\",\"contentUrl\":\"\",\"caption\":\"Mexican Guitar Players\"},\"image\":{\"@id\":\"https:\\\/\\\/www.mexicanguitarplayers.com\\\/#\\\/schema\\\/logo\\\/image\\\/\"}}]}<\/script>\n<!-- \/ Yoast SEO plugin. -->","yoast_head_json":{"title":"PLATILLO MEINL SMACK STACK MOD. B024VSM - Mexican Guitar Players","description":"Smack stack, platillo de efectos, incluye discos de 10\u201d, 12\u201d y 14\u201d pulgadas, fabricado con aleaci\u00f3n de bronce B20, sonido \u00fanico, tratamiento superficial especial, tono grave, car\u00e1cter experimental, vintage y seco, terminado oscuro y crudo, sustain corto, no se recomienda pulir.","robots":{"index":"index","follow":"follow","max-snippet":"max-snippet:-1","max-image-preview":"max-image-preview:large","max-video-preview":"max-video-preview:-1"},"canonical":"https:\/\/www.mexicanguitarplayers.com\/en\/tienda\/sin categor\u00eda\/platillo-meinl-smack-stack-mod-b024vsm\/","og_locale":"en_US","og_type":"article","og_title":"PLATILLO MEINL SMACK STACK MOD. B024VSM - Mexican Guitar Players","og_description":"Smack stack, platillo de efectos, incluye discos de 10\u201d, 12\u201d y 14\u201d pulgadas, fabricado con aleaci\u00f3n de bronce B20, sonido \u00fanico, tratamiento superficial especial, tono grave, car\u00e1cter experimental, vintage y seco, terminado oscuro y crudo, sustain corto, no se recomienda pulir.","og_url":"https:\/\/www.mexicanguitarplayers.com\/en\/tienda\/sin categor\u00eda\/platillo-meinl-smack-stack-mod-b024vsm\/","og_site_name":"Mexican Guitar Players","article_modified_time":"2025-10-06T04:15:06+00:00","twitter_card":"summary_large_image","twitter_misc":{"Est. reading time":"1 minute"},"schema":{"@context":"https:\/\/schema.org","@graph":[{"@type":["WebPage","ItemPage"],"@id":"https:\/\/www.mexicanguitarplayers.com\/tienda\/sin categor\u00eda\/platillo-meinl-smack-stack-mod-b024vsm\/","url":"https:\/\/www.mexicanguitarplayers.com\/tienda\/sin categor\u00eda\/platillo-meinl-smack-stack-mod-b024vsm\/","name":"PLATILLO MEINL SMACK STACK MOD. B024VSM - Mexican Guitar Players","isPartOf":{"@id":"https:\/\/www.mexicanguitarplayers.com\/#website"},"primaryImageOfPage":{"@id":"https:\/\/www.mexicanguitarplayers.com\/tienda\/sin categor\u00eda\/platillo-meinl-smack-stack-mod-b024vsm\/#primaryimage"},"image":{"@id":"https:\/\/www.mexicanguitarplayers.com\/tienda\/sin categor\u00eda\/platillo-meinl-smack-stack-mod-b024vsm\/#primaryimage"},"thumbnailUrl":"https:\/\/www.mexicanguitarplayers.com\/wp-content\/uploads\/2025\/04\/IPMEIB024VSM.jpg","datePublished":"2025-04-06T19:26:12+00:00","dateModified":"2025-10-06T04:15:06+00:00","description":"Smack stack, platillo de efectos, incluye discos de 10\u201d, 12\u201d y 14\u201d pulgadas, fabricado con aleaci\u00f3n de bronce B20, sonido \u00fanico, tratamiento superficial especial, tono grave, car\u00e1cter experimental, vintage y seco, terminado oscuro y crudo, sustain corto, no se recomienda pulir.","breadcrumb":{"@id":"https:\/\/www.mexicanguitarplayers.com\/tienda\/sin categor\u00eda\/platillo-meinl-smack-stack-mod-b024vsm\/#breadcrumb"},"inLanguage":"en-US","potentialAction":[{"@type":"ReadAction","target":["https:\/\/www.mexicanguitarplayers.com\/tienda\/sin categor\u00eda\/platillo-meinl-smack-stack-mod-b024vsm\/"]}]},{"@type":"ImageObject","inLanguage":"en-US","@id":"https:\/\/www.mexicanguitarplayers.com\/tienda\/sin categor\u00eda\/platillo-meinl-smack-stack-mod-b024vsm\/#primaryimage","url":"https:\/\/www.mexicanguitarplayers.com\/wp-content\/uploads\/2025\/04\/IPMEIB024VSM.jpg","contentUrl":"https:\/\/www.mexicanguitarplayers.com\/wp-content\/uploads\/2025\/04\/IPMEIB024VSM.jpg","width":1200,"height":1200},{"@type":"BreadcrumbList","@id":"https:\/\/www.mexicanguitarplayers.com\/tienda\/sin categor\u00eda\/platillo-meinl-smack-stack-mod-b024vsm\/#breadcrumb","itemListElement":[{"@type":"ListItem","position":1,"name":"Portada","item":"https:\/\/www.mexicanguitarplayers.com\/"},{"@type":"ListItem","position":2,"name":"Tienda","item":"https:\/\/www.mexicanguitarplayers.com\/tienda\/"},{"@type":"ListItem","position":3,"name":"PLATILLO MEINL SMACK STACK MOD. B024VSM"}]},{"@type":"WebSite","@id":"https:\/\/www.mexicanguitarplayers.com\/#website","url":"https:\/\/www.mexicanguitarplayers.com\/","name":"Mexican Guitar Players","description":"Website","publisher":{"@id":"https:\/\/www.mexicanguitarplayers.com\/#organization"},"potentialAction":[{"@type":"SearchAction","target":{"@type":"EntryPoint","urlTemplate":"https:\/\/www.mexicanguitarplayers.com\/?s={search_term_string}"},"query-input":{"@type":"PropertyValueSpecification","valueRequired":true,"valueName":"search_term_string"}}],"inLanguage":"en-US"},{"@type":"Organization","@id":"https:\/\/www.mexicanguitarplayers.com\/#organization","name":"Mexican Guitar Players","url":"https:\/\/www.mexicanguitarplayers.com\/","logo":{"@type":"ImageObject","inLanguage":"en-US","@id":"https:\/\/www.mexicanguitarplayers.com\/#\/schema\/logo\/image\/","url":"","contentUrl":"","caption":"Mexican Guitar Players"},"image":{"@id":"https:\/\/www.mexicanguitarplayers.com\/#\/schema\/logo\/image\/"}}]}},"brands":[{"id":290,"name":"MEINL","slug":"meinl"}],"_links":{"self":[{"href":"https:\/\/www.mexicanguitarplayers.com\/en\/wp-json\/wp\/v2\/product\/23809","targetHints":{"allow":["GET"]}}],"collection":[{"href":"https:\/\/www.mexicanguitarplayers.com\/en\/wp-json\/wp\/v2\/product"}],"about":[{"href":"https:\/\/www.mexicanguitarplayers.com\/en\/wp-json\/wp\/v2\/types\/product"}],"replies":[{"embeddable":true,"href":"https:\/\/www.mexicanguitarplayers.com\/en\/wp-json\/wp\/v2\/comments?post=23809"}],"wp:featuredmedia":[{"embeddable":true,"href":"https:\/\/www.mexicanguitarplayers.com\/en\/wp-json\/wp\/v2\/media\/23806"}],"wp:attachment":[{"href":"https:\/\/www.mexicanguitarplayers.com\/en\/wp-json\/wp\/v2\/media?parent=23809"}],"wp:term":[{"taxonomy":"pwb-brand","embeddable":true,"href":"https:\/\/www.mexicanguitarplayers.com\/en\/wp-json\/wp\/v2\/pwb-brand?post=23809"},{"taxonomy":"product_brand","embeddable":true,"href":"https:\/\/www.mexicanguitarplayers.com\/en\/wp-json\/wp\/v2\/product_brand?post=23809"},{"taxonomy":"product_cat","embeddable":true,"href":"https:\/\/www.mexicanguitarplayers.com\/en\/wp-json\/wp\/v2\/product_cat?post=23809"},{"taxonomy":"product_tag","embeddable":true,"href":"https:\/\/www.mexicanguitarplayers.com\/en\/wp-json\/wp\/v2\/product_tag?post=23809"}],"curies":[{"name":"wp","href":"https:\/\/api.w.org\/{rel}","templated":true}]}}