{"id":23812,"date":"2025-04-06T13:26:18","date_gmt":"2025-04-06T19:26:18","guid":{"rendered":"https:\/\/www.mexicanguitarplayers.com\/tienda\/sin categor\u00eda\/modulo-emu-9093-mod-audity-2000\/"},"modified":"2026-01-03T04:36:54","modified_gmt":"2026-01-03T10:36:54","slug":"modulo-emu-9093-mod-audity-2000","status":"publish","type":"product","link":"https:\/\/www.mexicanguitarplayers.com\/en\/tienda\/accesorios\/varios\/modulo-emu-9093-mod-audity-2000\/","title":{"rendered":"MODULO EMU 9093      MOD. AUDITY 2000"},"content":{"rendered":"<div style=\"text-align: justify\">\n<div>\n<h3>Lo mejor para m\u00fasica electr\u00f3nica.<\/h3>\n<\/div>\n<div>El Audity 2000 tiene la misma arquitectura de s\u00edntesis como el Proteus y los chips de sintetizador Proteus se dise\u00f1aron con el Audity original. El Audity 2000 es un sintetizador digital con 16 arpegiadores simult\u00e1neos, genial para trance y techno. Con un \u00e9nfasis en la m\u00fasica electr\u00f3nica groove, el Audity 2000 ofrece muchos sonidos de tipo dance pero con un matiz digital met\u00e1lico. Cuenta con un gran filtro resonante digital de 12 polos, pero no es Moog. E-MU lanz\u00f3 el software versi\u00f3n 2-0 para el Audity 2000, este a\u00f1ade gran funcionalidad a lo que ya es un gran instrumento. Una vez que actualices el Audity 2000, todas las actualizaciones futuras podr\u00e1n descargarse desde Internet.<\/div>\n<div>\n<h4>Characteristics<\/h4>\n<\/div>\n<div>\n<ul style=\"margin: 0px 0px 0px 25px\">\n<li style=\"list-style-type: circle;margin: 5px\">Sintetizador digital.<\/li>\n<li style=\"list-style-type: circle;margin: 5px\">16 arpegiadores simult\u00e1neos.<\/li>\n<li style=\"list-style-type: circle;margin: 5px\">Excelente para trance y techno.<\/li>\n<li style=\"list-style-type: circle;margin: 5px\">Mat\u00edz digital met\u00e1lico.<\/li>\n<li style=\"list-style-type: circle;margin: 5px\">Filtro resonante de 12 polos.<\/li>\n<\/ul>\n<\/div>\n<\/div>","protected":false},"excerpt":{"rendered":"<p>M\u00f3dulo Audity 2000, EMU 9093. Sintetizador digital, 16 arpegiadores simult\u00e1neos,excelente para trance y techno, mat\u00edz digital me\u00b4talico, filtro resonante de 12polos.&hellip; <a class=\"kt-excerpt-readmore more-link\" href=\"https:\/\/www.mexicanguitarplayers.com\/en\/tienda\/accesorios\/varios\/modulo-emu-9093-mod-audity-2000\/\">Read more<\/a><\/p>","protected":false},"featured_media":23810,"comment_status":"open","ping_status":"closed","template":"","meta":{"kt_blocks_editor_width":""},"pwb-brand":[394],"product_brand":[],"product_cat":[85,249],"product_tag":[],"class_list":{"0":"post-23812","1":"product","2":"type-product","3":"status-publish","4":"has-post-thumbnail","6":"pwb-brand-e-mu","7":"product_cat-accesorios","8":"product_cat-varios","9":"product_shipping_class-0-5-kg","11":"first","12":"instock","13":"taxable","14":"shipping-taxable","15":"purchasable","16":"product-type-simple"},"yoast_head":"<!-- This site is optimized with the Yoast SEO plugin v27.3 - https:\/\/yoast.com\/product\/yoast-seo-wordpress\/ -->\n<title>MODULO EMU 9093   MOD. AUDITY 2000 - Mexican Guitar Players<\/title>\n<meta name=\"description\" content=\"M\u00f3dulo Audity 2000, EMU 9093. Sintetizador digital, 16 arpegiadores simult\u00e1neos,excelente para trance y techno, mat\u00edz digital me\u00b4talico, filtro resonante de 12polos.\" \/>\n<meta name=\"robots\" content=\"index, follow, max-snippet:-1, max-image-preview:large, max-video-preview:-1\" \/>\n<link rel=\"canonical\" href=\"https:\/\/www.mexicanguitarplayers.com\/en\/tienda\/sin%20categor\u00eda\/modulo-emu-9093-mod-audity-2000\/\" \/>\n<meta property=\"og:locale\" content=\"en_US\" \/>\n<meta property=\"og:type\" content=\"article\" \/>\n<meta property=\"og:title\" content=\"MODULO EMU 9093   MOD. AUDITY 2000 - Mexican Guitar Players\" \/>\n<meta property=\"og:description\" content=\"M\u00f3dulo Audity 2000, EMU 9093. Sintetizador digital, 16 arpegiadores simult\u00e1neos,excelente para trance y techno, mat\u00edz digital me\u00b4talico, filtro resonante de 12polos.\" \/>\n<meta property=\"og:url\" content=\"https:\/\/www.mexicanguitarplayers.com\/en\/tienda\/sin categor\u00eda\/modulo-emu-9093-mod-audity-2000\/\" \/>\n<meta property=\"og:site_name\" content=\"Mexican Guitar Players\" \/>\n<meta property=\"article:modified_time\" content=\"2026-01-03T10:36:54+00:00\" \/>\n<meta name=\"twitter:card\" content=\"summary_large_image\" \/>\n<meta name=\"twitter:label1\" content=\"Est. reading time\" \/>\n\t<meta name=\"twitter:data1\" content=\"1 minute\" \/>\n<script type=\"application\/ld+json\" class=\"yoast-schema-graph\">{\"@context\":\"https:\\\/\\\/schema.org\",\"@graph\":[{\"@type\":[\"WebPage\",\"ItemPage\"],\"@id\":\"https:\\\/\\\/www.mexicanguitarplayers.com\\\/tienda\\\/sin categor\u00eda\\\/modulo-emu-9093-mod-audity-2000\\\/\",\"url\":\"https:\\\/\\\/www.mexicanguitarplayers.com\\\/tienda\\\/sin categor\u00eda\\\/modulo-emu-9093-mod-audity-2000\\\/\",\"name\":\"MODULO EMU 9093 MOD. AUDITY 2000 - Mexican Guitar Players\",\"isPartOf\":{\"@id\":\"https:\\\/\\\/www.mexicanguitarplayers.com\\\/#website\"},\"primaryImageOfPage\":{\"@id\":\"https:\\\/\\\/www.mexicanguitarplayers.com\\\/tienda\\\/sin categor\u00eda\\\/modulo-emu-9093-mod-audity-2000\\\/#primaryimage\"},\"image\":{\"@id\":\"https:\\\/\\\/www.mexicanguitarplayers.com\\\/tienda\\\/sin categor\u00eda\\\/modulo-emu-9093-mod-audity-2000\\\/#primaryimage\"},\"thumbnailUrl\":\"https:\\\/\\\/www.mexicanguitarplayers.com\\\/wp-content\\\/uploads\\\/2025\\\/04\\\/ITEMU9093.jpg\",\"datePublished\":\"2025-04-06T19:26:18+00:00\",\"dateModified\":\"2026-01-03T10:36:54+00:00\",\"description\":\"M\u00f3dulo Audity 2000, EMU 9093. Sintetizador digital, 16 arpegiadores simult\u00e1neos,excelente para trance y techno, mat\u00edz digital me\u00b4talico, filtro resonante de 12polos.\",\"breadcrumb\":{\"@id\":\"https:\\\/\\\/www.mexicanguitarplayers.com\\\/tienda\\\/sin categor\u00eda\\\/modulo-emu-9093-mod-audity-2000\\\/#breadcrumb\"},\"inLanguage\":\"en-US\",\"potentialAction\":[{\"@type\":\"ReadAction\",\"target\":[\"https:\\\/\\\/www.mexicanguitarplayers.com\\\/tienda\\\/sin categor\u00eda\\\/modulo-emu-9093-mod-audity-2000\\\/\"]}]},{\"@type\":\"ImageObject\",\"inLanguage\":\"en-US\",\"@id\":\"https:\\\/\\\/www.mexicanguitarplayers.com\\\/tienda\\\/sin categor\u00eda\\\/modulo-emu-9093-mod-audity-2000\\\/#primaryimage\",\"url\":\"https:\\\/\\\/www.mexicanguitarplayers.com\\\/wp-content\\\/uploads\\\/2025\\\/04\\\/ITEMU9093.jpg\",\"contentUrl\":\"https:\\\/\\\/www.mexicanguitarplayers.com\\\/wp-content\\\/uploads\\\/2025\\\/04\\\/ITEMU9093.jpg\",\"width\":1600,\"height\":800},{\"@type\":\"BreadcrumbList\",\"@id\":\"https:\\\/\\\/www.mexicanguitarplayers.com\\\/tienda\\\/sin categor\u00eda\\\/modulo-emu-9093-mod-audity-2000\\\/#breadcrumb\",\"itemListElement\":[{\"@type\":\"ListItem\",\"position\":1,\"name\":\"Portada\",\"item\":\"https:\\\/\\\/www.mexicanguitarplayers.com\\\/\"},{\"@type\":\"ListItem\",\"position\":2,\"name\":\"Tienda\",\"item\":\"https:\\\/\\\/www.mexicanguitarplayers.com\\\/tienda\\\/\"},{\"@type\":\"ListItem\",\"position\":3,\"name\":\"MODULO EMU 9093 MOD. AUDITY 2000\"}]},{\"@type\":\"WebSite\",\"@id\":\"https:\\\/\\\/www.mexicanguitarplayers.com\\\/#website\",\"url\":\"https:\\\/\\\/www.mexicanguitarplayers.com\\\/\",\"name\":\"Mexican Guitar Players\",\"description\":\"Website\",\"publisher\":{\"@id\":\"https:\\\/\\\/www.mexicanguitarplayers.com\\\/#organization\"},\"potentialAction\":[{\"@type\":\"SearchAction\",\"target\":{\"@type\":\"EntryPoint\",\"urlTemplate\":\"https:\\\/\\\/www.mexicanguitarplayers.com\\\/?s={search_term_string}\"},\"query-input\":{\"@type\":\"PropertyValueSpecification\",\"valueRequired\":true,\"valueName\":\"search_term_string\"}}],\"inLanguage\":\"en-US\"},{\"@type\":\"Organization\",\"@id\":\"https:\\\/\\\/www.mexicanguitarplayers.com\\\/#organization\",\"name\":\"Mexican Guitar Players\",\"url\":\"https:\\\/\\\/www.mexicanguitarplayers.com\\\/\",\"logo\":{\"@type\":\"ImageObject\",\"inLanguage\":\"en-US\",\"@id\":\"https:\\\/\\\/www.mexicanguitarplayers.com\\\/#\\\/schema\\\/logo\\\/image\\\/\",\"url\":\"\",\"contentUrl\":\"\",\"caption\":\"Mexican Guitar Players\"},\"image\":{\"@id\":\"https:\\\/\\\/www.mexicanguitarplayers.com\\\/#\\\/schema\\\/logo\\\/image\\\/\"}}]}<\/script>\n<!-- \/ Yoast SEO plugin. -->","yoast_head_json":{"title":"MODULO EMU 9093   MOD. AUDITY 2000 - Mexican Guitar Players","description":"M\u00f3dulo Audity 2000, EMU 9093. Sintetizador digital, 16 arpegiadores simult\u00e1neos,excelente para trance y techno, mat\u00edz digital me\u00b4talico, filtro resonante de 12polos.","robots":{"index":"index","follow":"follow","max-snippet":"max-snippet:-1","max-image-preview":"max-image-preview:large","max-video-preview":"max-video-preview:-1"},"canonical":"https:\/\/www.mexicanguitarplayers.com\/en\/tienda\/sin categor\u00eda\/modulo-emu-9093-mod-audity-2000\/","og_locale":"en_US","og_type":"article","og_title":"MODULO EMU 9093   MOD. AUDITY 2000 - Mexican Guitar Players","og_description":"M\u00f3dulo Audity 2000, EMU 9093. Sintetizador digital, 16 arpegiadores simult\u00e1neos,excelente para trance y techno, mat\u00edz digital me\u00b4talico, filtro resonante de 12polos.","og_url":"https:\/\/www.mexicanguitarplayers.com\/en\/tienda\/sin categor\u00eda\/modulo-emu-9093-mod-audity-2000\/","og_site_name":"Mexican Guitar Players","article_modified_time":"2026-01-03T10:36:54+00:00","twitter_card":"summary_large_image","twitter_misc":{"Est. reading time":"1 minute"},"schema":{"@context":"https:\/\/schema.org","@graph":[{"@type":["WebPage","ItemPage"],"@id":"https:\/\/www.mexicanguitarplayers.com\/tienda\/sin categor\u00eda\/modulo-emu-9093-mod-audity-2000\/","url":"https:\/\/www.mexicanguitarplayers.com\/tienda\/sin categor\u00eda\/modulo-emu-9093-mod-audity-2000\/","name":"MODULO EMU 9093 MOD. AUDITY 2000 - Mexican Guitar Players","isPartOf":{"@id":"https:\/\/www.mexicanguitarplayers.com\/#website"},"primaryImageOfPage":{"@id":"https:\/\/www.mexicanguitarplayers.com\/tienda\/sin categor\u00eda\/modulo-emu-9093-mod-audity-2000\/#primaryimage"},"image":{"@id":"https:\/\/www.mexicanguitarplayers.com\/tienda\/sin categor\u00eda\/modulo-emu-9093-mod-audity-2000\/#primaryimage"},"thumbnailUrl":"https:\/\/www.mexicanguitarplayers.com\/wp-content\/uploads\/2025\/04\/ITEMU9093.jpg","datePublished":"2025-04-06T19:26:18+00:00","dateModified":"2026-01-03T10:36:54+00:00","description":"M\u00f3dulo Audity 2000, EMU 9093. Sintetizador digital, 16 arpegiadores simult\u00e1neos,excelente para trance y techno, mat\u00edz digital me\u00b4talico, filtro resonante de 12polos.","breadcrumb":{"@id":"https:\/\/www.mexicanguitarplayers.com\/tienda\/sin categor\u00eda\/modulo-emu-9093-mod-audity-2000\/#breadcrumb"},"inLanguage":"en-US","potentialAction":[{"@type":"ReadAction","target":["https:\/\/www.mexicanguitarplayers.com\/tienda\/sin categor\u00eda\/modulo-emu-9093-mod-audity-2000\/"]}]},{"@type":"ImageObject","inLanguage":"en-US","@id":"https:\/\/www.mexicanguitarplayers.com\/tienda\/sin categor\u00eda\/modulo-emu-9093-mod-audity-2000\/#primaryimage","url":"https:\/\/www.mexicanguitarplayers.com\/wp-content\/uploads\/2025\/04\/ITEMU9093.jpg","contentUrl":"https:\/\/www.mexicanguitarplayers.com\/wp-content\/uploads\/2025\/04\/ITEMU9093.jpg","width":1600,"height":800},{"@type":"BreadcrumbList","@id":"https:\/\/www.mexicanguitarplayers.com\/tienda\/sin categor\u00eda\/modulo-emu-9093-mod-audity-2000\/#breadcrumb","itemListElement":[{"@type":"ListItem","position":1,"name":"Portada","item":"https:\/\/www.mexicanguitarplayers.com\/"},{"@type":"ListItem","position":2,"name":"Tienda","item":"https:\/\/www.mexicanguitarplayers.com\/tienda\/"},{"@type":"ListItem","position":3,"name":"MODULO EMU 9093 MOD. AUDITY 2000"}]},{"@type":"WebSite","@id":"https:\/\/www.mexicanguitarplayers.com\/#website","url":"https:\/\/www.mexicanguitarplayers.com\/","name":"Mexican Guitar Players","description":"Website","publisher":{"@id":"https:\/\/www.mexicanguitarplayers.com\/#organization"},"potentialAction":[{"@type":"SearchAction","target":{"@type":"EntryPoint","urlTemplate":"https:\/\/www.mexicanguitarplayers.com\/?s={search_term_string}"},"query-input":{"@type":"PropertyValueSpecification","valueRequired":true,"valueName":"search_term_string"}}],"inLanguage":"en-US"},{"@type":"Organization","@id":"https:\/\/www.mexicanguitarplayers.com\/#organization","name":"Mexican Guitar Players","url":"https:\/\/www.mexicanguitarplayers.com\/","logo":{"@type":"ImageObject","inLanguage":"en-US","@id":"https:\/\/www.mexicanguitarplayers.com\/#\/schema\/logo\/image\/","url":"","contentUrl":"","caption":"Mexican Guitar Players"},"image":{"@id":"https:\/\/www.mexicanguitarplayers.com\/#\/schema\/logo\/image\/"}}]}},"brands":[{"id":394,"name":"EMU","slug":"e-mu"}],"_links":{"self":[{"href":"https:\/\/www.mexicanguitarplayers.com\/en\/wp-json\/wp\/v2\/product\/23812","targetHints":{"allow":["GET"]}}],"collection":[{"href":"https:\/\/www.mexicanguitarplayers.com\/en\/wp-json\/wp\/v2\/product"}],"about":[{"href":"https:\/\/www.mexicanguitarplayers.com\/en\/wp-json\/wp\/v2\/types\/product"}],"replies":[{"embeddable":true,"href":"https:\/\/www.mexicanguitarplayers.com\/en\/wp-json\/wp\/v2\/comments?post=23812"}],"wp:featuredmedia":[{"embeddable":true,"href":"https:\/\/www.mexicanguitarplayers.com\/en\/wp-json\/wp\/v2\/media\/23810"}],"wp:attachment":[{"href":"https:\/\/www.mexicanguitarplayers.com\/en\/wp-json\/wp\/v2\/media?parent=23812"}],"wp:term":[{"taxonomy":"pwb-brand","embeddable":true,"href":"https:\/\/www.mexicanguitarplayers.com\/en\/wp-json\/wp\/v2\/pwb-brand?post=23812"},{"taxonomy":"product_brand","embeddable":true,"href":"https:\/\/www.mexicanguitarplayers.com\/en\/wp-json\/wp\/v2\/product_brand?post=23812"},{"taxonomy":"product_cat","embeddable":true,"href":"https:\/\/www.mexicanguitarplayers.com\/en\/wp-json\/wp\/v2\/product_cat?post=23812"},{"taxonomy":"product_tag","embeddable":true,"href":"https:\/\/www.mexicanguitarplayers.com\/en\/wp-json\/wp\/v2\/product_tag?post=23812"}],"curies":[{"name":"wp","href":"https:\/\/api.w.org\/{rel}","templated":true}]}}