{"id":23832,"date":"2025-04-06T13:27:45","date_gmt":"2025-04-06T19:27:45","guid":{"rendered":"https:\/\/www.mexicanguitarplayers.com\/tienda\/sin categor\u00eda\/sistema-proel-activo-mod-lt812a\/"},"modified":"2026-04-10T04:48:22","modified_gmt":"2026-04-10T10:48:22","slug":"sistema-proel-activo-mod-lt812a","status":"publish","type":"product","link":"https:\/\/www.mexicanguitarplayers.com\/en\/tienda\/audio\/sistemas-portatiles\/sistema-proel-activo-mod-lt812a\/","title":{"rendered":"SISTEMA PROEL ACTIVO   MOD. LT812A"},"content":{"rendered":"<div style=\"text-align: justify\">\n<div>\n<h3>Sistemas activos y pasivos de alta gama.<\/h3>\n<\/div>\n<div>La nueva serie LITE de Proel es una amplia gama de sistemas de altavoces activos y pasivos con gabinete de madera contrachapada que ofrece el famoso sonido Proel y un rendimiento de alto nivel en un paquete fiable y asequible. Para la construcci\u00f3n de los gabinetes, hemos utilizado madera contrachapada, un material ligero y durable que hace que el movimiento y la instalaci\u00f3n de estos altavoces sea sencilla y r\u00e1pida. Protecci\u00f3n con pintura anti ara\u00f1azos y fuertes rejillas de acero con una capa de espuma interna ofrecen a\u00f1os de servicio. El agujero de montaje de \u00e1ngulo doble en los modelos de 8&#8243;, 10&#8243;, 12&#8243; y 15&#8243; pulgadas ofrecen la posibilidad de obtener una cobertura m\u00e1s uniforme de toda la audiencia. Para la reproducci\u00f3n de altas frecuencias de la serie LITE, hemos dise\u00f1ado trompetas de ancha dispersi\u00f3n, capaces de proporcionar una cobertura constante para grandes audiencias y una respuesta detallada con baja distorsi\u00f3n. Los woofers de alta excursi\u00f3n junto con gabinetes cuidadosamente ventilados, ofrecen una respuesta extendida con bajos profundos y estrechos. La serie LITE incluye 6 modelos activos woofers que van desde 6.5&#8243; hasta woofers dobles de 15&#8243; pulgadas, m\u00e1s 1 sat\u00e9lite y sistema de subwoofers. Los m\u00f3dulos de potencia extremadamente ligeros utilizados en los modelos activos cuentan con las \u00faltimas tecnolog\u00edas para amplificaci\u00f3n, como la fuente de alimentaci\u00f3n conmutada y etapas de salida de clase D, que proporciona una gran cantidad de potencia con un peso reducido. Los m\u00f3dulos de potencia est\u00e1n alojados en cajas de aluminio fundido totalmente selladas que ofrecen protecci\u00f3n, perfecto aislamiento de la cabina desde el exterior y una refrigeraci\u00f3n extremadamente eficiente. Cada m\u00f3dulo incluye una sofisticada secci\u00f3n de pre amplificaci\u00f3n con filtros de crossover de fase alineada de hasta 24 dB \/ oct y filtros de ecualizaci\u00f3n activos para una sinton\u00eda fina del sistema. El circuito de limitaci\u00f3n dual asegura un sonido libre de distorsi\u00f3n incluso en el nivel m\u00e1s alto y una protecci\u00f3n total de los altavoces. Los sistemas de  altavoz LITE se pueden combinar con los subwoofers SW, disponibles en 5 modelos y son capaces de proporcionar una extensi\u00f3n perfecta de baja frecuencia para cada modelo de la serie. <\/div>\n<div>\n<h4>Quick look<\/h4>\n<\/div>\n<ul style=\"margin: 0px 0px 0px 25px\">\n<li style=\"list-style-type: circle;margin: 5px\">LT812SAT.<\/li>\n<li style=\"list-style-type: circle;margin: 5px\">LT812SUB<\/li>\n<\/ul>\n<div>\n<div style=\"font-weight: bold\">LT812SAT.<\/div>\n<div>\n<p>Tipo de sistema: Recinto ventilado de 2 v\u00edas. Dispositivo de alta frecuencia: Driver de compresi\u00f3n de 1&#8243; pulgada con bobina m\u00f3vil de 1&#8243; pulgada. Dispositivo de baja frecuencia: Woofer de 8&#8243; pulgadas con bobina m\u00f3vil de 1.5\u201d pulgadas. Angulo de cobertura: 60\u00b0 x 40\u00b0. Potencia pico total: 1600 watts. Potencia continua del amplificador: 2 x 200 watts clase AB. Fuente de alimentaci\u00f3n: SMPS. Procesamiento: An\u00e1logo. Respuesta de frecuencia: 45 Hz &#8211; 20 kHz. SPL m\u00e1ximo: 121 dB. Conectores: 1 x SPEAKON. Construcci\u00f3n: Madera contrachapada. Color del gabinete: Negro. Manijas: 1 por la parte trasera. Montaje en poste: 1 por debajo, \u00e1ngulo doble. Dimensiones: 220 x 442 x 260 mm. Peso: 7.5 kg.<\/p>\n<\/div>\n<div style=\"font-weight: bold\">LT812SUB<\/div>\n<div>\n<p>Tipo de sistema: Subwoofer ventilado. Dispositivo de baja frecuencia: Woofer de 12\u201d con bobina m\u00f3vil de 3&#8243; pulgadas. Potencia pico total: 1600 watts. Potencia continua del amplificador: 400 watts clase D. Fuente de alimentaci\u00f3n: SMPS. Procesamiento: An\u00e1logo. Respuesta de frecuencia: 45 Hz &#8211; 20 kHz. SPL m\u00e1ximo: 124 dB. Conectores: Entrada: 2 x Combo, Link: 2 x XLR macho; Salida: 2 x SPEAKON. Controles: Nivel de Sub y Ground Lift. Construcci\u00f3n: Madera contrachapada. Color del gabinete: Negro. Manijas: 2 a los lados. Montaje en poste: 1 por arriba. Fuente de alimentaci\u00f3n: 230 VAC o 120 VAC 50\/60 Hz con selector de voltaje de l\u00ednea. Dimensiones: 475 x 462 x 610 mm. Peso: 34 kg.<\/p>\n<\/div>\n<\/div>\n<\/div>","protected":false},"excerpt":{"rendered":"<p>Sistema activo con 2 sat\u00e9lites LT812SAT de 8\u201d con bobina de 1.5\u201d y un subwooferde 12\u201d con bobina de 3\u201d. LT812SAT: \u00e1ngulo de cobertura: 60\u00b0 x 40\u00b0, potencia total: 1600 watts, potencia continua: 2 x 200 watts clase AB, respuesta de frecuencia: 45 Hz &#8211; 20 kHz, SPL m\u00e1ximo: 121 dB. LT812SUB: potencia pico total: 1600 watts, potencia continua: 400 watts clase D, respuesta de frecuencia: 45 Hz &#8211; 20 kHz,SPL m\u00e1ximo: 124 dB, dimensiones: 475 x 462 x 610 mm, peso: 34 kg. No incluye fundas ni soportes.&hellip; <a class=\"kt-excerpt-readmore more-link\" href=\"https:\/\/www.mexicanguitarplayers.com\/en\/tienda\/audio\/sistemas-portatiles\/sistema-proel-activo-mod-lt812a\/\">Read more<\/a><\/p>","protected":false},"featured_media":23828,"comment_status":"open","ping_status":"closed","template":"","meta":{"kt_blocks_editor_width":""},"pwb-brand":[252],"product_brand":[],"product_cat":[213,571],"product_tag":[],"class_list":{"0":"post-23832","1":"product","2":"type-product","3":"status-publish","4":"has-post-thumbnail","6":"pwb-brand-proel","7":"product_cat-audio","8":"product_cat-sistemas-portatiles","10":"first","11":"outofstock","12":"taxable","13":"shipping-taxable","14":"purchasable","15":"product-type-simple"},"yoast_head":"<!-- This site is optimized with the Yoast SEO plugin v27.6 - https:\/\/yoast.com\/product\/yoast-seo-wordpress\/ -->\n<title>SISTEMA PROEL ACTIVO  MOD. LT812A - Mexican Guitar Players<\/title>\n<meta name=\"description\" content=\"Sistema activo con 2 sat\u00e9lites LT812SAT de 8\u201d con bobina de 1.5\u201d y un subwooferde 12\u201d con bobina de 3\u201d. LT812SAT: \u00e1ngulo de cobertura: 60\u00b0 x 40\u00b0, potencia total: 1600 watts, potencia continua: 2 x 200 watts clase AB, respuesta de frecuencia: 45 Hz - 20 kHz, SPL m\u00e1ximo: 121 dB. LT812SUB: potencia pico total: 1600 watts, potencia continua: 400 watts clase D, respuesta de frecuencia: 45 Hz - 20 kHz,SPL m\u00e1ximo: 124 dB, dimensiones: 475 x 462 x 610 mm, peso: 34 kg. No incluye fundas ni soportes.\" \/>\n<meta name=\"robots\" content=\"index, follow, max-snippet:-1, max-image-preview:large, max-video-preview:-1\" \/>\n<link rel=\"canonical\" href=\"https:\/\/www.mexicanguitarplayers.com\/en\/tienda\/sin%20categor\u00eda\/sistema-proel-activo-mod-lt812a\/\" \/>\n<meta property=\"og:locale\" content=\"en_US\" \/>\n<meta property=\"og:type\" content=\"article\" \/>\n<meta property=\"og:title\" content=\"SISTEMA PROEL ACTIVO  MOD. LT812A - Mexican Guitar Players\" \/>\n<meta property=\"og:description\" content=\"Sistema activo con 2 sat\u00e9lites LT812SAT de 8\u201d con bobina de 1.5\u201d y un subwooferde 12\u201d con bobina de 3\u201d. LT812SAT: \u00e1ngulo de cobertura: 60\u00b0 x 40\u00b0, potencia total: 1600 watts, potencia continua: 2 x 200 watts clase AB, respuesta de frecuencia: 45 Hz - 20 kHz, SPL m\u00e1ximo: 121 dB. LT812SUB: potencia pico total: 1600 watts, potencia continua: 400 watts clase D, respuesta de frecuencia: 45 Hz - 20 kHz,SPL m\u00e1ximo: 124 dB, dimensiones: 475 x 462 x 610 mm, peso: 34 kg. No incluye fundas ni soportes.\" \/>\n<meta property=\"og:url\" content=\"https:\/\/www.mexicanguitarplayers.com\/en\/tienda\/sin categor\u00eda\/sistema-proel-activo-mod-lt812a\/\" \/>\n<meta property=\"og:site_name\" content=\"Mexican Guitar Players\" \/>\n<meta property=\"article:modified_time\" content=\"2026-04-10T10:48:22+00:00\" \/>\n<meta name=\"twitter:card\" content=\"summary_large_image\" \/>\n<meta name=\"twitter:label1\" content=\"Est. reading time\" \/>\n\t<meta name=\"twitter:data1\" content=\"3 minutes\" \/>\n<script type=\"application\/ld+json\" class=\"yoast-schema-graph\">{\"@context\":\"https:\\\/\\\/schema.org\",\"@graph\":[{\"@type\":[\"WebPage\",\"ItemPage\"],\"@id\":\"https:\\\/\\\/www.mexicanguitarplayers.com\\\/tienda\\\/sin categor\u00eda\\\/sistema-proel-activo-mod-lt812a\\\/\",\"url\":\"https:\\\/\\\/www.mexicanguitarplayers.com\\\/tienda\\\/sin categor\u00eda\\\/sistema-proel-activo-mod-lt812a\\\/\",\"name\":\"SISTEMA PROEL ACTIVO MOD. LT812A - Mexican Guitar Players\",\"isPartOf\":{\"@id\":\"https:\\\/\\\/www.mexicanguitarplayers.com\\\/#website\"},\"primaryImageOfPage\":{\"@id\":\"https:\\\/\\\/www.mexicanguitarplayers.com\\\/tienda\\\/sin categor\u00eda\\\/sistema-proel-activo-mod-lt812a\\\/#primaryimage\"},\"image\":{\"@id\":\"https:\\\/\\\/www.mexicanguitarplayers.com\\\/tienda\\\/sin categor\u00eda\\\/sistema-proel-activo-mod-lt812a\\\/#primaryimage\"},\"thumbnailUrl\":\"https:\\\/\\\/www.mexicanguitarplayers.com\\\/wp-content\\\/uploads\\\/2025\\\/04\\\/IAPRELT812A.jpg\",\"datePublished\":\"2025-04-06T19:27:45+00:00\",\"dateModified\":\"2026-04-10T10:48:22+00:00\",\"description\":\"Sistema activo con 2 sat\u00e9lites LT812SAT de 8\u201d con bobina de 1.5\u201d y un subwooferde 12\u201d con bobina de 3\u201d. LT812SAT: \u00e1ngulo de cobertura: 60\u00b0 x 40\u00b0, potencia total: 1600 watts, potencia continua: 2 x 200 watts clase AB, respuesta de frecuencia: 45 Hz - 20 kHz, SPL m\u00e1ximo: 121 dB. LT812SUB: potencia pico total: 1600 watts, potencia continua: 400 watts clase D, respuesta de frecuencia: 45 Hz - 20 kHz,SPL m\u00e1ximo: 124 dB, dimensiones: 475 x 462 x 610 mm, peso: 34 kg. No incluye fundas ni soportes.\",\"breadcrumb\":{\"@id\":\"https:\\\/\\\/www.mexicanguitarplayers.com\\\/tienda\\\/sin categor\u00eda\\\/sistema-proel-activo-mod-lt812a\\\/#breadcrumb\"},\"inLanguage\":\"en-US\",\"potentialAction\":[{\"@type\":\"ReadAction\",\"target\":[\"https:\\\/\\\/www.mexicanguitarplayers.com\\\/tienda\\\/sin categor\u00eda\\\/sistema-proel-activo-mod-lt812a\\\/\"]}]},{\"@type\":\"ImageObject\",\"inLanguage\":\"en-US\",\"@id\":\"https:\\\/\\\/www.mexicanguitarplayers.com\\\/tienda\\\/sin categor\u00eda\\\/sistema-proel-activo-mod-lt812a\\\/#primaryimage\",\"url\":\"https:\\\/\\\/www.mexicanguitarplayers.com\\\/wp-content\\\/uploads\\\/2025\\\/04\\\/IAPRELT812A.jpg\",\"contentUrl\":\"https:\\\/\\\/www.mexicanguitarplayers.com\\\/wp-content\\\/uploads\\\/2025\\\/04\\\/IAPRELT812A.jpg\",\"width\":1200,\"height\":1200},{\"@type\":\"BreadcrumbList\",\"@id\":\"https:\\\/\\\/www.mexicanguitarplayers.com\\\/tienda\\\/sin categor\u00eda\\\/sistema-proel-activo-mod-lt812a\\\/#breadcrumb\",\"itemListElement\":[{\"@type\":\"ListItem\",\"position\":1,\"name\":\"Portada\",\"item\":\"https:\\\/\\\/www.mexicanguitarplayers.com\\\/\"},{\"@type\":\"ListItem\",\"position\":2,\"name\":\"Tienda\",\"item\":\"https:\\\/\\\/www.mexicanguitarplayers.com\\\/tienda\\\/\"},{\"@type\":\"ListItem\",\"position\":3,\"name\":\"SISTEMA PROEL ACTIVO MOD. LT812A\"}]},{\"@type\":\"WebSite\",\"@id\":\"https:\\\/\\\/www.mexicanguitarplayers.com\\\/#website\",\"url\":\"https:\\\/\\\/www.mexicanguitarplayers.com\\\/\",\"name\":\"Mexican Guitar Players\",\"description\":\"Website\",\"publisher\":{\"@id\":\"https:\\\/\\\/www.mexicanguitarplayers.com\\\/#organization\"},\"potentialAction\":[{\"@type\":\"SearchAction\",\"target\":{\"@type\":\"EntryPoint\",\"urlTemplate\":\"https:\\\/\\\/www.mexicanguitarplayers.com\\\/?s={search_term_string}\"},\"query-input\":{\"@type\":\"PropertyValueSpecification\",\"valueRequired\":true,\"valueName\":\"search_term_string\"}}],\"inLanguage\":\"en-US\"},{\"@type\":\"Organization\",\"@id\":\"https:\\\/\\\/www.mexicanguitarplayers.com\\\/#organization\",\"name\":\"Mexican Guitar Players\",\"url\":\"https:\\\/\\\/www.mexicanguitarplayers.com\\\/\",\"logo\":{\"@type\":\"ImageObject\",\"inLanguage\":\"en-US\",\"@id\":\"https:\\\/\\\/www.mexicanguitarplayers.com\\\/#\\\/schema\\\/logo\\\/image\\\/\",\"url\":\"\",\"contentUrl\":\"\",\"caption\":\"Mexican Guitar Players\"},\"image\":{\"@id\":\"https:\\\/\\\/www.mexicanguitarplayers.com\\\/#\\\/schema\\\/logo\\\/image\\\/\"}}]}<\/script>\n<!-- \/ Yoast SEO plugin. -->","yoast_head_json":{"title":"SISTEMA PROEL ACTIVO  MOD. LT812A - Mexican Guitar Players","description":"Sistema activo con 2 sat\u00e9lites LT812SAT de 8\u201d con bobina de 1.5\u201d y un subwooferde 12\u201d con bobina de 3\u201d. LT812SAT: \u00e1ngulo de cobertura: 60\u00b0 x 40\u00b0, potencia total: 1600 watts, potencia continua: 2 x 200 watts clase AB, respuesta de frecuencia: 45 Hz - 20 kHz, SPL m\u00e1ximo: 121 dB. LT812SUB: potencia pico total: 1600 watts, potencia continua: 400 watts clase D, respuesta de frecuencia: 45 Hz - 20 kHz,SPL m\u00e1ximo: 124 dB, dimensiones: 475 x 462 x 610 mm, peso: 34 kg. No incluye fundas ni soportes.","robots":{"index":"index","follow":"follow","max-snippet":"max-snippet:-1","max-image-preview":"max-image-preview:large","max-video-preview":"max-video-preview:-1"},"canonical":"https:\/\/www.mexicanguitarplayers.com\/en\/tienda\/sin categor\u00eda\/sistema-proel-activo-mod-lt812a\/","og_locale":"en_US","og_type":"article","og_title":"SISTEMA PROEL ACTIVO  MOD. LT812A - Mexican Guitar Players","og_description":"Sistema activo con 2 sat\u00e9lites LT812SAT de 8\u201d con bobina de 1.5\u201d y un subwooferde 12\u201d con bobina de 3\u201d. LT812SAT: \u00e1ngulo de cobertura: 60\u00b0 x 40\u00b0, potencia total: 1600 watts, potencia continua: 2 x 200 watts clase AB, respuesta de frecuencia: 45 Hz - 20 kHz, SPL m\u00e1ximo: 121 dB. LT812SUB: potencia pico total: 1600 watts, potencia continua: 400 watts clase D, respuesta de frecuencia: 45 Hz - 20 kHz,SPL m\u00e1ximo: 124 dB, dimensiones: 475 x 462 x 610 mm, peso: 34 kg. No incluye fundas ni soportes.","og_url":"https:\/\/www.mexicanguitarplayers.com\/en\/tienda\/sin categor\u00eda\/sistema-proel-activo-mod-lt812a\/","og_site_name":"Mexican Guitar Players","article_modified_time":"2026-04-10T10:48:22+00:00","twitter_card":"summary_large_image","twitter_misc":{"Est. reading time":"3 minutes"},"schema":{"@context":"https:\/\/schema.org","@graph":[{"@type":["WebPage","ItemPage"],"@id":"https:\/\/www.mexicanguitarplayers.com\/tienda\/sin categor\u00eda\/sistema-proel-activo-mod-lt812a\/","url":"https:\/\/www.mexicanguitarplayers.com\/tienda\/sin categor\u00eda\/sistema-proel-activo-mod-lt812a\/","name":"SISTEMA PROEL ACTIVO MOD. LT812A - Mexican Guitar Players","isPartOf":{"@id":"https:\/\/www.mexicanguitarplayers.com\/#website"},"primaryImageOfPage":{"@id":"https:\/\/www.mexicanguitarplayers.com\/tienda\/sin categor\u00eda\/sistema-proel-activo-mod-lt812a\/#primaryimage"},"image":{"@id":"https:\/\/www.mexicanguitarplayers.com\/tienda\/sin categor\u00eda\/sistema-proel-activo-mod-lt812a\/#primaryimage"},"thumbnailUrl":"https:\/\/www.mexicanguitarplayers.com\/wp-content\/uploads\/2025\/04\/IAPRELT812A.jpg","datePublished":"2025-04-06T19:27:45+00:00","dateModified":"2026-04-10T10:48:22+00:00","description":"Sistema activo con 2 sat\u00e9lites LT812SAT de 8\u201d con bobina de 1.5\u201d y un subwooferde 12\u201d con bobina de 3\u201d. LT812SAT: \u00e1ngulo de cobertura: 60\u00b0 x 40\u00b0, potencia total: 1600 watts, potencia continua: 2 x 200 watts clase AB, respuesta de frecuencia: 45 Hz - 20 kHz, SPL m\u00e1ximo: 121 dB. LT812SUB: potencia pico total: 1600 watts, potencia continua: 400 watts clase D, respuesta de frecuencia: 45 Hz - 20 kHz,SPL m\u00e1ximo: 124 dB, dimensiones: 475 x 462 x 610 mm, peso: 34 kg. No incluye fundas ni soportes.","breadcrumb":{"@id":"https:\/\/www.mexicanguitarplayers.com\/tienda\/sin categor\u00eda\/sistema-proel-activo-mod-lt812a\/#breadcrumb"},"inLanguage":"en-US","potentialAction":[{"@type":"ReadAction","target":["https:\/\/www.mexicanguitarplayers.com\/tienda\/sin categor\u00eda\/sistema-proel-activo-mod-lt812a\/"]}]},{"@type":"ImageObject","inLanguage":"en-US","@id":"https:\/\/www.mexicanguitarplayers.com\/tienda\/sin categor\u00eda\/sistema-proel-activo-mod-lt812a\/#primaryimage","url":"https:\/\/www.mexicanguitarplayers.com\/wp-content\/uploads\/2025\/04\/IAPRELT812A.jpg","contentUrl":"https:\/\/www.mexicanguitarplayers.com\/wp-content\/uploads\/2025\/04\/IAPRELT812A.jpg","width":1200,"height":1200},{"@type":"BreadcrumbList","@id":"https:\/\/www.mexicanguitarplayers.com\/tienda\/sin categor\u00eda\/sistema-proel-activo-mod-lt812a\/#breadcrumb","itemListElement":[{"@type":"ListItem","position":1,"name":"Portada","item":"https:\/\/www.mexicanguitarplayers.com\/"},{"@type":"ListItem","position":2,"name":"Tienda","item":"https:\/\/www.mexicanguitarplayers.com\/tienda\/"},{"@type":"ListItem","position":3,"name":"SISTEMA PROEL ACTIVO MOD. LT812A"}]},{"@type":"WebSite","@id":"https:\/\/www.mexicanguitarplayers.com\/#website","url":"https:\/\/www.mexicanguitarplayers.com\/","name":"Mexican Guitar Players","description":"Website","publisher":{"@id":"https:\/\/www.mexicanguitarplayers.com\/#organization"},"potentialAction":[{"@type":"SearchAction","target":{"@type":"EntryPoint","urlTemplate":"https:\/\/www.mexicanguitarplayers.com\/?s={search_term_string}"},"query-input":{"@type":"PropertyValueSpecification","valueRequired":true,"valueName":"search_term_string"}}],"inLanguage":"en-US"},{"@type":"Organization","@id":"https:\/\/www.mexicanguitarplayers.com\/#organization","name":"Mexican Guitar Players","url":"https:\/\/www.mexicanguitarplayers.com\/","logo":{"@type":"ImageObject","inLanguage":"en-US","@id":"https:\/\/www.mexicanguitarplayers.com\/#\/schema\/logo\/image\/","url":"","contentUrl":"","caption":"Mexican Guitar Players"},"image":{"@id":"https:\/\/www.mexicanguitarplayers.com\/#\/schema\/logo\/image\/"}}]}},"brands":[{"id":252,"name":"PROEL","slug":"proel"}],"_links":{"self":[{"href":"https:\/\/www.mexicanguitarplayers.com\/en\/wp-json\/wp\/v2\/product\/23832","targetHints":{"allow":["GET"]}}],"collection":[{"href":"https:\/\/www.mexicanguitarplayers.com\/en\/wp-json\/wp\/v2\/product"}],"about":[{"href":"https:\/\/www.mexicanguitarplayers.com\/en\/wp-json\/wp\/v2\/types\/product"}],"replies":[{"embeddable":true,"href":"https:\/\/www.mexicanguitarplayers.com\/en\/wp-json\/wp\/v2\/comments?post=23832"}],"wp:featuredmedia":[{"embeddable":true,"href":"https:\/\/www.mexicanguitarplayers.com\/en\/wp-json\/wp\/v2\/media\/23828"}],"wp:attachment":[{"href":"https:\/\/www.mexicanguitarplayers.com\/en\/wp-json\/wp\/v2\/media?parent=23832"}],"wp:term":[{"taxonomy":"pwb-brand","embeddable":true,"href":"https:\/\/www.mexicanguitarplayers.com\/en\/wp-json\/wp\/v2\/pwb-brand?post=23832"},{"taxonomy":"product_brand","embeddable":true,"href":"https:\/\/www.mexicanguitarplayers.com\/en\/wp-json\/wp\/v2\/product_brand?post=23832"},{"taxonomy":"product_cat","embeddable":true,"href":"https:\/\/www.mexicanguitarplayers.com\/en\/wp-json\/wp\/v2\/product_cat?post=23832"},{"taxonomy":"product_tag","embeddable":true,"href":"https:\/\/www.mexicanguitarplayers.com\/en\/wp-json\/wp\/v2\/product_tag?post=23832"}],"curies":[{"name":"wp","href":"https:\/\/api.w.org\/{rel}","templated":true}]}}