{"id":23851,"date":"2025-04-06T13:28:45","date_gmt":"2025-04-06T19:28:45","guid":{"rendered":"https:\/\/www.mexicanguitarplayers.com\/tienda\/sin categor\u00eda\/procesador-proel-mod-pc260\/"},"modified":"2026-04-10T04:48:19","modified_gmt":"2026-04-10T10:48:19","slug":"procesador-proel-mod-pc260","status":"publish","type":"product","link":"https:\/\/www.mexicanguitarplayers.com\/en\/tienda\/audio\/procesadores\/procesadores-para-bafle\/procesador-proel-mod-pc260\/","title":{"rendered":"PROCESADOR PROEL   MOD. PC260"},"content":{"rendered":"<div style=\"text-align: justify\">\n<div>\n<h3>Procesamiento completo.<\/h3>\n<\/div>\n<div>El controlador digital de altavoz PC260 est\u00e1 basado en la plataforma CORE DSP y el su caracter\u00edstica avanzada es el procesamiento de la se\u00f1al, funciones avanzadas y una interfaz de usuario intuitiva con acceso directo a todas las funciones de edici\u00f3n y capacidad de control remoto. La resoluci\u00f3n de 40 bits de punto flotante y la conversi\u00f3n  AD\/DA de 24 bits garantizan una perfecta integridad de la se\u00f1al con un rango din\u00e1mico superior a 110 dB, para lograr una calidad sonora superior. El PC260 incluye un conjunto completo de funciones y tiene 2 entradas (con la opci\u00f3n de entrada digital AES) y 6 salidas. Cada entrada cuenta con ecualizador param\u00e9trico completo de 5 bandas (incluyendo param\u00e9trico, shelving, notch, res, HP y LP, allpass y bandpass), ecualizador gr\u00e1fico de 28 bandas y 3 bandas de un extremadamente vers\u00e1til y poderoso ecualizador din\u00e1mico. Un compresor \/ limitador completamente programable y hasta 600 ms de retraso tambi\u00e9n est\u00e1n disponibles. Las salidas incluyen cualquier tipo de filtros de crossover con una inclinaci\u00f3n de hasta 48 dB por octava, junto con 5 bandas de PEQ. Las caracter\u00edsticas adicionales incluyen 1\/3 oct RTA con entrada de micr\u00f3fono dedicada con potencia phantom y funci\u00f3n de agrupaci\u00f3n. El SPL Manager espec\u00edficamente dise\u00f1ado para la aplicaci\u00f3n en instalaciones fijas, es una herramienta muy potente que permite programar en 4 escenas diferentes 16 eventos en cada entrada y salida, incluyendo MUTE, cambio de nivel, cambio de compresor threshold y cambio de preset. Estos eventos se pueden realizar de forma autom\u00e1tica de acuerdo con el reloj interno de la unidad. El PC260 puede ser controlado de forma remota con software PRONET a trav\u00e9s del puerto USB en el panel frontal y se puede incluir en una red PRONET utilizando dos conectores RJ45 en la parte trasera del panel (con el convertidor USB2CAN opcional).<\/div>\n<div>\n<h4>Quick look<\/h4>\n<\/div>\n<ul style=\"margin: 0px 0px 0px 25px\">\n<li style=\"list-style-type: circle;margin: 5px\">Funciones.<\/li>\n<li style=\"list-style-type: circle;margin: 5px\">Power supply.<\/li>\n<li style=\"list-style-type: circle;margin: 5px\">Connectors.<\/li>\n<li style=\"list-style-type: circle;margin: 5px\">Input connectors.<\/li>\n<li style=\"list-style-type: circle;margin: 5px\">Output connectors.<\/li>\n<li style=\"list-style-type: circle;margin: 5px\">Convertidores AD\/DA.<\/li>\n<li style=\"list-style-type: circle;margin: 5px\">Dimensions.<\/li>\n<li style=\"list-style-type: circle;margin: 5px\">Distorsi\u00f3n arm\u00f3nica total.<\/li>\n<li style=\"list-style-type: circle;margin: 5px\">Ecualizaci\u00f3n param\u00e9trica.<\/li>\n<li style=\"list-style-type: circle;margin: 5px\">Filtros de crossover.<\/li>\n<li style=\"list-style-type: circle;margin: 5px\">Frecuencia de muestreo FS.<\/li>\n<li style=\"list-style-type: circle;margin: 5px\">Ganancia de salida.<\/li>\n<li style=\"list-style-type: circle;margin: 5px\">Input impedance.<\/li>\n<li style=\"list-style-type: circle;margin: 5px\">Indicadores (LED).<\/li>\n<li style=\"list-style-type: circle;margin: 5px\">Tickets.<\/li>\n<li style=\"list-style-type: circle;margin: 5px\">Nivel m\u00e1ximo de entrada.<\/li>\n<li style=\"list-style-type: circle;margin: 5px\">Weight.<\/li>\n<li style=\"list-style-type: circle;margin: 5px\">Procesamiento interno.<\/li>\n<li style=\"list-style-type: circle;margin: 5px\">Signal to noise ratio.<\/li>\n<li style=\"list-style-type: circle;margin: 5px\">Frequency response.<\/li>\n<li style=\"list-style-type: circle;margin: 5px\">Display.<\/li>\n<li style=\"list-style-type: circle;margin: 5px\">Limitador threshold.<\/li>\n<li style=\"list-style-type: circle;margin: 5px\">Retraso.<\/li>\n<li style=\"list-style-type: circle;margin: 5px\">Unidades de rack.<\/li>\n<li style=\"list-style-type: circle;margin: 5px\">Departures.<\/li>\n<\/ul>\n<div>\n<div style=\"font-weight: bold\">Funciones.<\/div>\n<div>\n<p>Permite el procesamiento de se\u00f1ales de audio y es  capaz de optimizar el rendimiento del sistema con funciones avanzadas y una interfaz de usuario intuitiva con acceso directo a todas las funciones de edici\u00f3n y control remoto.<\/p>\n<\/div>\n<div style=\"font-weight: bold\">Power supply.<\/div>\n<div>\n<p>90 V &#8211; 220 V AC, 50 &#8211; 60 Hz.<\/p>\n<\/div>\n<div style=\"font-weight: bold\">Connectors.<\/div>\n<div>\n<p>USB, RJ45 PRONETBUS E\/S, RTA MIC y AES\/EBU.<\/p>\n<\/div>\n<div style=\"font-weight: bold\">Input connectors.<\/div>\n<div>\n<p>3 pin XLR hembra + 3 pin XLR macho.<\/p>\n<\/div>\n<div style=\"font-weight: bold\">Output connectors.<\/div>\n<div>\n<p>3 pin XLR macho.<\/p>\n<\/div>\n<div style=\"font-weight: bold\">Convertidores AD\/DA.<\/div>\n<div>\n<p>24 bit &#8211; 96 kHz.<\/p>\n<\/div>\n<div style=\"font-weight: bold\">Dimensions.<\/div>\n<div>\n<p>44 x 482 x 295 mm.<\/p>\n<\/div>\n<div style=\"font-weight: bold\">Distorsi\u00f3n arm\u00f3nica total.<\/div>\n<div>\n<p>&lt; 0.015% @ 1 kHz, +18 dBu.<\/p>\n<\/div>\n<div style=\"font-weight: bold\">Ecualizaci\u00f3n param\u00e9trica.<\/div>\n<div>\n<p>5 por entrada\/ 5 por salida. Parametric, Notch, Shelf, Bandpass, res. hp\/lp, Allpass +15 dB a -15 dB en 0.2 dB pasos 0.4 a 28.85 (3 a 0.05,1\/20 pasos \/ oct.) 15.6 Hz \u2013 22.62 kHz (1\/20 pasos \/ oct.) \u00b115 dB in 0.2 dB pasos.<\/p>\n<\/div>\n<div style=\"font-weight: bold\">Filtros de crossover.<\/div>\n<div>\n<p>6\/12\/18\/24\/48dB por octava. Bessel \/ Butterworth \/ Linkwitz-Riley.<\/p>\n<\/div>\n<div style=\"font-weight: bold\">Frecuencia de muestreo FS.<\/div>\n<div>\n<p>48 kHz.<\/p>\n<\/div>\n<div style=\"font-weight: bold\">Ganancia de salida.<\/div>\n<div>\n<p>+15 dB a -30 dB en 0.2 dB pasos y silenciamiento.<\/p>\n<\/div>\n<div style=\"font-weight: bold\">Input impedance.<\/div>\n<div>\n<p>&gt;10 kohms.<\/p>\n<\/div>\n<div style=\"font-weight: bold\">Indicadores (LED).<\/div>\n<div>\n<p>Medidor de entrada 2 x 4 LED.Medidor de salida 6 x 4 LED.<\/p>\n<\/div>\n<div style=\"font-weight: bold\">Tickets.<\/div>\n<div>\n<p>2 balanceadas electr\u00f3nicamente.<\/p>\n<\/div>\n<div style=\"font-weight: bold\">Nivel m\u00e1ximo de entrada.<\/div>\n<div>\n<p>+20 dBm en 600 ohms.<\/p>\n<\/div>\n<div style=\"font-weight: bold\">Weight.<\/div>\n<div>\n<p>4.1 Kg.<\/p>\n<\/div>\n<div style=\"font-weight: bold\">Procesamiento interno.<\/div>\n<div>\n<p>Punto flotante de 40 bits.<\/p>\n<\/div>\n<div style=\"font-weight: bold\">Signal to noise ratio.<\/div>\n<div>\n<p>&gt;110 dB, 20 Hz &#8211; 20 kHz, no ponderado.<\/p>\n<\/div>\n<div style=\"font-weight: bold\">Frequency response.<\/div>\n<div>\n<p>+ 0.5 dB 20 Hz &#8211; 20 kHz.<\/p>\n<\/div>\n<div style=\"font-weight: bold\">Display.<\/div>\n<div>\n<p>Display gr\u00e1fico 192&#215;32 LCD.<\/p>\n<\/div>\n<div style=\"font-weight: bold\">Limitador threshold.<\/div>\n<div>\n<p>+0 dB a -35 dB.<\/p>\n<\/div>\n<div style=\"font-weight: bold\">Retraso.<\/div>\n<div>\n<p>Hasta 600 ms en 0.021 mS pasos 1.68 ms (an\u00e1logo entrada \u2013 an\u00e1logo salida @ 48 kHz).<\/p>\n<\/div>\n<div style=\"font-weight: bold\">Unidades de rack.<\/div>\n<div>\n<p>Una unidad.<\/p>\n<\/div>\n<div style=\"font-weight: bold\">Departures.<\/div>\n<div>\n<p>6 electr\u00f3nicamente balanceadas.<\/p>\n<\/div>\n<\/div>\n<\/div>","protected":false},"excerpt":{"rendered":"<p>Procesador PROEL. Modelo: PC260. Para bocinas. 2 entradas y 6 salidas. Resoluci\u00f3n CORE DSP de punto flotante de 40 bits. Convertidores AD\/DA a 24 bits. Rango din\u00e1mico: 110 dB. 5 bandas de ecualizaci\u00f3n param\u00e9trica completa en cada E\/S. 28 bandas de ecualizaci\u00f3n gr\u00e1fica en cada entrada. 3 bandas de ecualizaci\u00f3n din\u00e1micaen cada entrada. Hasta 600 ms de retraso en cada E\/S.  Control remoto PRONET v\u00edaUSV y capacidad de trabajo en red.&hellip; <a class=\"kt-excerpt-readmore more-link\" href=\"https:\/\/www.mexicanguitarplayers.com\/en\/tienda\/audio\/procesadores\/procesadores-para-bafle\/procesador-proel-mod-pc260\/\">Read more<\/a><\/p>","protected":false},"featured_media":23849,"comment_status":"open","ping_status":"closed","template":"","meta":{"kt_blocks_editor_width":""},"pwb-brand":[252],"product_brand":[],"product_cat":[213,493,536],"product_tag":[],"class_list":{"0":"post-23851","1":"product","2":"type-product","3":"status-publish","4":"has-post-thumbnail","6":"pwb-brand-proel","7":"product_cat-audio","8":"product_cat-procesadores","9":"product_cat-procesadores-para-bafle","10":"product_shipping_class-5-10-kg","12":"first","13":"outofstock","14":"taxable","15":"shipping-taxable","16":"purchasable","17":"product-type-simple"},"yoast_head":"<!-- This site is optimized with the Yoast SEO plugin v27.5 - https:\/\/yoast.com\/product\/yoast-seo-wordpress\/ -->\n<title>PROCESADOR PROEL  MOD. PC260 - Mexican Guitar Players<\/title>\n<meta name=\"description\" content=\"Procesador PROEL. Modelo: PC260. Para bocinas. 2 entradas y 6 salidas. Resoluci\u00f3n CORE DSP de punto flotante de 40 bits. Convertidores AD\/DA a 24 bits. Rango din\u00e1mico: 110 dB. 5 bandas de ecualizaci\u00f3n param\u00e9trica completa en cada E\/S. 28 bandas de ecualizaci\u00f3n gr\u00e1fica en cada entrada. 3 bandas de ecualizaci\u00f3n din\u00e1micaen cada entrada. Hasta 600 ms de retraso en cada E\/S. Control remoto PRONET v\u00edaUSV y capacidad de trabajo en red.\" \/>\n<meta name=\"robots\" content=\"index, follow, max-snippet:-1, max-image-preview:large, max-video-preview:-1\" \/>\n<link rel=\"canonical\" href=\"https:\/\/www.mexicanguitarplayers.com\/en\/tienda\/sin%20categor\u00eda\/procesador-proel-mod-pc260\/\" \/>\n<meta property=\"og:locale\" content=\"en_US\" \/>\n<meta property=\"og:type\" content=\"article\" \/>\n<meta property=\"og:title\" content=\"PROCESADOR PROEL  MOD. PC260 - Mexican Guitar Players\" \/>\n<meta property=\"og:description\" content=\"Procesador PROEL. Modelo: PC260. Para bocinas. 2 entradas y 6 salidas. Resoluci\u00f3n CORE DSP de punto flotante de 40 bits. Convertidores AD\/DA a 24 bits. Rango din\u00e1mico: 110 dB. 5 bandas de ecualizaci\u00f3n param\u00e9trica completa en cada E\/S. 28 bandas de ecualizaci\u00f3n gr\u00e1fica en cada entrada. 3 bandas de ecualizaci\u00f3n din\u00e1micaen cada entrada. Hasta 600 ms de retraso en cada E\/S. Control remoto PRONET v\u00edaUSV y capacidad de trabajo en red.\" \/>\n<meta property=\"og:url\" content=\"https:\/\/www.mexicanguitarplayers.com\/en\/tienda\/sin categor\u00eda\/procesador-proel-mod-pc260\/\" \/>\n<meta property=\"og:site_name\" content=\"Mexican Guitar Players\" \/>\n<meta property=\"article:modified_time\" content=\"2026-04-10T10:48:19+00:00\" \/>\n<meta name=\"twitter:card\" content=\"summary_large_image\" \/>\n<meta name=\"twitter:label1\" content=\"Est. reading time\" \/>\n\t<meta name=\"twitter:data1\" content=\"3 minutes\" \/>\n<script type=\"application\/ld+json\" class=\"yoast-schema-graph\">{\"@context\":\"https:\\\/\\\/schema.org\",\"@graph\":[{\"@type\":[\"WebPage\",\"ItemPage\"],\"@id\":\"https:\\\/\\\/www.mexicanguitarplayers.com\\\/tienda\\\/sin categor\u00eda\\\/procesador-proel-mod-pc260\\\/\",\"url\":\"https:\\\/\\\/www.mexicanguitarplayers.com\\\/tienda\\\/sin categor\u00eda\\\/procesador-proel-mod-pc260\\\/\",\"name\":\"PROCESADOR PROEL MOD. PC260 - Mexican Guitar Players\",\"isPartOf\":{\"@id\":\"https:\\\/\\\/www.mexicanguitarplayers.com\\\/#website\"},\"primaryImageOfPage\":{\"@id\":\"https:\\\/\\\/www.mexicanguitarplayers.com\\\/tienda\\\/sin categor\u00eda\\\/procesador-proel-mod-pc260\\\/#primaryimage\"},\"image\":{\"@id\":\"https:\\\/\\\/www.mexicanguitarplayers.com\\\/tienda\\\/sin categor\u00eda\\\/procesador-proel-mod-pc260\\\/#primaryimage\"},\"thumbnailUrl\":\"https:\\\/\\\/www.mexicanguitarplayers.com\\\/wp-content\\\/uploads\\\/2025\\\/04\\\/IAPREPC260.jpg\",\"datePublished\":\"2025-04-06T19:28:45+00:00\",\"dateModified\":\"2026-04-10T10:48:19+00:00\",\"description\":\"Procesador PROEL. Modelo: PC260. Para bocinas. 2 entradas y 6 salidas. Resoluci\u00f3n CORE DSP de punto flotante de 40 bits. Convertidores AD\\\/DA a 24 bits. Rango din\u00e1mico: 110 dB. 5 bandas de ecualizaci\u00f3n param\u00e9trica completa en cada E\\\/S. 28 bandas de ecualizaci\u00f3n gr\u00e1fica en cada entrada. 3 bandas de ecualizaci\u00f3n din\u00e1micaen cada entrada. Hasta 600 ms de retraso en cada E\\\/S. Control remoto PRONET v\u00edaUSV y capacidad de trabajo en red.\",\"breadcrumb\":{\"@id\":\"https:\\\/\\\/www.mexicanguitarplayers.com\\\/tienda\\\/sin categor\u00eda\\\/procesador-proel-mod-pc260\\\/#breadcrumb\"},\"inLanguage\":\"en-US\",\"potentialAction\":[{\"@type\":\"ReadAction\",\"target\":[\"https:\\\/\\\/www.mexicanguitarplayers.com\\\/tienda\\\/sin categor\u00eda\\\/procesador-proel-mod-pc260\\\/\"]}]},{\"@type\":\"ImageObject\",\"inLanguage\":\"en-US\",\"@id\":\"https:\\\/\\\/www.mexicanguitarplayers.com\\\/tienda\\\/sin categor\u00eda\\\/procesador-proel-mod-pc260\\\/#primaryimage\",\"url\":\"https:\\\/\\\/www.mexicanguitarplayers.com\\\/wp-content\\\/uploads\\\/2025\\\/04\\\/IAPREPC260.jpg\",\"contentUrl\":\"https:\\\/\\\/www.mexicanguitarplayers.com\\\/wp-content\\\/uploads\\\/2025\\\/04\\\/IAPREPC260.jpg\",\"width\":1200,\"height\":1200},{\"@type\":\"BreadcrumbList\",\"@id\":\"https:\\\/\\\/www.mexicanguitarplayers.com\\\/tienda\\\/sin categor\u00eda\\\/procesador-proel-mod-pc260\\\/#breadcrumb\",\"itemListElement\":[{\"@type\":\"ListItem\",\"position\":1,\"name\":\"Portada\",\"item\":\"https:\\\/\\\/www.mexicanguitarplayers.com\\\/\"},{\"@type\":\"ListItem\",\"position\":2,\"name\":\"Tienda\",\"item\":\"https:\\\/\\\/www.mexicanguitarplayers.com\\\/tienda\\\/\"},{\"@type\":\"ListItem\",\"position\":3,\"name\":\"PROCESADOR PROEL MOD. PC260\"}]},{\"@type\":\"WebSite\",\"@id\":\"https:\\\/\\\/www.mexicanguitarplayers.com\\\/#website\",\"url\":\"https:\\\/\\\/www.mexicanguitarplayers.com\\\/\",\"name\":\"Mexican Guitar Players\",\"description\":\"Website\",\"publisher\":{\"@id\":\"https:\\\/\\\/www.mexicanguitarplayers.com\\\/#organization\"},\"potentialAction\":[{\"@type\":\"SearchAction\",\"target\":{\"@type\":\"EntryPoint\",\"urlTemplate\":\"https:\\\/\\\/www.mexicanguitarplayers.com\\\/?s={search_term_string}\"},\"query-input\":{\"@type\":\"PropertyValueSpecification\",\"valueRequired\":true,\"valueName\":\"search_term_string\"}}],\"inLanguage\":\"en-US\"},{\"@type\":\"Organization\",\"@id\":\"https:\\\/\\\/www.mexicanguitarplayers.com\\\/#organization\",\"name\":\"Mexican Guitar Players\",\"url\":\"https:\\\/\\\/www.mexicanguitarplayers.com\\\/\",\"logo\":{\"@type\":\"ImageObject\",\"inLanguage\":\"en-US\",\"@id\":\"https:\\\/\\\/www.mexicanguitarplayers.com\\\/#\\\/schema\\\/logo\\\/image\\\/\",\"url\":\"\",\"contentUrl\":\"\",\"caption\":\"Mexican Guitar Players\"},\"image\":{\"@id\":\"https:\\\/\\\/www.mexicanguitarplayers.com\\\/#\\\/schema\\\/logo\\\/image\\\/\"}}]}<\/script>\n<!-- \/ Yoast SEO plugin. -->","yoast_head_json":{"title":"PROCESADOR PROEL  MOD. PC260 - Mexican Guitar Players","description":"Procesador PROEL. Modelo: PC260. Para bocinas. 2 entradas y 6 salidas. Resoluci\u00f3n CORE DSP de punto flotante de 40 bits. Convertidores AD\/DA a 24 bits. Rango din\u00e1mico: 110 dB. 5 bandas de ecualizaci\u00f3n param\u00e9trica completa en cada E\/S. 28 bandas de ecualizaci\u00f3n gr\u00e1fica en cada entrada. 3 bandas de ecualizaci\u00f3n din\u00e1micaen cada entrada. Hasta 600 ms de retraso en cada E\/S. Control remoto PRONET v\u00edaUSV y capacidad de trabajo en red.","robots":{"index":"index","follow":"follow","max-snippet":"max-snippet:-1","max-image-preview":"max-image-preview:large","max-video-preview":"max-video-preview:-1"},"canonical":"https:\/\/www.mexicanguitarplayers.com\/en\/tienda\/sin categor\u00eda\/procesador-proel-mod-pc260\/","og_locale":"en_US","og_type":"article","og_title":"PROCESADOR PROEL  MOD. PC260 - Mexican Guitar Players","og_description":"Procesador PROEL. Modelo: PC260. Para bocinas. 2 entradas y 6 salidas. Resoluci\u00f3n CORE DSP de punto flotante de 40 bits. Convertidores AD\/DA a 24 bits. Rango din\u00e1mico: 110 dB. 5 bandas de ecualizaci\u00f3n param\u00e9trica completa en cada E\/S. 28 bandas de ecualizaci\u00f3n gr\u00e1fica en cada entrada. 3 bandas de ecualizaci\u00f3n din\u00e1micaen cada entrada. Hasta 600 ms de retraso en cada E\/S. Control remoto PRONET v\u00edaUSV y capacidad de trabajo en red.","og_url":"https:\/\/www.mexicanguitarplayers.com\/en\/tienda\/sin categor\u00eda\/procesador-proel-mod-pc260\/","og_site_name":"Mexican Guitar Players","article_modified_time":"2026-04-10T10:48:19+00:00","twitter_card":"summary_large_image","twitter_misc":{"Est. reading time":"3 minutes"},"schema":{"@context":"https:\/\/schema.org","@graph":[{"@type":["WebPage","ItemPage"],"@id":"https:\/\/www.mexicanguitarplayers.com\/tienda\/sin categor\u00eda\/procesador-proel-mod-pc260\/","url":"https:\/\/www.mexicanguitarplayers.com\/tienda\/sin categor\u00eda\/procesador-proel-mod-pc260\/","name":"PROCESADOR PROEL MOD. PC260 - Mexican Guitar Players","isPartOf":{"@id":"https:\/\/www.mexicanguitarplayers.com\/#website"},"primaryImageOfPage":{"@id":"https:\/\/www.mexicanguitarplayers.com\/tienda\/sin categor\u00eda\/procesador-proel-mod-pc260\/#primaryimage"},"image":{"@id":"https:\/\/www.mexicanguitarplayers.com\/tienda\/sin categor\u00eda\/procesador-proel-mod-pc260\/#primaryimage"},"thumbnailUrl":"https:\/\/www.mexicanguitarplayers.com\/wp-content\/uploads\/2025\/04\/IAPREPC260.jpg","datePublished":"2025-04-06T19:28:45+00:00","dateModified":"2026-04-10T10:48:19+00:00","description":"Procesador PROEL. Modelo: PC260. Para bocinas. 2 entradas y 6 salidas. Resoluci\u00f3n CORE DSP de punto flotante de 40 bits. Convertidores AD\/DA a 24 bits. Rango din\u00e1mico: 110 dB. 5 bandas de ecualizaci\u00f3n param\u00e9trica completa en cada E\/S. 28 bandas de ecualizaci\u00f3n gr\u00e1fica en cada entrada. 3 bandas de ecualizaci\u00f3n din\u00e1micaen cada entrada. Hasta 600 ms de retraso en cada E\/S. Control remoto PRONET v\u00edaUSV y capacidad de trabajo en red.","breadcrumb":{"@id":"https:\/\/www.mexicanguitarplayers.com\/tienda\/sin categor\u00eda\/procesador-proel-mod-pc260\/#breadcrumb"},"inLanguage":"en-US","potentialAction":[{"@type":"ReadAction","target":["https:\/\/www.mexicanguitarplayers.com\/tienda\/sin categor\u00eda\/procesador-proel-mod-pc260\/"]}]},{"@type":"ImageObject","inLanguage":"en-US","@id":"https:\/\/www.mexicanguitarplayers.com\/tienda\/sin categor\u00eda\/procesador-proel-mod-pc260\/#primaryimage","url":"https:\/\/www.mexicanguitarplayers.com\/wp-content\/uploads\/2025\/04\/IAPREPC260.jpg","contentUrl":"https:\/\/www.mexicanguitarplayers.com\/wp-content\/uploads\/2025\/04\/IAPREPC260.jpg","width":1200,"height":1200},{"@type":"BreadcrumbList","@id":"https:\/\/www.mexicanguitarplayers.com\/tienda\/sin categor\u00eda\/procesador-proel-mod-pc260\/#breadcrumb","itemListElement":[{"@type":"ListItem","position":1,"name":"Portada","item":"https:\/\/www.mexicanguitarplayers.com\/"},{"@type":"ListItem","position":2,"name":"Tienda","item":"https:\/\/www.mexicanguitarplayers.com\/tienda\/"},{"@type":"ListItem","position":3,"name":"PROCESADOR PROEL MOD. PC260"}]},{"@type":"WebSite","@id":"https:\/\/www.mexicanguitarplayers.com\/#website","url":"https:\/\/www.mexicanguitarplayers.com\/","name":"Mexican Guitar Players","description":"Website","publisher":{"@id":"https:\/\/www.mexicanguitarplayers.com\/#organization"},"potentialAction":[{"@type":"SearchAction","target":{"@type":"EntryPoint","urlTemplate":"https:\/\/www.mexicanguitarplayers.com\/?s={search_term_string}"},"query-input":{"@type":"PropertyValueSpecification","valueRequired":true,"valueName":"search_term_string"}}],"inLanguage":"en-US"},{"@type":"Organization","@id":"https:\/\/www.mexicanguitarplayers.com\/#organization","name":"Mexican Guitar Players","url":"https:\/\/www.mexicanguitarplayers.com\/","logo":{"@type":"ImageObject","inLanguage":"en-US","@id":"https:\/\/www.mexicanguitarplayers.com\/#\/schema\/logo\/image\/","url":"","contentUrl":"","caption":"Mexican Guitar Players"},"image":{"@id":"https:\/\/www.mexicanguitarplayers.com\/#\/schema\/logo\/image\/"}}]}},"brands":[{"id":252,"name":"PROEL","slug":"proel"}],"_links":{"self":[{"href":"https:\/\/www.mexicanguitarplayers.com\/en\/wp-json\/wp\/v2\/product\/23851","targetHints":{"allow":["GET"]}}],"collection":[{"href":"https:\/\/www.mexicanguitarplayers.com\/en\/wp-json\/wp\/v2\/product"}],"about":[{"href":"https:\/\/www.mexicanguitarplayers.com\/en\/wp-json\/wp\/v2\/types\/product"}],"replies":[{"embeddable":true,"href":"https:\/\/www.mexicanguitarplayers.com\/en\/wp-json\/wp\/v2\/comments?post=23851"}],"wp:featuredmedia":[{"embeddable":true,"href":"https:\/\/www.mexicanguitarplayers.com\/en\/wp-json\/wp\/v2\/media\/23849"}],"wp:attachment":[{"href":"https:\/\/www.mexicanguitarplayers.com\/en\/wp-json\/wp\/v2\/media?parent=23851"}],"wp:term":[{"taxonomy":"pwb-brand","embeddable":true,"href":"https:\/\/www.mexicanguitarplayers.com\/en\/wp-json\/wp\/v2\/pwb-brand?post=23851"},{"taxonomy":"product_brand","embeddable":true,"href":"https:\/\/www.mexicanguitarplayers.com\/en\/wp-json\/wp\/v2\/product_brand?post=23851"},{"taxonomy":"product_cat","embeddable":true,"href":"https:\/\/www.mexicanguitarplayers.com\/en\/wp-json\/wp\/v2\/product_cat?post=23851"},{"taxonomy":"product_tag","embeddable":true,"href":"https:\/\/www.mexicanguitarplayers.com\/en\/wp-json\/wp\/v2\/product_tag?post=23851"}],"curies":[{"name":"wp","href":"https:\/\/api.w.org\/{rel}","templated":true}]}}