{"id":23864,"date":"2025-04-06T13:29:51","date_gmt":"2025-04-06T19:29:51","guid":{"rendered":"https:\/\/www.mexicanguitarplayers.com\/tienda\/sin categor\u00eda\/microfono-sennheiser-vocal-mod-e965\/"},"modified":"2026-04-15T04:22:41","modified_gmt":"2026-04-15T10:22:41","slug":"microfono-sennheiser-vocal-mod-e965","status":"publish","type":"product","link":"https:\/\/www.mexicanguitarplayers.com\/en\/tienda\/audio\/microfonia\/microfonos-alambricos\/de-mano\/microfono-sennheiser-vocal-mod-e965\/","title":{"rendered":"MICROFONO SENNHEISER VOCAL MOD. E965"},"content":{"rendered":"<div style=\"text-align: justify\">\n<div>\n<h3>El micr\u00f3fono vocal m\u00e1s robusto.<\/h3>\n<\/div>\n<div>El e-965 de Sennheiser es un micr\u00f3fono de condensador de gran diafragma. Su innovadura c\u00e1psula de diafragma doble de 1&#8243; pulgada significa que pueden acceder a ambos patrones (cardioide y s\u00faper cardioide) con tan solo un interruptor. Ideal para todas las aplicaciones vocales, el e-965 verdaderamente combina la sensibilidad de un condensador de estudio de clase mundial con la robustez que nuestros clientes exigen en un micr\u00f3fono de escenario.<\/div>\n<div>\n<h4>Quick look<\/h4>\n<\/div>\n<ul style=\"margin: 0px 0px 0px 25px\">\n<li style=\"list-style-type: circle;margin: 5px\">Transductor<\/li>\n<li style=\"list-style-type: circle;margin: 5px\">Di\u00e1metro del diafragma.<\/li>\n<li style=\"list-style-type: circle;margin: 5px\">Pick-up pattern.<\/li>\n<li style=\"list-style-type: circle;margin: 5px\">Frequency response.<\/li>\n<li style=\"list-style-type: circle;margin: 5px\">Sensibilidad (a campo abierto, sin carga a 1 kHz).<\/li>\n<li style=\"list-style-type: circle;margin: 5px\">Nominal impedance.<\/li>\n<li style=\"list-style-type: circle;margin: 5px\">Minimum termination impedance.<\/li>\n<li style=\"list-style-type: circle;margin: 5px\">Nivel m\u00e1ximo de presi\u00f3n sonora (pasiva).<\/li>\n<li style=\"list-style-type: circle;margin: 5px\">Equivalent noise level.<\/li>\n<li style=\"list-style-type: circle;margin: 5px\">Phantom power.<\/li>\n<li style=\"list-style-type: circle;margin: 5px\">Connector<\/li>\n<li style=\"list-style-type: circle;margin: 5px\">Temperatura de funcionamiento.<\/li>\n<li style=\"list-style-type: circle;margin: 5px\">Di\u00e1metro.<\/li>\n<li style=\"list-style-type: circle;margin: 5px\">Profundidad total.<\/li>\n<li style=\"list-style-type: circle;margin: 5px\">Weight.<\/li>\n<li style=\"list-style-type: circle;margin: 5px\">Accessories included.<\/li>\n<\/ul>\n<div>\n<div style=\"font-weight: bold\">Transductor<\/div>\n<div>\n<p>Micr\u00f3fono de condensador de doble diafragma AF externamente polarizada.<\/p>\n<\/div>\n<div style=\"font-weight: bold\">Di\u00e1metro del diafragma.<\/div>\n<div>\n<p>1&#8243; pulgada (25.4 mm).<\/p>\n<\/div>\n<div style=\"font-weight: bold\">Pick-up pattern.<\/div>\n<div>\n<p>Cardiode \/ S\u00faper cardioide, conmutable.<\/p>\n<\/div>\n<div style=\"font-weight: bold\">Frequency response.<\/div>\n<div>\n<p>40 - 20,000 Hz.<\/p>\n<\/div>\n<div style=\"font-weight: bold\">Sensibilidad (a campo abierto, sin carga a 1 kHz).<\/div>\n<div>\n<p>7 mV\/Pa (2.3 mV\/Pa) (con pre atenuaci\u00f3n).<\/p>\n<\/div>\n<div style=\"font-weight: bold\">Nominal impedance.<\/div>\n<div>\n<p>50 ohms.<\/p>\n<\/div>\n<div style=\"font-weight: bold\">Minimum termination impedance.<\/div>\n<div>\n<p>1 kohm.<\/p>\n<\/div>\n<div style=\"font-weight: bold\">Nivel m\u00e1ximo de presi\u00f3n sonora (pasiva).<\/div>\n<div>\n<p>142 dB (152 dB) (con pre atenuaci\u00f3n).<\/p>\n<\/div>\n<div style=\"font-weight: bold\">Equivalent noise level.<\/div>\n<div>\n<p>21 dB.<\/p>\n<\/div>\n<div style=\"font-weight: bold\">Phantom power.<\/div>\n<div>\n<p>48 V\/ 3.5 mA.<\/p>\n<\/div>\n<div style=\"font-weight: bold\">Connector<\/div>\n<div>\n<p>3-pin XLR.<\/p>\n<\/div>\n<div style=\"font-weight: bold\">Temperatura de funcionamiento.<\/div>\n<div>\n<p>0\u00b0C a +40\u00b0C.<\/p>\n<\/div>\n<div style=\"font-weight: bold\">Di\u00e1metro.<\/div>\n<div>\n<p>48 mm.<\/p>\n<\/div>\n<div style=\"font-weight: bold\">Profundidad total.<\/div>\n<div>\n<p>199 mm.<\/p>\n<\/div>\n<div style=\"font-weight: bold\">Weight.<\/div>\n<div>\n<p>396 g.<\/p>\n<\/div>\n<div style=\"font-weight: bold\">Accessories included.<\/div>\n<div>\n<p>Clamp de micr\u00f3fono: MZQ 800. Bolsa de transporte. Manual de instrucciones.<\/p>\n<\/div>\n<\/div>\n<\/div>","protected":false},"excerpt":{"rendered":"<p>Micr\u00f3fono direccional conmutable (cardiode y s\u00faper cardioide), interruptor low-cut que reduce el ruido ambiental y el viento, pre atenuaci\u00f3n conmutable (-10 dB) para vocalistas con voz muy potente, c\u00e1psula de montaje que rechaza de manera eficiente el manejo del ruido para un sonido de gran claridad, excelente protecci\u00f3n contra la humedad, respuesta de frecuencia de 40 &#8211; 20,000 Hz, incluye clamp de micr\u00f3fono (MZQ 800), bolsa y manual de usuario.&hellip; <a class=\"kt-excerpt-readmore more-link\" href=\"https:\/\/www.mexicanguitarplayers.com\/en\/tienda\/audio\/microfonia\/microfonos-alambricos\/de-mano\/microfono-sennheiser-vocal-mod-e965\/\">Read more<\/a><\/p>","protected":false},"featured_media":23863,"comment_status":"open","ping_status":"closed","template":"","meta":{"kt_blocks_editor_width":""},"pwb-brand":[176],"product_brand":[],"product_cat":[213,218,214,215],"product_tag":[],"class_list":{"0":"post-23864","1":"product","2":"type-product","3":"status-publish","4":"has-post-thumbnail","6":"pwb-brand-sennheiser","7":"product_cat-audio","8":"product_cat-de-mano","9":"product_cat-microfonia","10":"product_cat-microfonos-alambricos","11":"product_shipping_class-0-5-kg","13":"first","14":"outofstock","15":"taxable","16":"shipping-taxable","17":"purchasable","18":"product-type-simple"},"yoast_head":"<!-- This site is optimized with the Yoast SEO plugin v27.6 - https:\/\/yoast.com\/product\/yoast-seo-wordpress\/ -->\n<title>MICROFONO SENNHEISER VOCAL MOD. E965 - Mexican Guitar Players<\/title>\n<meta name=\"description\" content=\"Micr\u00f3fono direccional conmutable (cardiode y s\u00faper cardioide), interruptor low-cut que reduce el ruido ambiental y el viento, pre atenuaci\u00f3n conmutable (-10 dB) para vocalistas con voz muy potente, c\u00e1psula de montaje que rechaza de manera eficiente el manejo del ruido para un sonido de gran claridad, excelente protecci\u00f3n contra la humedad, respuesta de frecuencia de 40 - 20,000 Hz, incluye clamp de micr\u00f3fono (MZQ 800), bolsa y manual de usuario.\" \/>\n<meta name=\"robots\" content=\"index, follow, max-snippet:-1, max-image-preview:large, max-video-preview:-1\" \/>\n<link rel=\"canonical\" href=\"https:\/\/www.mexicanguitarplayers.com\/en\/tienda\/sin%20categor\u00eda\/microfono-sennheiser-vocal-mod-e965\/\" \/>\n<meta property=\"og:locale\" content=\"en_US\" \/>\n<meta property=\"og:type\" content=\"article\" \/>\n<meta property=\"og:title\" content=\"MICROFONO SENNHEISER VOCAL MOD. E965 - Mexican Guitar Players\" \/>\n<meta property=\"og:description\" content=\"Micr\u00f3fono direccional conmutable (cardiode y s\u00faper cardioide), interruptor low-cut que reduce el ruido ambiental y el viento, pre atenuaci\u00f3n conmutable (-10 dB) para vocalistas con voz muy potente, c\u00e1psula de montaje que rechaza de manera eficiente el manejo del ruido para un sonido de gran claridad, excelente protecci\u00f3n contra la humedad, respuesta de frecuencia de 40 - 20,000 Hz, incluye clamp de micr\u00f3fono (MZQ 800), bolsa y manual de usuario.\" \/>\n<meta property=\"og:url\" content=\"https:\/\/www.mexicanguitarplayers.com\/en\/tienda\/sin categor\u00eda\/microfono-sennheiser-vocal-mod-e965\/\" \/>\n<meta property=\"og:site_name\" content=\"Mexican Guitar Players\" \/>\n<meta property=\"article:modified_time\" content=\"2026-04-15T10:22:41+00:00\" \/>\n<meta name=\"twitter:card\" content=\"summary_large_image\" \/>\n<meta name=\"twitter:label1\" content=\"Est. reading time\" \/>\n\t<meta name=\"twitter:data1\" content=\"1 minute\" \/>\n<script type=\"application\/ld+json\" class=\"yoast-schema-graph\">{\"@context\":\"https:\\\/\\\/schema.org\",\"@graph\":[{\"@type\":[\"WebPage\",\"ItemPage\"],\"@id\":\"https:\\\/\\\/www.mexicanguitarplayers.com\\\/tienda\\\/sin categor\u00eda\\\/microfono-sennheiser-vocal-mod-e965\\\/\",\"url\":\"https:\\\/\\\/www.mexicanguitarplayers.com\\\/tienda\\\/sin categor\u00eda\\\/microfono-sennheiser-vocal-mod-e965\\\/\",\"name\":\"MICROFONO SENNHEISER VOCAL MOD. E965 - Mexican Guitar Players\",\"isPartOf\":{\"@id\":\"https:\\\/\\\/www.mexicanguitarplayers.com\\\/#website\"},\"primaryImageOfPage\":{\"@id\":\"https:\\\/\\\/www.mexicanguitarplayers.com\\\/tienda\\\/sin categor\u00eda\\\/microfono-sennheiser-vocal-mod-e965\\\/#primaryimage\"},\"image\":{\"@id\":\"https:\\\/\\\/www.mexicanguitarplayers.com\\\/tienda\\\/sin categor\u00eda\\\/microfono-sennheiser-vocal-mod-e965\\\/#primaryimage\"},\"thumbnailUrl\":\"https:\\\/\\\/www.mexicanguitarplayers.com\\\/wp-content\\\/uploads\\\/2025\\\/04\\\/IASENE965.jpg\",\"datePublished\":\"2025-04-06T19:29:51+00:00\",\"dateModified\":\"2026-04-15T10:22:41+00:00\",\"description\":\"Micr\u00f3fono direccional conmutable (cardiode y s\u00faper cardioide), interruptor low-cut que reduce el ruido ambiental y el viento, pre atenuaci\u00f3n conmutable (-10 dB) para vocalistas con voz muy potente, c\u00e1psula de montaje que rechaza de manera eficiente el manejo del ruido para un sonido de gran claridad, excelente protecci\u00f3n contra la humedad, respuesta de frecuencia de 40 - 20,000 Hz, incluye clamp de micr\u00f3fono (MZQ 800), bolsa y manual de usuario.\",\"breadcrumb\":{\"@id\":\"https:\\\/\\\/www.mexicanguitarplayers.com\\\/tienda\\\/sin categor\u00eda\\\/microfono-sennheiser-vocal-mod-e965\\\/#breadcrumb\"},\"inLanguage\":\"en-US\",\"potentialAction\":[{\"@type\":\"ReadAction\",\"target\":[\"https:\\\/\\\/www.mexicanguitarplayers.com\\\/tienda\\\/sin categor\u00eda\\\/microfono-sennheiser-vocal-mod-e965\\\/\"]}]},{\"@type\":\"ImageObject\",\"inLanguage\":\"en-US\",\"@id\":\"https:\\\/\\\/www.mexicanguitarplayers.com\\\/tienda\\\/sin categor\u00eda\\\/microfono-sennheiser-vocal-mod-e965\\\/#primaryimage\",\"url\":\"https:\\\/\\\/www.mexicanguitarplayers.com\\\/wp-content\\\/uploads\\\/2025\\\/04\\\/IASENE965.jpg\",\"contentUrl\":\"https:\\\/\\\/www.mexicanguitarplayers.com\\\/wp-content\\\/uploads\\\/2025\\\/04\\\/IASENE965.jpg\",\"width\":800,\"height\":1600},{\"@type\":\"BreadcrumbList\",\"@id\":\"https:\\\/\\\/www.mexicanguitarplayers.com\\\/tienda\\\/sin categor\u00eda\\\/microfono-sennheiser-vocal-mod-e965\\\/#breadcrumb\",\"itemListElement\":[{\"@type\":\"ListItem\",\"position\":1,\"name\":\"Portada\",\"item\":\"https:\\\/\\\/www.mexicanguitarplayers.com\\\/\"},{\"@type\":\"ListItem\",\"position\":2,\"name\":\"Tienda\",\"item\":\"https:\\\/\\\/www.mexicanguitarplayers.com\\\/tienda\\\/\"},{\"@type\":\"ListItem\",\"position\":3,\"name\":\"MICROFONO SENNHEISER VOCAL MOD. E965\"}]},{\"@type\":\"WebSite\",\"@id\":\"https:\\\/\\\/www.mexicanguitarplayers.com\\\/#website\",\"url\":\"https:\\\/\\\/www.mexicanguitarplayers.com\\\/\",\"name\":\"Mexican Guitar Players\",\"description\":\"Website\",\"publisher\":{\"@id\":\"https:\\\/\\\/www.mexicanguitarplayers.com\\\/#organization\"},\"potentialAction\":[{\"@type\":\"SearchAction\",\"target\":{\"@type\":\"EntryPoint\",\"urlTemplate\":\"https:\\\/\\\/www.mexicanguitarplayers.com\\\/?s={search_term_string}\"},\"query-input\":{\"@type\":\"PropertyValueSpecification\",\"valueRequired\":true,\"valueName\":\"search_term_string\"}}],\"inLanguage\":\"en-US\"},{\"@type\":\"Organization\",\"@id\":\"https:\\\/\\\/www.mexicanguitarplayers.com\\\/#organization\",\"name\":\"Mexican Guitar Players\",\"url\":\"https:\\\/\\\/www.mexicanguitarplayers.com\\\/\",\"logo\":{\"@type\":\"ImageObject\",\"inLanguage\":\"en-US\",\"@id\":\"https:\\\/\\\/www.mexicanguitarplayers.com\\\/#\\\/schema\\\/logo\\\/image\\\/\",\"url\":\"\",\"contentUrl\":\"\",\"caption\":\"Mexican Guitar Players\"},\"image\":{\"@id\":\"https:\\\/\\\/www.mexicanguitarplayers.com\\\/#\\\/schema\\\/logo\\\/image\\\/\"}}]}<\/script>\n<!-- \/ Yoast SEO plugin. -->","yoast_head_json":{"title":"MICROFONO SENNHEISER VOCAL MOD. E965 - Mexican Guitar Players","description":"Micr\u00f3fono direccional conmutable (cardiode y s\u00faper cardioide), interruptor low-cut que reduce el ruido ambiental y el viento, pre atenuaci\u00f3n conmutable (-10 dB) para vocalistas con voz muy potente, c\u00e1psula de montaje que rechaza de manera eficiente el manejo del ruido para un sonido de gran claridad, excelente protecci\u00f3n contra la humedad, respuesta de frecuencia de 40 - 20,000 Hz, incluye clamp de micr\u00f3fono (MZQ 800), bolsa y manual de usuario.","robots":{"index":"index","follow":"follow","max-snippet":"max-snippet:-1","max-image-preview":"max-image-preview:large","max-video-preview":"max-video-preview:-1"},"canonical":"https:\/\/www.mexicanguitarplayers.com\/en\/tienda\/sin categor\u00eda\/microfono-sennheiser-vocal-mod-e965\/","og_locale":"en_US","og_type":"article","og_title":"MICROFONO SENNHEISER VOCAL MOD. E965 - Mexican Guitar Players","og_description":"Micr\u00f3fono direccional conmutable (cardiode y s\u00faper cardioide), interruptor low-cut que reduce el ruido ambiental y el viento, pre atenuaci\u00f3n conmutable (-10 dB) para vocalistas con voz muy potente, c\u00e1psula de montaje que rechaza de manera eficiente el manejo del ruido para un sonido de gran claridad, excelente protecci\u00f3n contra la humedad, respuesta de frecuencia de 40 - 20,000 Hz, incluye clamp de micr\u00f3fono (MZQ 800), bolsa y manual de usuario.","og_url":"https:\/\/www.mexicanguitarplayers.com\/en\/tienda\/sin categor\u00eda\/microfono-sennheiser-vocal-mod-e965\/","og_site_name":"Mexican Guitar Players","article_modified_time":"2026-04-15T10:22:41+00:00","twitter_card":"summary_large_image","twitter_misc":{"Est. reading time":"1 minute"},"schema":{"@context":"https:\/\/schema.org","@graph":[{"@type":["WebPage","ItemPage"],"@id":"https:\/\/www.mexicanguitarplayers.com\/tienda\/sin categor\u00eda\/microfono-sennheiser-vocal-mod-e965\/","url":"https:\/\/www.mexicanguitarplayers.com\/tienda\/sin categor\u00eda\/microfono-sennheiser-vocal-mod-e965\/","name":"MICROFONO SENNHEISER VOCAL MOD. E965 - Mexican Guitar Players","isPartOf":{"@id":"https:\/\/www.mexicanguitarplayers.com\/#website"},"primaryImageOfPage":{"@id":"https:\/\/www.mexicanguitarplayers.com\/tienda\/sin categor\u00eda\/microfono-sennheiser-vocal-mod-e965\/#primaryimage"},"image":{"@id":"https:\/\/www.mexicanguitarplayers.com\/tienda\/sin categor\u00eda\/microfono-sennheiser-vocal-mod-e965\/#primaryimage"},"thumbnailUrl":"https:\/\/www.mexicanguitarplayers.com\/wp-content\/uploads\/2025\/04\/IASENE965.jpg","datePublished":"2025-04-06T19:29:51+00:00","dateModified":"2026-04-15T10:22:41+00:00","description":"Micr\u00f3fono direccional conmutable (cardiode y s\u00faper cardioide), interruptor low-cut que reduce el ruido ambiental y el viento, pre atenuaci\u00f3n conmutable (-10 dB) para vocalistas con voz muy potente, c\u00e1psula de montaje que rechaza de manera eficiente el manejo del ruido para un sonido de gran claridad, excelente protecci\u00f3n contra la humedad, respuesta de frecuencia de 40 - 20,000 Hz, incluye clamp de micr\u00f3fono (MZQ 800), bolsa y manual de usuario.","breadcrumb":{"@id":"https:\/\/www.mexicanguitarplayers.com\/tienda\/sin categor\u00eda\/microfono-sennheiser-vocal-mod-e965\/#breadcrumb"},"inLanguage":"en-US","potentialAction":[{"@type":"ReadAction","target":["https:\/\/www.mexicanguitarplayers.com\/tienda\/sin categor\u00eda\/microfono-sennheiser-vocal-mod-e965\/"]}]},{"@type":"ImageObject","inLanguage":"en-US","@id":"https:\/\/www.mexicanguitarplayers.com\/tienda\/sin categor\u00eda\/microfono-sennheiser-vocal-mod-e965\/#primaryimage","url":"https:\/\/www.mexicanguitarplayers.com\/wp-content\/uploads\/2025\/04\/IASENE965.jpg","contentUrl":"https:\/\/www.mexicanguitarplayers.com\/wp-content\/uploads\/2025\/04\/IASENE965.jpg","width":800,"height":1600},{"@type":"BreadcrumbList","@id":"https:\/\/www.mexicanguitarplayers.com\/tienda\/sin categor\u00eda\/microfono-sennheiser-vocal-mod-e965\/#breadcrumb","itemListElement":[{"@type":"ListItem","position":1,"name":"Portada","item":"https:\/\/www.mexicanguitarplayers.com\/"},{"@type":"ListItem","position":2,"name":"Tienda","item":"https:\/\/www.mexicanguitarplayers.com\/tienda\/"},{"@type":"ListItem","position":3,"name":"MICROFONO SENNHEISER VOCAL MOD. E965"}]},{"@type":"WebSite","@id":"https:\/\/www.mexicanguitarplayers.com\/#website","url":"https:\/\/www.mexicanguitarplayers.com\/","name":"Mexican Guitar Players","description":"Website","publisher":{"@id":"https:\/\/www.mexicanguitarplayers.com\/#organization"},"potentialAction":[{"@type":"SearchAction","target":{"@type":"EntryPoint","urlTemplate":"https:\/\/www.mexicanguitarplayers.com\/?s={search_term_string}"},"query-input":{"@type":"PropertyValueSpecification","valueRequired":true,"valueName":"search_term_string"}}],"inLanguage":"en-US"},{"@type":"Organization","@id":"https:\/\/www.mexicanguitarplayers.com\/#organization","name":"Mexican Guitar Players","url":"https:\/\/www.mexicanguitarplayers.com\/","logo":{"@type":"ImageObject","inLanguage":"en-US","@id":"https:\/\/www.mexicanguitarplayers.com\/#\/schema\/logo\/image\/","url":"","contentUrl":"","caption":"Mexican Guitar Players"},"image":{"@id":"https:\/\/www.mexicanguitarplayers.com\/#\/schema\/logo\/image\/"}}]}},"brands":[{"id":176,"name":"SENNHEISER","slug":"sennheiser"}],"_links":{"self":[{"href":"https:\/\/www.mexicanguitarplayers.com\/en\/wp-json\/wp\/v2\/product\/23864","targetHints":{"allow":["GET"]}}],"collection":[{"href":"https:\/\/www.mexicanguitarplayers.com\/en\/wp-json\/wp\/v2\/product"}],"about":[{"href":"https:\/\/www.mexicanguitarplayers.com\/en\/wp-json\/wp\/v2\/types\/product"}],"replies":[{"embeddable":true,"href":"https:\/\/www.mexicanguitarplayers.com\/en\/wp-json\/wp\/v2\/comments?post=23864"}],"wp:featuredmedia":[{"embeddable":true,"href":"https:\/\/www.mexicanguitarplayers.com\/en\/wp-json\/wp\/v2\/media\/23863"}],"wp:attachment":[{"href":"https:\/\/www.mexicanguitarplayers.com\/en\/wp-json\/wp\/v2\/media?parent=23864"}],"wp:term":[{"taxonomy":"pwb-brand","embeddable":true,"href":"https:\/\/www.mexicanguitarplayers.com\/en\/wp-json\/wp\/v2\/pwb-brand?post=23864"},{"taxonomy":"product_brand","embeddable":true,"href":"https:\/\/www.mexicanguitarplayers.com\/en\/wp-json\/wp\/v2\/product_brand?post=23864"},{"taxonomy":"product_cat","embeddable":true,"href":"https:\/\/www.mexicanguitarplayers.com\/en\/wp-json\/wp\/v2\/product_cat?post=23864"},{"taxonomy":"product_tag","embeddable":true,"href":"https:\/\/www.mexicanguitarplayers.com\/en\/wp-json\/wp\/v2\/product_tag?post=23864"}],"curies":[{"name":"wp","href":"https:\/\/api.w.org\/{rel}","templated":true}]}}