{"id":23867,"date":"2025-04-06T13:29:58","date_gmt":"2025-04-06T19:29:58","guid":{"rendered":"https:\/\/www.mexicanguitarplayers.com\/tienda\/sin categor\u00eda\/bafle-proel-plafon-mod-xe65ct\/"},"modified":"2026-05-01T07:30:31","modified_gmt":"2026-05-01T13:30:31","slug":"bafle-proel-plafon-mod-xe65ct","status":"publish","type":"product","link":"https:\/\/www.mexicanguitarplayers.com\/en\/tienda\/audio\/bafles-y-bocinas\/bafles\/instalacion\/bafle-proel-plafon-mod-xe65ct\/","title":{"rendered":"BAFLE PROEL PLAFON  MOD. XE65CT"},"content":{"rendered":"<div style=\"text-align: justify\">\n<div>\n<h3>La mejor tecnolog\u00eda italiana en tus manos.<\/h3>\n<\/div>\n<div>XEOS es una nueva serie de altavoces econ\u00f3micos para instalaci\u00f3n que incluye tambi\u00e9n los modelos de montaje en pared y en techo. Cuenta con un panel frontal de nuevo dise\u00f1o con una rejilla de protecci\u00f3n completa y un discreto y elegante logotipo PROEL en aluminio. Filtros crossover mejorados que ofrecen una respuesta de frecuencia suave y definida. Todos los modelos incluyen transformador de l\u00ednea y selector de potencia.<\/div>\n<div>\n<h4>Quick look<\/h4>\n<\/div>\n<ul style=\"margin: 0px 0px 0px 25px\">\n<li style=\"list-style-type: circle;margin: 5px\">Tipo de sistema.<\/li>\n<li style=\"list-style-type: circle;margin: 5px\">Power.<\/li>\n<li style=\"list-style-type: circle;margin: 5px\">Frequency response.<\/li>\n<li style=\"list-style-type: circle;margin: 5px\">Sensitivity.<\/li>\n<li style=\"list-style-type: circle;margin: 5px\">Dispositivo de ata frecuencia.<\/li>\n<li style=\"list-style-type: circle;margin: 5px\">Dispositivo de baja frecuencia.<\/li>\n<li style=\"list-style-type: circle;margin: 5px\">Selector de voltaje constante.<\/li>\n<li style=\"list-style-type: circle;margin: 5px\">Selector de potencia del transformador.<\/li>\n<li style=\"list-style-type: circle;margin: 5px\">Construcci\u00f3n.<\/li>\n<li style=\"list-style-type: circle;margin: 5px\">Color del gabinete.<\/li>\n<li style=\"list-style-type: circle;margin: 5px\">Agujero de montaje.<\/li>\n<li style=\"list-style-type: circle;margin: 5px\">Dimensions.<\/li>\n<li style=\"list-style-type: circle;margin: 5px\">Weight.<\/li>\n<\/ul>\n<div>\n<div style=\"font-weight: bold\">Tipo de sistema.<\/div>\n<div>\n<p>Gabinete coaxial de dos v\u00edas.<\/p>\n<\/div>\n<div style=\"font-weight: bold\">Power.<\/div>\n<div>\n<p>Continua: 20 watts. Pico: 40 watts.<\/p>\n<\/div>\n<div style=\"font-weight: bold\">Frequency response.<\/div>\n<div>\n<p>70 Hz &#8211; 20 kHz.<\/p>\n<\/div>\n<div style=\"font-weight: bold\">Sensitivity.<\/div>\n<div>\n<p>87 dB @ 1W\/1m.<\/p>\n<\/div>\n<div style=\"font-weight: bold\">Dispositivo de ata frecuencia.<\/div>\n<div>\n<p>Woofer de 6.5&#8243; pulgadas de rango completo.<\/p>\n<\/div>\n<div style=\"font-weight: bold\">Dispositivo de baja frecuencia.<\/div>\n<div>\n<p>Tweeter coaxial de 1&#8243; pulgada.<\/p>\n<\/div>\n<div style=\"font-weight: bold\">Selector de voltaje constante.<\/div>\n<div>\n<p>100 V.<\/p>\n<\/div>\n<div style=\"font-weight: bold\">Selector de potencia del transformador.<\/div>\n<div>\n<p>2\/5\/10\/20 W.<\/p>\n<\/div>\n<div style=\"font-weight: bold\">Construcci\u00f3n.<\/div>\n<div>\n<p>Inyecci\u00f3n de polipropileno reforzado de alta densidad.<\/p>\n<\/div>\n<div style=\"font-weight: bold\">Color del gabinete.<\/div>\n<div>\n<p>Blanco.<\/p>\n<\/div>\n<div style=\"font-weight: bold\">Agujero de montaje.<\/div>\n<div>\n<p>\u00d8 179 mm.<\/p>\n<\/div>\n<div style=\"font-weight: bold\">Dimensions.<\/div>\n<div>\n<p>204 mm &#8211; 85 mm<\/p>\n<\/div>\n<div style=\"font-weight: bold\">Weight.<\/div>\n<div>\n<p>1.2 kg.<\/p>\n<\/div>\n<\/div>\n<div>\n<h4>Characteristics<\/h4>\n<\/div>\n<div>\n<ul style=\"margin: 0px 0px 0px 25px\">\n<li style=\"list-style-type: circle;margin: 5px\">Para montaje en plaf\u00f3n.<\/li>\n<li style=\"list-style-type: circle;margin: 5px\">Recinto en ABS.<\/li>\n<\/ul>\n<\/div>\n<\/div>","protected":false},"excerpt":{"rendered":"<p>Bafle pasivo para plaf\u00f3n, gabinete coaxial de 2 v\u00edas, woofer de 6.5\u201d pulgadas y tweeter coaxial de 1\u201d pulgada, transformador de l\u00ednea 100V, selector 2\/5\/10\/20 watts, gabinete coaxial de dos v\u00edas, potencia continua: 20 watts, pico: 40 watts, respuesta de frecuencia: 70 Hz &#8211; 20 kHz, sensibilidad: 87 dB, construido con inyecci\u00f3n de polipropileno reforzado de alta densidad, dimensiones: 204 mm &#8211; 85 mm, peso: 1.2 kg.&hellip; <a class=\"kt-excerpt-readmore more-link\" href=\"https:\/\/www.mexicanguitarplayers.com\/en\/tienda\/audio\/bafles-y-bocinas\/bafles\/instalacion\/bafle-proel-plafon-mod-xe65ct\/\">Read more<\/a><\/p>","protected":false},"featured_media":23865,"comment_status":"open","ping_status":"closed","template":"","meta":{"kt_blocks_editor_width":""},"pwb-brand":[252],"product_brand":[],"product_cat":[213,222,221,243],"product_tag":[],"class_list":{"0":"post-23867","1":"product","2":"type-product","3":"status-publish","4":"has-post-thumbnail","6":"pwb-brand-proel","7":"product_cat-audio","8":"product_cat-bafles","9":"product_cat-bafles-y-bocinas","10":"product_cat-instalacion","11":"product_shipping_class-0-5-kg","13":"first","14":"instock","15":"taxable","16":"shipping-taxable","17":"purchasable","18":"product-type-simple"},"yoast_head":"<!-- This site is optimized with the Yoast SEO plugin v27.5 - https:\/\/yoast.com\/product\/yoast-seo-wordpress\/ -->\n<title>BAFLE PROEL PLAFON MOD. XE65CT - Mexican Guitar Players<\/title>\n<meta name=\"description\" content=\"Bafle pasivo para plaf\u00f3n, gabinete coaxial de 2 v\u00edas, woofer de 6.5\u201d pulgadas y tweeter coaxial de 1\u201d pulgada, transformador de l\u00ednea 100V, selector 2\/5\/10\/20 watts, gabinete coaxial de dos v\u00edas, potencia continua: 20 watts, pico: 40 watts, respuesta de frecuencia: 70 Hz - 20 kHz, sensibilidad: 87 dB, construido con inyecci\u00f3n de polipropileno reforzado de alta densidad, dimensiones: 204 mm - 85 mm, peso: 1.2 kg.\" \/>\n<meta name=\"robots\" content=\"index, follow, max-snippet:-1, max-image-preview:large, max-video-preview:-1\" \/>\n<link rel=\"canonical\" href=\"https:\/\/www.mexicanguitarplayers.com\/en\/tienda\/sin%20categor\u00eda\/bafle-proel-plafon-mod-xe65ct\/\" \/>\n<meta property=\"og:locale\" content=\"en_US\" \/>\n<meta property=\"og:type\" content=\"article\" \/>\n<meta property=\"og:title\" content=\"BAFLE PROEL PLAFON MOD. XE65CT - Mexican Guitar Players\" \/>\n<meta property=\"og:description\" content=\"Bafle pasivo para plaf\u00f3n, gabinete coaxial de 2 v\u00edas, woofer de 6.5\u201d pulgadas y tweeter coaxial de 1\u201d pulgada, transformador de l\u00ednea 100V, selector 2\/5\/10\/20 watts, gabinete coaxial de dos v\u00edas, potencia continua: 20 watts, pico: 40 watts, respuesta de frecuencia: 70 Hz - 20 kHz, sensibilidad: 87 dB, construido con inyecci\u00f3n de polipropileno reforzado de alta densidad, dimensiones: 204 mm - 85 mm, peso: 1.2 kg.\" \/>\n<meta property=\"og:url\" content=\"https:\/\/www.mexicanguitarplayers.com\/en\/tienda\/sin categor\u00eda\/bafle-proel-plafon-mod-xe65ct\/\" \/>\n<meta property=\"og:site_name\" content=\"Mexican Guitar Players\" \/>\n<meta property=\"article:modified_time\" content=\"2026-05-01T13:30:31+00:00\" \/>\n<meta name=\"twitter:card\" content=\"summary_large_image\" \/>\n<meta name=\"twitter:label1\" content=\"Est. reading time\" \/>\n\t<meta name=\"twitter:data1\" content=\"1 minute\" \/>\n<script type=\"application\/ld+json\" class=\"yoast-schema-graph\">{\"@context\":\"https:\\\/\\\/schema.org\",\"@graph\":[{\"@type\":[\"WebPage\",\"ItemPage\"],\"@id\":\"https:\\\/\\\/www.mexicanguitarplayers.com\\\/tienda\\\/sin categor\u00eda\\\/bafle-proel-plafon-mod-xe65ct\\\/\",\"url\":\"https:\\\/\\\/www.mexicanguitarplayers.com\\\/tienda\\\/sin categor\u00eda\\\/bafle-proel-plafon-mod-xe65ct\\\/\",\"name\":\"BAFLE PROEL PLAFON MOD. XE65CT - Mexican Guitar Players\",\"isPartOf\":{\"@id\":\"https:\\\/\\\/www.mexicanguitarplayers.com\\\/#website\"},\"primaryImageOfPage\":{\"@id\":\"https:\\\/\\\/www.mexicanguitarplayers.com\\\/tienda\\\/sin categor\u00eda\\\/bafle-proel-plafon-mod-xe65ct\\\/#primaryimage\"},\"image\":{\"@id\":\"https:\\\/\\\/www.mexicanguitarplayers.com\\\/tienda\\\/sin categor\u00eda\\\/bafle-proel-plafon-mod-xe65ct\\\/#primaryimage\"},\"thumbnailUrl\":\"https:\\\/\\\/www.mexicanguitarplayers.com\\\/wp-content\\\/uploads\\\/2025\\\/04\\\/IAPREXE65CT.jpg\",\"datePublished\":\"2025-04-06T19:29:58+00:00\",\"dateModified\":\"2026-05-01T13:30:31+00:00\",\"description\":\"Bafle pasivo para plaf\u00f3n, gabinete coaxial de 2 v\u00edas, woofer de 6.5\u201d pulgadas y tweeter coaxial de 1\u201d pulgada, transformador de l\u00ednea 100V, selector 2\\\/5\\\/10\\\/20 watts, gabinete coaxial de dos v\u00edas, potencia continua: 20 watts, pico: 40 watts, respuesta de frecuencia: 70 Hz - 20 kHz, sensibilidad: 87 dB, construido con inyecci\u00f3n de polipropileno reforzado de alta densidad, dimensiones: 204 mm - 85 mm, peso: 1.2 kg.\",\"breadcrumb\":{\"@id\":\"https:\\\/\\\/www.mexicanguitarplayers.com\\\/tienda\\\/sin categor\u00eda\\\/bafle-proel-plafon-mod-xe65ct\\\/#breadcrumb\"},\"inLanguage\":\"en-US\",\"potentialAction\":[{\"@type\":\"ReadAction\",\"target\":[\"https:\\\/\\\/www.mexicanguitarplayers.com\\\/tienda\\\/sin categor\u00eda\\\/bafle-proel-plafon-mod-xe65ct\\\/\"]}]},{\"@type\":\"ImageObject\",\"inLanguage\":\"en-US\",\"@id\":\"https:\\\/\\\/www.mexicanguitarplayers.com\\\/tienda\\\/sin categor\u00eda\\\/bafle-proel-plafon-mod-xe65ct\\\/#primaryimage\",\"url\":\"https:\\\/\\\/www.mexicanguitarplayers.com\\\/wp-content\\\/uploads\\\/2025\\\/04\\\/IAPREXE65CT.jpg\",\"contentUrl\":\"https:\\\/\\\/www.mexicanguitarplayers.com\\\/wp-content\\\/uploads\\\/2025\\\/04\\\/IAPREXE65CT.jpg\",\"width\":1200,\"height\":1200},{\"@type\":\"BreadcrumbList\",\"@id\":\"https:\\\/\\\/www.mexicanguitarplayers.com\\\/tienda\\\/sin categor\u00eda\\\/bafle-proel-plafon-mod-xe65ct\\\/#breadcrumb\",\"itemListElement\":[{\"@type\":\"ListItem\",\"position\":1,\"name\":\"Portada\",\"item\":\"https:\\\/\\\/www.mexicanguitarplayers.com\\\/\"},{\"@type\":\"ListItem\",\"position\":2,\"name\":\"Tienda\",\"item\":\"https:\\\/\\\/www.mexicanguitarplayers.com\\\/tienda\\\/\"},{\"@type\":\"ListItem\",\"position\":3,\"name\":\"BAFLE PROEL PLAFON MOD. XE65CT\"}]},{\"@type\":\"WebSite\",\"@id\":\"https:\\\/\\\/www.mexicanguitarplayers.com\\\/#website\",\"url\":\"https:\\\/\\\/www.mexicanguitarplayers.com\\\/\",\"name\":\"Mexican Guitar Players\",\"description\":\"Website\",\"publisher\":{\"@id\":\"https:\\\/\\\/www.mexicanguitarplayers.com\\\/#organization\"},\"potentialAction\":[{\"@type\":\"SearchAction\",\"target\":{\"@type\":\"EntryPoint\",\"urlTemplate\":\"https:\\\/\\\/www.mexicanguitarplayers.com\\\/?s={search_term_string}\"},\"query-input\":{\"@type\":\"PropertyValueSpecification\",\"valueRequired\":true,\"valueName\":\"search_term_string\"}}],\"inLanguage\":\"en-US\"},{\"@type\":\"Organization\",\"@id\":\"https:\\\/\\\/www.mexicanguitarplayers.com\\\/#organization\",\"name\":\"Mexican Guitar Players\",\"url\":\"https:\\\/\\\/www.mexicanguitarplayers.com\\\/\",\"logo\":{\"@type\":\"ImageObject\",\"inLanguage\":\"en-US\",\"@id\":\"https:\\\/\\\/www.mexicanguitarplayers.com\\\/#\\\/schema\\\/logo\\\/image\\\/\",\"url\":\"\",\"contentUrl\":\"\",\"caption\":\"Mexican Guitar Players\"},\"image\":{\"@id\":\"https:\\\/\\\/www.mexicanguitarplayers.com\\\/#\\\/schema\\\/logo\\\/image\\\/\"}}]}<\/script>\n<!-- \/ Yoast SEO plugin. -->","yoast_head_json":{"title":"BAFLE PROEL PLAFON MOD. XE65CT - Mexican Guitar Players","description":"Bafle pasivo para plaf\u00f3n, gabinete coaxial de 2 v\u00edas, woofer de 6.5\u201d pulgadas y tweeter coaxial de 1\u201d pulgada, transformador de l\u00ednea 100V, selector 2\/5\/10\/20 watts, gabinete coaxial de dos v\u00edas, potencia continua: 20 watts, pico: 40 watts, respuesta de frecuencia: 70 Hz - 20 kHz, sensibilidad: 87 dB, construido con inyecci\u00f3n de polipropileno reforzado de alta densidad, dimensiones: 204 mm - 85 mm, peso: 1.2 kg.","robots":{"index":"index","follow":"follow","max-snippet":"max-snippet:-1","max-image-preview":"max-image-preview:large","max-video-preview":"max-video-preview:-1"},"canonical":"https:\/\/www.mexicanguitarplayers.com\/en\/tienda\/sin categor\u00eda\/bafle-proel-plafon-mod-xe65ct\/","og_locale":"en_US","og_type":"article","og_title":"BAFLE PROEL PLAFON MOD. XE65CT - Mexican Guitar Players","og_description":"Bafle pasivo para plaf\u00f3n, gabinete coaxial de 2 v\u00edas, woofer de 6.5\u201d pulgadas y tweeter coaxial de 1\u201d pulgada, transformador de l\u00ednea 100V, selector 2\/5\/10\/20 watts, gabinete coaxial de dos v\u00edas, potencia continua: 20 watts, pico: 40 watts, respuesta de frecuencia: 70 Hz - 20 kHz, sensibilidad: 87 dB, construido con inyecci\u00f3n de polipropileno reforzado de alta densidad, dimensiones: 204 mm - 85 mm, peso: 1.2 kg.","og_url":"https:\/\/www.mexicanguitarplayers.com\/en\/tienda\/sin categor\u00eda\/bafle-proel-plafon-mod-xe65ct\/","og_site_name":"Mexican Guitar Players","article_modified_time":"2026-05-01T13:30:31+00:00","twitter_card":"summary_large_image","twitter_misc":{"Est. reading time":"1 minute"},"schema":{"@context":"https:\/\/schema.org","@graph":[{"@type":["WebPage","ItemPage"],"@id":"https:\/\/www.mexicanguitarplayers.com\/tienda\/sin categor\u00eda\/bafle-proel-plafon-mod-xe65ct\/","url":"https:\/\/www.mexicanguitarplayers.com\/tienda\/sin categor\u00eda\/bafle-proel-plafon-mod-xe65ct\/","name":"BAFLE PROEL PLAFON MOD. XE65CT - Mexican Guitar Players","isPartOf":{"@id":"https:\/\/www.mexicanguitarplayers.com\/#website"},"primaryImageOfPage":{"@id":"https:\/\/www.mexicanguitarplayers.com\/tienda\/sin categor\u00eda\/bafle-proel-plafon-mod-xe65ct\/#primaryimage"},"image":{"@id":"https:\/\/www.mexicanguitarplayers.com\/tienda\/sin categor\u00eda\/bafle-proel-plafon-mod-xe65ct\/#primaryimage"},"thumbnailUrl":"https:\/\/www.mexicanguitarplayers.com\/wp-content\/uploads\/2025\/04\/IAPREXE65CT.jpg","datePublished":"2025-04-06T19:29:58+00:00","dateModified":"2026-05-01T13:30:31+00:00","description":"Bafle pasivo para plaf\u00f3n, gabinete coaxial de 2 v\u00edas, woofer de 6.5\u201d pulgadas y tweeter coaxial de 1\u201d pulgada, transformador de l\u00ednea 100V, selector 2\/5\/10\/20 watts, gabinete coaxial de dos v\u00edas, potencia continua: 20 watts, pico: 40 watts, respuesta de frecuencia: 70 Hz - 20 kHz, sensibilidad: 87 dB, construido con inyecci\u00f3n de polipropileno reforzado de alta densidad, dimensiones: 204 mm - 85 mm, peso: 1.2 kg.","breadcrumb":{"@id":"https:\/\/www.mexicanguitarplayers.com\/tienda\/sin categor\u00eda\/bafle-proel-plafon-mod-xe65ct\/#breadcrumb"},"inLanguage":"en-US","potentialAction":[{"@type":"ReadAction","target":["https:\/\/www.mexicanguitarplayers.com\/tienda\/sin categor\u00eda\/bafle-proel-plafon-mod-xe65ct\/"]}]},{"@type":"ImageObject","inLanguage":"en-US","@id":"https:\/\/www.mexicanguitarplayers.com\/tienda\/sin categor\u00eda\/bafle-proel-plafon-mod-xe65ct\/#primaryimage","url":"https:\/\/www.mexicanguitarplayers.com\/wp-content\/uploads\/2025\/04\/IAPREXE65CT.jpg","contentUrl":"https:\/\/www.mexicanguitarplayers.com\/wp-content\/uploads\/2025\/04\/IAPREXE65CT.jpg","width":1200,"height":1200},{"@type":"BreadcrumbList","@id":"https:\/\/www.mexicanguitarplayers.com\/tienda\/sin categor\u00eda\/bafle-proel-plafon-mod-xe65ct\/#breadcrumb","itemListElement":[{"@type":"ListItem","position":1,"name":"Portada","item":"https:\/\/www.mexicanguitarplayers.com\/"},{"@type":"ListItem","position":2,"name":"Tienda","item":"https:\/\/www.mexicanguitarplayers.com\/tienda\/"},{"@type":"ListItem","position":3,"name":"BAFLE PROEL PLAFON MOD. XE65CT"}]},{"@type":"WebSite","@id":"https:\/\/www.mexicanguitarplayers.com\/#website","url":"https:\/\/www.mexicanguitarplayers.com\/","name":"Mexican Guitar Players","description":"Website","publisher":{"@id":"https:\/\/www.mexicanguitarplayers.com\/#organization"},"potentialAction":[{"@type":"SearchAction","target":{"@type":"EntryPoint","urlTemplate":"https:\/\/www.mexicanguitarplayers.com\/?s={search_term_string}"},"query-input":{"@type":"PropertyValueSpecification","valueRequired":true,"valueName":"search_term_string"}}],"inLanguage":"en-US"},{"@type":"Organization","@id":"https:\/\/www.mexicanguitarplayers.com\/#organization","name":"Mexican Guitar Players","url":"https:\/\/www.mexicanguitarplayers.com\/","logo":{"@type":"ImageObject","inLanguage":"en-US","@id":"https:\/\/www.mexicanguitarplayers.com\/#\/schema\/logo\/image\/","url":"","contentUrl":"","caption":"Mexican Guitar Players"},"image":{"@id":"https:\/\/www.mexicanguitarplayers.com\/#\/schema\/logo\/image\/"}}]}},"brands":[{"id":252,"name":"PROEL","slug":"proel"}],"_links":{"self":[{"href":"https:\/\/www.mexicanguitarplayers.com\/en\/wp-json\/wp\/v2\/product\/23867","targetHints":{"allow":["GET"]}}],"collection":[{"href":"https:\/\/www.mexicanguitarplayers.com\/en\/wp-json\/wp\/v2\/product"}],"about":[{"href":"https:\/\/www.mexicanguitarplayers.com\/en\/wp-json\/wp\/v2\/types\/product"}],"replies":[{"embeddable":true,"href":"https:\/\/www.mexicanguitarplayers.com\/en\/wp-json\/wp\/v2\/comments?post=23867"}],"wp:featuredmedia":[{"embeddable":true,"href":"https:\/\/www.mexicanguitarplayers.com\/en\/wp-json\/wp\/v2\/media\/23865"}],"wp:attachment":[{"href":"https:\/\/www.mexicanguitarplayers.com\/en\/wp-json\/wp\/v2\/media?parent=23867"}],"wp:term":[{"taxonomy":"pwb-brand","embeddable":true,"href":"https:\/\/www.mexicanguitarplayers.com\/en\/wp-json\/wp\/v2\/pwb-brand?post=23867"},{"taxonomy":"product_brand","embeddable":true,"href":"https:\/\/www.mexicanguitarplayers.com\/en\/wp-json\/wp\/v2\/product_brand?post=23867"},{"taxonomy":"product_cat","embeddable":true,"href":"https:\/\/www.mexicanguitarplayers.com\/en\/wp-json\/wp\/v2\/product_cat?post=23867"},{"taxonomy":"product_tag","embeddable":true,"href":"https:\/\/www.mexicanguitarplayers.com\/en\/wp-json\/wp\/v2\/product_tag?post=23867"}],"curies":[{"name":"wp","href":"https:\/\/api.w.org\/{rel}","templated":true}]}}