{"id":23870,"date":"2025-04-06T13:30:07","date_gmt":"2025-04-06T19:30:07","guid":{"rendered":"https:\/\/www.mexicanguitarplayers.com\/tienda\/sin categor\u00eda\/bocina-eighteen-sound-21-21ntlw5000-8\/"},"modified":"2026-04-15T04:22:40","modified_gmt":"2026-04-15T10:22:40","slug":"bocina-eighteen-sound-21-21ntlw5000-8","status":"publish","type":"product","link":"https:\/\/www.mexicanguitarplayers.com\/en\/tienda\/audio\/bafles-y-bocinas\/bocinas-y-componentes\/graves\/bocina-eighteen-sound-21-21ntlw5000-8\/","title":{"rendered":"BOCINA EIGHTEEN SOUND 21 21NTLW5000\/8"},"content":{"rendered":"<div style=\"text-align: justify\">\n<div>\n<h3>Subwoofer de alto rendimiento de \u00faltima generaci\u00f3n.<\/h3>\n<\/div>\n<div>21NTLW5000 es un subwoofer de alto rendimiento de \u00faltima generaci\u00f3n de 21&#8243; pulgadas de di\u00e1metro, dise\u00f1ado espec\u00edficamente para aplicaciones de alta frecuencia de alto SPL ya sea en configuraci\u00f3n reflex, bandpass o horn loaded. Para obtener resultados \u00f3ptimos, recomendamos el uso de amplificadores de potencia capaces de entregar una potencia programa de 4000W sin clip. 21NTLW5000 utiliza la tecnolog\u00eda patentada Tetracoil de Eighteen Sound, donde dos espacios magn\u00e9ticos diferentes, separados axialmente y dos bobinas m\u00f3viles de aluminio de 4.5&#8243; pulgadas de di\u00e1metro interno-externo se enrollan en el mismo bobinado y se suspenden uniformemente en los dos espacios magn\u00e9ticos. Las ventajas clave del dise\u00f1o de Tetracoil son: 1) Una densidad de flujo sim\u00e9trica versus un comportamiento de desplazamiento, que minimiza los productos de distorsi\u00f3n uniforme, 2) Una curva de inductancia muy sim\u00e9trica y plana, 3) El di\u00e1metro equivalente de la bobina m\u00f3vil de un altavoz Tetracoil  de 4.6&#8243; es mayor que 6&#8243;. En consecuencia, la disipaci\u00f3n de calor se produce en un \u00e1rea de superficie m\u00e1s grande, lo que impulsa el manejo de potencia AES hasta 1800W. Las caracter\u00edsticas del dise\u00f1o del altavoz 21NTLW5000  incluyen un sistema de suspensi\u00f3n de gran desplazamiento que, junto con un cono acanalado recto reforzado con fibra de vidrio, permite una acci\u00f3n de pist\u00f3n ultra lineal y proporciona un control mec\u00e1nico completo en todo el rango de trabajo. Para aumentar a\u00fan m\u00e1s el manejo de potencia y reducir la figura de compresi\u00f3n de potencia, se coloca un difractor de aire de material de baja densidad en el orificio de ventilaci\u00f3n de la placa posterior que act\u00faa como un sistema de enfriamiento, aumentando la capacidad de manejo de potencia y bajando la figura de compresi\u00f3n de potencia. 21NTLW5000 puede funcionar correctamente en condiciones clim\u00e1ticas adversas, el exclusivo tratamiento de cono mejora la resistencia de la pulpa y brinda propiedades repelentes al agua a ambos lados de la membrana. Adem\u00e1s, el revestimiento de placas met\u00e1licas de estructura magn\u00e9tica es mucho m\u00e1s resistente que el revestimiento de zinc est\u00e1ndar a los efectos corrosivos de las sales y la oxidaci\u00f3n.<\/div>\n<div>\n<h4>Quick look<\/h4>\n<\/div>\n<ul style=\"margin: 0px 0px 0px 25px\">\n<li style=\"list-style-type: circle;margin: 5px\">Di\u00e1metro nominal.<\/li>\n<li style=\"list-style-type: circle;margin: 5px\">Nominal impedance.<\/li>\n<li style=\"list-style-type: circle;margin: 5px\">Impedancia m\u00ednima.<\/li>\n<li style=\"list-style-type: circle;margin: 5px\">Manejo de potencia.<\/li>\n<li style=\"list-style-type: circle;margin: 5px\">Sensitivity.<\/li>\n<li style=\"list-style-type: circle;margin: 5px\">Rango de frecuencia.<\/li>\n<li style=\"list-style-type: circle;margin: 5px\">Di\u00e1metro de la bobina m\u00f3vil.<\/li>\n<li style=\"list-style-type: circle;margin: 5px\">Frecuencia de resonancia.<\/li>\n<li style=\"list-style-type: circle;margin: 5px\">Resistencia DC.<\/li>\n<li style=\"list-style-type: circle;margin: 5px\">QES (Factor de calidad el\u00e9ctrica).<\/li>\n<li style=\"list-style-type: circle;margin: 5px\">QMS (Factor de calidad mec\u00e1nica).<\/li>\n<li style=\"list-style-type: circle;margin: 5px\">QTS (Factor de calidad total).<\/li>\n<li style=\"list-style-type: circle;margin: 5px\">VAS (Volumen de aire equivalente a CMS).<\/li>\n<li style=\"list-style-type: circle;margin: 5px\">SD (Superficie efectiva).<\/li>\n<li style=\"list-style-type: circle;margin: 5px\">XMAX (Desplazamiento m\u00e1ximo).<\/li>\n<li style=\"list-style-type: circle;margin: 5px\">MMS (Masa total del cono).<\/li>\n<li style=\"list-style-type: circle;margin: 5px\">Factor BL <\/li>\n<li style=\"list-style-type: circle;margin: 5px\">Inductancia de la bobina m\u00f3vil (Le @ 1kHz).<\/li>\n<li style=\"list-style-type: circle;margin: 5px\">EBP (Eficiencia de ancho de banda de producto).<\/li>\n<li style=\"list-style-type: circle;margin: 5px\">Im\u00e1n.<\/li>\n<li style=\"list-style-type: circle;margin: 5px\">Volumen de gabinete recomendado.<\/li>\n<li style=\"list-style-type: circle;margin: 5px\">Ajuste recomendado.<\/li>\n<li style=\"list-style-type: circle;margin: 5px\">Di\u00e1metro total.<\/li>\n<li style=\"list-style-type: circle;margin: 5px\">Di\u00e1metro del c\u00edrculo del perno.<\/li>\n<li style=\"list-style-type: circle;margin: 5px\">Di\u00e1metro de corte del bafle.<\/li>\n<li style=\"list-style-type: circle;margin: 5px\">Profundidad.<\/li>\n<li style=\"list-style-type: circle;margin: 5px\">Espesor de  brida y junta.<\/li>\n<li style=\"list-style-type: circle;margin: 5px\">Weight.<\/li>\n<\/ul>\n<div>\n<div style=\"font-weight: bold\">Di\u00e1metro nominal.<\/div>\n<div>\n<p>21&#8243; pulgadas (533 mm).<\/p>\n<\/div>\n<div style=\"font-weight: bold\">Nominal impedance.<\/div>\n<div>\n<p>8 ohms.<\/p>\n<\/div>\n<div style=\"font-weight: bold\">Impedancia m\u00ednima.<\/div>\n<div>\n<p>6.8 ohms.<\/p>\n<\/div>\n<div style=\"font-weight: bold\">Manejo de potencia.<\/div>\n<div>\n<p>AES: 1800 W. Continua: 4000W.<\/p>\n<\/div>\n<div style=\"font-weight: bold\">Sensitivity.<\/div>\n<div>\n<p>97 dB.<\/p>\n<\/div>\n<div style=\"font-weight: bold\">Rango de frecuencia.<\/div>\n<div>\n<p>30 &#8211; 1800 Hz.<\/p>\n<\/div>\n<div style=\"font-weight: bold\">Di\u00e1metro de la bobina m\u00f3vil.<\/div>\n<div>\n<p>4.5&#8243; pulgadas (115 mm).<\/p>\n<\/div>\n<div style=\"font-weight: bold\">Frecuencia de resonancia.<\/div>\n<div>\n<p>31 Hz.<\/p>\n<\/div>\n<div style=\"font-weight: bold\">Resistencia DC.<\/div>\n<div>\n<p>5.3 ohms.<\/p>\n<\/div>\n<div style=\"font-weight: bold\">QES (Factor de calidad el\u00e9ctrica).<\/div>\n<div>\n<p>0.38.<\/p>\n<\/div>\n<div style=\"font-weight: bold\">QMS (Factor de calidad mec\u00e1nica).<\/div>\n<div>\n<p>5.2.<\/p>\n<\/div>\n<div style=\"font-weight: bold\">QTS (Factor de calidad total).<\/div>\n<div>\n<p>0.36.<\/p>\n<\/div>\n<div style=\"font-weight: bold\">VAS (Volumen de aire equivalente a CMS).<\/div>\n<div>\n<p>270 dm3 (9.53 ft3).<\/p>\n<\/div>\n<div style=\"font-weight: bold\">SD (Superficie efectiva).<\/div>\n<div>\n<p>1,662 cm2 (257.61 in2).<\/p>\n<\/div>\n<div style=\"font-weight: bold\">XMAX (Desplazamiento m\u00e1ximo).<\/div>\n<div>\n<p>17.5 mm.<\/p>\n<\/div>\n<div style=\"font-weight: bold\">MMS (Masa total del cono).<\/div>\n<div>\n<p>372 g.<\/p>\n<\/div>\n<div style=\"font-weight: bold\">Factor BL <\/div>\n<div>\n<p>32 Txm.<\/p>\n<\/div>\n<div style=\"font-weight: bold\">Inductancia de la bobina m\u00f3vil (Le @ 1kHz).<\/div>\n<div>\n<p>1.6 mH.<\/p>\n<\/div>\n<div style=\"font-weight: bold\">EBP (Eficiencia de ancho de banda de producto).<\/div>\n<div>\n<p>81 Hz.<\/p>\n<\/div>\n<div style=\"font-weight: bold\">Im\u00e1n.<\/div>\n<div>\n<p>Neodimio.<\/p>\n<\/div>\n<div style=\"font-weight: bold\">Volumen de gabinete recomendado.<\/div>\n<div>\n<p>200 dm3 (7.06 ft3).<\/p>\n<\/div>\n<div style=\"font-weight: bold\">Ajuste recomendado.<\/div>\n<div>\n<p>33 Hz.<\/p>\n<\/div>\n<div style=\"font-weight: bold\">Di\u00e1metro total.<\/div>\n<div>\n<p>545 mm (21.46&#8243; pulgadas).<\/p>\n<\/div>\n<div style=\"font-weight: bold\">Di\u00e1metro del c\u00edrculo del perno.<\/div>\n<div>\n<p>520 mm (20.47&#8243; pulgadas).<\/p>\n<\/div>\n<div style=\"font-weight: bold\">Di\u00e1metro de corte del bafle.<\/div>\n<div>\n<p>492 mm (19.37&#8243; pulgadas).<\/p>\n<\/div>\n<div style=\"font-weight: bold\">Profundidad.<\/div>\n<div>\n<p>320 mm (12.6&#8243; pulgadas).<\/p>\n<\/div>\n<div style=\"font-weight: bold\">Espesor de  brida y junta.<\/div>\n<div>\n<p>18 mm (0.71&#8243; pulgadas).<\/p>\n<\/div>\n<div style=\"font-weight: bold\">Weight.<\/div>\n<div>\n<p>12.5 kg.<\/p>\n<\/div>\n<\/div>\n<\/div>","protected":false},"excerpt":{"rendered":"<p>Bocina de 21\u201d pulgadas, impedancia: 8 ohms, potencia AES: 1800 W, potencia continua: 4000W, sensibilidad: 97 dB, rango de frecuencia: 30 &#8211; 1800 Hz, bobina m\u00f3vil de 4.5\u201d pulgadas (115 mm), suspensi\u00f3n ultra lineal para una excelente claridad de sonido, densidad sim\u00e9trica de flujo y comportamiento de la inductancia, dise\u00f1o de enfriamiento de aire forzado de bajo ruido, cono repelente al agua y recubiertas de epoxi, adecuado para aplicaciones vented, horn loaded y bandpass, im\u00e1n de neodimio, peso: 12.5 kg.&hellip; <a class=\"kt-excerpt-readmore more-link\" href=\"https:\/\/www.mexicanguitarplayers.com\/en\/tienda\/audio\/bafles-y-bocinas\/bocinas-y-componentes\/graves\/bocina-eighteen-sound-21-21ntlw5000-8\/\">Read more<\/a><\/p>","protected":false},"featured_media":23868,"comment_status":"open","ping_status":"closed","template":"","meta":{"kt_blocks_editor_width":""},"pwb-brand":[533],"product_brand":[],"product_cat":[213,221,474,529],"product_tag":[],"class_list":{"0":"post-23870","1":"product","2":"type-product","3":"status-publish","4":"has-post-thumbnail","6":"pwb-brand-eighteen-sound","7":"product_cat-audio","8":"product_cat-bafles-y-bocinas","9":"product_cat-bocinas-y-componentes","10":"product_cat-graves","11":"product_shipping_class-15-20-kg","13":"first","14":"outofstock","15":"taxable","16":"shipping-taxable","17":"purchasable","18":"product-type-simple"},"yoast_head":"<!-- This site is optimized with the Yoast SEO plugin v27.5 - https:\/\/yoast.com\/product\/yoast-seo-wordpress\/ -->\n<title>BOCINA EIGHTEEN SOUND 21 21NTLW5000\/8 - Mexican Guitar Players<\/title>\n<meta name=\"description\" content=\"Bocina de 21\u201d pulgadas, impedancia: 8 ohms, potencia AES: 1800 W, potencia continua: 4000W, sensibilidad: 97 dB, rango de frecuencia: 30 - 1800 Hz, bobina m\u00f3vil de 4.5\u201d pulgadas (115 mm), suspensi\u00f3n ultra lineal para una excelente claridad de sonido, densidad sim\u00e9trica de flujo y comportamiento de la inductancia, dise\u00f1o de enfriamiento de aire forzado de bajo ruido, cono repelente al agua y recubiertas de epoxi, adecuado para aplicaciones vented, horn loaded y bandpass, im\u00e1n de neodimio, peso: 12.5 kg.\" \/>\n<meta name=\"robots\" content=\"index, follow, max-snippet:-1, max-image-preview:large, max-video-preview:-1\" \/>\n<link rel=\"canonical\" href=\"https:\/\/www.mexicanguitarplayers.com\/en\/tienda\/sin%20categor\u00eda\/bocina-eighteen-sound-21-21ntlw5000-8\/\" \/>\n<meta property=\"og:locale\" content=\"en_US\" \/>\n<meta property=\"og:type\" content=\"article\" \/>\n<meta property=\"og:title\" content=\"BOCINA EIGHTEEN SOUND 21 21NTLW5000\/8 - Mexican Guitar Players\" \/>\n<meta property=\"og:description\" content=\"Bocina de 21\u201d pulgadas, impedancia: 8 ohms, potencia AES: 1800 W, potencia continua: 4000W, sensibilidad: 97 dB, rango de frecuencia: 30 - 1800 Hz, bobina m\u00f3vil de 4.5\u201d pulgadas (115 mm), suspensi\u00f3n ultra lineal para una excelente claridad de sonido, densidad sim\u00e9trica de flujo y comportamiento de la inductancia, dise\u00f1o de enfriamiento de aire forzado de bajo ruido, cono repelente al agua y recubiertas de epoxi, adecuado para aplicaciones vented, horn loaded y bandpass, im\u00e1n de neodimio, peso: 12.5 kg.\" \/>\n<meta property=\"og:url\" content=\"https:\/\/www.mexicanguitarplayers.com\/en\/tienda\/sin categor\u00eda\/bocina-eighteen-sound-21-21ntlw5000-8\/\" \/>\n<meta property=\"og:site_name\" content=\"Mexican Guitar Players\" \/>\n<meta property=\"article:modified_time\" content=\"2026-04-15T10:22:40+00:00\" \/>\n<meta name=\"twitter:card\" content=\"summary_large_image\" \/>\n<meta name=\"twitter:label1\" content=\"Est. reading time\" \/>\n\t<meta name=\"twitter:data1\" content=\"3 minutes\" \/>\n<script type=\"application\/ld+json\" class=\"yoast-schema-graph\">{\"@context\":\"https:\\\/\\\/schema.org\",\"@graph\":[{\"@type\":[\"WebPage\",\"ItemPage\"],\"@id\":\"https:\\\/\\\/www.mexicanguitarplayers.com\\\/tienda\\\/sin categor\u00eda\\\/bocina-eighteen-sound-21-21ntlw5000-8\\\/\",\"url\":\"https:\\\/\\\/www.mexicanguitarplayers.com\\\/tienda\\\/sin categor\u00eda\\\/bocina-eighteen-sound-21-21ntlw5000-8\\\/\",\"name\":\"BOCINA EIGHTEEN SOUND 21 21NTLW5000\\\/8 - Mexican Guitar Players\",\"isPartOf\":{\"@id\":\"https:\\\/\\\/www.mexicanguitarplayers.com\\\/#website\"},\"primaryImageOfPage\":{\"@id\":\"https:\\\/\\\/www.mexicanguitarplayers.com\\\/tienda\\\/sin categor\u00eda\\\/bocina-eighteen-sound-21-21ntlw5000-8\\\/#primaryimage\"},\"image\":{\"@id\":\"https:\\\/\\\/www.mexicanguitarplayers.com\\\/tienda\\\/sin categor\u00eda\\\/bocina-eighteen-sound-21-21ntlw5000-8\\\/#primaryimage\"},\"thumbnailUrl\":\"https:\\\/\\\/www.mexicanguitarplayers.com\\\/wp-content\\\/uploads\\\/2025\\\/04\\\/IAEIG21NTLW500.jpg\",\"datePublished\":\"2025-04-06T19:30:07+00:00\",\"dateModified\":\"2026-04-15T10:22:40+00:00\",\"description\":\"Bocina de 21\u201d pulgadas, impedancia: 8 ohms, potencia AES: 1800 W, potencia continua: 4000W, sensibilidad: 97 dB, rango de frecuencia: 30 - 1800 Hz, bobina m\u00f3vil de 4.5\u201d pulgadas (115 mm), suspensi\u00f3n ultra lineal para una excelente claridad de sonido, densidad sim\u00e9trica de flujo y comportamiento de la inductancia, dise\u00f1o de enfriamiento de aire forzado de bajo ruido, cono repelente al agua y recubiertas de epoxi, adecuado para aplicaciones vented, horn loaded y bandpass, im\u00e1n de neodimio, peso: 12.5 kg.\",\"breadcrumb\":{\"@id\":\"https:\\\/\\\/www.mexicanguitarplayers.com\\\/tienda\\\/sin categor\u00eda\\\/bocina-eighteen-sound-21-21ntlw5000-8\\\/#breadcrumb\"},\"inLanguage\":\"en-US\",\"potentialAction\":[{\"@type\":\"ReadAction\",\"target\":[\"https:\\\/\\\/www.mexicanguitarplayers.com\\\/tienda\\\/sin categor\u00eda\\\/bocina-eighteen-sound-21-21ntlw5000-8\\\/\"]}]},{\"@type\":\"ImageObject\",\"inLanguage\":\"en-US\",\"@id\":\"https:\\\/\\\/www.mexicanguitarplayers.com\\\/tienda\\\/sin categor\u00eda\\\/bocina-eighteen-sound-21-21ntlw5000-8\\\/#primaryimage\",\"url\":\"https:\\\/\\\/www.mexicanguitarplayers.com\\\/wp-content\\\/uploads\\\/2025\\\/04\\\/IAEIG21NTLW500.jpg\",\"contentUrl\":\"https:\\\/\\\/www.mexicanguitarplayers.com\\\/wp-content\\\/uploads\\\/2025\\\/04\\\/IAEIG21NTLW500.jpg\",\"width\":1200,\"height\":1200},{\"@type\":\"BreadcrumbList\",\"@id\":\"https:\\\/\\\/www.mexicanguitarplayers.com\\\/tienda\\\/sin categor\u00eda\\\/bocina-eighteen-sound-21-21ntlw5000-8\\\/#breadcrumb\",\"itemListElement\":[{\"@type\":\"ListItem\",\"position\":1,\"name\":\"Portada\",\"item\":\"https:\\\/\\\/www.mexicanguitarplayers.com\\\/\"},{\"@type\":\"ListItem\",\"position\":2,\"name\":\"Tienda\",\"item\":\"https:\\\/\\\/www.mexicanguitarplayers.com\\\/tienda\\\/\"},{\"@type\":\"ListItem\",\"position\":3,\"name\":\"BOCINA EIGHTEEN SOUND 21 21NTLW5000\\\/8\"}]},{\"@type\":\"WebSite\",\"@id\":\"https:\\\/\\\/www.mexicanguitarplayers.com\\\/#website\",\"url\":\"https:\\\/\\\/www.mexicanguitarplayers.com\\\/\",\"name\":\"Mexican Guitar Players\",\"description\":\"Website\",\"publisher\":{\"@id\":\"https:\\\/\\\/www.mexicanguitarplayers.com\\\/#organization\"},\"potentialAction\":[{\"@type\":\"SearchAction\",\"target\":{\"@type\":\"EntryPoint\",\"urlTemplate\":\"https:\\\/\\\/www.mexicanguitarplayers.com\\\/?s={search_term_string}\"},\"query-input\":{\"@type\":\"PropertyValueSpecification\",\"valueRequired\":true,\"valueName\":\"search_term_string\"}}],\"inLanguage\":\"en-US\"},{\"@type\":\"Organization\",\"@id\":\"https:\\\/\\\/www.mexicanguitarplayers.com\\\/#organization\",\"name\":\"Mexican Guitar Players\",\"url\":\"https:\\\/\\\/www.mexicanguitarplayers.com\\\/\",\"logo\":{\"@type\":\"ImageObject\",\"inLanguage\":\"en-US\",\"@id\":\"https:\\\/\\\/www.mexicanguitarplayers.com\\\/#\\\/schema\\\/logo\\\/image\\\/\",\"url\":\"\",\"contentUrl\":\"\",\"caption\":\"Mexican Guitar Players\"},\"image\":{\"@id\":\"https:\\\/\\\/www.mexicanguitarplayers.com\\\/#\\\/schema\\\/logo\\\/image\\\/\"}}]}<\/script>\n<!-- \/ Yoast SEO plugin. -->","yoast_head_json":{"title":"BOCINA EIGHTEEN SOUND 21 21NTLW5000\/8 - Mexican Guitar Players","description":"Bocina de 21\u201d pulgadas, impedancia: 8 ohms, potencia AES: 1800 W, potencia continua: 4000W, sensibilidad: 97 dB, rango de frecuencia: 30 - 1800 Hz, bobina m\u00f3vil de 4.5\u201d pulgadas (115 mm), suspensi\u00f3n ultra lineal para una excelente claridad de sonido, densidad sim\u00e9trica de flujo y comportamiento de la inductancia, dise\u00f1o de enfriamiento de aire forzado de bajo ruido, cono repelente al agua y recubiertas de epoxi, adecuado para aplicaciones vented, horn loaded y bandpass, im\u00e1n de neodimio, peso: 12.5 kg.","robots":{"index":"index","follow":"follow","max-snippet":"max-snippet:-1","max-image-preview":"max-image-preview:large","max-video-preview":"max-video-preview:-1"},"canonical":"https:\/\/www.mexicanguitarplayers.com\/en\/tienda\/sin categor\u00eda\/bocina-eighteen-sound-21-21ntlw5000-8\/","og_locale":"en_US","og_type":"article","og_title":"BOCINA EIGHTEEN SOUND 21 21NTLW5000\/8 - Mexican Guitar Players","og_description":"Bocina de 21\u201d pulgadas, impedancia: 8 ohms, potencia AES: 1800 W, potencia continua: 4000W, sensibilidad: 97 dB, rango de frecuencia: 30 - 1800 Hz, bobina m\u00f3vil de 4.5\u201d pulgadas (115 mm), suspensi\u00f3n ultra lineal para una excelente claridad de sonido, densidad sim\u00e9trica de flujo y comportamiento de la inductancia, dise\u00f1o de enfriamiento de aire forzado de bajo ruido, cono repelente al agua y recubiertas de epoxi, adecuado para aplicaciones vented, horn loaded y bandpass, im\u00e1n de neodimio, peso: 12.5 kg.","og_url":"https:\/\/www.mexicanguitarplayers.com\/en\/tienda\/sin categor\u00eda\/bocina-eighteen-sound-21-21ntlw5000-8\/","og_site_name":"Mexican Guitar Players","article_modified_time":"2026-04-15T10:22:40+00:00","twitter_card":"summary_large_image","twitter_misc":{"Est. reading time":"3 minutes"},"schema":{"@context":"https:\/\/schema.org","@graph":[{"@type":["WebPage","ItemPage"],"@id":"https:\/\/www.mexicanguitarplayers.com\/tienda\/sin categor\u00eda\/bocina-eighteen-sound-21-21ntlw5000-8\/","url":"https:\/\/www.mexicanguitarplayers.com\/tienda\/sin categor\u00eda\/bocina-eighteen-sound-21-21ntlw5000-8\/","name":"BOCINA EIGHTEEN SOUND 21 21NTLW5000\/8 - Mexican Guitar Players","isPartOf":{"@id":"https:\/\/www.mexicanguitarplayers.com\/#website"},"primaryImageOfPage":{"@id":"https:\/\/www.mexicanguitarplayers.com\/tienda\/sin categor\u00eda\/bocina-eighteen-sound-21-21ntlw5000-8\/#primaryimage"},"image":{"@id":"https:\/\/www.mexicanguitarplayers.com\/tienda\/sin categor\u00eda\/bocina-eighteen-sound-21-21ntlw5000-8\/#primaryimage"},"thumbnailUrl":"https:\/\/www.mexicanguitarplayers.com\/wp-content\/uploads\/2025\/04\/IAEIG21NTLW500.jpg","datePublished":"2025-04-06T19:30:07+00:00","dateModified":"2026-04-15T10:22:40+00:00","description":"Bocina de 21\u201d pulgadas, impedancia: 8 ohms, potencia AES: 1800 W, potencia continua: 4000W, sensibilidad: 97 dB, rango de frecuencia: 30 - 1800 Hz, bobina m\u00f3vil de 4.5\u201d pulgadas (115 mm), suspensi\u00f3n ultra lineal para una excelente claridad de sonido, densidad sim\u00e9trica de flujo y comportamiento de la inductancia, dise\u00f1o de enfriamiento de aire forzado de bajo ruido, cono repelente al agua y recubiertas de epoxi, adecuado para aplicaciones vented, horn loaded y bandpass, im\u00e1n de neodimio, peso: 12.5 kg.","breadcrumb":{"@id":"https:\/\/www.mexicanguitarplayers.com\/tienda\/sin categor\u00eda\/bocina-eighteen-sound-21-21ntlw5000-8\/#breadcrumb"},"inLanguage":"en-US","potentialAction":[{"@type":"ReadAction","target":["https:\/\/www.mexicanguitarplayers.com\/tienda\/sin categor\u00eda\/bocina-eighteen-sound-21-21ntlw5000-8\/"]}]},{"@type":"ImageObject","inLanguage":"en-US","@id":"https:\/\/www.mexicanguitarplayers.com\/tienda\/sin categor\u00eda\/bocina-eighteen-sound-21-21ntlw5000-8\/#primaryimage","url":"https:\/\/www.mexicanguitarplayers.com\/wp-content\/uploads\/2025\/04\/IAEIG21NTLW500.jpg","contentUrl":"https:\/\/www.mexicanguitarplayers.com\/wp-content\/uploads\/2025\/04\/IAEIG21NTLW500.jpg","width":1200,"height":1200},{"@type":"BreadcrumbList","@id":"https:\/\/www.mexicanguitarplayers.com\/tienda\/sin categor\u00eda\/bocina-eighteen-sound-21-21ntlw5000-8\/#breadcrumb","itemListElement":[{"@type":"ListItem","position":1,"name":"Portada","item":"https:\/\/www.mexicanguitarplayers.com\/"},{"@type":"ListItem","position":2,"name":"Tienda","item":"https:\/\/www.mexicanguitarplayers.com\/tienda\/"},{"@type":"ListItem","position":3,"name":"BOCINA EIGHTEEN SOUND 21 21NTLW5000\/8"}]},{"@type":"WebSite","@id":"https:\/\/www.mexicanguitarplayers.com\/#website","url":"https:\/\/www.mexicanguitarplayers.com\/","name":"Mexican Guitar Players","description":"Website","publisher":{"@id":"https:\/\/www.mexicanguitarplayers.com\/#organization"},"potentialAction":[{"@type":"SearchAction","target":{"@type":"EntryPoint","urlTemplate":"https:\/\/www.mexicanguitarplayers.com\/?s={search_term_string}"},"query-input":{"@type":"PropertyValueSpecification","valueRequired":true,"valueName":"search_term_string"}}],"inLanguage":"en-US"},{"@type":"Organization","@id":"https:\/\/www.mexicanguitarplayers.com\/#organization","name":"Mexican Guitar Players","url":"https:\/\/www.mexicanguitarplayers.com\/","logo":{"@type":"ImageObject","inLanguage":"en-US","@id":"https:\/\/www.mexicanguitarplayers.com\/#\/schema\/logo\/image\/","url":"","contentUrl":"","caption":"Mexican Guitar Players"},"image":{"@id":"https:\/\/www.mexicanguitarplayers.com\/#\/schema\/logo\/image\/"}}]}},"brands":[{"id":533,"name":"EIGHTEEN SOUND","slug":"eighteen-sound"}],"_links":{"self":[{"href":"https:\/\/www.mexicanguitarplayers.com\/en\/wp-json\/wp\/v2\/product\/23870","targetHints":{"allow":["GET"]}}],"collection":[{"href":"https:\/\/www.mexicanguitarplayers.com\/en\/wp-json\/wp\/v2\/product"}],"about":[{"href":"https:\/\/www.mexicanguitarplayers.com\/en\/wp-json\/wp\/v2\/types\/product"}],"replies":[{"embeddable":true,"href":"https:\/\/www.mexicanguitarplayers.com\/en\/wp-json\/wp\/v2\/comments?post=23870"}],"wp:featuredmedia":[{"embeddable":true,"href":"https:\/\/www.mexicanguitarplayers.com\/en\/wp-json\/wp\/v2\/media\/23868"}],"wp:attachment":[{"href":"https:\/\/www.mexicanguitarplayers.com\/en\/wp-json\/wp\/v2\/media?parent=23870"}],"wp:term":[{"taxonomy":"pwb-brand","embeddable":true,"href":"https:\/\/www.mexicanguitarplayers.com\/en\/wp-json\/wp\/v2\/pwb-brand?post=23870"},{"taxonomy":"product_brand","embeddable":true,"href":"https:\/\/www.mexicanguitarplayers.com\/en\/wp-json\/wp\/v2\/product_brand?post=23870"},{"taxonomy":"product_cat","embeddable":true,"href":"https:\/\/www.mexicanguitarplayers.com\/en\/wp-json\/wp\/v2\/product_cat?post=23870"},{"taxonomy":"product_tag","embeddable":true,"href":"https:\/\/www.mexicanguitarplayers.com\/en\/wp-json\/wp\/v2\/product_tag?post=23870"}],"curies":[{"name":"wp","href":"https:\/\/api.w.org\/{rel}","templated":true}]}}