{"id":23883,"date":"2025-04-06T13:30:47","date_gmt":"2025-04-06T19:30:47","guid":{"rendered":"https:\/\/www.mexicanguitarplayers.com\/tienda\/sin categor\u00eda\/guitarra-blackstar-elect-carry-on-st\/"},"modified":"2026-05-01T07:30:31","modified_gmt":"2026-05-01T13:30:31","slug":"guitarra-blackstar-elect-carry-on-st","status":"publish","type":"product","link":"https:\/\/www.mexicanguitarplayers.com\/en\/tienda\/cuerdas\/guitarras-cuerdas\/electricas\/guitarras-electricas-solidas\/guitarra-blackstar-elect-carry-on-st\/","title":{"rendered":"GUITARRA BLACKSTAR ELECT.CARRY-ON-ST"},"content":{"rendered":"<div style=\"text-align: justify\">\n<div>\n<h3>La guitarra de viaje premium para llevar a cualquier parte que se toca y se siente como una guitarra el\u00e9ctrica de tama\u00f1o completo.<\/h3>\n<\/div>\n<div>Carry-On de Blackstar es una guitarra port\u00e1til de viaje que se toca y se siente como un instrumento serio de tama\u00f1o completo. Fabricada con cuerpo y brazo de okoume africano de una sola pieza y con un mini humbucker coil-splittable, esta guitarra combinan un tono verdadero y una sensaci\u00f3n m\u00e1s all\u00e1 de su tama\u00f1o. La guitarra se suministra con un galardonado amplificador de aud\u00edfonos amPlug2 FLY Guitar en el paquete Carry-On Standard o un galardonado mini amplificador FLY 3 Bluetooth en el paquete Carry-On Deluxe. Obtener un gran tono est\u00e1 ahora disponible para todos los guitarristas que les gusta viajar. Esta guitarra fue dise\u00f1ada en el Reino Unido por Blackstar en asociaci\u00f3n con los maestros luthiers de Gordon Smith Guitars UK. El toque y la sensaci\u00f3n resultantes son como ninguna otra guitarra de tama\u00f1o Travel. Usar un solo tocho de madera para el cuerpo y el brazo significa que la veta ser\u00e1 uniforme en todo el instrumento y permitir\u00e1 que la guitarra reverbere libre y uniformemente, una unci\u00f3n de pegamento habr\u00eda sido una barrera para la reverberaci\u00f3n. El cuerpo y el brazo est\u00e1n hechos de okoume, una madera tonal brillante y ligera con una veta m\u00e1s abierta que la caoba. Cuenta con un dise\u00f1o string through body para un excelente sustain y una afinaci\u00f3n estable.<\/div>\n<div>\n<h4>Quick look<\/h4>\n<\/div>\n<ul style=\"margin: 0px 0px 0px 25px\">\n<li style=\"list-style-type: circle;margin: 5px\">Cuerpo.<\/li>\n<li style=\"list-style-type: circle;margin: 5px\">Diapason.<\/li>\n<li style=\"list-style-type: circle;margin: 5px\">Frets<\/li>\n<li style=\"list-style-type: circle;margin: 5px\">Longitud de escala.<\/li>\n<li style=\"list-style-type: circle;margin: 5px\">Pastillas.<\/li>\n<li style=\"list-style-type: circle;margin: 5px\">Controls<\/li>\n<li style=\"list-style-type: circle;margin: 5px\">Machinery.<\/li>\n<li style=\"list-style-type: circle;margin: 5px\">Strings<\/li>\n<\/ul>\n<div>\n<div style=\"font-weight: bold\">Cuerpo.<\/div>\n<div>\n<p>Okoume (Caoba Gaboon), fabricado en una sola pieza para cuerpo y brazo.<\/p>\n<\/div>\n<div style=\"font-weight: bold\">Diapason.<\/div>\n<div>\n<p>Laurel.<\/p>\n<\/div>\n<div style=\"font-weight: bold\">Frets<\/div>\n<div>\n<p>19.<\/p>\n<\/div>\n<div style=\"font-weight: bold\">Longitud de escala.<\/div>\n<div>\n<p>20.7&#8243; pulgadas (527 mm).<\/p>\n<\/div>\n<div style=\"font-weight: bold\">Pastillas.<\/div>\n<div>\n<p>Mini-humbucker con coil-split por medio del potenci\u00f3metro de volumen.<\/p>\n<\/div>\n<div style=\"font-weight: bold\">Controls<\/div>\n<div>\n<p>Volumen (pull para coil-split) y tono.<\/p>\n<\/div>\n<div style=\"font-weight: bold\">Machinery.<\/div>\n<div>\n<p>Der Jung Sealed Tuners, 1:14 gear ratio.<\/p>\n<\/div>\n<div style=\"font-weight: bold\">Strings<\/div>\n<div>\n<p>D&#8217;Addario EXL145 nickel wound strings, 12-54 (Heavy).<\/p>\n<\/div>\n<\/div>\n<\/div>","protected":false},"excerpt":{"rendered":"<p>Guitarra de viaje Carry-On, fabricada en una sola pieza de okoume (cuerpo y brazo), diapas\u00f3n de laurel, 19 trastes, longitud de escala: 20.7\u201d pulgadas (527 mm), pastillas mini-humbucker con coil-split a trav\u00e9s del potenci\u00f3metro de volumen, controles de volumen (pull para coil-split) y tono, maquinaria Der Jung Sealed Tuners, 1:14 gear ratio, cuerdas D&#8217;Addario EXL145 nickel wound strings, 12-54 (Heavy).&hellip; <a class=\"kt-excerpt-readmore more-link\" href=\"https:\/\/www.mexicanguitarplayers.com\/en\/tienda\/cuerdas\/guitarras-cuerdas\/electricas\/guitarras-electricas-solidas\/guitarra-blackstar-elect-carry-on-st\/\">Read more<\/a><\/p>","protected":false},"featured_media":23871,"comment_status":"open","ping_status":"closed","template":"","meta":{"kt_blocks_editor_width":""},"pwb-brand":[172],"product_brand":[],"product_cat":[224,313,312,314],"product_tag":[],"class_list":{"0":"post-23883","1":"product","2":"type-product","3":"status-publish","4":"has-post-thumbnail","6":"pwb-brand-blackstar","7":"product_cat-cuerdas","8":"product_cat-electricas","9":"product_cat-guitarras-cuerdas","10":"product_cat-guitarras-electricas-solidas","11":"product_shipping_class-0-5-kg","13":"first","14":"instock","15":"taxable","16":"shipping-taxable","17":"purchasable","18":"product-type-simple"},"yoast_head":"<!-- This site is optimized with the Yoast SEO plugin v27.5 - https:\/\/yoast.com\/product\/yoast-seo-wordpress\/ -->\n<title>GUITARRA BLACKSTAR ELECT.CARRY-ON-ST - Mexican Guitar Players<\/title>\n<meta name=\"description\" content=\"Guitarra de viaje Carry-On, fabricada en una sola pieza de okoume (cuerpo y brazo), diapas\u00f3n de laurel, 19 trastes, longitud de escala: 20.7\u201d pulgadas (527 mm), pastillas mini-humbucker con coil-split a trav\u00e9s del potenci\u00f3metro de volumen, controles de volumen (pull para coil-split) y tono, maquinaria Der Jung Sealed Tuners, 1:14 gear ratio, cuerdas D&#039;Addario EXL145 nickel wound strings, 12-54 (Heavy).\" \/>\n<meta name=\"robots\" content=\"index, follow, max-snippet:-1, max-image-preview:large, max-video-preview:-1\" \/>\n<link rel=\"canonical\" href=\"https:\/\/www.mexicanguitarplayers.com\/en\/tienda\/sin%20categor\u00eda\/guitarra-blackstar-elect-carry-on-st\/\" \/>\n<meta property=\"og:locale\" content=\"en_US\" \/>\n<meta property=\"og:type\" content=\"article\" \/>\n<meta property=\"og:title\" content=\"GUITARRA BLACKSTAR ELECT.CARRY-ON-ST - Mexican Guitar Players\" \/>\n<meta property=\"og:description\" content=\"Guitarra de viaje Carry-On, fabricada en una sola pieza de okoume (cuerpo y brazo), diapas\u00f3n de laurel, 19 trastes, longitud de escala: 20.7\u201d pulgadas (527 mm), pastillas mini-humbucker con coil-split a trav\u00e9s del potenci\u00f3metro de volumen, controles de volumen (pull para coil-split) y tono, maquinaria Der Jung Sealed Tuners, 1:14 gear ratio, cuerdas D&#039;Addario EXL145 nickel wound strings, 12-54 (Heavy).\" \/>\n<meta property=\"og:url\" content=\"https:\/\/www.mexicanguitarplayers.com\/en\/tienda\/sin categor\u00eda\/guitarra-blackstar-elect-carry-on-st\/\" \/>\n<meta property=\"og:site_name\" content=\"Mexican Guitar Players\" \/>\n<meta property=\"article:modified_time\" content=\"2026-05-01T13:30:31+00:00\" \/>\n<meta name=\"twitter:card\" content=\"summary_large_image\" \/>\n<meta name=\"twitter:label1\" content=\"Est. reading time\" \/>\n\t<meta name=\"twitter:data1\" content=\"2 minutes\" \/>\n<script type=\"application\/ld+json\" class=\"yoast-schema-graph\">{\"@context\":\"https:\\\/\\\/schema.org\",\"@graph\":[{\"@type\":[\"WebPage\",\"ItemPage\"],\"@id\":\"https:\\\/\\\/www.mexicanguitarplayers.com\\\/tienda\\\/sin categor\u00eda\\\/guitarra-blackstar-elect-carry-on-st\\\/\",\"url\":\"https:\\\/\\\/www.mexicanguitarplayers.com\\\/tienda\\\/sin categor\u00eda\\\/guitarra-blackstar-elect-carry-on-st\\\/\",\"name\":\"GUITARRA BLACKSTAR ELECT.CARRY-ON-ST - Mexican Guitar Players\",\"isPartOf\":{\"@id\":\"https:\\\/\\\/www.mexicanguitarplayers.com\\\/#website\"},\"primaryImageOfPage\":{\"@id\":\"https:\\\/\\\/www.mexicanguitarplayers.com\\\/tienda\\\/sin categor\u00eda\\\/guitarra-blackstar-elect-carry-on-st\\\/#primaryimage\"},\"image\":{\"@id\":\"https:\\\/\\\/www.mexicanguitarplayers.com\\\/tienda\\\/sin categor\u00eda\\\/guitarra-blackstar-elect-carry-on-st\\\/#primaryimage\"},\"thumbnailUrl\":\"https:\\\/\\\/www.mexicanguitarplayers.com\\\/wp-content\\\/uploads\\\/2025\\\/04\\\/ISBLSCARRYONST.jpg\",\"datePublished\":\"2025-04-06T19:30:47+00:00\",\"dateModified\":\"2026-05-01T13:30:31+00:00\",\"description\":\"Guitarra de viaje Carry-On, fabricada en una sola pieza de okoume (cuerpo y brazo), diapas\u00f3n de laurel, 19 trastes, longitud de escala: 20.7\u201d pulgadas (527 mm), pastillas mini-humbucker con coil-split a trav\u00e9s del potenci\u00f3metro de volumen, controles de volumen (pull para coil-split) y tono, maquinaria Der Jung Sealed Tuners, 1:14 gear ratio, cuerdas D'Addario EXL145 nickel wound strings, 12-54 (Heavy).\",\"breadcrumb\":{\"@id\":\"https:\\\/\\\/www.mexicanguitarplayers.com\\\/tienda\\\/sin categor\u00eda\\\/guitarra-blackstar-elect-carry-on-st\\\/#breadcrumb\"},\"inLanguage\":\"en-US\",\"potentialAction\":[{\"@type\":\"ReadAction\",\"target\":[\"https:\\\/\\\/www.mexicanguitarplayers.com\\\/tienda\\\/sin categor\u00eda\\\/guitarra-blackstar-elect-carry-on-st\\\/\"]}]},{\"@type\":\"ImageObject\",\"inLanguage\":\"en-US\",\"@id\":\"https:\\\/\\\/www.mexicanguitarplayers.com\\\/tienda\\\/sin categor\u00eda\\\/guitarra-blackstar-elect-carry-on-st\\\/#primaryimage\",\"url\":\"https:\\\/\\\/www.mexicanguitarplayers.com\\\/wp-content\\\/uploads\\\/2025\\\/04\\\/ISBLSCARRYONST.jpg\",\"contentUrl\":\"https:\\\/\\\/www.mexicanguitarplayers.com\\\/wp-content\\\/uploads\\\/2025\\\/04\\\/ISBLSCARRYONST.jpg\",\"width\":1200,\"height\":1200},{\"@type\":\"BreadcrumbList\",\"@id\":\"https:\\\/\\\/www.mexicanguitarplayers.com\\\/tienda\\\/sin categor\u00eda\\\/guitarra-blackstar-elect-carry-on-st\\\/#breadcrumb\",\"itemListElement\":[{\"@type\":\"ListItem\",\"position\":1,\"name\":\"Portada\",\"item\":\"https:\\\/\\\/www.mexicanguitarplayers.com\\\/\"},{\"@type\":\"ListItem\",\"position\":2,\"name\":\"Tienda\",\"item\":\"https:\\\/\\\/www.mexicanguitarplayers.com\\\/tienda\\\/\"},{\"@type\":\"ListItem\",\"position\":3,\"name\":\"GUITARRA BLACKSTAR ELECT.CARRY-ON-ST\"}]},{\"@type\":\"WebSite\",\"@id\":\"https:\\\/\\\/www.mexicanguitarplayers.com\\\/#website\",\"url\":\"https:\\\/\\\/www.mexicanguitarplayers.com\\\/\",\"name\":\"Mexican Guitar Players\",\"description\":\"Website\",\"publisher\":{\"@id\":\"https:\\\/\\\/www.mexicanguitarplayers.com\\\/#organization\"},\"potentialAction\":[{\"@type\":\"SearchAction\",\"target\":{\"@type\":\"EntryPoint\",\"urlTemplate\":\"https:\\\/\\\/www.mexicanguitarplayers.com\\\/?s={search_term_string}\"},\"query-input\":{\"@type\":\"PropertyValueSpecification\",\"valueRequired\":true,\"valueName\":\"search_term_string\"}}],\"inLanguage\":\"en-US\"},{\"@type\":\"Organization\",\"@id\":\"https:\\\/\\\/www.mexicanguitarplayers.com\\\/#organization\",\"name\":\"Mexican Guitar Players\",\"url\":\"https:\\\/\\\/www.mexicanguitarplayers.com\\\/\",\"logo\":{\"@type\":\"ImageObject\",\"inLanguage\":\"en-US\",\"@id\":\"https:\\\/\\\/www.mexicanguitarplayers.com\\\/#\\\/schema\\\/logo\\\/image\\\/\",\"url\":\"\",\"contentUrl\":\"\",\"caption\":\"Mexican Guitar Players\"},\"image\":{\"@id\":\"https:\\\/\\\/www.mexicanguitarplayers.com\\\/#\\\/schema\\\/logo\\\/image\\\/\"}}]}<\/script>\n<!-- \/ Yoast SEO plugin. -->","yoast_head_json":{"title":"GUITARRA BLACKSTAR ELECT.CARRY-ON-ST - Mexican Guitar Players","description":"Guitarra de viaje Carry-On, fabricada en una sola pieza de okoume (cuerpo y brazo), diapas\u00f3n de laurel, 19 trastes, longitud de escala: 20.7\u201d pulgadas (527 mm), pastillas mini-humbucker con coil-split a trav\u00e9s del potenci\u00f3metro de volumen, controles de volumen (pull para coil-split) y tono, maquinaria Der Jung Sealed Tuners, 1:14 gear ratio, cuerdas D'Addario EXL145 nickel wound strings, 12-54 (Heavy).","robots":{"index":"index","follow":"follow","max-snippet":"max-snippet:-1","max-image-preview":"max-image-preview:large","max-video-preview":"max-video-preview:-1"},"canonical":"https:\/\/www.mexicanguitarplayers.com\/en\/tienda\/sin categor\u00eda\/guitarra-blackstar-elect-carry-on-st\/","og_locale":"en_US","og_type":"article","og_title":"GUITARRA BLACKSTAR ELECT.CARRY-ON-ST - Mexican Guitar Players","og_description":"Guitarra de viaje Carry-On, fabricada en una sola pieza de okoume (cuerpo y brazo), diapas\u00f3n de laurel, 19 trastes, longitud de escala: 20.7\u201d pulgadas (527 mm), pastillas mini-humbucker con coil-split a trav\u00e9s del potenci\u00f3metro de volumen, controles de volumen (pull para coil-split) y tono, maquinaria Der Jung Sealed Tuners, 1:14 gear ratio, cuerdas D'Addario EXL145 nickel wound strings, 12-54 (Heavy).","og_url":"https:\/\/www.mexicanguitarplayers.com\/en\/tienda\/sin categor\u00eda\/guitarra-blackstar-elect-carry-on-st\/","og_site_name":"Mexican Guitar Players","article_modified_time":"2026-05-01T13:30:31+00:00","twitter_card":"summary_large_image","twitter_misc":{"Est. reading time":"2 minutes"},"schema":{"@context":"https:\/\/schema.org","@graph":[{"@type":["WebPage","ItemPage"],"@id":"https:\/\/www.mexicanguitarplayers.com\/tienda\/sin categor\u00eda\/guitarra-blackstar-elect-carry-on-st\/","url":"https:\/\/www.mexicanguitarplayers.com\/tienda\/sin categor\u00eda\/guitarra-blackstar-elect-carry-on-st\/","name":"GUITARRA BLACKSTAR ELECT.CARRY-ON-ST - Mexican Guitar Players","isPartOf":{"@id":"https:\/\/www.mexicanguitarplayers.com\/#website"},"primaryImageOfPage":{"@id":"https:\/\/www.mexicanguitarplayers.com\/tienda\/sin categor\u00eda\/guitarra-blackstar-elect-carry-on-st\/#primaryimage"},"image":{"@id":"https:\/\/www.mexicanguitarplayers.com\/tienda\/sin categor\u00eda\/guitarra-blackstar-elect-carry-on-st\/#primaryimage"},"thumbnailUrl":"https:\/\/www.mexicanguitarplayers.com\/wp-content\/uploads\/2025\/04\/ISBLSCARRYONST.jpg","datePublished":"2025-04-06T19:30:47+00:00","dateModified":"2026-05-01T13:30:31+00:00","description":"Guitarra de viaje Carry-On, fabricada en una sola pieza de okoume (cuerpo y brazo), diapas\u00f3n de laurel, 19 trastes, longitud de escala: 20.7\u201d pulgadas (527 mm), pastillas mini-humbucker con coil-split a trav\u00e9s del potenci\u00f3metro de volumen, controles de volumen (pull para coil-split) y tono, maquinaria Der Jung Sealed Tuners, 1:14 gear ratio, cuerdas D'Addario EXL145 nickel wound strings, 12-54 (Heavy).","breadcrumb":{"@id":"https:\/\/www.mexicanguitarplayers.com\/tienda\/sin categor\u00eda\/guitarra-blackstar-elect-carry-on-st\/#breadcrumb"},"inLanguage":"en-US","potentialAction":[{"@type":"ReadAction","target":["https:\/\/www.mexicanguitarplayers.com\/tienda\/sin categor\u00eda\/guitarra-blackstar-elect-carry-on-st\/"]}]},{"@type":"ImageObject","inLanguage":"en-US","@id":"https:\/\/www.mexicanguitarplayers.com\/tienda\/sin categor\u00eda\/guitarra-blackstar-elect-carry-on-st\/#primaryimage","url":"https:\/\/www.mexicanguitarplayers.com\/wp-content\/uploads\/2025\/04\/ISBLSCARRYONST.jpg","contentUrl":"https:\/\/www.mexicanguitarplayers.com\/wp-content\/uploads\/2025\/04\/ISBLSCARRYONST.jpg","width":1200,"height":1200},{"@type":"BreadcrumbList","@id":"https:\/\/www.mexicanguitarplayers.com\/tienda\/sin categor\u00eda\/guitarra-blackstar-elect-carry-on-st\/#breadcrumb","itemListElement":[{"@type":"ListItem","position":1,"name":"Portada","item":"https:\/\/www.mexicanguitarplayers.com\/"},{"@type":"ListItem","position":2,"name":"Tienda","item":"https:\/\/www.mexicanguitarplayers.com\/tienda\/"},{"@type":"ListItem","position":3,"name":"GUITARRA BLACKSTAR ELECT.CARRY-ON-ST"}]},{"@type":"WebSite","@id":"https:\/\/www.mexicanguitarplayers.com\/#website","url":"https:\/\/www.mexicanguitarplayers.com\/","name":"Mexican Guitar Players","description":"Website","publisher":{"@id":"https:\/\/www.mexicanguitarplayers.com\/#organization"},"potentialAction":[{"@type":"SearchAction","target":{"@type":"EntryPoint","urlTemplate":"https:\/\/www.mexicanguitarplayers.com\/?s={search_term_string}"},"query-input":{"@type":"PropertyValueSpecification","valueRequired":true,"valueName":"search_term_string"}}],"inLanguage":"en-US"},{"@type":"Organization","@id":"https:\/\/www.mexicanguitarplayers.com\/#organization","name":"Mexican Guitar Players","url":"https:\/\/www.mexicanguitarplayers.com\/","logo":{"@type":"ImageObject","inLanguage":"en-US","@id":"https:\/\/www.mexicanguitarplayers.com\/#\/schema\/logo\/image\/","url":"","contentUrl":"","caption":"Mexican Guitar Players"},"image":{"@id":"https:\/\/www.mexicanguitarplayers.com\/#\/schema\/logo\/image\/"}}]}},"brands":[{"id":172,"name":"BLACKSTAR","slug":"blackstar"}],"_links":{"self":[{"href":"https:\/\/www.mexicanguitarplayers.com\/en\/wp-json\/wp\/v2\/product\/23883","targetHints":{"allow":["GET"]}}],"collection":[{"href":"https:\/\/www.mexicanguitarplayers.com\/en\/wp-json\/wp\/v2\/product"}],"about":[{"href":"https:\/\/www.mexicanguitarplayers.com\/en\/wp-json\/wp\/v2\/types\/product"}],"replies":[{"embeddable":true,"href":"https:\/\/www.mexicanguitarplayers.com\/en\/wp-json\/wp\/v2\/comments?post=23883"}],"wp:featuredmedia":[{"embeddable":true,"href":"https:\/\/www.mexicanguitarplayers.com\/en\/wp-json\/wp\/v2\/media\/23871"}],"wp:attachment":[{"href":"https:\/\/www.mexicanguitarplayers.com\/en\/wp-json\/wp\/v2\/media?parent=23883"}],"wp:term":[{"taxonomy":"pwb-brand","embeddable":true,"href":"https:\/\/www.mexicanguitarplayers.com\/en\/wp-json\/wp\/v2\/pwb-brand?post=23883"},{"taxonomy":"product_brand","embeddable":true,"href":"https:\/\/www.mexicanguitarplayers.com\/en\/wp-json\/wp\/v2\/product_brand?post=23883"},{"taxonomy":"product_cat","embeddable":true,"href":"https:\/\/www.mexicanguitarplayers.com\/en\/wp-json\/wp\/v2\/product_cat?post=23883"},{"taxonomy":"product_tag","embeddable":true,"href":"https:\/\/www.mexicanguitarplayers.com\/en\/wp-json\/wp\/v2\/product_tag?post=23883"}],"curies":[{"name":"wp","href":"https:\/\/api.w.org\/{rel}","templated":true}]}}