{"id":23906,"date":"2025-04-06T13:32:14","date_gmt":"2025-04-06T19:32:14","guid":{"rendered":"https:\/\/www.mexicanguitarplayers.com\/tienda\/sin categor\u00eda\/ukelele-la-sevillana-e-acust-svuke-200e\/"},"modified":"2026-04-10T04:48:14","modified_gmt":"2026-04-10T10:48:14","slug":"ukelele-la-sevillana-e-acust-svuke-200e","status":"publish","type":"product","link":"https:\/\/www.mexicanguitarplayers.com\/en\/tienda\/cuerdas\/folkloricos-y-regionales\/ukelele-la-sevillana-e-acust-svuke-200e\/","title":{"rendered":"UKELELE LA SEVILLANA E\/ACUST. SVUKE-200E"},"content":{"rendered":"<div style=\"text-align: justify\">\n<div>\n<h3>Obt\u00e9n el cl\u00e1sico sonido de Haw\u00e1i.<\/h3>\n<\/div>\n<div>La palabra Ukelele viene de la Polinesia y significa &#8220;la pulga saltarina&#8221;. Es un peque\u00f1o machete portugu\u00e9s imitaci\u00f3n de guitarra con 4 cuerdas de nylon (Soprano a, d, fis, h). Llego a finales del siglo XIX de Madeira a la Polinesia y desde entonces pertenece a uno de los instrumentos m\u00e1s populares del archipi\u00e9lago. Con el ukelele de La Sevillana tendr\u00e1s en tus manos fineza extraordinaria, resonancia natural y toda la experiencia en la fabricaci\u00f3n de guitarras cl\u00e1sicas, instrumentos orquestales e instrumentos folcl\u00f3ricos y regionales. La Sevillana te ofrece un tono c\u00e1lido en todos sus instrumentos. La Sevillana es una marca de fin\u00edsimas guitarras cl\u00e1sicas e instrumentos orquestales elaborados con las mejores maderas y con el mejor control de calidad.<\/div>\n<div>\n<h4>Characteristics<\/h4>\n<\/div>\n<div>\n<ul style=\"margin: 0px 0px 0px 25px\">\n<li style=\"list-style-type: circle;margin: 5px\">Ukelele soprano.<\/li>\n<li style=\"list-style-type: circle;margin: 5px\">Pastilla con volumen y ecualizador de 3 bandas y afinador.<\/li>\n<li style=\"list-style-type: circle;margin: 5px\">Tapa, aros y fondo de fina caoba.<\/li>\n<li style=\"list-style-type: circle;margin: 5px\">Rosewood fingerboard and bridge.<\/li>\n<li style=\"list-style-type: circle;margin: 5px\">Maquinaria cromada.<\/li>\n<li style=\"list-style-type: circle;margin: 5px\">12 trastes.<\/li>\n<li style=\"list-style-type: circle;margin: 5px\">Cuerdas D&#8217;Addario.<\/li>\n<li style=\"list-style-type: circle;margin: 5px\">Incluye funda de nylon y afinador de silbato.<\/li>\n<\/ul>\n<\/div>\n<\/div>","protected":false},"excerpt":{"rendered":"<p>Ukelele electro ac\u00fastico soprano, tapa, aros y fondo de fina caoba, diapas\u00f3n y puente de palo de rosa, maquinaria cromada, 12 trastes, pastilla con volumen, ecualizador de 3 bandas, afinador integrado e indicador de bater\u00eda, cuerdas D&#8217;Addario, incluye funda de nylon y afinador de silbato.&hellip; <a class=\"kt-excerpt-readmore more-link\" href=\"https:\/\/www.mexicanguitarplayers.com\/en\/tienda\/cuerdas\/folkloricos-y-regionales\/ukelele-la-sevillana-e-acust-svuke-200e\/\">Read more<\/a><\/p>","protected":false},"featured_media":23901,"comment_status":"open","ping_status":"closed","template":"","meta":{"kt_blocks_editor_width":""},"pwb-brand":[345],"product_brand":[],"product_cat":[224,320],"product_tag":[],"class_list":{"0":"post-23906","1":"product","2":"type-product","3":"status-publish","4":"has-post-thumbnail","6":"pwb-brand-la-sevillana","7":"product_cat-cuerdas","8":"product_cat-folkloricos-y-regionales","9":"product_shipping_class-0-5-kg","11":"first","12":"outofstock","13":"taxable","14":"shipping-taxable","15":"purchasable","16":"product-type-simple"},"yoast_head":"<!-- This site is optimized with the Yoast SEO plugin v27.5 - https:\/\/yoast.com\/product\/yoast-seo-wordpress\/ -->\n<title>UKELELE LA SEVILLANA E\/ACUST. SVUKE-200E - Mexican Guitar Players<\/title>\n<meta name=\"description\" content=\"Ukelele electro ac\u00fastico soprano, tapa, aros y fondo de fina caoba, diapas\u00f3n y puente de palo de rosa, maquinaria cromada, 12 trastes, pastilla con volumen, ecualizador de 3 bandas, afinador integrado e indicador de bater\u00eda, cuerdas D&#039;Addario, incluye funda de nylon y afinador de silbato.\" \/>\n<meta name=\"robots\" content=\"index, follow, max-snippet:-1, max-image-preview:large, max-video-preview:-1\" \/>\n<link rel=\"canonical\" href=\"https:\/\/www.mexicanguitarplayers.com\/en\/tienda\/sin%20categor\u00eda\/ukelele-la-sevillana-e-acust-svuke-200e\/\" \/>\n<meta property=\"og:locale\" content=\"en_US\" \/>\n<meta property=\"og:type\" content=\"article\" \/>\n<meta property=\"og:title\" content=\"UKELELE LA SEVILLANA E\/ACUST. SVUKE-200E - Mexican Guitar Players\" \/>\n<meta property=\"og:description\" content=\"Ukelele electro ac\u00fastico soprano, tapa, aros y fondo de fina caoba, diapas\u00f3n y puente de palo de rosa, maquinaria cromada, 12 trastes, pastilla con volumen, ecualizador de 3 bandas, afinador integrado e indicador de bater\u00eda, cuerdas D&#039;Addario, incluye funda de nylon y afinador de silbato.\" \/>\n<meta property=\"og:url\" content=\"https:\/\/www.mexicanguitarplayers.com\/en\/tienda\/sin categor\u00eda\/ukelele-la-sevillana-e-acust-svuke-200e\/\" \/>\n<meta property=\"og:site_name\" content=\"Mexican Guitar Players\" \/>\n<meta property=\"article:modified_time\" content=\"2026-04-10T10:48:14+00:00\" \/>\n<meta name=\"twitter:card\" content=\"summary_large_image\" \/>\n<meta name=\"twitter:label1\" content=\"Est. reading time\" \/>\n\t<meta name=\"twitter:data1\" content=\"1 minute\" \/>\n<script type=\"application\/ld+json\" class=\"yoast-schema-graph\">{\"@context\":\"https:\\\/\\\/schema.org\",\"@graph\":[{\"@type\":[\"WebPage\",\"ItemPage\"],\"@id\":\"https:\\\/\\\/www.mexicanguitarplayers.com\\\/tienda\\\/sin categor\u00eda\\\/ukelele-la-sevillana-e-acust-svuke-200e\\\/\",\"url\":\"https:\\\/\\\/www.mexicanguitarplayers.com\\\/tienda\\\/sin categor\u00eda\\\/ukelele-la-sevillana-e-acust-svuke-200e\\\/\",\"name\":\"UKELELE LA SEVILLANA E\\\/ACUST. SVUKE-200E - Mexican Guitar Players\",\"isPartOf\":{\"@id\":\"https:\\\/\\\/www.mexicanguitarplayers.com\\\/#website\"},\"primaryImageOfPage\":{\"@id\":\"https:\\\/\\\/www.mexicanguitarplayers.com\\\/tienda\\\/sin categor\u00eda\\\/ukelele-la-sevillana-e-acust-svuke-200e\\\/#primaryimage\"},\"image\":{\"@id\":\"https:\\\/\\\/www.mexicanguitarplayers.com\\\/tienda\\\/sin categor\u00eda\\\/ukelele-la-sevillana-e-acust-svuke-200e\\\/#primaryimage\"},\"thumbnailUrl\":\"https:\\\/\\\/www.mexicanguitarplayers.com\\\/wp-content\\\/uploads\\\/2025\\\/04\\\/ISSEVSVUKE200E.jpg\",\"datePublished\":\"2025-04-06T19:32:14+00:00\",\"dateModified\":\"2026-04-10T10:48:14+00:00\",\"description\":\"Ukelele electro ac\u00fastico soprano, tapa, aros y fondo de fina caoba, diapas\u00f3n y puente de palo de rosa, maquinaria cromada, 12 trastes, pastilla con volumen, ecualizador de 3 bandas, afinador integrado e indicador de bater\u00eda, cuerdas D'Addario, incluye funda de nylon y afinador de silbato.\",\"breadcrumb\":{\"@id\":\"https:\\\/\\\/www.mexicanguitarplayers.com\\\/tienda\\\/sin categor\u00eda\\\/ukelele-la-sevillana-e-acust-svuke-200e\\\/#breadcrumb\"},\"inLanguage\":\"en-US\",\"potentialAction\":[{\"@type\":\"ReadAction\",\"target\":[\"https:\\\/\\\/www.mexicanguitarplayers.com\\\/tienda\\\/sin categor\u00eda\\\/ukelele-la-sevillana-e-acust-svuke-200e\\\/\"]}]},{\"@type\":\"ImageObject\",\"inLanguage\":\"en-US\",\"@id\":\"https:\\\/\\\/www.mexicanguitarplayers.com\\\/tienda\\\/sin categor\u00eda\\\/ukelele-la-sevillana-e-acust-svuke-200e\\\/#primaryimage\",\"url\":\"https:\\\/\\\/www.mexicanguitarplayers.com\\\/wp-content\\\/uploads\\\/2025\\\/04\\\/ISSEVSVUKE200E.jpg\",\"contentUrl\":\"https:\\\/\\\/www.mexicanguitarplayers.com\\\/wp-content\\\/uploads\\\/2025\\\/04\\\/ISSEVSVUKE200E.jpg\",\"width\":800,\"height\":1600},{\"@type\":\"BreadcrumbList\",\"@id\":\"https:\\\/\\\/www.mexicanguitarplayers.com\\\/tienda\\\/sin categor\u00eda\\\/ukelele-la-sevillana-e-acust-svuke-200e\\\/#breadcrumb\",\"itemListElement\":[{\"@type\":\"ListItem\",\"position\":1,\"name\":\"Portada\",\"item\":\"https:\\\/\\\/www.mexicanguitarplayers.com\\\/\"},{\"@type\":\"ListItem\",\"position\":2,\"name\":\"Tienda\",\"item\":\"https:\\\/\\\/www.mexicanguitarplayers.com\\\/tienda\\\/\"},{\"@type\":\"ListItem\",\"position\":3,\"name\":\"UKELELE LA SEVILLANA E\\\/ACUST. SVUKE-200E\"}]},{\"@type\":\"WebSite\",\"@id\":\"https:\\\/\\\/www.mexicanguitarplayers.com\\\/#website\",\"url\":\"https:\\\/\\\/www.mexicanguitarplayers.com\\\/\",\"name\":\"Mexican Guitar Players\",\"description\":\"Website\",\"publisher\":{\"@id\":\"https:\\\/\\\/www.mexicanguitarplayers.com\\\/#organization\"},\"potentialAction\":[{\"@type\":\"SearchAction\",\"target\":{\"@type\":\"EntryPoint\",\"urlTemplate\":\"https:\\\/\\\/www.mexicanguitarplayers.com\\\/?s={search_term_string}\"},\"query-input\":{\"@type\":\"PropertyValueSpecification\",\"valueRequired\":true,\"valueName\":\"search_term_string\"}}],\"inLanguage\":\"en-US\"},{\"@type\":\"Organization\",\"@id\":\"https:\\\/\\\/www.mexicanguitarplayers.com\\\/#organization\",\"name\":\"Mexican Guitar Players\",\"url\":\"https:\\\/\\\/www.mexicanguitarplayers.com\\\/\",\"logo\":{\"@type\":\"ImageObject\",\"inLanguage\":\"en-US\",\"@id\":\"https:\\\/\\\/www.mexicanguitarplayers.com\\\/#\\\/schema\\\/logo\\\/image\\\/\",\"url\":\"\",\"contentUrl\":\"\",\"caption\":\"Mexican Guitar Players\"},\"image\":{\"@id\":\"https:\\\/\\\/www.mexicanguitarplayers.com\\\/#\\\/schema\\\/logo\\\/image\\\/\"}}]}<\/script>\n<!-- \/ Yoast SEO plugin. -->","yoast_head_json":{"title":"UKELELE LA SEVILLANA E\/ACUST. SVUKE-200E - Mexican Guitar Players","description":"Ukelele electro ac\u00fastico soprano, tapa, aros y fondo de fina caoba, diapas\u00f3n y puente de palo de rosa, maquinaria cromada, 12 trastes, pastilla con volumen, ecualizador de 3 bandas, afinador integrado e indicador de bater\u00eda, cuerdas D'Addario, incluye funda de nylon y afinador de silbato.","robots":{"index":"index","follow":"follow","max-snippet":"max-snippet:-1","max-image-preview":"max-image-preview:large","max-video-preview":"max-video-preview:-1"},"canonical":"https:\/\/www.mexicanguitarplayers.com\/en\/tienda\/sin categor\u00eda\/ukelele-la-sevillana-e-acust-svuke-200e\/","og_locale":"en_US","og_type":"article","og_title":"UKELELE LA SEVILLANA E\/ACUST. SVUKE-200E - Mexican Guitar Players","og_description":"Ukelele electro ac\u00fastico soprano, tapa, aros y fondo de fina caoba, diapas\u00f3n y puente de palo de rosa, maquinaria cromada, 12 trastes, pastilla con volumen, ecualizador de 3 bandas, afinador integrado e indicador de bater\u00eda, cuerdas D'Addario, incluye funda de nylon y afinador de silbato.","og_url":"https:\/\/www.mexicanguitarplayers.com\/en\/tienda\/sin categor\u00eda\/ukelele-la-sevillana-e-acust-svuke-200e\/","og_site_name":"Mexican Guitar Players","article_modified_time":"2026-04-10T10:48:14+00:00","twitter_card":"summary_large_image","twitter_misc":{"Est. reading time":"1 minute"},"schema":{"@context":"https:\/\/schema.org","@graph":[{"@type":["WebPage","ItemPage"],"@id":"https:\/\/www.mexicanguitarplayers.com\/tienda\/sin categor\u00eda\/ukelele-la-sevillana-e-acust-svuke-200e\/","url":"https:\/\/www.mexicanguitarplayers.com\/tienda\/sin categor\u00eda\/ukelele-la-sevillana-e-acust-svuke-200e\/","name":"UKELELE LA SEVILLANA E\/ACUST. SVUKE-200E - Mexican Guitar Players","isPartOf":{"@id":"https:\/\/www.mexicanguitarplayers.com\/#website"},"primaryImageOfPage":{"@id":"https:\/\/www.mexicanguitarplayers.com\/tienda\/sin categor\u00eda\/ukelele-la-sevillana-e-acust-svuke-200e\/#primaryimage"},"image":{"@id":"https:\/\/www.mexicanguitarplayers.com\/tienda\/sin categor\u00eda\/ukelele-la-sevillana-e-acust-svuke-200e\/#primaryimage"},"thumbnailUrl":"https:\/\/www.mexicanguitarplayers.com\/wp-content\/uploads\/2025\/04\/ISSEVSVUKE200E.jpg","datePublished":"2025-04-06T19:32:14+00:00","dateModified":"2026-04-10T10:48:14+00:00","description":"Ukelele electro ac\u00fastico soprano, tapa, aros y fondo de fina caoba, diapas\u00f3n y puente de palo de rosa, maquinaria cromada, 12 trastes, pastilla con volumen, ecualizador de 3 bandas, afinador integrado e indicador de bater\u00eda, cuerdas D'Addario, incluye funda de nylon y afinador de silbato.","breadcrumb":{"@id":"https:\/\/www.mexicanguitarplayers.com\/tienda\/sin categor\u00eda\/ukelele-la-sevillana-e-acust-svuke-200e\/#breadcrumb"},"inLanguage":"en-US","potentialAction":[{"@type":"ReadAction","target":["https:\/\/www.mexicanguitarplayers.com\/tienda\/sin categor\u00eda\/ukelele-la-sevillana-e-acust-svuke-200e\/"]}]},{"@type":"ImageObject","inLanguage":"en-US","@id":"https:\/\/www.mexicanguitarplayers.com\/tienda\/sin categor\u00eda\/ukelele-la-sevillana-e-acust-svuke-200e\/#primaryimage","url":"https:\/\/www.mexicanguitarplayers.com\/wp-content\/uploads\/2025\/04\/ISSEVSVUKE200E.jpg","contentUrl":"https:\/\/www.mexicanguitarplayers.com\/wp-content\/uploads\/2025\/04\/ISSEVSVUKE200E.jpg","width":800,"height":1600},{"@type":"BreadcrumbList","@id":"https:\/\/www.mexicanguitarplayers.com\/tienda\/sin categor\u00eda\/ukelele-la-sevillana-e-acust-svuke-200e\/#breadcrumb","itemListElement":[{"@type":"ListItem","position":1,"name":"Portada","item":"https:\/\/www.mexicanguitarplayers.com\/"},{"@type":"ListItem","position":2,"name":"Tienda","item":"https:\/\/www.mexicanguitarplayers.com\/tienda\/"},{"@type":"ListItem","position":3,"name":"UKELELE LA SEVILLANA E\/ACUST. SVUKE-200E"}]},{"@type":"WebSite","@id":"https:\/\/www.mexicanguitarplayers.com\/#website","url":"https:\/\/www.mexicanguitarplayers.com\/","name":"Mexican Guitar Players","description":"Website","publisher":{"@id":"https:\/\/www.mexicanguitarplayers.com\/#organization"},"potentialAction":[{"@type":"SearchAction","target":{"@type":"EntryPoint","urlTemplate":"https:\/\/www.mexicanguitarplayers.com\/?s={search_term_string}"},"query-input":{"@type":"PropertyValueSpecification","valueRequired":true,"valueName":"search_term_string"}}],"inLanguage":"en-US"},{"@type":"Organization","@id":"https:\/\/www.mexicanguitarplayers.com\/#organization","name":"Mexican Guitar Players","url":"https:\/\/www.mexicanguitarplayers.com\/","logo":{"@type":"ImageObject","inLanguage":"en-US","@id":"https:\/\/www.mexicanguitarplayers.com\/#\/schema\/logo\/image\/","url":"","contentUrl":"","caption":"Mexican Guitar Players"},"image":{"@id":"https:\/\/www.mexicanguitarplayers.com\/#\/schema\/logo\/image\/"}}]}},"brands":[{"id":345,"name":"THE SEVILLE","slug":"la-sevillana"}],"_links":{"self":[{"href":"https:\/\/www.mexicanguitarplayers.com\/en\/wp-json\/wp\/v2\/product\/23906","targetHints":{"allow":["GET"]}}],"collection":[{"href":"https:\/\/www.mexicanguitarplayers.com\/en\/wp-json\/wp\/v2\/product"}],"about":[{"href":"https:\/\/www.mexicanguitarplayers.com\/en\/wp-json\/wp\/v2\/types\/product"}],"replies":[{"embeddable":true,"href":"https:\/\/www.mexicanguitarplayers.com\/en\/wp-json\/wp\/v2\/comments?post=23906"}],"wp:featuredmedia":[{"embeddable":true,"href":"https:\/\/www.mexicanguitarplayers.com\/en\/wp-json\/wp\/v2\/media\/23901"}],"wp:attachment":[{"href":"https:\/\/www.mexicanguitarplayers.com\/en\/wp-json\/wp\/v2\/media?parent=23906"}],"wp:term":[{"taxonomy":"pwb-brand","embeddable":true,"href":"https:\/\/www.mexicanguitarplayers.com\/en\/wp-json\/wp\/v2\/pwb-brand?post=23906"},{"taxonomy":"product_brand","embeddable":true,"href":"https:\/\/www.mexicanguitarplayers.com\/en\/wp-json\/wp\/v2\/product_brand?post=23906"},{"taxonomy":"product_cat","embeddable":true,"href":"https:\/\/www.mexicanguitarplayers.com\/en\/wp-json\/wp\/v2\/product_cat?post=23906"},{"taxonomy":"product_tag","embeddable":true,"href":"https:\/\/www.mexicanguitarplayers.com\/en\/wp-json\/wp\/v2\/product_tag?post=23906"}],"curies":[{"name":"wp","href":"https:\/\/api.w.org\/{rel}","templated":true}]}}