{"id":23933,"date":"2025-04-06T13:33:32","date_gmt":"2025-04-06T19:33:32","guid":{"rendered":"https:\/\/www.mexicanguitarplayers.com\/tienda\/sin categor\u00eda\/condicionador-corr-a-r-t-sp4x4prousb\/"},"modified":"2026-05-06T16:15:12","modified_gmt":"2026-05-06T22:15:12","slug":"condicionador-corr-a-r-t-sp4x4prousb","status":"publish","type":"product","link":"https:\/\/www.mexicanguitarplayers.com\/en\/tienda\/accesorios\/varios\/condicionador-corr-a-r-t-sp4x4prousb\/","title":{"rendered":"CONDICIONADOR CORR. A.R.T. SP4X4PROUSB"},"content":{"rendered":"<div style=\"text-align: justify\">\n<div>\n<h3>Evita los cortes de energ\u00eda no deseados.<\/h3>\n<\/div>\n<div>Presentamos los sistemas de distribuci\u00f3n de energ\u00eda 4&#215;4 PRO USB Series de ART. Fabricados sobre la base de los populares 4&#215;4, los PRO USB Series son condicionadores de energ\u00eda confiables y de construcci\u00f3n duradera para su uso en muchas aplicaciones. Donde que se requiera un sistema de administraci\u00f3n de energ\u00eda, la Serie USB PRO 4&#215;4 proporciona la protecci\u00f3n contra sobretensiones que necesitas para mantener tu rack a salvo de interrupciones no deseadas. Todos los modelos PRO USB Series tienen un m\u00f3dulo discreto interno adicional llamado APF (Advanced Power Filtering) que filtra el hash digital y de atenuaci\u00f3n, as\u00ed como cualquier ruido de alta frecuencia que est\u00e9 por encima del rango de audio. Algunos modelos adicionales est\u00e1ndar se saturan y pierden su efectividad de filtrado a medida que aumenta la carga, pero al usar un dise\u00f1o discreto de alta potencia pudimos crear un filtro que permanece efectivo en todo el rango operativo.<\/div>\n<div>\n<h4>Quick look<\/h4>\n<\/div>\n<ul style=\"margin: 0px 0px 0px 25px\">\n<li style=\"list-style-type: circle;margin: 5px\">Power.<\/li>\n<li style=\"list-style-type: circle;margin: 5px\">Cortacircuitos.<\/li>\n<li style=\"list-style-type: circle;margin: 5px\">Enchufes de electricidad.<\/li>\n<li style=\"list-style-type: circle;margin: 5px\">Cargador USB.<\/li>\n<li style=\"list-style-type: circle;margin: 5px\">Switch de alimentaci\u00f3n.<\/li>\n<li style=\"list-style-type: circle;margin: 5px\">Switch de iluminaci\u00f3n.<\/li>\n<li style=\"list-style-type: circle;margin: 5px\">Protecci\u00f3n contra sobretensiones y picos.<\/li>\n<li style=\"list-style-type: circle;margin: 5px\">Disipaci\u00f3n de potencia.<\/li>\n<li style=\"list-style-type: circle;margin: 5px\">Filtraci\u00f3n.<\/li>\n<li style=\"list-style-type: circle;margin: 5px\">Construcci\u00f3n.<\/li>\n<li style=\"list-style-type: circle;margin: 5px\">Tubos de luz.<\/li>\n<li style=\"list-style-type: circle;margin: 5px\">Medidor.<\/li>\n<li style=\"list-style-type: circle;margin: 5px\">Dimensions.<\/li>\n<li style=\"list-style-type: circle;margin: 5px\">Weight.<\/li>\n<\/ul>\n<div>\n<div style=\"font-weight: bold\">Power.<\/div>\n<div>\n<p>1800 Watts.<\/p>\n<\/div>\n<div style=\"font-weight: bold\">Cortacircuitos.<\/div>\n<div>\n<p>15 Amp Domestic, 8 Amp Export locaci\u00f3n frontal.<\/p>\n<\/div>\n<div style=\"font-weight: bold\">Enchufes de electricidad.<\/div>\n<div>\n<p>Enchufes traseros: 8. Enchufes frontales: 1.<\/p>\n<\/div>\n<div style=\"font-weight: bold\">Cargador USB.<\/div>\n<div>\n<p>5V\/3.1A (OVP&amp;OCP).<\/p>\n<\/div>\n<div style=\"font-weight: bold\">Switch de alimentaci\u00f3n.<\/div>\n<div>\n<p>Localizado al frente: On y Off.<\/p>\n<\/div>\n<div style=\"font-weight: bold\">Switch de iluminaci\u00f3n.<\/div>\n<div>\n<p>S\u00ed, en posici\u00f3n de Encendido.<\/p>\n<\/div>\n<div style=\"font-weight: bold\">Protecci\u00f3n contra sobretensiones y picos.<\/div>\n<div>\n<p>Yes.<\/p>\n<\/div>\n<div style=\"font-weight: bold\">Disipaci\u00f3n de potencia.<\/div>\n<div>\n<p>1800 Joules.<\/p>\n<\/div>\n<div style=\"font-weight: bold\">Filtraci\u00f3n.<\/div>\n<div>\n<p>APF, EMI &amp; RFI.<\/p>\n<\/div>\n<div style=\"font-weight: bold\">Construcci\u00f3n.<\/div>\n<div>\n<p>Chasis de acero.<\/p>\n<\/div>\n<div style=\"font-weight: bold\">Tubos de luz.<\/div>\n<div>\n<p>2 amortiguadores extra\u00edbles delanteros montados con atenuador.<\/p>\n<\/div>\n<div style=\"font-weight: bold\">Medidor.<\/div>\n<div>\n<p>Voltaje de entrada.<\/p>\n<\/div>\n<div style=\"font-weight: bold\">Dimensions.<\/div>\n<div>\n<p>44 x 482 x 165 mm.<\/p>\n<\/div>\n<div style=\"font-weight: bold\">Weight.<\/div>\n<div>\n<p>2.8 kg.<\/p>\n<\/div>\n<\/div>\n<\/div>","protected":false},"excerpt":{"rendered":"<p>Condicionador de corriente, dise\u00f1ado con una capacidad de potencia de 1800 watts, protecci\u00f3n contra sobretensiones y picos, APF con filtrado EMI y RFI, toma de corriente no conmutada montada en la parte delantera y una fuente de luz de cuello de cisne ajustable montada en la parte trasera para una iluminaci\u00f3n brillante detr\u00e1s del rack, espaciado y alineaci\u00f3n de las salidas traseras para adaptarse a enchufes de alimentaci\u00f3n de varios tama\u00f1os y adaptadores AC, dimensiones: 44 x 482 x 165 mm, peso: 2.8 kg.&hellip; <a class=\"kt-excerpt-readmore more-link\" href=\"https:\/\/www.mexicanguitarplayers.com\/en\/tienda\/accesorios\/varios\/condicionador-corr-a-r-t-sp4x4prousb\/\">Read more<\/a><\/p>","protected":false},"featured_media":23930,"comment_status":"open","ping_status":"closed","template":"","meta":{"kt_blocks_editor_width":""},"pwb-brand":[531],"product_brand":[],"product_cat":[85,249],"product_tag":[],"class_list":{"0":"post-23933","1":"product","2":"type-product","3":"status-publish","4":"has-post-thumbnail","6":"pwb-brand-a-r-t","7":"product_cat-accesorios","8":"product_cat-varios","9":"product_shipping_class-0-5-kg","11":"first","12":"outofstock","13":"taxable","14":"shipping-taxable","15":"purchasable","16":"product-type-simple"},"yoast_head":"<!-- This site is optimized with the Yoast SEO plugin v27.5 - https:\/\/yoast.com\/product\/yoast-seo-wordpress\/ -->\n<title>CONDICIONADOR CORR. A.R.T. SP4X4PROUSB - Mexican Guitar Players<\/title>\n<meta name=\"description\" content=\"Condicionador de corriente, dise\u00f1ado con una capacidad de potencia de 1800 watts, protecci\u00f3n contra sobretensiones y picos, APF con filtrado EMI y RFI, toma de corriente no conmutada montada en la parte delantera y una fuente de luz de cuello de cisne ajustable montada en la parte trasera para una iluminaci\u00f3n brillante detr\u00e1s del rack, espaciado y alineaci\u00f3n de las salidas traseras para adaptarse a enchufes de alimentaci\u00f3n de varios tama\u00f1os y adaptadores AC, dimensiones: 44 x 482 x 165 mm, peso: 2.8 kg.\" \/>\n<meta name=\"robots\" content=\"index, follow, max-snippet:-1, max-image-preview:large, max-video-preview:-1\" \/>\n<link rel=\"canonical\" href=\"https:\/\/www.mexicanguitarplayers.com\/en\/tienda\/sin%20categor\u00eda\/condicionador-corr-a-r-t-sp4x4prousb\/\" \/>\n<meta property=\"og:locale\" content=\"en_US\" \/>\n<meta property=\"og:type\" content=\"article\" \/>\n<meta property=\"og:title\" content=\"CONDICIONADOR CORR. A.R.T. SP4X4PROUSB - Mexican Guitar Players\" \/>\n<meta property=\"og:description\" content=\"Condicionador de corriente, dise\u00f1ado con una capacidad de potencia de 1800 watts, protecci\u00f3n contra sobretensiones y picos, APF con filtrado EMI y RFI, toma de corriente no conmutada montada en la parte delantera y una fuente de luz de cuello de cisne ajustable montada en la parte trasera para una iluminaci\u00f3n brillante detr\u00e1s del rack, espaciado y alineaci\u00f3n de las salidas traseras para adaptarse a enchufes de alimentaci\u00f3n de varios tama\u00f1os y adaptadores AC, dimensiones: 44 x 482 x 165 mm, peso: 2.8 kg.\" \/>\n<meta property=\"og:url\" content=\"https:\/\/www.mexicanguitarplayers.com\/en\/tienda\/sin categor\u00eda\/condicionador-corr-a-r-t-sp4x4prousb\/\" \/>\n<meta property=\"og:site_name\" content=\"Mexican Guitar Players\" \/>\n<meta property=\"article:modified_time\" content=\"2026-05-06T22:15:12+00:00\" \/>\n<meta name=\"twitter:card\" content=\"summary_large_image\" \/>\n<meta name=\"twitter:label1\" content=\"Est. reading time\" \/>\n\t<meta name=\"twitter:data1\" content=\"1 minute\" \/>\n<script type=\"application\/ld+json\" class=\"yoast-schema-graph\">{\"@context\":\"https:\\\/\\\/schema.org\",\"@graph\":[{\"@type\":[\"WebPage\",\"ItemPage\"],\"@id\":\"https:\\\/\\\/www.mexicanguitarplayers.com\\\/tienda\\\/sin categor\u00eda\\\/condicionador-corr-a-r-t-sp4x4prousb\\\/\",\"url\":\"https:\\\/\\\/www.mexicanguitarplayers.com\\\/tienda\\\/sin categor\u00eda\\\/condicionador-corr-a-r-t-sp4x4prousb\\\/\",\"name\":\"CONDICIONADOR CORR. A.R.T. SP4X4PROUSB - Mexican Guitar Players\",\"isPartOf\":{\"@id\":\"https:\\\/\\\/www.mexicanguitarplayers.com\\\/#website\"},\"primaryImageOfPage\":{\"@id\":\"https:\\\/\\\/www.mexicanguitarplayers.com\\\/tienda\\\/sin categor\u00eda\\\/condicionador-corr-a-r-t-sp4x4prousb\\\/#primaryimage\"},\"image\":{\"@id\":\"https:\\\/\\\/www.mexicanguitarplayers.com\\\/tienda\\\/sin categor\u00eda\\\/condicionador-corr-a-r-t-sp4x4prousb\\\/#primaryimage\"},\"thumbnailUrl\":\"https:\\\/\\\/www.mexicanguitarplayers.com\\\/wp-content\\\/uploads\\\/2025\\\/04\\\/VAARTSP4X4PROU.jpg\",\"datePublished\":\"2025-04-06T19:33:32+00:00\",\"dateModified\":\"2026-05-06T22:15:12+00:00\",\"description\":\"Condicionador de corriente, dise\u00f1ado con una capacidad de potencia de 1800 watts, protecci\u00f3n contra sobretensiones y picos, APF con filtrado EMI y RFI, toma de corriente no conmutada montada en la parte delantera y una fuente de luz de cuello de cisne ajustable montada en la parte trasera para una iluminaci\u00f3n brillante detr\u00e1s del rack, espaciado y alineaci\u00f3n de las salidas traseras para adaptarse a enchufes de alimentaci\u00f3n de varios tama\u00f1os y adaptadores AC, dimensiones: 44 x 482 x 165 mm, peso: 2.8 kg.\",\"breadcrumb\":{\"@id\":\"https:\\\/\\\/www.mexicanguitarplayers.com\\\/tienda\\\/sin categor\u00eda\\\/condicionador-corr-a-r-t-sp4x4prousb\\\/#breadcrumb\"},\"inLanguage\":\"en-US\",\"potentialAction\":[{\"@type\":\"ReadAction\",\"target\":[\"https:\\\/\\\/www.mexicanguitarplayers.com\\\/tienda\\\/sin categor\u00eda\\\/condicionador-corr-a-r-t-sp4x4prousb\\\/\"]}]},{\"@type\":\"ImageObject\",\"inLanguage\":\"en-US\",\"@id\":\"https:\\\/\\\/www.mexicanguitarplayers.com\\\/tienda\\\/sin categor\u00eda\\\/condicionador-corr-a-r-t-sp4x4prousb\\\/#primaryimage\",\"url\":\"https:\\\/\\\/www.mexicanguitarplayers.com\\\/wp-content\\\/uploads\\\/2025\\\/04\\\/VAARTSP4X4PROU.jpg\",\"contentUrl\":\"https:\\\/\\\/www.mexicanguitarplayers.com\\\/wp-content\\\/uploads\\\/2025\\\/04\\\/VAARTSP4X4PROU.jpg\",\"width\":1600,\"height\":800},{\"@type\":\"BreadcrumbList\",\"@id\":\"https:\\\/\\\/www.mexicanguitarplayers.com\\\/tienda\\\/sin categor\u00eda\\\/condicionador-corr-a-r-t-sp4x4prousb\\\/#breadcrumb\",\"itemListElement\":[{\"@type\":\"ListItem\",\"position\":1,\"name\":\"Portada\",\"item\":\"https:\\\/\\\/www.mexicanguitarplayers.com\\\/\"},{\"@type\":\"ListItem\",\"position\":2,\"name\":\"Tienda\",\"item\":\"https:\\\/\\\/www.mexicanguitarplayers.com\\\/tienda\\\/\"},{\"@type\":\"ListItem\",\"position\":3,\"name\":\"CONDICIONADOR CORR. A.R.T. SP4X4PROUSB\"}]},{\"@type\":\"WebSite\",\"@id\":\"https:\\\/\\\/www.mexicanguitarplayers.com\\\/#website\",\"url\":\"https:\\\/\\\/www.mexicanguitarplayers.com\\\/\",\"name\":\"Mexican Guitar Players\",\"description\":\"Website\",\"publisher\":{\"@id\":\"https:\\\/\\\/www.mexicanguitarplayers.com\\\/#organization\"},\"potentialAction\":[{\"@type\":\"SearchAction\",\"target\":{\"@type\":\"EntryPoint\",\"urlTemplate\":\"https:\\\/\\\/www.mexicanguitarplayers.com\\\/?s={search_term_string}\"},\"query-input\":{\"@type\":\"PropertyValueSpecification\",\"valueRequired\":true,\"valueName\":\"search_term_string\"}}],\"inLanguage\":\"en-US\"},{\"@type\":\"Organization\",\"@id\":\"https:\\\/\\\/www.mexicanguitarplayers.com\\\/#organization\",\"name\":\"Mexican Guitar Players\",\"url\":\"https:\\\/\\\/www.mexicanguitarplayers.com\\\/\",\"logo\":{\"@type\":\"ImageObject\",\"inLanguage\":\"en-US\",\"@id\":\"https:\\\/\\\/www.mexicanguitarplayers.com\\\/#\\\/schema\\\/logo\\\/image\\\/\",\"url\":\"\",\"contentUrl\":\"\",\"caption\":\"Mexican Guitar Players\"},\"image\":{\"@id\":\"https:\\\/\\\/www.mexicanguitarplayers.com\\\/#\\\/schema\\\/logo\\\/image\\\/\"}}]}<\/script>\n<!-- \/ Yoast SEO plugin. -->","yoast_head_json":{"title":"CONDICIONADOR CORR. A.R.T. SP4X4PROUSB - Mexican Guitar Players","description":"Condicionador de corriente, dise\u00f1ado con una capacidad de potencia de 1800 watts, protecci\u00f3n contra sobretensiones y picos, APF con filtrado EMI y RFI, toma de corriente no conmutada montada en la parte delantera y una fuente de luz de cuello de cisne ajustable montada en la parte trasera para una iluminaci\u00f3n brillante detr\u00e1s del rack, espaciado y alineaci\u00f3n de las salidas traseras para adaptarse a enchufes de alimentaci\u00f3n de varios tama\u00f1os y adaptadores AC, dimensiones: 44 x 482 x 165 mm, peso: 2.8 kg.","robots":{"index":"index","follow":"follow","max-snippet":"max-snippet:-1","max-image-preview":"max-image-preview:large","max-video-preview":"max-video-preview:-1"},"canonical":"https:\/\/www.mexicanguitarplayers.com\/en\/tienda\/sin categor\u00eda\/condicionador-corr-a-r-t-sp4x4prousb\/","og_locale":"en_US","og_type":"article","og_title":"CONDICIONADOR CORR. A.R.T. SP4X4PROUSB - Mexican Guitar Players","og_description":"Condicionador de corriente, dise\u00f1ado con una capacidad de potencia de 1800 watts, protecci\u00f3n contra sobretensiones y picos, APF con filtrado EMI y RFI, toma de corriente no conmutada montada en la parte delantera y una fuente de luz de cuello de cisne ajustable montada en la parte trasera para una iluminaci\u00f3n brillante detr\u00e1s del rack, espaciado y alineaci\u00f3n de las salidas traseras para adaptarse a enchufes de alimentaci\u00f3n de varios tama\u00f1os y adaptadores AC, dimensiones: 44 x 482 x 165 mm, peso: 2.8 kg.","og_url":"https:\/\/www.mexicanguitarplayers.com\/en\/tienda\/sin categor\u00eda\/condicionador-corr-a-r-t-sp4x4prousb\/","og_site_name":"Mexican Guitar Players","article_modified_time":"2026-05-06T22:15:12+00:00","twitter_card":"summary_large_image","twitter_misc":{"Est. reading time":"1 minute"},"schema":{"@context":"https:\/\/schema.org","@graph":[{"@type":["WebPage","ItemPage"],"@id":"https:\/\/www.mexicanguitarplayers.com\/tienda\/sin categor\u00eda\/condicionador-corr-a-r-t-sp4x4prousb\/","url":"https:\/\/www.mexicanguitarplayers.com\/tienda\/sin categor\u00eda\/condicionador-corr-a-r-t-sp4x4prousb\/","name":"CONDICIONADOR CORR. A.R.T. SP4X4PROUSB - Mexican Guitar Players","isPartOf":{"@id":"https:\/\/www.mexicanguitarplayers.com\/#website"},"primaryImageOfPage":{"@id":"https:\/\/www.mexicanguitarplayers.com\/tienda\/sin categor\u00eda\/condicionador-corr-a-r-t-sp4x4prousb\/#primaryimage"},"image":{"@id":"https:\/\/www.mexicanguitarplayers.com\/tienda\/sin categor\u00eda\/condicionador-corr-a-r-t-sp4x4prousb\/#primaryimage"},"thumbnailUrl":"https:\/\/www.mexicanguitarplayers.com\/wp-content\/uploads\/2025\/04\/VAARTSP4X4PROU.jpg","datePublished":"2025-04-06T19:33:32+00:00","dateModified":"2026-05-06T22:15:12+00:00","description":"Condicionador de corriente, dise\u00f1ado con una capacidad de potencia de 1800 watts, protecci\u00f3n contra sobretensiones y picos, APF con filtrado EMI y RFI, toma de corriente no conmutada montada en la parte delantera y una fuente de luz de cuello de cisne ajustable montada en la parte trasera para una iluminaci\u00f3n brillante detr\u00e1s del rack, espaciado y alineaci\u00f3n de las salidas traseras para adaptarse a enchufes de alimentaci\u00f3n de varios tama\u00f1os y adaptadores AC, dimensiones: 44 x 482 x 165 mm, peso: 2.8 kg.","breadcrumb":{"@id":"https:\/\/www.mexicanguitarplayers.com\/tienda\/sin categor\u00eda\/condicionador-corr-a-r-t-sp4x4prousb\/#breadcrumb"},"inLanguage":"en-US","potentialAction":[{"@type":"ReadAction","target":["https:\/\/www.mexicanguitarplayers.com\/tienda\/sin categor\u00eda\/condicionador-corr-a-r-t-sp4x4prousb\/"]}]},{"@type":"ImageObject","inLanguage":"en-US","@id":"https:\/\/www.mexicanguitarplayers.com\/tienda\/sin categor\u00eda\/condicionador-corr-a-r-t-sp4x4prousb\/#primaryimage","url":"https:\/\/www.mexicanguitarplayers.com\/wp-content\/uploads\/2025\/04\/VAARTSP4X4PROU.jpg","contentUrl":"https:\/\/www.mexicanguitarplayers.com\/wp-content\/uploads\/2025\/04\/VAARTSP4X4PROU.jpg","width":1600,"height":800},{"@type":"BreadcrumbList","@id":"https:\/\/www.mexicanguitarplayers.com\/tienda\/sin categor\u00eda\/condicionador-corr-a-r-t-sp4x4prousb\/#breadcrumb","itemListElement":[{"@type":"ListItem","position":1,"name":"Portada","item":"https:\/\/www.mexicanguitarplayers.com\/"},{"@type":"ListItem","position":2,"name":"Tienda","item":"https:\/\/www.mexicanguitarplayers.com\/tienda\/"},{"@type":"ListItem","position":3,"name":"CONDICIONADOR CORR. A.R.T. SP4X4PROUSB"}]},{"@type":"WebSite","@id":"https:\/\/www.mexicanguitarplayers.com\/#website","url":"https:\/\/www.mexicanguitarplayers.com\/","name":"Mexican Guitar Players","description":"Website","publisher":{"@id":"https:\/\/www.mexicanguitarplayers.com\/#organization"},"potentialAction":[{"@type":"SearchAction","target":{"@type":"EntryPoint","urlTemplate":"https:\/\/www.mexicanguitarplayers.com\/?s={search_term_string}"},"query-input":{"@type":"PropertyValueSpecification","valueRequired":true,"valueName":"search_term_string"}}],"inLanguage":"en-US"},{"@type":"Organization","@id":"https:\/\/www.mexicanguitarplayers.com\/#organization","name":"Mexican Guitar Players","url":"https:\/\/www.mexicanguitarplayers.com\/","logo":{"@type":"ImageObject","inLanguage":"en-US","@id":"https:\/\/www.mexicanguitarplayers.com\/#\/schema\/logo\/image\/","url":"","contentUrl":"","caption":"Mexican Guitar Players"},"image":{"@id":"https:\/\/www.mexicanguitarplayers.com\/#\/schema\/logo\/image\/"}}]}},"brands":[{"id":531,"name":"ART","slug":"a-r-t"}],"_links":{"self":[{"href":"https:\/\/www.mexicanguitarplayers.com\/en\/wp-json\/wp\/v2\/product\/23933","targetHints":{"allow":["GET"]}}],"collection":[{"href":"https:\/\/www.mexicanguitarplayers.com\/en\/wp-json\/wp\/v2\/product"}],"about":[{"href":"https:\/\/www.mexicanguitarplayers.com\/en\/wp-json\/wp\/v2\/types\/product"}],"replies":[{"embeddable":true,"href":"https:\/\/www.mexicanguitarplayers.com\/en\/wp-json\/wp\/v2\/comments?post=23933"}],"wp:featuredmedia":[{"embeddable":true,"href":"https:\/\/www.mexicanguitarplayers.com\/en\/wp-json\/wp\/v2\/media\/23930"}],"wp:attachment":[{"href":"https:\/\/www.mexicanguitarplayers.com\/en\/wp-json\/wp\/v2\/media?parent=23933"}],"wp:term":[{"taxonomy":"pwb-brand","embeddable":true,"href":"https:\/\/www.mexicanguitarplayers.com\/en\/wp-json\/wp\/v2\/pwb-brand?post=23933"},{"taxonomy":"product_brand","embeddable":true,"href":"https:\/\/www.mexicanguitarplayers.com\/en\/wp-json\/wp\/v2\/product_brand?post=23933"},{"taxonomy":"product_cat","embeddable":true,"href":"https:\/\/www.mexicanguitarplayers.com\/en\/wp-json\/wp\/v2\/product_cat?post=23933"},{"taxonomy":"product_tag","embeddable":true,"href":"https:\/\/www.mexicanguitarplayers.com\/en\/wp-json\/wp\/v2\/product_tag?post=23933"}],"curies":[{"name":"wp","href":"https:\/\/api.w.org\/{rel}","templated":true}]}}