{"id":23941,"date":"2025-04-06T13:34:05","date_gmt":"2025-04-06T19:34:05","guid":{"rendered":"https:\/\/www.mexicanguitarplayers.com\/tienda\/sin categor\u00eda\/bajo-schecter-elect-stiletto-custom-6\/"},"modified":"2026-04-10T04:48:10","modified_gmt":"2026-04-10T10:48:10","slug":"bajo-schecter-elect-stiletto-custom-6","status":"publish","type":"product","link":"https:\/\/www.mexicanguitarplayers.com\/en\/tienda\/cuerdas\/bajos\/electricos\/electricos-activos\/bajo-schecter-elect-stiletto-custom-6\/","title":{"rendered":"BAJO SCHECTER ELECT. STILETTO CUSTOM-6"},"content":{"rendered":"<div style=\"text-align: justify\">\n<div>\n<h3>El sonido del bajo moderno.<\/h3>\n<\/div>\n<div>El modelo Stiletto Custom est\u00e1 fabricado con el concepto de los modelos Stiletto Studio y a\u00f1ade un poco m\u00e1s de flash con una tapa de maple natural o rojo satinado vampyr y hardware dorado o negro, lo que garantiza que no pasar\u00e1s inadvertido en el escenario. Viene con pastillas EMG, lo que nos da precisi\u00f3n y fuerza en el rico tono de los instrumentos de cuerpo de caoba. Est\u00e1 disponible en configuraciones de 4, 5 y 6 cuerdas.<\/div>\n<div>\n<h4>Quick look<\/h4>\n<\/div>\n<ul style=\"margin: 0px 0px 0px 25px\">\n<li style=\"list-style-type: circle;margin: 5px\">General.<\/li>\n<li style=\"list-style-type: circle;margin: 5px\">Cuerpo.<\/li>\n<li style=\"list-style-type: circle;margin: 5px\">Arm.<\/li>\n<li style=\"list-style-type: circle;margin: 5px\">Electr\u00f3nicos.<\/li>\n<li style=\"list-style-type: circle;margin: 5px\">Accesorios.<\/li>\n<\/ul>\n<div>\n<div style=\"font-weight: bold\">General.<\/div>\n<div>\n<p>Modelo Stiletto Custom-6.<\/p>\n<\/div>\n<div style=\"font-weight: bold\">Cuerpo.<\/div>\n<div>\n<p>Contorno de la tapa: Plana. Construcci\u00f3n: 6 bolt-on. Cuerpo: Caoba. Tapa: Maple flameado con nogal. Puente: S-Tek.<\/p>\n<\/div>\n<div style=\"font-weight: bold\">Arm.<\/div>\n<div>\n<p>Diapas\u00f3n: Palo de rosa. Brazo: Maple\/Nogal multicapa. Incrustaciones: Puntos de pearloid. Escala: 35\u201d (889 mm). Forma del brazo: C delgado. Espesor: en el primer traste: .787\u201d (20 mm) y en el traste 12: .866\u201d (22 mm). Trastes: 24 trastes X-Jumbo. Radio del diapas\u00f3n: 16\u201d (406 mm). Cejuela: Graph Tech XL Black Tusq. Ancho de la cejuela: 2.125\u201d (54 mm). Maquinaria: Schecter. Alma: Varilla ajustable de 2 v\u00edas con tuerca Allen de 5\/32\u201d (4 mm).<\/p>\n<\/div>\n<div style=\"font-weight: bold\">Electr\u00f3nicos.<\/div>\n<div>\n<p>Pastilla del puente: EMG 40HZ. Pastilla del brazo: EMG 40HZ. Controles: Volumen Master \/Blend\/Ecualizador activo EMG de 2 bandas. Compartimento de la bater\u00eda: 9-volt Clip.<\/p>\n<\/div>\n<div style=\"font-weight: bold\">Accesorios.<\/div>\n<div>\n<p>Hardware: Dorado sat\u00edn. Perillas de metal moleteado con tornillo de ajuste.<\/p>\n<\/div>\n<\/div>\n<\/div>","protected":false},"excerpt":{"rendered":"<p>Bajo el\u00e9ctrico de 6 cuerdas, cuerpo de caoba, tapa plana de maple flameado con nogal, construcci\u00f3n: 6 bolt-on, puente: S-Tek, diapas\u00f3n de palo de rosa, brazo C delgado de maple\/nogal multicapa, incrustaciones de puntos de pearloid, escala: 35\u201d (889 mm), radio del diapas\u00f3n: 16\u201d (406 mm), 24 trastes X-Jumbo,  cejuela de Graph Tech XL Black Tusq, maquinaria Schecter, alma ajustable de dos v\u00edas con tornillo Allen de 5\/32\u201d, pastilla del puente: EMG 40HZ, pastilla del brazo: EMG 40HZ, control de volumen y blend, ecualizador activo EMG de 2 bandas, bater\u00eda de 9V, perillas de metal moleteado con tornillo de ajuste.&hellip; <a class=\"kt-excerpt-readmore more-link\" href=\"https:\/\/www.mexicanguitarplayers.com\/en\/tienda\/cuerdas\/bajos\/electricos\/electricos-activos\/bajo-schecter-elect-stiletto-custom-6\/\">Read more<\/a><\/p>","protected":false},"featured_media":23936,"comment_status":"open","ping_status":"closed","template":"","meta":{"kt_blocks_editor_width":""},"pwb-brand":[175],"product_brand":[],"product_cat":[317,224,318,326],"product_tag":[],"class_list":{"0":"post-23941","1":"product","2":"type-product","3":"status-publish","4":"has-post-thumbnail","6":"pwb-brand-schecter","7":"product_cat-bajos","8":"product_cat-cuerdas","9":"product_cat-electricos","10":"product_cat-electricos-activos","11":"product_shipping_class-5-10-kg","13":"first","14":"outofstock","15":"taxable","16":"shipping-taxable","17":"purchasable","18":"product-type-simple"},"yoast_head":"<!-- This site is optimized with the Yoast SEO plugin v27.5 - https:\/\/yoast.com\/product\/yoast-seo-wordpress\/ -->\n<title>BAJO SCHECTER ELECT. STILETTO CUSTOM-6 - Mexican Guitar Players<\/title>\n<meta name=\"description\" content=\"Bajo el\u00e9ctrico de 6 cuerdas, cuerpo de caoba, tapa plana de maple flameado con nogal, construcci\u00f3n: 6 bolt-on, puente: S-Tek, diapas\u00f3n de palo de rosa, brazo C delgado de maple\/nogal multicapa, incrustaciones de puntos de pearloid, escala: 35\u201d (889 mm), radio del diapas\u00f3n: 16\u201d (406 mm), 24 trastes X-Jumbo, cejuela de Graph Tech XL Black Tusq, maquinaria Schecter, alma ajustable de dos v\u00edas con tornillo Allen de 5\/32\u201d, pastilla del puente: EMG 40HZ, pastilla del brazo: EMG 40HZ, control de volumen y blend, ecualizador activo EMG de 2 bandas, bater\u00eda de 9V, perillas de metal moleteado con tornillo de ajuste.\" \/>\n<meta name=\"robots\" content=\"index, follow, max-snippet:-1, max-image-preview:large, max-video-preview:-1\" \/>\n<link rel=\"canonical\" href=\"https:\/\/www.mexicanguitarplayers.com\/en\/tienda\/sin%20categor\u00eda\/bajo-schecter-elect-stiletto-custom-6\/\" \/>\n<meta property=\"og:locale\" content=\"en_US\" \/>\n<meta property=\"og:type\" content=\"article\" \/>\n<meta property=\"og:title\" content=\"BAJO SCHECTER ELECT. STILETTO CUSTOM-6 - Mexican Guitar Players\" \/>\n<meta property=\"og:description\" content=\"Bajo el\u00e9ctrico de 6 cuerdas, cuerpo de caoba, tapa plana de maple flameado con nogal, construcci\u00f3n: 6 bolt-on, puente: S-Tek, diapas\u00f3n de palo de rosa, brazo C delgado de maple\/nogal multicapa, incrustaciones de puntos de pearloid, escala: 35\u201d (889 mm), radio del diapas\u00f3n: 16\u201d (406 mm), 24 trastes X-Jumbo, cejuela de Graph Tech XL Black Tusq, maquinaria Schecter, alma ajustable de dos v\u00edas con tornillo Allen de 5\/32\u201d, pastilla del puente: EMG 40HZ, pastilla del brazo: EMG 40HZ, control de volumen y blend, ecualizador activo EMG de 2 bandas, bater\u00eda de 9V, perillas de metal moleteado con tornillo de ajuste.\" \/>\n<meta property=\"og:url\" content=\"https:\/\/www.mexicanguitarplayers.com\/en\/tienda\/sin categor\u00eda\/bajo-schecter-elect-stiletto-custom-6\/\" \/>\n<meta property=\"og:site_name\" content=\"Mexican Guitar Players\" \/>\n<meta property=\"article:modified_time\" content=\"2026-04-10T10:48:10+00:00\" \/>\n<meta name=\"twitter:card\" content=\"summary_large_image\" \/>\n<meta name=\"twitter:label1\" content=\"Est. reading time\" \/>\n\t<meta name=\"twitter:data1\" content=\"1 minute\" \/>\n<script type=\"application\/ld+json\" class=\"yoast-schema-graph\">{\"@context\":\"https:\\\/\\\/schema.org\",\"@graph\":[{\"@type\":[\"WebPage\",\"ItemPage\"],\"@id\":\"https:\\\/\\\/www.mexicanguitarplayers.com\\\/tienda\\\/sin categor\u00eda\\\/bajo-schecter-elect-stiletto-custom-6\\\/\",\"url\":\"https:\\\/\\\/www.mexicanguitarplayers.com\\\/tienda\\\/sin categor\u00eda\\\/bajo-schecter-elect-stiletto-custom-6\\\/\",\"name\":\"BAJO SCHECTER ELECT. STILETTO CUSTOM-6 - Mexican Guitar Players\",\"isPartOf\":{\"@id\":\"https:\\\/\\\/www.mexicanguitarplayers.com\\\/#website\"},\"primaryImageOfPage\":{\"@id\":\"https:\\\/\\\/www.mexicanguitarplayers.com\\\/tienda\\\/sin categor\u00eda\\\/bajo-schecter-elect-stiletto-custom-6\\\/#primaryimage\"},\"image\":{\"@id\":\"https:\\\/\\\/www.mexicanguitarplayers.com\\\/tienda\\\/sin categor\u00eda\\\/bajo-schecter-elect-stiletto-custom-6\\\/#primaryimage\"},\"thumbnailUrl\":\"https:\\\/\\\/www.mexicanguitarplayers.com\\\/wp-content\\\/uploads\\\/2025\\\/04\\\/ISSCCSTILCSTM6.jpg\",\"datePublished\":\"2025-04-06T19:34:05+00:00\",\"dateModified\":\"2026-04-10T10:48:10+00:00\",\"description\":\"Bajo el\u00e9ctrico de 6 cuerdas, cuerpo de caoba, tapa plana de maple flameado con nogal, construcci\u00f3n: 6 bolt-on, puente: S-Tek, diapas\u00f3n de palo de rosa, brazo C delgado de maple\\\/nogal multicapa, incrustaciones de puntos de pearloid, escala: 35\u201d (889 mm), radio del diapas\u00f3n: 16\u201d (406 mm), 24 trastes X-Jumbo, cejuela de Graph Tech XL Black Tusq, maquinaria Schecter, alma ajustable de dos v\u00edas con tornillo Allen de 5\\\/32\u201d, pastilla del puente: EMG 40HZ, pastilla del brazo: EMG 40HZ, control de volumen y blend, ecualizador activo EMG de 2 bandas, bater\u00eda de 9V, perillas de metal moleteado con tornillo de ajuste.\",\"breadcrumb\":{\"@id\":\"https:\\\/\\\/www.mexicanguitarplayers.com\\\/tienda\\\/sin categor\u00eda\\\/bajo-schecter-elect-stiletto-custom-6\\\/#breadcrumb\"},\"inLanguage\":\"en-US\",\"potentialAction\":[{\"@type\":\"ReadAction\",\"target\":[\"https:\\\/\\\/www.mexicanguitarplayers.com\\\/tienda\\\/sin categor\u00eda\\\/bajo-schecter-elect-stiletto-custom-6\\\/\"]}]},{\"@type\":\"ImageObject\",\"inLanguage\":\"en-US\",\"@id\":\"https:\\\/\\\/www.mexicanguitarplayers.com\\\/tienda\\\/sin categor\u00eda\\\/bajo-schecter-elect-stiletto-custom-6\\\/#primaryimage\",\"url\":\"https:\\\/\\\/www.mexicanguitarplayers.com\\\/wp-content\\\/uploads\\\/2025\\\/04\\\/ISSCCSTILCSTM6.jpg\",\"contentUrl\":\"https:\\\/\\\/www.mexicanguitarplayers.com\\\/wp-content\\\/uploads\\\/2025\\\/04\\\/ISSCCSTILCSTM6.jpg\",\"width\":800,\"height\":1600},{\"@type\":\"BreadcrumbList\",\"@id\":\"https:\\\/\\\/www.mexicanguitarplayers.com\\\/tienda\\\/sin categor\u00eda\\\/bajo-schecter-elect-stiletto-custom-6\\\/#breadcrumb\",\"itemListElement\":[{\"@type\":\"ListItem\",\"position\":1,\"name\":\"Portada\",\"item\":\"https:\\\/\\\/www.mexicanguitarplayers.com\\\/\"},{\"@type\":\"ListItem\",\"position\":2,\"name\":\"Tienda\",\"item\":\"https:\\\/\\\/www.mexicanguitarplayers.com\\\/tienda\\\/\"},{\"@type\":\"ListItem\",\"position\":3,\"name\":\"BAJO SCHECTER ELECT. STILETTO CUSTOM-6\"}]},{\"@type\":\"WebSite\",\"@id\":\"https:\\\/\\\/www.mexicanguitarplayers.com\\\/#website\",\"url\":\"https:\\\/\\\/www.mexicanguitarplayers.com\\\/\",\"name\":\"Mexican Guitar Players\",\"description\":\"Website\",\"publisher\":{\"@id\":\"https:\\\/\\\/www.mexicanguitarplayers.com\\\/#organization\"},\"potentialAction\":[{\"@type\":\"SearchAction\",\"target\":{\"@type\":\"EntryPoint\",\"urlTemplate\":\"https:\\\/\\\/www.mexicanguitarplayers.com\\\/?s={search_term_string}\"},\"query-input\":{\"@type\":\"PropertyValueSpecification\",\"valueRequired\":true,\"valueName\":\"search_term_string\"}}],\"inLanguage\":\"en-US\"},{\"@type\":\"Organization\",\"@id\":\"https:\\\/\\\/www.mexicanguitarplayers.com\\\/#organization\",\"name\":\"Mexican Guitar Players\",\"url\":\"https:\\\/\\\/www.mexicanguitarplayers.com\\\/\",\"logo\":{\"@type\":\"ImageObject\",\"inLanguage\":\"en-US\",\"@id\":\"https:\\\/\\\/www.mexicanguitarplayers.com\\\/#\\\/schema\\\/logo\\\/image\\\/\",\"url\":\"\",\"contentUrl\":\"\",\"caption\":\"Mexican Guitar Players\"},\"image\":{\"@id\":\"https:\\\/\\\/www.mexicanguitarplayers.com\\\/#\\\/schema\\\/logo\\\/image\\\/\"}}]}<\/script>\n<!-- \/ Yoast SEO plugin. -->","yoast_head_json":{"title":"BAJO SCHECTER ELECT. STILETTO CUSTOM-6 - Mexican Guitar Players","description":"Bajo el\u00e9ctrico de 6 cuerdas, cuerpo de caoba, tapa plana de maple flameado con nogal, construcci\u00f3n: 6 bolt-on, puente: S-Tek, diapas\u00f3n de palo de rosa, brazo C delgado de maple\/nogal multicapa, incrustaciones de puntos de pearloid, escala: 35\u201d (889 mm), radio del diapas\u00f3n: 16\u201d (406 mm), 24 trastes X-Jumbo, cejuela de Graph Tech XL Black Tusq, maquinaria Schecter, alma ajustable de dos v\u00edas con tornillo Allen de 5\/32\u201d, pastilla del puente: EMG 40HZ, pastilla del brazo: EMG 40HZ, control de volumen y blend, ecualizador activo EMG de 2 bandas, bater\u00eda de 9V, perillas de metal moleteado con tornillo de ajuste.","robots":{"index":"index","follow":"follow","max-snippet":"max-snippet:-1","max-image-preview":"max-image-preview:large","max-video-preview":"max-video-preview:-1"},"canonical":"https:\/\/www.mexicanguitarplayers.com\/en\/tienda\/sin categor\u00eda\/bajo-schecter-elect-stiletto-custom-6\/","og_locale":"en_US","og_type":"article","og_title":"BAJO SCHECTER ELECT. STILETTO CUSTOM-6 - Mexican Guitar Players","og_description":"Bajo el\u00e9ctrico de 6 cuerdas, cuerpo de caoba, tapa plana de maple flameado con nogal, construcci\u00f3n: 6 bolt-on, puente: S-Tek, diapas\u00f3n de palo de rosa, brazo C delgado de maple\/nogal multicapa, incrustaciones de puntos de pearloid, escala: 35\u201d (889 mm), radio del diapas\u00f3n: 16\u201d (406 mm), 24 trastes X-Jumbo, cejuela de Graph Tech XL Black Tusq, maquinaria Schecter, alma ajustable de dos v\u00edas con tornillo Allen de 5\/32\u201d, pastilla del puente: EMG 40HZ, pastilla del brazo: EMG 40HZ, control de volumen y blend, ecualizador activo EMG de 2 bandas, bater\u00eda de 9V, perillas de metal moleteado con tornillo de ajuste.","og_url":"https:\/\/www.mexicanguitarplayers.com\/en\/tienda\/sin categor\u00eda\/bajo-schecter-elect-stiletto-custom-6\/","og_site_name":"Mexican Guitar Players","article_modified_time":"2026-04-10T10:48:10+00:00","twitter_card":"summary_large_image","twitter_misc":{"Est. reading time":"1 minute"},"schema":{"@context":"https:\/\/schema.org","@graph":[{"@type":["WebPage","ItemPage"],"@id":"https:\/\/www.mexicanguitarplayers.com\/tienda\/sin categor\u00eda\/bajo-schecter-elect-stiletto-custom-6\/","url":"https:\/\/www.mexicanguitarplayers.com\/tienda\/sin categor\u00eda\/bajo-schecter-elect-stiletto-custom-6\/","name":"BAJO SCHECTER ELECT. STILETTO CUSTOM-6 - Mexican Guitar Players","isPartOf":{"@id":"https:\/\/www.mexicanguitarplayers.com\/#website"},"primaryImageOfPage":{"@id":"https:\/\/www.mexicanguitarplayers.com\/tienda\/sin categor\u00eda\/bajo-schecter-elect-stiletto-custom-6\/#primaryimage"},"image":{"@id":"https:\/\/www.mexicanguitarplayers.com\/tienda\/sin categor\u00eda\/bajo-schecter-elect-stiletto-custom-6\/#primaryimage"},"thumbnailUrl":"https:\/\/www.mexicanguitarplayers.com\/wp-content\/uploads\/2025\/04\/ISSCCSTILCSTM6.jpg","datePublished":"2025-04-06T19:34:05+00:00","dateModified":"2026-04-10T10:48:10+00:00","description":"Bajo el\u00e9ctrico de 6 cuerdas, cuerpo de caoba, tapa plana de maple flameado con nogal, construcci\u00f3n: 6 bolt-on, puente: S-Tek, diapas\u00f3n de palo de rosa, brazo C delgado de maple\/nogal multicapa, incrustaciones de puntos de pearloid, escala: 35\u201d (889 mm), radio del diapas\u00f3n: 16\u201d (406 mm), 24 trastes X-Jumbo, cejuela de Graph Tech XL Black Tusq, maquinaria Schecter, alma ajustable de dos v\u00edas con tornillo Allen de 5\/32\u201d, pastilla del puente: EMG 40HZ, pastilla del brazo: EMG 40HZ, control de volumen y blend, ecualizador activo EMG de 2 bandas, bater\u00eda de 9V, perillas de metal moleteado con tornillo de ajuste.","breadcrumb":{"@id":"https:\/\/www.mexicanguitarplayers.com\/tienda\/sin categor\u00eda\/bajo-schecter-elect-stiletto-custom-6\/#breadcrumb"},"inLanguage":"en-US","potentialAction":[{"@type":"ReadAction","target":["https:\/\/www.mexicanguitarplayers.com\/tienda\/sin categor\u00eda\/bajo-schecter-elect-stiletto-custom-6\/"]}]},{"@type":"ImageObject","inLanguage":"en-US","@id":"https:\/\/www.mexicanguitarplayers.com\/tienda\/sin categor\u00eda\/bajo-schecter-elect-stiletto-custom-6\/#primaryimage","url":"https:\/\/www.mexicanguitarplayers.com\/wp-content\/uploads\/2025\/04\/ISSCCSTILCSTM6.jpg","contentUrl":"https:\/\/www.mexicanguitarplayers.com\/wp-content\/uploads\/2025\/04\/ISSCCSTILCSTM6.jpg","width":800,"height":1600},{"@type":"BreadcrumbList","@id":"https:\/\/www.mexicanguitarplayers.com\/tienda\/sin categor\u00eda\/bajo-schecter-elect-stiletto-custom-6\/#breadcrumb","itemListElement":[{"@type":"ListItem","position":1,"name":"Portada","item":"https:\/\/www.mexicanguitarplayers.com\/"},{"@type":"ListItem","position":2,"name":"Tienda","item":"https:\/\/www.mexicanguitarplayers.com\/tienda\/"},{"@type":"ListItem","position":3,"name":"BAJO SCHECTER ELECT. STILETTO CUSTOM-6"}]},{"@type":"WebSite","@id":"https:\/\/www.mexicanguitarplayers.com\/#website","url":"https:\/\/www.mexicanguitarplayers.com\/","name":"Mexican Guitar Players","description":"Website","publisher":{"@id":"https:\/\/www.mexicanguitarplayers.com\/#organization"},"potentialAction":[{"@type":"SearchAction","target":{"@type":"EntryPoint","urlTemplate":"https:\/\/www.mexicanguitarplayers.com\/?s={search_term_string}"},"query-input":{"@type":"PropertyValueSpecification","valueRequired":true,"valueName":"search_term_string"}}],"inLanguage":"en-US"},{"@type":"Organization","@id":"https:\/\/www.mexicanguitarplayers.com\/#organization","name":"Mexican Guitar Players","url":"https:\/\/www.mexicanguitarplayers.com\/","logo":{"@type":"ImageObject","inLanguage":"en-US","@id":"https:\/\/www.mexicanguitarplayers.com\/#\/schema\/logo\/image\/","url":"","contentUrl":"","caption":"Mexican Guitar Players"},"image":{"@id":"https:\/\/www.mexicanguitarplayers.com\/#\/schema\/logo\/image\/"}}]}},"brands":[{"id":175,"name":"SCHECTER","slug":"schecter"}],"_links":{"self":[{"href":"https:\/\/www.mexicanguitarplayers.com\/en\/wp-json\/wp\/v2\/product\/23941","targetHints":{"allow":["GET"]}}],"collection":[{"href":"https:\/\/www.mexicanguitarplayers.com\/en\/wp-json\/wp\/v2\/product"}],"about":[{"href":"https:\/\/www.mexicanguitarplayers.com\/en\/wp-json\/wp\/v2\/types\/product"}],"replies":[{"embeddable":true,"href":"https:\/\/www.mexicanguitarplayers.com\/en\/wp-json\/wp\/v2\/comments?post=23941"}],"wp:featuredmedia":[{"embeddable":true,"href":"https:\/\/www.mexicanguitarplayers.com\/en\/wp-json\/wp\/v2\/media\/23936"}],"wp:attachment":[{"href":"https:\/\/www.mexicanguitarplayers.com\/en\/wp-json\/wp\/v2\/media?parent=23941"}],"wp:term":[{"taxonomy":"pwb-brand","embeddable":true,"href":"https:\/\/www.mexicanguitarplayers.com\/en\/wp-json\/wp\/v2\/pwb-brand?post=23941"},{"taxonomy":"product_brand","embeddable":true,"href":"https:\/\/www.mexicanguitarplayers.com\/en\/wp-json\/wp\/v2\/product_brand?post=23941"},{"taxonomy":"product_cat","embeddable":true,"href":"https:\/\/www.mexicanguitarplayers.com\/en\/wp-json\/wp\/v2\/product_cat?post=23941"},{"taxonomy":"product_tag","embeddable":true,"href":"https:\/\/www.mexicanguitarplayers.com\/en\/wp-json\/wp\/v2\/product_tag?post=23941"}],"curies":[{"name":"wp","href":"https:\/\/api.w.org\/{rel}","templated":true}]}}