{"id":23971,"date":"2025-04-06T13:35:41","date_gmt":"2025-04-06T19:35:41","guid":{"rendered":"https:\/\/www.mexicanguitarplayers.com\/tienda\/sin categor\u00eda\/kit-reloop-tone-arm-cartridge-cleaning\/"},"modified":"2026-05-01T07:30:23","modified_gmt":"2026-05-01T13:30:23","slug":"kit-reloop-tone-arm-cartridge-cleaning","status":"publish","type":"product","link":"https:\/\/www.mexicanguitarplayers.com\/en\/tienda\/accesorios\/varios\/kit-reloop-tone-arm-cartridge-cleaning\/","title":{"rendered":"KIT RELOOP TONE ARM &amp; CARTRIDGE CLEANING"},"content":{"rendered":"<div style=\"text-align: justify\">\n<div>\n<h3>Un gran remedio para la suciedad.<\/h3>\n<\/div>\n<div>El juego de limpieza de contacto de cartucho y brazo de tono ofrece ayuda inmediata en caso de problemas de sonido y contacto en forma de dep\u00f3sitos de polvo y grasa. Lavado en seco antiest\u00e1tico del brazo de tono y los contacto SME con l\u00e1piz de limpieza de microfibra. Limpieza en h\u00famedo del brazo de tono y los contactos SME con un pa\u00f1o y l\u00edquido de limpieza de microfibra. El sistema profesional de 2 componentes para limpiar el brazo de tono y los contactos del cartucho ofrece limpieza tanto en seco como en h\u00famedo. Se ha desarrollado un cepillo de limpieza de microfibra antiest\u00e1tico especial para la limpieza en seco. Gracias al l\u00edquido de limpieza adjunto y la almohadilla de limpieza de microfibra, la suciedad rebelde se puede eliminar f\u00e1cilmente. El accesorio de cuidado oficial para los tornamesas Reloop viene con un pr\u00e1ctico estuche de pl\u00e1stico y un tubo de transporte para guardar el juego de limpieza y es absolutamente imprescindible para todos los DJ y entusiastas de la alta fidelidad.<\/div>\n<div>\n<h4>Quick look<\/h4>\n<\/div>\n<ul style=\"margin: 0px 0px 0px 25px\">\n<li style=\"list-style-type: circle;margin: 5px\">Kit.<\/li>\n<li style=\"list-style-type: circle;margin: 5px\">Tipo de limpiador.<\/li>\n<li style=\"list-style-type: circle;margin: 5px\">Accessories included.<\/li>\n<li style=\"list-style-type: circle;margin: 5px\">Dimensions.<\/li>\n<li style=\"list-style-type: circle;margin: 5px\">Weight.<\/li>\n<\/ul>\n<div>\n<div style=\"font-weight: bold\">Kit.<\/div>\n<div>\n<p>Kit de limpieza profesional de contactos de cartucho y brazo de tono.<\/p>\n<\/div>\n<div style=\"font-weight: bold\">Tipo de limpiador.<\/div>\n<div>\n<p>Sistema de dos componentes para limpieza liquida y en seco.<\/p>\n<\/div>\n<div style=\"font-weight: bold\">Accessories included.<\/div>\n<div>\n<p>Un cepillo de limpieza de microfibra (limpieza en seco antiest\u00e1tica). Una almohadilla de limpieza de microfibra (limpieza h\u00fameda que elimina la suciedad). Un l\u00edquido de limpieza de 10 ml. Dos tubos de almacenamiento transparentes. Un pr\u00e1ctico estuche de pl\u00e1stico.<\/p>\n<\/div>\n<div style=\"font-weight: bold\">Dimensions.<\/div>\n<div>\n<p>142 x 131 x 42 mm.<\/p>\n<\/div>\n<div style=\"font-weight: bold\">Weight.<\/div>\n<div>\n<p>176 g.<\/p>\n<\/div>\n<\/div>\n<\/div>","protected":false},"excerpt":{"rendered":"<p>Kit de limpieza profesional de contactos de cartucho y brazo de tono, sistema de dos componentes para limpieza liquida y en seco, limpieza de dep\u00f3sitos de polvo  grasa en superficies de contacto de dif\u00edcil acceso, ayuda instant\u00e1nea con problemas de sonido y contacto causados por la suciedad, incluye un cepillo de limpieza de microfibra (limpieza en seco antiest\u00e1tica), una almohadilla de limpieza de microfibra (limpieza h\u00fameda que elimina la suciedad), un l\u00edquido de limpieza de 10 ml, dos tubos de almacenamiento transparentes y un pr\u00e1ctico estuche de pl\u00e1stico, dimensiones: 142 x 131 x 42 mm, peso: 176 g.&hellip; <a class=\"kt-excerpt-readmore more-link\" href=\"https:\/\/www.mexicanguitarplayers.com\/en\/tienda\/accesorios\/varios\/kit-reloop-tone-arm-cartridge-cleaning\/\">Read more<\/a><\/p>","protected":false},"featured_media":23966,"comment_status":"open","ping_status":"closed","template":"","meta":{"kt_blocks_editor_width":""},"pwb-brand":[496],"product_brand":[],"product_cat":[85,249],"product_tag":[],"class_list":{"0":"post-23971","1":"product","2":"type-product","3":"status-publish","4":"has-post-thumbnail","6":"pwb-brand-reloop","7":"product_cat-accesorios","8":"product_cat-varios","9":"product_shipping_class-0-5-kg","11":"first","12":"instock","13":"taxable","14":"shipping-taxable","15":"purchasable","16":"product-type-simple"},"yoast_head":"<!-- This site is optimized with the Yoast SEO plugin v27.5 - https:\/\/yoast.com\/product\/yoast-seo-wordpress\/ -->\n<title>KIT RELOOP TONE ARM &amp; CARTRIDGE CLEANING - Mexican Guitar Players<\/title>\n<meta name=\"description\" content=\"Kit de limpieza profesional de contactos de cartucho y brazo de tono, sistema de dos componentes para limpieza liquida y en seco, limpieza de dep\u00f3sitos de polvo grasa en superficies de contacto de dif\u00edcil acceso, ayuda instant\u00e1nea con problemas de sonido y contacto causados por la suciedad, incluye un cepillo de limpieza de microfibra (limpieza en seco antiest\u00e1tica), una almohadilla de limpieza de microfibra (limpieza h\u00fameda que elimina la suciedad), un l\u00edquido de limpieza de 10 ml, dos tubos de almacenamiento transparentes y un pr\u00e1ctico estuche de pl\u00e1stico, dimensiones: 142 x 131 x 42 mm, peso: 176 g.\" \/>\n<meta name=\"robots\" content=\"index, follow, max-snippet:-1, max-image-preview:large, max-video-preview:-1\" \/>\n<link rel=\"canonical\" href=\"https:\/\/www.mexicanguitarplayers.com\/en\/tienda\/sin%20categor\u00eda\/kit-reloop-tone-arm-cartridge-cleaning\/\" \/>\n<meta property=\"og:locale\" content=\"en_US\" \/>\n<meta property=\"og:type\" content=\"article\" \/>\n<meta property=\"og:title\" content=\"KIT RELOOP TONE ARM &amp; CARTRIDGE CLEANING - Mexican Guitar Players\" \/>\n<meta property=\"og:description\" content=\"Kit de limpieza profesional de contactos de cartucho y brazo de tono, sistema de dos componentes para limpieza liquida y en seco, limpieza de dep\u00f3sitos de polvo grasa en superficies de contacto de dif\u00edcil acceso, ayuda instant\u00e1nea con problemas de sonido y contacto causados por la suciedad, incluye un cepillo de limpieza de microfibra (limpieza en seco antiest\u00e1tica), una almohadilla de limpieza de microfibra (limpieza h\u00fameda que elimina la suciedad), un l\u00edquido de limpieza de 10 ml, dos tubos de almacenamiento transparentes y un pr\u00e1ctico estuche de pl\u00e1stico, dimensiones: 142 x 131 x 42 mm, peso: 176 g.\" \/>\n<meta property=\"og:url\" content=\"https:\/\/www.mexicanguitarplayers.com\/en\/tienda\/sin categor\u00eda\/kit-reloop-tone-arm-cartridge-cleaning\/\" \/>\n<meta property=\"og:site_name\" content=\"Mexican Guitar Players\" \/>\n<meta property=\"article:modified_time\" content=\"2026-05-01T13:30:23+00:00\" \/>\n<meta name=\"twitter:card\" content=\"summary_large_image\" \/>\n<meta name=\"twitter:label1\" content=\"Est. reading time\" \/>\n\t<meta name=\"twitter:data1\" content=\"1 minute\" \/>\n<script type=\"application\/ld+json\" class=\"yoast-schema-graph\">{\"@context\":\"https:\\\/\\\/schema.org\",\"@graph\":[{\"@type\":[\"WebPage\",\"ItemPage\"],\"@id\":\"https:\\\/\\\/www.mexicanguitarplayers.com\\\/tienda\\\/sin categor\u00eda\\\/kit-reloop-tone-arm-cartridge-cleaning\\\/\",\"url\":\"https:\\\/\\\/www.mexicanguitarplayers.com\\\/tienda\\\/sin categor\u00eda\\\/kit-reloop-tone-arm-cartridge-cleaning\\\/\",\"name\":\"KIT RELOOP TONE ARM &amp; CARTRIDGE CLEANING - Mexican Guitar Players\",\"isPartOf\":{\"@id\":\"https:\\\/\\\/www.mexicanguitarplayers.com\\\/#website\"},\"primaryImageOfPage\":{\"@id\":\"https:\\\/\\\/www.mexicanguitarplayers.com\\\/tienda\\\/sin categor\u00eda\\\/kit-reloop-tone-arm-cartridge-cleaning\\\/#primaryimage\"},\"image\":{\"@id\":\"https:\\\/\\\/www.mexicanguitarplayers.com\\\/tienda\\\/sin categor\u00eda\\\/kit-reloop-tone-arm-cartridge-cleaning\\\/#primaryimage\"},\"thumbnailUrl\":\"https:\\\/\\\/www.mexicanguitarplayers.com\\\/wp-content\\\/uploads\\\/2025\\\/04\\\/RAREL244353.jpg\",\"datePublished\":\"2025-04-06T19:35:41+00:00\",\"dateModified\":\"2026-05-01T13:30:23+00:00\",\"description\":\"Kit de limpieza profesional de contactos de cartucho y brazo de tono, sistema de dos componentes para limpieza liquida y en seco, limpieza de dep\u00f3sitos de polvo grasa en superficies de contacto de dif\u00edcil acceso, ayuda instant\u00e1nea con problemas de sonido y contacto causados por la suciedad, incluye un cepillo de limpieza de microfibra (limpieza en seco antiest\u00e1tica), una almohadilla de limpieza de microfibra (limpieza h\u00fameda que elimina la suciedad), un l\u00edquido de limpieza de 10 ml, dos tubos de almacenamiento transparentes y un pr\u00e1ctico estuche de pl\u00e1stico, dimensiones: 142 x 131 x 42 mm, peso: 176 g.\",\"breadcrumb\":{\"@id\":\"https:\\\/\\\/www.mexicanguitarplayers.com\\\/tienda\\\/sin categor\u00eda\\\/kit-reloop-tone-arm-cartridge-cleaning\\\/#breadcrumb\"},\"inLanguage\":\"en-US\",\"potentialAction\":[{\"@type\":\"ReadAction\",\"target\":[\"https:\\\/\\\/www.mexicanguitarplayers.com\\\/tienda\\\/sin categor\u00eda\\\/kit-reloop-tone-arm-cartridge-cleaning\\\/\"]}]},{\"@type\":\"ImageObject\",\"inLanguage\":\"en-US\",\"@id\":\"https:\\\/\\\/www.mexicanguitarplayers.com\\\/tienda\\\/sin categor\u00eda\\\/kit-reloop-tone-arm-cartridge-cleaning\\\/#primaryimage\",\"url\":\"https:\\\/\\\/www.mexicanguitarplayers.com\\\/wp-content\\\/uploads\\\/2025\\\/04\\\/RAREL244353.jpg\",\"contentUrl\":\"https:\\\/\\\/www.mexicanguitarplayers.com\\\/wp-content\\\/uploads\\\/2025\\\/04\\\/RAREL244353.jpg\",\"width\":1200,\"height\":1200},{\"@type\":\"BreadcrumbList\",\"@id\":\"https:\\\/\\\/www.mexicanguitarplayers.com\\\/tienda\\\/sin categor\u00eda\\\/kit-reloop-tone-arm-cartridge-cleaning\\\/#breadcrumb\",\"itemListElement\":[{\"@type\":\"ListItem\",\"position\":1,\"name\":\"Portada\",\"item\":\"https:\\\/\\\/www.mexicanguitarplayers.com\\\/\"},{\"@type\":\"ListItem\",\"position\":2,\"name\":\"Tienda\",\"item\":\"https:\\\/\\\/www.mexicanguitarplayers.com\\\/tienda\\\/\"},{\"@type\":\"ListItem\",\"position\":3,\"name\":\"KIT RELOOP TONE ARM &amp; CARTRIDGE CLEANING\"}]},{\"@type\":\"WebSite\",\"@id\":\"https:\\\/\\\/www.mexicanguitarplayers.com\\\/#website\",\"url\":\"https:\\\/\\\/www.mexicanguitarplayers.com\\\/\",\"name\":\"Mexican Guitar Players\",\"description\":\"Website\",\"publisher\":{\"@id\":\"https:\\\/\\\/www.mexicanguitarplayers.com\\\/#organization\"},\"potentialAction\":[{\"@type\":\"SearchAction\",\"target\":{\"@type\":\"EntryPoint\",\"urlTemplate\":\"https:\\\/\\\/www.mexicanguitarplayers.com\\\/?s={search_term_string}\"},\"query-input\":{\"@type\":\"PropertyValueSpecification\",\"valueRequired\":true,\"valueName\":\"search_term_string\"}}],\"inLanguage\":\"en-US\"},{\"@type\":\"Organization\",\"@id\":\"https:\\\/\\\/www.mexicanguitarplayers.com\\\/#organization\",\"name\":\"Mexican Guitar Players\",\"url\":\"https:\\\/\\\/www.mexicanguitarplayers.com\\\/\",\"logo\":{\"@type\":\"ImageObject\",\"inLanguage\":\"en-US\",\"@id\":\"https:\\\/\\\/www.mexicanguitarplayers.com\\\/#\\\/schema\\\/logo\\\/image\\\/\",\"url\":\"\",\"contentUrl\":\"\",\"caption\":\"Mexican Guitar Players\"},\"image\":{\"@id\":\"https:\\\/\\\/www.mexicanguitarplayers.com\\\/#\\\/schema\\\/logo\\\/image\\\/\"}}]}<\/script>\n<!-- \/ Yoast SEO plugin. -->","yoast_head_json":{"title":"KIT RELOOP TONE ARM &amp; CARTRIDGE CLEANING - Mexican Guitar Players","description":"Kit de limpieza profesional de contactos de cartucho y brazo de tono, sistema de dos componentes para limpieza liquida y en seco, limpieza de dep\u00f3sitos de polvo grasa en superficies de contacto de dif\u00edcil acceso, ayuda instant\u00e1nea con problemas de sonido y contacto causados por la suciedad, incluye un cepillo de limpieza de microfibra (limpieza en seco antiest\u00e1tica), una almohadilla de limpieza de microfibra (limpieza h\u00fameda que elimina la suciedad), un l\u00edquido de limpieza de 10 ml, dos tubos de almacenamiento transparentes y un pr\u00e1ctico estuche de pl\u00e1stico, dimensiones: 142 x 131 x 42 mm, peso: 176 g.","robots":{"index":"index","follow":"follow","max-snippet":"max-snippet:-1","max-image-preview":"max-image-preview:large","max-video-preview":"max-video-preview:-1"},"canonical":"https:\/\/www.mexicanguitarplayers.com\/en\/tienda\/sin categor\u00eda\/kit-reloop-tone-arm-cartridge-cleaning\/","og_locale":"en_US","og_type":"article","og_title":"KIT RELOOP TONE ARM &amp; CARTRIDGE CLEANING - Mexican Guitar Players","og_description":"Kit de limpieza profesional de contactos de cartucho y brazo de tono, sistema de dos componentes para limpieza liquida y en seco, limpieza de dep\u00f3sitos de polvo grasa en superficies de contacto de dif\u00edcil acceso, ayuda instant\u00e1nea con problemas de sonido y contacto causados por la suciedad, incluye un cepillo de limpieza de microfibra (limpieza en seco antiest\u00e1tica), una almohadilla de limpieza de microfibra (limpieza h\u00fameda que elimina la suciedad), un l\u00edquido de limpieza de 10 ml, dos tubos de almacenamiento transparentes y un pr\u00e1ctico estuche de pl\u00e1stico, dimensiones: 142 x 131 x 42 mm, peso: 176 g.","og_url":"https:\/\/www.mexicanguitarplayers.com\/en\/tienda\/sin categor\u00eda\/kit-reloop-tone-arm-cartridge-cleaning\/","og_site_name":"Mexican Guitar Players","article_modified_time":"2026-05-01T13:30:23+00:00","twitter_card":"summary_large_image","twitter_misc":{"Est. reading time":"1 minute"},"schema":{"@context":"https:\/\/schema.org","@graph":[{"@type":["WebPage","ItemPage"],"@id":"https:\/\/www.mexicanguitarplayers.com\/tienda\/sin categor\u00eda\/kit-reloop-tone-arm-cartridge-cleaning\/","url":"https:\/\/www.mexicanguitarplayers.com\/tienda\/sin categor\u00eda\/kit-reloop-tone-arm-cartridge-cleaning\/","name":"KIT RELOOP TONE ARM &amp; CARTRIDGE CLEANING - Mexican Guitar Players","isPartOf":{"@id":"https:\/\/www.mexicanguitarplayers.com\/#website"},"primaryImageOfPage":{"@id":"https:\/\/www.mexicanguitarplayers.com\/tienda\/sin categor\u00eda\/kit-reloop-tone-arm-cartridge-cleaning\/#primaryimage"},"image":{"@id":"https:\/\/www.mexicanguitarplayers.com\/tienda\/sin categor\u00eda\/kit-reloop-tone-arm-cartridge-cleaning\/#primaryimage"},"thumbnailUrl":"https:\/\/www.mexicanguitarplayers.com\/wp-content\/uploads\/2025\/04\/RAREL244353.jpg","datePublished":"2025-04-06T19:35:41+00:00","dateModified":"2026-05-01T13:30:23+00:00","description":"Kit de limpieza profesional de contactos de cartucho y brazo de tono, sistema de dos componentes para limpieza liquida y en seco, limpieza de dep\u00f3sitos de polvo grasa en superficies de contacto de dif\u00edcil acceso, ayuda instant\u00e1nea con problemas de sonido y contacto causados por la suciedad, incluye un cepillo de limpieza de microfibra (limpieza en seco antiest\u00e1tica), una almohadilla de limpieza de microfibra (limpieza h\u00fameda que elimina la suciedad), un l\u00edquido de limpieza de 10 ml, dos tubos de almacenamiento transparentes y un pr\u00e1ctico estuche de pl\u00e1stico, dimensiones: 142 x 131 x 42 mm, peso: 176 g.","breadcrumb":{"@id":"https:\/\/www.mexicanguitarplayers.com\/tienda\/sin categor\u00eda\/kit-reloop-tone-arm-cartridge-cleaning\/#breadcrumb"},"inLanguage":"en-US","potentialAction":[{"@type":"ReadAction","target":["https:\/\/www.mexicanguitarplayers.com\/tienda\/sin categor\u00eda\/kit-reloop-tone-arm-cartridge-cleaning\/"]}]},{"@type":"ImageObject","inLanguage":"en-US","@id":"https:\/\/www.mexicanguitarplayers.com\/tienda\/sin categor\u00eda\/kit-reloop-tone-arm-cartridge-cleaning\/#primaryimage","url":"https:\/\/www.mexicanguitarplayers.com\/wp-content\/uploads\/2025\/04\/RAREL244353.jpg","contentUrl":"https:\/\/www.mexicanguitarplayers.com\/wp-content\/uploads\/2025\/04\/RAREL244353.jpg","width":1200,"height":1200},{"@type":"BreadcrumbList","@id":"https:\/\/www.mexicanguitarplayers.com\/tienda\/sin categor\u00eda\/kit-reloop-tone-arm-cartridge-cleaning\/#breadcrumb","itemListElement":[{"@type":"ListItem","position":1,"name":"Portada","item":"https:\/\/www.mexicanguitarplayers.com\/"},{"@type":"ListItem","position":2,"name":"Tienda","item":"https:\/\/www.mexicanguitarplayers.com\/tienda\/"},{"@type":"ListItem","position":3,"name":"KIT RELOOP TONE ARM &amp; CARTRIDGE CLEANING"}]},{"@type":"WebSite","@id":"https:\/\/www.mexicanguitarplayers.com\/#website","url":"https:\/\/www.mexicanguitarplayers.com\/","name":"Mexican Guitar Players","description":"Website","publisher":{"@id":"https:\/\/www.mexicanguitarplayers.com\/#organization"},"potentialAction":[{"@type":"SearchAction","target":{"@type":"EntryPoint","urlTemplate":"https:\/\/www.mexicanguitarplayers.com\/?s={search_term_string}"},"query-input":{"@type":"PropertyValueSpecification","valueRequired":true,"valueName":"search_term_string"}}],"inLanguage":"en-US"},{"@type":"Organization","@id":"https:\/\/www.mexicanguitarplayers.com\/#organization","name":"Mexican Guitar Players","url":"https:\/\/www.mexicanguitarplayers.com\/","logo":{"@type":"ImageObject","inLanguage":"en-US","@id":"https:\/\/www.mexicanguitarplayers.com\/#\/schema\/logo\/image\/","url":"","contentUrl":"","caption":"Mexican Guitar Players"},"image":{"@id":"https:\/\/www.mexicanguitarplayers.com\/#\/schema\/logo\/image\/"}}]}},"brands":[{"id":496,"name":"RELOOP","slug":"reloop"}],"_links":{"self":[{"href":"https:\/\/www.mexicanguitarplayers.com\/en\/wp-json\/wp\/v2\/product\/23971","targetHints":{"allow":["GET"]}}],"collection":[{"href":"https:\/\/www.mexicanguitarplayers.com\/en\/wp-json\/wp\/v2\/product"}],"about":[{"href":"https:\/\/www.mexicanguitarplayers.com\/en\/wp-json\/wp\/v2\/types\/product"}],"replies":[{"embeddable":true,"href":"https:\/\/www.mexicanguitarplayers.com\/en\/wp-json\/wp\/v2\/comments?post=23971"}],"wp:featuredmedia":[{"embeddable":true,"href":"https:\/\/www.mexicanguitarplayers.com\/en\/wp-json\/wp\/v2\/media\/23966"}],"wp:attachment":[{"href":"https:\/\/www.mexicanguitarplayers.com\/en\/wp-json\/wp\/v2\/media?parent=23971"}],"wp:term":[{"taxonomy":"pwb-brand","embeddable":true,"href":"https:\/\/www.mexicanguitarplayers.com\/en\/wp-json\/wp\/v2\/pwb-brand?post=23971"},{"taxonomy":"product_brand","embeddable":true,"href":"https:\/\/www.mexicanguitarplayers.com\/en\/wp-json\/wp\/v2\/product_brand?post=23971"},{"taxonomy":"product_cat","embeddable":true,"href":"https:\/\/www.mexicanguitarplayers.com\/en\/wp-json\/wp\/v2\/product_cat?post=23971"},{"taxonomy":"product_tag","embeddable":true,"href":"https:\/\/www.mexicanguitarplayers.com\/en\/wp-json\/wp\/v2\/product_tag?post=23971"}],"curies":[{"name":"wp","href":"https:\/\/api.w.org\/{rel}","templated":true}]}}