{"id":24013,"date":"2025-04-06T13:37:51","date_gmt":"2025-04-06T19:37:51","guid":{"rendered":"https:\/\/www.mexicanguitarplayers.com\/tienda\/sin categor\u00eda\/redoba-meinl-pitch-block-mod-mpe5ng\/"},"modified":"2026-05-01T07:30:16","modified_gmt":"2026-05-01T13:30:16","slug":"redoba-meinl-pitch-block-mod-mpe5ng","status":"publish","type":"product","link":"https:\/\/www.mexicanguitarplayers.com\/en\/tienda\/percusiones\/percusiones-menores\/redobas\/redoba-meinl-pitch-block-mod-mpe5ng\/","title":{"rendered":"REDOBA MEINL (PITCH BLOCK)  MOD.  MPE5NG"},"content":{"rendered":"<div style=\"text-align: justify\">\n<div>\n<h3>A\u00f1ade un agudo a tu set.<\/h3>\n<\/div>\n<div>Lo bueno de los bloques de percusi\u00f3n de Meinl, adem\u00e1s de su capacidad para resistir el toque fuerte, es que son multifuncionales. Estos bloques son una herramienta vital para los percusionistas que tocan ritmos intrincados de inspiraci\u00f3n latina y tambores que establecen grooves en un set. \u00dasalos para establecer un tiempo claro en una l\u00ednea de bater\u00eda de marcha y deja que tu sonido se escuche desde un campo de futbol. Su sonido claro se proyecta con un efecto de &#8220;golpe&#8221; que no tiene matices severos ni timbres no deseados. Su caracter\u00edstica especial incluye un soporte que se puede volver a colocar en \u00e1ngulo o en uno de los tres lados del bloque para permitir una colocaci\u00f3n \u00f3ptima. El montaje de 3\/8&#8243; se adapta a cualquier barra de percusi\u00f3n est\u00e1ndar. Estos bloques est\u00e1n hechos de pl\u00e1stico PE de alta densidad, por lo que se pueden tocar en cualquier lugar, en interiores o exteriores.<\/div>\n<div>\n<h4>Characteristics<\/h4>\n<\/div>\n<div>\n<ul style=\"margin: 0px 0px 0px 25px\">\n<li style=\"list-style-type: circle;margin: 5px\">Redoba de sonido medio y durabilidad.<\/li>\n<li style=\"list-style-type: circle;margin: 5px\">Multifuncional.<\/li>\n<li style=\"list-style-type: circle;margin: 5px\">Ideal para latinos y sets de tambores de marcha.<\/li>\n<li style=\"list-style-type: circle;margin: 5px\">Incluye abrazadera de montaje 3\/8.<\/li>\n<li style=\"list-style-type: circle;margin: 5px\">Fabricada con pl\u00e1stico PE de alta calidad.<\/li>\n<li style=\"list-style-type: circle;margin: 5px\">Color verde neon.<\/li>\n<li style=\"list-style-type: circle;margin: 5px\">Ideal para baterista o percusionista.<\/li>\n<\/ul>\n<\/div>\n<\/div>","protected":false},"excerpt":{"rendered":"<p>Redoba de sonido medio y durabilidad, multifuncional, ideal para ritmos intrincados de inspiraci\u00f3n latina y sets de tambores, incluye abrazadera de montaje 3\/8, fabricada con pl\u00e1stico PE de alta calidad, color verde neon, ideal para baterista o percusionista.&hellip; <a class=\"kt-excerpt-readmore more-link\" href=\"https:\/\/www.mexicanguitarplayers.com\/en\/tienda\/percusiones\/percusiones-menores\/redobas\/redoba-meinl-pitch-block-mod-mpe5ng\/\">Read more<\/a><\/p>","protected":false},"featured_media":24007,"comment_status":"open","ping_status":"closed","template":"","meta":{"kt_blocks_editor_width":""},"pwb-brand":[290],"product_brand":[],"product_cat":[208,276,461],"product_tag":[],"class_list":{"0":"post-24013","1":"product","2":"type-product","3":"status-publish","4":"has-post-thumbnail","6":"pwb-brand-meinl","7":"product_cat-percusiones","8":"product_cat-percusiones-menores","9":"product_cat-redobas","10":"product_shipping_class-0-5-kg","12":"first","13":"instock","14":"taxable","15":"shipping-taxable","16":"purchasable","17":"product-type-simple"},"yoast_head":"<!-- This site is optimized with the Yoast SEO plugin v27.5 - https:\/\/yoast.com\/product\/yoast-seo-wordpress\/ -->\n<title>REDOBA MEINL (PITCH BLOCK) MOD. MPE5NG - Mexican Guitar Players<\/title>\n<meta name=\"description\" content=\"Redoba de sonido medio y durabilidad, multifuncional, ideal para ritmos intrincados de inspiraci\u00f3n latina y sets de tambores, incluye abrazadera de montaje 3\/8, fabricada con pl\u00e1stico PE de alta calidad, color verde neon, ideal para baterista o percusionista.\" \/>\n<meta name=\"robots\" content=\"index, follow, max-snippet:-1, max-image-preview:large, max-video-preview:-1\" \/>\n<link rel=\"canonical\" href=\"https:\/\/www.mexicanguitarplayers.com\/en\/tienda\/sin%20categor\u00eda\/redoba-meinl-pitch-block-mod-mpe5ng\/\" \/>\n<meta property=\"og:locale\" content=\"en_US\" \/>\n<meta property=\"og:type\" content=\"article\" \/>\n<meta property=\"og:title\" content=\"REDOBA MEINL (PITCH BLOCK) MOD. MPE5NG - Mexican Guitar Players\" \/>\n<meta property=\"og:description\" content=\"Redoba de sonido medio y durabilidad, multifuncional, ideal para ritmos intrincados de inspiraci\u00f3n latina y sets de tambores, incluye abrazadera de montaje 3\/8, fabricada con pl\u00e1stico PE de alta calidad, color verde neon, ideal para baterista o percusionista.\" \/>\n<meta property=\"og:url\" content=\"https:\/\/www.mexicanguitarplayers.com\/en\/tienda\/sin categor\u00eda\/redoba-meinl-pitch-block-mod-mpe5ng\/\" \/>\n<meta property=\"og:site_name\" content=\"Mexican Guitar Players\" \/>\n<meta property=\"article:modified_time\" content=\"2026-05-01T13:30:16+00:00\" \/>\n<meta name=\"twitter:card\" content=\"summary_large_image\" \/>\n<meta name=\"twitter:label1\" content=\"Est. reading time\" \/>\n\t<meta name=\"twitter:data1\" content=\"1 minute\" \/>\n<script type=\"application\/ld+json\" class=\"yoast-schema-graph\">{\"@context\":\"https:\\\/\\\/schema.org\",\"@graph\":[{\"@type\":[\"WebPage\",\"ItemPage\"],\"@id\":\"https:\\\/\\\/www.mexicanguitarplayers.com\\\/tienda\\\/sin categor\u00eda\\\/redoba-meinl-pitch-block-mod-mpe5ng\\\/\",\"url\":\"https:\\\/\\\/www.mexicanguitarplayers.com\\\/tienda\\\/sin categor\u00eda\\\/redoba-meinl-pitch-block-mod-mpe5ng\\\/\",\"name\":\"REDOBA MEINL (PITCH BLOCK) MOD. MPE5NG - Mexican Guitar Players\",\"isPartOf\":{\"@id\":\"https:\\\/\\\/www.mexicanguitarplayers.com\\\/#website\"},\"primaryImageOfPage\":{\"@id\":\"https:\\\/\\\/www.mexicanguitarplayers.com\\\/tienda\\\/sin categor\u00eda\\\/redoba-meinl-pitch-block-mod-mpe5ng\\\/#primaryimage\"},\"image\":{\"@id\":\"https:\\\/\\\/www.mexicanguitarplayers.com\\\/tienda\\\/sin categor\u00eda\\\/redoba-meinl-pitch-block-mod-mpe5ng\\\/#primaryimage\"},\"thumbnailUrl\":\"https:\\\/\\\/www.mexicanguitarplayers.com\\\/wp-content\\\/uploads\\\/2025\\\/04\\\/RAMEIMPE5NG.jpg\",\"datePublished\":\"2025-04-06T19:37:51+00:00\",\"dateModified\":\"2026-05-01T13:30:16+00:00\",\"description\":\"Redoba de sonido medio y durabilidad, multifuncional, ideal para ritmos intrincados de inspiraci\u00f3n latina y sets de tambores, incluye abrazadera de montaje 3\\\/8, fabricada con pl\u00e1stico PE de alta calidad, color verde neon, ideal para baterista o percusionista.\",\"breadcrumb\":{\"@id\":\"https:\\\/\\\/www.mexicanguitarplayers.com\\\/tienda\\\/sin categor\u00eda\\\/redoba-meinl-pitch-block-mod-mpe5ng\\\/#breadcrumb\"},\"inLanguage\":\"en-US\",\"potentialAction\":[{\"@type\":\"ReadAction\",\"target\":[\"https:\\\/\\\/www.mexicanguitarplayers.com\\\/tienda\\\/sin categor\u00eda\\\/redoba-meinl-pitch-block-mod-mpe5ng\\\/\"]}]},{\"@type\":\"ImageObject\",\"inLanguage\":\"en-US\",\"@id\":\"https:\\\/\\\/www.mexicanguitarplayers.com\\\/tienda\\\/sin categor\u00eda\\\/redoba-meinl-pitch-block-mod-mpe5ng\\\/#primaryimage\",\"url\":\"https:\\\/\\\/www.mexicanguitarplayers.com\\\/wp-content\\\/uploads\\\/2025\\\/04\\\/RAMEIMPE5NG.jpg\",\"contentUrl\":\"https:\\\/\\\/www.mexicanguitarplayers.com\\\/wp-content\\\/uploads\\\/2025\\\/04\\\/RAMEIMPE5NG.jpg\",\"width\":1200,\"height\":1200},{\"@type\":\"BreadcrumbList\",\"@id\":\"https:\\\/\\\/www.mexicanguitarplayers.com\\\/tienda\\\/sin categor\u00eda\\\/redoba-meinl-pitch-block-mod-mpe5ng\\\/#breadcrumb\",\"itemListElement\":[{\"@type\":\"ListItem\",\"position\":1,\"name\":\"Portada\",\"item\":\"https:\\\/\\\/www.mexicanguitarplayers.com\\\/\"},{\"@type\":\"ListItem\",\"position\":2,\"name\":\"Tienda\",\"item\":\"https:\\\/\\\/www.mexicanguitarplayers.com\\\/tienda\\\/\"},{\"@type\":\"ListItem\",\"position\":3,\"name\":\"REDOBA MEINL (PITCH BLOCK) MOD. MPE5NG\"}]},{\"@type\":\"WebSite\",\"@id\":\"https:\\\/\\\/www.mexicanguitarplayers.com\\\/#website\",\"url\":\"https:\\\/\\\/www.mexicanguitarplayers.com\\\/\",\"name\":\"Mexican Guitar Players\",\"description\":\"Website\",\"publisher\":{\"@id\":\"https:\\\/\\\/www.mexicanguitarplayers.com\\\/#organization\"},\"potentialAction\":[{\"@type\":\"SearchAction\",\"target\":{\"@type\":\"EntryPoint\",\"urlTemplate\":\"https:\\\/\\\/www.mexicanguitarplayers.com\\\/?s={search_term_string}\"},\"query-input\":{\"@type\":\"PropertyValueSpecification\",\"valueRequired\":true,\"valueName\":\"search_term_string\"}}],\"inLanguage\":\"en-US\"},{\"@type\":\"Organization\",\"@id\":\"https:\\\/\\\/www.mexicanguitarplayers.com\\\/#organization\",\"name\":\"Mexican Guitar Players\",\"url\":\"https:\\\/\\\/www.mexicanguitarplayers.com\\\/\",\"logo\":{\"@type\":\"ImageObject\",\"inLanguage\":\"en-US\",\"@id\":\"https:\\\/\\\/www.mexicanguitarplayers.com\\\/#\\\/schema\\\/logo\\\/image\\\/\",\"url\":\"\",\"contentUrl\":\"\",\"caption\":\"Mexican Guitar Players\"},\"image\":{\"@id\":\"https:\\\/\\\/www.mexicanguitarplayers.com\\\/#\\\/schema\\\/logo\\\/image\\\/\"}}]}<\/script>\n<!-- \/ Yoast SEO plugin. -->","yoast_head_json":{"title":"REDOBA MEINL (PITCH BLOCK) MOD. MPE5NG - Mexican Guitar Players","description":"Redoba de sonido medio y durabilidad, multifuncional, ideal para ritmos intrincados de inspiraci\u00f3n latina y sets de tambores, incluye abrazadera de montaje 3\/8, fabricada con pl\u00e1stico PE de alta calidad, color verde neon, ideal para baterista o percusionista.","robots":{"index":"index","follow":"follow","max-snippet":"max-snippet:-1","max-image-preview":"max-image-preview:large","max-video-preview":"max-video-preview:-1"},"canonical":"https:\/\/www.mexicanguitarplayers.com\/en\/tienda\/sin categor\u00eda\/redoba-meinl-pitch-block-mod-mpe5ng\/","og_locale":"en_US","og_type":"article","og_title":"REDOBA MEINL (PITCH BLOCK) MOD. MPE5NG - Mexican Guitar Players","og_description":"Redoba de sonido medio y durabilidad, multifuncional, ideal para ritmos intrincados de inspiraci\u00f3n latina y sets de tambores, incluye abrazadera de montaje 3\/8, fabricada con pl\u00e1stico PE de alta calidad, color verde neon, ideal para baterista o percusionista.","og_url":"https:\/\/www.mexicanguitarplayers.com\/en\/tienda\/sin categor\u00eda\/redoba-meinl-pitch-block-mod-mpe5ng\/","og_site_name":"Mexican Guitar Players","article_modified_time":"2026-05-01T13:30:16+00:00","twitter_card":"summary_large_image","twitter_misc":{"Est. reading time":"1 minute"},"schema":{"@context":"https:\/\/schema.org","@graph":[{"@type":["WebPage","ItemPage"],"@id":"https:\/\/www.mexicanguitarplayers.com\/tienda\/sin categor\u00eda\/redoba-meinl-pitch-block-mod-mpe5ng\/","url":"https:\/\/www.mexicanguitarplayers.com\/tienda\/sin categor\u00eda\/redoba-meinl-pitch-block-mod-mpe5ng\/","name":"REDOBA MEINL (PITCH BLOCK) MOD. MPE5NG - Mexican Guitar Players","isPartOf":{"@id":"https:\/\/www.mexicanguitarplayers.com\/#website"},"primaryImageOfPage":{"@id":"https:\/\/www.mexicanguitarplayers.com\/tienda\/sin categor\u00eda\/redoba-meinl-pitch-block-mod-mpe5ng\/#primaryimage"},"image":{"@id":"https:\/\/www.mexicanguitarplayers.com\/tienda\/sin categor\u00eda\/redoba-meinl-pitch-block-mod-mpe5ng\/#primaryimage"},"thumbnailUrl":"https:\/\/www.mexicanguitarplayers.com\/wp-content\/uploads\/2025\/04\/RAMEIMPE5NG.jpg","datePublished":"2025-04-06T19:37:51+00:00","dateModified":"2026-05-01T13:30:16+00:00","description":"Redoba de sonido medio y durabilidad, multifuncional, ideal para ritmos intrincados de inspiraci\u00f3n latina y sets de tambores, incluye abrazadera de montaje 3\/8, fabricada con pl\u00e1stico PE de alta calidad, color verde neon, ideal para baterista o percusionista.","breadcrumb":{"@id":"https:\/\/www.mexicanguitarplayers.com\/tienda\/sin categor\u00eda\/redoba-meinl-pitch-block-mod-mpe5ng\/#breadcrumb"},"inLanguage":"en-US","potentialAction":[{"@type":"ReadAction","target":["https:\/\/www.mexicanguitarplayers.com\/tienda\/sin categor\u00eda\/redoba-meinl-pitch-block-mod-mpe5ng\/"]}]},{"@type":"ImageObject","inLanguage":"en-US","@id":"https:\/\/www.mexicanguitarplayers.com\/tienda\/sin categor\u00eda\/redoba-meinl-pitch-block-mod-mpe5ng\/#primaryimage","url":"https:\/\/www.mexicanguitarplayers.com\/wp-content\/uploads\/2025\/04\/RAMEIMPE5NG.jpg","contentUrl":"https:\/\/www.mexicanguitarplayers.com\/wp-content\/uploads\/2025\/04\/RAMEIMPE5NG.jpg","width":1200,"height":1200},{"@type":"BreadcrumbList","@id":"https:\/\/www.mexicanguitarplayers.com\/tienda\/sin categor\u00eda\/redoba-meinl-pitch-block-mod-mpe5ng\/#breadcrumb","itemListElement":[{"@type":"ListItem","position":1,"name":"Portada","item":"https:\/\/www.mexicanguitarplayers.com\/"},{"@type":"ListItem","position":2,"name":"Tienda","item":"https:\/\/www.mexicanguitarplayers.com\/tienda\/"},{"@type":"ListItem","position":3,"name":"REDOBA MEINL (PITCH BLOCK) MOD. MPE5NG"}]},{"@type":"WebSite","@id":"https:\/\/www.mexicanguitarplayers.com\/#website","url":"https:\/\/www.mexicanguitarplayers.com\/","name":"Mexican Guitar Players","description":"Website","publisher":{"@id":"https:\/\/www.mexicanguitarplayers.com\/#organization"},"potentialAction":[{"@type":"SearchAction","target":{"@type":"EntryPoint","urlTemplate":"https:\/\/www.mexicanguitarplayers.com\/?s={search_term_string}"},"query-input":{"@type":"PropertyValueSpecification","valueRequired":true,"valueName":"search_term_string"}}],"inLanguage":"en-US"},{"@type":"Organization","@id":"https:\/\/www.mexicanguitarplayers.com\/#organization","name":"Mexican Guitar Players","url":"https:\/\/www.mexicanguitarplayers.com\/","logo":{"@type":"ImageObject","inLanguage":"en-US","@id":"https:\/\/www.mexicanguitarplayers.com\/#\/schema\/logo\/image\/","url":"","contentUrl":"","caption":"Mexican Guitar Players"},"image":{"@id":"https:\/\/www.mexicanguitarplayers.com\/#\/schema\/logo\/image\/"}}]}},"brands":[{"id":290,"name":"MEINL","slug":"meinl"}],"_links":{"self":[{"href":"https:\/\/www.mexicanguitarplayers.com\/en\/wp-json\/wp\/v2\/product\/24013","targetHints":{"allow":["GET"]}}],"collection":[{"href":"https:\/\/www.mexicanguitarplayers.com\/en\/wp-json\/wp\/v2\/product"}],"about":[{"href":"https:\/\/www.mexicanguitarplayers.com\/en\/wp-json\/wp\/v2\/types\/product"}],"replies":[{"embeddable":true,"href":"https:\/\/www.mexicanguitarplayers.com\/en\/wp-json\/wp\/v2\/comments?post=24013"}],"wp:featuredmedia":[{"embeddable":true,"href":"https:\/\/www.mexicanguitarplayers.com\/en\/wp-json\/wp\/v2\/media\/24007"}],"wp:attachment":[{"href":"https:\/\/www.mexicanguitarplayers.com\/en\/wp-json\/wp\/v2\/media?parent=24013"}],"wp:term":[{"taxonomy":"pwb-brand","embeddable":true,"href":"https:\/\/www.mexicanguitarplayers.com\/en\/wp-json\/wp\/v2\/pwb-brand?post=24013"},{"taxonomy":"product_brand","embeddable":true,"href":"https:\/\/www.mexicanguitarplayers.com\/en\/wp-json\/wp\/v2\/product_brand?post=24013"},{"taxonomy":"product_cat","embeddable":true,"href":"https:\/\/www.mexicanguitarplayers.com\/en\/wp-json\/wp\/v2\/product_cat?post=24013"},{"taxonomy":"product_tag","embeddable":true,"href":"https:\/\/www.mexicanguitarplayers.com\/en\/wp-json\/wp\/v2\/product_tag?post=24013"}],"curies":[{"name":"wp","href":"https:\/\/api.w.org\/{rel}","templated":true}]}}