{"id":24032,"date":"2025-04-06T13:39:16","date_gmt":"2025-04-06T19:39:16","guid":{"rendered":"https:\/\/www.mexicanguitarplayers.com\/tienda\/sin categor\u00eda\/guitarra-schecter-solo-ii-supreme\/"},"modified":"2026-05-01T07:30:16","modified_gmt":"2026-05-01T13:30:16","slug":"guitarra-schecter-solo-ii-supreme","status":"publish","type":"product","link":"https:\/\/www.mexicanguitarplayers.com\/en\/tienda\/cuerdas\/guitarras-cuerdas\/electricas\/guitarras-electricas-solidas\/guitarra-schecter-solo-ii-supreme\/","title":{"rendered":"GUITARRA SCHECTER SOLO-II SUPREME"},"content":{"rendered":"<div style=\"text-align: justify\">\n<div>\n<h3>El metal moderno se encuentra con un toque vintage.<\/h3>\n<\/div>\n<div>Una nueva versi\u00f3n de la guitarra insignia cutaway de Schecter, la Solo-II Supreme infunde el poder innato de la Solo-II con pastillas frescas, hardware de primera calidad y una tapa de maple flameado para un tono mejorado con un apariencia llamativa. Dirigida a m\u00fasicos que buscan una Solo-II con una sensaci\u00f3n un poco m\u00e1s vintage, la Solo-II Supreme presenta un brazo de perfil en C bien redondeado que es una referencia a las guitarras de un solo cutaway m\u00e1s robustas de los primeros d\u00edas del hard rock. Dos pastillas humbucking Lundgren Black Heaven, una versi\u00f3n refinada de los populares M6 de Lundgren, impulsan el tono divino de la Solo-II Supreme y cuentan con una respuesta tonal m\u00e1s amplia y versatilidad desde el primer momento.<\/div>\n<div>\n<h4>Quick look<\/h4>\n<\/div>\n<ul style=\"margin: 0px 0px 0px 25px\">\n<li style=\"list-style-type: circle;margin: 5px\">Kind.<\/li>\n<li style=\"list-style-type: circle;margin: 5px\">Cuerpo.<\/li>\n<li style=\"list-style-type: circle;margin: 5px\">Top.<\/li>\n<li style=\"list-style-type: circle;margin: 5px\">Bridge.<\/li>\n<li style=\"list-style-type: circle;margin: 5px\">Construcci\u00f3n.<\/li>\n<li style=\"list-style-type: circle;margin: 5px\">Hardware.<\/li>\n<li style=\"list-style-type: circle;margin: 5px\">Arm.<\/li>\n<li style=\"list-style-type: circle;margin: 5px\">Forma del brazo.<\/li>\n<li style=\"list-style-type: circle;margin: 5px\">Diapason.<\/li>\n<li style=\"list-style-type: circle;margin: 5px\">Radio del diapas\u00f3n.<\/li>\n<li style=\"list-style-type: circle;margin: 5px\">Scale.<\/li>\n<li style=\"list-style-type: circle;margin: 5px\">Scale.<\/li>\n<li style=\"list-style-type: circle;margin: 5px\">Espesor.<\/li>\n<li style=\"list-style-type: circle;margin: 5px\">Frets<\/li>\n<li style=\"list-style-type: circle;margin: 5px\">Nut.<\/li>\n<li style=\"list-style-type: circle;margin: 5px\">Ancho de la cejuela.<\/li>\n<li style=\"list-style-type: circle;margin: 5px\">Soul.<\/li>\n<li style=\"list-style-type: circle;margin: 5px\">Controls<\/li>\n<li style=\"list-style-type: circle;margin: 5px\">Selector.<\/li>\n<li style=\"list-style-type: circle;margin: 5px\">Pastillas.<\/li>\n<li style=\"list-style-type: circle;margin: 5px\">Accesorios.<\/li>\n<\/ul>\n<div>\n<div style=\"font-weight: bold\">Kind.<\/div>\n<div>\n<p>Solid electric guitar.<\/p>\n<\/div>\n<div style=\"font-weight: bold\">Cuerpo.<\/div>\n<div>\n<p>Mahogany.<\/p>\n<\/div>\n<div style=\"font-weight: bold\">Top.<\/div>\n<div>\n<p>Tapa arqueada.<\/p>\n<\/div>\n<div style=\"font-weight: bold\">Bridge.<\/div>\n<div>\n<p>TonePros T3BT Tune-O-Matic T1Z Tailpiece.<\/p>\n<\/div>\n<div style=\"font-weight: bold\">Construcci\u00f3n.<\/div>\n<div>\n<p>Set-Neck.<\/p>\n<\/div>\n<div style=\"font-weight: bold\">Hardware.<\/div>\n<div>\n<p>Cromado.<\/p>\n<\/div>\n<div style=\"font-weight: bold\">Arm.<\/div>\n<div>\n<p>Caoba de 3 piezas.<\/p>\n<\/div>\n<div style=\"font-weight: bold\">Forma del brazo.<\/div>\n<div>\n<p>C thin.<\/p>\n<\/div>\n<div style=\"font-weight: bold\">Diapason.<\/div>\n<div>\n<p>Ebony.<\/p>\n<\/div>\n<div style=\"font-weight: bold\">Radio del diapas\u00f3n.<\/div>\n<div>\n<p>12&#8243; (305 mm) -16&#8243; (406 mm) radio compuesto.<\/p>\n<\/div>\n<div style=\"font-weight: bold\">Scale.<\/div>\n<div>\n<p>L\u00edneas de abul\u00f3n.<\/p>\n<\/div>\n<div style=\"font-weight: bold\">Scale.<\/div>\n<div>\n<p>24.75\u201d (628 mm).<\/p>\n<\/div>\n<div style=\"font-weight: bold\">Espesor.<\/div>\n<div>\n<p>En el primer traste: .866\u201d (22 mm) y en el traste 12: .925\u201d (23.5 mm).<\/p>\n<\/div>\n<div style=\"font-weight: bold\">Frets<\/div>\n<div>\n<p>22 Jumbo de acero inoxidable.<\/p>\n<\/div>\n<div style=\"font-weight: bold\">Nut.<\/div>\n<div>\n<p>Graph Tech XL Tusq de \u00e9bano.<\/p>\n<\/div>\n<div style=\"font-weight: bold\">Ancho de la cejuela.<\/div>\n<div>\n<p>1.643\u201d (42 mm).<\/p>\n<\/div>\n<div style=\"font-weight: bold\">Soul.<\/div>\n<div>\n<p>Alma ajustable de 2 v\u00edas con tuerca Allen de 5\/32&#8243; (4 mm).<\/p>\n<\/div>\n<div style=\"font-weight: bold\">Controls<\/div>\n<div>\n<p>2 vol\u00famenes y 1 tono.<\/p>\n<\/div>\n<div style=\"font-weight: bold\">Selector.<\/div>\n<div>\n<p>3 positions.<\/p>\n<\/div>\n<div style=\"font-weight: bold\">Pastillas.<\/div>\n<div>\n<p>Pastilla del puente: Lundgren Black Heaven. Pastilla del brazo: Lundgren Black Heaven.<\/p>\n<\/div>\n<div style=\"font-weight: bold\">Accesorios.<\/div>\n<div>\n<p>Knurled metal knobs with set screw.<\/p>\n<\/div>\n<\/div>\n<\/div>","protected":false},"excerpt":{"rendered":"<p>Guitarra el\u00e9ctrica s\u00f3lida, cuerpo de caoba, tapa arqueada, puente TonePros T3BT Tune-O-Matic T1Z Tailpiece, construcci\u00f3n Set-Neck, hardware cromado, brazo de caoba de 3 piezas, diapas\u00f3n de \u00e9bano, incrustaciones de l\u00edneas de abul\u00f3n, escala: 24.75\u201d (628 mm), 22 trastes Jumbo acero inoxidable, cejuela de Graph Tech XL Tusq de \u00e9bano de 1.643\u201d (42 mm) de ancho, alma ajustable de 2 v\u00edas con tuerca Allen de 5\/32\u201d (4 mm), 2 controles de volumen y un control de tono, palanca de 3 posiciones, pastilla del puente: Lundgren Black Heaven, pastilla del brazo: Lundgren Black Heaven, perillas de metal moleteado con tornillo de fijaci\u00f3n.&hellip; <a class=\"kt-excerpt-readmore more-link\" href=\"https:\/\/www.mexicanguitarplayers.com\/en\/tienda\/cuerdas\/guitarras-cuerdas\/electricas\/guitarras-electricas-solidas\/guitarra-schecter-solo-ii-supreme\/\">Read more<\/a><\/p>","protected":false},"featured_media":24025,"comment_status":"open","ping_status":"closed","template":"","meta":{"kt_blocks_editor_width":""},"pwb-brand":[175],"product_brand":[],"product_cat":[224,313,312,314],"product_tag":[],"class_list":{"0":"post-24032","1":"product","2":"type-product","3":"status-publish","4":"has-post-thumbnail","6":"pwb-brand-schecter","7":"product_cat-cuerdas","8":"product_cat-electricas","9":"product_cat-guitarras-cuerdas","10":"product_cat-guitarras-electricas-solidas","11":"product_shipping_class-5-10-kg","13":"first","14":"instock","15":"taxable","16":"shipping-taxable","17":"purchasable","18":"product-type-simple"},"yoast_head":"<!-- This site is optimized with the Yoast SEO plugin v27.5 - https:\/\/yoast.com\/product\/yoast-seo-wordpress\/ -->\n<title>GUITARRA SCHECTER SOLO-II SUPREME - Mexican Guitar Players<\/title>\n<meta name=\"description\" content=\"Guitarra el\u00e9ctrica s\u00f3lida, cuerpo de caoba, tapa arqueada, puente TonePros T3BT Tune-O-Matic T1Z Tailpiece, construcci\u00f3n Set-Neck, hardware cromado, brazo de caoba de 3 piezas, diapas\u00f3n de \u00e9bano, incrustaciones de l\u00edneas de abul\u00f3n, escala: 24.75\u201d (628 mm), 22 trastes Jumbo acero inoxidable, cejuela de Graph Tech XL Tusq de \u00e9bano de 1.643\u201d (42 mm) de ancho, alma ajustable de 2 v\u00edas con tuerca Allen de 5\/32\u201d (4 mm), 2 controles de volumen y un control de tono, palanca de 3 posiciones, pastilla del puente: Lundgren Black Heaven, pastilla del brazo: Lundgren Black Heaven, perillas de metal moleteado con tornillo de fijaci\u00f3n.\" \/>\n<meta name=\"robots\" content=\"index, follow, max-snippet:-1, max-image-preview:large, max-video-preview:-1\" \/>\n<link rel=\"canonical\" href=\"https:\/\/www.mexicanguitarplayers.com\/en\/tienda\/sin%20categor\u00eda\/guitarra-schecter-solo-ii-supreme\/\" \/>\n<meta property=\"og:locale\" content=\"en_US\" \/>\n<meta property=\"og:type\" content=\"article\" \/>\n<meta property=\"og:title\" content=\"GUITARRA SCHECTER SOLO-II SUPREME - Mexican Guitar Players\" \/>\n<meta property=\"og:description\" content=\"Guitarra el\u00e9ctrica s\u00f3lida, cuerpo de caoba, tapa arqueada, puente TonePros T3BT Tune-O-Matic T1Z Tailpiece, construcci\u00f3n Set-Neck, hardware cromado, brazo de caoba de 3 piezas, diapas\u00f3n de \u00e9bano, incrustaciones de l\u00edneas de abul\u00f3n, escala: 24.75\u201d (628 mm), 22 trastes Jumbo acero inoxidable, cejuela de Graph Tech XL Tusq de \u00e9bano de 1.643\u201d (42 mm) de ancho, alma ajustable de 2 v\u00edas con tuerca Allen de 5\/32\u201d (4 mm), 2 controles de volumen y un control de tono, palanca de 3 posiciones, pastilla del puente: Lundgren Black Heaven, pastilla del brazo: Lundgren Black Heaven, perillas de metal moleteado con tornillo de fijaci\u00f3n.\" \/>\n<meta property=\"og:url\" content=\"https:\/\/www.mexicanguitarplayers.com\/en\/tienda\/sin categor\u00eda\/guitarra-schecter-solo-ii-supreme\/\" \/>\n<meta property=\"og:site_name\" content=\"Mexican Guitar Players\" \/>\n<meta property=\"article:modified_time\" content=\"2026-05-01T13:30:16+00:00\" \/>\n<meta name=\"twitter:card\" content=\"summary_large_image\" \/>\n<meta name=\"twitter:label1\" content=\"Est. reading time\" \/>\n\t<meta name=\"twitter:data1\" content=\"1 minute\" \/>\n<script type=\"application\/ld+json\" class=\"yoast-schema-graph\">{\"@context\":\"https:\\\/\\\/schema.org\",\"@graph\":[{\"@type\":[\"WebPage\",\"ItemPage\"],\"@id\":\"https:\\\/\\\/www.mexicanguitarplayers.com\\\/tienda\\\/sin categor\u00eda\\\/guitarra-schecter-solo-ii-supreme\\\/\",\"url\":\"https:\\\/\\\/www.mexicanguitarplayers.com\\\/tienda\\\/sin categor\u00eda\\\/guitarra-schecter-solo-ii-supreme\\\/\",\"name\":\"GUITARRA SCHECTER SOLO-II SUPREME - Mexican Guitar Players\",\"isPartOf\":{\"@id\":\"https:\\\/\\\/www.mexicanguitarplayers.com\\\/#website\"},\"primaryImageOfPage\":{\"@id\":\"https:\\\/\\\/www.mexicanguitarplayers.com\\\/tienda\\\/sin categor\u00eda\\\/guitarra-schecter-solo-ii-supreme\\\/#primaryimage\"},\"image\":{\"@id\":\"https:\\\/\\\/www.mexicanguitarplayers.com\\\/tienda\\\/sin categor\u00eda\\\/guitarra-schecter-solo-ii-supreme\\\/#primaryimage\"},\"thumbnailUrl\":\"https:\\\/\\\/www.mexicanguitarplayers.com\\\/wp-content\\\/uploads\\\/2025\\\/04\\\/ISSCCSOLOIISUP.jpg\",\"datePublished\":\"2025-04-06T19:39:16+00:00\",\"dateModified\":\"2026-05-01T13:30:16+00:00\",\"description\":\"Guitarra el\u00e9ctrica s\u00f3lida, cuerpo de caoba, tapa arqueada, puente TonePros T3BT Tune-O-Matic T1Z Tailpiece, construcci\u00f3n Set-Neck, hardware cromado, brazo de caoba de 3 piezas, diapas\u00f3n de \u00e9bano, incrustaciones de l\u00edneas de abul\u00f3n, escala: 24.75\u201d (628 mm), 22 trastes Jumbo acero inoxidable, cejuela de Graph Tech XL Tusq de \u00e9bano de 1.643\u201d (42 mm) de ancho, alma ajustable de 2 v\u00edas con tuerca Allen de 5\\\/32\u201d (4 mm), 2 controles de volumen y un control de tono, palanca de 3 posiciones, pastilla del puente: Lundgren Black Heaven, pastilla del brazo: Lundgren Black Heaven, perillas de metal moleteado con tornillo de fijaci\u00f3n.\",\"breadcrumb\":{\"@id\":\"https:\\\/\\\/www.mexicanguitarplayers.com\\\/tienda\\\/sin categor\u00eda\\\/guitarra-schecter-solo-ii-supreme\\\/#breadcrumb\"},\"inLanguage\":\"en-US\",\"potentialAction\":[{\"@type\":\"ReadAction\",\"target\":[\"https:\\\/\\\/www.mexicanguitarplayers.com\\\/tienda\\\/sin categor\u00eda\\\/guitarra-schecter-solo-ii-supreme\\\/\"]}]},{\"@type\":\"ImageObject\",\"inLanguage\":\"en-US\",\"@id\":\"https:\\\/\\\/www.mexicanguitarplayers.com\\\/tienda\\\/sin categor\u00eda\\\/guitarra-schecter-solo-ii-supreme\\\/#primaryimage\",\"url\":\"https:\\\/\\\/www.mexicanguitarplayers.com\\\/wp-content\\\/uploads\\\/2025\\\/04\\\/ISSCCSOLOIISUP.jpg\",\"contentUrl\":\"https:\\\/\\\/www.mexicanguitarplayers.com\\\/wp-content\\\/uploads\\\/2025\\\/04\\\/ISSCCSOLOIISUP.jpg\",\"width\":800,\"height\":1600},{\"@type\":\"BreadcrumbList\",\"@id\":\"https:\\\/\\\/www.mexicanguitarplayers.com\\\/tienda\\\/sin categor\u00eda\\\/guitarra-schecter-solo-ii-supreme\\\/#breadcrumb\",\"itemListElement\":[{\"@type\":\"ListItem\",\"position\":1,\"name\":\"Portada\",\"item\":\"https:\\\/\\\/www.mexicanguitarplayers.com\\\/\"},{\"@type\":\"ListItem\",\"position\":2,\"name\":\"Tienda\",\"item\":\"https:\\\/\\\/www.mexicanguitarplayers.com\\\/tienda\\\/\"},{\"@type\":\"ListItem\",\"position\":3,\"name\":\"GUITARRA SCHECTER SOLO-II SUPREME\"}]},{\"@type\":\"WebSite\",\"@id\":\"https:\\\/\\\/www.mexicanguitarplayers.com\\\/#website\",\"url\":\"https:\\\/\\\/www.mexicanguitarplayers.com\\\/\",\"name\":\"Mexican Guitar Players\",\"description\":\"Website\",\"publisher\":{\"@id\":\"https:\\\/\\\/www.mexicanguitarplayers.com\\\/#organization\"},\"potentialAction\":[{\"@type\":\"SearchAction\",\"target\":{\"@type\":\"EntryPoint\",\"urlTemplate\":\"https:\\\/\\\/www.mexicanguitarplayers.com\\\/?s={search_term_string}\"},\"query-input\":{\"@type\":\"PropertyValueSpecification\",\"valueRequired\":true,\"valueName\":\"search_term_string\"}}],\"inLanguage\":\"en-US\"},{\"@type\":\"Organization\",\"@id\":\"https:\\\/\\\/www.mexicanguitarplayers.com\\\/#organization\",\"name\":\"Mexican Guitar Players\",\"url\":\"https:\\\/\\\/www.mexicanguitarplayers.com\\\/\",\"logo\":{\"@type\":\"ImageObject\",\"inLanguage\":\"en-US\",\"@id\":\"https:\\\/\\\/www.mexicanguitarplayers.com\\\/#\\\/schema\\\/logo\\\/image\\\/\",\"url\":\"\",\"contentUrl\":\"\",\"caption\":\"Mexican Guitar Players\"},\"image\":{\"@id\":\"https:\\\/\\\/www.mexicanguitarplayers.com\\\/#\\\/schema\\\/logo\\\/image\\\/\"}}]}<\/script>\n<!-- \/ Yoast SEO plugin. -->","yoast_head_json":{"title":"GUITARRA SCHECTER SOLO-II SUPREME - Mexican Guitar Players","description":"Guitarra el\u00e9ctrica s\u00f3lida, cuerpo de caoba, tapa arqueada, puente TonePros T3BT Tune-O-Matic T1Z Tailpiece, construcci\u00f3n Set-Neck, hardware cromado, brazo de caoba de 3 piezas, diapas\u00f3n de \u00e9bano, incrustaciones de l\u00edneas de abul\u00f3n, escala: 24.75\u201d (628 mm), 22 trastes Jumbo acero inoxidable, cejuela de Graph Tech XL Tusq de \u00e9bano de 1.643\u201d (42 mm) de ancho, alma ajustable de 2 v\u00edas con tuerca Allen de 5\/32\u201d (4 mm), 2 controles de volumen y un control de tono, palanca de 3 posiciones, pastilla del puente: Lundgren Black Heaven, pastilla del brazo: Lundgren Black Heaven, perillas de metal moleteado con tornillo de fijaci\u00f3n.","robots":{"index":"index","follow":"follow","max-snippet":"max-snippet:-1","max-image-preview":"max-image-preview:large","max-video-preview":"max-video-preview:-1"},"canonical":"https:\/\/www.mexicanguitarplayers.com\/en\/tienda\/sin categor\u00eda\/guitarra-schecter-solo-ii-supreme\/","og_locale":"en_US","og_type":"article","og_title":"GUITARRA SCHECTER SOLO-II SUPREME - Mexican Guitar Players","og_description":"Guitarra el\u00e9ctrica s\u00f3lida, cuerpo de caoba, tapa arqueada, puente TonePros T3BT Tune-O-Matic T1Z Tailpiece, construcci\u00f3n Set-Neck, hardware cromado, brazo de caoba de 3 piezas, diapas\u00f3n de \u00e9bano, incrustaciones de l\u00edneas de abul\u00f3n, escala: 24.75\u201d (628 mm), 22 trastes Jumbo acero inoxidable, cejuela de Graph Tech XL Tusq de \u00e9bano de 1.643\u201d (42 mm) de ancho, alma ajustable de 2 v\u00edas con tuerca Allen de 5\/32\u201d (4 mm), 2 controles de volumen y un control de tono, palanca de 3 posiciones, pastilla del puente: Lundgren Black Heaven, pastilla del brazo: Lundgren Black Heaven, perillas de metal moleteado con tornillo de fijaci\u00f3n.","og_url":"https:\/\/www.mexicanguitarplayers.com\/en\/tienda\/sin categor\u00eda\/guitarra-schecter-solo-ii-supreme\/","og_site_name":"Mexican Guitar Players","article_modified_time":"2026-05-01T13:30:16+00:00","twitter_card":"summary_large_image","twitter_misc":{"Est. reading time":"1 minute"},"schema":{"@context":"https:\/\/schema.org","@graph":[{"@type":["WebPage","ItemPage"],"@id":"https:\/\/www.mexicanguitarplayers.com\/tienda\/sin categor\u00eda\/guitarra-schecter-solo-ii-supreme\/","url":"https:\/\/www.mexicanguitarplayers.com\/tienda\/sin categor\u00eda\/guitarra-schecter-solo-ii-supreme\/","name":"GUITARRA SCHECTER SOLO-II SUPREME - Mexican Guitar Players","isPartOf":{"@id":"https:\/\/www.mexicanguitarplayers.com\/#website"},"primaryImageOfPage":{"@id":"https:\/\/www.mexicanguitarplayers.com\/tienda\/sin categor\u00eda\/guitarra-schecter-solo-ii-supreme\/#primaryimage"},"image":{"@id":"https:\/\/www.mexicanguitarplayers.com\/tienda\/sin categor\u00eda\/guitarra-schecter-solo-ii-supreme\/#primaryimage"},"thumbnailUrl":"https:\/\/www.mexicanguitarplayers.com\/wp-content\/uploads\/2025\/04\/ISSCCSOLOIISUP.jpg","datePublished":"2025-04-06T19:39:16+00:00","dateModified":"2026-05-01T13:30:16+00:00","description":"Guitarra el\u00e9ctrica s\u00f3lida, cuerpo de caoba, tapa arqueada, puente TonePros T3BT Tune-O-Matic T1Z Tailpiece, construcci\u00f3n Set-Neck, hardware cromado, brazo de caoba de 3 piezas, diapas\u00f3n de \u00e9bano, incrustaciones de l\u00edneas de abul\u00f3n, escala: 24.75\u201d (628 mm), 22 trastes Jumbo acero inoxidable, cejuela de Graph Tech XL Tusq de \u00e9bano de 1.643\u201d (42 mm) de ancho, alma ajustable de 2 v\u00edas con tuerca Allen de 5\/32\u201d (4 mm), 2 controles de volumen y un control de tono, palanca de 3 posiciones, pastilla del puente: Lundgren Black Heaven, pastilla del brazo: Lundgren Black Heaven, perillas de metal moleteado con tornillo de fijaci\u00f3n.","breadcrumb":{"@id":"https:\/\/www.mexicanguitarplayers.com\/tienda\/sin categor\u00eda\/guitarra-schecter-solo-ii-supreme\/#breadcrumb"},"inLanguage":"en-US","potentialAction":[{"@type":"ReadAction","target":["https:\/\/www.mexicanguitarplayers.com\/tienda\/sin categor\u00eda\/guitarra-schecter-solo-ii-supreme\/"]}]},{"@type":"ImageObject","inLanguage":"en-US","@id":"https:\/\/www.mexicanguitarplayers.com\/tienda\/sin categor\u00eda\/guitarra-schecter-solo-ii-supreme\/#primaryimage","url":"https:\/\/www.mexicanguitarplayers.com\/wp-content\/uploads\/2025\/04\/ISSCCSOLOIISUP.jpg","contentUrl":"https:\/\/www.mexicanguitarplayers.com\/wp-content\/uploads\/2025\/04\/ISSCCSOLOIISUP.jpg","width":800,"height":1600},{"@type":"BreadcrumbList","@id":"https:\/\/www.mexicanguitarplayers.com\/tienda\/sin categor\u00eda\/guitarra-schecter-solo-ii-supreme\/#breadcrumb","itemListElement":[{"@type":"ListItem","position":1,"name":"Portada","item":"https:\/\/www.mexicanguitarplayers.com\/"},{"@type":"ListItem","position":2,"name":"Tienda","item":"https:\/\/www.mexicanguitarplayers.com\/tienda\/"},{"@type":"ListItem","position":3,"name":"GUITARRA SCHECTER SOLO-II SUPREME"}]},{"@type":"WebSite","@id":"https:\/\/www.mexicanguitarplayers.com\/#website","url":"https:\/\/www.mexicanguitarplayers.com\/","name":"Mexican Guitar Players","description":"Website","publisher":{"@id":"https:\/\/www.mexicanguitarplayers.com\/#organization"},"potentialAction":[{"@type":"SearchAction","target":{"@type":"EntryPoint","urlTemplate":"https:\/\/www.mexicanguitarplayers.com\/?s={search_term_string}"},"query-input":{"@type":"PropertyValueSpecification","valueRequired":true,"valueName":"search_term_string"}}],"inLanguage":"en-US"},{"@type":"Organization","@id":"https:\/\/www.mexicanguitarplayers.com\/#organization","name":"Mexican Guitar Players","url":"https:\/\/www.mexicanguitarplayers.com\/","logo":{"@type":"ImageObject","inLanguage":"en-US","@id":"https:\/\/www.mexicanguitarplayers.com\/#\/schema\/logo\/image\/","url":"","contentUrl":"","caption":"Mexican Guitar Players"},"image":{"@id":"https:\/\/www.mexicanguitarplayers.com\/#\/schema\/logo\/image\/"}}]}},"brands":[{"id":175,"name":"SCHECTER","slug":"schecter"}],"_links":{"self":[{"href":"https:\/\/www.mexicanguitarplayers.com\/en\/wp-json\/wp\/v2\/product\/24032","targetHints":{"allow":["GET"]}}],"collection":[{"href":"https:\/\/www.mexicanguitarplayers.com\/en\/wp-json\/wp\/v2\/product"}],"about":[{"href":"https:\/\/www.mexicanguitarplayers.com\/en\/wp-json\/wp\/v2\/types\/product"}],"replies":[{"embeddable":true,"href":"https:\/\/www.mexicanguitarplayers.com\/en\/wp-json\/wp\/v2\/comments?post=24032"}],"wp:featuredmedia":[{"embeddable":true,"href":"https:\/\/www.mexicanguitarplayers.com\/en\/wp-json\/wp\/v2\/media\/24025"}],"wp:attachment":[{"href":"https:\/\/www.mexicanguitarplayers.com\/en\/wp-json\/wp\/v2\/media?parent=24032"}],"wp:term":[{"taxonomy":"pwb-brand","embeddable":true,"href":"https:\/\/www.mexicanguitarplayers.com\/en\/wp-json\/wp\/v2\/pwb-brand?post=24032"},{"taxonomy":"product_brand","embeddable":true,"href":"https:\/\/www.mexicanguitarplayers.com\/en\/wp-json\/wp\/v2\/product_brand?post=24032"},{"taxonomy":"product_cat","embeddable":true,"href":"https:\/\/www.mexicanguitarplayers.com\/en\/wp-json\/wp\/v2\/product_cat?post=24032"},{"taxonomy":"product_tag","embeddable":true,"href":"https:\/\/www.mexicanguitarplayers.com\/en\/wp-json\/wp\/v2\/product_tag?post=24032"}],"curies":[{"name":"wp","href":"https:\/\/api.w.org\/{rel}","templated":true}]}}