{"id":24060,"date":"2025-04-06T13:40:58","date_gmt":"2025-04-06T19:40:58","guid":{"rendered":"https:\/\/www.mexicanguitarplayers.com\/tienda\/sin categor\u00eda\/bajo-washburn-electrico-acb40prospk\/"},"modified":"2026-04-10T04:47:58","modified_gmt":"2026-04-10T10:47:58","slug":"bajo-washburn-electrico-acb40prospk","status":"publish","type":"product","link":"https:\/\/www.mexicanguitarplayers.com\/en\/tienda\/cuerdas\/bajos\/electricos\/electricos-activos\/bajo-washburn-electrico-acb40prospk\/","title":{"rendered":"BAJO WASHBURN ELECTRICO ACB40PROSPK"},"content":{"rendered":"<div style=\"text-align: justify\">\n<div>\n<h3>Bajos el\u00e9ctricos profesionales en maderas ex\u00f3ticas.<\/h3>\n<\/div>\n<div>La compa\u00f1\u00eda Washburn comenz\u00f3 a hacer guitarras desde1883 en Chicago como una divisi\u00f3n del fabricante de instrumentos de cuerda Lyon &amp; Healy quien fabricaba instrumentos en la d\u00e9cada de 1880, con Washburn (guitarras, mandolinas, banjos, y c\u00edtaras).  Washburn fabrica guitarras el\u00e9ctricas, guitarras ac\u00fasticas, bajos el\u00e9ctricos, bajos ac\u00fasticos, banjos, mandolinas, guitarras de viaje, y amplificadores. Washburn ha ido ganando mucho reconocimiento en los \u00faltimos a\u00f1os, especialmente en el metal extremo, el hardcore punk y las escenas post-rock.ha fabricado y dise\u00f1ado guitarras el\u00e9ctricas, ac\u00fasticas y bajos y ha sido la marca favorita de guitarristas como Dimebag Darrell, Scott Ian, Jennifer Batten, Nuno Bettencourt, Stu Hamm, Paul Stanley y muchos m\u00e1s\u2026 La serie CLASSIC de bajos CB con tapa tallada con acabados de madera ex\u00f3tica con cuerpo de caoba. Un cutaway extremo permite el acceso a todos los 24 trastes y la inclusi\u00f3n del Sistema de octavaci\u00f3n Buzz Feiten, hace que cada nota est\u00e9 perfectamente octavada y afinada. Disponible en versiones de 4,5 y 6 cuerdas, estos bajos est\u00e1n equipados con pastillas activas EDEN, maquinarias Grover. Tapas de maple acolchado, maple flameado, Cocobolo, y Ovangkol.  o, y Ovangkol. <\/div>\n<div>\n<h4>Quick look<\/h4>\n<\/div>\n<ul style=\"margin: 0px 0px 0px 25px\">\n<li style=\"list-style-type: circle;margin: 5px\">Tapa de Maple veteado<\/li>\n<li style=\"list-style-type: circle;margin: 5px\">Pickups EDEN activos<\/li>\n<li style=\"list-style-type: circle;margin: 5px\">Ergonom\u00eda y comodidad<\/li>\n<\/ul>\n<div>\n<div style=\"font-weight: bold\">Tapa de Maple veteado<\/div>\n<div>\n<p>Madera ex\u00f3tica.<\/p>\n<\/div>\n<div style=\"font-weight: bold\">Pickups EDEN activos<\/div>\n<div>\n<p>EDEN fabrica pickups de dise\u00f1o especial<\/p>\n<\/div>\n<div style=\"font-weight: bold\">Ergonom\u00eda y comodidad<\/div>\n<div>\n<p>Sus cantos desvanecidos y \u00e1mplios resaques hacen de esta serie extremadamente c\u00f3moda.<\/p>\n<\/div>\n<\/div>\n<div>\n<h4>Characteristics<\/h4>\n<\/div>\n<div>\n<ul style=\"margin: 0px 0px 0px 25px\">\n<li style=\"list-style-type: circle;margin: 5px\">Maquinarias Grover<\/li>\n<li style=\"list-style-type: circle;margin: 5px\">Puente Tune-o-Matic<\/li>\n<li style=\"list-style-type: circle;margin: 5px\">Diapaz\u00f3n de \u00e9bano<\/li>\n<\/ul>\n<\/div>\n<\/div>","protected":false},"excerpt":{"rendered":"<p>Bajo Washburn el\u00e9ctrico ACB40PROSPK activo, 5 cdas. cuerpo de caoba, tapa de cocobolo, brazo de maple diapas\u00f3n de \u00e9bano, pickups EDEN activos, maquinaria GROVERy puente tune-o-matic&hellip; <a class=\"kt-excerpt-readmore more-link\" href=\"https:\/\/www.mexicanguitarplayers.com\/en\/tienda\/cuerdas\/bajos\/electricos\/electricos-activos\/bajo-washburn-electrico-acb40prospk\/\">Read more<\/a><\/p>","protected":false},"featured_media":24059,"comment_status":"open","ping_status":"closed","template":"","meta":{"kt_blocks_editor_width":""},"pwb-brand":[178],"product_brand":[],"product_cat":[317,224,318,326],"product_tag":[],"class_list":{"0":"post-24060","1":"product","2":"type-product","3":"status-publish","4":"has-post-thumbnail","6":"pwb-brand-washburn","7":"product_cat-bajos","8":"product_cat-cuerdas","9":"product_cat-electricos","10":"product_cat-electricos-activos","11":"product_shipping_class-5-10-kg","13":"first","14":"outofstock","15":"taxable","16":"shipping-taxable","17":"purchasable","18":"product-type-simple"},"yoast_head":"<!-- This site is optimized with the Yoast SEO plugin v27.5 - https:\/\/yoast.com\/product\/yoast-seo-wordpress\/ -->\n<title>BAJO WASHBURN ELECTRICO ACB40PROSPK - Mexican Guitar Players<\/title>\n<meta name=\"description\" content=\"Bajo Washburn el\u00e9ctrico ACB40PROSPK activo, 5 cdas. cuerpo de caoba, tapa de cocobolo, brazo de maple diapas\u00f3n de \u00e9bano, pickups EDEN activos, maquinaria GROVERy puente tune-o-matic\" \/>\n<meta name=\"robots\" content=\"index, follow, max-snippet:-1, max-image-preview:large, max-video-preview:-1\" \/>\n<link rel=\"canonical\" href=\"https:\/\/www.mexicanguitarplayers.com\/en\/tienda\/sin%20categor\u00eda\/bajo-washburn-electrico-acb40prospk\/\" \/>\n<meta property=\"og:locale\" content=\"en_US\" \/>\n<meta property=\"og:type\" content=\"article\" \/>\n<meta property=\"og:title\" content=\"BAJO WASHBURN ELECTRICO ACB40PROSPK - Mexican Guitar Players\" \/>\n<meta property=\"og:description\" content=\"Bajo Washburn el\u00e9ctrico ACB40PROSPK activo, 5 cdas. cuerpo de caoba, tapa de cocobolo, brazo de maple diapas\u00f3n de \u00e9bano, pickups EDEN activos, maquinaria GROVERy puente tune-o-matic\" \/>\n<meta property=\"og:url\" content=\"https:\/\/www.mexicanguitarplayers.com\/en\/tienda\/sin categor\u00eda\/bajo-washburn-electrico-acb40prospk\/\" \/>\n<meta property=\"og:site_name\" content=\"Mexican Guitar Players\" \/>\n<meta property=\"article:modified_time\" content=\"2026-04-10T10:47:58+00:00\" \/>\n<meta name=\"twitter:card\" content=\"summary_large_image\" \/>\n<meta name=\"twitter:label1\" content=\"Est. reading time\" \/>\n\t<meta name=\"twitter:data1\" content=\"1 minute\" \/>\n<script type=\"application\/ld+json\" class=\"yoast-schema-graph\">{\"@context\":\"https:\\\/\\\/schema.org\",\"@graph\":[{\"@type\":[\"WebPage\",\"ItemPage\"],\"@id\":\"https:\\\/\\\/www.mexicanguitarplayers.com\\\/tienda\\\/sin categor\u00eda\\\/bajo-washburn-electrico-acb40prospk\\\/\",\"url\":\"https:\\\/\\\/www.mexicanguitarplayers.com\\\/tienda\\\/sin categor\u00eda\\\/bajo-washburn-electrico-acb40prospk\\\/\",\"name\":\"BAJO WASHBURN ELECTRICO ACB40PROSPK - Mexican Guitar Players\",\"isPartOf\":{\"@id\":\"https:\\\/\\\/www.mexicanguitarplayers.com\\\/#website\"},\"primaryImageOfPage\":{\"@id\":\"https:\\\/\\\/www.mexicanguitarplayers.com\\\/tienda\\\/sin categor\u00eda\\\/bajo-washburn-electrico-acb40prospk\\\/#primaryimage\"},\"image\":{\"@id\":\"https:\\\/\\\/www.mexicanguitarplayers.com\\\/tienda\\\/sin categor\u00eda\\\/bajo-washburn-electrico-acb40prospk\\\/#primaryimage\"},\"thumbnailUrl\":\"https:\\\/\\\/www.mexicanguitarplayers.com\\\/wp-content\\\/uploads\\\/2025\\\/04\\\/ISWASACB40PROS.jpg\",\"datePublished\":\"2025-04-06T19:40:58+00:00\",\"dateModified\":\"2026-04-10T10:47:58+00:00\",\"description\":\"Bajo Washburn el\u00e9ctrico ACB40PROSPK activo, 5 cdas. cuerpo de caoba, tapa de cocobolo, brazo de maple diapas\u00f3n de \u00e9bano, pickups EDEN activos, maquinaria GROVERy puente tune-o-matic\",\"breadcrumb\":{\"@id\":\"https:\\\/\\\/www.mexicanguitarplayers.com\\\/tienda\\\/sin categor\u00eda\\\/bajo-washburn-electrico-acb40prospk\\\/#breadcrumb\"},\"inLanguage\":\"en-US\",\"potentialAction\":[{\"@type\":\"ReadAction\",\"target\":[\"https:\\\/\\\/www.mexicanguitarplayers.com\\\/tienda\\\/sin categor\u00eda\\\/bajo-washburn-electrico-acb40prospk\\\/\"]}]},{\"@type\":\"ImageObject\",\"inLanguage\":\"en-US\",\"@id\":\"https:\\\/\\\/www.mexicanguitarplayers.com\\\/tienda\\\/sin categor\u00eda\\\/bajo-washburn-electrico-acb40prospk\\\/#primaryimage\",\"url\":\"https:\\\/\\\/www.mexicanguitarplayers.com\\\/wp-content\\\/uploads\\\/2025\\\/04\\\/ISWASACB40PROS.jpg\",\"contentUrl\":\"https:\\\/\\\/www.mexicanguitarplayers.com\\\/wp-content\\\/uploads\\\/2025\\\/04\\\/ISWASACB40PROS.jpg\",\"width\":400,\"height\":300},{\"@type\":\"BreadcrumbList\",\"@id\":\"https:\\\/\\\/www.mexicanguitarplayers.com\\\/tienda\\\/sin categor\u00eda\\\/bajo-washburn-electrico-acb40prospk\\\/#breadcrumb\",\"itemListElement\":[{\"@type\":\"ListItem\",\"position\":1,\"name\":\"Portada\",\"item\":\"https:\\\/\\\/www.mexicanguitarplayers.com\\\/\"},{\"@type\":\"ListItem\",\"position\":2,\"name\":\"Tienda\",\"item\":\"https:\\\/\\\/www.mexicanguitarplayers.com\\\/tienda\\\/\"},{\"@type\":\"ListItem\",\"position\":3,\"name\":\"BAJO WASHBURN ELECTRICO ACB40PROSPK\"}]},{\"@type\":\"WebSite\",\"@id\":\"https:\\\/\\\/www.mexicanguitarplayers.com\\\/#website\",\"url\":\"https:\\\/\\\/www.mexicanguitarplayers.com\\\/\",\"name\":\"Mexican Guitar Players\",\"description\":\"Website\",\"publisher\":{\"@id\":\"https:\\\/\\\/www.mexicanguitarplayers.com\\\/#organization\"},\"potentialAction\":[{\"@type\":\"SearchAction\",\"target\":{\"@type\":\"EntryPoint\",\"urlTemplate\":\"https:\\\/\\\/www.mexicanguitarplayers.com\\\/?s={search_term_string}\"},\"query-input\":{\"@type\":\"PropertyValueSpecification\",\"valueRequired\":true,\"valueName\":\"search_term_string\"}}],\"inLanguage\":\"en-US\"},{\"@type\":\"Organization\",\"@id\":\"https:\\\/\\\/www.mexicanguitarplayers.com\\\/#organization\",\"name\":\"Mexican Guitar Players\",\"url\":\"https:\\\/\\\/www.mexicanguitarplayers.com\\\/\",\"logo\":{\"@type\":\"ImageObject\",\"inLanguage\":\"en-US\",\"@id\":\"https:\\\/\\\/www.mexicanguitarplayers.com\\\/#\\\/schema\\\/logo\\\/image\\\/\",\"url\":\"\",\"contentUrl\":\"\",\"caption\":\"Mexican Guitar Players\"},\"image\":{\"@id\":\"https:\\\/\\\/www.mexicanguitarplayers.com\\\/#\\\/schema\\\/logo\\\/image\\\/\"}}]}<\/script>\n<!-- \/ Yoast SEO plugin. -->","yoast_head_json":{"title":"BAJO WASHBURN ELECTRICO ACB40PROSPK - Mexican Guitar Players","description":"Bajo Washburn el\u00e9ctrico ACB40PROSPK activo, 5 cdas. cuerpo de caoba, tapa de cocobolo, brazo de maple diapas\u00f3n de \u00e9bano, pickups EDEN activos, maquinaria GROVERy puente tune-o-matic","robots":{"index":"index","follow":"follow","max-snippet":"max-snippet:-1","max-image-preview":"max-image-preview:large","max-video-preview":"max-video-preview:-1"},"canonical":"https:\/\/www.mexicanguitarplayers.com\/en\/tienda\/sin categor\u00eda\/bajo-washburn-electrico-acb40prospk\/","og_locale":"en_US","og_type":"article","og_title":"BAJO WASHBURN ELECTRICO ACB40PROSPK - Mexican Guitar Players","og_description":"Bajo Washburn el\u00e9ctrico ACB40PROSPK activo, 5 cdas. cuerpo de caoba, tapa de cocobolo, brazo de maple diapas\u00f3n de \u00e9bano, pickups EDEN activos, maquinaria GROVERy puente tune-o-matic","og_url":"https:\/\/www.mexicanguitarplayers.com\/en\/tienda\/sin categor\u00eda\/bajo-washburn-electrico-acb40prospk\/","og_site_name":"Mexican Guitar Players","article_modified_time":"2026-04-10T10:47:58+00:00","twitter_card":"summary_large_image","twitter_misc":{"Est. reading time":"1 minute"},"schema":{"@context":"https:\/\/schema.org","@graph":[{"@type":["WebPage","ItemPage"],"@id":"https:\/\/www.mexicanguitarplayers.com\/tienda\/sin categor\u00eda\/bajo-washburn-electrico-acb40prospk\/","url":"https:\/\/www.mexicanguitarplayers.com\/tienda\/sin categor\u00eda\/bajo-washburn-electrico-acb40prospk\/","name":"BAJO WASHBURN ELECTRICO ACB40PROSPK - Mexican Guitar Players","isPartOf":{"@id":"https:\/\/www.mexicanguitarplayers.com\/#website"},"primaryImageOfPage":{"@id":"https:\/\/www.mexicanguitarplayers.com\/tienda\/sin categor\u00eda\/bajo-washburn-electrico-acb40prospk\/#primaryimage"},"image":{"@id":"https:\/\/www.mexicanguitarplayers.com\/tienda\/sin categor\u00eda\/bajo-washburn-electrico-acb40prospk\/#primaryimage"},"thumbnailUrl":"https:\/\/www.mexicanguitarplayers.com\/wp-content\/uploads\/2025\/04\/ISWASACB40PROS.jpg","datePublished":"2025-04-06T19:40:58+00:00","dateModified":"2026-04-10T10:47:58+00:00","description":"Bajo Washburn el\u00e9ctrico ACB40PROSPK activo, 5 cdas. cuerpo de caoba, tapa de cocobolo, brazo de maple diapas\u00f3n de \u00e9bano, pickups EDEN activos, maquinaria GROVERy puente tune-o-matic","breadcrumb":{"@id":"https:\/\/www.mexicanguitarplayers.com\/tienda\/sin categor\u00eda\/bajo-washburn-electrico-acb40prospk\/#breadcrumb"},"inLanguage":"en-US","potentialAction":[{"@type":"ReadAction","target":["https:\/\/www.mexicanguitarplayers.com\/tienda\/sin categor\u00eda\/bajo-washburn-electrico-acb40prospk\/"]}]},{"@type":"ImageObject","inLanguage":"en-US","@id":"https:\/\/www.mexicanguitarplayers.com\/tienda\/sin categor\u00eda\/bajo-washburn-electrico-acb40prospk\/#primaryimage","url":"https:\/\/www.mexicanguitarplayers.com\/wp-content\/uploads\/2025\/04\/ISWASACB40PROS.jpg","contentUrl":"https:\/\/www.mexicanguitarplayers.com\/wp-content\/uploads\/2025\/04\/ISWASACB40PROS.jpg","width":400,"height":300},{"@type":"BreadcrumbList","@id":"https:\/\/www.mexicanguitarplayers.com\/tienda\/sin categor\u00eda\/bajo-washburn-electrico-acb40prospk\/#breadcrumb","itemListElement":[{"@type":"ListItem","position":1,"name":"Portada","item":"https:\/\/www.mexicanguitarplayers.com\/"},{"@type":"ListItem","position":2,"name":"Tienda","item":"https:\/\/www.mexicanguitarplayers.com\/tienda\/"},{"@type":"ListItem","position":3,"name":"BAJO WASHBURN ELECTRICO ACB40PROSPK"}]},{"@type":"WebSite","@id":"https:\/\/www.mexicanguitarplayers.com\/#website","url":"https:\/\/www.mexicanguitarplayers.com\/","name":"Mexican Guitar Players","description":"Website","publisher":{"@id":"https:\/\/www.mexicanguitarplayers.com\/#organization"},"potentialAction":[{"@type":"SearchAction","target":{"@type":"EntryPoint","urlTemplate":"https:\/\/www.mexicanguitarplayers.com\/?s={search_term_string}"},"query-input":{"@type":"PropertyValueSpecification","valueRequired":true,"valueName":"search_term_string"}}],"inLanguage":"en-US"},{"@type":"Organization","@id":"https:\/\/www.mexicanguitarplayers.com\/#organization","name":"Mexican Guitar Players","url":"https:\/\/www.mexicanguitarplayers.com\/","logo":{"@type":"ImageObject","inLanguage":"en-US","@id":"https:\/\/www.mexicanguitarplayers.com\/#\/schema\/logo\/image\/","url":"","contentUrl":"","caption":"Mexican Guitar Players"},"image":{"@id":"https:\/\/www.mexicanguitarplayers.com\/#\/schema\/logo\/image\/"}}]}},"brands":[{"id":178,"name":"WASHBURN","slug":"washburn"}],"_links":{"self":[{"href":"https:\/\/www.mexicanguitarplayers.com\/en\/wp-json\/wp\/v2\/product\/24060","targetHints":{"allow":["GET"]}}],"collection":[{"href":"https:\/\/www.mexicanguitarplayers.com\/en\/wp-json\/wp\/v2\/product"}],"about":[{"href":"https:\/\/www.mexicanguitarplayers.com\/en\/wp-json\/wp\/v2\/types\/product"}],"replies":[{"embeddable":true,"href":"https:\/\/www.mexicanguitarplayers.com\/en\/wp-json\/wp\/v2\/comments?post=24060"}],"wp:featuredmedia":[{"embeddable":true,"href":"https:\/\/www.mexicanguitarplayers.com\/en\/wp-json\/wp\/v2\/media\/24059"}],"wp:attachment":[{"href":"https:\/\/www.mexicanguitarplayers.com\/en\/wp-json\/wp\/v2\/media?parent=24060"}],"wp:term":[{"taxonomy":"pwb-brand","embeddable":true,"href":"https:\/\/www.mexicanguitarplayers.com\/en\/wp-json\/wp\/v2\/pwb-brand?post=24060"},{"taxonomy":"product_brand","embeddable":true,"href":"https:\/\/www.mexicanguitarplayers.com\/en\/wp-json\/wp\/v2\/product_brand?post=24060"},{"taxonomy":"product_cat","embeddable":true,"href":"https:\/\/www.mexicanguitarplayers.com\/en\/wp-json\/wp\/v2\/product_cat?post=24060"},{"taxonomy":"product_tag","embeddable":true,"href":"https:\/\/www.mexicanguitarplayers.com\/en\/wp-json\/wp\/v2\/product_tag?post=24060"}],"curies":[{"name":"wp","href":"https:\/\/api.w.org\/{rel}","templated":true}]}}