{"id":24084,"date":"2025-04-06T13:42:14","date_gmt":"2025-04-06T19:42:14","guid":{"rendered":"https:\/\/www.mexicanguitarplayers.com\/tienda\/sin categor\u00eda\/crema-planet-waves-limpiadora-pw-pl-02s\/"},"modified":"2026-05-01T07:30:11","modified_gmt":"2026-05-01T13:30:11","slug":"crema-planet-waves-limpiadora-pw-pl-02s","status":"publish","type":"product","link":"https:\/\/www.mexicanguitarplayers.com\/en\/tienda\/accesorios\/para-bateria\/cuidado-y-proteccion\/crema-planet-waves-limpiadora-pw-pl-02s\/","title":{"rendered":"CREMA PLANET WAVES LIMPIADORA PW-PL-02S"},"content":{"rendered":"<div style=\"text-align: justify\">\n<div>\n<h3>El segundo paso para una limpieza profunda.<\/h3>\n<\/div>\n<div>D&#8217;Addario Protect es un protector natural y sellador para todos los instrumentos con recubrimiento transparente, combinando cera de carnauba brasile\u00f1a de primera calidad y qu\u00edmica avanzada para producir un resplandor distintivo con una aplicaci\u00f3n m\u00e1s r\u00e1pida y f\u00e1cil. Es el paso 2 en un sistema de 3 partes que incluye Restore Deep Cleaning Polish (paso 1) y Shine Instant Spray Polish (paso 3).<\/div>\n<div>\n<h4>Quick look<\/h4>\n<\/div>\n<ul style=\"margin: 0px 0px 0px 25px\">\n<li style=\"list-style-type: circle;margin: 5px\">Sistema de 3 pasos.<\/li>\n<\/ul>\n<div>\n<div style=\"font-weight: bold\">Sistema de 3 pasos.<\/div>\n<div>\n<p>Paso 1: Restore Deep Cleaning Polish (PW-PL-01). Paso 2: Protect Liquid Carnauba Wax (PW-PL-02). Paso 3: Shine Instant Spray Polish (PW-PL-03).<\/p>\n<\/div>\n<\/div>\n<div>\n<h4>Characteristics<\/h4>\n<\/div>\n<div>\n<ul style=\"margin: 0px 0px 0px 25px\">\n<li style=\"list-style-type: circle;margin: 5px\">Crema limpiadora.<\/li>\n<li style=\"list-style-type: circle;margin: 5px\">Protector natural y sellador.<\/li>\n<li style=\"list-style-type: circle;margin: 5px\">Aplicaci\u00f3n r\u00e1pida y f\u00e1cil.<\/li>\n<li style=\"list-style-type: circle;margin: 5px\">Produce un resplandor distintivo.<\/li>\n<li style=\"list-style-type: circle;margin: 5px\">No da\u00f1a los terminados comunes de guitarra.<\/li>\n<li style=\"list-style-type: circle;margin: 5px\">1 onza.<\/li>\n<\/ul>\n<\/div>\n<\/div>","protected":false},"excerpt":{"rendered":"<p>Crema limpiadora, protector natural y sellador, aplicaci\u00f3n r\u00e1pida y f\u00e1cil, produce un resplandor distintivo, seguro en todos los instrumentos con recubrimiento transparente, 1 onza, es el paso 2 en un sistema de 3 partes que incluye Restore Deep Cleaning Polish  (paso 1) y Shine Instant Spray Polish (paso 3).&hellip; <a class=\"kt-excerpt-readmore more-link\" href=\"https:\/\/www.mexicanguitarplayers.com\/en\/tienda\/accesorios\/para-bateria\/cuidado-y-proteccion\/crema-planet-waves-limpiadora-pw-pl-02s\/\">Read more<\/a><\/p>","protected":false},"featured_media":24083,"comment_status":"open","ping_status":"closed","template":"","meta":{"kt_blocks_editor_width":""},"pwb-brand":[604],"product_brand":[],"product_cat":[85,421,336],"product_tag":[],"class_list":{"0":"post-24084","1":"product","2":"type-product","3":"status-publish","4":"has-post-thumbnail","6":"pwb-brand-planet-waves","7":"product_cat-accesorios","8":"product_cat-cuidado-y-proteccion","9":"product_cat-para-guitarras","10":"product_shipping_class-0-5-kg","12":"first","13":"instock","14":"taxable","15":"shipping-taxable","16":"purchasable","17":"product-type-simple"},"yoast_head":"<!-- This site is optimized with the Yoast SEO plugin v27.5 - https:\/\/yoast.com\/product\/yoast-seo-wordpress\/ -->\n<title>CREMA PLANET WAVES LIMPIADORA PW-PL-02S - Mexican Guitar Players<\/title>\n<meta name=\"description\" content=\"Crema limpiadora, protector natural y sellador, aplicaci\u00f3n r\u00e1pida y f\u00e1cil, produce un resplandor distintivo, seguro en todos los instrumentos con recubrimiento transparente, 1 onza, es el paso 2 en un sistema de 3 partes que incluye Restore Deep Cleaning Polish (paso 1) y Shine Instant Spray Polish (paso 3).\" \/>\n<meta name=\"robots\" content=\"index, follow, max-snippet:-1, max-image-preview:large, max-video-preview:-1\" \/>\n<link rel=\"canonical\" href=\"https:\/\/www.mexicanguitarplayers.com\/en\/tienda\/sin%20categor\u00eda\/crema-planet-waves-limpiadora-pw-pl-02s\/\" \/>\n<meta property=\"og:locale\" content=\"en_US\" \/>\n<meta property=\"og:type\" content=\"article\" \/>\n<meta property=\"og:title\" content=\"CREMA PLANET WAVES LIMPIADORA PW-PL-02S - Mexican Guitar Players\" \/>\n<meta property=\"og:description\" content=\"Crema limpiadora, protector natural y sellador, aplicaci\u00f3n r\u00e1pida y f\u00e1cil, produce un resplandor distintivo, seguro en todos los instrumentos con recubrimiento transparente, 1 onza, es el paso 2 en un sistema de 3 partes que incluye Restore Deep Cleaning Polish (paso 1) y Shine Instant Spray Polish (paso 3).\" \/>\n<meta property=\"og:url\" content=\"https:\/\/www.mexicanguitarplayers.com\/en\/tienda\/sin categor\u00eda\/crema-planet-waves-limpiadora-pw-pl-02s\/\" \/>\n<meta property=\"og:site_name\" content=\"Mexican Guitar Players\" \/>\n<meta property=\"article:modified_time\" content=\"2026-05-01T13:30:11+00:00\" \/>\n<meta name=\"twitter:card\" content=\"summary_large_image\" \/>\n<meta name=\"twitter:label1\" content=\"Est. reading time\" \/>\n\t<meta name=\"twitter:data1\" content=\"1 minute\" \/>\n<script type=\"application\/ld+json\" class=\"yoast-schema-graph\">{\"@context\":\"https:\\\/\\\/schema.org\",\"@graph\":[{\"@type\":[\"WebPage\",\"ItemPage\"],\"@id\":\"https:\\\/\\\/www.mexicanguitarplayers.com\\\/tienda\\\/sin categor\u00eda\\\/crema-planet-waves-limpiadora-pw-pl-02s\\\/\",\"url\":\"https:\\\/\\\/www.mexicanguitarplayers.com\\\/tienda\\\/sin categor\u00eda\\\/crema-planet-waves-limpiadora-pw-pl-02s\\\/\",\"name\":\"CREMA PLANET WAVES LIMPIADORA PW-PL-02S - Mexican Guitar Players\",\"isPartOf\":{\"@id\":\"https:\\\/\\\/www.mexicanguitarplayers.com\\\/#website\"},\"primaryImageOfPage\":{\"@id\":\"https:\\\/\\\/www.mexicanguitarplayers.com\\\/tienda\\\/sin categor\u00eda\\\/crema-planet-waves-limpiadora-pw-pl-02s\\\/#primaryimage\"},\"image\":{\"@id\":\"https:\\\/\\\/www.mexicanguitarplayers.com\\\/tienda\\\/sin categor\u00eda\\\/crema-planet-waves-limpiadora-pw-pl-02s\\\/#primaryimage\"},\"thumbnailUrl\":\"https:\\\/\\\/www.mexicanguitarplayers.com\\\/wp-content\\\/uploads\\\/2025\\\/04\\\/RAPWAPWPL02S.jpg\",\"datePublished\":\"2025-04-06T19:42:14+00:00\",\"dateModified\":\"2026-05-01T13:30:11+00:00\",\"description\":\"Crema limpiadora, protector natural y sellador, aplicaci\u00f3n r\u00e1pida y f\u00e1cil, produce un resplandor distintivo, seguro en todos los instrumentos con recubrimiento transparente, 1 onza, es el paso 2 en un sistema de 3 partes que incluye Restore Deep Cleaning Polish (paso 1) y Shine Instant Spray Polish (paso 3).\",\"breadcrumb\":{\"@id\":\"https:\\\/\\\/www.mexicanguitarplayers.com\\\/tienda\\\/sin categor\u00eda\\\/crema-planet-waves-limpiadora-pw-pl-02s\\\/#breadcrumb\"},\"inLanguage\":\"en-US\",\"potentialAction\":[{\"@type\":\"ReadAction\",\"target\":[\"https:\\\/\\\/www.mexicanguitarplayers.com\\\/tienda\\\/sin categor\u00eda\\\/crema-planet-waves-limpiadora-pw-pl-02s\\\/\"]}]},{\"@type\":\"ImageObject\",\"inLanguage\":\"en-US\",\"@id\":\"https:\\\/\\\/www.mexicanguitarplayers.com\\\/tienda\\\/sin categor\u00eda\\\/crema-planet-waves-limpiadora-pw-pl-02s\\\/#primaryimage\",\"url\":\"https:\\\/\\\/www.mexicanguitarplayers.com\\\/wp-content\\\/uploads\\\/2025\\\/04\\\/RAPWAPWPL02S.jpg\",\"contentUrl\":\"https:\\\/\\\/www.mexicanguitarplayers.com\\\/wp-content\\\/uploads\\\/2025\\\/04\\\/RAPWAPWPL02S.jpg\",\"width\":800,\"height\":1600},{\"@type\":\"BreadcrumbList\",\"@id\":\"https:\\\/\\\/www.mexicanguitarplayers.com\\\/tienda\\\/sin categor\u00eda\\\/crema-planet-waves-limpiadora-pw-pl-02s\\\/#breadcrumb\",\"itemListElement\":[{\"@type\":\"ListItem\",\"position\":1,\"name\":\"Portada\",\"item\":\"https:\\\/\\\/www.mexicanguitarplayers.com\\\/\"},{\"@type\":\"ListItem\",\"position\":2,\"name\":\"Tienda\",\"item\":\"https:\\\/\\\/www.mexicanguitarplayers.com\\\/tienda\\\/\"},{\"@type\":\"ListItem\",\"position\":3,\"name\":\"CREMA PLANET WAVES LIMPIADORA PW-PL-02S\"}]},{\"@type\":\"WebSite\",\"@id\":\"https:\\\/\\\/www.mexicanguitarplayers.com\\\/#website\",\"url\":\"https:\\\/\\\/www.mexicanguitarplayers.com\\\/\",\"name\":\"Mexican Guitar Players\",\"description\":\"Website\",\"publisher\":{\"@id\":\"https:\\\/\\\/www.mexicanguitarplayers.com\\\/#organization\"},\"potentialAction\":[{\"@type\":\"SearchAction\",\"target\":{\"@type\":\"EntryPoint\",\"urlTemplate\":\"https:\\\/\\\/www.mexicanguitarplayers.com\\\/?s={search_term_string}\"},\"query-input\":{\"@type\":\"PropertyValueSpecification\",\"valueRequired\":true,\"valueName\":\"search_term_string\"}}],\"inLanguage\":\"en-US\"},{\"@type\":\"Organization\",\"@id\":\"https:\\\/\\\/www.mexicanguitarplayers.com\\\/#organization\",\"name\":\"Mexican Guitar Players\",\"url\":\"https:\\\/\\\/www.mexicanguitarplayers.com\\\/\",\"logo\":{\"@type\":\"ImageObject\",\"inLanguage\":\"en-US\",\"@id\":\"https:\\\/\\\/www.mexicanguitarplayers.com\\\/#\\\/schema\\\/logo\\\/image\\\/\",\"url\":\"\",\"contentUrl\":\"\",\"caption\":\"Mexican Guitar Players\"},\"image\":{\"@id\":\"https:\\\/\\\/www.mexicanguitarplayers.com\\\/#\\\/schema\\\/logo\\\/image\\\/\"}}]}<\/script>\n<!-- \/ Yoast SEO plugin. -->","yoast_head_json":{"title":"CREMA PLANET WAVES LIMPIADORA PW-PL-02S - Mexican Guitar Players","description":"Crema limpiadora, protector natural y sellador, aplicaci\u00f3n r\u00e1pida y f\u00e1cil, produce un resplandor distintivo, seguro en todos los instrumentos con recubrimiento transparente, 1 onza, es el paso 2 en un sistema de 3 partes que incluye Restore Deep Cleaning Polish (paso 1) y Shine Instant Spray Polish (paso 3).","robots":{"index":"index","follow":"follow","max-snippet":"max-snippet:-1","max-image-preview":"max-image-preview:large","max-video-preview":"max-video-preview:-1"},"canonical":"https:\/\/www.mexicanguitarplayers.com\/en\/tienda\/sin categor\u00eda\/crema-planet-waves-limpiadora-pw-pl-02s\/","og_locale":"en_US","og_type":"article","og_title":"CREMA PLANET WAVES LIMPIADORA PW-PL-02S - Mexican Guitar Players","og_description":"Crema limpiadora, protector natural y sellador, aplicaci\u00f3n r\u00e1pida y f\u00e1cil, produce un resplandor distintivo, seguro en todos los instrumentos con recubrimiento transparente, 1 onza, es el paso 2 en un sistema de 3 partes que incluye Restore Deep Cleaning Polish (paso 1) y Shine Instant Spray Polish (paso 3).","og_url":"https:\/\/www.mexicanguitarplayers.com\/en\/tienda\/sin categor\u00eda\/crema-planet-waves-limpiadora-pw-pl-02s\/","og_site_name":"Mexican Guitar Players","article_modified_time":"2026-05-01T13:30:11+00:00","twitter_card":"summary_large_image","twitter_misc":{"Est. reading time":"1 minute"},"schema":{"@context":"https:\/\/schema.org","@graph":[{"@type":["WebPage","ItemPage"],"@id":"https:\/\/www.mexicanguitarplayers.com\/tienda\/sin categor\u00eda\/crema-planet-waves-limpiadora-pw-pl-02s\/","url":"https:\/\/www.mexicanguitarplayers.com\/tienda\/sin categor\u00eda\/crema-planet-waves-limpiadora-pw-pl-02s\/","name":"CREMA PLANET WAVES LIMPIADORA PW-PL-02S - Mexican Guitar Players","isPartOf":{"@id":"https:\/\/www.mexicanguitarplayers.com\/#website"},"primaryImageOfPage":{"@id":"https:\/\/www.mexicanguitarplayers.com\/tienda\/sin categor\u00eda\/crema-planet-waves-limpiadora-pw-pl-02s\/#primaryimage"},"image":{"@id":"https:\/\/www.mexicanguitarplayers.com\/tienda\/sin categor\u00eda\/crema-planet-waves-limpiadora-pw-pl-02s\/#primaryimage"},"thumbnailUrl":"https:\/\/www.mexicanguitarplayers.com\/wp-content\/uploads\/2025\/04\/RAPWAPWPL02S.jpg","datePublished":"2025-04-06T19:42:14+00:00","dateModified":"2026-05-01T13:30:11+00:00","description":"Crema limpiadora, protector natural y sellador, aplicaci\u00f3n r\u00e1pida y f\u00e1cil, produce un resplandor distintivo, seguro en todos los instrumentos con recubrimiento transparente, 1 onza, es el paso 2 en un sistema de 3 partes que incluye Restore Deep Cleaning Polish (paso 1) y Shine Instant Spray Polish (paso 3).","breadcrumb":{"@id":"https:\/\/www.mexicanguitarplayers.com\/tienda\/sin categor\u00eda\/crema-planet-waves-limpiadora-pw-pl-02s\/#breadcrumb"},"inLanguage":"en-US","potentialAction":[{"@type":"ReadAction","target":["https:\/\/www.mexicanguitarplayers.com\/tienda\/sin categor\u00eda\/crema-planet-waves-limpiadora-pw-pl-02s\/"]}]},{"@type":"ImageObject","inLanguage":"en-US","@id":"https:\/\/www.mexicanguitarplayers.com\/tienda\/sin categor\u00eda\/crema-planet-waves-limpiadora-pw-pl-02s\/#primaryimage","url":"https:\/\/www.mexicanguitarplayers.com\/wp-content\/uploads\/2025\/04\/RAPWAPWPL02S.jpg","contentUrl":"https:\/\/www.mexicanguitarplayers.com\/wp-content\/uploads\/2025\/04\/RAPWAPWPL02S.jpg","width":800,"height":1600},{"@type":"BreadcrumbList","@id":"https:\/\/www.mexicanguitarplayers.com\/tienda\/sin categor\u00eda\/crema-planet-waves-limpiadora-pw-pl-02s\/#breadcrumb","itemListElement":[{"@type":"ListItem","position":1,"name":"Portada","item":"https:\/\/www.mexicanguitarplayers.com\/"},{"@type":"ListItem","position":2,"name":"Tienda","item":"https:\/\/www.mexicanguitarplayers.com\/tienda\/"},{"@type":"ListItem","position":3,"name":"CREMA PLANET WAVES LIMPIADORA PW-PL-02S"}]},{"@type":"WebSite","@id":"https:\/\/www.mexicanguitarplayers.com\/#website","url":"https:\/\/www.mexicanguitarplayers.com\/","name":"Mexican Guitar Players","description":"Website","publisher":{"@id":"https:\/\/www.mexicanguitarplayers.com\/#organization"},"potentialAction":[{"@type":"SearchAction","target":{"@type":"EntryPoint","urlTemplate":"https:\/\/www.mexicanguitarplayers.com\/?s={search_term_string}"},"query-input":{"@type":"PropertyValueSpecification","valueRequired":true,"valueName":"search_term_string"}}],"inLanguage":"en-US"},{"@type":"Organization","@id":"https:\/\/www.mexicanguitarplayers.com\/#organization","name":"Mexican Guitar Players","url":"https:\/\/www.mexicanguitarplayers.com\/","logo":{"@type":"ImageObject","inLanguage":"en-US","@id":"https:\/\/www.mexicanguitarplayers.com\/#\/schema\/logo\/image\/","url":"","contentUrl":"","caption":"Mexican Guitar Players"},"image":{"@id":"https:\/\/www.mexicanguitarplayers.com\/#\/schema\/logo\/image\/"}}]}},"brands":[{"id":604,"name":"PLANET WAVES","slug":"planet-waves"}],"_links":{"self":[{"href":"https:\/\/www.mexicanguitarplayers.com\/en\/wp-json\/wp\/v2\/product\/24084","targetHints":{"allow":["GET"]}}],"collection":[{"href":"https:\/\/www.mexicanguitarplayers.com\/en\/wp-json\/wp\/v2\/product"}],"about":[{"href":"https:\/\/www.mexicanguitarplayers.com\/en\/wp-json\/wp\/v2\/types\/product"}],"replies":[{"embeddable":true,"href":"https:\/\/www.mexicanguitarplayers.com\/en\/wp-json\/wp\/v2\/comments?post=24084"}],"wp:featuredmedia":[{"embeddable":true,"href":"https:\/\/www.mexicanguitarplayers.com\/en\/wp-json\/wp\/v2\/media\/24083"}],"wp:attachment":[{"href":"https:\/\/www.mexicanguitarplayers.com\/en\/wp-json\/wp\/v2\/media?parent=24084"}],"wp:term":[{"taxonomy":"pwb-brand","embeddable":true,"href":"https:\/\/www.mexicanguitarplayers.com\/en\/wp-json\/wp\/v2\/pwb-brand?post=24084"},{"taxonomy":"product_brand","embeddable":true,"href":"https:\/\/www.mexicanguitarplayers.com\/en\/wp-json\/wp\/v2\/product_brand?post=24084"},{"taxonomy":"product_cat","embeddable":true,"href":"https:\/\/www.mexicanguitarplayers.com\/en\/wp-json\/wp\/v2\/product_cat?post=24084"},{"taxonomy":"product_tag","embeddable":true,"href":"https:\/\/www.mexicanguitarplayers.com\/en\/wp-json\/wp\/v2\/product_tag?post=24084"}],"curies":[{"name":"wp","href":"https:\/\/api.w.org\/{rel}","templated":true}]}}