{"id":24101,"date":"2025-04-06T13:43:22","date_gmt":"2025-04-06T19:43:22","guid":{"rendered":"https:\/\/www.mexicanguitarplayers.com\/tienda\/sin categor\u00eda\/afinador-dean-markley-mod-6008-dmct3\/"},"modified":"2025-04-06T13:43:22","modified_gmt":"2025-04-06T19:43:22","slug":"afinador-dean-markley-mod-6008-dmct3","status":"publish","type":"product","link":"https:\/\/www.mexicanguitarplayers.com\/en\/tienda\/accesorios\/afinadores-y-metronomos\/afinadores\/afinadores-cromaticos\/afinador-dean-markley-mod-6008-dmct3\/","title":{"rendered":"AFINADOR DEAN MARKLEY   MOD. 6008 DMCT3"},"content":{"rendered":"<div style=\"text-align: justify\">\n<div>\n<h3>Pr\u00e1ctica exactitud.<\/h3>\n<\/div>\n<div>Funciona en modo autom\u00e1tico y manual. Tienes pantallas LCD y LED para mantener la afinaci\u00f3n simple y f\u00e1cil. Este modelo es exacto a +\/- _ cent. En la parte posterior del afinador hay una ranura para insertar una selecci\u00f3n que permite al afinador inclinarse para poder verlo mejor mientras se afina. El modelo 6008 te da una precisi\u00f3n superior a un gran precio e incluye pilas.<\/div>\n<div>\n<h4>Quick look<\/h4>\n<\/div>\n<ul style=\"margin: 0px 0px 0px 25px\">\n<li style=\"list-style-type: circle;margin: 5px\">Dise\u00f1o especial. <\/li>\n<\/ul>\n<div>\n<div style=\"font-weight: bold\">Dise\u00f1o especial. <\/div>\n<div>\n<p>Su dise\u00f1o es sumamente pr\u00e1ctico, puedes transportarlo de manera f\u00e1cil ya que su tama\u00f1o est\u00e1 pensado para ocupar el menor espacio en tu pedalera o maleta de viaje.<\/p>\n<\/div>\n<\/div>\n<div>\n<h4>Characteristics<\/h4>\n<\/div>\n<div>\n<ul style=\"margin: 0px 0px 0px 25px\">\n<li style=\"list-style-type: circle;margin: 5px\">Reproduce cualquier nota. La nota que se est\u00e9 sintonizada.<\/li>\n<li style=\"list-style-type: circle;margin: 5px\">Tama\u00f1o de bolsillo.<\/li>\n<li style=\"list-style-type: circle;margin: 5px\">Micr\u00f3fono integrado.<\/li>\n<li style=\"list-style-type: circle;margin: 5px\">Utiliza 2 bater\u00edas AAA comunes (incluidas).<\/li>\n<\/ul>\n<\/div>\n<\/div>","protected":false},"excerpt":{"rendered":"<p>Afinador crom\u00e1tico para guitarra y bajo, completamente autom\u00e1tico y modos manuales, con display LCD y LED, precisi\u00f3n superior a un precio asequible, incluye unaranura de inserci\u00f3n de selecci\u00f3n en la parte posterior para inclinar el afinador y facilitar la visualizaci\u00f3n mientras se afina, utiliza 2 bater\u00edas AAA comunes(incluidas).&hellip; <a class=\"kt-excerpt-readmore more-link\" href=\"https:\/\/www.mexicanguitarplayers.com\/en\/tienda\/accesorios\/afinadores-y-metronomos\/afinadores\/afinadores-cromaticos\/afinador-dean-markley-mod-6008-dmct3\/\">Read more<\/a><\/p>","protected":false},"featured_media":24100,"comment_status":"open","ping_status":"closed","template":"","meta":{"kt_blocks_editor_width":""},"pwb-brand":[354],"product_brand":[],"product_cat":[85,423,424,422],"product_tag":[],"class_list":{"0":"post-24101","1":"product","2":"type-product","3":"status-publish","4":"has-post-thumbnail","6":"pwb-brand-dean-markley","7":"product_cat-accesorios","8":"product_cat-afinadores","9":"product_cat-afinadores-cromaticos","10":"product_cat-afinadores-y-metronomos","11":"product_shipping_class-0-5-kg","13":"first","14":"outofstock","15":"taxable","16":"shipping-taxable","17":"purchasable","18":"product-type-simple"},"yoast_head":"<!-- This site is optimized with the Yoast SEO plugin v27.3 - https:\/\/yoast.com\/product\/yoast-seo-wordpress\/ -->\n<title>AFINADOR DEAN MARKLEY  MOD. 6008 DMCT3 - Mexican Guitar Players<\/title>\n<meta name=\"description\" content=\"Afinador crom\u00e1tico para guitarra y bajo, completamente autom\u00e1tico y modos manuales, con display LCD y LED, precisi\u00f3n superior a un precio asequible, incluye unaranura de inserci\u00f3n de selecci\u00f3n en la parte posterior para inclinar el afinador y facilitar la visualizaci\u00f3n mientras se afina, utiliza 2 bater\u00edas AAA comunes(incluidas).\" \/>\n<meta name=\"robots\" content=\"index, follow, max-snippet:-1, max-image-preview:large, max-video-preview:-1\" \/>\n<link rel=\"canonical\" href=\"https:\/\/www.mexicanguitarplayers.com\/en\/tienda\/sin%20categor\u00eda\/afinador-dean-markley-mod-6008-dmct3\/\" \/>\n<meta property=\"og:locale\" content=\"en_US\" \/>\n<meta property=\"og:type\" content=\"article\" \/>\n<meta property=\"og:title\" content=\"AFINADOR DEAN MARKLEY  MOD. 6008 DMCT3 - Mexican Guitar Players\" \/>\n<meta property=\"og:description\" content=\"Afinador crom\u00e1tico para guitarra y bajo, completamente autom\u00e1tico y modos manuales, con display LCD y LED, precisi\u00f3n superior a un precio asequible, incluye unaranura de inserci\u00f3n de selecci\u00f3n en la parte posterior para inclinar el afinador y facilitar la visualizaci\u00f3n mientras se afina, utiliza 2 bater\u00edas AAA comunes(incluidas).\" \/>\n<meta property=\"og:url\" content=\"https:\/\/www.mexicanguitarplayers.com\/en\/tienda\/sin categor\u00eda\/afinador-dean-markley-mod-6008-dmct3\/\" \/>\n<meta property=\"og:site_name\" content=\"Mexican Guitar Players\" \/>\n<meta name=\"twitter:card\" content=\"summary_large_image\" \/>\n<meta name=\"twitter:label1\" content=\"Est. reading time\" \/>\n\t<meta name=\"twitter:data1\" content=\"1 minute\" \/>\n<script type=\"application\/ld+json\" class=\"yoast-schema-graph\">{\"@context\":\"https:\\\/\\\/schema.org\",\"@graph\":[{\"@type\":[\"WebPage\",\"ItemPage\"],\"@id\":\"https:\\\/\\\/www.mexicanguitarplayers.com\\\/tienda\\\/sin categor\u00eda\\\/afinador-dean-markley-mod-6008-dmct3\\\/\",\"url\":\"https:\\\/\\\/www.mexicanguitarplayers.com\\\/tienda\\\/sin categor\u00eda\\\/afinador-dean-markley-mod-6008-dmct3\\\/\",\"name\":\"AFINADOR DEAN MARKLEY MOD. 6008 DMCT3 - Mexican Guitar Players\",\"isPartOf\":{\"@id\":\"https:\\\/\\\/www.mexicanguitarplayers.com\\\/#website\"},\"primaryImageOfPage\":{\"@id\":\"https:\\\/\\\/www.mexicanguitarplayers.com\\\/tienda\\\/sin categor\u00eda\\\/afinador-dean-markley-mod-6008-dmct3\\\/#primaryimage\"},\"image\":{\"@id\":\"https:\\\/\\\/www.mexicanguitarplayers.com\\\/tienda\\\/sin categor\u00eda\\\/afinador-dean-markley-mod-6008-dmct3\\\/#primaryimage\"},\"thumbnailUrl\":\"https:\\\/\\\/www.mexicanguitarplayers.com\\\/wp-content\\\/uploads\\\/2025\\\/04\\\/RADEA6008.jpg\",\"datePublished\":\"2025-04-06T19:43:22+00:00\",\"description\":\"Afinador crom\u00e1tico para guitarra y bajo, completamente autom\u00e1tico y modos manuales, con display LCD y LED, precisi\u00f3n superior a un precio asequible, incluye unaranura de inserci\u00f3n de selecci\u00f3n en la parte posterior para inclinar el afinador y facilitar la visualizaci\u00f3n mientras se afina, utiliza 2 bater\u00edas AAA comunes(incluidas).\",\"breadcrumb\":{\"@id\":\"https:\\\/\\\/www.mexicanguitarplayers.com\\\/tienda\\\/sin categor\u00eda\\\/afinador-dean-markley-mod-6008-dmct3\\\/#breadcrumb\"},\"inLanguage\":\"en-US\",\"potentialAction\":[{\"@type\":\"ReadAction\",\"target\":[\"https:\\\/\\\/www.mexicanguitarplayers.com\\\/tienda\\\/sin categor\u00eda\\\/afinador-dean-markley-mod-6008-dmct3\\\/\"]}]},{\"@type\":\"ImageObject\",\"inLanguage\":\"en-US\",\"@id\":\"https:\\\/\\\/www.mexicanguitarplayers.com\\\/tienda\\\/sin categor\u00eda\\\/afinador-dean-markley-mod-6008-dmct3\\\/#primaryimage\",\"url\":\"https:\\\/\\\/www.mexicanguitarplayers.com\\\/wp-content\\\/uploads\\\/2025\\\/04\\\/RADEA6008.jpg\",\"contentUrl\":\"https:\\\/\\\/www.mexicanguitarplayers.com\\\/wp-content\\\/uploads\\\/2025\\\/04\\\/RADEA6008.jpg\",\"width\":1200,\"height\":1200},{\"@type\":\"BreadcrumbList\",\"@id\":\"https:\\\/\\\/www.mexicanguitarplayers.com\\\/tienda\\\/sin categor\u00eda\\\/afinador-dean-markley-mod-6008-dmct3\\\/#breadcrumb\",\"itemListElement\":[{\"@type\":\"ListItem\",\"position\":1,\"name\":\"Portada\",\"item\":\"https:\\\/\\\/www.mexicanguitarplayers.com\\\/\"},{\"@type\":\"ListItem\",\"position\":2,\"name\":\"Tienda\",\"item\":\"https:\\\/\\\/www.mexicanguitarplayers.com\\\/tienda\\\/\"},{\"@type\":\"ListItem\",\"position\":3,\"name\":\"AFINADOR DEAN MARKLEY MOD. 6008 DMCT3\"}]},{\"@type\":\"WebSite\",\"@id\":\"https:\\\/\\\/www.mexicanguitarplayers.com\\\/#website\",\"url\":\"https:\\\/\\\/www.mexicanguitarplayers.com\\\/\",\"name\":\"Mexican Guitar Players\",\"description\":\"Website\",\"publisher\":{\"@id\":\"https:\\\/\\\/www.mexicanguitarplayers.com\\\/#organization\"},\"potentialAction\":[{\"@type\":\"SearchAction\",\"target\":{\"@type\":\"EntryPoint\",\"urlTemplate\":\"https:\\\/\\\/www.mexicanguitarplayers.com\\\/?s={search_term_string}\"},\"query-input\":{\"@type\":\"PropertyValueSpecification\",\"valueRequired\":true,\"valueName\":\"search_term_string\"}}],\"inLanguage\":\"en-US\"},{\"@type\":\"Organization\",\"@id\":\"https:\\\/\\\/www.mexicanguitarplayers.com\\\/#organization\",\"name\":\"Mexican Guitar Players\",\"url\":\"https:\\\/\\\/www.mexicanguitarplayers.com\\\/\",\"logo\":{\"@type\":\"ImageObject\",\"inLanguage\":\"en-US\",\"@id\":\"https:\\\/\\\/www.mexicanguitarplayers.com\\\/#\\\/schema\\\/logo\\\/image\\\/\",\"url\":\"\",\"contentUrl\":\"\",\"caption\":\"Mexican Guitar Players\"},\"image\":{\"@id\":\"https:\\\/\\\/www.mexicanguitarplayers.com\\\/#\\\/schema\\\/logo\\\/image\\\/\"}}]}<\/script>\n<!-- \/ Yoast SEO plugin. -->","yoast_head_json":{"title":"AFINADOR DEAN MARKLEY  MOD. 6008 DMCT3 - Mexican Guitar Players","description":"Afinador crom\u00e1tico para guitarra y bajo, completamente autom\u00e1tico y modos manuales, con display LCD y LED, precisi\u00f3n superior a un precio asequible, incluye unaranura de inserci\u00f3n de selecci\u00f3n en la parte posterior para inclinar el afinador y facilitar la visualizaci\u00f3n mientras se afina, utiliza 2 bater\u00edas AAA comunes(incluidas).","robots":{"index":"index","follow":"follow","max-snippet":"max-snippet:-1","max-image-preview":"max-image-preview:large","max-video-preview":"max-video-preview:-1"},"canonical":"https:\/\/www.mexicanguitarplayers.com\/en\/tienda\/sin categor\u00eda\/afinador-dean-markley-mod-6008-dmct3\/","og_locale":"en_US","og_type":"article","og_title":"AFINADOR DEAN MARKLEY  MOD. 6008 DMCT3 - Mexican Guitar Players","og_description":"Afinador crom\u00e1tico para guitarra y bajo, completamente autom\u00e1tico y modos manuales, con display LCD y LED, precisi\u00f3n superior a un precio asequible, incluye unaranura de inserci\u00f3n de selecci\u00f3n en la parte posterior para inclinar el afinador y facilitar la visualizaci\u00f3n mientras se afina, utiliza 2 bater\u00edas AAA comunes(incluidas).","og_url":"https:\/\/www.mexicanguitarplayers.com\/en\/tienda\/sin categor\u00eda\/afinador-dean-markley-mod-6008-dmct3\/","og_site_name":"Mexican Guitar Players","twitter_card":"summary_large_image","twitter_misc":{"Est. reading time":"1 minute"},"schema":{"@context":"https:\/\/schema.org","@graph":[{"@type":["WebPage","ItemPage"],"@id":"https:\/\/www.mexicanguitarplayers.com\/tienda\/sin categor\u00eda\/afinador-dean-markley-mod-6008-dmct3\/","url":"https:\/\/www.mexicanguitarplayers.com\/tienda\/sin categor\u00eda\/afinador-dean-markley-mod-6008-dmct3\/","name":"AFINADOR DEAN MARKLEY MOD. 6008 DMCT3 - Mexican Guitar Players","isPartOf":{"@id":"https:\/\/www.mexicanguitarplayers.com\/#website"},"primaryImageOfPage":{"@id":"https:\/\/www.mexicanguitarplayers.com\/tienda\/sin categor\u00eda\/afinador-dean-markley-mod-6008-dmct3\/#primaryimage"},"image":{"@id":"https:\/\/www.mexicanguitarplayers.com\/tienda\/sin categor\u00eda\/afinador-dean-markley-mod-6008-dmct3\/#primaryimage"},"thumbnailUrl":"https:\/\/www.mexicanguitarplayers.com\/wp-content\/uploads\/2025\/04\/RADEA6008.jpg","datePublished":"2025-04-06T19:43:22+00:00","description":"Afinador crom\u00e1tico para guitarra y bajo, completamente autom\u00e1tico y modos manuales, con display LCD y LED, precisi\u00f3n superior a un precio asequible, incluye unaranura de inserci\u00f3n de selecci\u00f3n en la parte posterior para inclinar el afinador y facilitar la visualizaci\u00f3n mientras se afina, utiliza 2 bater\u00edas AAA comunes(incluidas).","breadcrumb":{"@id":"https:\/\/www.mexicanguitarplayers.com\/tienda\/sin categor\u00eda\/afinador-dean-markley-mod-6008-dmct3\/#breadcrumb"},"inLanguage":"en-US","potentialAction":[{"@type":"ReadAction","target":["https:\/\/www.mexicanguitarplayers.com\/tienda\/sin categor\u00eda\/afinador-dean-markley-mod-6008-dmct3\/"]}]},{"@type":"ImageObject","inLanguage":"en-US","@id":"https:\/\/www.mexicanguitarplayers.com\/tienda\/sin categor\u00eda\/afinador-dean-markley-mod-6008-dmct3\/#primaryimage","url":"https:\/\/www.mexicanguitarplayers.com\/wp-content\/uploads\/2025\/04\/RADEA6008.jpg","contentUrl":"https:\/\/www.mexicanguitarplayers.com\/wp-content\/uploads\/2025\/04\/RADEA6008.jpg","width":1200,"height":1200},{"@type":"BreadcrumbList","@id":"https:\/\/www.mexicanguitarplayers.com\/tienda\/sin categor\u00eda\/afinador-dean-markley-mod-6008-dmct3\/#breadcrumb","itemListElement":[{"@type":"ListItem","position":1,"name":"Portada","item":"https:\/\/www.mexicanguitarplayers.com\/"},{"@type":"ListItem","position":2,"name":"Tienda","item":"https:\/\/www.mexicanguitarplayers.com\/tienda\/"},{"@type":"ListItem","position":3,"name":"AFINADOR DEAN MARKLEY MOD. 6008 DMCT3"}]},{"@type":"WebSite","@id":"https:\/\/www.mexicanguitarplayers.com\/#website","url":"https:\/\/www.mexicanguitarplayers.com\/","name":"Mexican Guitar Players","description":"Website","publisher":{"@id":"https:\/\/www.mexicanguitarplayers.com\/#organization"},"potentialAction":[{"@type":"SearchAction","target":{"@type":"EntryPoint","urlTemplate":"https:\/\/www.mexicanguitarplayers.com\/?s={search_term_string}"},"query-input":{"@type":"PropertyValueSpecification","valueRequired":true,"valueName":"search_term_string"}}],"inLanguage":"en-US"},{"@type":"Organization","@id":"https:\/\/www.mexicanguitarplayers.com\/#organization","name":"Mexican Guitar Players","url":"https:\/\/www.mexicanguitarplayers.com\/","logo":{"@type":"ImageObject","inLanguage":"en-US","@id":"https:\/\/www.mexicanguitarplayers.com\/#\/schema\/logo\/image\/","url":"","contentUrl":"","caption":"Mexican Guitar Players"},"image":{"@id":"https:\/\/www.mexicanguitarplayers.com\/#\/schema\/logo\/image\/"}}]}},"brands":[{"id":354,"name":"DEAN MARKLEY","slug":"dean-markley"}],"_links":{"self":[{"href":"https:\/\/www.mexicanguitarplayers.com\/en\/wp-json\/wp\/v2\/product\/24101","targetHints":{"allow":["GET"]}}],"collection":[{"href":"https:\/\/www.mexicanguitarplayers.com\/en\/wp-json\/wp\/v2\/product"}],"about":[{"href":"https:\/\/www.mexicanguitarplayers.com\/en\/wp-json\/wp\/v2\/types\/product"}],"replies":[{"embeddable":true,"href":"https:\/\/www.mexicanguitarplayers.com\/en\/wp-json\/wp\/v2\/comments?post=24101"}],"wp:featuredmedia":[{"embeddable":true,"href":"https:\/\/www.mexicanguitarplayers.com\/en\/wp-json\/wp\/v2\/media\/24100"}],"wp:attachment":[{"href":"https:\/\/www.mexicanguitarplayers.com\/en\/wp-json\/wp\/v2\/media?parent=24101"}],"wp:term":[{"taxonomy":"pwb-brand","embeddable":true,"href":"https:\/\/www.mexicanguitarplayers.com\/en\/wp-json\/wp\/v2\/pwb-brand?post=24101"},{"taxonomy":"product_brand","embeddable":true,"href":"https:\/\/www.mexicanguitarplayers.com\/en\/wp-json\/wp\/v2\/product_brand?post=24101"},{"taxonomy":"product_cat","embeddable":true,"href":"https:\/\/www.mexicanguitarplayers.com\/en\/wp-json\/wp\/v2\/product_cat?post=24101"},{"taxonomy":"product_tag","embeddable":true,"href":"https:\/\/www.mexicanguitarplayers.com\/en\/wp-json\/wp\/v2\/product_tag?post=24101"}],"curies":[{"name":"wp","href":"https:\/\/api.w.org\/{rel}","templated":true}]}}