{"id":24106,"date":"2025-04-06T13:43:42","date_gmt":"2025-04-06T19:43:42","guid":{"rendered":"https:\/\/www.mexicanguitarplayers.com\/tienda\/sin categor\u00eda\/audifonos-behringer-mod-bh40\/"},"modified":"2026-05-01T07:30:10","modified_gmt":"2026-05-01T13:30:10","slug":"audifonos-behringer-mod-bh40","status":"publish","type":"product","link":"https:\/\/www.mexicanguitarplayers.com\/en\/tienda\/audio\/audifonos\/audifono-alambrico\/audifonos-hifi\/audifonos-behringer-mod-bh40\/","title":{"rendered":"AUDIFONOS BEHRINGER MOD. BH40"},"content":{"rendered":"<div style=\"text-align: justify\">\n<div>\n<h3>BH40<\/h3>\n<\/div>\n<div>Los auriculares de estudio BH40 son una opci\u00f3n profesional para m\u00fasicos y productores que buscan una reproducci\u00f3n de alta definici\u00f3n de bajos y agudos transparentes en un rango din\u00e1mico ultra amplio. Equipados con controladores de Neodimio de alta calidad de 40 mm, estos auriculares cerrados ofrecen un rendimiento de alta resoluci\u00f3n y son ideales tanto para mezclar grabaciones como para monitorear l\u00edneas de bajo. Su dise\u00f1o resistente y c\u00f3modo, con almohadillas ultra suaves y diadema autoajustable, garantiza comodidad durante largas sesiones de estudio. Adem\u00e1s, su cable desmontable extra largo de 2.5 m brinda mayor distancia de movimiento y comodidad. Con un precio accesible, los BH40 son la elecci\u00f3n perfecta para m\u00fasicos y compositores que buscan calidad y confort.<\/div>\n<div>\n<h4>Characteristics<\/h4>\n<\/div>\n<div>\n<ul style=\"margin: 0px 0px 0px 25px\">\n<li style=\"list-style-type: circle;margin: 5px\">Driver unit<\/li>\n<li style=\"list-style-type: circle;margin: 5px\">Impedancia<\/li>\n<li style=\"list-style-type: circle;margin: 5px\">Sensibilidad<\/li>\n<li style=\"list-style-type: circle;margin: 5px\">Respuesta frecuente<\/li>\n<li style=\"list-style-type: circle;margin: 5px\">Enchufar<\/li>\n<li style=\"list-style-type: circle;margin: 5px\">Longitud del cable<\/li>\n<\/ul>\n<\/div>\n<\/div>","protected":false},"excerpt":{"rendered":"<p>Estos auriculares premium de alta fidelidad de 40 mm Circum-Aurales son ideales para m\u00fasicos y compositores practicantes. Equipados con controladores de Neodimio de alta calidad de 40 mm, ofrecen una amplia respuesta de frecuencia (10 Hz &#8211; 35 kHz), garantizando graves profundos y agudos detallados. Su dise\u00f1o cerrado proporciona un entorno de escucha consistente y aislamiento de ruido, mientras que las almohadillas ultra suaves garantizan comodidad duradera. Adem\u00e1s, cuentan con una diadema autoajustable altamente c\u00f3moda, un cable desmontable de hasta 2.5 m de longitud, y un adaptador roscado TRS chapado en oro de 3.5 mm (1\/8\u201d) a 6.3 mm (1\/4\u201d) incluido para una \u00f3ptima compatibilidad con una amplia gama de dispositivos de audio.&hellip; <a class=\"kt-excerpt-readmore more-link\" href=\"https:\/\/www.mexicanguitarplayers.com\/en\/tienda\/audio\/audifonos\/audifono-alambrico\/audifonos-hifi\/audifonos-behringer-mod-bh40\/\">Read more<\/a><\/p>","protected":false},"featured_media":24102,"comment_status":"open","ping_status":"closed","template":"","meta":{"kt_blocks_editor_width":""},"pwb-brand":[171],"product_brand":[],"product_cat":[506,505,516,213],"product_tag":[],"class_list":{"0":"post-24106","1":"product","2":"type-product","3":"status-publish","4":"has-post-thumbnail","6":"pwb-brand-behringer","7":"product_cat-audifono-alambrico","8":"product_cat-audifonos","9":"product_cat-audifonos-hifi","10":"product_cat-audio","11":"product_shipping_class-0-5-kg","13":"first","14":"instock","15":"taxable","16":"shipping-taxable","17":"purchasable","18":"product-type-simple"},"yoast_head":"<!-- This site is optimized with the Yoast SEO plugin v27.6 - https:\/\/yoast.com\/product\/yoast-seo-wordpress\/ -->\n<title>AUDIFONOS BEHRINGER MOD. BH40 - Mexican Guitar Players<\/title>\n<meta name=\"description\" content=\"Estos auriculares premium de alta fidelidad de 40 mm Circum-Aurales son ideales para m\u00fasicos y compositores practicantes. Equipados con controladores de Neodimio de alta calidad de 40 mm, ofrecen una amplia respuesta de frecuencia (10 Hz - 35 kHz), garantizando graves profundos y agudos detallados. Su dise\u00f1o cerrado proporciona un entorno de escucha consistente y aislamiento de ruido, mientras que las almohadillas ultra suaves garantizan comodidad duradera. Adem\u00e1s, cuentan con una diadema autoajustable altamente c\u00f3moda, un cable desmontable de hasta 2.5 m de longitud, y un adaptador roscado TRS chapado en oro de 3.5 mm (1\/8\u201d) a 6.3 mm (1\/4\u201d) incluido para una \u00f3ptima compatibilidad con una amplia gama de dispositivos de audio.\" \/>\n<meta name=\"robots\" content=\"index, follow, max-snippet:-1, max-image-preview:large, max-video-preview:-1\" \/>\n<link rel=\"canonical\" href=\"https:\/\/www.mexicanguitarplayers.com\/en\/tienda\/sin%20categor\u00eda\/audifonos-behringer-mod-bh40\/\" \/>\n<meta property=\"og:locale\" content=\"en_US\" \/>\n<meta property=\"og:type\" content=\"article\" \/>\n<meta property=\"og:title\" content=\"AUDIFONOS BEHRINGER MOD. BH40 - Mexican Guitar Players\" \/>\n<meta property=\"og:description\" content=\"Estos auriculares premium de alta fidelidad de 40 mm Circum-Aurales son ideales para m\u00fasicos y compositores practicantes. Equipados con controladores de Neodimio de alta calidad de 40 mm, ofrecen una amplia respuesta de frecuencia (10 Hz - 35 kHz), garantizando graves profundos y agudos detallados. Su dise\u00f1o cerrado proporciona un entorno de escucha consistente y aislamiento de ruido, mientras que las almohadillas ultra suaves garantizan comodidad duradera. Adem\u00e1s, cuentan con una diadema autoajustable altamente c\u00f3moda, un cable desmontable de hasta 2.5 m de longitud, y un adaptador roscado TRS chapado en oro de 3.5 mm (1\/8\u201d) a 6.3 mm (1\/4\u201d) incluido para una \u00f3ptima compatibilidad con una amplia gama de dispositivos de audio.\" \/>\n<meta property=\"og:url\" content=\"https:\/\/www.mexicanguitarplayers.com\/en\/tienda\/sin categor\u00eda\/audifonos-behringer-mod-bh40\/\" \/>\n<meta property=\"og:site_name\" content=\"Mexican Guitar Players\" \/>\n<meta property=\"article:modified_time\" content=\"2026-05-01T13:30:10+00:00\" \/>\n<meta name=\"twitter:card\" content=\"summary_large_image\" \/>\n<meta name=\"twitter:label1\" content=\"Est. reading time\" \/>\n\t<meta name=\"twitter:data1\" content=\"1 minute\" \/>\n<script type=\"application\/ld+json\" class=\"yoast-schema-graph\">{\"@context\":\"https:\\\/\\\/schema.org\",\"@graph\":[{\"@type\":[\"WebPage\",\"ItemPage\"],\"@id\":\"https:\\\/\\\/www.mexicanguitarplayers.com\\\/tienda\\\/sin categor\u00eda\\\/audifonos-behringer-mod-bh40\\\/\",\"url\":\"https:\\\/\\\/www.mexicanguitarplayers.com\\\/tienda\\\/sin categor\u00eda\\\/audifonos-behringer-mod-bh40\\\/\",\"name\":\"AUDIFONOS BEHRINGER MOD. BH40 - Mexican Guitar Players\",\"isPartOf\":{\"@id\":\"https:\\\/\\\/www.mexicanguitarplayers.com\\\/#website\"},\"primaryImageOfPage\":{\"@id\":\"https:\\\/\\\/www.mexicanguitarplayers.com\\\/tienda\\\/sin categor\u00eda\\\/audifonos-behringer-mod-bh40\\\/#primaryimage\"},\"image\":{\"@id\":\"https:\\\/\\\/www.mexicanguitarplayers.com\\\/tienda\\\/sin categor\u00eda\\\/audifonos-behringer-mod-bh40\\\/#primaryimage\"},\"thumbnailUrl\":\"https:\\\/\\\/www.mexicanguitarplayers.com\\\/wp-content\\\/uploads\\\/2025\\\/04\\\/VABEHBH40.jpg\",\"datePublished\":\"2025-04-06T19:43:42+00:00\",\"dateModified\":\"2026-05-01T13:30:10+00:00\",\"description\":\"Estos auriculares premium de alta fidelidad de 40 mm Circum-Aurales son ideales para m\u00fasicos y compositores practicantes. Equipados con controladores de Neodimio de alta calidad de 40 mm, ofrecen una amplia respuesta de frecuencia (10 Hz - 35 kHz), garantizando graves profundos y agudos detallados. Su dise\u00f1o cerrado proporciona un entorno de escucha consistente y aislamiento de ruido, mientras que las almohadillas ultra suaves garantizan comodidad duradera. Adem\u00e1s, cuentan con una diadema autoajustable altamente c\u00f3moda, un cable desmontable de hasta 2.5 m de longitud, y un adaptador roscado TRS chapado en oro de 3.5 mm (1\\\/8\u201d) a 6.3 mm (1\\\/4\u201d) incluido para una \u00f3ptima compatibilidad con una amplia gama de dispositivos de audio.\",\"breadcrumb\":{\"@id\":\"https:\\\/\\\/www.mexicanguitarplayers.com\\\/tienda\\\/sin categor\u00eda\\\/audifonos-behringer-mod-bh40\\\/#breadcrumb\"},\"inLanguage\":\"en-US\",\"potentialAction\":[{\"@type\":\"ReadAction\",\"target\":[\"https:\\\/\\\/www.mexicanguitarplayers.com\\\/tienda\\\/sin categor\u00eda\\\/audifonos-behringer-mod-bh40\\\/\"]}]},{\"@type\":\"ImageObject\",\"inLanguage\":\"en-US\",\"@id\":\"https:\\\/\\\/www.mexicanguitarplayers.com\\\/tienda\\\/sin categor\u00eda\\\/audifonos-behringer-mod-bh40\\\/#primaryimage\",\"url\":\"https:\\\/\\\/www.mexicanguitarplayers.com\\\/wp-content\\\/uploads\\\/2025\\\/04\\\/VABEHBH40.jpg\",\"contentUrl\":\"https:\\\/\\\/www.mexicanguitarplayers.com\\\/wp-content\\\/uploads\\\/2025\\\/04\\\/VABEHBH40.jpg\",\"width\":1200,\"height\":1200},{\"@type\":\"BreadcrumbList\",\"@id\":\"https:\\\/\\\/www.mexicanguitarplayers.com\\\/tienda\\\/sin categor\u00eda\\\/audifonos-behringer-mod-bh40\\\/#breadcrumb\",\"itemListElement\":[{\"@type\":\"ListItem\",\"position\":1,\"name\":\"Portada\",\"item\":\"https:\\\/\\\/www.mexicanguitarplayers.com\\\/\"},{\"@type\":\"ListItem\",\"position\":2,\"name\":\"Tienda\",\"item\":\"https:\\\/\\\/www.mexicanguitarplayers.com\\\/tienda\\\/\"},{\"@type\":\"ListItem\",\"position\":3,\"name\":\"AUDIFONOS BEHRINGER MOD. BH40\"}]},{\"@type\":\"WebSite\",\"@id\":\"https:\\\/\\\/www.mexicanguitarplayers.com\\\/#website\",\"url\":\"https:\\\/\\\/www.mexicanguitarplayers.com\\\/\",\"name\":\"Mexican Guitar Players\",\"description\":\"Website\",\"publisher\":{\"@id\":\"https:\\\/\\\/www.mexicanguitarplayers.com\\\/#organization\"},\"potentialAction\":[{\"@type\":\"SearchAction\",\"target\":{\"@type\":\"EntryPoint\",\"urlTemplate\":\"https:\\\/\\\/www.mexicanguitarplayers.com\\\/?s={search_term_string}\"},\"query-input\":{\"@type\":\"PropertyValueSpecification\",\"valueRequired\":true,\"valueName\":\"search_term_string\"}}],\"inLanguage\":\"en-US\"},{\"@type\":\"Organization\",\"@id\":\"https:\\\/\\\/www.mexicanguitarplayers.com\\\/#organization\",\"name\":\"Mexican Guitar Players\",\"url\":\"https:\\\/\\\/www.mexicanguitarplayers.com\\\/\",\"logo\":{\"@type\":\"ImageObject\",\"inLanguage\":\"en-US\",\"@id\":\"https:\\\/\\\/www.mexicanguitarplayers.com\\\/#\\\/schema\\\/logo\\\/image\\\/\",\"url\":\"\",\"contentUrl\":\"\",\"caption\":\"Mexican Guitar Players\"},\"image\":{\"@id\":\"https:\\\/\\\/www.mexicanguitarplayers.com\\\/#\\\/schema\\\/logo\\\/image\\\/\"}}]}<\/script>\n<!-- \/ Yoast SEO plugin. -->","yoast_head_json":{"title":"AUDIFONOS BEHRINGER MOD. BH40 - Mexican Guitar Players","description":"Estos auriculares premium de alta fidelidad de 40 mm Circum-Aurales son ideales para m\u00fasicos y compositores practicantes. Equipados con controladores de Neodimio de alta calidad de 40 mm, ofrecen una amplia respuesta de frecuencia (10 Hz - 35 kHz), garantizando graves profundos y agudos detallados. Su dise\u00f1o cerrado proporciona un entorno de escucha consistente y aislamiento de ruido, mientras que las almohadillas ultra suaves garantizan comodidad duradera. Adem\u00e1s, cuentan con una diadema autoajustable altamente c\u00f3moda, un cable desmontable de hasta 2.5 m de longitud, y un adaptador roscado TRS chapado en oro de 3.5 mm (1\/8\u201d) a 6.3 mm (1\/4\u201d) incluido para una \u00f3ptima compatibilidad con una amplia gama de dispositivos de audio.","robots":{"index":"index","follow":"follow","max-snippet":"max-snippet:-1","max-image-preview":"max-image-preview:large","max-video-preview":"max-video-preview:-1"},"canonical":"https:\/\/www.mexicanguitarplayers.com\/en\/tienda\/sin categor\u00eda\/audifonos-behringer-mod-bh40\/","og_locale":"en_US","og_type":"article","og_title":"AUDIFONOS BEHRINGER MOD. BH40 - Mexican Guitar Players","og_description":"Estos auriculares premium de alta fidelidad de 40 mm Circum-Aurales son ideales para m\u00fasicos y compositores practicantes. Equipados con controladores de Neodimio de alta calidad de 40 mm, ofrecen una amplia respuesta de frecuencia (10 Hz - 35 kHz), garantizando graves profundos y agudos detallados. Su dise\u00f1o cerrado proporciona un entorno de escucha consistente y aislamiento de ruido, mientras que las almohadillas ultra suaves garantizan comodidad duradera. Adem\u00e1s, cuentan con una diadema autoajustable altamente c\u00f3moda, un cable desmontable de hasta 2.5 m de longitud, y un adaptador roscado TRS chapado en oro de 3.5 mm (1\/8\u201d) a 6.3 mm (1\/4\u201d) incluido para una \u00f3ptima compatibilidad con una amplia gama de dispositivos de audio.","og_url":"https:\/\/www.mexicanguitarplayers.com\/en\/tienda\/sin categor\u00eda\/audifonos-behringer-mod-bh40\/","og_site_name":"Mexican Guitar Players","article_modified_time":"2026-05-01T13:30:10+00:00","twitter_card":"summary_large_image","twitter_misc":{"Est. reading time":"1 minute"},"schema":{"@context":"https:\/\/schema.org","@graph":[{"@type":["WebPage","ItemPage"],"@id":"https:\/\/www.mexicanguitarplayers.com\/tienda\/sin categor\u00eda\/audifonos-behringer-mod-bh40\/","url":"https:\/\/www.mexicanguitarplayers.com\/tienda\/sin categor\u00eda\/audifonos-behringer-mod-bh40\/","name":"AUDIFONOS BEHRINGER MOD. BH40 - Mexican Guitar Players","isPartOf":{"@id":"https:\/\/www.mexicanguitarplayers.com\/#website"},"primaryImageOfPage":{"@id":"https:\/\/www.mexicanguitarplayers.com\/tienda\/sin categor\u00eda\/audifonos-behringer-mod-bh40\/#primaryimage"},"image":{"@id":"https:\/\/www.mexicanguitarplayers.com\/tienda\/sin categor\u00eda\/audifonos-behringer-mod-bh40\/#primaryimage"},"thumbnailUrl":"https:\/\/www.mexicanguitarplayers.com\/wp-content\/uploads\/2025\/04\/VABEHBH40.jpg","datePublished":"2025-04-06T19:43:42+00:00","dateModified":"2026-05-01T13:30:10+00:00","description":"Estos auriculares premium de alta fidelidad de 40 mm Circum-Aurales son ideales para m\u00fasicos y compositores practicantes. Equipados con controladores de Neodimio de alta calidad de 40 mm, ofrecen una amplia respuesta de frecuencia (10 Hz - 35 kHz), garantizando graves profundos y agudos detallados. Su dise\u00f1o cerrado proporciona un entorno de escucha consistente y aislamiento de ruido, mientras que las almohadillas ultra suaves garantizan comodidad duradera. Adem\u00e1s, cuentan con una diadema autoajustable altamente c\u00f3moda, un cable desmontable de hasta 2.5 m de longitud, y un adaptador roscado TRS chapado en oro de 3.5 mm (1\/8\u201d) a 6.3 mm (1\/4\u201d) incluido para una \u00f3ptima compatibilidad con una amplia gama de dispositivos de audio.","breadcrumb":{"@id":"https:\/\/www.mexicanguitarplayers.com\/tienda\/sin categor\u00eda\/audifonos-behringer-mod-bh40\/#breadcrumb"},"inLanguage":"en-US","potentialAction":[{"@type":"ReadAction","target":["https:\/\/www.mexicanguitarplayers.com\/tienda\/sin categor\u00eda\/audifonos-behringer-mod-bh40\/"]}]},{"@type":"ImageObject","inLanguage":"en-US","@id":"https:\/\/www.mexicanguitarplayers.com\/tienda\/sin categor\u00eda\/audifonos-behringer-mod-bh40\/#primaryimage","url":"https:\/\/www.mexicanguitarplayers.com\/wp-content\/uploads\/2025\/04\/VABEHBH40.jpg","contentUrl":"https:\/\/www.mexicanguitarplayers.com\/wp-content\/uploads\/2025\/04\/VABEHBH40.jpg","width":1200,"height":1200},{"@type":"BreadcrumbList","@id":"https:\/\/www.mexicanguitarplayers.com\/tienda\/sin categor\u00eda\/audifonos-behringer-mod-bh40\/#breadcrumb","itemListElement":[{"@type":"ListItem","position":1,"name":"Portada","item":"https:\/\/www.mexicanguitarplayers.com\/"},{"@type":"ListItem","position":2,"name":"Tienda","item":"https:\/\/www.mexicanguitarplayers.com\/tienda\/"},{"@type":"ListItem","position":3,"name":"AUDIFONOS BEHRINGER MOD. BH40"}]},{"@type":"WebSite","@id":"https:\/\/www.mexicanguitarplayers.com\/#website","url":"https:\/\/www.mexicanguitarplayers.com\/","name":"Mexican Guitar Players","description":"Website","publisher":{"@id":"https:\/\/www.mexicanguitarplayers.com\/#organization"},"potentialAction":[{"@type":"SearchAction","target":{"@type":"EntryPoint","urlTemplate":"https:\/\/www.mexicanguitarplayers.com\/?s={search_term_string}"},"query-input":{"@type":"PropertyValueSpecification","valueRequired":true,"valueName":"search_term_string"}}],"inLanguage":"en-US"},{"@type":"Organization","@id":"https:\/\/www.mexicanguitarplayers.com\/#organization","name":"Mexican Guitar Players","url":"https:\/\/www.mexicanguitarplayers.com\/","logo":{"@type":"ImageObject","inLanguage":"en-US","@id":"https:\/\/www.mexicanguitarplayers.com\/#\/schema\/logo\/image\/","url":"","contentUrl":"","caption":"Mexican Guitar Players"},"image":{"@id":"https:\/\/www.mexicanguitarplayers.com\/#\/schema\/logo\/image\/"}}]}},"brands":[{"id":171,"name":"BEHRINGER","slug":"behringer"}],"_links":{"self":[{"href":"https:\/\/www.mexicanguitarplayers.com\/en\/wp-json\/wp\/v2\/product\/24106","targetHints":{"allow":["GET"]}}],"collection":[{"href":"https:\/\/www.mexicanguitarplayers.com\/en\/wp-json\/wp\/v2\/product"}],"about":[{"href":"https:\/\/www.mexicanguitarplayers.com\/en\/wp-json\/wp\/v2\/types\/product"}],"replies":[{"embeddable":true,"href":"https:\/\/www.mexicanguitarplayers.com\/en\/wp-json\/wp\/v2\/comments?post=24106"}],"wp:featuredmedia":[{"embeddable":true,"href":"https:\/\/www.mexicanguitarplayers.com\/en\/wp-json\/wp\/v2\/media\/24102"}],"wp:attachment":[{"href":"https:\/\/www.mexicanguitarplayers.com\/en\/wp-json\/wp\/v2\/media?parent=24106"}],"wp:term":[{"taxonomy":"pwb-brand","embeddable":true,"href":"https:\/\/www.mexicanguitarplayers.com\/en\/wp-json\/wp\/v2\/pwb-brand?post=24106"},{"taxonomy":"product_brand","embeddable":true,"href":"https:\/\/www.mexicanguitarplayers.com\/en\/wp-json\/wp\/v2\/product_brand?post=24106"},{"taxonomy":"product_cat","embeddable":true,"href":"https:\/\/www.mexicanguitarplayers.com\/en\/wp-json\/wp\/v2\/product_cat?post=24106"},{"taxonomy":"product_tag","embeddable":true,"href":"https:\/\/www.mexicanguitarplayers.com\/en\/wp-json\/wp\/v2\/product_tag?post=24106"}],"curies":[{"name":"wp","href":"https:\/\/api.w.org\/{rel}","templated":true}]}}