{"id":24115,"date":"2025-04-06T13:44:18","date_gmt":"2025-04-06T19:44:18","guid":{"rendered":"https:\/\/www.mexicanguitarplayers.com\/tienda\/sin categor\u00eda\/procesador-t-c-el-mod-quintet\/"},"modified":"2026-01-22T04:24:14","modified_gmt":"2026-01-22T10:24:14","slug":"procesador-t-c-el-mod-quintet","status":"publish","type":"product","link":"https:\/\/www.mexicanguitarplayers.com\/en\/tienda\/audio\/procesadores\/procesador-t-c-el-mod-quintet\/","title":{"rendered":"PROCESADOR T.C. EL.  MOD. QUINTET"},"content":{"rendered":"<div style=\"text-align: justify\">\n<div>\n<h3>Las amorn\u00edas m\u00e1s naturales del mundo en un solo procesador.<\/h3>\n<\/div>\n<div>Quintet es la manera m\u00e1s sencilla y econ\u00f3mica de obtener voces de excelente calidad, tanto en vivo como en estudio. Inspirado en la tradici\u00f3n de TC-Helicon, Quintet se maneja con rapidez y facilidad. Quintet dispone de sencillas funciones de edici\u00f3n y control de todos los par\u00e1metros de armon\u00eda y efecto, tanto a trav\u00e9s del panel frontal como v\u00eda MIDI. Quintet es un producto de \u00faltima generaci\u00f3n, capaz de crear armon\u00edas vocales con un sonido extraordinariamente natural. La ruta de se\u00f1al incluye un preamplificador de micr\u00f3fono de calidad profesional, pitch-shifting de excelente calidad (manual y autom\u00e1tico), as\u00ed como los un\u00e1nimemente aclamados algoritmos de reverberaci\u00f3n de TC Electronic. Entre algunas de las caracter\u00edsticas m\u00e1s importantes se encuentran: &#8211; Generaci\u00f3n de armon\u00edas HybridShift (TM), sonido suave y natural). &#8211; Cinco modos de armon\u00eda distintos: Scalic (Armon\u00eda de escala), Chordal (Armon\u00eda de acorde), Shift (Armon\u00eda de desplazamiento), Thicken (Engrosamiento de voz) y MIDI Notes (Notas MIDI). &#8211; Humanizaci\u00f3n de voces de armon\u00eda. &#8211; Temperamento igual y afinaci\u00f3n justa de armon\u00edas. &#8211; Preamplificador de micr\u00f3fono de alta calidad. &#8211; Control mediante mensajes MIDI CC. &#8211; \u201cEco\u201d MIDI CC para los botones del panel frontal. &#8211; Conmutaci\u00f3n de programas A\/B para uso en directo. &#8211; Procesamiento de 24 bits con salida S\/PDIF a 44.1 kHz \/ 48 kHz. &#8211; Compatible con el pedal Switch-3 de TC-Helicon.<\/div>\n<div>\n<h4>Quick look<\/h4>\n<\/div>\n<ul style=\"margin: 0px 0px 0px 25px\">\n<li style=\"list-style-type: circle;margin: 5px\">Sistema HybridShift<\/li>\n<li style=\"list-style-type: circle;margin: 5px\">Armon\u00edas.<\/li>\n<li style=\"list-style-type: circle;margin: 5px\">Humanizaci\u00f3n.<\/li>\n<li style=\"list-style-type: circle;margin: 5px\">Temperamento.<\/li>\n<li style=\"list-style-type: circle;margin: 5px\">Preamp.<\/li>\n<li style=\"list-style-type: circle;margin: 5px\">MIDI.<\/li>\n<li style=\"list-style-type: circle;margin: 5px\">En vivo.<\/li>\n<li style=\"list-style-type: circle;margin: 5px\">Procesamiento.<\/li>\n<\/ul>\n<div>\n<div style=\"font-weight: bold\">Sistema HybridShift<\/div>\n<div>\n<p>Sistema de generaci\u00f3n de armon\u00edas HybridShift (para un sonido natural.<\/p>\n<\/div>\n<div style=\"font-weight: bold\">Armon\u00edas.<\/div>\n<div>\n<p>Cinco distintos modos de armon\u00edas: Scalic, Chordal, Shift, Thicken y notas MIDI.<\/p>\n<\/div>\n<div style=\"font-weight: bold\">Humanizaci\u00f3n.<\/div>\n<div>\n<p>Humanizaci\u00f3n de armon\u00eda de voz.<\/p>\n<\/div>\n<div style=\"font-weight: bold\">Temperamento.<\/div>\n<div>\n<p>Igualador de temperamentos seleccionables o solo afinaci\u00f3n para armon\u00edas.<\/p>\n<\/div>\n<div style=\"font-weight: bold\">Preamp.<\/div>\n<div>\n<p>Preamplificador de micr\u00f3fono de alta calidad.<\/p>\n<\/div>\n<div style=\"font-weight: bold\">MIDI.<\/div>\n<div>\n<p>Control MIDI CC.Eco MIDI en los controles de panel frontal.<\/p>\n<\/div>\n<div style=\"font-weight: bold\">En vivo.<\/div>\n<div>\n<p>Programa A\/B conmutable para presentaciones en vivo.<\/p>\n<\/div>\n<div style=\"font-weight: bold\">Procesamiento.<\/div>\n<div>\n<p>Procesamiento de 24 bits con 44.1\/48 kHz salida S\/PDIF.<\/p>\n<\/div>\n<\/div>\n<\/div>","protected":false},"excerpt":{"rendered":"<p>Procesador vocal, generaci\u00f3n de armon\u00edas HybridShift (TM, sonido suave y natural), 5 modos de armon\u00eda distintos: Scalic (Armon\u00eda de escala), Chordal (Armon\u00eda deacorde), Shift (Armon\u00eda de desplazamiento), Thicken (Engrosamiento de voz) y MIDI Notes (Notas MIDI), humanizaci\u00f3n de voces de armon\u00eda, temperamento igual y afinaci\u00f3n justa de armon\u00edas, preamplificador de micr\u00f3fono de alta calidad, controlmediante mensajes MIDI CC, \u201dEco\u201d MIDI CC para los botones del panel frontal, conmutaci\u00f3n de programas A\/B para uso en vivo, procesamiento de 24 bits con salidaS\/PDIF a 44.1 kHz \/ 48 kHz, compatible con el pedal Switch-3 de TC-Helicon (noincluido).&hellip; <a class=\"kt-excerpt-readmore more-link\" href=\"https:\/\/www.mexicanguitarplayers.com\/en\/tienda\/audio\/procesadores\/procesador-t-c-el-mod-quintet\/\">Read more<\/a><\/p>","protected":false},"featured_media":24114,"comment_status":"open","ping_status":"closed","template":"","meta":{"kt_blocks_editor_width":""},"pwb-brand":[170],"product_brand":[],"product_cat":[213,493],"product_tag":[],"class_list":{"0":"post-24115","1":"product","2":"type-product","3":"status-publish","4":"has-post-thumbnail","6":"pwb-brand-tc-electronic","7":"product_cat-audio","8":"product_cat-procesadores","9":"product_shipping_class-0-5-kg","11":"first","12":"instock","13":"taxable","14":"shipping-taxable","15":"purchasable","16":"product-type-simple"},"yoast_head":"<!-- This site is optimized with the Yoast SEO plugin v27.3 - https:\/\/yoast.com\/product\/yoast-seo-wordpress\/ -->\n<title>PROCESADOR T.C. EL. MOD. QUINTET - Mexican Guitar Players<\/title>\n<meta name=\"description\" content=\"Procesador vocal, generaci\u00f3n de armon\u00edas HybridShift (TM, sonido suave y natural), 5 modos de armon\u00eda distintos: Scalic (Armon\u00eda de escala), Chordal (Armon\u00eda deacorde), Shift (Armon\u00eda de desplazamiento), Thicken (Engrosamiento de voz) y MIDI Notes (Notas MIDI), humanizaci\u00f3n de voces de armon\u00eda, temperamento igual y afinaci\u00f3n justa de armon\u00edas, preamplificador de micr\u00f3fono de alta calidad, controlmediante mensajes MIDI CC, \u201dEco\u201d MIDI CC para los botones del panel frontal, conmutaci\u00f3n de programas A\/B para uso en vivo, procesamiento de 24 bits con salidaS\/PDIF a 44.1 kHz \/ 48 kHz, compatible con el pedal Switch-3 de TC-Helicon (noincluido).\" \/>\n<meta name=\"robots\" content=\"index, follow, max-snippet:-1, max-image-preview:large, max-video-preview:-1\" \/>\n<link rel=\"canonical\" href=\"https:\/\/www.mexicanguitarplayers.com\/en\/tienda\/sin%20categor\u00eda\/procesador-t-c-el-mod-quintet\/\" \/>\n<meta property=\"og:locale\" content=\"en_US\" \/>\n<meta property=\"og:type\" content=\"article\" \/>\n<meta property=\"og:title\" content=\"PROCESADOR T.C. EL. MOD. QUINTET - Mexican Guitar Players\" \/>\n<meta property=\"og:description\" content=\"Procesador vocal, generaci\u00f3n de armon\u00edas HybridShift (TM, sonido suave y natural), 5 modos de armon\u00eda distintos: Scalic (Armon\u00eda de escala), Chordal (Armon\u00eda deacorde), Shift (Armon\u00eda de desplazamiento), Thicken (Engrosamiento de voz) y MIDI Notes (Notas MIDI), humanizaci\u00f3n de voces de armon\u00eda, temperamento igual y afinaci\u00f3n justa de armon\u00edas, preamplificador de micr\u00f3fono de alta calidad, controlmediante mensajes MIDI CC, \u201dEco\u201d MIDI CC para los botones del panel frontal, conmutaci\u00f3n de programas A\/B para uso en vivo, procesamiento de 24 bits con salidaS\/PDIF a 44.1 kHz \/ 48 kHz, compatible con el pedal Switch-3 de TC-Helicon (noincluido).\" \/>\n<meta property=\"og:url\" content=\"https:\/\/www.mexicanguitarplayers.com\/en\/tienda\/sin categor\u00eda\/procesador-t-c-el-mod-quintet\/\" \/>\n<meta property=\"og:site_name\" content=\"Mexican Guitar Players\" \/>\n<meta property=\"article:modified_time\" content=\"2026-01-22T10:24:14+00:00\" \/>\n<meta name=\"twitter:card\" content=\"summary_large_image\" \/>\n<meta name=\"twitter:label1\" content=\"Est. reading time\" \/>\n\t<meta name=\"twitter:data1\" content=\"2 minutes\" \/>\n<script type=\"application\/ld+json\" class=\"yoast-schema-graph\">{\"@context\":\"https:\\\/\\\/schema.org\",\"@graph\":[{\"@type\":[\"WebPage\",\"ItemPage\"],\"@id\":\"https:\\\/\\\/www.mexicanguitarplayers.com\\\/tienda\\\/sin categor\u00eda\\\/procesador-t-c-el-mod-quintet\\\/\",\"url\":\"https:\\\/\\\/www.mexicanguitarplayers.com\\\/tienda\\\/sin categor\u00eda\\\/procesador-t-c-el-mod-quintet\\\/\",\"name\":\"PROCESADOR T.C. EL. MOD. QUINTET - Mexican Guitar Players\",\"isPartOf\":{\"@id\":\"https:\\\/\\\/www.mexicanguitarplayers.com\\\/#website\"},\"primaryImageOfPage\":{\"@id\":\"https:\\\/\\\/www.mexicanguitarplayers.com\\\/tienda\\\/sin categor\u00eda\\\/procesador-t-c-el-mod-quintet\\\/#primaryimage\"},\"image\":{\"@id\":\"https:\\\/\\\/www.mexicanguitarplayers.com\\\/tienda\\\/sin categor\u00eda\\\/procesador-t-c-el-mod-quintet\\\/#primaryimage\"},\"thumbnailUrl\":\"https:\\\/\\\/www.mexicanguitarplayers.com\\\/wp-content\\\/uploads\\\/2025\\\/04\\\/IATCEQUINTET.jpg\",\"datePublished\":\"2025-04-06T19:44:18+00:00\",\"dateModified\":\"2026-01-22T10:24:14+00:00\",\"description\":\"Procesador vocal, generaci\u00f3n de armon\u00edas HybridShift (TM, sonido suave y natural), 5 modos de armon\u00eda distintos: Scalic (Armon\u00eda de escala), Chordal (Armon\u00eda deacorde), Shift (Armon\u00eda de desplazamiento), Thicken (Engrosamiento de voz) y MIDI Notes (Notas MIDI), humanizaci\u00f3n de voces de armon\u00eda, temperamento igual y afinaci\u00f3n justa de armon\u00edas, preamplificador de micr\u00f3fono de alta calidad, controlmediante mensajes MIDI CC, \u201dEco\u201d MIDI CC para los botones del panel frontal, conmutaci\u00f3n de programas A\\\/B para uso en vivo, procesamiento de 24 bits con salidaS\\\/PDIF a 44.1 kHz \\\/ 48 kHz, compatible con el pedal Switch-3 de TC-Helicon (noincluido).\",\"breadcrumb\":{\"@id\":\"https:\\\/\\\/www.mexicanguitarplayers.com\\\/tienda\\\/sin categor\u00eda\\\/procesador-t-c-el-mod-quintet\\\/#breadcrumb\"},\"inLanguage\":\"en-US\",\"potentialAction\":[{\"@type\":\"ReadAction\",\"target\":[\"https:\\\/\\\/www.mexicanguitarplayers.com\\\/tienda\\\/sin categor\u00eda\\\/procesador-t-c-el-mod-quintet\\\/\"]}]},{\"@type\":\"ImageObject\",\"inLanguage\":\"en-US\",\"@id\":\"https:\\\/\\\/www.mexicanguitarplayers.com\\\/tienda\\\/sin categor\u00eda\\\/procesador-t-c-el-mod-quintet\\\/#primaryimage\",\"url\":\"https:\\\/\\\/www.mexicanguitarplayers.com\\\/wp-content\\\/uploads\\\/2025\\\/04\\\/IATCEQUINTET.jpg\",\"contentUrl\":\"https:\\\/\\\/www.mexicanguitarplayers.com\\\/wp-content\\\/uploads\\\/2025\\\/04\\\/IATCEQUINTET.jpg\",\"width\":1600,\"height\":800},{\"@type\":\"BreadcrumbList\",\"@id\":\"https:\\\/\\\/www.mexicanguitarplayers.com\\\/tienda\\\/sin categor\u00eda\\\/procesador-t-c-el-mod-quintet\\\/#breadcrumb\",\"itemListElement\":[{\"@type\":\"ListItem\",\"position\":1,\"name\":\"Portada\",\"item\":\"https:\\\/\\\/www.mexicanguitarplayers.com\\\/\"},{\"@type\":\"ListItem\",\"position\":2,\"name\":\"Tienda\",\"item\":\"https:\\\/\\\/www.mexicanguitarplayers.com\\\/tienda\\\/\"},{\"@type\":\"ListItem\",\"position\":3,\"name\":\"PROCESADOR T.C. EL. MOD. QUINTET\"}]},{\"@type\":\"WebSite\",\"@id\":\"https:\\\/\\\/www.mexicanguitarplayers.com\\\/#website\",\"url\":\"https:\\\/\\\/www.mexicanguitarplayers.com\\\/\",\"name\":\"Mexican Guitar Players\",\"description\":\"Website\",\"publisher\":{\"@id\":\"https:\\\/\\\/www.mexicanguitarplayers.com\\\/#organization\"},\"potentialAction\":[{\"@type\":\"SearchAction\",\"target\":{\"@type\":\"EntryPoint\",\"urlTemplate\":\"https:\\\/\\\/www.mexicanguitarplayers.com\\\/?s={search_term_string}\"},\"query-input\":{\"@type\":\"PropertyValueSpecification\",\"valueRequired\":true,\"valueName\":\"search_term_string\"}}],\"inLanguage\":\"en-US\"},{\"@type\":\"Organization\",\"@id\":\"https:\\\/\\\/www.mexicanguitarplayers.com\\\/#organization\",\"name\":\"Mexican Guitar Players\",\"url\":\"https:\\\/\\\/www.mexicanguitarplayers.com\\\/\",\"logo\":{\"@type\":\"ImageObject\",\"inLanguage\":\"en-US\",\"@id\":\"https:\\\/\\\/www.mexicanguitarplayers.com\\\/#\\\/schema\\\/logo\\\/image\\\/\",\"url\":\"\",\"contentUrl\":\"\",\"caption\":\"Mexican Guitar Players\"},\"image\":{\"@id\":\"https:\\\/\\\/www.mexicanguitarplayers.com\\\/#\\\/schema\\\/logo\\\/image\\\/\"}}]}<\/script>\n<!-- \/ Yoast SEO plugin. -->","yoast_head_json":{"title":"PROCESADOR T.C. EL. MOD. QUINTET - Mexican Guitar Players","description":"Procesador vocal, generaci\u00f3n de armon\u00edas HybridShift (TM, sonido suave y natural), 5 modos de armon\u00eda distintos: Scalic (Armon\u00eda de escala), Chordal (Armon\u00eda deacorde), Shift (Armon\u00eda de desplazamiento), Thicken (Engrosamiento de voz) y MIDI Notes (Notas MIDI), humanizaci\u00f3n de voces de armon\u00eda, temperamento igual y afinaci\u00f3n justa de armon\u00edas, preamplificador de micr\u00f3fono de alta calidad, controlmediante mensajes MIDI CC, \u201dEco\u201d MIDI CC para los botones del panel frontal, conmutaci\u00f3n de programas A\/B para uso en vivo, procesamiento de 24 bits con salidaS\/PDIF a 44.1 kHz \/ 48 kHz, compatible con el pedal Switch-3 de TC-Helicon (noincluido).","robots":{"index":"index","follow":"follow","max-snippet":"max-snippet:-1","max-image-preview":"max-image-preview:large","max-video-preview":"max-video-preview:-1"},"canonical":"https:\/\/www.mexicanguitarplayers.com\/en\/tienda\/sin categor\u00eda\/procesador-t-c-el-mod-quintet\/","og_locale":"en_US","og_type":"article","og_title":"PROCESADOR T.C. EL. MOD. QUINTET - Mexican Guitar Players","og_description":"Procesador vocal, generaci\u00f3n de armon\u00edas HybridShift (TM, sonido suave y natural), 5 modos de armon\u00eda distintos: Scalic (Armon\u00eda de escala), Chordal (Armon\u00eda deacorde), Shift (Armon\u00eda de desplazamiento), Thicken (Engrosamiento de voz) y MIDI Notes (Notas MIDI), humanizaci\u00f3n de voces de armon\u00eda, temperamento igual y afinaci\u00f3n justa de armon\u00edas, preamplificador de micr\u00f3fono de alta calidad, controlmediante mensajes MIDI CC, \u201dEco\u201d MIDI CC para los botones del panel frontal, conmutaci\u00f3n de programas A\/B para uso en vivo, procesamiento de 24 bits con salidaS\/PDIF a 44.1 kHz \/ 48 kHz, compatible con el pedal Switch-3 de TC-Helicon (noincluido).","og_url":"https:\/\/www.mexicanguitarplayers.com\/en\/tienda\/sin categor\u00eda\/procesador-t-c-el-mod-quintet\/","og_site_name":"Mexican Guitar Players","article_modified_time":"2026-01-22T10:24:14+00:00","twitter_card":"summary_large_image","twitter_misc":{"Est. reading time":"2 minutes"},"schema":{"@context":"https:\/\/schema.org","@graph":[{"@type":["WebPage","ItemPage"],"@id":"https:\/\/www.mexicanguitarplayers.com\/tienda\/sin categor\u00eda\/procesador-t-c-el-mod-quintet\/","url":"https:\/\/www.mexicanguitarplayers.com\/tienda\/sin categor\u00eda\/procesador-t-c-el-mod-quintet\/","name":"PROCESADOR T.C. EL. MOD. QUINTET - Mexican Guitar Players","isPartOf":{"@id":"https:\/\/www.mexicanguitarplayers.com\/#website"},"primaryImageOfPage":{"@id":"https:\/\/www.mexicanguitarplayers.com\/tienda\/sin categor\u00eda\/procesador-t-c-el-mod-quintet\/#primaryimage"},"image":{"@id":"https:\/\/www.mexicanguitarplayers.com\/tienda\/sin categor\u00eda\/procesador-t-c-el-mod-quintet\/#primaryimage"},"thumbnailUrl":"https:\/\/www.mexicanguitarplayers.com\/wp-content\/uploads\/2025\/04\/IATCEQUINTET.jpg","datePublished":"2025-04-06T19:44:18+00:00","dateModified":"2026-01-22T10:24:14+00:00","description":"Procesador vocal, generaci\u00f3n de armon\u00edas HybridShift (TM, sonido suave y natural), 5 modos de armon\u00eda distintos: Scalic (Armon\u00eda de escala), Chordal (Armon\u00eda deacorde), Shift (Armon\u00eda de desplazamiento), Thicken (Engrosamiento de voz) y MIDI Notes (Notas MIDI), humanizaci\u00f3n de voces de armon\u00eda, temperamento igual y afinaci\u00f3n justa de armon\u00edas, preamplificador de micr\u00f3fono de alta calidad, controlmediante mensajes MIDI CC, \u201dEco\u201d MIDI CC para los botones del panel frontal, conmutaci\u00f3n de programas A\/B para uso en vivo, procesamiento de 24 bits con salidaS\/PDIF a 44.1 kHz \/ 48 kHz, compatible con el pedal Switch-3 de TC-Helicon (noincluido).","breadcrumb":{"@id":"https:\/\/www.mexicanguitarplayers.com\/tienda\/sin categor\u00eda\/procesador-t-c-el-mod-quintet\/#breadcrumb"},"inLanguage":"en-US","potentialAction":[{"@type":"ReadAction","target":["https:\/\/www.mexicanguitarplayers.com\/tienda\/sin categor\u00eda\/procesador-t-c-el-mod-quintet\/"]}]},{"@type":"ImageObject","inLanguage":"en-US","@id":"https:\/\/www.mexicanguitarplayers.com\/tienda\/sin categor\u00eda\/procesador-t-c-el-mod-quintet\/#primaryimage","url":"https:\/\/www.mexicanguitarplayers.com\/wp-content\/uploads\/2025\/04\/IATCEQUINTET.jpg","contentUrl":"https:\/\/www.mexicanguitarplayers.com\/wp-content\/uploads\/2025\/04\/IATCEQUINTET.jpg","width":1600,"height":800},{"@type":"BreadcrumbList","@id":"https:\/\/www.mexicanguitarplayers.com\/tienda\/sin categor\u00eda\/procesador-t-c-el-mod-quintet\/#breadcrumb","itemListElement":[{"@type":"ListItem","position":1,"name":"Portada","item":"https:\/\/www.mexicanguitarplayers.com\/"},{"@type":"ListItem","position":2,"name":"Tienda","item":"https:\/\/www.mexicanguitarplayers.com\/tienda\/"},{"@type":"ListItem","position":3,"name":"PROCESADOR T.C. EL. MOD. QUINTET"}]},{"@type":"WebSite","@id":"https:\/\/www.mexicanguitarplayers.com\/#website","url":"https:\/\/www.mexicanguitarplayers.com\/","name":"Mexican Guitar Players","description":"Website","publisher":{"@id":"https:\/\/www.mexicanguitarplayers.com\/#organization"},"potentialAction":[{"@type":"SearchAction","target":{"@type":"EntryPoint","urlTemplate":"https:\/\/www.mexicanguitarplayers.com\/?s={search_term_string}"},"query-input":{"@type":"PropertyValueSpecification","valueRequired":true,"valueName":"search_term_string"}}],"inLanguage":"en-US"},{"@type":"Organization","@id":"https:\/\/www.mexicanguitarplayers.com\/#organization","name":"Mexican Guitar Players","url":"https:\/\/www.mexicanguitarplayers.com\/","logo":{"@type":"ImageObject","inLanguage":"en-US","@id":"https:\/\/www.mexicanguitarplayers.com\/#\/schema\/logo\/image\/","url":"","contentUrl":"","caption":"Mexican Guitar Players"},"image":{"@id":"https:\/\/www.mexicanguitarplayers.com\/#\/schema\/logo\/image\/"}}]}},"brands":[{"id":170,"name":"TC-ELECTRONIC","slug":"tc-electronic"}],"_links":{"self":[{"href":"https:\/\/www.mexicanguitarplayers.com\/en\/wp-json\/wp\/v2\/product\/24115","targetHints":{"allow":["GET"]}}],"collection":[{"href":"https:\/\/www.mexicanguitarplayers.com\/en\/wp-json\/wp\/v2\/product"}],"about":[{"href":"https:\/\/www.mexicanguitarplayers.com\/en\/wp-json\/wp\/v2\/types\/product"}],"replies":[{"embeddable":true,"href":"https:\/\/www.mexicanguitarplayers.com\/en\/wp-json\/wp\/v2\/comments?post=24115"}],"wp:featuredmedia":[{"embeddable":true,"href":"https:\/\/www.mexicanguitarplayers.com\/en\/wp-json\/wp\/v2\/media\/24114"}],"wp:attachment":[{"href":"https:\/\/www.mexicanguitarplayers.com\/en\/wp-json\/wp\/v2\/media?parent=24115"}],"wp:term":[{"taxonomy":"pwb-brand","embeddable":true,"href":"https:\/\/www.mexicanguitarplayers.com\/en\/wp-json\/wp\/v2\/pwb-brand?post=24115"},{"taxonomy":"product_brand","embeddable":true,"href":"https:\/\/www.mexicanguitarplayers.com\/en\/wp-json\/wp\/v2\/product_brand?post=24115"},{"taxonomy":"product_cat","embeddable":true,"href":"https:\/\/www.mexicanguitarplayers.com\/en\/wp-json\/wp\/v2\/product_cat?post=24115"},{"taxonomy":"product_tag","embeddable":true,"href":"https:\/\/www.mexicanguitarplayers.com\/en\/wp-json\/wp\/v2\/product_tag?post=24115"}],"curies":[{"name":"wp","href":"https:\/\/api.w.org\/{rel}","templated":true}]}}