{"id":24122,"date":"2025-04-06T13:44:39","date_gmt":"2025-04-06T19:44:39","guid":{"rendered":"https:\/\/www.mexicanguitarplayers.com\/tienda\/sin categor\u00eda\/baquetas-vic-firth-mod-mts1\/"},"modified":"2026-04-10T04:47:49","modified_gmt":"2026-04-10T10:47:49","slug":"baquetas-vic-firth-mod-mts1","status":"publish","type":"product","link":"https:\/\/www.mexicanguitarplayers.com\/en\/tienda\/accesorios\/para-bateria\/baquetas\/punta-de-nylon\/baquetas-vic-firth-mod-mts1\/","title":{"rendered":"BAQUETAS VIC FIRTH   MOD. MTS1"},"content":{"rendered":"<div style=\"text-align: justify\">\n<div>\n<h3>BAQUETAS MTS1<\/h3>\n<\/div>\n<div>Las baquetas MTS1 est\u00e1n especialmente dise\u00f1adas para aplicaciones de bater\u00eda multitenor, destac\u00e1ndose por su punta de nailon \u00fanica. Esta punta de nailon, con una superficie m\u00e1s peque\u00f1a, es clave para extraer un sonido m\u00e1s pronunciado y claro del tambor. Adem\u00e1s, contribuye a maximizar la resonancia y el volumen producido, logrando una sonoridad m\u00e1s rica y definida. Ideal para bateristas que buscan precisi\u00f3n y claridad en su interpretaci\u00f3n, estas baquetas ofrecen una experiencia mejorada al permitir una mayor articulaci\u00f3n y proyecci\u00f3n sonora.<\/div>\n<div>\n<h4>Characteristics<\/h4>\n<\/div>\n<div>\n<ul style=\"margin: 0px 0px 0px 25px\">\n<li style=\"list-style-type: circle;margin: 5px\">Di\u00e1metro<\/li>\n<li style=\"list-style-type: circle;margin: 5px\">SERIE<\/li>\n<li style=\"list-style-type: circle;margin: 5px\">Cono<\/li>\n<li style=\"list-style-type: circle;margin: 5px\">Longitud<\/li>\n<li style=\"list-style-type: circle;margin: 5px\">Tipo de madera<\/li>\n<li style=\"list-style-type: circle;margin: 5px\">superficie<\/li>\n<li style=\"list-style-type: circle;margin: 5px\">Material<\/li>\n<li style=\"list-style-type: circle;margin: 5px\">Forma<\/li>\n<\/ul>\n<\/div>\n<\/div>","protected":false},"excerpt":{"rendered":"<p>Las baquetas MTS1, dise\u00f1adas para bater\u00edas multitenor, cuentan con una punta de nailon \u00fanica y de superficie peque\u00f1a que permite extraer un sonido m\u00e1s pronunciado y claro del tambor. Esta caracter\u00edstica maximiza la resonancia y el volumen, proporcionando una sonoridad rica y definida, ideal para bateristas que buscan precisi\u00f3n y claridad en su interpretaci\u00f3n.&hellip; <a class=\"kt-excerpt-readmore more-link\" href=\"https:\/\/www.mexicanguitarplayers.com\/en\/tienda\/accesorios\/para-bateria\/baquetas\/punta-de-nylon\/baquetas-vic-firth-mod-mts1\/\">Read more<\/a><\/p>","protected":false},"featured_media":24118,"comment_status":"open","ping_status":"closed","template":"","meta":{"kt_blocks_editor_width":""},"pwb-brand":[643],"product_brand":[],"product_cat":[85,446,306,626],"product_tag":[],"class_list":{"0":"post-24122","1":"product","2":"type-product","3":"status-publish","4":"has-post-thumbnail","6":"pwb-brand-vic-firth","7":"product_cat-accesorios","8":"product_cat-baquetas","9":"product_cat-para-bateria","10":"product_cat-punta-de-nylon","11":"product_shipping_class-0-5-kg","13":"first","14":"outofstock","15":"taxable","16":"shipping-taxable","17":"purchasable","18":"product-type-simple"},"yoast_head":"<!-- This site is optimized with the Yoast SEO plugin v27.5 - https:\/\/yoast.com\/product\/yoast-seo-wordpress\/ -->\n<title>BAQUETAS VIC FIRTH  MOD. MTS1 - Mexican Guitar Players<\/title>\n<meta name=\"description\" content=\"Las baquetas MTS1, dise\u00f1adas para bater\u00edas multitenor, cuentan con una punta de nailon \u00fanica y de superficie peque\u00f1a que permite extraer un sonido m\u00e1s pronunciado y claro del tambor. Esta caracter\u00edstica maximiza la resonancia y el volumen, proporcionando una sonoridad rica y definida, ideal para bateristas que buscan precisi\u00f3n y claridad en su interpretaci\u00f3n.\" \/>\n<meta name=\"robots\" content=\"index, follow, max-snippet:-1, max-image-preview:large, max-video-preview:-1\" \/>\n<link rel=\"canonical\" href=\"https:\/\/www.mexicanguitarplayers.com\/en\/tienda\/sin%20categor\u00eda\/baquetas-vic-firth-mod-mts1\/\" \/>\n<meta property=\"og:locale\" content=\"en_US\" \/>\n<meta property=\"og:type\" content=\"article\" \/>\n<meta property=\"og:title\" content=\"BAQUETAS VIC FIRTH  MOD. MTS1 - Mexican Guitar Players\" \/>\n<meta property=\"og:description\" content=\"Las baquetas MTS1, dise\u00f1adas para bater\u00edas multitenor, cuentan con una punta de nailon \u00fanica y de superficie peque\u00f1a que permite extraer un sonido m\u00e1s pronunciado y claro del tambor. Esta caracter\u00edstica maximiza la resonancia y el volumen, proporcionando una sonoridad rica y definida, ideal para bateristas que buscan precisi\u00f3n y claridad en su interpretaci\u00f3n.\" \/>\n<meta property=\"og:url\" content=\"https:\/\/www.mexicanguitarplayers.com\/en\/tienda\/sin categor\u00eda\/baquetas-vic-firth-mod-mts1\/\" \/>\n<meta property=\"og:site_name\" content=\"Mexican Guitar Players\" \/>\n<meta property=\"article:modified_time\" content=\"2026-04-10T10:47:49+00:00\" \/>\n<meta name=\"twitter:card\" content=\"summary_large_image\" \/>\n<meta name=\"twitter:label1\" content=\"Est. reading time\" \/>\n\t<meta name=\"twitter:data1\" content=\"1 minute\" \/>\n<script type=\"application\/ld+json\" class=\"yoast-schema-graph\">{\"@context\":\"https:\\\/\\\/schema.org\",\"@graph\":[{\"@type\":[\"WebPage\",\"ItemPage\"],\"@id\":\"https:\\\/\\\/www.mexicanguitarplayers.com\\\/tienda\\\/sin categor\u00eda\\\/baquetas-vic-firth-mod-mts1\\\/\",\"url\":\"https:\\\/\\\/www.mexicanguitarplayers.com\\\/tienda\\\/sin categor\u00eda\\\/baquetas-vic-firth-mod-mts1\\\/\",\"name\":\"BAQUETAS VIC FIRTH MOD. MTS1 - Mexican Guitar Players\",\"isPartOf\":{\"@id\":\"https:\\\/\\\/www.mexicanguitarplayers.com\\\/#website\"},\"primaryImageOfPage\":{\"@id\":\"https:\\\/\\\/www.mexicanguitarplayers.com\\\/tienda\\\/sin categor\u00eda\\\/baquetas-vic-firth-mod-mts1\\\/#primaryimage\"},\"image\":{\"@id\":\"https:\\\/\\\/www.mexicanguitarplayers.com\\\/tienda\\\/sin categor\u00eda\\\/baquetas-vic-firth-mod-mts1\\\/#primaryimage\"},\"thumbnailUrl\":\"https:\\\/\\\/www.mexicanguitarplayers.com\\\/wp-content\\\/uploads\\\/2025\\\/04\\\/RAVICMTS1.jpg\",\"datePublished\":\"2025-04-06T19:44:39+00:00\",\"dateModified\":\"2026-04-10T10:47:49+00:00\",\"description\":\"Las baquetas MTS1, dise\u00f1adas para bater\u00edas multitenor, cuentan con una punta de nailon \u00fanica y de superficie peque\u00f1a que permite extraer un sonido m\u00e1s pronunciado y claro del tambor. Esta caracter\u00edstica maximiza la resonancia y el volumen, proporcionando una sonoridad rica y definida, ideal para bateristas que buscan precisi\u00f3n y claridad en su interpretaci\u00f3n.\",\"breadcrumb\":{\"@id\":\"https:\\\/\\\/www.mexicanguitarplayers.com\\\/tienda\\\/sin categor\u00eda\\\/baquetas-vic-firth-mod-mts1\\\/#breadcrumb\"},\"inLanguage\":\"en-US\",\"potentialAction\":[{\"@type\":\"ReadAction\",\"target\":[\"https:\\\/\\\/www.mexicanguitarplayers.com\\\/tienda\\\/sin categor\u00eda\\\/baquetas-vic-firth-mod-mts1\\\/\"]}]},{\"@type\":\"ImageObject\",\"inLanguage\":\"en-US\",\"@id\":\"https:\\\/\\\/www.mexicanguitarplayers.com\\\/tienda\\\/sin categor\u00eda\\\/baquetas-vic-firth-mod-mts1\\\/#primaryimage\",\"url\":\"https:\\\/\\\/www.mexicanguitarplayers.com\\\/wp-content\\\/uploads\\\/2025\\\/04\\\/RAVICMTS1.jpg\",\"contentUrl\":\"https:\\\/\\\/www.mexicanguitarplayers.com\\\/wp-content\\\/uploads\\\/2025\\\/04\\\/RAVICMTS1.jpg\",\"width\":1200,\"height\":1200},{\"@type\":\"BreadcrumbList\",\"@id\":\"https:\\\/\\\/www.mexicanguitarplayers.com\\\/tienda\\\/sin categor\u00eda\\\/baquetas-vic-firth-mod-mts1\\\/#breadcrumb\",\"itemListElement\":[{\"@type\":\"ListItem\",\"position\":1,\"name\":\"Portada\",\"item\":\"https:\\\/\\\/www.mexicanguitarplayers.com\\\/\"},{\"@type\":\"ListItem\",\"position\":2,\"name\":\"Tienda\",\"item\":\"https:\\\/\\\/www.mexicanguitarplayers.com\\\/tienda\\\/\"},{\"@type\":\"ListItem\",\"position\":3,\"name\":\"BAQUETAS VIC FIRTH MOD. MTS1\"}]},{\"@type\":\"WebSite\",\"@id\":\"https:\\\/\\\/www.mexicanguitarplayers.com\\\/#website\",\"url\":\"https:\\\/\\\/www.mexicanguitarplayers.com\\\/\",\"name\":\"Mexican Guitar Players\",\"description\":\"Website\",\"publisher\":{\"@id\":\"https:\\\/\\\/www.mexicanguitarplayers.com\\\/#organization\"},\"potentialAction\":[{\"@type\":\"SearchAction\",\"target\":{\"@type\":\"EntryPoint\",\"urlTemplate\":\"https:\\\/\\\/www.mexicanguitarplayers.com\\\/?s={search_term_string}\"},\"query-input\":{\"@type\":\"PropertyValueSpecification\",\"valueRequired\":true,\"valueName\":\"search_term_string\"}}],\"inLanguage\":\"en-US\"},{\"@type\":\"Organization\",\"@id\":\"https:\\\/\\\/www.mexicanguitarplayers.com\\\/#organization\",\"name\":\"Mexican Guitar Players\",\"url\":\"https:\\\/\\\/www.mexicanguitarplayers.com\\\/\",\"logo\":{\"@type\":\"ImageObject\",\"inLanguage\":\"en-US\",\"@id\":\"https:\\\/\\\/www.mexicanguitarplayers.com\\\/#\\\/schema\\\/logo\\\/image\\\/\",\"url\":\"\",\"contentUrl\":\"\",\"caption\":\"Mexican Guitar Players\"},\"image\":{\"@id\":\"https:\\\/\\\/www.mexicanguitarplayers.com\\\/#\\\/schema\\\/logo\\\/image\\\/\"}}]}<\/script>\n<!-- \/ Yoast SEO plugin. -->","yoast_head_json":{"title":"BAQUETAS VIC FIRTH  MOD. MTS1 - Mexican Guitar Players","description":"Las baquetas MTS1, dise\u00f1adas para bater\u00edas multitenor, cuentan con una punta de nailon \u00fanica y de superficie peque\u00f1a que permite extraer un sonido m\u00e1s pronunciado y claro del tambor. Esta caracter\u00edstica maximiza la resonancia y el volumen, proporcionando una sonoridad rica y definida, ideal para bateristas que buscan precisi\u00f3n y claridad en su interpretaci\u00f3n.","robots":{"index":"index","follow":"follow","max-snippet":"max-snippet:-1","max-image-preview":"max-image-preview:large","max-video-preview":"max-video-preview:-1"},"canonical":"https:\/\/www.mexicanguitarplayers.com\/en\/tienda\/sin categor\u00eda\/baquetas-vic-firth-mod-mts1\/","og_locale":"en_US","og_type":"article","og_title":"BAQUETAS VIC FIRTH  MOD. MTS1 - Mexican Guitar Players","og_description":"Las baquetas MTS1, dise\u00f1adas para bater\u00edas multitenor, cuentan con una punta de nailon \u00fanica y de superficie peque\u00f1a que permite extraer un sonido m\u00e1s pronunciado y claro del tambor. Esta caracter\u00edstica maximiza la resonancia y el volumen, proporcionando una sonoridad rica y definida, ideal para bateristas que buscan precisi\u00f3n y claridad en su interpretaci\u00f3n.","og_url":"https:\/\/www.mexicanguitarplayers.com\/en\/tienda\/sin categor\u00eda\/baquetas-vic-firth-mod-mts1\/","og_site_name":"Mexican Guitar Players","article_modified_time":"2026-04-10T10:47:49+00:00","twitter_card":"summary_large_image","twitter_misc":{"Est. reading time":"1 minute"},"schema":{"@context":"https:\/\/schema.org","@graph":[{"@type":["WebPage","ItemPage"],"@id":"https:\/\/www.mexicanguitarplayers.com\/tienda\/sin categor\u00eda\/baquetas-vic-firth-mod-mts1\/","url":"https:\/\/www.mexicanguitarplayers.com\/tienda\/sin categor\u00eda\/baquetas-vic-firth-mod-mts1\/","name":"BAQUETAS VIC FIRTH MOD. MTS1 - Mexican Guitar Players","isPartOf":{"@id":"https:\/\/www.mexicanguitarplayers.com\/#website"},"primaryImageOfPage":{"@id":"https:\/\/www.mexicanguitarplayers.com\/tienda\/sin categor\u00eda\/baquetas-vic-firth-mod-mts1\/#primaryimage"},"image":{"@id":"https:\/\/www.mexicanguitarplayers.com\/tienda\/sin categor\u00eda\/baquetas-vic-firth-mod-mts1\/#primaryimage"},"thumbnailUrl":"https:\/\/www.mexicanguitarplayers.com\/wp-content\/uploads\/2025\/04\/RAVICMTS1.jpg","datePublished":"2025-04-06T19:44:39+00:00","dateModified":"2026-04-10T10:47:49+00:00","description":"Las baquetas MTS1, dise\u00f1adas para bater\u00edas multitenor, cuentan con una punta de nailon \u00fanica y de superficie peque\u00f1a que permite extraer un sonido m\u00e1s pronunciado y claro del tambor. Esta caracter\u00edstica maximiza la resonancia y el volumen, proporcionando una sonoridad rica y definida, ideal para bateristas que buscan precisi\u00f3n y claridad en su interpretaci\u00f3n.","breadcrumb":{"@id":"https:\/\/www.mexicanguitarplayers.com\/tienda\/sin categor\u00eda\/baquetas-vic-firth-mod-mts1\/#breadcrumb"},"inLanguage":"en-US","potentialAction":[{"@type":"ReadAction","target":["https:\/\/www.mexicanguitarplayers.com\/tienda\/sin categor\u00eda\/baquetas-vic-firth-mod-mts1\/"]}]},{"@type":"ImageObject","inLanguage":"en-US","@id":"https:\/\/www.mexicanguitarplayers.com\/tienda\/sin categor\u00eda\/baquetas-vic-firth-mod-mts1\/#primaryimage","url":"https:\/\/www.mexicanguitarplayers.com\/wp-content\/uploads\/2025\/04\/RAVICMTS1.jpg","contentUrl":"https:\/\/www.mexicanguitarplayers.com\/wp-content\/uploads\/2025\/04\/RAVICMTS1.jpg","width":1200,"height":1200},{"@type":"BreadcrumbList","@id":"https:\/\/www.mexicanguitarplayers.com\/tienda\/sin categor\u00eda\/baquetas-vic-firth-mod-mts1\/#breadcrumb","itemListElement":[{"@type":"ListItem","position":1,"name":"Portada","item":"https:\/\/www.mexicanguitarplayers.com\/"},{"@type":"ListItem","position":2,"name":"Tienda","item":"https:\/\/www.mexicanguitarplayers.com\/tienda\/"},{"@type":"ListItem","position":3,"name":"BAQUETAS VIC FIRTH MOD. MTS1"}]},{"@type":"WebSite","@id":"https:\/\/www.mexicanguitarplayers.com\/#website","url":"https:\/\/www.mexicanguitarplayers.com\/","name":"Mexican Guitar Players","description":"Website","publisher":{"@id":"https:\/\/www.mexicanguitarplayers.com\/#organization"},"potentialAction":[{"@type":"SearchAction","target":{"@type":"EntryPoint","urlTemplate":"https:\/\/www.mexicanguitarplayers.com\/?s={search_term_string}"},"query-input":{"@type":"PropertyValueSpecification","valueRequired":true,"valueName":"search_term_string"}}],"inLanguage":"en-US"},{"@type":"Organization","@id":"https:\/\/www.mexicanguitarplayers.com\/#organization","name":"Mexican Guitar Players","url":"https:\/\/www.mexicanguitarplayers.com\/","logo":{"@type":"ImageObject","inLanguage":"en-US","@id":"https:\/\/www.mexicanguitarplayers.com\/#\/schema\/logo\/image\/","url":"","contentUrl":"","caption":"Mexican Guitar Players"},"image":{"@id":"https:\/\/www.mexicanguitarplayers.com\/#\/schema\/logo\/image\/"}}]}},"brands":[{"id":643,"name":"VIC FIRTH","slug":"vic-firth"}],"_links":{"self":[{"href":"https:\/\/www.mexicanguitarplayers.com\/en\/wp-json\/wp\/v2\/product\/24122","targetHints":{"allow":["GET"]}}],"collection":[{"href":"https:\/\/www.mexicanguitarplayers.com\/en\/wp-json\/wp\/v2\/product"}],"about":[{"href":"https:\/\/www.mexicanguitarplayers.com\/en\/wp-json\/wp\/v2\/types\/product"}],"replies":[{"embeddable":true,"href":"https:\/\/www.mexicanguitarplayers.com\/en\/wp-json\/wp\/v2\/comments?post=24122"}],"wp:featuredmedia":[{"embeddable":true,"href":"https:\/\/www.mexicanguitarplayers.com\/en\/wp-json\/wp\/v2\/media\/24118"}],"wp:attachment":[{"href":"https:\/\/www.mexicanguitarplayers.com\/en\/wp-json\/wp\/v2\/media?parent=24122"}],"wp:term":[{"taxonomy":"pwb-brand","embeddable":true,"href":"https:\/\/www.mexicanguitarplayers.com\/en\/wp-json\/wp\/v2\/pwb-brand?post=24122"},{"taxonomy":"product_brand","embeddable":true,"href":"https:\/\/www.mexicanguitarplayers.com\/en\/wp-json\/wp\/v2\/product_brand?post=24122"},{"taxonomy":"product_cat","embeddable":true,"href":"https:\/\/www.mexicanguitarplayers.com\/en\/wp-json\/wp\/v2\/product_cat?post=24122"},{"taxonomy":"product_tag","embeddable":true,"href":"https:\/\/www.mexicanguitarplayers.com\/en\/wp-json\/wp\/v2\/product_tag?post=24122"}],"curies":[{"name":"wp","href":"https:\/\/api.w.org\/{rel}","templated":true}]}}