{"id":24141,"date":"2025-04-06T13:46:22","date_gmt":"2025-04-06T19:46:22","guid":{"rendered":"https:\/\/www.mexicanguitarplayers.com\/tienda\/sin categor\u00eda\/soporte-hercules-p-microfono-ms632b-plus\/"},"modified":"2026-04-10T04:47:48","modified_gmt":"2026-04-10T10:47:48","slug":"soporte-hercules-p-microfono-ms632b-plus","status":"publish","type":"product","link":"https:\/\/www.mexicanguitarplayers.com\/en\/tienda\/accesorios\/stands\/para-microfono\/soporte-hercules-p-microfono-ms632b-plus\/","title":{"rendered":"SOPORTE HERCULES P\/MICROFONO MS632B PLUS"},"content":{"rendered":"<div style=\"text-align: justify\">\n<div>\n<h3>Tu micr\u00f3fono a la altura deseada y seguro en tu soporte.<\/h3>\n<\/div>\n<div>El soporte de micr\u00f3fono con base tr\u00edpode Hercules MS632B PLUS cuenta con el clip de micr\u00f3fono EZ, la abrazadera de boom 2 en 1 y el ajuste de altura de agarre EZ. Los soportes para micr\u00f3fono Hercules as\u00ed como los booms est\u00e1n dise\u00f1ados para eliminar los problemas asociados con los soportes convencionales. Grandes figuras de la m\u00fasica, como Sammy Hagar, Dave Matthews Band, Megadeth y Ted Nugent entre otros, prefieren Hercules sobre otras marcas.<\/div>\n<div>\n<h4>Quick look<\/h4>\n<\/div>\n<ul style=\"margin: 0px 0px 0px 25px\">\n<li style=\"list-style-type: circle;margin: 5px\">Altura.<\/li>\n<li style=\"list-style-type: circle;margin: 5px\">Weight.<\/li>\n<li style=\"list-style-type: circle;margin: 5px\">Radio base.<\/li>\n<li style=\"list-style-type: circle;margin: 5px\">Longitud del boom.<\/li>\n<li style=\"list-style-type: circle;margin: 5px\">Tama\u00f1o plegado.<\/li>\n<\/ul>\n<div>\n<div style=\"font-weight: bold\">Altura.<\/div>\n<div>\n<p>1115 &#8211; 1680 mm.<\/p>\n<\/div>\n<div style=\"font-weight: bold\">Weight.<\/div>\n<div>\n<p>2.9 kg.<\/p>\n<\/div>\n<div style=\"font-weight: bold\">Radio base.<\/div>\n<div>\n<p>340 mm.<\/p>\n<\/div>\n<div style=\"font-weight: bold\">Longitud del boom.<\/div>\n<div>\n<p>780 mm.<\/p>\n<\/div>\n<div style=\"font-weight: bold\">Tama\u00f1o plegado.<\/div>\n<div>\n<p>925 x 90 x 90 mm.<\/p>\n<\/div>\n<\/div>\n<\/div>","protected":false},"excerpt":{"rendered":"<p>Soporte de micr\u00f3fono, ajuste de altura EZ Grip con una sola mano, abrazadera de boom 2 en 1 con ajuste de perilla \u00fanica que asegura la longitud y el \u00e1ngulo del boom, el Quick-N-EZ Boom Flip Clip se libera y se traba en su posici\u00f3n asegurando f\u00e1cilmente la abrazadera del boom en su lugar, el EZ Adapter Flip Clip asegura r\u00e1pidamente el clip del micr\u00f3fono en su lugar y se adapta a todos los soportes de micr\u00f3fono de tama\u00f1o est\u00e1ndar, altura: 1115 &#8211; 1680 mm, peso: 2.9 kg, radio base: 340 mm, longitud del boom: 780 mm, tama\u00f1o plegado: 925 x 90 x 90 mm.&hellip; <a class=\"kt-excerpt-readmore more-link\" href=\"https:\/\/www.mexicanguitarplayers.com\/en\/tienda\/accesorios\/stands\/para-microfono\/soporte-hercules-p-microfono-ms632b-plus\/\">Read more<\/a><\/p>","protected":false},"featured_media":24140,"comment_status":"open","ping_status":"closed","template":"","meta":{"kt_blocks_editor_width":""},"pwb-brand":[587],"product_brand":[],"product_cat":[85,464,416],"product_tag":[],"class_list":{"0":"post-24141","1":"product","2":"type-product","3":"status-publish","4":"has-post-thumbnail","6":"pwb-brand-hercules","7":"product_cat-accesorios","8":"product_cat-para-microfono","9":"product_cat-stands","10":"product_shipping_class-0-5-kg","12":"first","13":"outofstock","14":"taxable","15":"shipping-taxable","16":"purchasable","17":"product-type-simple"},"yoast_head":"<!-- This site is optimized with the Yoast SEO plugin v27.6 - https:\/\/yoast.com\/product\/yoast-seo-wordpress\/ -->\n<title>SOPORTE HERCULES P\/MICROFONO MS632B PLUS - Mexican Guitar Players<\/title>\n<meta name=\"description\" content=\"Soporte de micr\u00f3fono, ajuste de altura EZ Grip con una sola mano, abrazadera de boom 2 en 1 con ajuste de perilla \u00fanica que asegura la longitud y el \u00e1ngulo del boom, el Quick-N-EZ Boom Flip Clip se libera y se traba en su posici\u00f3n asegurando f\u00e1cilmente la abrazadera del boom en su lugar, el EZ Adapter Flip Clip asegura r\u00e1pidamente el clip del micr\u00f3fono en su lugar y se adapta a todos los soportes de micr\u00f3fono de tama\u00f1o est\u00e1ndar, altura: 1115 - 1680 mm, peso: 2.9 kg, radio base: 340 mm, longitud del boom: 780 mm, tama\u00f1o plegado: 925 x 90 x 90 mm.\" \/>\n<meta name=\"robots\" content=\"index, follow, max-snippet:-1, max-image-preview:large, max-video-preview:-1\" \/>\n<link rel=\"canonical\" href=\"https:\/\/www.mexicanguitarplayers.com\/en\/tienda\/sin%20categor\u00eda\/soporte-hercules-p-microfono-ms632b-plus\/\" \/>\n<meta property=\"og:locale\" content=\"en_US\" \/>\n<meta property=\"og:type\" content=\"article\" \/>\n<meta property=\"og:title\" content=\"SOPORTE HERCULES P\/MICROFONO MS632B PLUS - Mexican Guitar Players\" \/>\n<meta property=\"og:description\" content=\"Soporte de micr\u00f3fono, ajuste de altura EZ Grip con una sola mano, abrazadera de boom 2 en 1 con ajuste de perilla \u00fanica que asegura la longitud y el \u00e1ngulo del boom, el Quick-N-EZ Boom Flip Clip se libera y se traba en su posici\u00f3n asegurando f\u00e1cilmente la abrazadera del boom en su lugar, el EZ Adapter Flip Clip asegura r\u00e1pidamente el clip del micr\u00f3fono en su lugar y se adapta a todos los soportes de micr\u00f3fono de tama\u00f1o est\u00e1ndar, altura: 1115 - 1680 mm, peso: 2.9 kg, radio base: 340 mm, longitud del boom: 780 mm, tama\u00f1o plegado: 925 x 90 x 90 mm.\" \/>\n<meta property=\"og:url\" content=\"https:\/\/www.mexicanguitarplayers.com\/en\/tienda\/sin categor\u00eda\/soporte-hercules-p-microfono-ms632b-plus\/\" \/>\n<meta property=\"og:site_name\" content=\"Mexican Guitar Players\" \/>\n<meta property=\"article:modified_time\" content=\"2026-04-10T10:47:48+00:00\" \/>\n<meta name=\"twitter:card\" content=\"summary_large_image\" \/>\n<meta name=\"twitter:label1\" content=\"Est. reading time\" \/>\n\t<meta name=\"twitter:data1\" content=\"1 minute\" \/>\n<script type=\"application\/ld+json\" class=\"yoast-schema-graph\">{\"@context\":\"https:\\\/\\\/schema.org\",\"@graph\":[{\"@type\":[\"WebPage\",\"ItemPage\"],\"@id\":\"https:\\\/\\\/www.mexicanguitarplayers.com\\\/tienda\\\/sin categor\u00eda\\\/soporte-hercules-p-microfono-ms632b-plus\\\/\",\"url\":\"https:\\\/\\\/www.mexicanguitarplayers.com\\\/tienda\\\/sin categor\u00eda\\\/soporte-hercules-p-microfono-ms632b-plus\\\/\",\"name\":\"SOPORTE HERCULES P\\\/MICROFONO MS632B PLUS - Mexican Guitar Players\",\"isPartOf\":{\"@id\":\"https:\\\/\\\/www.mexicanguitarplayers.com\\\/#website\"},\"primaryImageOfPage\":{\"@id\":\"https:\\\/\\\/www.mexicanguitarplayers.com\\\/tienda\\\/sin categor\u00eda\\\/soporte-hercules-p-microfono-ms632b-plus\\\/#primaryimage\"},\"image\":{\"@id\":\"https:\\\/\\\/www.mexicanguitarplayers.com\\\/tienda\\\/sin categor\u00eda\\\/soporte-hercules-p-microfono-ms632b-plus\\\/#primaryimage\"},\"thumbnailUrl\":\"https:\\\/\\\/www.mexicanguitarplayers.com\\\/wp-content\\\/uploads\\\/2025\\\/04\\\/VAHERMS632BPLU.jpg\",\"datePublished\":\"2025-04-06T19:46:22+00:00\",\"dateModified\":\"2026-04-10T10:47:48+00:00\",\"description\":\"Soporte de micr\u00f3fono, ajuste de altura EZ Grip con una sola mano, abrazadera de boom 2 en 1 con ajuste de perilla \u00fanica que asegura la longitud y el \u00e1ngulo del boom, el Quick-N-EZ Boom Flip Clip se libera y se traba en su posici\u00f3n asegurando f\u00e1cilmente la abrazadera del boom en su lugar, el EZ Adapter Flip Clip asegura r\u00e1pidamente el clip del micr\u00f3fono en su lugar y se adapta a todos los soportes de micr\u00f3fono de tama\u00f1o est\u00e1ndar, altura: 1115 - 1680 mm, peso: 2.9 kg, radio base: 340 mm, longitud del boom: 780 mm, tama\u00f1o plegado: 925 x 90 x 90 mm.\",\"breadcrumb\":{\"@id\":\"https:\\\/\\\/www.mexicanguitarplayers.com\\\/tienda\\\/sin categor\u00eda\\\/soporte-hercules-p-microfono-ms632b-plus\\\/#breadcrumb\"},\"inLanguage\":\"en-US\",\"potentialAction\":[{\"@type\":\"ReadAction\",\"target\":[\"https:\\\/\\\/www.mexicanguitarplayers.com\\\/tienda\\\/sin categor\u00eda\\\/soporte-hercules-p-microfono-ms632b-plus\\\/\"]}]},{\"@type\":\"ImageObject\",\"inLanguage\":\"en-US\",\"@id\":\"https:\\\/\\\/www.mexicanguitarplayers.com\\\/tienda\\\/sin categor\u00eda\\\/soporte-hercules-p-microfono-ms632b-plus\\\/#primaryimage\",\"url\":\"https:\\\/\\\/www.mexicanguitarplayers.com\\\/wp-content\\\/uploads\\\/2025\\\/04\\\/VAHERMS632BPLU.jpg\",\"contentUrl\":\"https:\\\/\\\/www.mexicanguitarplayers.com\\\/wp-content\\\/uploads\\\/2025\\\/04\\\/VAHERMS632BPLU.jpg\",\"width\":800,\"height\":1600},{\"@type\":\"BreadcrumbList\",\"@id\":\"https:\\\/\\\/www.mexicanguitarplayers.com\\\/tienda\\\/sin categor\u00eda\\\/soporte-hercules-p-microfono-ms632b-plus\\\/#breadcrumb\",\"itemListElement\":[{\"@type\":\"ListItem\",\"position\":1,\"name\":\"Portada\",\"item\":\"https:\\\/\\\/www.mexicanguitarplayers.com\\\/\"},{\"@type\":\"ListItem\",\"position\":2,\"name\":\"Tienda\",\"item\":\"https:\\\/\\\/www.mexicanguitarplayers.com\\\/tienda\\\/\"},{\"@type\":\"ListItem\",\"position\":3,\"name\":\"SOPORTE HERCULES P\\\/MICROFONO MS632B PLUS\"}]},{\"@type\":\"WebSite\",\"@id\":\"https:\\\/\\\/www.mexicanguitarplayers.com\\\/#website\",\"url\":\"https:\\\/\\\/www.mexicanguitarplayers.com\\\/\",\"name\":\"Mexican Guitar Players\",\"description\":\"Website\",\"publisher\":{\"@id\":\"https:\\\/\\\/www.mexicanguitarplayers.com\\\/#organization\"},\"potentialAction\":[{\"@type\":\"SearchAction\",\"target\":{\"@type\":\"EntryPoint\",\"urlTemplate\":\"https:\\\/\\\/www.mexicanguitarplayers.com\\\/?s={search_term_string}\"},\"query-input\":{\"@type\":\"PropertyValueSpecification\",\"valueRequired\":true,\"valueName\":\"search_term_string\"}}],\"inLanguage\":\"en-US\"},{\"@type\":\"Organization\",\"@id\":\"https:\\\/\\\/www.mexicanguitarplayers.com\\\/#organization\",\"name\":\"Mexican Guitar Players\",\"url\":\"https:\\\/\\\/www.mexicanguitarplayers.com\\\/\",\"logo\":{\"@type\":\"ImageObject\",\"inLanguage\":\"en-US\",\"@id\":\"https:\\\/\\\/www.mexicanguitarplayers.com\\\/#\\\/schema\\\/logo\\\/image\\\/\",\"url\":\"\",\"contentUrl\":\"\",\"caption\":\"Mexican Guitar Players\"},\"image\":{\"@id\":\"https:\\\/\\\/www.mexicanguitarplayers.com\\\/#\\\/schema\\\/logo\\\/image\\\/\"}}]}<\/script>\n<!-- \/ Yoast SEO plugin. -->","yoast_head_json":{"title":"SOPORTE HERCULES P\/MICROFONO MS632B PLUS - Mexican Guitar Players","description":"Soporte de micr\u00f3fono, ajuste de altura EZ Grip con una sola mano, abrazadera de boom 2 en 1 con ajuste de perilla \u00fanica que asegura la longitud y el \u00e1ngulo del boom, el Quick-N-EZ Boom Flip Clip se libera y se traba en su posici\u00f3n asegurando f\u00e1cilmente la abrazadera del boom en su lugar, el EZ Adapter Flip Clip asegura r\u00e1pidamente el clip del micr\u00f3fono en su lugar y se adapta a todos los soportes de micr\u00f3fono de tama\u00f1o est\u00e1ndar, altura: 1115 - 1680 mm, peso: 2.9 kg, radio base: 340 mm, longitud del boom: 780 mm, tama\u00f1o plegado: 925 x 90 x 90 mm.","robots":{"index":"index","follow":"follow","max-snippet":"max-snippet:-1","max-image-preview":"max-image-preview:large","max-video-preview":"max-video-preview:-1"},"canonical":"https:\/\/www.mexicanguitarplayers.com\/en\/tienda\/sin categor\u00eda\/soporte-hercules-p-microfono-ms632b-plus\/","og_locale":"en_US","og_type":"article","og_title":"SOPORTE HERCULES P\/MICROFONO MS632B PLUS - Mexican Guitar Players","og_description":"Soporte de micr\u00f3fono, ajuste de altura EZ Grip con una sola mano, abrazadera de boom 2 en 1 con ajuste de perilla \u00fanica que asegura la longitud y el \u00e1ngulo del boom, el Quick-N-EZ Boom Flip Clip se libera y se traba en su posici\u00f3n asegurando f\u00e1cilmente la abrazadera del boom en su lugar, el EZ Adapter Flip Clip asegura r\u00e1pidamente el clip del micr\u00f3fono en su lugar y se adapta a todos los soportes de micr\u00f3fono de tama\u00f1o est\u00e1ndar, altura: 1115 - 1680 mm, peso: 2.9 kg, radio base: 340 mm, longitud del boom: 780 mm, tama\u00f1o plegado: 925 x 90 x 90 mm.","og_url":"https:\/\/www.mexicanguitarplayers.com\/en\/tienda\/sin categor\u00eda\/soporte-hercules-p-microfono-ms632b-plus\/","og_site_name":"Mexican Guitar Players","article_modified_time":"2026-04-10T10:47:48+00:00","twitter_card":"summary_large_image","twitter_misc":{"Est. reading time":"1 minute"},"schema":{"@context":"https:\/\/schema.org","@graph":[{"@type":["WebPage","ItemPage"],"@id":"https:\/\/www.mexicanguitarplayers.com\/tienda\/sin categor\u00eda\/soporte-hercules-p-microfono-ms632b-plus\/","url":"https:\/\/www.mexicanguitarplayers.com\/tienda\/sin categor\u00eda\/soporte-hercules-p-microfono-ms632b-plus\/","name":"SOPORTE HERCULES P\/MICROFONO MS632B PLUS - Mexican Guitar Players","isPartOf":{"@id":"https:\/\/www.mexicanguitarplayers.com\/#website"},"primaryImageOfPage":{"@id":"https:\/\/www.mexicanguitarplayers.com\/tienda\/sin categor\u00eda\/soporte-hercules-p-microfono-ms632b-plus\/#primaryimage"},"image":{"@id":"https:\/\/www.mexicanguitarplayers.com\/tienda\/sin categor\u00eda\/soporte-hercules-p-microfono-ms632b-plus\/#primaryimage"},"thumbnailUrl":"https:\/\/www.mexicanguitarplayers.com\/wp-content\/uploads\/2025\/04\/VAHERMS632BPLU.jpg","datePublished":"2025-04-06T19:46:22+00:00","dateModified":"2026-04-10T10:47:48+00:00","description":"Soporte de micr\u00f3fono, ajuste de altura EZ Grip con una sola mano, abrazadera de boom 2 en 1 con ajuste de perilla \u00fanica que asegura la longitud y el \u00e1ngulo del boom, el Quick-N-EZ Boom Flip Clip se libera y se traba en su posici\u00f3n asegurando f\u00e1cilmente la abrazadera del boom en su lugar, el EZ Adapter Flip Clip asegura r\u00e1pidamente el clip del micr\u00f3fono en su lugar y se adapta a todos los soportes de micr\u00f3fono de tama\u00f1o est\u00e1ndar, altura: 1115 - 1680 mm, peso: 2.9 kg, radio base: 340 mm, longitud del boom: 780 mm, tama\u00f1o plegado: 925 x 90 x 90 mm.","breadcrumb":{"@id":"https:\/\/www.mexicanguitarplayers.com\/tienda\/sin categor\u00eda\/soporte-hercules-p-microfono-ms632b-plus\/#breadcrumb"},"inLanguage":"en-US","potentialAction":[{"@type":"ReadAction","target":["https:\/\/www.mexicanguitarplayers.com\/tienda\/sin categor\u00eda\/soporte-hercules-p-microfono-ms632b-plus\/"]}]},{"@type":"ImageObject","inLanguage":"en-US","@id":"https:\/\/www.mexicanguitarplayers.com\/tienda\/sin categor\u00eda\/soporte-hercules-p-microfono-ms632b-plus\/#primaryimage","url":"https:\/\/www.mexicanguitarplayers.com\/wp-content\/uploads\/2025\/04\/VAHERMS632BPLU.jpg","contentUrl":"https:\/\/www.mexicanguitarplayers.com\/wp-content\/uploads\/2025\/04\/VAHERMS632BPLU.jpg","width":800,"height":1600},{"@type":"BreadcrumbList","@id":"https:\/\/www.mexicanguitarplayers.com\/tienda\/sin categor\u00eda\/soporte-hercules-p-microfono-ms632b-plus\/#breadcrumb","itemListElement":[{"@type":"ListItem","position":1,"name":"Portada","item":"https:\/\/www.mexicanguitarplayers.com\/"},{"@type":"ListItem","position":2,"name":"Tienda","item":"https:\/\/www.mexicanguitarplayers.com\/tienda\/"},{"@type":"ListItem","position":3,"name":"SOPORTE HERCULES P\/MICROFONO MS632B PLUS"}]},{"@type":"WebSite","@id":"https:\/\/www.mexicanguitarplayers.com\/#website","url":"https:\/\/www.mexicanguitarplayers.com\/","name":"Mexican Guitar Players","description":"Website","publisher":{"@id":"https:\/\/www.mexicanguitarplayers.com\/#organization"},"potentialAction":[{"@type":"SearchAction","target":{"@type":"EntryPoint","urlTemplate":"https:\/\/www.mexicanguitarplayers.com\/?s={search_term_string}"},"query-input":{"@type":"PropertyValueSpecification","valueRequired":true,"valueName":"search_term_string"}}],"inLanguage":"en-US"},{"@type":"Organization","@id":"https:\/\/www.mexicanguitarplayers.com\/#organization","name":"Mexican Guitar Players","url":"https:\/\/www.mexicanguitarplayers.com\/","logo":{"@type":"ImageObject","inLanguage":"en-US","@id":"https:\/\/www.mexicanguitarplayers.com\/#\/schema\/logo\/image\/","url":"","contentUrl":"","caption":"Mexican Guitar Players"},"image":{"@id":"https:\/\/www.mexicanguitarplayers.com\/#\/schema\/logo\/image\/"}}]}},"brands":[{"id":587,"name":"HERCULES","slug":"hercules"}],"_links":{"self":[{"href":"https:\/\/www.mexicanguitarplayers.com\/en\/wp-json\/wp\/v2\/product\/24141","targetHints":{"allow":["GET"]}}],"collection":[{"href":"https:\/\/www.mexicanguitarplayers.com\/en\/wp-json\/wp\/v2\/product"}],"about":[{"href":"https:\/\/www.mexicanguitarplayers.com\/en\/wp-json\/wp\/v2\/types\/product"}],"replies":[{"embeddable":true,"href":"https:\/\/www.mexicanguitarplayers.com\/en\/wp-json\/wp\/v2\/comments?post=24141"}],"wp:featuredmedia":[{"embeddable":true,"href":"https:\/\/www.mexicanguitarplayers.com\/en\/wp-json\/wp\/v2\/media\/24140"}],"wp:attachment":[{"href":"https:\/\/www.mexicanguitarplayers.com\/en\/wp-json\/wp\/v2\/media?parent=24141"}],"wp:term":[{"taxonomy":"pwb-brand","embeddable":true,"href":"https:\/\/www.mexicanguitarplayers.com\/en\/wp-json\/wp\/v2\/pwb-brand?post=24141"},{"taxonomy":"product_brand","embeddable":true,"href":"https:\/\/www.mexicanguitarplayers.com\/en\/wp-json\/wp\/v2\/product_brand?post=24141"},{"taxonomy":"product_cat","embeddable":true,"href":"https:\/\/www.mexicanguitarplayers.com\/en\/wp-json\/wp\/v2\/product_cat?post=24141"},{"taxonomy":"product_tag","embeddable":true,"href":"https:\/\/www.mexicanguitarplayers.com\/en\/wp-json\/wp\/v2\/product_tag?post=24141"}],"curies":[{"name":"wp","href":"https:\/\/api.w.org\/{rel}","templated":true}]}}