{"id":24187,"date":"2025-04-06T13:48:46","date_gmt":"2025-04-06T19:48:46","guid":{"rendered":"https:\/\/www.mexicanguitarplayers.com\/tienda\/sin categor\u00eda\/combo-blackstar-p-guit-ht-metal-5\/"},"modified":"2026-05-01T07:30:08","modified_gmt":"2026-05-01T13:30:08","slug":"combo-blackstar-p-guit-ht-metal-5","status":"publish","type":"product","link":"https:\/\/www.mexicanguitarplayers.com\/en\/tienda\/cuerdas\/combos\/combos-para-guitarra\/combo-blackstar-p-guit-ht-metal-5\/","title":{"rendered":"COMBO BLACKSTAR P\/GUIT.HT-METAL-5"},"content":{"rendered":"<div style=\"text-align: justify\">\n<div>\n<h3>Un gigante tono de Metal.<\/h3>\n<\/div>\n<div>Basado en el galardonado HT-5, el HT METAL 5 ofrece una completa revisi\u00f3n sonora y cosm\u00e9tica, ofreciendo un amplificador de alta ganancia, espec\u00edficamente dise\u00f1ado para satisfacer las demandas de los guitarristas de metal de hoy en d\u00eda. Este amplificador cuenta con un control de tono dedicado en el canal limpio, un altavoz personalizado de 12\u201d pulgadas y reverb est\u00e9reo, lo que lo convierte en el amplificador de guitarra perfecto para estudio o para uso en casa.<\/div>\n<div>\n<h4>Quick look<\/h4>\n<\/div>\n<ul style=\"margin: 0px 0px 0px 25px\">\n<li style=\"list-style-type: circle;margin: 5px\">Kind.<\/li>\n<li style=\"list-style-type: circle;margin: 5px\">Characteristics.<\/li>\n<li style=\"list-style-type: circle;margin: 5px\">Bulbs<\/li>\n<li style=\"list-style-type: circle;margin: 5px\">Cosm\u00e9ticos de metal personalizados.<\/li>\n<li style=\"list-style-type: circle;margin: 5px\">Push-pull design at 5 watts.<\/li>\n<li style=\"list-style-type: circle;margin: 5px\">Altavoz de 12\u201d pulgadas.<\/li>\n<li style=\"list-style-type: circle;margin: 5px\">ISF control.<\/li>\n<li style=\"list-style-type: circle;margin: 5px\">Speaker emulation output.<\/li>\n<li style=\"list-style-type: circle;margin: 5px\">Digital reverb.<\/li>\n<li style=\"list-style-type: circle;margin: 5px\">Dos canales seleccionables.<\/li>\n<li style=\"list-style-type: circle;margin: 5px\">Tickets.<\/li>\n<li style=\"list-style-type: circle;margin: 5px\">Controls<\/li>\n<li style=\"list-style-type: circle;margin: 5px\">Dimensions.<\/li>\n<li style=\"list-style-type: circle;margin: 5px\">Weight.<\/li>\n<\/ul>\n<div>\n<div style=\"font-weight: bold\">Kind.<\/div>\n<div>\n<p>Combo de guitarra de 5 watts a bulbos.<\/p>\n<\/div>\n<div style=\"font-weight: bold\">Characteristics.<\/div>\n<div>\n<p>Especialmente dise\u00f1ado para guitarristas de metal. Ganancia y tono extremos. Controles de tono mejorados. Ideal para estudio o para uso en casa. Incluye pedal footswitch. Rejilla met\u00e1lica.<\/p>\n<\/div>\n<div style=\"font-weight: bold\">Bulbs<\/div>\n<div>\n<p>1 x ECC83 y 1 x 12BH7.<\/p>\n<\/div>\n<div style=\"font-weight: bold\">Cosm\u00e9ticos de metal personalizados.<\/div>\n<div>\n<p>La serie HT cuenta con dise\u00f1os cosm\u00e9ticos personalizados para guitarristas de metal. Todo el rango cuenta con perillas negras, panel met\u00e1lico, logo met\u00e1lico y en algunos modelos, con rejilla met\u00e1lica personalizada.<\/p>\n<\/div>\n<div style=\"font-weight: bold\">Push-pull design at 5 watts.<\/div>\n<div>\n<p>El amplificador HT-5 es un dise\u00f1o push-pull de baja potencia que produce las caracter\u00edsticas crunch y break-up de un tradicional de 100 watts de salida, pero con mucho menor volumen. Esto se logra mediante el uso de un bulbo tr\u00edodo dual 12BH7 en configuraci\u00f3n push-pull, produciendo 5 watts de salida, rico en arm\u00f3nicos de bulbo y compresi\u00f3n, con un sonido completo y tonal, incluso a bajos niveles de volumen.<\/p>\n<\/div>\n<div style=\"font-weight: bold\">Altavoz de 12\u201d pulgadas.<\/div>\n<div>\n<p>Los modelos HT-5C y HT-5R cuentan con un altavoz Blackstar de dise\u00f1o personalizado con 50 watts de potencia.<\/p>\n<\/div>\n<div style=\"font-weight: bold\">ISF control.<\/div>\n<div>\n<p>The ISF control works in conjunction with the tone controls. This control allows you to find the sound you are really looking for. Fully CCW gives you a tight and aggressive American sound, while fully CW gives you a characteristic British sound, more woody and less aggressive.<\/p>\n<\/div>\n<div style=\"font-weight: bold\">Speaker emulation output.<\/div>\n<div>\n<p>El dise\u00f1o de salida de emulaci\u00f3n de altavoz es un nuevo punto de referencia para la grabaci\u00f3n pro en directo. Este dise\u00f1o sin compromisos hace que sea sencillo obtener tu tono en discos o cintas. Puedes tambi\u00e9n usarlo para correr una l\u00ednea de salida a PA. Cuenta con voicing de 1&#215;12 o 4&#215;12.<\/p>\n<\/div>\n<div style=\"font-weight: bold\">Digital reverb.<\/div>\n<div>\n<p>The reverb control adjusts the level of the reverb effect. With the control fully to the left you will not have reverb, but turning the control clockwise will increase the amount of reverb.<\/p>\n<\/div>\n<div style=\"font-weight: bold\">Dos canales seleccionables.<\/div>\n<div>\n<p>The guitar amp has 2 channels available for selection, a Clean channel and an Overdrive channel. Using the Gain control while on the Clean channel will allow you to deliver everything from a clean sound to a crunch tone. Alternatively, you can select the Overdrive channel and again use the Gain control, switching from a clean sound to a distorted lead sound.<\/p>\n<\/div>\n<div style=\"font-weight: bold\">Tickets.<\/div>\n<div>\n<p>Entrada de instrumento y MP3\/Line.<\/p>\n<\/div>\n<div style=\"font-weight: bold\">Controls<\/div>\n<div>\n<p>Clean Volume, Clean Tone, Overdrive Select, Overdrive Gain, Overdrive Volume, Bass, Middle, Treble, ISF, Reverb.<\/p>\n<\/div>\n<div style=\"font-weight: bold\">Dimensions.<\/div>\n<div>\n<p>444 x 237 x 400 mm.<\/p>\n<\/div>\n<div style=\"font-weight: bold\">Weight.<\/div>\n<div>\n<p>14.1 kg.<\/p>\n<\/div>\n<\/div>\n<\/div>","protected":false},"excerpt":{"rendered":"<p>Combo de guitarra de 5 watts a bulbos, especialmente dise\u00f1ado para guitarristas de metal, ganancia y tono extremos, controles de tono mejorados, ideal para estudio o para uso en casa, incluye pedal footswitch, rejilla met\u00e1lica, bulbos: 1 x ECC83 y 1 x 12BH7, altavoz de 12\u201d pulgadas, control ISF (Infinite Shape Feature), salida de emulaci\u00f3n de altavoz, reverb digital, 2 canales seleccionables (Clean y Overdrive), dimensiones: 444 x 237 x 400 mm, peso: 14.1 kg.&hellip; <a class=\"kt-excerpt-readmore more-link\" href=\"https:\/\/www.mexicanguitarplayers.com\/en\/tienda\/cuerdas\/combos\/combos-para-guitarra\/combo-blackstar-p-guit-ht-metal-5\/\">Read more<\/a><\/p>","protected":false},"featured_media":24185,"comment_status":"open","ping_status":"closed","template":"","meta":{"kt_blocks_editor_width":""},"pwb-brand":[172],"product_brand":[],"product_cat":[236,237,224],"product_tag":[],"class_list":{"0":"post-24187","1":"product","2":"type-product","3":"status-publish","4":"has-post-thumbnail","6":"pwb-brand-blackstar","7":"product_cat-combos","8":"product_cat-combos-para-guitarra","9":"product_cat-cuerdas","10":"product_shipping_class-5-10-kg","12":"first","13":"instock","14":"taxable","15":"shipping-taxable","16":"purchasable","17":"product-type-simple"},"yoast_head":"<!-- This site is optimized with the Yoast SEO plugin v27.6 - https:\/\/yoast.com\/product\/yoast-seo-wordpress\/ -->\n<title>COMBO BLACKSTAR P\/GUIT.HT-METAL-5 - Mexican Guitar Players<\/title>\n<meta name=\"description\" content=\"Combo de guitarra de 5 watts a bulbos, especialmente dise\u00f1ado para guitarristas de metal, ganancia y tono extremos, controles de tono mejorados, ideal para estudio o para uso en casa, incluye pedal footswitch, rejilla met\u00e1lica, bulbos: 1 x ECC83 y 1 x 12BH7, altavoz de 12\u201d pulgadas, control ISF (Infinite Shape Feature), salida de emulaci\u00f3n de altavoz, reverb digital, 2 canales seleccionables (Clean y Overdrive), dimensiones: 444 x 237 x 400 mm, peso: 14.1 kg.\" \/>\n<meta name=\"robots\" content=\"index, follow, max-snippet:-1, max-image-preview:large, max-video-preview:-1\" \/>\n<link rel=\"canonical\" href=\"https:\/\/www.mexicanguitarplayers.com\/en\/tienda\/sin%20categor\u00eda\/combo-blackstar-p-guit-ht-metal-5\/\" \/>\n<meta property=\"og:locale\" content=\"en_US\" \/>\n<meta property=\"og:type\" content=\"article\" \/>\n<meta property=\"og:title\" content=\"COMBO BLACKSTAR P\/GUIT.HT-METAL-5 - Mexican Guitar Players\" \/>\n<meta property=\"og:description\" content=\"Combo de guitarra de 5 watts a bulbos, especialmente dise\u00f1ado para guitarristas de metal, ganancia y tono extremos, controles de tono mejorados, ideal para estudio o para uso en casa, incluye pedal footswitch, rejilla met\u00e1lica, bulbos: 1 x ECC83 y 1 x 12BH7, altavoz de 12\u201d pulgadas, control ISF (Infinite Shape Feature), salida de emulaci\u00f3n de altavoz, reverb digital, 2 canales seleccionables (Clean y Overdrive), dimensiones: 444 x 237 x 400 mm, peso: 14.1 kg.\" \/>\n<meta property=\"og:url\" content=\"https:\/\/www.mexicanguitarplayers.com\/en\/tienda\/sin categor\u00eda\/combo-blackstar-p-guit-ht-metal-5\/\" \/>\n<meta property=\"og:site_name\" content=\"Mexican Guitar Players\" \/>\n<meta property=\"article:modified_time\" content=\"2026-05-01T13:30:08+00:00\" \/>\n<meta name=\"twitter:card\" content=\"summary_large_image\" \/>\n<meta name=\"twitter:label1\" content=\"Est. reading time\" \/>\n\t<meta name=\"twitter:data1\" content=\"3 minutes\" \/>\n<script type=\"application\/ld+json\" class=\"yoast-schema-graph\">{\"@context\":\"https:\\\/\\\/schema.org\",\"@graph\":[{\"@type\":[\"WebPage\",\"ItemPage\"],\"@id\":\"https:\\\/\\\/www.mexicanguitarplayers.com\\\/tienda\\\/sin categor\u00eda\\\/combo-blackstar-p-guit-ht-metal-5\\\/\",\"url\":\"https:\\\/\\\/www.mexicanguitarplayers.com\\\/tienda\\\/sin categor\u00eda\\\/combo-blackstar-p-guit-ht-metal-5\\\/\",\"name\":\"COMBO BLACKSTAR P\\\/GUIT.HT-METAL-5 - Mexican Guitar Players\",\"isPartOf\":{\"@id\":\"https:\\\/\\\/www.mexicanguitarplayers.com\\\/#website\"},\"primaryImageOfPage\":{\"@id\":\"https:\\\/\\\/www.mexicanguitarplayers.com\\\/tienda\\\/sin categor\u00eda\\\/combo-blackstar-p-guit-ht-metal-5\\\/#primaryimage\"},\"image\":{\"@id\":\"https:\\\/\\\/www.mexicanguitarplayers.com\\\/tienda\\\/sin categor\u00eda\\\/combo-blackstar-p-guit-ht-metal-5\\\/#primaryimage\"},\"thumbnailUrl\":\"https:\\\/\\\/www.mexicanguitarplayers.com\\\/wp-content\\\/uploads\\\/2025\\\/04\\\/ICBLSHTMET5.jpg\",\"datePublished\":\"2025-04-06T19:48:46+00:00\",\"dateModified\":\"2026-05-01T13:30:08+00:00\",\"description\":\"Combo de guitarra de 5 watts a bulbos, especialmente dise\u00f1ado para guitarristas de metal, ganancia y tono extremos, controles de tono mejorados, ideal para estudio o para uso en casa, incluye pedal footswitch, rejilla met\u00e1lica, bulbos: 1 x ECC83 y 1 x 12BH7, altavoz de 12\u201d pulgadas, control ISF (Infinite Shape Feature), salida de emulaci\u00f3n de altavoz, reverb digital, 2 canales seleccionables (Clean y Overdrive), dimensiones: 444 x 237 x 400 mm, peso: 14.1 kg.\",\"breadcrumb\":{\"@id\":\"https:\\\/\\\/www.mexicanguitarplayers.com\\\/tienda\\\/sin categor\u00eda\\\/combo-blackstar-p-guit-ht-metal-5\\\/#breadcrumb\"},\"inLanguage\":\"en-US\",\"potentialAction\":[{\"@type\":\"ReadAction\",\"target\":[\"https:\\\/\\\/www.mexicanguitarplayers.com\\\/tienda\\\/sin categor\u00eda\\\/combo-blackstar-p-guit-ht-metal-5\\\/\"]}]},{\"@type\":\"ImageObject\",\"inLanguage\":\"en-US\",\"@id\":\"https:\\\/\\\/www.mexicanguitarplayers.com\\\/tienda\\\/sin categor\u00eda\\\/combo-blackstar-p-guit-ht-metal-5\\\/#primaryimage\",\"url\":\"https:\\\/\\\/www.mexicanguitarplayers.com\\\/wp-content\\\/uploads\\\/2025\\\/04\\\/ICBLSHTMET5.jpg\",\"contentUrl\":\"https:\\\/\\\/www.mexicanguitarplayers.com\\\/wp-content\\\/uploads\\\/2025\\\/04\\\/ICBLSHTMET5.jpg\",\"width\":1200,\"height\":1200},{\"@type\":\"BreadcrumbList\",\"@id\":\"https:\\\/\\\/www.mexicanguitarplayers.com\\\/tienda\\\/sin categor\u00eda\\\/combo-blackstar-p-guit-ht-metal-5\\\/#breadcrumb\",\"itemListElement\":[{\"@type\":\"ListItem\",\"position\":1,\"name\":\"Portada\",\"item\":\"https:\\\/\\\/www.mexicanguitarplayers.com\\\/\"},{\"@type\":\"ListItem\",\"position\":2,\"name\":\"Tienda\",\"item\":\"https:\\\/\\\/www.mexicanguitarplayers.com\\\/tienda\\\/\"},{\"@type\":\"ListItem\",\"position\":3,\"name\":\"COMBO BLACKSTAR P\\\/GUIT.HT-METAL-5\"}]},{\"@type\":\"WebSite\",\"@id\":\"https:\\\/\\\/www.mexicanguitarplayers.com\\\/#website\",\"url\":\"https:\\\/\\\/www.mexicanguitarplayers.com\\\/\",\"name\":\"Mexican Guitar Players\",\"description\":\"Website\",\"publisher\":{\"@id\":\"https:\\\/\\\/www.mexicanguitarplayers.com\\\/#organization\"},\"potentialAction\":[{\"@type\":\"SearchAction\",\"target\":{\"@type\":\"EntryPoint\",\"urlTemplate\":\"https:\\\/\\\/www.mexicanguitarplayers.com\\\/?s={search_term_string}\"},\"query-input\":{\"@type\":\"PropertyValueSpecification\",\"valueRequired\":true,\"valueName\":\"search_term_string\"}}],\"inLanguage\":\"en-US\"},{\"@type\":\"Organization\",\"@id\":\"https:\\\/\\\/www.mexicanguitarplayers.com\\\/#organization\",\"name\":\"Mexican Guitar Players\",\"url\":\"https:\\\/\\\/www.mexicanguitarplayers.com\\\/\",\"logo\":{\"@type\":\"ImageObject\",\"inLanguage\":\"en-US\",\"@id\":\"https:\\\/\\\/www.mexicanguitarplayers.com\\\/#\\\/schema\\\/logo\\\/image\\\/\",\"url\":\"\",\"contentUrl\":\"\",\"caption\":\"Mexican Guitar Players\"},\"image\":{\"@id\":\"https:\\\/\\\/www.mexicanguitarplayers.com\\\/#\\\/schema\\\/logo\\\/image\\\/\"}}]}<\/script>\n<!-- \/ Yoast SEO plugin. -->","yoast_head_json":{"title":"COMBO BLACKSTAR P\/GUIT.HT-METAL-5 - Mexican Guitar Players","description":"Combo de guitarra de 5 watts a bulbos, especialmente dise\u00f1ado para guitarristas de metal, ganancia y tono extremos, controles de tono mejorados, ideal para estudio o para uso en casa, incluye pedal footswitch, rejilla met\u00e1lica, bulbos: 1 x ECC83 y 1 x 12BH7, altavoz de 12\u201d pulgadas, control ISF (Infinite Shape Feature), salida de emulaci\u00f3n de altavoz, reverb digital, 2 canales seleccionables (Clean y Overdrive), dimensiones: 444 x 237 x 400 mm, peso: 14.1 kg.","robots":{"index":"index","follow":"follow","max-snippet":"max-snippet:-1","max-image-preview":"max-image-preview:large","max-video-preview":"max-video-preview:-1"},"canonical":"https:\/\/www.mexicanguitarplayers.com\/en\/tienda\/sin categor\u00eda\/combo-blackstar-p-guit-ht-metal-5\/","og_locale":"en_US","og_type":"article","og_title":"COMBO BLACKSTAR P\/GUIT.HT-METAL-5 - Mexican Guitar Players","og_description":"Combo de guitarra de 5 watts a bulbos, especialmente dise\u00f1ado para guitarristas de metal, ganancia y tono extremos, controles de tono mejorados, ideal para estudio o para uso en casa, incluye pedal footswitch, rejilla met\u00e1lica, bulbos: 1 x ECC83 y 1 x 12BH7, altavoz de 12\u201d pulgadas, control ISF (Infinite Shape Feature), salida de emulaci\u00f3n de altavoz, reverb digital, 2 canales seleccionables (Clean y Overdrive), dimensiones: 444 x 237 x 400 mm, peso: 14.1 kg.","og_url":"https:\/\/www.mexicanguitarplayers.com\/en\/tienda\/sin categor\u00eda\/combo-blackstar-p-guit-ht-metal-5\/","og_site_name":"Mexican Guitar Players","article_modified_time":"2026-05-01T13:30:08+00:00","twitter_card":"summary_large_image","twitter_misc":{"Est. reading time":"3 minutes"},"schema":{"@context":"https:\/\/schema.org","@graph":[{"@type":["WebPage","ItemPage"],"@id":"https:\/\/www.mexicanguitarplayers.com\/tienda\/sin categor\u00eda\/combo-blackstar-p-guit-ht-metal-5\/","url":"https:\/\/www.mexicanguitarplayers.com\/tienda\/sin categor\u00eda\/combo-blackstar-p-guit-ht-metal-5\/","name":"COMBO BLACKSTAR P\/GUIT.HT-METAL-5 - Mexican Guitar Players","isPartOf":{"@id":"https:\/\/www.mexicanguitarplayers.com\/#website"},"primaryImageOfPage":{"@id":"https:\/\/www.mexicanguitarplayers.com\/tienda\/sin categor\u00eda\/combo-blackstar-p-guit-ht-metal-5\/#primaryimage"},"image":{"@id":"https:\/\/www.mexicanguitarplayers.com\/tienda\/sin categor\u00eda\/combo-blackstar-p-guit-ht-metal-5\/#primaryimage"},"thumbnailUrl":"https:\/\/www.mexicanguitarplayers.com\/wp-content\/uploads\/2025\/04\/ICBLSHTMET5.jpg","datePublished":"2025-04-06T19:48:46+00:00","dateModified":"2026-05-01T13:30:08+00:00","description":"Combo de guitarra de 5 watts a bulbos, especialmente dise\u00f1ado para guitarristas de metal, ganancia y tono extremos, controles de tono mejorados, ideal para estudio o para uso en casa, incluye pedal footswitch, rejilla met\u00e1lica, bulbos: 1 x ECC83 y 1 x 12BH7, altavoz de 12\u201d pulgadas, control ISF (Infinite Shape Feature), salida de emulaci\u00f3n de altavoz, reverb digital, 2 canales seleccionables (Clean y Overdrive), dimensiones: 444 x 237 x 400 mm, peso: 14.1 kg.","breadcrumb":{"@id":"https:\/\/www.mexicanguitarplayers.com\/tienda\/sin categor\u00eda\/combo-blackstar-p-guit-ht-metal-5\/#breadcrumb"},"inLanguage":"en-US","potentialAction":[{"@type":"ReadAction","target":["https:\/\/www.mexicanguitarplayers.com\/tienda\/sin categor\u00eda\/combo-blackstar-p-guit-ht-metal-5\/"]}]},{"@type":"ImageObject","inLanguage":"en-US","@id":"https:\/\/www.mexicanguitarplayers.com\/tienda\/sin categor\u00eda\/combo-blackstar-p-guit-ht-metal-5\/#primaryimage","url":"https:\/\/www.mexicanguitarplayers.com\/wp-content\/uploads\/2025\/04\/ICBLSHTMET5.jpg","contentUrl":"https:\/\/www.mexicanguitarplayers.com\/wp-content\/uploads\/2025\/04\/ICBLSHTMET5.jpg","width":1200,"height":1200},{"@type":"BreadcrumbList","@id":"https:\/\/www.mexicanguitarplayers.com\/tienda\/sin categor\u00eda\/combo-blackstar-p-guit-ht-metal-5\/#breadcrumb","itemListElement":[{"@type":"ListItem","position":1,"name":"Portada","item":"https:\/\/www.mexicanguitarplayers.com\/"},{"@type":"ListItem","position":2,"name":"Tienda","item":"https:\/\/www.mexicanguitarplayers.com\/tienda\/"},{"@type":"ListItem","position":3,"name":"COMBO BLACKSTAR P\/GUIT.HT-METAL-5"}]},{"@type":"WebSite","@id":"https:\/\/www.mexicanguitarplayers.com\/#website","url":"https:\/\/www.mexicanguitarplayers.com\/","name":"Mexican Guitar Players","description":"Website","publisher":{"@id":"https:\/\/www.mexicanguitarplayers.com\/#organization"},"potentialAction":[{"@type":"SearchAction","target":{"@type":"EntryPoint","urlTemplate":"https:\/\/www.mexicanguitarplayers.com\/?s={search_term_string}"},"query-input":{"@type":"PropertyValueSpecification","valueRequired":true,"valueName":"search_term_string"}}],"inLanguage":"en-US"},{"@type":"Organization","@id":"https:\/\/www.mexicanguitarplayers.com\/#organization","name":"Mexican Guitar Players","url":"https:\/\/www.mexicanguitarplayers.com\/","logo":{"@type":"ImageObject","inLanguage":"en-US","@id":"https:\/\/www.mexicanguitarplayers.com\/#\/schema\/logo\/image\/","url":"","contentUrl":"","caption":"Mexican Guitar Players"},"image":{"@id":"https:\/\/www.mexicanguitarplayers.com\/#\/schema\/logo\/image\/"}}]}},"brands":[{"id":172,"name":"BLACKSTAR","slug":"blackstar"}],"_links":{"self":[{"href":"https:\/\/www.mexicanguitarplayers.com\/en\/wp-json\/wp\/v2\/product\/24187","targetHints":{"allow":["GET"]}}],"collection":[{"href":"https:\/\/www.mexicanguitarplayers.com\/en\/wp-json\/wp\/v2\/product"}],"about":[{"href":"https:\/\/www.mexicanguitarplayers.com\/en\/wp-json\/wp\/v2\/types\/product"}],"replies":[{"embeddable":true,"href":"https:\/\/www.mexicanguitarplayers.com\/en\/wp-json\/wp\/v2\/comments?post=24187"}],"wp:featuredmedia":[{"embeddable":true,"href":"https:\/\/www.mexicanguitarplayers.com\/en\/wp-json\/wp\/v2\/media\/24185"}],"wp:attachment":[{"href":"https:\/\/www.mexicanguitarplayers.com\/en\/wp-json\/wp\/v2\/media?parent=24187"}],"wp:term":[{"taxonomy":"pwb-brand","embeddable":true,"href":"https:\/\/www.mexicanguitarplayers.com\/en\/wp-json\/wp\/v2\/pwb-brand?post=24187"},{"taxonomy":"product_brand","embeddable":true,"href":"https:\/\/www.mexicanguitarplayers.com\/en\/wp-json\/wp\/v2\/product_brand?post=24187"},{"taxonomy":"product_cat","embeddable":true,"href":"https:\/\/www.mexicanguitarplayers.com\/en\/wp-json\/wp\/v2\/product_cat?post=24187"},{"taxonomy":"product_tag","embeddable":true,"href":"https:\/\/www.mexicanguitarplayers.com\/en\/wp-json\/wp\/v2\/product_tag?post=24187"}],"curies":[{"name":"wp","href":"https:\/\/api.w.org\/{rel}","templated":true}]}}