{"id":24216,"date":"2025-04-06T13:50:22","date_gmt":"2025-04-06T19:50:22","guid":{"rendered":"https:\/\/www.mexicanguitarplayers.com\/tienda\/sin categor\u00eda\/tambor-meinl-ibo-mod-id9-bk-wh\/"},"modified":"2026-03-17T13:14:57","modified_gmt":"2026-03-17T19:14:57","slug":"tambor-meinl-ibo-mod-id9-bk-wh","status":"publish","type":"product","link":"https:\/\/www.mexicanguitarplayers.com\/en\/tienda\/percusiones\/percusiones-mayores\/percusiones-del-mundo\/ibos\/tambor-meinl-ibo-mod-id9-bk-wh\/","title":{"rendered":"TAMBOR MEINL (IBO)     MOD. ID9 BK\/WH"},"content":{"rendered":"<div style=\"text-align: justify\">\n<div>\n<h3>El agua tambi\u00e9n es m\u00fasica.<\/h3>\n<\/div>\n<div>Una c\u00e1mara de metal sellada que contiene agua se une permanentemente al cuerpo de fibra de vidrio del instrumento Es f\u00e1cil y fascinante. Las fluctuaciones l\u00edquidas le dan nuevos sonidos a cada toque con las manos.  Tiene una c\u00e1mara sellada de metal que contiene agua, permanentemente unida al cuerpo de fibra de vidrio. La c\u00e1mara de l\u00edquido a\u00f1ade matices fluctuantes al tambor.<\/div>\n<div>\n<h4>Quick look<\/h4>\n<\/div>\n<ul style=\"margin: 0px 0px 0px 25px\">\n<li style=\"list-style-type: circle;margin: 5px\">Fondo especial lleno de agua.<\/li>\n<\/ul>\n<div>\n<div style=\"font-weight: bold\">Fondo especial lleno de agua.<\/div>\n<div>\n<p>Este instrumento contiene una c\u00e1mara interior llena de agua, lo que le da distintos toques y tonos.<\/p>\n<\/div>\n<\/div>\n<div>\n<h4>Characteristics<\/h4>\n<\/div>\n<div>\n<ul style=\"margin: 0px 0px 0px 25px\">\n<li style=\"list-style-type: circle;margin: 5px\">Agujero para micr\u00f3fono.<\/li>\n<li style=\"list-style-type: circle;margin: 5px\">Incluye: Base de espuma acolchada.<\/li>\n<li style=\"list-style-type: circle;margin: 5px\">Color: Blanco con negro.<\/li>\n<\/ul>\n<\/div>\n<\/div>","protected":false},"excerpt":{"rendered":"<p>Tambor Ibo Meinl. Modelo: ID9BK\/WH. Base especial. Fabricado con fibra de vidrio. Lleno de agua. Agujero para micr\u00f3fono. Color: Blanco con negro.&hellip; <a class=\"kt-excerpt-readmore more-link\" href=\"https:\/\/www.mexicanguitarplayers.com\/en\/tienda\/percusiones\/percusiones-mayores\/percusiones-del-mundo\/ibos\/tambor-meinl-ibo-mod-id9-bk-wh\/\">Read more<\/a><\/p>","protected":false},"featured_media":24215,"comment_status":"open","ping_status":"closed","template":"","meta":{"kt_blocks_editor_width":""},"pwb-brand":[290],"product_brand":[],"product_cat":[297,208,449,267],"product_tag":[],"class_list":{"0":"post-24216","1":"product","2":"type-product","3":"status-publish","4":"has-post-thumbnail","6":"pwb-brand-meinl","7":"product_cat-ibos","8":"product_cat-percusiones","9":"product_cat-percusiones-del-mundo-percusiones-menores","10":"product_cat-percusiones-mayores","11":"product_shipping_class-0-5-kg","13":"first","14":"instock","15":"taxable","16":"shipping-taxable","17":"purchasable","18":"product-type-simple"},"yoast_head":"<!-- This site is optimized with the Yoast SEO plugin v27.3 - https:\/\/yoast.com\/product\/yoast-seo-wordpress\/ -->\n<title>TAMBOR MEINL (IBO)   MOD. ID9 BK\/WH - Mexican Guitar Players<\/title>\n<meta name=\"description\" content=\"Tambor Ibo Meinl. Modelo: ID9BK\/WH. Base especial. Fabricado con fibra de vidrio. Lleno de agua. Agujero para micr\u00f3fono. Color: Blanco con negro.\" \/>\n<meta name=\"robots\" content=\"index, follow, max-snippet:-1, max-image-preview:large, max-video-preview:-1\" \/>\n<link rel=\"canonical\" href=\"https:\/\/www.mexicanguitarplayers.com\/en\/tienda\/sin%20categor\u00eda\/tambor-meinl-ibo-mod-id9-bk-wh\/\" \/>\n<meta property=\"og:locale\" content=\"en_US\" \/>\n<meta property=\"og:type\" content=\"article\" \/>\n<meta property=\"og:title\" content=\"TAMBOR MEINL (IBO)   MOD. ID9 BK\/WH - Mexican Guitar Players\" \/>\n<meta property=\"og:description\" content=\"Tambor Ibo Meinl. Modelo: ID9BK\/WH. Base especial. Fabricado con fibra de vidrio. Lleno de agua. Agujero para micr\u00f3fono. Color: Blanco con negro.\" \/>\n<meta property=\"og:url\" content=\"https:\/\/www.mexicanguitarplayers.com\/en\/tienda\/sin categor\u00eda\/tambor-meinl-ibo-mod-id9-bk-wh\/\" \/>\n<meta property=\"og:site_name\" content=\"Mexican Guitar Players\" \/>\n<meta property=\"article:modified_time\" content=\"2026-03-17T19:14:57+00:00\" \/>\n<meta name=\"twitter:card\" content=\"summary_large_image\" \/>\n<meta name=\"twitter:label1\" content=\"Est. reading time\" \/>\n\t<meta name=\"twitter:data1\" content=\"1 minute\" \/>\n<script type=\"application\/ld+json\" class=\"yoast-schema-graph\">{\"@context\":\"https:\\\/\\\/schema.org\",\"@graph\":[{\"@type\":[\"WebPage\",\"ItemPage\"],\"@id\":\"https:\\\/\\\/www.mexicanguitarplayers.com\\\/tienda\\\/sin categor\u00eda\\\/tambor-meinl-ibo-mod-id9-bk-wh\\\/\",\"url\":\"https:\\\/\\\/www.mexicanguitarplayers.com\\\/tienda\\\/sin categor\u00eda\\\/tambor-meinl-ibo-mod-id9-bk-wh\\\/\",\"name\":\"TAMBOR MEINL (IBO) MOD. ID9 BK\\\/WH - Mexican Guitar Players\",\"isPartOf\":{\"@id\":\"https:\\\/\\\/www.mexicanguitarplayers.com\\\/#website\"},\"primaryImageOfPage\":{\"@id\":\"https:\\\/\\\/www.mexicanguitarplayers.com\\\/tienda\\\/sin categor\u00eda\\\/tambor-meinl-ibo-mod-id9-bk-wh\\\/#primaryimage\"},\"image\":{\"@id\":\"https:\\\/\\\/www.mexicanguitarplayers.com\\\/tienda\\\/sin categor\u00eda\\\/tambor-meinl-ibo-mod-id9-bk-wh\\\/#primaryimage\"},\"thumbnailUrl\":\"https:\\\/\\\/www.mexicanguitarplayers.com\\\/wp-content\\\/uploads\\\/2025\\\/04\\\/IPMEIID9BKWH.jpg\",\"datePublished\":\"2025-04-06T19:50:22+00:00\",\"dateModified\":\"2026-03-17T19:14:57+00:00\",\"description\":\"Tambor Ibo Meinl. Modelo: ID9BK\\\/WH. Base especial. Fabricado con fibra de vidrio. Lleno de agua. Agujero para micr\u00f3fono. Color: Blanco con negro.\",\"breadcrumb\":{\"@id\":\"https:\\\/\\\/www.mexicanguitarplayers.com\\\/tienda\\\/sin categor\u00eda\\\/tambor-meinl-ibo-mod-id9-bk-wh\\\/#breadcrumb\"},\"inLanguage\":\"en-US\",\"potentialAction\":[{\"@type\":\"ReadAction\",\"target\":[\"https:\\\/\\\/www.mexicanguitarplayers.com\\\/tienda\\\/sin categor\u00eda\\\/tambor-meinl-ibo-mod-id9-bk-wh\\\/\"]}]},{\"@type\":\"ImageObject\",\"inLanguage\":\"en-US\",\"@id\":\"https:\\\/\\\/www.mexicanguitarplayers.com\\\/tienda\\\/sin categor\u00eda\\\/tambor-meinl-ibo-mod-id9-bk-wh\\\/#primaryimage\",\"url\":\"https:\\\/\\\/www.mexicanguitarplayers.com\\\/wp-content\\\/uploads\\\/2025\\\/04\\\/IPMEIID9BKWH.jpg\",\"contentUrl\":\"https:\\\/\\\/www.mexicanguitarplayers.com\\\/wp-content\\\/uploads\\\/2025\\\/04\\\/IPMEIID9BKWH.jpg\",\"width\":1200,\"height\":1200},{\"@type\":\"BreadcrumbList\",\"@id\":\"https:\\\/\\\/www.mexicanguitarplayers.com\\\/tienda\\\/sin categor\u00eda\\\/tambor-meinl-ibo-mod-id9-bk-wh\\\/#breadcrumb\",\"itemListElement\":[{\"@type\":\"ListItem\",\"position\":1,\"name\":\"Portada\",\"item\":\"https:\\\/\\\/www.mexicanguitarplayers.com\\\/\"},{\"@type\":\"ListItem\",\"position\":2,\"name\":\"Tienda\",\"item\":\"https:\\\/\\\/www.mexicanguitarplayers.com\\\/tienda\\\/\"},{\"@type\":\"ListItem\",\"position\":3,\"name\":\"TAMBOR MEINL (IBO) MOD. ID9 BK\\\/WH\"}]},{\"@type\":\"WebSite\",\"@id\":\"https:\\\/\\\/www.mexicanguitarplayers.com\\\/#website\",\"url\":\"https:\\\/\\\/www.mexicanguitarplayers.com\\\/\",\"name\":\"Mexican Guitar Players\",\"description\":\"Website\",\"publisher\":{\"@id\":\"https:\\\/\\\/www.mexicanguitarplayers.com\\\/#organization\"},\"potentialAction\":[{\"@type\":\"SearchAction\",\"target\":{\"@type\":\"EntryPoint\",\"urlTemplate\":\"https:\\\/\\\/www.mexicanguitarplayers.com\\\/?s={search_term_string}\"},\"query-input\":{\"@type\":\"PropertyValueSpecification\",\"valueRequired\":true,\"valueName\":\"search_term_string\"}}],\"inLanguage\":\"en-US\"},{\"@type\":\"Organization\",\"@id\":\"https:\\\/\\\/www.mexicanguitarplayers.com\\\/#organization\",\"name\":\"Mexican Guitar Players\",\"url\":\"https:\\\/\\\/www.mexicanguitarplayers.com\\\/\",\"logo\":{\"@type\":\"ImageObject\",\"inLanguage\":\"en-US\",\"@id\":\"https:\\\/\\\/www.mexicanguitarplayers.com\\\/#\\\/schema\\\/logo\\\/image\\\/\",\"url\":\"\",\"contentUrl\":\"\",\"caption\":\"Mexican Guitar Players\"},\"image\":{\"@id\":\"https:\\\/\\\/www.mexicanguitarplayers.com\\\/#\\\/schema\\\/logo\\\/image\\\/\"}}]}<\/script>\n<!-- \/ Yoast SEO plugin. -->","yoast_head_json":{"title":"TAMBOR MEINL (IBO)   MOD. ID9 BK\/WH - Mexican Guitar Players","description":"Tambor Ibo Meinl. Modelo: ID9BK\/WH. Base especial. Fabricado con fibra de vidrio. Lleno de agua. Agujero para micr\u00f3fono. Color: Blanco con negro.","robots":{"index":"index","follow":"follow","max-snippet":"max-snippet:-1","max-image-preview":"max-image-preview:large","max-video-preview":"max-video-preview:-1"},"canonical":"https:\/\/www.mexicanguitarplayers.com\/en\/tienda\/sin categor\u00eda\/tambor-meinl-ibo-mod-id9-bk-wh\/","og_locale":"en_US","og_type":"article","og_title":"TAMBOR MEINL (IBO)   MOD. ID9 BK\/WH - Mexican Guitar Players","og_description":"Tambor Ibo Meinl. Modelo: ID9BK\/WH. Base especial. Fabricado con fibra de vidrio. Lleno de agua. Agujero para micr\u00f3fono. Color: Blanco con negro.","og_url":"https:\/\/www.mexicanguitarplayers.com\/en\/tienda\/sin categor\u00eda\/tambor-meinl-ibo-mod-id9-bk-wh\/","og_site_name":"Mexican Guitar Players","article_modified_time":"2026-03-17T19:14:57+00:00","twitter_card":"summary_large_image","twitter_misc":{"Est. reading time":"1 minute"},"schema":{"@context":"https:\/\/schema.org","@graph":[{"@type":["WebPage","ItemPage"],"@id":"https:\/\/www.mexicanguitarplayers.com\/tienda\/sin categor\u00eda\/tambor-meinl-ibo-mod-id9-bk-wh\/","url":"https:\/\/www.mexicanguitarplayers.com\/tienda\/sin categor\u00eda\/tambor-meinl-ibo-mod-id9-bk-wh\/","name":"TAMBOR MEINL (IBO) MOD. ID9 BK\/WH - Mexican Guitar Players","isPartOf":{"@id":"https:\/\/www.mexicanguitarplayers.com\/#website"},"primaryImageOfPage":{"@id":"https:\/\/www.mexicanguitarplayers.com\/tienda\/sin categor\u00eda\/tambor-meinl-ibo-mod-id9-bk-wh\/#primaryimage"},"image":{"@id":"https:\/\/www.mexicanguitarplayers.com\/tienda\/sin categor\u00eda\/tambor-meinl-ibo-mod-id9-bk-wh\/#primaryimage"},"thumbnailUrl":"https:\/\/www.mexicanguitarplayers.com\/wp-content\/uploads\/2025\/04\/IPMEIID9BKWH.jpg","datePublished":"2025-04-06T19:50:22+00:00","dateModified":"2026-03-17T19:14:57+00:00","description":"Tambor Ibo Meinl. Modelo: ID9BK\/WH. Base especial. Fabricado con fibra de vidrio. Lleno de agua. Agujero para micr\u00f3fono. Color: Blanco con negro.","breadcrumb":{"@id":"https:\/\/www.mexicanguitarplayers.com\/tienda\/sin categor\u00eda\/tambor-meinl-ibo-mod-id9-bk-wh\/#breadcrumb"},"inLanguage":"en-US","potentialAction":[{"@type":"ReadAction","target":["https:\/\/www.mexicanguitarplayers.com\/tienda\/sin categor\u00eda\/tambor-meinl-ibo-mod-id9-bk-wh\/"]}]},{"@type":"ImageObject","inLanguage":"en-US","@id":"https:\/\/www.mexicanguitarplayers.com\/tienda\/sin categor\u00eda\/tambor-meinl-ibo-mod-id9-bk-wh\/#primaryimage","url":"https:\/\/www.mexicanguitarplayers.com\/wp-content\/uploads\/2025\/04\/IPMEIID9BKWH.jpg","contentUrl":"https:\/\/www.mexicanguitarplayers.com\/wp-content\/uploads\/2025\/04\/IPMEIID9BKWH.jpg","width":1200,"height":1200},{"@type":"BreadcrumbList","@id":"https:\/\/www.mexicanguitarplayers.com\/tienda\/sin categor\u00eda\/tambor-meinl-ibo-mod-id9-bk-wh\/#breadcrumb","itemListElement":[{"@type":"ListItem","position":1,"name":"Portada","item":"https:\/\/www.mexicanguitarplayers.com\/"},{"@type":"ListItem","position":2,"name":"Tienda","item":"https:\/\/www.mexicanguitarplayers.com\/tienda\/"},{"@type":"ListItem","position":3,"name":"TAMBOR MEINL (IBO) MOD. ID9 BK\/WH"}]},{"@type":"WebSite","@id":"https:\/\/www.mexicanguitarplayers.com\/#website","url":"https:\/\/www.mexicanguitarplayers.com\/","name":"Mexican Guitar Players","description":"Website","publisher":{"@id":"https:\/\/www.mexicanguitarplayers.com\/#organization"},"potentialAction":[{"@type":"SearchAction","target":{"@type":"EntryPoint","urlTemplate":"https:\/\/www.mexicanguitarplayers.com\/?s={search_term_string}"},"query-input":{"@type":"PropertyValueSpecification","valueRequired":true,"valueName":"search_term_string"}}],"inLanguage":"en-US"},{"@type":"Organization","@id":"https:\/\/www.mexicanguitarplayers.com\/#organization","name":"Mexican Guitar Players","url":"https:\/\/www.mexicanguitarplayers.com\/","logo":{"@type":"ImageObject","inLanguage":"en-US","@id":"https:\/\/www.mexicanguitarplayers.com\/#\/schema\/logo\/image\/","url":"","contentUrl":"","caption":"Mexican Guitar Players"},"image":{"@id":"https:\/\/www.mexicanguitarplayers.com\/#\/schema\/logo\/image\/"}}]}},"brands":[{"id":290,"name":"MEINL","slug":"meinl"}],"_links":{"self":[{"href":"https:\/\/www.mexicanguitarplayers.com\/en\/wp-json\/wp\/v2\/product\/24216","targetHints":{"allow":["GET"]}}],"collection":[{"href":"https:\/\/www.mexicanguitarplayers.com\/en\/wp-json\/wp\/v2\/product"}],"about":[{"href":"https:\/\/www.mexicanguitarplayers.com\/en\/wp-json\/wp\/v2\/types\/product"}],"replies":[{"embeddable":true,"href":"https:\/\/www.mexicanguitarplayers.com\/en\/wp-json\/wp\/v2\/comments?post=24216"}],"wp:featuredmedia":[{"embeddable":true,"href":"https:\/\/www.mexicanguitarplayers.com\/en\/wp-json\/wp\/v2\/media\/24215"}],"wp:attachment":[{"href":"https:\/\/www.mexicanguitarplayers.com\/en\/wp-json\/wp\/v2\/media?parent=24216"}],"wp:term":[{"taxonomy":"pwb-brand","embeddable":true,"href":"https:\/\/www.mexicanguitarplayers.com\/en\/wp-json\/wp\/v2\/pwb-brand?post=24216"},{"taxonomy":"product_brand","embeddable":true,"href":"https:\/\/www.mexicanguitarplayers.com\/en\/wp-json\/wp\/v2\/product_brand?post=24216"},{"taxonomy":"product_cat","embeddable":true,"href":"https:\/\/www.mexicanguitarplayers.com\/en\/wp-json\/wp\/v2\/product_cat?post=24216"},{"taxonomy":"product_tag","embeddable":true,"href":"https:\/\/www.mexicanguitarplayers.com\/en\/wp-json\/wp\/v2\/product_tag?post=24216"}],"curies":[{"name":"wp","href":"https:\/\/api.w.org\/{rel}","templated":true}]}}