{"id":24218,"date":"2025-04-06T13:50:29","date_gmt":"2025-04-06T19:50:29","guid":{"rendered":"https:\/\/www.mexicanguitarplayers.com\/tienda\/sin categor\u00eda\/pedal-source-audio-l-a-lady-overdrive\/"},"modified":"2026-04-10T04:47:42","modified_gmt":"2026-04-10T10:47:42","slug":"pedal-source-audio-l-a-lady-overdrive","status":"publish","type":"product","link":"https:\/\/www.mexicanguitarplayers.com\/en\/tienda\/cuerdas\/efectos\/efectos-individuales\/pedal-source-audio-l-a-lady-overdrive\/","title":{"rendered":"PEDAL SOURCE AUDIO L.A. LADY OVERDRIVE"},"content":{"rendered":"<div style=\"text-align: justify\">\n<div>\n<h3>Un overdrive como ning\u00fan otro.<\/h3>\n<\/div>\n<div>El L.A. Lady Overdrive es un pedal de efectos compacto en tama\u00f1o pero dentro de \u00e9l viven los sonidos arquet\u00edpicos de los a\u00f1os 50 de la tecnolog\u00eda overdrive y fuzz. Fuera de su caja, el L.A. Lady cuenta con tres distintos motores de drive con abundancia de calidez y potente crunch pero conectando el L.A. Lady a la aplicaci\u00f3n Neuro Mobile (una descarga gratuita para iOS y Android) podr\u00e1s acceder a una gran colecci\u00f3n de tonos overdrive, fuzz y distorsiones adicionales con capacidades de ecualizaci\u00f3n param\u00e9trica, opciones de enrutamiento est\u00e9reo y funcionalidad de apilamiento interno. El L.A. Lady es la culminaci\u00f3n de 8 a\u00f1os de estudio de los cl\u00e1sicos sonidos overdrive combinados con alta y sofisticada tecnolog\u00eda, es un pedal de overdrive de alcance y tono incomparable. Al conectarse al L.A. Lady, los guitarristas encontrar\u00e1s tres incre\u00edbles sonidos overdrive, el motor Classic entrega sin concesiones el tan buscado sonido \u201cMarshall dentro de una caja\u201d con todo, desde sonidos r\u00edtmicos gordos y sutiles hasta ensordecedores leads. El motor Smooth proporciona el suavizado golpe y la protuberancia intermedio del sonido contempor\u00e1neo del blues texano y el Crunch es la versi\u00f3n propia de Source Audio de un saturado amplificador de bulbos, que ofrece c\u00e1lidos tonos de baja ganancia y gruesos con niveles drive adicionales que se extienden mucho m\u00e1s all\u00e1 de la mayor\u00eda de los preamplificadores. Por s\u00ed s\u00f3lo, el L.A. Lady ofrece un rango tonal excepcional, pero profundiza un poco m\u00e1s y descubre el poder oculto y la flexibilidad de esta caja dorada. Cada pedal de la serie One es compatible con la aplicaci\u00f3n Neuro Mobile (una descarga gratuita para iOS y Android). Enlaza el L.A. Lady con la Neuro App y accede a todas sus capacidades extendidas de ecualizaci\u00f3n, as\u00ed como a la biblioteca gratuita de Source Audio con m\u00e1s de 40 algoritmos de overdrive, fuzz y distorsi\u00f3n. Cada algoritmo puede descargarse directamente al pedal. Adem\u00e1s, cada pedal de esta serie es totalmente compatible con MIDI cuando est\u00e1 acoplado con el Neuro Hub (antes Soundblox Hub), d\u00e1ndote el poder de guardar hasta 128 preajustes diferentes. Finalmente, las entradas y salidas est\u00e9reo del L.A. Lady, adem\u00e1s de sus circuitos de doble acci\u00f3n, permiten lanzar una gama potencialmente diversa de posibilidades tonales. Con la ayuda de la aplicaci\u00f3n Neuro, los guitarristas pueden apilar cualquier combinaci\u00f3n de motores de unidad en serie o en paralelo, as\u00ed como dividir la se\u00f1al y enviar un motor de unidad de disco a cada una de las salidas del pedal.<\/div>\n<div>\n<h4>Quick look<\/h4>\n<\/div>\n<ul style=\"margin: 0px 0px 0px 25px\">\n<li style=\"list-style-type: circle;margin: 5px\">Motores.<\/li>\n<li style=\"list-style-type: circle;margin: 5px\">3 preajustes.<\/li>\n<li style=\"list-style-type: circle;margin: 5px\">Jacks de entrada y salida est\u00e9reo.<\/li>\n<li style=\"list-style-type: circle;margin: 5px\">Motores drive apilables.<\/li>\n<li style=\"list-style-type: circle;margin: 5px\">Bypass universal.<\/li>\n<li style=\"list-style-type: circle;margin: 5px\">Control externo.<\/li>\n<li style=\"list-style-type: circle;margin: 5px\">Accessories included.<\/li>\n<li style=\"list-style-type: circle;margin: 5px\">Energy consumption.<\/li>\n<li style=\"list-style-type: circle;margin: 5px\">USB port.<\/li>\n<li style=\"list-style-type: circle;margin: 5px\">Case.<\/li>\n<li style=\"list-style-type: circle;margin: 5px\">Dimensions.<\/li>\n<\/ul>\n<div>\n<div style=\"font-weight: bold\">Motores.<\/div>\n<div>\n<p>3 distintos motores de overdrive.<\/p>\n<\/div>\n<div style=\"font-weight: bold\">3 preajustes.<\/div>\n<div>\n<p>Usa el modo Preset para guardar un preajuste diferente en cada una de las tres posiciones del switch. Cuando el pedal est\u00e1 activado, todos los par\u00e1metros saltan instant\u00e1neamente al valor guardado, independientemente de las posiciones de las perillas.<\/p>\n<\/div>\n<div style=\"font-weight: bold\">Jacks de entrada y salida est\u00e9reo.<\/div>\n<div>\n<p>Distorsiona las se\u00f1ales est\u00e9reo, divide una se\u00f1al mono en salidas dobles o utiliza la entrada y salida adicionales como un loop de efectos externo.<\/p>\n<\/div>\n<div style=\"font-weight: bold\">Motores drive apilables.<\/div>\n<div>\n<p>Los motores duales y las entradas y salidas est\u00e9reo permiten (a trav\u00e9s de la aplicaci\u00f3n Neuro) apilar cualquier combinaci\u00f3n de motores de drive tanto en serie como en paralelo, as\u00ed como dividir la se\u00f1al y enviar un motor de drive independiente a cada una de las salidas del pedal.<\/p>\n<\/div>\n<div style=\"font-weight: bold\">Bypass universal.<\/div>\n<div>\n<p>Selecciona entre b\u00fafer anal\u00f3gico y true bypass basado en rel\u00e9.<\/p>\n<\/div>\n<div style=\"font-weight: bold\">Control externo.<\/div>\n<div>\n<p>Compatible con los pedales de expresi\u00f3n de Source Audio, el switch Tap Tempo (que tambi\u00e9n act\u00faa como un mecanismo externo de conmutaci\u00f3n) y el Hot Hand 3.<\/p>\n<\/div>\n<div style=\"font-weight: bold\">Accessories included.<\/div>\n<div>\n<p>Fuente de alimentaci\u00f3n de 9V DC (300 mA \/ centro negativo). Cable de 21\/8&#8243; a 1\/4&#8243; para conexi\u00f3n a aplicaci\u00f3n Neuro App.<\/p>\n<\/div>\n<div style=\"font-weight: bold\">Energy consumption.<\/div>\n<div>\n<p>150 mA.<\/p>\n<\/div>\n<div style=\"font-weight: bold\">USB port.<\/div>\n<div>\n<p>Conecta a tu Mac o PC para actualizaciones de firmware.<\/p>\n<\/div>\n<div style=\"font-weight: bold\">Case.<\/div>\n<div>\n<p>Carcasa de aluminio anodizado cepillado.<\/p>\n<\/div>\n<div style=\"font-weight: bold\">Dimensions.<\/div>\n<div>\n<p>114.3 x 69.8 x 50.8 mm (incluyendo perillas).<\/p>\n<\/div>\n<\/div>\n<\/div>","protected":false},"excerpt":{"rendered":"<p>Pedal overdrive para guitarra, sonidos arquet\u00edpicos de los a\u00f1os 50 de la tecnolog\u00eda overdrive y fuzz, tres distintos motores de drive con abundancia de calidez y potente crunch, tres incre\u00edbles sonidos overdrive: motor Classic (el tan buscado sonido \u201cMarshall en una caja\u201d), motor Smooth (suavizado golpe y protuberancia intermedia del sonido contempor\u00e1neo del blues texano) y Crunch (versi\u00f3n propia de Source Audio de un saturado amplificador de bulbos), bypass universal (selecciona entre b\u00fafer anal\u00f3gico y true bypass basado en rel\u00e9), carcasa de aluminio, dimensiones: 114.3 x 69.8 x 50.8 mm (incluyendo perillas).&hellip; <a class=\"kt-excerpt-readmore more-link\" href=\"https:\/\/www.mexicanguitarplayers.com\/en\/tienda\/cuerdas\/efectos\/efectos-individuales\/pedal-source-audio-l-a-lady-overdrive\/\">Read more<\/a><\/p>","protected":false},"featured_media":24217,"comment_status":"open","ping_status":"closed","template":"","meta":{"kt_blocks_editor_width":""},"pwb-brand":[608],"product_brand":[],"product_cat":[224,241,504],"product_tag":[],"class_list":{"0":"post-24218","1":"product","2":"type-product","3":"status-publish","4":"has-post-thumbnail","6":"pwb-brand-source-audio","7":"product_cat-cuerdas","8":"product_cat-efectos","9":"product_cat-efectos-individuales","10":"product_shipping_class-0-5-kg","12":"first","13":"outofstock","14":"taxable","15":"shipping-taxable","16":"purchasable","17":"product-type-simple"},"yoast_head":"<!-- This site is optimized with the Yoast SEO plugin v27.5 - https:\/\/yoast.com\/product\/yoast-seo-wordpress\/ -->\n<title>PEDAL SOURCE AUDIO L.A. LADY OVERDRIVE - Mexican Guitar Players<\/title>\n<meta name=\"description\" content=\"Pedal overdrive para guitarra, sonidos arquet\u00edpicos de los a\u00f1os 50 de la tecnolog\u00eda overdrive y fuzz, tres distintos motores de drive con abundancia de calidez y potente crunch, tres incre\u00edbles sonidos overdrive: motor Classic (el tan buscado sonido \u201cMarshall en una caja\u201d), motor Smooth (suavizado golpe y protuberancia intermedia del sonido contempor\u00e1neo del blues texano) y Crunch (versi\u00f3n propia de Source Audio de un saturado amplificador de bulbos), bypass universal (selecciona entre b\u00fafer anal\u00f3gico y true bypass basado en rel\u00e9), carcasa de aluminio, dimensiones: 114.3 x 69.8 x 50.8 mm (incluyendo perillas).\" \/>\n<meta name=\"robots\" content=\"index, follow, max-snippet:-1, max-image-preview:large, max-video-preview:-1\" \/>\n<link rel=\"canonical\" href=\"https:\/\/www.mexicanguitarplayers.com\/en\/tienda\/sin%20categor\u00eda\/pedal-source-audio-l-a-lady-overdrive\/\" \/>\n<meta property=\"og:locale\" content=\"en_US\" \/>\n<meta property=\"og:type\" content=\"article\" \/>\n<meta property=\"og:title\" content=\"PEDAL SOURCE AUDIO L.A. LADY OVERDRIVE - Mexican Guitar Players\" \/>\n<meta property=\"og:description\" content=\"Pedal overdrive para guitarra, sonidos arquet\u00edpicos de los a\u00f1os 50 de la tecnolog\u00eda overdrive y fuzz, tres distintos motores de drive con abundancia de calidez y potente crunch, tres incre\u00edbles sonidos overdrive: motor Classic (el tan buscado sonido \u201cMarshall en una caja\u201d), motor Smooth (suavizado golpe y protuberancia intermedia del sonido contempor\u00e1neo del blues texano) y Crunch (versi\u00f3n propia de Source Audio de un saturado amplificador de bulbos), bypass universal (selecciona entre b\u00fafer anal\u00f3gico y true bypass basado en rel\u00e9), carcasa de aluminio, dimensiones: 114.3 x 69.8 x 50.8 mm (incluyendo perillas).\" \/>\n<meta property=\"og:url\" content=\"https:\/\/www.mexicanguitarplayers.com\/en\/tienda\/sin categor\u00eda\/pedal-source-audio-l-a-lady-overdrive\/\" \/>\n<meta property=\"og:site_name\" content=\"Mexican Guitar Players\" \/>\n<meta property=\"article:modified_time\" content=\"2026-04-10T10:47:42+00:00\" \/>\n<meta name=\"twitter:card\" content=\"summary_large_image\" \/>\n<meta name=\"twitter:label1\" content=\"Est. reading time\" \/>\n\t<meta name=\"twitter:data1\" content=\"4 minutes\" \/>\n<script type=\"application\/ld+json\" class=\"yoast-schema-graph\">{\"@context\":\"https:\\\/\\\/schema.org\",\"@graph\":[{\"@type\":[\"WebPage\",\"ItemPage\"],\"@id\":\"https:\\\/\\\/www.mexicanguitarplayers.com\\\/tienda\\\/sin categor\u00eda\\\/pedal-source-audio-l-a-lady-overdrive\\\/\",\"url\":\"https:\\\/\\\/www.mexicanguitarplayers.com\\\/tienda\\\/sin categor\u00eda\\\/pedal-source-audio-l-a-lady-overdrive\\\/\",\"name\":\"PEDAL SOURCE AUDIO L.A. LADY OVERDRIVE - Mexican Guitar Players\",\"isPartOf\":{\"@id\":\"https:\\\/\\\/www.mexicanguitarplayers.com\\\/#website\"},\"primaryImageOfPage\":{\"@id\":\"https:\\\/\\\/www.mexicanguitarplayers.com\\\/tienda\\\/sin categor\u00eda\\\/pedal-source-audio-l-a-lady-overdrive\\\/#primaryimage\"},\"image\":{\"@id\":\"https:\\\/\\\/www.mexicanguitarplayers.com\\\/tienda\\\/sin categor\u00eda\\\/pedal-source-audio-l-a-lady-overdrive\\\/#primaryimage\"},\"thumbnailUrl\":\"https:\\\/\\\/www.mexicanguitarplayers.com\\\/wp-content\\\/uploads\\\/2025\\\/04\\\/VASIOSA244.jpg\",\"datePublished\":\"2025-04-06T19:50:29+00:00\",\"dateModified\":\"2026-04-10T10:47:42+00:00\",\"description\":\"Pedal overdrive para guitarra, sonidos arquet\u00edpicos de los a\u00f1os 50 de la tecnolog\u00eda overdrive y fuzz, tres distintos motores de drive con abundancia de calidez y potente crunch, tres incre\u00edbles sonidos overdrive: motor Classic (el tan buscado sonido \u201cMarshall en una caja\u201d), motor Smooth (suavizado golpe y protuberancia intermedia del sonido contempor\u00e1neo del blues texano) y Crunch (versi\u00f3n propia de Source Audio de un saturado amplificador de bulbos), bypass universal (selecciona entre b\u00fafer anal\u00f3gico y true bypass basado en rel\u00e9), carcasa de aluminio, dimensiones: 114.3 x 69.8 x 50.8 mm (incluyendo perillas).\",\"breadcrumb\":{\"@id\":\"https:\\\/\\\/www.mexicanguitarplayers.com\\\/tienda\\\/sin categor\u00eda\\\/pedal-source-audio-l-a-lady-overdrive\\\/#breadcrumb\"},\"inLanguage\":\"en-US\",\"potentialAction\":[{\"@type\":\"ReadAction\",\"target\":[\"https:\\\/\\\/www.mexicanguitarplayers.com\\\/tienda\\\/sin categor\u00eda\\\/pedal-source-audio-l-a-lady-overdrive\\\/\"]}]},{\"@type\":\"ImageObject\",\"inLanguage\":\"en-US\",\"@id\":\"https:\\\/\\\/www.mexicanguitarplayers.com\\\/tienda\\\/sin categor\u00eda\\\/pedal-source-audio-l-a-lady-overdrive\\\/#primaryimage\",\"url\":\"https:\\\/\\\/www.mexicanguitarplayers.com\\\/wp-content\\\/uploads\\\/2025\\\/04\\\/VASIOSA244.jpg\",\"contentUrl\":\"https:\\\/\\\/www.mexicanguitarplayers.com\\\/wp-content\\\/uploads\\\/2025\\\/04\\\/VASIOSA244.jpg\",\"width\":800,\"height\":1600},{\"@type\":\"BreadcrumbList\",\"@id\":\"https:\\\/\\\/www.mexicanguitarplayers.com\\\/tienda\\\/sin categor\u00eda\\\/pedal-source-audio-l-a-lady-overdrive\\\/#breadcrumb\",\"itemListElement\":[{\"@type\":\"ListItem\",\"position\":1,\"name\":\"Portada\",\"item\":\"https:\\\/\\\/www.mexicanguitarplayers.com\\\/\"},{\"@type\":\"ListItem\",\"position\":2,\"name\":\"Tienda\",\"item\":\"https:\\\/\\\/www.mexicanguitarplayers.com\\\/tienda\\\/\"},{\"@type\":\"ListItem\",\"position\":3,\"name\":\"PEDAL SOURCE AUDIO L.A. LADY OVERDRIVE\"}]},{\"@type\":\"WebSite\",\"@id\":\"https:\\\/\\\/www.mexicanguitarplayers.com\\\/#website\",\"url\":\"https:\\\/\\\/www.mexicanguitarplayers.com\\\/\",\"name\":\"Mexican Guitar Players\",\"description\":\"Website\",\"publisher\":{\"@id\":\"https:\\\/\\\/www.mexicanguitarplayers.com\\\/#organization\"},\"potentialAction\":[{\"@type\":\"SearchAction\",\"target\":{\"@type\":\"EntryPoint\",\"urlTemplate\":\"https:\\\/\\\/www.mexicanguitarplayers.com\\\/?s={search_term_string}\"},\"query-input\":{\"@type\":\"PropertyValueSpecification\",\"valueRequired\":true,\"valueName\":\"search_term_string\"}}],\"inLanguage\":\"en-US\"},{\"@type\":\"Organization\",\"@id\":\"https:\\\/\\\/www.mexicanguitarplayers.com\\\/#organization\",\"name\":\"Mexican Guitar Players\",\"url\":\"https:\\\/\\\/www.mexicanguitarplayers.com\\\/\",\"logo\":{\"@type\":\"ImageObject\",\"inLanguage\":\"en-US\",\"@id\":\"https:\\\/\\\/www.mexicanguitarplayers.com\\\/#\\\/schema\\\/logo\\\/image\\\/\",\"url\":\"\",\"contentUrl\":\"\",\"caption\":\"Mexican Guitar Players\"},\"image\":{\"@id\":\"https:\\\/\\\/www.mexicanguitarplayers.com\\\/#\\\/schema\\\/logo\\\/image\\\/\"}}]}<\/script>\n<!-- \/ Yoast SEO plugin. -->","yoast_head_json":{"title":"PEDAL SOURCE AUDIO L.A. LADY OVERDRIVE - Mexican Guitar Players","description":"Pedal overdrive para guitarra, sonidos arquet\u00edpicos de los a\u00f1os 50 de la tecnolog\u00eda overdrive y fuzz, tres distintos motores de drive con abundancia de calidez y potente crunch, tres incre\u00edbles sonidos overdrive: motor Classic (el tan buscado sonido \u201cMarshall en una caja\u201d), motor Smooth (suavizado golpe y protuberancia intermedia del sonido contempor\u00e1neo del blues texano) y Crunch (versi\u00f3n propia de Source Audio de un saturado amplificador de bulbos), bypass universal (selecciona entre b\u00fafer anal\u00f3gico y true bypass basado en rel\u00e9), carcasa de aluminio, dimensiones: 114.3 x 69.8 x 50.8 mm (incluyendo perillas).","robots":{"index":"index","follow":"follow","max-snippet":"max-snippet:-1","max-image-preview":"max-image-preview:large","max-video-preview":"max-video-preview:-1"},"canonical":"https:\/\/www.mexicanguitarplayers.com\/en\/tienda\/sin categor\u00eda\/pedal-source-audio-l-a-lady-overdrive\/","og_locale":"en_US","og_type":"article","og_title":"PEDAL SOURCE AUDIO L.A. LADY OVERDRIVE - Mexican Guitar Players","og_description":"Pedal overdrive para guitarra, sonidos arquet\u00edpicos de los a\u00f1os 50 de la tecnolog\u00eda overdrive y fuzz, tres distintos motores de drive con abundancia de calidez y potente crunch, tres incre\u00edbles sonidos overdrive: motor Classic (el tan buscado sonido \u201cMarshall en una caja\u201d), motor Smooth (suavizado golpe y protuberancia intermedia del sonido contempor\u00e1neo del blues texano) y Crunch (versi\u00f3n propia de Source Audio de un saturado amplificador de bulbos), bypass universal (selecciona entre b\u00fafer anal\u00f3gico y true bypass basado en rel\u00e9), carcasa de aluminio, dimensiones: 114.3 x 69.8 x 50.8 mm (incluyendo perillas).","og_url":"https:\/\/www.mexicanguitarplayers.com\/en\/tienda\/sin categor\u00eda\/pedal-source-audio-l-a-lady-overdrive\/","og_site_name":"Mexican Guitar Players","article_modified_time":"2026-04-10T10:47:42+00:00","twitter_card":"summary_large_image","twitter_misc":{"Est. reading time":"4 minutes"},"schema":{"@context":"https:\/\/schema.org","@graph":[{"@type":["WebPage","ItemPage"],"@id":"https:\/\/www.mexicanguitarplayers.com\/tienda\/sin categor\u00eda\/pedal-source-audio-l-a-lady-overdrive\/","url":"https:\/\/www.mexicanguitarplayers.com\/tienda\/sin categor\u00eda\/pedal-source-audio-l-a-lady-overdrive\/","name":"PEDAL SOURCE AUDIO L.A. LADY OVERDRIVE - Mexican Guitar Players","isPartOf":{"@id":"https:\/\/www.mexicanguitarplayers.com\/#website"},"primaryImageOfPage":{"@id":"https:\/\/www.mexicanguitarplayers.com\/tienda\/sin categor\u00eda\/pedal-source-audio-l-a-lady-overdrive\/#primaryimage"},"image":{"@id":"https:\/\/www.mexicanguitarplayers.com\/tienda\/sin categor\u00eda\/pedal-source-audio-l-a-lady-overdrive\/#primaryimage"},"thumbnailUrl":"https:\/\/www.mexicanguitarplayers.com\/wp-content\/uploads\/2025\/04\/VASIOSA244.jpg","datePublished":"2025-04-06T19:50:29+00:00","dateModified":"2026-04-10T10:47:42+00:00","description":"Pedal overdrive para guitarra, sonidos arquet\u00edpicos de los a\u00f1os 50 de la tecnolog\u00eda overdrive y fuzz, tres distintos motores de drive con abundancia de calidez y potente crunch, tres incre\u00edbles sonidos overdrive: motor Classic (el tan buscado sonido \u201cMarshall en una caja\u201d), motor Smooth (suavizado golpe y protuberancia intermedia del sonido contempor\u00e1neo del blues texano) y Crunch (versi\u00f3n propia de Source Audio de un saturado amplificador de bulbos), bypass universal (selecciona entre b\u00fafer anal\u00f3gico y true bypass basado en rel\u00e9), carcasa de aluminio, dimensiones: 114.3 x 69.8 x 50.8 mm (incluyendo perillas).","breadcrumb":{"@id":"https:\/\/www.mexicanguitarplayers.com\/tienda\/sin categor\u00eda\/pedal-source-audio-l-a-lady-overdrive\/#breadcrumb"},"inLanguage":"en-US","potentialAction":[{"@type":"ReadAction","target":["https:\/\/www.mexicanguitarplayers.com\/tienda\/sin categor\u00eda\/pedal-source-audio-l-a-lady-overdrive\/"]}]},{"@type":"ImageObject","inLanguage":"en-US","@id":"https:\/\/www.mexicanguitarplayers.com\/tienda\/sin categor\u00eda\/pedal-source-audio-l-a-lady-overdrive\/#primaryimage","url":"https:\/\/www.mexicanguitarplayers.com\/wp-content\/uploads\/2025\/04\/VASIOSA244.jpg","contentUrl":"https:\/\/www.mexicanguitarplayers.com\/wp-content\/uploads\/2025\/04\/VASIOSA244.jpg","width":800,"height":1600},{"@type":"BreadcrumbList","@id":"https:\/\/www.mexicanguitarplayers.com\/tienda\/sin categor\u00eda\/pedal-source-audio-l-a-lady-overdrive\/#breadcrumb","itemListElement":[{"@type":"ListItem","position":1,"name":"Portada","item":"https:\/\/www.mexicanguitarplayers.com\/"},{"@type":"ListItem","position":2,"name":"Tienda","item":"https:\/\/www.mexicanguitarplayers.com\/tienda\/"},{"@type":"ListItem","position":3,"name":"PEDAL SOURCE AUDIO L.A. LADY OVERDRIVE"}]},{"@type":"WebSite","@id":"https:\/\/www.mexicanguitarplayers.com\/#website","url":"https:\/\/www.mexicanguitarplayers.com\/","name":"Mexican Guitar Players","description":"Website","publisher":{"@id":"https:\/\/www.mexicanguitarplayers.com\/#organization"},"potentialAction":[{"@type":"SearchAction","target":{"@type":"EntryPoint","urlTemplate":"https:\/\/www.mexicanguitarplayers.com\/?s={search_term_string}"},"query-input":{"@type":"PropertyValueSpecification","valueRequired":true,"valueName":"search_term_string"}}],"inLanguage":"en-US"},{"@type":"Organization","@id":"https:\/\/www.mexicanguitarplayers.com\/#organization","name":"Mexican Guitar Players","url":"https:\/\/www.mexicanguitarplayers.com\/","logo":{"@type":"ImageObject","inLanguage":"en-US","@id":"https:\/\/www.mexicanguitarplayers.com\/#\/schema\/logo\/image\/","url":"","contentUrl":"","caption":"Mexican Guitar Players"},"image":{"@id":"https:\/\/www.mexicanguitarplayers.com\/#\/schema\/logo\/image\/"}}]}},"brands":[{"id":608,"name":"AUDIO SOURCE","slug":"source-audio"}],"_links":{"self":[{"href":"https:\/\/www.mexicanguitarplayers.com\/en\/wp-json\/wp\/v2\/product\/24218","targetHints":{"allow":["GET"]}}],"collection":[{"href":"https:\/\/www.mexicanguitarplayers.com\/en\/wp-json\/wp\/v2\/product"}],"about":[{"href":"https:\/\/www.mexicanguitarplayers.com\/en\/wp-json\/wp\/v2\/types\/product"}],"replies":[{"embeddable":true,"href":"https:\/\/www.mexicanguitarplayers.com\/en\/wp-json\/wp\/v2\/comments?post=24218"}],"wp:featuredmedia":[{"embeddable":true,"href":"https:\/\/www.mexicanguitarplayers.com\/en\/wp-json\/wp\/v2\/media\/24217"}],"wp:attachment":[{"href":"https:\/\/www.mexicanguitarplayers.com\/en\/wp-json\/wp\/v2\/media?parent=24218"}],"wp:term":[{"taxonomy":"pwb-brand","embeddable":true,"href":"https:\/\/www.mexicanguitarplayers.com\/en\/wp-json\/wp\/v2\/pwb-brand?post=24218"},{"taxonomy":"product_brand","embeddable":true,"href":"https:\/\/www.mexicanguitarplayers.com\/en\/wp-json\/wp\/v2\/product_brand?post=24218"},{"taxonomy":"product_cat","embeddable":true,"href":"https:\/\/www.mexicanguitarplayers.com\/en\/wp-json\/wp\/v2\/product_cat?post=24218"},{"taxonomy":"product_tag","embeddable":true,"href":"https:\/\/www.mexicanguitarplayers.com\/en\/wp-json\/wp\/v2\/product_tag?post=24218"}],"curies":[{"name":"wp","href":"https:\/\/api.w.org\/{rel}","templated":true}]}}