{"id":24230,"date":"2025-04-06T13:51:06","date_gmt":"2025-04-06T19:51:06","guid":{"rendered":"https:\/\/www.mexicanguitarplayers.com\/tienda\/sin categor\u00eda\/pastilla-belcat-p-ukulele-uk-400t\/"},"modified":"2026-05-01T07:30:06","modified_gmt":"2026-05-01T13:30:06","slug":"pastilla-belcat-p-ukulele-uk-400t","status":"publish","type":"product","link":"https:\/\/www.mexicanguitarplayers.com\/en\/tienda\/accesorios\/para-inst-orquestales\/pastillas-para-inst-orquestales\/pastilla-belcat-p-ukulele-uk-400t\/","title":{"rendered":"PASTILLA BELCAT P\/UKULELE   UK-400T"},"content":{"rendered":"<div style=\"text-align: justify\">\n<div>\n<h3>Afinaci\u00f3n y control de sonido.<\/h3>\n<\/div>\n<div>La nueva pastilla de Belcat para ukelele cuenta con un ecualizador de 2 bandas con un afinador LED crom\u00e1tico. Tiene un control de volumen y faders para el ecualizador, un LED para comprobar el estado de la bater\u00eda y funciona con 2 pilas CR2032. Belcat es una empresa que ha desarrollado una gran l\u00ednea de productos y accesorios muy bien fabricados, ofreciendo una gran relaci\u00f3n en cuanto a precio y calidad. Cuenta con afinadores, aud\u00edfonos, preamps, combos, metr\u00f3nomos, pastillas para guitarras el\u00e9ctricas, ac\u00fasticas y bajos de gran calidad y precisi\u00f3n.<\/div>\n<div>\n<h4>Quick look<\/h4>\n<\/div>\n<ul style=\"margin: 0px 0px 0px 25px\">\n<li style=\"list-style-type: circle;margin: 5px\">Frequency response.<\/li>\n<li style=\"list-style-type: circle;margin: 5px\">Rango de control.<\/li>\n<li style=\"list-style-type: circle;margin: 5px\">Power supply.<\/li>\n<li style=\"list-style-type: circle;margin: 5px\">Vida \u00fatil de la bater\u00eda<\/li>\n<li style=\"list-style-type: circle;margin: 5px\">Dimensions.<\/li>\n<\/ul>\n<div>\n<div style=\"font-weight: bold\">Frequency response.<\/div>\n<div>\n<p>20 Hz - 20 kHz.<\/p>\n<\/div>\n<div style=\"font-weight: bold\">Rango de control.<\/div>\n<div>\n<p>Bass:+\/- 12 dB a 100 Hz, Treble: +\/- 12 dB a 10 kHz.<\/p>\n<\/div>\n<div style=\"font-weight: bold\">Power supply.<\/div>\n<div>\n<p>2 pilas CR2032.<\/p>\n<\/div>\n<div style=\"font-weight: bold\">Vida \u00fatil de la bater\u00eda<\/div>\n<div>\n<p>S\u00f3lo EQ: M\u00e1s de 200 horas, con afinador: M\u00e1s de 100 horas, jack de salida: 6.35 mm.<\/p>\n<\/div>\n<div style=\"font-weight: bold\">Dimensions.<\/div>\n<div>\n<p>39 x 46 mm.<\/p>\n<\/div>\n<\/div>\n<div>\n<h4>Characteristics<\/h4>\n<\/div>\n<div>\n<ul style=\"margin: 0px 0px 0px 25px\">\n<li style=\"list-style-type: circle;margin: 5px\">Pastilla Belcat para ukulele.<\/li>\n<li style=\"list-style-type: circle;margin: 5px\">EQ de 2 bandas.<\/li>\n<li style=\"list-style-type: circle;margin: 5px\">Afinador LED crom\u00e1tico con impedancia de entrada de 22 mohms.<\/li>\n<li style=\"list-style-type: circle;margin: 5px\">LED de estado de la bater\u00eda.<\/li>\n<\/ul>\n<\/div>\n<\/div>","protected":false},"excerpt":{"rendered":"<p>Pastilla para ukulele, ecualizador de 2 bandas con afinador LED crom\u00e1tico con impedancia de entrada de 22 mili-ohms, respuesta de frecuencia: 20 Hz &#8211; 20 kHz, rango de control: Bass: \u00b112 dB a 100 Hz, Treble: \u00b1 12 dB a 10 kHz, LED de estado de la bater\u00eda, fuente de alimentaci\u00f3n: 2 pilas CR2032, vida \u00fatil de la bater\u00eda: s\u00f3lo EQ: M\u00e1s de 200 horas, con afinador: M\u00e1s de 100 horas, jack de salida: 6.35 mm, dimensiones: 39 x 46 mm.&hellip; <a class=\"kt-excerpt-readmore more-link\" href=\"https:\/\/www.mexicanguitarplayers.com\/en\/tienda\/accesorios\/para-inst-orquestales\/pastillas-para-inst-orquestales\/pastilla-belcat-p-ukulele-uk-400t\/\">Read more<\/a><\/p>","protected":false},"featured_media":24224,"comment_status":"open","ping_status":"closed","template":"","meta":{"kt_blocks_editor_width":""},"pwb-brand":[258],"product_brand":[],"product_cat":[85,611,610],"product_tag":[],"class_list":{"0":"post-24230","1":"product","2":"type-product","3":"status-publish","4":"has-post-thumbnail","6":"pwb-brand-belcat","7":"product_cat-accesorios","8":"product_cat-para-inst-folkloricos","9":"product_cat-pastillas-para-inst-orquestales","10":"product_shipping_class-0-5-kg","12":"first","13":"instock","14":"taxable","15":"shipping-taxable","16":"purchasable","17":"product-type-simple"},"yoast_head":"<!-- This site is optimized with the Yoast SEO plugin v27.6 - https:\/\/yoast.com\/product\/yoast-seo-wordpress\/ -->\n<title>PASTILLA BELCAT P\/UKULELE  UK-400T - Mexican Guitar Players<\/title>\n<meta name=\"description\" content=\"Pastilla para ukulele, ecualizador de 2 bandas con afinador LED crom\u00e1tico con impedancia de entrada de 22 mili-ohms, respuesta de frecuencia: 20 Hz - 20 kHz, rango de control: Bass: \u00b112 dB a 100 Hz, Treble: \u00b1 12 dB a 10 kHz, LED de estado de la bater\u00eda, fuente de alimentaci\u00f3n: 2 pilas CR2032, vida \u00fatil de la bater\u00eda: s\u00f3lo EQ: M\u00e1s de 200 horas, con afinador: M\u00e1s de 100 horas, jack de salida: 6.35 mm, dimensiones: 39 x 46 mm.\" \/>\n<meta name=\"robots\" content=\"index, follow, max-snippet:-1, max-image-preview:large, max-video-preview:-1\" \/>\n<link rel=\"canonical\" href=\"https:\/\/www.mexicanguitarplayers.com\/en\/tienda\/sin%20categor\u00eda\/pastilla-belcat-p-ukulele-uk-400t\/\" \/>\n<meta property=\"og:locale\" content=\"en_US\" \/>\n<meta property=\"og:type\" content=\"article\" \/>\n<meta property=\"og:title\" content=\"PASTILLA BELCAT P\/UKULELE  UK-400T - Mexican Guitar Players\" \/>\n<meta property=\"og:description\" content=\"Pastilla para ukulele, ecualizador de 2 bandas con afinador LED crom\u00e1tico con impedancia de entrada de 22 mili-ohms, respuesta de frecuencia: 20 Hz - 20 kHz, rango de control: Bass: \u00b112 dB a 100 Hz, Treble: \u00b1 12 dB a 10 kHz, LED de estado de la bater\u00eda, fuente de alimentaci\u00f3n: 2 pilas CR2032, vida \u00fatil de la bater\u00eda: s\u00f3lo EQ: M\u00e1s de 200 horas, con afinador: M\u00e1s de 100 horas, jack de salida: 6.35 mm, dimensiones: 39 x 46 mm.\" \/>\n<meta property=\"og:url\" content=\"https:\/\/www.mexicanguitarplayers.com\/en\/tienda\/sin categor\u00eda\/pastilla-belcat-p-ukulele-uk-400t\/\" \/>\n<meta property=\"og:site_name\" content=\"Mexican Guitar Players\" \/>\n<meta property=\"article:modified_time\" content=\"2026-05-01T13:30:06+00:00\" \/>\n<meta name=\"twitter:card\" content=\"summary_large_image\" \/>\n<meta name=\"twitter:label1\" content=\"Est. reading time\" \/>\n\t<meta name=\"twitter:data1\" content=\"1 minute\" \/>\n<script type=\"application\/ld+json\" class=\"yoast-schema-graph\">{\"@context\":\"https:\\\/\\\/schema.org\",\"@graph\":[{\"@type\":[\"WebPage\",\"ItemPage\"],\"@id\":\"https:\\\/\\\/www.mexicanguitarplayers.com\\\/tienda\\\/sin categor\u00eda\\\/pastilla-belcat-p-ukulele-uk-400t\\\/\",\"url\":\"https:\\\/\\\/www.mexicanguitarplayers.com\\\/tienda\\\/sin categor\u00eda\\\/pastilla-belcat-p-ukulele-uk-400t\\\/\",\"name\":\"PASTILLA BELCAT P\\\/UKULELE UK-400T - Mexican Guitar Players\",\"isPartOf\":{\"@id\":\"https:\\\/\\\/www.mexicanguitarplayers.com\\\/#website\"},\"primaryImageOfPage\":{\"@id\":\"https:\\\/\\\/www.mexicanguitarplayers.com\\\/tienda\\\/sin categor\u00eda\\\/pastilla-belcat-p-ukulele-uk-400t\\\/#primaryimage\"},\"image\":{\"@id\":\"https:\\\/\\\/www.mexicanguitarplayers.com\\\/tienda\\\/sin categor\u00eda\\\/pastilla-belcat-p-ukulele-uk-400t\\\/#primaryimage\"},\"thumbnailUrl\":\"https:\\\/\\\/www.mexicanguitarplayers.com\\\/wp-content\\\/uploads\\\/2025\\\/04\\\/RABELUK400T.jpg\",\"datePublished\":\"2025-04-06T19:51:06+00:00\",\"dateModified\":\"2026-05-01T13:30:06+00:00\",\"description\":\"Pastilla para ukulele, ecualizador de 2 bandas con afinador LED crom\u00e1tico con impedancia de entrada de 22 mili-ohms, respuesta de frecuencia: 20 Hz - 20 kHz, rango de control: Bass: \u00b112 dB a 100 Hz, Treble: \u00b1 12 dB a 10 kHz, LED de estado de la bater\u00eda, fuente de alimentaci\u00f3n: 2 pilas CR2032, vida \u00fatil de la bater\u00eda: s\u00f3lo EQ: M\u00e1s de 200 horas, con afinador: M\u00e1s de 100 horas, jack de salida: 6.35 mm, dimensiones: 39 x 46 mm.\",\"breadcrumb\":{\"@id\":\"https:\\\/\\\/www.mexicanguitarplayers.com\\\/tienda\\\/sin categor\u00eda\\\/pastilla-belcat-p-ukulele-uk-400t\\\/#breadcrumb\"},\"inLanguage\":\"en-US\",\"potentialAction\":[{\"@type\":\"ReadAction\",\"target\":[\"https:\\\/\\\/www.mexicanguitarplayers.com\\\/tienda\\\/sin categor\u00eda\\\/pastilla-belcat-p-ukulele-uk-400t\\\/\"]}]},{\"@type\":\"ImageObject\",\"inLanguage\":\"en-US\",\"@id\":\"https:\\\/\\\/www.mexicanguitarplayers.com\\\/tienda\\\/sin categor\u00eda\\\/pastilla-belcat-p-ukulele-uk-400t\\\/#primaryimage\",\"url\":\"https:\\\/\\\/www.mexicanguitarplayers.com\\\/wp-content\\\/uploads\\\/2025\\\/04\\\/RABELUK400T.jpg\",\"contentUrl\":\"https:\\\/\\\/www.mexicanguitarplayers.com\\\/wp-content\\\/uploads\\\/2025\\\/04\\\/RABELUK400T.jpg\",\"width\":1200,\"height\":1200},{\"@type\":\"BreadcrumbList\",\"@id\":\"https:\\\/\\\/www.mexicanguitarplayers.com\\\/tienda\\\/sin categor\u00eda\\\/pastilla-belcat-p-ukulele-uk-400t\\\/#breadcrumb\",\"itemListElement\":[{\"@type\":\"ListItem\",\"position\":1,\"name\":\"Portada\",\"item\":\"https:\\\/\\\/www.mexicanguitarplayers.com\\\/\"},{\"@type\":\"ListItem\",\"position\":2,\"name\":\"Tienda\",\"item\":\"https:\\\/\\\/www.mexicanguitarplayers.com\\\/tienda\\\/\"},{\"@type\":\"ListItem\",\"position\":3,\"name\":\"PASTILLA BELCAT P\\\/UKULELE UK-400T\"}]},{\"@type\":\"WebSite\",\"@id\":\"https:\\\/\\\/www.mexicanguitarplayers.com\\\/#website\",\"url\":\"https:\\\/\\\/www.mexicanguitarplayers.com\\\/\",\"name\":\"Mexican Guitar Players\",\"description\":\"Website\",\"publisher\":{\"@id\":\"https:\\\/\\\/www.mexicanguitarplayers.com\\\/#organization\"},\"potentialAction\":[{\"@type\":\"SearchAction\",\"target\":{\"@type\":\"EntryPoint\",\"urlTemplate\":\"https:\\\/\\\/www.mexicanguitarplayers.com\\\/?s={search_term_string}\"},\"query-input\":{\"@type\":\"PropertyValueSpecification\",\"valueRequired\":true,\"valueName\":\"search_term_string\"}}],\"inLanguage\":\"en-US\"},{\"@type\":\"Organization\",\"@id\":\"https:\\\/\\\/www.mexicanguitarplayers.com\\\/#organization\",\"name\":\"Mexican Guitar Players\",\"url\":\"https:\\\/\\\/www.mexicanguitarplayers.com\\\/\",\"logo\":{\"@type\":\"ImageObject\",\"inLanguage\":\"en-US\",\"@id\":\"https:\\\/\\\/www.mexicanguitarplayers.com\\\/#\\\/schema\\\/logo\\\/image\\\/\",\"url\":\"\",\"contentUrl\":\"\",\"caption\":\"Mexican Guitar Players\"},\"image\":{\"@id\":\"https:\\\/\\\/www.mexicanguitarplayers.com\\\/#\\\/schema\\\/logo\\\/image\\\/\"}}]}<\/script>\n<!-- \/ Yoast SEO plugin. -->","yoast_head_json":{"title":"PASTILLA BELCAT P\/UKULELE  UK-400T - Mexican Guitar Players","description":"Pastilla para ukulele, ecualizador de 2 bandas con afinador LED crom\u00e1tico con impedancia de entrada de 22 mili-ohms, respuesta de frecuencia: 20 Hz - 20 kHz, rango de control: Bass: \u00b112 dB a 100 Hz, Treble: \u00b1 12 dB a 10 kHz, LED de estado de la bater\u00eda, fuente de alimentaci\u00f3n: 2 pilas CR2032, vida \u00fatil de la bater\u00eda: s\u00f3lo EQ: M\u00e1s de 200 horas, con afinador: M\u00e1s de 100 horas, jack de salida: 6.35 mm, dimensiones: 39 x 46 mm.","robots":{"index":"index","follow":"follow","max-snippet":"max-snippet:-1","max-image-preview":"max-image-preview:large","max-video-preview":"max-video-preview:-1"},"canonical":"https:\/\/www.mexicanguitarplayers.com\/en\/tienda\/sin categor\u00eda\/pastilla-belcat-p-ukulele-uk-400t\/","og_locale":"en_US","og_type":"article","og_title":"PASTILLA BELCAT P\/UKULELE  UK-400T - Mexican Guitar Players","og_description":"Pastilla para ukulele, ecualizador de 2 bandas con afinador LED crom\u00e1tico con impedancia de entrada de 22 mili-ohms, respuesta de frecuencia: 20 Hz - 20 kHz, rango de control: Bass: \u00b112 dB a 100 Hz, Treble: \u00b1 12 dB a 10 kHz, LED de estado de la bater\u00eda, fuente de alimentaci\u00f3n: 2 pilas CR2032, vida \u00fatil de la bater\u00eda: s\u00f3lo EQ: M\u00e1s de 200 horas, con afinador: M\u00e1s de 100 horas, jack de salida: 6.35 mm, dimensiones: 39 x 46 mm.","og_url":"https:\/\/www.mexicanguitarplayers.com\/en\/tienda\/sin categor\u00eda\/pastilla-belcat-p-ukulele-uk-400t\/","og_site_name":"Mexican Guitar Players","article_modified_time":"2026-05-01T13:30:06+00:00","twitter_card":"summary_large_image","twitter_misc":{"Est. reading time":"1 minute"},"schema":{"@context":"https:\/\/schema.org","@graph":[{"@type":["WebPage","ItemPage"],"@id":"https:\/\/www.mexicanguitarplayers.com\/tienda\/sin categor\u00eda\/pastilla-belcat-p-ukulele-uk-400t\/","url":"https:\/\/www.mexicanguitarplayers.com\/tienda\/sin categor\u00eda\/pastilla-belcat-p-ukulele-uk-400t\/","name":"PASTILLA BELCAT P\/UKULELE UK-400T - Mexican Guitar Players","isPartOf":{"@id":"https:\/\/www.mexicanguitarplayers.com\/#website"},"primaryImageOfPage":{"@id":"https:\/\/www.mexicanguitarplayers.com\/tienda\/sin categor\u00eda\/pastilla-belcat-p-ukulele-uk-400t\/#primaryimage"},"image":{"@id":"https:\/\/www.mexicanguitarplayers.com\/tienda\/sin categor\u00eda\/pastilla-belcat-p-ukulele-uk-400t\/#primaryimage"},"thumbnailUrl":"https:\/\/www.mexicanguitarplayers.com\/wp-content\/uploads\/2025\/04\/RABELUK400T.jpg","datePublished":"2025-04-06T19:51:06+00:00","dateModified":"2026-05-01T13:30:06+00:00","description":"Pastilla para ukulele, ecualizador de 2 bandas con afinador LED crom\u00e1tico con impedancia de entrada de 22 mili-ohms, respuesta de frecuencia: 20 Hz - 20 kHz, rango de control: Bass: \u00b112 dB a 100 Hz, Treble: \u00b1 12 dB a 10 kHz, LED de estado de la bater\u00eda, fuente de alimentaci\u00f3n: 2 pilas CR2032, vida \u00fatil de la bater\u00eda: s\u00f3lo EQ: M\u00e1s de 200 horas, con afinador: M\u00e1s de 100 horas, jack de salida: 6.35 mm, dimensiones: 39 x 46 mm.","breadcrumb":{"@id":"https:\/\/www.mexicanguitarplayers.com\/tienda\/sin categor\u00eda\/pastilla-belcat-p-ukulele-uk-400t\/#breadcrumb"},"inLanguage":"en-US","potentialAction":[{"@type":"ReadAction","target":["https:\/\/www.mexicanguitarplayers.com\/tienda\/sin categor\u00eda\/pastilla-belcat-p-ukulele-uk-400t\/"]}]},{"@type":"ImageObject","inLanguage":"en-US","@id":"https:\/\/www.mexicanguitarplayers.com\/tienda\/sin categor\u00eda\/pastilla-belcat-p-ukulele-uk-400t\/#primaryimage","url":"https:\/\/www.mexicanguitarplayers.com\/wp-content\/uploads\/2025\/04\/RABELUK400T.jpg","contentUrl":"https:\/\/www.mexicanguitarplayers.com\/wp-content\/uploads\/2025\/04\/RABELUK400T.jpg","width":1200,"height":1200},{"@type":"BreadcrumbList","@id":"https:\/\/www.mexicanguitarplayers.com\/tienda\/sin categor\u00eda\/pastilla-belcat-p-ukulele-uk-400t\/#breadcrumb","itemListElement":[{"@type":"ListItem","position":1,"name":"Portada","item":"https:\/\/www.mexicanguitarplayers.com\/"},{"@type":"ListItem","position":2,"name":"Tienda","item":"https:\/\/www.mexicanguitarplayers.com\/tienda\/"},{"@type":"ListItem","position":3,"name":"PASTILLA BELCAT P\/UKULELE UK-400T"}]},{"@type":"WebSite","@id":"https:\/\/www.mexicanguitarplayers.com\/#website","url":"https:\/\/www.mexicanguitarplayers.com\/","name":"Mexican Guitar Players","description":"Website","publisher":{"@id":"https:\/\/www.mexicanguitarplayers.com\/#organization"},"potentialAction":[{"@type":"SearchAction","target":{"@type":"EntryPoint","urlTemplate":"https:\/\/www.mexicanguitarplayers.com\/?s={search_term_string}"},"query-input":{"@type":"PropertyValueSpecification","valueRequired":true,"valueName":"search_term_string"}}],"inLanguage":"en-US"},{"@type":"Organization","@id":"https:\/\/www.mexicanguitarplayers.com\/#organization","name":"Mexican Guitar Players","url":"https:\/\/www.mexicanguitarplayers.com\/","logo":{"@type":"ImageObject","inLanguage":"en-US","@id":"https:\/\/www.mexicanguitarplayers.com\/#\/schema\/logo\/image\/","url":"","contentUrl":"","caption":"Mexican Guitar Players"},"image":{"@id":"https:\/\/www.mexicanguitarplayers.com\/#\/schema\/logo\/image\/"}}]}},"brands":[{"id":258,"name":"BELCAT","slug":"belcat"}],"_links":{"self":[{"href":"https:\/\/www.mexicanguitarplayers.com\/en\/wp-json\/wp\/v2\/product\/24230","targetHints":{"allow":["GET"]}}],"collection":[{"href":"https:\/\/www.mexicanguitarplayers.com\/en\/wp-json\/wp\/v2\/product"}],"about":[{"href":"https:\/\/www.mexicanguitarplayers.com\/en\/wp-json\/wp\/v2\/types\/product"}],"replies":[{"embeddable":true,"href":"https:\/\/www.mexicanguitarplayers.com\/en\/wp-json\/wp\/v2\/comments?post=24230"}],"wp:featuredmedia":[{"embeddable":true,"href":"https:\/\/www.mexicanguitarplayers.com\/en\/wp-json\/wp\/v2\/media\/24224"}],"wp:attachment":[{"href":"https:\/\/www.mexicanguitarplayers.com\/en\/wp-json\/wp\/v2\/media?parent=24230"}],"wp:term":[{"taxonomy":"pwb-brand","embeddable":true,"href":"https:\/\/www.mexicanguitarplayers.com\/en\/wp-json\/wp\/v2\/pwb-brand?post=24230"},{"taxonomy":"product_brand","embeddable":true,"href":"https:\/\/www.mexicanguitarplayers.com\/en\/wp-json\/wp\/v2\/product_brand?post=24230"},{"taxonomy":"product_cat","embeddable":true,"href":"https:\/\/www.mexicanguitarplayers.com\/en\/wp-json\/wp\/v2\/product_cat?post=24230"},{"taxonomy":"product_tag","embeddable":true,"href":"https:\/\/www.mexicanguitarplayers.com\/en\/wp-json\/wp\/v2\/product_tag?post=24230"}],"curies":[{"name":"wp","href":"https:\/\/api.w.org\/{rel}","templated":true}]}}