{"id":24247,"date":"2025-04-06T13:51:58","date_gmt":"2025-04-06T19:51:58","guid":{"rendered":"https:\/\/www.mexicanguitarplayers.com\/tienda\/sin categor\u00eda\/estuche-skb-p-equipo-div-3r8608-8b-ew\/"},"modified":"2026-04-10T04:47:39","modified_gmt":"2026-04-10T10:47:39","slug":"estuche-skb-p-equipo-div-3r8608-8b-ew","status":"publish","type":"product","link":"https:\/\/www.mexicanguitarplayers.com\/en\/tienda\/accesorios\/varios\/estuche-skb-p-equipo-div-3r8608-8b-ew\/","title":{"rendered":"ESTUCHE SKB P\/EQUIPO DIV. 3R8608-8B-EW"},"content":{"rendered":"<div style=\"text-align: justify\">\n<div>\n<h3>Resistencia y seguridad.<\/h3>\n<\/div>\n<div>El estuche roto moldeado 3R8608-8 cuenta con c\u00f3modas ruedas y un asa de remolque para facilitar el transporte. Estos estuches Mil-Standard fueron dise\u00f1ados para cumplir con las especificaciones militares m\u00e1s exigentes. Est\u00e1n roto moldeados para mayor resistencia y durabilidad, herm\u00e9ticos y resistentes al agua con pestillos y bisagras de acero inoxidable s\u00f3lido que resistir\u00e1n las condiciones de env\u00edo m\u00e1s exigentes. Los estuches 3R Mil-Std. est\u00e1n moldeados de polietileno (LLDPE) resistente al impacto, material estabilizado a los rayos UV y cumplen o superan las especificaciones MIL-STD 810 y MIL-C-4150J. Los estuches de env\u00edo est\u00e1n disponibles con un interior vac\u00edo mientras que algunos modelos est\u00e1n disponibles con espuma en cubos, espuma en capas, divisores acolchados y un tirador de ruedas.<\/div>\n<div>\n<h4>Quick look<\/h4>\n<\/div>\n<ul style=\"margin: 0px 0px 0px 25px\">\n<li style=\"list-style-type: circle;margin: 5px\">Longitud interior.<\/li>\n<li style=\"list-style-type: circle;margin: 5px\">Ancho interior.<\/li>\n<li style=\"list-style-type: circle;margin: 5px\">Profundidad interior.<\/li>\n<li style=\"list-style-type: circle;margin: 5px\">Longitud exterior.<\/li>\n<li style=\"list-style-type: circle;margin: 5px\">Ancho exterior.<\/li>\n<li style=\"list-style-type: circle;margin: 5px\">Profundidad exterior.<\/li>\n<li style=\"list-style-type: circle;margin: 5px\">Profundidad de la tapa.<\/li>\n<li style=\"list-style-type: circle;margin: 5px\">Profundidad en la base.<\/li>\n<li style=\"list-style-type: circle;margin: 5px\">Weight.<\/li>\n<\/ul>\n<div>\n<div style=\"font-weight: bold\">Longitud interior.<\/div>\n<div>\n<p>86&#8243; pulgadas (218.44 cm).<\/p>\n<\/div>\n<div style=\"font-weight: bold\">Ancho interior.<\/div>\n<div>\n<p>8&#8243; pulgadas (20.32 cm).<\/p>\n<\/div>\n<div style=\"font-weight: bold\">Profundidad interior.<\/div>\n<div>\n<p>8&#8243; pulgadas (20.32 cm).<\/p>\n<\/div>\n<div style=\"font-weight: bold\">Longitud exterior.<\/div>\n<div>\n<p>89&#8243; pulgadas (226.06 cm).<\/p>\n<\/div>\n<div style=\"font-weight: bold\">Ancho exterior.<\/div>\n<div>\n<p>11&#8243; pulgadas (27.94 cm).<\/p>\n<\/div>\n<div style=\"font-weight: bold\">Profundidad exterior.<\/div>\n<div>\n<p>9.4&#8243; pulgadas (23.88 cm).<\/p>\n<\/div>\n<div style=\"font-weight: bold\">Profundidad de la tapa.<\/div>\n<div>\n<p>1.9&#8243; pulgadas (4.83 cm).<\/p>\n<\/div>\n<div style=\"font-weight: bold\">Profundidad en la base.<\/div>\n<div>\n<p>6.10&#8243; pulgadas (15.49 cm)<\/p>\n<\/div>\n<div style=\"font-weight: bold\">Weight.<\/div>\n<div>\n<p>15.74 kg.<\/p>\n<\/div>\n<\/div>\n<div>\n<h4>Characteristics<\/h4>\n<\/div>\n<div>\n<ul style=\"margin: 0px 0px 0px 25px\">\n<li style=\"list-style-type: circle;margin: 5px\">Estuche para equipo diverso.<\/li>\n<li style=\"list-style-type: circle;margin: 5px\">Pr\u00e1cticas ruedas para facilitar el transporte con asa de remolque.<\/li>\n<li style=\"list-style-type: circle;margin: 5px\">Acepta el candado combinado TSA 1SKB-PDL o 1SKB-PDL-C.<\/li>\n<li style=\"list-style-type: circle;margin: 5px\">Dise\u00f1o resistente al agua y al polvo.<\/li>\n<li style=\"list-style-type: circle;margin: 5px\">LLDPE polietileno resistente a los impactos.<\/li>\n<li style=\"list-style-type: circle;margin: 5px\">UV solventes, corrosi\u00f3n y resistente a hongos.<\/li>\n<li style=\"list-style-type: circle;margin: 5px\">V\u00e1lvulas de alivio de presi\u00f3n.<\/li>\n<li style=\"list-style-type: circle;margin: 5px\">Resistente a da\u00f1os por impacto.<\/li>\n<li style=\"list-style-type: circle;margin: 5px\">Pestillos y bisagras de acero inoxidable-<\/li>\n<\/ul>\n<\/div>\n<\/div>","protected":false},"excerpt":{"rendered":"<p>Estuche para equipo diverso, pr\u00e1cticas ruedas para facilitar el transporte con asa de remolque, acepta el candado combinado TSA 1SKB-PDL o 1SKB-PDL-C, dise\u00f1o resistente al agua y al polvo, LLDPE polietileno resistente a los impactos, UV solventes, corrosi\u00f3n y resistente a hongos, v\u00e1lvulas de alivio de presi\u00f3n, resistente a da\u00f1os por impacto, pestillos y bisagras de acero inoxidable, longitud interior: 86\u201d pulgadas (218.44 cm), ancho interior: 8\u201d pulgadas (20.32 cm), profundidad interior: 8\u201d pulgadas (20.32 cm), longitud exterior: 89\u201d pulgadas (226.06 cm), ancho exterior: 11\u201d pulgadas (27.94 cm), profundidad exterior: 9.4\u201d pulgadas (23.88 cm), profundidad de la tapa: 1.9\u201d pulgadas (4.83 cm), profundidad de la base: 6.10\u201d pulgadas (15.49 cm), peso: 15.74 kg.&hellip; <a class=\"kt-excerpt-readmore more-link\" href=\"https:\/\/www.mexicanguitarplayers.com\/en\/tienda\/accesorios\/varios\/estuche-skb-p-equipo-div-3r8608-8b-ew\/\">Read more<\/a><\/p>","protected":false},"featured_media":24242,"comment_status":"open","ping_status":"closed","template":"","meta":{"kt_blocks_editor_width":""},"pwb-brand":[609],"product_brand":[],"product_cat":[85,517,249],"product_tag":[],"class_list":{"0":"post-24247","1":"product","2":"type-product","3":"status-publish","4":"has-post-thumbnail","6":"pwb-brand-skb","7":"product_cat-accesorios","8":"product_cat-estuches-y-fundas","9":"product_cat-varios","10":"product_shipping_class-0-5-kg","12":"first","13":"outofstock","14":"taxable","15":"shipping-taxable","16":"purchasable","17":"product-type-simple"},"yoast_head":"<!-- This site is optimized with the Yoast SEO plugin v27.5 - https:\/\/yoast.com\/product\/yoast-seo-wordpress\/ -->\n<title>ESTUCHE SKB P\/EQUIPO DIV. 3R8608-8B-EW - Mexican Guitar Players<\/title>\n<meta name=\"description\" content=\"Estuche para equipo diverso, pr\u00e1cticas ruedas para facilitar el transporte con asa de remolque, acepta el candado combinado TSA 1SKB-PDL o 1SKB-PDL-C, dise\u00f1o resistente al agua y al polvo, LLDPE polietileno resistente a los impactos, UV solventes, corrosi\u00f3n y resistente a hongos, v\u00e1lvulas de alivio de presi\u00f3n, resistente a da\u00f1os por impacto, pestillos y bisagras de acero inoxidable, longitud interior: 86\u201d pulgadas (218.44 cm), ancho interior: 8\u201d pulgadas (20.32 cm), profundidad interior: 8\u201d pulgadas (20.32 cm), longitud exterior: 89\u201d pulgadas (226.06 cm), ancho exterior: 11\u201d pulgadas (27.94 cm), profundidad exterior: 9.4\u201d pulgadas (23.88 cm), profundidad de la tapa: 1.9\u201d pulgadas (4.83 cm), profundidad de la base: 6.10\u201d pulgadas (15.49 cm), peso: 15.74 kg.\" \/>\n<meta name=\"robots\" content=\"index, follow, max-snippet:-1, max-image-preview:large, max-video-preview:-1\" \/>\n<link rel=\"canonical\" href=\"https:\/\/www.mexicanguitarplayers.com\/en\/tienda\/sin%20categor\u00eda\/estuche-skb-p-equipo-div-3r8608-8b-ew\/\" \/>\n<meta property=\"og:locale\" content=\"en_US\" \/>\n<meta property=\"og:type\" content=\"article\" \/>\n<meta property=\"og:title\" content=\"ESTUCHE SKB P\/EQUIPO DIV. 3R8608-8B-EW - Mexican Guitar Players\" \/>\n<meta property=\"og:description\" content=\"Estuche para equipo diverso, pr\u00e1cticas ruedas para facilitar el transporte con asa de remolque, acepta el candado combinado TSA 1SKB-PDL o 1SKB-PDL-C, dise\u00f1o resistente al agua y al polvo, LLDPE polietileno resistente a los impactos, UV solventes, corrosi\u00f3n y resistente a hongos, v\u00e1lvulas de alivio de presi\u00f3n, resistente a da\u00f1os por impacto, pestillos y bisagras de acero inoxidable, longitud interior: 86\u201d pulgadas (218.44 cm), ancho interior: 8\u201d pulgadas (20.32 cm), profundidad interior: 8\u201d pulgadas (20.32 cm), longitud exterior: 89\u201d pulgadas (226.06 cm), ancho exterior: 11\u201d pulgadas (27.94 cm), profundidad exterior: 9.4\u201d pulgadas (23.88 cm), profundidad de la tapa: 1.9\u201d pulgadas (4.83 cm), profundidad de la base: 6.10\u201d pulgadas (15.49 cm), peso: 15.74 kg.\" \/>\n<meta property=\"og:url\" content=\"https:\/\/www.mexicanguitarplayers.com\/en\/tienda\/sin categor\u00eda\/estuche-skb-p-equipo-div-3r8608-8b-ew\/\" \/>\n<meta property=\"og:site_name\" content=\"Mexican Guitar Players\" \/>\n<meta property=\"article:modified_time\" content=\"2026-04-10T10:47:39+00:00\" \/>\n<meta name=\"twitter:card\" content=\"summary_large_image\" \/>\n<meta name=\"twitter:label1\" content=\"Est. reading time\" \/>\n\t<meta name=\"twitter:data1\" content=\"1 minute\" \/>\n<script type=\"application\/ld+json\" class=\"yoast-schema-graph\">{\"@context\":\"https:\\\/\\\/schema.org\",\"@graph\":[{\"@type\":[\"WebPage\",\"ItemPage\"],\"@id\":\"https:\\\/\\\/www.mexicanguitarplayers.com\\\/tienda\\\/sin categor\u00eda\\\/estuche-skb-p-equipo-div-3r8608-8b-ew\\\/\",\"url\":\"https:\\\/\\\/www.mexicanguitarplayers.com\\\/tienda\\\/sin categor\u00eda\\\/estuche-skb-p-equipo-div-3r8608-8b-ew\\\/\",\"name\":\"ESTUCHE SKB P\\\/EQUIPO DIV. 3R8608-8B-EW - Mexican Guitar Players\",\"isPartOf\":{\"@id\":\"https:\\\/\\\/www.mexicanguitarplayers.com\\\/#website\"},\"primaryImageOfPage\":{\"@id\":\"https:\\\/\\\/www.mexicanguitarplayers.com\\\/tienda\\\/sin categor\u00eda\\\/estuche-skb-p-equipo-div-3r8608-8b-ew\\\/#primaryimage\"},\"image\":{\"@id\":\"https:\\\/\\\/www.mexicanguitarplayers.com\\\/tienda\\\/sin categor\u00eda\\\/estuche-skb-p-equipo-div-3r8608-8b-ew\\\/#primaryimage\"},\"thumbnailUrl\":\"https:\\\/\\\/www.mexicanguitarplayers.com\\\/wp-content\\\/uploads\\\/2025\\\/04\\\/VASKBR86088BEW.jpg\",\"datePublished\":\"2025-04-06T19:51:58+00:00\",\"dateModified\":\"2026-04-10T10:47:39+00:00\",\"description\":\"Estuche para equipo diverso, pr\u00e1cticas ruedas para facilitar el transporte con asa de remolque, acepta el candado combinado TSA 1SKB-PDL o 1SKB-PDL-C, dise\u00f1o resistente al agua y al polvo, LLDPE polietileno resistente a los impactos, UV solventes, corrosi\u00f3n y resistente a hongos, v\u00e1lvulas de alivio de presi\u00f3n, resistente a da\u00f1os por impacto, pestillos y bisagras de acero inoxidable, longitud interior: 86\u201d pulgadas (218.44 cm), ancho interior: 8\u201d pulgadas (20.32 cm), profundidad interior: 8\u201d pulgadas (20.32 cm), longitud exterior: 89\u201d pulgadas (226.06 cm), ancho exterior: 11\u201d pulgadas (27.94 cm), profundidad exterior: 9.4\u201d pulgadas (23.88 cm), profundidad de la tapa: 1.9\u201d pulgadas (4.83 cm), profundidad de la base: 6.10\u201d pulgadas (15.49 cm), peso: 15.74 kg.\",\"breadcrumb\":{\"@id\":\"https:\\\/\\\/www.mexicanguitarplayers.com\\\/tienda\\\/sin categor\u00eda\\\/estuche-skb-p-equipo-div-3r8608-8b-ew\\\/#breadcrumb\"},\"inLanguage\":\"en-US\",\"potentialAction\":[{\"@type\":\"ReadAction\",\"target\":[\"https:\\\/\\\/www.mexicanguitarplayers.com\\\/tienda\\\/sin categor\u00eda\\\/estuche-skb-p-equipo-div-3r8608-8b-ew\\\/\"]}]},{\"@type\":\"ImageObject\",\"inLanguage\":\"en-US\",\"@id\":\"https:\\\/\\\/www.mexicanguitarplayers.com\\\/tienda\\\/sin categor\u00eda\\\/estuche-skb-p-equipo-div-3r8608-8b-ew\\\/#primaryimage\",\"url\":\"https:\\\/\\\/www.mexicanguitarplayers.com\\\/wp-content\\\/uploads\\\/2025\\\/04\\\/VASKBR86088BEW.jpg\",\"contentUrl\":\"https:\\\/\\\/www.mexicanguitarplayers.com\\\/wp-content\\\/uploads\\\/2025\\\/04\\\/VASKBR86088BEW.jpg\",\"width\":1600,\"height\":800},{\"@type\":\"BreadcrumbList\",\"@id\":\"https:\\\/\\\/www.mexicanguitarplayers.com\\\/tienda\\\/sin categor\u00eda\\\/estuche-skb-p-equipo-div-3r8608-8b-ew\\\/#breadcrumb\",\"itemListElement\":[{\"@type\":\"ListItem\",\"position\":1,\"name\":\"Portada\",\"item\":\"https:\\\/\\\/www.mexicanguitarplayers.com\\\/\"},{\"@type\":\"ListItem\",\"position\":2,\"name\":\"Tienda\",\"item\":\"https:\\\/\\\/www.mexicanguitarplayers.com\\\/tienda\\\/\"},{\"@type\":\"ListItem\",\"position\":3,\"name\":\"ESTUCHE SKB P\\\/EQUIPO DIV. 3R8608-8B-EW\"}]},{\"@type\":\"WebSite\",\"@id\":\"https:\\\/\\\/www.mexicanguitarplayers.com\\\/#website\",\"url\":\"https:\\\/\\\/www.mexicanguitarplayers.com\\\/\",\"name\":\"Mexican Guitar Players\",\"description\":\"Website\",\"publisher\":{\"@id\":\"https:\\\/\\\/www.mexicanguitarplayers.com\\\/#organization\"},\"potentialAction\":[{\"@type\":\"SearchAction\",\"target\":{\"@type\":\"EntryPoint\",\"urlTemplate\":\"https:\\\/\\\/www.mexicanguitarplayers.com\\\/?s={search_term_string}\"},\"query-input\":{\"@type\":\"PropertyValueSpecification\",\"valueRequired\":true,\"valueName\":\"search_term_string\"}}],\"inLanguage\":\"en-US\"},{\"@type\":\"Organization\",\"@id\":\"https:\\\/\\\/www.mexicanguitarplayers.com\\\/#organization\",\"name\":\"Mexican Guitar Players\",\"url\":\"https:\\\/\\\/www.mexicanguitarplayers.com\\\/\",\"logo\":{\"@type\":\"ImageObject\",\"inLanguage\":\"en-US\",\"@id\":\"https:\\\/\\\/www.mexicanguitarplayers.com\\\/#\\\/schema\\\/logo\\\/image\\\/\",\"url\":\"\",\"contentUrl\":\"\",\"caption\":\"Mexican Guitar Players\"},\"image\":{\"@id\":\"https:\\\/\\\/www.mexicanguitarplayers.com\\\/#\\\/schema\\\/logo\\\/image\\\/\"}}]}<\/script>\n<!-- \/ Yoast SEO plugin. -->","yoast_head_json":{"title":"ESTUCHE SKB P\/EQUIPO DIV. 3R8608-8B-EW - Mexican Guitar Players","description":"Estuche para equipo diverso, pr\u00e1cticas ruedas para facilitar el transporte con asa de remolque, acepta el candado combinado TSA 1SKB-PDL o 1SKB-PDL-C, dise\u00f1o resistente al agua y al polvo, LLDPE polietileno resistente a los impactos, UV solventes, corrosi\u00f3n y resistente a hongos, v\u00e1lvulas de alivio de presi\u00f3n, resistente a da\u00f1os por impacto, pestillos y bisagras de acero inoxidable, longitud interior: 86\u201d pulgadas (218.44 cm), ancho interior: 8\u201d pulgadas (20.32 cm), profundidad interior: 8\u201d pulgadas (20.32 cm), longitud exterior: 89\u201d pulgadas (226.06 cm), ancho exterior: 11\u201d pulgadas (27.94 cm), profundidad exterior: 9.4\u201d pulgadas (23.88 cm), profundidad de la tapa: 1.9\u201d pulgadas (4.83 cm), profundidad de la base: 6.10\u201d pulgadas (15.49 cm), peso: 15.74 kg.","robots":{"index":"index","follow":"follow","max-snippet":"max-snippet:-1","max-image-preview":"max-image-preview:large","max-video-preview":"max-video-preview:-1"},"canonical":"https:\/\/www.mexicanguitarplayers.com\/en\/tienda\/sin categor\u00eda\/estuche-skb-p-equipo-div-3r8608-8b-ew\/","og_locale":"en_US","og_type":"article","og_title":"ESTUCHE SKB P\/EQUIPO DIV. 3R8608-8B-EW - Mexican Guitar Players","og_description":"Estuche para equipo diverso, pr\u00e1cticas ruedas para facilitar el transporte con asa de remolque, acepta el candado combinado TSA 1SKB-PDL o 1SKB-PDL-C, dise\u00f1o resistente al agua y al polvo, LLDPE polietileno resistente a los impactos, UV solventes, corrosi\u00f3n y resistente a hongos, v\u00e1lvulas de alivio de presi\u00f3n, resistente a da\u00f1os por impacto, pestillos y bisagras de acero inoxidable, longitud interior: 86\u201d pulgadas (218.44 cm), ancho interior: 8\u201d pulgadas (20.32 cm), profundidad interior: 8\u201d pulgadas (20.32 cm), longitud exterior: 89\u201d pulgadas (226.06 cm), ancho exterior: 11\u201d pulgadas (27.94 cm), profundidad exterior: 9.4\u201d pulgadas (23.88 cm), profundidad de la tapa: 1.9\u201d pulgadas (4.83 cm), profundidad de la base: 6.10\u201d pulgadas (15.49 cm), peso: 15.74 kg.","og_url":"https:\/\/www.mexicanguitarplayers.com\/en\/tienda\/sin categor\u00eda\/estuche-skb-p-equipo-div-3r8608-8b-ew\/","og_site_name":"Mexican Guitar Players","article_modified_time":"2026-04-10T10:47:39+00:00","twitter_card":"summary_large_image","twitter_misc":{"Est. reading time":"1 minute"},"schema":{"@context":"https:\/\/schema.org","@graph":[{"@type":["WebPage","ItemPage"],"@id":"https:\/\/www.mexicanguitarplayers.com\/tienda\/sin categor\u00eda\/estuche-skb-p-equipo-div-3r8608-8b-ew\/","url":"https:\/\/www.mexicanguitarplayers.com\/tienda\/sin categor\u00eda\/estuche-skb-p-equipo-div-3r8608-8b-ew\/","name":"ESTUCHE SKB P\/EQUIPO DIV. 3R8608-8B-EW - Mexican Guitar Players","isPartOf":{"@id":"https:\/\/www.mexicanguitarplayers.com\/#website"},"primaryImageOfPage":{"@id":"https:\/\/www.mexicanguitarplayers.com\/tienda\/sin categor\u00eda\/estuche-skb-p-equipo-div-3r8608-8b-ew\/#primaryimage"},"image":{"@id":"https:\/\/www.mexicanguitarplayers.com\/tienda\/sin categor\u00eda\/estuche-skb-p-equipo-div-3r8608-8b-ew\/#primaryimage"},"thumbnailUrl":"https:\/\/www.mexicanguitarplayers.com\/wp-content\/uploads\/2025\/04\/VASKBR86088BEW.jpg","datePublished":"2025-04-06T19:51:58+00:00","dateModified":"2026-04-10T10:47:39+00:00","description":"Estuche para equipo diverso, pr\u00e1cticas ruedas para facilitar el transporte con asa de remolque, acepta el candado combinado TSA 1SKB-PDL o 1SKB-PDL-C, dise\u00f1o resistente al agua y al polvo, LLDPE polietileno resistente a los impactos, UV solventes, corrosi\u00f3n y resistente a hongos, v\u00e1lvulas de alivio de presi\u00f3n, resistente a da\u00f1os por impacto, pestillos y bisagras de acero inoxidable, longitud interior: 86\u201d pulgadas (218.44 cm), ancho interior: 8\u201d pulgadas (20.32 cm), profundidad interior: 8\u201d pulgadas (20.32 cm), longitud exterior: 89\u201d pulgadas (226.06 cm), ancho exterior: 11\u201d pulgadas (27.94 cm), profundidad exterior: 9.4\u201d pulgadas (23.88 cm), profundidad de la tapa: 1.9\u201d pulgadas (4.83 cm), profundidad de la base: 6.10\u201d pulgadas (15.49 cm), peso: 15.74 kg.","breadcrumb":{"@id":"https:\/\/www.mexicanguitarplayers.com\/tienda\/sin categor\u00eda\/estuche-skb-p-equipo-div-3r8608-8b-ew\/#breadcrumb"},"inLanguage":"en-US","potentialAction":[{"@type":"ReadAction","target":["https:\/\/www.mexicanguitarplayers.com\/tienda\/sin categor\u00eda\/estuche-skb-p-equipo-div-3r8608-8b-ew\/"]}]},{"@type":"ImageObject","inLanguage":"en-US","@id":"https:\/\/www.mexicanguitarplayers.com\/tienda\/sin categor\u00eda\/estuche-skb-p-equipo-div-3r8608-8b-ew\/#primaryimage","url":"https:\/\/www.mexicanguitarplayers.com\/wp-content\/uploads\/2025\/04\/VASKBR86088BEW.jpg","contentUrl":"https:\/\/www.mexicanguitarplayers.com\/wp-content\/uploads\/2025\/04\/VASKBR86088BEW.jpg","width":1600,"height":800},{"@type":"BreadcrumbList","@id":"https:\/\/www.mexicanguitarplayers.com\/tienda\/sin categor\u00eda\/estuche-skb-p-equipo-div-3r8608-8b-ew\/#breadcrumb","itemListElement":[{"@type":"ListItem","position":1,"name":"Portada","item":"https:\/\/www.mexicanguitarplayers.com\/"},{"@type":"ListItem","position":2,"name":"Tienda","item":"https:\/\/www.mexicanguitarplayers.com\/tienda\/"},{"@type":"ListItem","position":3,"name":"ESTUCHE SKB P\/EQUIPO DIV. 3R8608-8B-EW"}]},{"@type":"WebSite","@id":"https:\/\/www.mexicanguitarplayers.com\/#website","url":"https:\/\/www.mexicanguitarplayers.com\/","name":"Mexican Guitar Players","description":"Website","publisher":{"@id":"https:\/\/www.mexicanguitarplayers.com\/#organization"},"potentialAction":[{"@type":"SearchAction","target":{"@type":"EntryPoint","urlTemplate":"https:\/\/www.mexicanguitarplayers.com\/?s={search_term_string}"},"query-input":{"@type":"PropertyValueSpecification","valueRequired":true,"valueName":"search_term_string"}}],"inLanguage":"en-US"},{"@type":"Organization","@id":"https:\/\/www.mexicanguitarplayers.com\/#organization","name":"Mexican Guitar Players","url":"https:\/\/www.mexicanguitarplayers.com\/","logo":{"@type":"ImageObject","inLanguage":"en-US","@id":"https:\/\/www.mexicanguitarplayers.com\/#\/schema\/logo\/image\/","url":"","contentUrl":"","caption":"Mexican Guitar Players"},"image":{"@id":"https:\/\/www.mexicanguitarplayers.com\/#\/schema\/logo\/image\/"}}]}},"brands":[{"id":609,"name":"SKB","slug":"skb"}],"_links":{"self":[{"href":"https:\/\/www.mexicanguitarplayers.com\/en\/wp-json\/wp\/v2\/product\/24247","targetHints":{"allow":["GET"]}}],"collection":[{"href":"https:\/\/www.mexicanguitarplayers.com\/en\/wp-json\/wp\/v2\/product"}],"about":[{"href":"https:\/\/www.mexicanguitarplayers.com\/en\/wp-json\/wp\/v2\/types\/product"}],"replies":[{"embeddable":true,"href":"https:\/\/www.mexicanguitarplayers.com\/en\/wp-json\/wp\/v2\/comments?post=24247"}],"wp:featuredmedia":[{"embeddable":true,"href":"https:\/\/www.mexicanguitarplayers.com\/en\/wp-json\/wp\/v2\/media\/24242"}],"wp:attachment":[{"href":"https:\/\/www.mexicanguitarplayers.com\/en\/wp-json\/wp\/v2\/media?parent=24247"}],"wp:term":[{"taxonomy":"pwb-brand","embeddable":true,"href":"https:\/\/www.mexicanguitarplayers.com\/en\/wp-json\/wp\/v2\/pwb-brand?post=24247"},{"taxonomy":"product_brand","embeddable":true,"href":"https:\/\/www.mexicanguitarplayers.com\/en\/wp-json\/wp\/v2\/product_brand?post=24247"},{"taxonomy":"product_cat","embeddable":true,"href":"https:\/\/www.mexicanguitarplayers.com\/en\/wp-json\/wp\/v2\/product_cat?post=24247"},{"taxonomy":"product_tag","embeddable":true,"href":"https:\/\/www.mexicanguitarplayers.com\/en\/wp-json\/wp\/v2\/product_tag?post=24247"}],"curies":[{"name":"wp","href":"https:\/\/api.w.org\/{rel}","templated":true}]}}