{"id":24250,"date":"2025-04-06T13:52:03","date_gmt":"2025-04-06T19:52:03","guid":{"rendered":"https:\/\/www.mexicanguitarplayers.com\/tienda\/sin categor\u00eda\/bajo-washburn-electrico-xb105\/"},"modified":"2026-04-10T04:47:39","modified_gmt":"2026-04-10T10:47:39","slug":"bajo-washburn-electrico-xb105","status":"publish","type":"product","link":"https:\/\/www.mexicanguitarplayers.com\/en\/tienda\/cuerdas\/bajos\/electricos\/electricos-activos\/bajo-washburn-electrico-xb105\/","title":{"rendered":"BAJO WASHBURN ELECTRICO XB105"},"content":{"rendered":"<div style=\"text-align: justify\">\n<div>\n<h3>Gran versatilidad, un bajo para todo tipo de m\u00fasica.<\/h3>\n<\/div>\n<div>Washburn fabrica guitarras el\u00e9ctricas, guitarras ac\u00fasticas, bajos el\u00e9ctricos, bajos ac\u00fasticos, banjos, mandolinas, guitarras de viaje, y amplificadores. Washburn ha ido ganando mucho reconocimiento en los \u00faltimos a\u00f1os, especialmente en el metal extremo, el hardcore punk y las escenas post-rock.ha fabricado y dise\u00f1ado guitarras el\u00e9ctricas, ac\u00fasticas y bajos y ha sido la marca favorita de guitarristas como Dimebag Darrell, Scott Ian, Jennifer Batten, Nuno Bettencourt, Stu Hamm, Paul Stanley y muchos m\u00e1s\u2026 Serie de bajos XB, bajos s\u00faper c\u00f3modos por su dise\u00f1o con descanso para el antebrazo (desvanecido en el XB100). Gran versatilidad por su configuraci\u00f3n electr\u00f3nica lo que lo hace ideal para todo tipo de m\u00fasica, desde el Pop, rock, jazz, funk y m\u00fasica vers\u00e1til. Un bajo para toda a vida\u2026 <\/div>\n<div>\n<h4>Quick look<\/h4>\n<\/div>\n<ul style=\"margin: 0px 0px 0px 25px\">\n<li style=\"list-style-type: circle;margin: 5px\">Cuerpo de Alder<\/li>\n<li style=\"list-style-type: circle;margin: 5px\">5 cuerdas<\/li>\n<\/ul>\n<div>\n<div style=\"font-weight: bold\">Cuerpo de Alder<\/div>\n<div>\n<p>El Alder es una madera muy maleable de grano cerraddo utilizada por los fabricantes de instrumentos por su gran homogeneidad sonora y gran reproducci\u00f3n de graves.<\/p>\n<\/div>\n<div style=\"font-weight: bold\">5 cuerdas<\/div>\n<div>\n<\/div>\n<\/div>\n<\/div>","protected":false},"excerpt":{"rendered":"<p>CUERPO DE ALDER,ESCALA 864 MM,20 TRASTES,BOLT ON,BRAZO MAPLE,5 CUERDAS,RADIO 400MM,DIAPASON EN PALO DE ROSA,VOLUMEN Y TONO,PASTILLA MEDIA&hellip; <a class=\"kt-excerpt-readmore more-link\" href=\"https:\/\/www.mexicanguitarplayers.com\/en\/tienda\/cuerdas\/bajos\/electricos\/electricos-activos\/bajo-washburn-electrico-xb105\/\">Read more<\/a><\/p>","protected":false},"featured_media":24248,"comment_status":"open","ping_status":"closed","template":"","meta":{"kt_blocks_editor_width":""},"pwb-brand":[178],"product_brand":[],"product_cat":[317,224,318,326],"product_tag":[],"class_list":{"0":"post-24250","1":"product","2":"type-product","3":"status-publish","4":"has-post-thumbnail","6":"pwb-brand-washburn","7":"product_cat-bajos","8":"product_cat-cuerdas","9":"product_cat-electricos","10":"product_cat-electricos-activos","11":"product_shipping_class-5-10-kg","13":"first","14":"outofstock","15":"taxable","16":"shipping-taxable","17":"purchasable","18":"product-type-simple"},"yoast_head":"<!-- This site is optimized with the Yoast SEO plugin v27.5 - https:\/\/yoast.com\/product\/yoast-seo-wordpress\/ -->\n<title>BAJO WASHBURN ELECTRICO XB105 - Mexican Guitar Players<\/title>\n<meta name=\"description\" content=\"CUERPO DE ALDER,ESCALA 864 MM,20 TRASTES,BOLT ON,BRAZO MAPLE,5 CUERDAS,RADIO 400MM,DIAPASON EN PALO DE ROSA,VOLUMEN Y TONO,PASTILLA MEDIA\" \/>\n<meta name=\"robots\" content=\"index, follow, max-snippet:-1, max-image-preview:large, max-video-preview:-1\" \/>\n<link rel=\"canonical\" href=\"https:\/\/www.mexicanguitarplayers.com\/en\/tienda\/sin%20categor\u00eda\/bajo-washburn-electrico-xb105\/\" \/>\n<meta property=\"og:locale\" content=\"en_US\" \/>\n<meta property=\"og:type\" content=\"article\" \/>\n<meta property=\"og:title\" content=\"BAJO WASHBURN ELECTRICO XB105 - Mexican Guitar Players\" \/>\n<meta property=\"og:description\" content=\"CUERPO DE ALDER,ESCALA 864 MM,20 TRASTES,BOLT ON,BRAZO MAPLE,5 CUERDAS,RADIO 400MM,DIAPASON EN PALO DE ROSA,VOLUMEN Y TONO,PASTILLA MEDIA\" \/>\n<meta property=\"og:url\" content=\"https:\/\/www.mexicanguitarplayers.com\/en\/tienda\/sin categor\u00eda\/bajo-washburn-electrico-xb105\/\" \/>\n<meta property=\"og:site_name\" content=\"Mexican Guitar Players\" \/>\n<meta property=\"article:modified_time\" content=\"2026-04-10T10:47:39+00:00\" \/>\n<meta name=\"twitter:card\" content=\"summary_large_image\" \/>\n<meta name=\"twitter:label1\" content=\"Est. reading time\" \/>\n\t<meta name=\"twitter:data1\" content=\"1 minute\" \/>\n<script type=\"application\/ld+json\" class=\"yoast-schema-graph\">{\"@context\":\"https:\\\/\\\/schema.org\",\"@graph\":[{\"@type\":[\"WebPage\",\"ItemPage\"],\"@id\":\"https:\\\/\\\/www.mexicanguitarplayers.com\\\/tienda\\\/sin categor\u00eda\\\/bajo-washburn-electrico-xb105\\\/\",\"url\":\"https:\\\/\\\/www.mexicanguitarplayers.com\\\/tienda\\\/sin categor\u00eda\\\/bajo-washburn-electrico-xb105\\\/\",\"name\":\"BAJO WASHBURN ELECTRICO XB105 - Mexican Guitar Players\",\"isPartOf\":{\"@id\":\"https:\\\/\\\/www.mexicanguitarplayers.com\\\/#website\"},\"primaryImageOfPage\":{\"@id\":\"https:\\\/\\\/www.mexicanguitarplayers.com\\\/tienda\\\/sin categor\u00eda\\\/bajo-washburn-electrico-xb105\\\/#primaryimage\"},\"image\":{\"@id\":\"https:\\\/\\\/www.mexicanguitarplayers.com\\\/tienda\\\/sin categor\u00eda\\\/bajo-washburn-electrico-xb105\\\/#primaryimage\"},\"thumbnailUrl\":\"https:\\\/\\\/www.mexicanguitarplayers.com\\\/wp-content\\\/uploads\\\/2025\\\/04\\\/ISWASXB105.jpg\",\"datePublished\":\"2025-04-06T19:52:03+00:00\",\"dateModified\":\"2026-04-10T10:47:39+00:00\",\"description\":\"CUERPO DE ALDER,ESCALA 864 MM,20 TRASTES,BOLT ON,BRAZO MAPLE,5 CUERDAS,RADIO 400MM,DIAPASON EN PALO DE ROSA,VOLUMEN Y TONO,PASTILLA MEDIA\",\"breadcrumb\":{\"@id\":\"https:\\\/\\\/www.mexicanguitarplayers.com\\\/tienda\\\/sin categor\u00eda\\\/bajo-washburn-electrico-xb105\\\/#breadcrumb\"},\"inLanguage\":\"en-US\",\"potentialAction\":[{\"@type\":\"ReadAction\",\"target\":[\"https:\\\/\\\/www.mexicanguitarplayers.com\\\/tienda\\\/sin categor\u00eda\\\/bajo-washburn-electrico-xb105\\\/\"]}]},{\"@type\":\"ImageObject\",\"inLanguage\":\"en-US\",\"@id\":\"https:\\\/\\\/www.mexicanguitarplayers.com\\\/tienda\\\/sin categor\u00eda\\\/bajo-washburn-electrico-xb105\\\/#primaryimage\",\"url\":\"https:\\\/\\\/www.mexicanguitarplayers.com\\\/wp-content\\\/uploads\\\/2025\\\/04\\\/ISWASXB105.jpg\",\"contentUrl\":\"https:\\\/\\\/www.mexicanguitarplayers.com\\\/wp-content\\\/uploads\\\/2025\\\/04\\\/ISWASXB105.jpg\",\"width\":300,\"height\":300},{\"@type\":\"BreadcrumbList\",\"@id\":\"https:\\\/\\\/www.mexicanguitarplayers.com\\\/tienda\\\/sin categor\u00eda\\\/bajo-washburn-electrico-xb105\\\/#breadcrumb\",\"itemListElement\":[{\"@type\":\"ListItem\",\"position\":1,\"name\":\"Portada\",\"item\":\"https:\\\/\\\/www.mexicanguitarplayers.com\\\/\"},{\"@type\":\"ListItem\",\"position\":2,\"name\":\"Tienda\",\"item\":\"https:\\\/\\\/www.mexicanguitarplayers.com\\\/tienda\\\/\"},{\"@type\":\"ListItem\",\"position\":3,\"name\":\"BAJO WASHBURN ELECTRICO XB105\"}]},{\"@type\":\"WebSite\",\"@id\":\"https:\\\/\\\/www.mexicanguitarplayers.com\\\/#website\",\"url\":\"https:\\\/\\\/www.mexicanguitarplayers.com\\\/\",\"name\":\"Mexican Guitar Players\",\"description\":\"Website\",\"publisher\":{\"@id\":\"https:\\\/\\\/www.mexicanguitarplayers.com\\\/#organization\"},\"potentialAction\":[{\"@type\":\"SearchAction\",\"target\":{\"@type\":\"EntryPoint\",\"urlTemplate\":\"https:\\\/\\\/www.mexicanguitarplayers.com\\\/?s={search_term_string}\"},\"query-input\":{\"@type\":\"PropertyValueSpecification\",\"valueRequired\":true,\"valueName\":\"search_term_string\"}}],\"inLanguage\":\"en-US\"},{\"@type\":\"Organization\",\"@id\":\"https:\\\/\\\/www.mexicanguitarplayers.com\\\/#organization\",\"name\":\"Mexican Guitar Players\",\"url\":\"https:\\\/\\\/www.mexicanguitarplayers.com\\\/\",\"logo\":{\"@type\":\"ImageObject\",\"inLanguage\":\"en-US\",\"@id\":\"https:\\\/\\\/www.mexicanguitarplayers.com\\\/#\\\/schema\\\/logo\\\/image\\\/\",\"url\":\"\",\"contentUrl\":\"\",\"caption\":\"Mexican Guitar Players\"},\"image\":{\"@id\":\"https:\\\/\\\/www.mexicanguitarplayers.com\\\/#\\\/schema\\\/logo\\\/image\\\/\"}}]}<\/script>\n<!-- \/ Yoast SEO plugin. -->","yoast_head_json":{"title":"BAJO WASHBURN ELECTRICO XB105 - Mexican Guitar Players","description":"CUERPO DE ALDER,ESCALA 864 MM,20 TRASTES,BOLT ON,BRAZO MAPLE,5 CUERDAS,RADIO 400MM,DIAPASON EN PALO DE ROSA,VOLUMEN Y TONO,PASTILLA MEDIA","robots":{"index":"index","follow":"follow","max-snippet":"max-snippet:-1","max-image-preview":"max-image-preview:large","max-video-preview":"max-video-preview:-1"},"canonical":"https:\/\/www.mexicanguitarplayers.com\/en\/tienda\/sin categor\u00eda\/bajo-washburn-electrico-xb105\/","og_locale":"en_US","og_type":"article","og_title":"BAJO WASHBURN ELECTRICO XB105 - Mexican Guitar Players","og_description":"CUERPO DE ALDER,ESCALA 864 MM,20 TRASTES,BOLT ON,BRAZO MAPLE,5 CUERDAS,RADIO 400MM,DIAPASON EN PALO DE ROSA,VOLUMEN Y TONO,PASTILLA MEDIA","og_url":"https:\/\/www.mexicanguitarplayers.com\/en\/tienda\/sin categor\u00eda\/bajo-washburn-electrico-xb105\/","og_site_name":"Mexican Guitar Players","article_modified_time":"2026-04-10T10:47:39+00:00","twitter_card":"summary_large_image","twitter_misc":{"Est. reading time":"1 minute"},"schema":{"@context":"https:\/\/schema.org","@graph":[{"@type":["WebPage","ItemPage"],"@id":"https:\/\/www.mexicanguitarplayers.com\/tienda\/sin categor\u00eda\/bajo-washburn-electrico-xb105\/","url":"https:\/\/www.mexicanguitarplayers.com\/tienda\/sin categor\u00eda\/bajo-washburn-electrico-xb105\/","name":"BAJO WASHBURN ELECTRICO XB105 - Mexican Guitar Players","isPartOf":{"@id":"https:\/\/www.mexicanguitarplayers.com\/#website"},"primaryImageOfPage":{"@id":"https:\/\/www.mexicanguitarplayers.com\/tienda\/sin categor\u00eda\/bajo-washburn-electrico-xb105\/#primaryimage"},"image":{"@id":"https:\/\/www.mexicanguitarplayers.com\/tienda\/sin categor\u00eda\/bajo-washburn-electrico-xb105\/#primaryimage"},"thumbnailUrl":"https:\/\/www.mexicanguitarplayers.com\/wp-content\/uploads\/2025\/04\/ISWASXB105.jpg","datePublished":"2025-04-06T19:52:03+00:00","dateModified":"2026-04-10T10:47:39+00:00","description":"CUERPO DE ALDER,ESCALA 864 MM,20 TRASTES,BOLT ON,BRAZO MAPLE,5 CUERDAS,RADIO 400MM,DIAPASON EN PALO DE ROSA,VOLUMEN Y TONO,PASTILLA MEDIA","breadcrumb":{"@id":"https:\/\/www.mexicanguitarplayers.com\/tienda\/sin categor\u00eda\/bajo-washburn-electrico-xb105\/#breadcrumb"},"inLanguage":"en-US","potentialAction":[{"@type":"ReadAction","target":["https:\/\/www.mexicanguitarplayers.com\/tienda\/sin categor\u00eda\/bajo-washburn-electrico-xb105\/"]}]},{"@type":"ImageObject","inLanguage":"en-US","@id":"https:\/\/www.mexicanguitarplayers.com\/tienda\/sin categor\u00eda\/bajo-washburn-electrico-xb105\/#primaryimage","url":"https:\/\/www.mexicanguitarplayers.com\/wp-content\/uploads\/2025\/04\/ISWASXB105.jpg","contentUrl":"https:\/\/www.mexicanguitarplayers.com\/wp-content\/uploads\/2025\/04\/ISWASXB105.jpg","width":300,"height":300},{"@type":"BreadcrumbList","@id":"https:\/\/www.mexicanguitarplayers.com\/tienda\/sin categor\u00eda\/bajo-washburn-electrico-xb105\/#breadcrumb","itemListElement":[{"@type":"ListItem","position":1,"name":"Portada","item":"https:\/\/www.mexicanguitarplayers.com\/"},{"@type":"ListItem","position":2,"name":"Tienda","item":"https:\/\/www.mexicanguitarplayers.com\/tienda\/"},{"@type":"ListItem","position":3,"name":"BAJO WASHBURN ELECTRICO XB105"}]},{"@type":"WebSite","@id":"https:\/\/www.mexicanguitarplayers.com\/#website","url":"https:\/\/www.mexicanguitarplayers.com\/","name":"Mexican Guitar Players","description":"Website","publisher":{"@id":"https:\/\/www.mexicanguitarplayers.com\/#organization"},"potentialAction":[{"@type":"SearchAction","target":{"@type":"EntryPoint","urlTemplate":"https:\/\/www.mexicanguitarplayers.com\/?s={search_term_string}"},"query-input":{"@type":"PropertyValueSpecification","valueRequired":true,"valueName":"search_term_string"}}],"inLanguage":"en-US"},{"@type":"Organization","@id":"https:\/\/www.mexicanguitarplayers.com\/#organization","name":"Mexican Guitar Players","url":"https:\/\/www.mexicanguitarplayers.com\/","logo":{"@type":"ImageObject","inLanguage":"en-US","@id":"https:\/\/www.mexicanguitarplayers.com\/#\/schema\/logo\/image\/","url":"","contentUrl":"","caption":"Mexican Guitar Players"},"image":{"@id":"https:\/\/www.mexicanguitarplayers.com\/#\/schema\/logo\/image\/"}}]}},"brands":[{"id":178,"name":"WASHBURN","slug":"washburn"}],"_links":{"self":[{"href":"https:\/\/www.mexicanguitarplayers.com\/en\/wp-json\/wp\/v2\/product\/24250","targetHints":{"allow":["GET"]}}],"collection":[{"href":"https:\/\/www.mexicanguitarplayers.com\/en\/wp-json\/wp\/v2\/product"}],"about":[{"href":"https:\/\/www.mexicanguitarplayers.com\/en\/wp-json\/wp\/v2\/types\/product"}],"replies":[{"embeddable":true,"href":"https:\/\/www.mexicanguitarplayers.com\/en\/wp-json\/wp\/v2\/comments?post=24250"}],"wp:featuredmedia":[{"embeddable":true,"href":"https:\/\/www.mexicanguitarplayers.com\/en\/wp-json\/wp\/v2\/media\/24248"}],"wp:attachment":[{"href":"https:\/\/www.mexicanguitarplayers.com\/en\/wp-json\/wp\/v2\/media?parent=24250"}],"wp:term":[{"taxonomy":"pwb-brand","embeddable":true,"href":"https:\/\/www.mexicanguitarplayers.com\/en\/wp-json\/wp\/v2\/pwb-brand?post=24250"},{"taxonomy":"product_brand","embeddable":true,"href":"https:\/\/www.mexicanguitarplayers.com\/en\/wp-json\/wp\/v2\/product_brand?post=24250"},{"taxonomy":"product_cat","embeddable":true,"href":"https:\/\/www.mexicanguitarplayers.com\/en\/wp-json\/wp\/v2\/product_cat?post=24250"},{"taxonomy":"product_tag","embeddable":true,"href":"https:\/\/www.mexicanguitarplayers.com\/en\/wp-json\/wp\/v2\/product_tag?post=24250"}],"curies":[{"name":"wp","href":"https:\/\/api.w.org\/{rel}","templated":true}]}}