{"id":24257,"date":"2025-04-06T13:52:28","date_gmt":"2025-04-06T19:52:28","guid":{"rendered":"https:\/\/www.mexicanguitarplayers.com\/tienda\/sin categor\u00eda\/medusa-behringer-digital-mod-sd16\/"},"modified":"2026-04-10T04:47:38","modified_gmt":"2026-04-10T10:47:38","slug":"medusa-behringer-digital-mod-sd16","status":"publish","type":"product","link":"https:\/\/www.mexicanguitarplayers.com\/en\/tienda\/audio\/interfaces\/medusa-behringer-digital-mod-sd16\/","title":{"rendered":"MEDUSA BEHRINGER DIGITAL MOD. SD16"},"content":{"rendered":"<div style=\"text-align: justify\">\n<div>\n<h3>Lib\u00e9rate de engorrosos snakes.<\/h3>\n<\/div>\n<div>La mezcla digital ha revolucionado virtualmente en todo el flujo de trabajo de producci\u00f3n en vivo. Ahora hemos llegado a la soluci\u00f3n perfecta para conectar el talento del escenario con tu consola Front of House (FOH) y el resto del mundo, el ultra cool y asequible snake digital SD16. Ofrece 16 preamplificadores de micr\u00f3fono controlables a distancia dise\u00f1ados por Midas, 8 retornos XLR an\u00e1logos balanceados adem\u00e1s de un concentrador de distribuci\u00f3n integrado ULTRANET de 4 puertos para conexi\u00f3n directa a nuestro sistema de mezcladoras de monitoreo personal P16-M sin necesidad de hardware adicional. Adem\u00e1s, el SD16 es extremadamente compacto y viene con robustos parachoques de protecci\u00f3n, por lo que podr\u00e1s ponerlo sobre el escenario justo en donde lo necesites. La mejor parte es que todo lo que necesitas es un cable CAT5 blindado por snake (hasta 100 metros de longitud). Y si necesitas m\u00e1s entradas o simplemente quieres mantener tu cable corto y ordenado, puedes poner un SD16 al frente del escenario y otro detr\u00e1s de la bater\u00eda y tendr\u00e1s 16 entradas adicionales para microfon\u00eda de bater\u00eda, guitarra y bajo. Cuando se utiliza como parte de un sistema X32 completo, hasta 3 snakes pueden ser conectados en cascada a trav\u00e9s de puertos AES50 incorporados para proporcionar hasta 48 entradas bidireccionales y 24 salidas XLR balanceadas. Un concentrador de distribuci\u00f3n ULTRANET proporciona energ\u00eda y 16 canales de audio a 4 mezcladoras de monitoreo personal Behringer POWERPLAY P16-M por SD16, todo a trav\u00e9s de cableado CAT5e blindado de bajo costo y sin necesidad de hardware adicional. Dos de las entradas programables son tambi\u00e9n compatibles con fuentes Hi-Z para poder conectar teclados, guitarras y bajos ac\u00fasticos, etc., sin necesidad de una caja directa. El snake SD16 cuenta tambi\u00e9n con un puerto USB para r\u00e1pidas y sencillas actualizaciones del sistema a trav\u00e9s de tu PC. MIDAS &#8211; La leyenda de calidad en sonido. Desde su formaci\u00f3n en la d\u00e9cada de 1970, MIDAS ha tenido una larga historia de innovaci\u00f3n y liderazgo en el mundo de las consolas de mezcla de audio. Empleados por los conciertos m\u00e1s famosos e instalaciones alrededor del mundo, las legendarias consolas MIDAS como la XL4 y la Heritage H3000 se convirtieron r\u00e1pidamente en los est\u00e1ndares de la industria. MIDAS ha ganado su impecable reputaci\u00f3n debido a su enfoque sin compromiso para el audio y la calidad de construcci\u00f3n y en particular por sus galardonados preamplificadores de micr\u00f3fono, considerados por los expertos en la industria como los de mejor dise\u00f1o de sonido. Bas\u00e1ndose en este legado, la XL8 y la serie PRO de Live Mixing Systems contin\u00faan con esta gran herencia de calidad premiada de audio. Behringer se enorgullece de incorporar estos preamplificadores de micr\u00f3fono dise\u00f1ados por MIDAS para ofrecer lo \u00faltimo en reproducci\u00f3n de audio de alta calidad, tanto en entornos de show en vivo como en estudio. Preamplificadores remotos y controlables. El snake SD16 es el sue\u00f1o de todo ingeniero de audio en vivo. La configuraci\u00f3n es extremadamente f\u00e1cil, con pr\u00e1cticamente todos los controles de par\u00e1metros que tienen lugar en la consola, incluyendo los premiados preamplificadores de micr\u00f3fono dise\u00f1ados por MIDAS con alimentaci\u00f3n phantom de +48V, enrutamiento de destino, etc. S\u00f3lo tienes que colocar el SD16 en donde lo necesites, corre un poco de cable CAT5e, micr\u00f3fonos y cables de instrumento y lleva hacia la consola. El SD16 hace que el escenario sea pr\u00e1cticamente a prueba de todo. 8 salidas XLR servo balanceadas. El SD16 cuenta con 8 salidas XLR balanceadas, lo que te permite conectarte a tus amplificadores, altavoces activos y monitores. Gracias a su clase de referencia Cirrus Logic de 24 bits, la operaci\u00f3n digital del SD16 elimina incluso la m\u00e1s m\u00ednima posibilidad de interferencia de radiofrecuencia (RFI) y crosstalk. Obtendr\u00e1s un rendimiento de audio ultra-pr\u00edstino sin importar la aplicaci\u00f3n, algo inaudito en esta clase. ULTRANET &#8211; Integraci\u00f3n perfecta. Los ingenieros de renombre mundial de Klark Teknik, Midas, Turbosound y Behringer se han unido para crear algo realmente innovador que cambiar\u00e1 el flujo de trabajo en vivo y en estudio para siempre, bienvenido a ULTRANET. Esta revolucionaria tecnolog\u00eda transmite sin problemas hasta 16 canales independientes de audio digital de 24 bits y datos de control a trav\u00e9s de un s\u00f3lo cable CAT 5e entre dispositivos compatibles, incluyendo mezcladoras, cajas I\/O de escenario, altavoces amplificados y sistemas de monitoreo personal. Las ventajas realizadas a trav\u00e9s de la red digital ULTRANET contra m\u00e9todos anal\u00f3gicos tradicionales, incluyen: Todas las se\u00f1ales de audio son impermeables a la interferencia de radiofrecuencia (RFI), se elimina la interferencia de se\u00f1al y la facilidad de uso se traduce directamente en una cantidad significativa de tiempo ahorrado durante la configuraci\u00f3n o instalaci\u00f3n del show. Adem\u00e1s, el concentrador de distribuci\u00f3n ULTRANET del SD16 suministra alimentaci\u00f3n phantom sobre CAT5 directamente a las mezcladoras de monitoreo personal P16-M eliminado la necesidad de adaptadores de alimentaci\u00f3n externos. ULTRANET realiza un potente ecosistema digital que le brinda una facilidad de despliegue, rendimiento y control incomparables para los sistemas de monitoreo personas Behringer P16 y las series de altavoces iQ de Turbosound.<\/div>\n<div>\n<h4>Quick look<\/h4>\n<\/div>\n<ul style=\"margin: 0px 0px 0px 25px\">\n<li style=\"list-style-type: circle;margin: 5px\">Procesamiento.<\/li>\n<li style=\"list-style-type: circle;margin: 5px\">Connectors.<\/li>\n<li style=\"list-style-type: circle;margin: 5px\">Entrada de micr\u00f3fono.<\/li>\n<li style=\"list-style-type: circle;margin: 5px\">Entrada\/Salida.<\/li>\n<li style=\"list-style-type: circle;margin: 5px\">Departure.<\/li>\n<li style=\"list-style-type: circle;margin: 5px\">Red AES50 SuperMac @ 48 o 44.1 kHz, 24-bit PCM: 2 x 4 canales, bidireccional.<\/li>\n<li style=\"list-style-type: circle;margin: 5px\">Energy.<\/li>\n<li style=\"list-style-type: circle;margin: 5px\">Temperatura de funcionamiento.<\/li>\n<li style=\"list-style-type: circle;margin: 5px\">Dimensions.<\/li>\n<li style=\"list-style-type: circle;margin: 5px\">Weight.<\/li>\n<\/ul>\n<div>\n<div style=\"font-weight: bold\">Procesamiento.<\/div>\n<div>\n<p>Conversi\u00f3n A\/D-D\/A (Cirrus Logic A\/D CS5368m D\/A CS4385): 24 bit @ 44.1 \/ 48 kHz, 114 dB rango din\u00e1mico. Latencia de red I\/O (stagebox in &gt; console processing*&gt; stagebox out): 1.1 ms.<\/p>\n<\/div>\n<div style=\"font-weight: bold\">Connectors.<\/div>\n<div>\n<p>Preamps de micr\u00f3fono programables, dise\u00f1ados por MIDAS, combo XLR\/TRS balanceado: 16. Salidas de l\u00ednea, XLR balanceado: 8. Salidas ULTRANET RJ45 (fuente de alimentaci\u00f3n para mezcladoras personales Behringer P16-M): 4. Red AES50 SuperMac, Neutrik EtherCON: 2. Puerto USB para actualizaciones del sistema, tipo B: 1.<\/p>\n<\/div>\n<div style=\"font-weight: bold\">Entrada de micr\u00f3fono.<\/div>\n<div>\n<p>Dise\u00f1o de preamp: MIDAS. THD+Noise, 20 dB ganancia, 0 dBu salida: 60 dB. CMRR, XLR @ 40 dB ganancia: &gt;65 dB.<\/p>\n<\/div>\n<div style=\"font-weight: bold\">Entrada\/Salida.<\/div>\n<div>\n<p>Rango de frecuencia @ 48 kHz tasa de muestreo, 0 dB a -1 dB: 10 Hz &#8211; 22 kHz. Rango din\u00e1mico, entrada an\u00e1loga de micr\u00f3fono a salida an\u00e1loga (t\u00edpico): 105 dB. Rango din\u00e1mico A\/D, mic preamp a convertidor (t\u00edpico): 109 dB. Rango din\u00e1mico D\/A, convertidor y salida: 108 dB. Rechazo de crosstalk @ 1 kHz, canales adyacentes: 90 dB. Impedancia de entrada de micr\u00f3fono, jack XLR balanceado \/ desbalanceado: 5 kohms \/ 10 kohms. Nivel de entrada m\u00e1ximo sin clip, XLR: +23 dBu. Impedancia de entrada Hi-Z, TRS Jack, balanceado \/ desbalanceado: 2 mohms \/ 1 mohm. Impedancia de entrada de l\u00ednea TRS Jack balanceado \/ desbalanceado: 40 kohms \/ 20 kohms. Nivel de entrada m\u00e1ximo sin clip, TRS: +21 dBu.<\/p>\n<\/div>\n<div style=\"font-weight: bold\">Departure.<\/div>\n<div>\n<p>Impedancia de salida, XLR, balanceado y desbalanceado: 50 ohms. Nivel de salida XLR: Nominal: dBu, M\u00e1ximo: +21 dBu. Nivel de ruido residual XLR: -88 dBu ponderado A.<\/p>\n<\/div>\n<div style=\"font-weight: bold\">Red AES50 SuperMac @ 48 o 44.1 kHz, 24-bit PCM: 2 x 4 canales, bidireccional.<\/div>\n<div>\n<p>Longitud del cable AES50 SuperMac: Hasta 100 metros. Red ULTRANET @ 48 o 44.1 kHz, 16-bit PCM: 1 x 16 canales, unidireccional. Longitud del cable ULTRANET, CAT5 blindado: Hasta 75 metros. Alimentaci\u00f3n phantom para mezcladoras personales P16-M: 2 salidas amplificadas.<\/p>\n<\/div>\n<div style=\"font-weight: bold\">Energy.<\/div>\n<div>\n<p>Fuente de alimentaci\u00f3n de modo conmutable de auto rango: 100-240V (50\/60 Hz). Consumo de energ\u00eda: 45 watts.<\/p>\n<\/div>\n<div style=\"font-weight: bold\">Temperatura de funcionamiento.<\/div>\n<div>\n<p>Rango de temperatura operativa est\u00e1ndar: 5\u00b0C &#8211; 40\u00b0C.<\/p>\n<\/div>\n<div style=\"font-weight: bold\">Dimensions.<\/div>\n<div>\n<p>333 x 149 x 140 mm.<\/p>\n<\/div>\n<div style=\"font-weight: bold\">Weight.<\/div>\n<div>\n<p>3.2 kg.<\/p>\n<\/div>\n<\/div>\n<\/div>","protected":false},"excerpt":{"rendered":"<p>Snake digital con 16 preamps combo MIDAS de micr\u00f3fono totalmente programables, 8 salidas XLR servo balanceadas, puertos de red AES50  con capacidad de red SuperMAC de Klark Teknik para jitter y latencia ultra baja, hub de distribuci\u00f3n ULTRANET de 4 puertos para mezcladoras de monitoreo P16-M de Behringer, conectividad de audio y control digital para sistemas de altavoces Turbosound con capacidad de red ULTRANET, incluye accesorios para montaje en rack para aplicaciones de instalaci\u00f3n y m\u00f3viles, puerto doble AES50 para conectar varias unidades en cascada, sin marcador o ruteador, operaci\u00f3n remota a trav\u00e9s de cable CAT5e blindado de hasta 100 metros de longitud, conector USB para actualizaciones del sistema por medio de PC, chasis de acero ultra compacto y resistente, dimensiones: 333 x 149x 140 mm, peso: 3.2 kg.&hellip; <a class=\"kt-excerpt-readmore more-link\" href=\"https:\/\/www.mexicanguitarplayers.com\/en\/tienda\/audio\/interfaces\/medusa-behringer-digital-mod-sd16\/\">Read more<\/a><\/p>","protected":false},"featured_media":24251,"comment_status":"open","ping_status":"closed","template":"","meta":{"kt_blocks_editor_width":""},"pwb-brand":[171],"product_brand":[],"product_cat":[213,233],"product_tag":[],"class_list":{"0":"post-24257","1":"product","2":"type-product","3":"status-publish","4":"has-post-thumbnail","6":"pwb-brand-behringer","7":"product_cat-audio","8":"product_cat-interfaces","9":"product_shipping_class-0-5-kg","11":"first","12":"outofstock","13":"taxable","14":"shipping-taxable","15":"purchasable","16":"product-type-simple"},"yoast_head":"<!-- This site is optimized with the Yoast SEO plugin v27.6 - https:\/\/yoast.com\/product\/yoast-seo-wordpress\/ -->\n<title>MEDUSA BEHRINGER DIGITAL MOD. SD16 - Mexican Guitar Players<\/title>\n<meta name=\"description\" content=\"Snake digital con 16 preamps combo MIDAS de micr\u00f3fono totalmente programables, 8 salidas XLR servo balanceadas, puertos de red AES50 con capacidad de red SuperMAC de Klark Teknik para jitter y latencia ultra baja, hub de distribuci\u00f3n ULTRANET de 4 puertos para mezcladoras de monitoreo P16-M de Behringer, conectividad de audio y control digital para sistemas de altavoces Turbosound con capacidad de red ULTRANET, incluye accesorios para montaje en rack para aplicaciones de instalaci\u00f3n y m\u00f3viles, puerto doble AES50 para conectar varias unidades en cascada, sin marcador o ruteador, operaci\u00f3n remota a trav\u00e9s de cable CAT5e blindado de hasta 100 metros de longitud, conector USB para actualizaciones del sistema por medio de PC, chasis de acero ultra compacto y resistente, dimensiones: 333 x 149x 140 mm, peso: 3.2 kg.\" \/>\n<meta name=\"robots\" content=\"index, follow, max-snippet:-1, max-image-preview:large, max-video-preview:-1\" \/>\n<link rel=\"canonical\" href=\"https:\/\/www.mexicanguitarplayers.com\/en\/tienda\/sin%20categor\u00eda\/medusa-behringer-digital-mod-sd16\/\" \/>\n<meta property=\"og:locale\" content=\"en_US\" \/>\n<meta property=\"og:type\" content=\"article\" \/>\n<meta property=\"og:title\" content=\"MEDUSA BEHRINGER DIGITAL MOD. SD16 - Mexican Guitar Players\" \/>\n<meta property=\"og:description\" content=\"Snake digital con 16 preamps combo MIDAS de micr\u00f3fono totalmente programables, 8 salidas XLR servo balanceadas, puertos de red AES50 con capacidad de red SuperMAC de Klark Teknik para jitter y latencia ultra baja, hub de distribuci\u00f3n ULTRANET de 4 puertos para mezcladoras de monitoreo P16-M de Behringer, conectividad de audio y control digital para sistemas de altavoces Turbosound con capacidad de red ULTRANET, incluye accesorios para montaje en rack para aplicaciones de instalaci\u00f3n y m\u00f3viles, puerto doble AES50 para conectar varias unidades en cascada, sin marcador o ruteador, operaci\u00f3n remota a trav\u00e9s de cable CAT5e blindado de hasta 100 metros de longitud, conector USB para actualizaciones del sistema por medio de PC, chasis de acero ultra compacto y resistente, dimensiones: 333 x 149x 140 mm, peso: 3.2 kg.\" \/>\n<meta property=\"og:url\" content=\"https:\/\/www.mexicanguitarplayers.com\/en\/tienda\/sin categor\u00eda\/medusa-behringer-digital-mod-sd16\/\" \/>\n<meta property=\"og:site_name\" content=\"Mexican Guitar Players\" \/>\n<meta property=\"article:modified_time\" content=\"2026-04-10T10:47:38+00:00\" \/>\n<meta name=\"twitter:card\" content=\"summary_large_image\" \/>\n<meta name=\"twitter:label1\" content=\"Est. reading time\" \/>\n\t<meta name=\"twitter:data1\" content=\"6 minutes\" \/>\n<script type=\"application\/ld+json\" class=\"yoast-schema-graph\">{\"@context\":\"https:\\\/\\\/schema.org\",\"@graph\":[{\"@type\":[\"WebPage\",\"ItemPage\"],\"@id\":\"https:\\\/\\\/www.mexicanguitarplayers.com\\\/tienda\\\/sin categor\u00eda\\\/medusa-behringer-digital-mod-sd16\\\/\",\"url\":\"https:\\\/\\\/www.mexicanguitarplayers.com\\\/tienda\\\/sin categor\u00eda\\\/medusa-behringer-digital-mod-sd16\\\/\",\"name\":\"MEDUSA BEHRINGER DIGITAL MOD. SD16 - Mexican Guitar Players\",\"isPartOf\":{\"@id\":\"https:\\\/\\\/www.mexicanguitarplayers.com\\\/#website\"},\"primaryImageOfPage\":{\"@id\":\"https:\\\/\\\/www.mexicanguitarplayers.com\\\/tienda\\\/sin categor\u00eda\\\/medusa-behringer-digital-mod-sd16\\\/#primaryimage\"},\"image\":{\"@id\":\"https:\\\/\\\/www.mexicanguitarplayers.com\\\/tienda\\\/sin categor\u00eda\\\/medusa-behringer-digital-mod-sd16\\\/#primaryimage\"},\"thumbnailUrl\":\"https:\\\/\\\/www.mexicanguitarplayers.com\\\/wp-content\\\/uploads\\\/2025\\\/04\\\/IABEHSD16.jpg\",\"datePublished\":\"2025-04-06T19:52:28+00:00\",\"dateModified\":\"2026-04-10T10:47:38+00:00\",\"description\":\"Snake digital con 16 preamps combo MIDAS de micr\u00f3fono totalmente programables, 8 salidas XLR servo balanceadas, puertos de red AES50 con capacidad de red SuperMAC de Klark Teknik para jitter y latencia ultra baja, hub de distribuci\u00f3n ULTRANET de 4 puertos para mezcladoras de monitoreo P16-M de Behringer, conectividad de audio y control digital para sistemas de altavoces Turbosound con capacidad de red ULTRANET, incluye accesorios para montaje en rack para aplicaciones de instalaci\u00f3n y m\u00f3viles, puerto doble AES50 para conectar varias unidades en cascada, sin marcador o ruteador, operaci\u00f3n remota a trav\u00e9s de cable CAT5e blindado de hasta 100 metros de longitud, conector USB para actualizaciones del sistema por medio de PC, chasis de acero ultra compacto y resistente, dimensiones: 333 x 149x 140 mm, peso: 3.2 kg.\",\"breadcrumb\":{\"@id\":\"https:\\\/\\\/www.mexicanguitarplayers.com\\\/tienda\\\/sin categor\u00eda\\\/medusa-behringer-digital-mod-sd16\\\/#breadcrumb\"},\"inLanguage\":\"en-US\",\"potentialAction\":[{\"@type\":\"ReadAction\",\"target\":[\"https:\\\/\\\/www.mexicanguitarplayers.com\\\/tienda\\\/sin categor\u00eda\\\/medusa-behringer-digital-mod-sd16\\\/\"]}]},{\"@type\":\"ImageObject\",\"inLanguage\":\"en-US\",\"@id\":\"https:\\\/\\\/www.mexicanguitarplayers.com\\\/tienda\\\/sin categor\u00eda\\\/medusa-behringer-digital-mod-sd16\\\/#primaryimage\",\"url\":\"https:\\\/\\\/www.mexicanguitarplayers.com\\\/wp-content\\\/uploads\\\/2025\\\/04\\\/IABEHSD16.jpg\",\"contentUrl\":\"https:\\\/\\\/www.mexicanguitarplayers.com\\\/wp-content\\\/uploads\\\/2025\\\/04\\\/IABEHSD16.jpg\",\"width\":1600,\"height\":800},{\"@type\":\"BreadcrumbList\",\"@id\":\"https:\\\/\\\/www.mexicanguitarplayers.com\\\/tienda\\\/sin categor\u00eda\\\/medusa-behringer-digital-mod-sd16\\\/#breadcrumb\",\"itemListElement\":[{\"@type\":\"ListItem\",\"position\":1,\"name\":\"Portada\",\"item\":\"https:\\\/\\\/www.mexicanguitarplayers.com\\\/\"},{\"@type\":\"ListItem\",\"position\":2,\"name\":\"Tienda\",\"item\":\"https:\\\/\\\/www.mexicanguitarplayers.com\\\/tienda\\\/\"},{\"@type\":\"ListItem\",\"position\":3,\"name\":\"MEDUSA BEHRINGER DIGITAL MOD. SD16\"}]},{\"@type\":\"WebSite\",\"@id\":\"https:\\\/\\\/www.mexicanguitarplayers.com\\\/#website\",\"url\":\"https:\\\/\\\/www.mexicanguitarplayers.com\\\/\",\"name\":\"Mexican Guitar Players\",\"description\":\"Website\",\"publisher\":{\"@id\":\"https:\\\/\\\/www.mexicanguitarplayers.com\\\/#organization\"},\"potentialAction\":[{\"@type\":\"SearchAction\",\"target\":{\"@type\":\"EntryPoint\",\"urlTemplate\":\"https:\\\/\\\/www.mexicanguitarplayers.com\\\/?s={search_term_string}\"},\"query-input\":{\"@type\":\"PropertyValueSpecification\",\"valueRequired\":true,\"valueName\":\"search_term_string\"}}],\"inLanguage\":\"en-US\"},{\"@type\":\"Organization\",\"@id\":\"https:\\\/\\\/www.mexicanguitarplayers.com\\\/#organization\",\"name\":\"Mexican Guitar Players\",\"url\":\"https:\\\/\\\/www.mexicanguitarplayers.com\\\/\",\"logo\":{\"@type\":\"ImageObject\",\"inLanguage\":\"en-US\",\"@id\":\"https:\\\/\\\/www.mexicanguitarplayers.com\\\/#\\\/schema\\\/logo\\\/image\\\/\",\"url\":\"\",\"contentUrl\":\"\",\"caption\":\"Mexican Guitar Players\"},\"image\":{\"@id\":\"https:\\\/\\\/www.mexicanguitarplayers.com\\\/#\\\/schema\\\/logo\\\/image\\\/\"}}]}<\/script>\n<!-- \/ Yoast SEO plugin. -->","yoast_head_json":{"title":"MEDUSA BEHRINGER DIGITAL MOD. SD16 - Mexican Guitar Players","description":"Snake digital con 16 preamps combo MIDAS de micr\u00f3fono totalmente programables, 8 salidas XLR servo balanceadas, puertos de red AES50 con capacidad de red SuperMAC de Klark Teknik para jitter y latencia ultra baja, hub de distribuci\u00f3n ULTRANET de 4 puertos para mezcladoras de monitoreo P16-M de Behringer, conectividad de audio y control digital para sistemas de altavoces Turbosound con capacidad de red ULTRANET, incluye accesorios para montaje en rack para aplicaciones de instalaci\u00f3n y m\u00f3viles, puerto doble AES50 para conectar varias unidades en cascada, sin marcador o ruteador, operaci\u00f3n remota a trav\u00e9s de cable CAT5e blindado de hasta 100 metros de longitud, conector USB para actualizaciones del sistema por medio de PC, chasis de acero ultra compacto y resistente, dimensiones: 333 x 149x 140 mm, peso: 3.2 kg.","robots":{"index":"index","follow":"follow","max-snippet":"max-snippet:-1","max-image-preview":"max-image-preview:large","max-video-preview":"max-video-preview:-1"},"canonical":"https:\/\/www.mexicanguitarplayers.com\/en\/tienda\/sin categor\u00eda\/medusa-behringer-digital-mod-sd16\/","og_locale":"en_US","og_type":"article","og_title":"MEDUSA BEHRINGER DIGITAL MOD. SD16 - Mexican Guitar Players","og_description":"Snake digital con 16 preamps combo MIDAS de micr\u00f3fono totalmente programables, 8 salidas XLR servo balanceadas, puertos de red AES50 con capacidad de red SuperMAC de Klark Teknik para jitter y latencia ultra baja, hub de distribuci\u00f3n ULTRANET de 4 puertos para mezcladoras de monitoreo P16-M de Behringer, conectividad de audio y control digital para sistemas de altavoces Turbosound con capacidad de red ULTRANET, incluye accesorios para montaje en rack para aplicaciones de instalaci\u00f3n y m\u00f3viles, puerto doble AES50 para conectar varias unidades en cascada, sin marcador o ruteador, operaci\u00f3n remota a trav\u00e9s de cable CAT5e blindado de hasta 100 metros de longitud, conector USB para actualizaciones del sistema por medio de PC, chasis de acero ultra compacto y resistente, dimensiones: 333 x 149x 140 mm, peso: 3.2 kg.","og_url":"https:\/\/www.mexicanguitarplayers.com\/en\/tienda\/sin categor\u00eda\/medusa-behringer-digital-mod-sd16\/","og_site_name":"Mexican Guitar Players","article_modified_time":"2026-04-10T10:47:38+00:00","twitter_card":"summary_large_image","twitter_misc":{"Est. reading time":"6 minutes"},"schema":{"@context":"https:\/\/schema.org","@graph":[{"@type":["WebPage","ItemPage"],"@id":"https:\/\/www.mexicanguitarplayers.com\/tienda\/sin categor\u00eda\/medusa-behringer-digital-mod-sd16\/","url":"https:\/\/www.mexicanguitarplayers.com\/tienda\/sin categor\u00eda\/medusa-behringer-digital-mod-sd16\/","name":"MEDUSA BEHRINGER DIGITAL MOD. SD16 - Mexican Guitar Players","isPartOf":{"@id":"https:\/\/www.mexicanguitarplayers.com\/#website"},"primaryImageOfPage":{"@id":"https:\/\/www.mexicanguitarplayers.com\/tienda\/sin categor\u00eda\/medusa-behringer-digital-mod-sd16\/#primaryimage"},"image":{"@id":"https:\/\/www.mexicanguitarplayers.com\/tienda\/sin categor\u00eda\/medusa-behringer-digital-mod-sd16\/#primaryimage"},"thumbnailUrl":"https:\/\/www.mexicanguitarplayers.com\/wp-content\/uploads\/2025\/04\/IABEHSD16.jpg","datePublished":"2025-04-06T19:52:28+00:00","dateModified":"2026-04-10T10:47:38+00:00","description":"Snake digital con 16 preamps combo MIDAS de micr\u00f3fono totalmente programables, 8 salidas XLR servo balanceadas, puertos de red AES50 con capacidad de red SuperMAC de Klark Teknik para jitter y latencia ultra baja, hub de distribuci\u00f3n ULTRANET de 4 puertos para mezcladoras de monitoreo P16-M de Behringer, conectividad de audio y control digital para sistemas de altavoces Turbosound con capacidad de red ULTRANET, incluye accesorios para montaje en rack para aplicaciones de instalaci\u00f3n y m\u00f3viles, puerto doble AES50 para conectar varias unidades en cascada, sin marcador o ruteador, operaci\u00f3n remota a trav\u00e9s de cable CAT5e blindado de hasta 100 metros de longitud, conector USB para actualizaciones del sistema por medio de PC, chasis de acero ultra compacto y resistente, dimensiones: 333 x 149x 140 mm, peso: 3.2 kg.","breadcrumb":{"@id":"https:\/\/www.mexicanguitarplayers.com\/tienda\/sin categor\u00eda\/medusa-behringer-digital-mod-sd16\/#breadcrumb"},"inLanguage":"en-US","potentialAction":[{"@type":"ReadAction","target":["https:\/\/www.mexicanguitarplayers.com\/tienda\/sin categor\u00eda\/medusa-behringer-digital-mod-sd16\/"]}]},{"@type":"ImageObject","inLanguage":"en-US","@id":"https:\/\/www.mexicanguitarplayers.com\/tienda\/sin categor\u00eda\/medusa-behringer-digital-mod-sd16\/#primaryimage","url":"https:\/\/www.mexicanguitarplayers.com\/wp-content\/uploads\/2025\/04\/IABEHSD16.jpg","contentUrl":"https:\/\/www.mexicanguitarplayers.com\/wp-content\/uploads\/2025\/04\/IABEHSD16.jpg","width":1600,"height":800},{"@type":"BreadcrumbList","@id":"https:\/\/www.mexicanguitarplayers.com\/tienda\/sin categor\u00eda\/medusa-behringer-digital-mod-sd16\/#breadcrumb","itemListElement":[{"@type":"ListItem","position":1,"name":"Portada","item":"https:\/\/www.mexicanguitarplayers.com\/"},{"@type":"ListItem","position":2,"name":"Tienda","item":"https:\/\/www.mexicanguitarplayers.com\/tienda\/"},{"@type":"ListItem","position":3,"name":"MEDUSA BEHRINGER DIGITAL MOD. SD16"}]},{"@type":"WebSite","@id":"https:\/\/www.mexicanguitarplayers.com\/#website","url":"https:\/\/www.mexicanguitarplayers.com\/","name":"Mexican Guitar Players","description":"Website","publisher":{"@id":"https:\/\/www.mexicanguitarplayers.com\/#organization"},"potentialAction":[{"@type":"SearchAction","target":{"@type":"EntryPoint","urlTemplate":"https:\/\/www.mexicanguitarplayers.com\/?s={search_term_string}"},"query-input":{"@type":"PropertyValueSpecification","valueRequired":true,"valueName":"search_term_string"}}],"inLanguage":"en-US"},{"@type":"Organization","@id":"https:\/\/www.mexicanguitarplayers.com\/#organization","name":"Mexican Guitar Players","url":"https:\/\/www.mexicanguitarplayers.com\/","logo":{"@type":"ImageObject","inLanguage":"en-US","@id":"https:\/\/www.mexicanguitarplayers.com\/#\/schema\/logo\/image\/","url":"","contentUrl":"","caption":"Mexican Guitar Players"},"image":{"@id":"https:\/\/www.mexicanguitarplayers.com\/#\/schema\/logo\/image\/"}}]}},"brands":[{"id":171,"name":"BEHRINGER","slug":"behringer"}],"_links":{"self":[{"href":"https:\/\/www.mexicanguitarplayers.com\/en\/wp-json\/wp\/v2\/product\/24257","targetHints":{"allow":["GET"]}}],"collection":[{"href":"https:\/\/www.mexicanguitarplayers.com\/en\/wp-json\/wp\/v2\/product"}],"about":[{"href":"https:\/\/www.mexicanguitarplayers.com\/en\/wp-json\/wp\/v2\/types\/product"}],"replies":[{"embeddable":true,"href":"https:\/\/www.mexicanguitarplayers.com\/en\/wp-json\/wp\/v2\/comments?post=24257"}],"wp:featuredmedia":[{"embeddable":true,"href":"https:\/\/www.mexicanguitarplayers.com\/en\/wp-json\/wp\/v2\/media\/24251"}],"wp:attachment":[{"href":"https:\/\/www.mexicanguitarplayers.com\/en\/wp-json\/wp\/v2\/media?parent=24257"}],"wp:term":[{"taxonomy":"pwb-brand","embeddable":true,"href":"https:\/\/www.mexicanguitarplayers.com\/en\/wp-json\/wp\/v2\/pwb-brand?post=24257"},{"taxonomy":"product_brand","embeddable":true,"href":"https:\/\/www.mexicanguitarplayers.com\/en\/wp-json\/wp\/v2\/product_brand?post=24257"},{"taxonomy":"product_cat","embeddable":true,"href":"https:\/\/www.mexicanguitarplayers.com\/en\/wp-json\/wp\/v2\/product_cat?post=24257"},{"taxonomy":"product_tag","embeddable":true,"href":"https:\/\/www.mexicanguitarplayers.com\/en\/wp-json\/wp\/v2\/product_tag?post=24257"}],"curies":[{"name":"wp","href":"https:\/\/api.w.org\/{rel}","templated":true}]}}