{"id":24381,"date":"2025-04-06T14:30:00","date_gmt":"2025-04-06T20:30:00","guid":{"rendered":"https:\/\/www.mexicanguitarplayers.com\/tienda\/sin categor\u00eda\/microfono-behringer-mod-c-2-par\/"},"modified":"2026-05-05T16:15:13","modified_gmt":"2026-05-05T22:15:13","slug":"microfono-behringer-mod-c-2-par","status":"publish","type":"product","link":"https:\/\/www.mexicanguitarplayers.com\/en\/tienda\/accesorios\/stands\/para-instrumento-stands\/microfono-behringer-mod-c-2-par\/","title":{"rendered":"MICROFONO BEHRINGER MOD. C-2  (PAR)"},"content":{"rendered":"<div style=\"text-align: justify\">\n<div>\n<h3>Herramientas de producci\u00f3n para tu creatividad.<\/h3>\n<\/div>\n<div>Los micr\u00f3fonos C-2 de Behringer est\u00e1n dise\u00f1ados para capturar el rendimiento de un coro, piano o cualquier otra fuente de sonido vocal o ac\u00fastica para proporcionar un hermoso sonido real. Vendido en pares, estos excepcionales micr\u00f3fonos son ideales para guitarras ac\u00fasticas y overheads en bater\u00edas tanto en estudio como en vivo. \u00bfQu\u00e9 es un micr\u00f3fono de condensador? Un micr\u00f3fono de condensador es la opci\u00f3n ideal para capturar voces e instrumentos ac\u00fasticos, ya sea en vivo o en estudio. Por si propia naturaleza, los micr\u00f3fonos de condensador son mucho m\u00e1s sensibles que los micr\u00f3fonos din\u00e1micos, lo que les permite recoger incluso  la m\u00e1s sutil de las se\u00f1ales. Gracias a su patr\u00f3n cardioide (en forma de coraz\u00f3n) los micr\u00f3fonos C-2 recogen la se\u00f1al de tu fuente mientras rechazan el sonido fuera del eje, lo que podr\u00eda arruinar una grabaci\u00f3n perfecta. Otra diferencia entre los micr\u00f3fonos din\u00e1micos y los de condensador, es que contienen circuitos activos que requieren alimentaci\u00f3n phantom (+48 V CD) para poder funcionar. Puedes encenderlos desde cualquier mezcladora Xenyx de Behringer que cuente con alimentaci\u00f3n phantom, adem\u00e1s de disfrutar de los beneficios de los preamplificadores Xenyx. Sonido que asombra. Una vez conectado a tu sistema de sonido, notar\u00e1s que estos micr\u00f3fonos tienen una respuesta de frecuencia excepcionalmente plana (un aumento promedio de 4 dB entre 1 KHz y 8 kHz). Para aquellos que sean nuevos en el tema de los micr\u00f3fonos de condensador, esto b\u00e1sicamente significa que obtendr\u00e1s un sonido un poco m\u00e1s brillante y que puede dar forma perfectamente a los platillos y la mezcla overhead. Los pianos ac\u00fasticos y los coros tambi\u00e9n pueden verse beneficiados enormemente de esta respuesta de frecuencia. El patr\u00f3n de captaci\u00f3n cardioide proporciona una separaci\u00f3n de fuente de sonido sin precedentes y un gran rechazo a la retroalimentaci\u00f3n. Los micr\u00f3fonos C-2 contienen circuitos de entrada FET sin transformador de ultra bajo ruido, que pueden manejar din\u00e1micas extremas (de 20 Hz a 20 kHz) y tienen un nivel m\u00e1ximo de presi\u00f3n ac\u00fastica de 150 dB. Los micr\u00f3fonos C-2 disponen tambi\u00e9n de una conmutaci\u00f3n roll\/off de baja frecuencia que elimina los infra s\u00f3nicos (manejo del micr\u00f3fono y ruido del viento), as\u00ed como una atenuaci\u00f3n de entrada conmutable de 10 dB para dar cabida a grandes se\u00f1ales, tales como un vocalista muy ruidoso o un violoncelista demasiado agresivo.<\/div>\n<div>\n<h4>Quick look<\/h4>\n<\/div>\n<ul style=\"margin: 0px 0px 0px 25px\">\n<li style=\"list-style-type: circle;margin: 5px\">Kind.<\/li>\n<li style=\"list-style-type: circle;margin: 5px\">Polar pattern.<\/li>\n<li style=\"list-style-type: circle;margin: 5px\">Conexi\u00f3n.<\/li>\n<li style=\"list-style-type: circle;margin: 5px\">Sensibilidad de circuito abierto (@ 1 kHz).<\/li>\n<li style=\"list-style-type: circle;margin: 5px\">Frequency response.<\/li>\n<li style=\"list-style-type: circle;margin: 5px\">Disminuci\u00f3n de nivel.<\/li>\n<li style=\"list-style-type: circle;margin: 5px\">Filtro pasa altos.<\/li>\n<li style=\"list-style-type: circle;margin: 5px\">Maximum SPL.<\/li>\n<li style=\"list-style-type: circle;margin: 5px\">Nominal impedance.<\/li>\n<li style=\"list-style-type: circle;margin: 5px\">Impedancia de carga.<\/li>\n<li style=\"list-style-type: circle;margin: 5px\">Tensi\u00f3n de red \/ Fusible.<\/li>\n<li style=\"list-style-type: circle;margin: 5px\">Dimensions.<\/li>\n<li style=\"list-style-type: circle;margin: 5px\">Weight.<\/li>\n<\/ul>\n<div>\n<div style=\"font-weight: bold\">Kind.<\/div>\n<div>\n<p>Condensador, diafragma sencillo de 16 mm.<\/p>\n<\/div>\n<div style=\"font-weight: bold\">Polar pattern.<\/div>\n<div>\n<p>Cardioid.<\/p>\n<\/div>\n<div style=\"font-weight: bold\">Conexi\u00f3n.<\/div>\n<div>\n<p>Conector XLR balanceado chapado en oro.<\/p>\n<\/div>\n<div style=\"font-weight: bold\">Sensibilidad de circuito abierto (@ 1 kHz).<\/div>\n<div>\n<p>-38 dBV (0 dBV = 1 V\/Pa).<\/p>\n<\/div>\n<div style=\"font-weight: bold\">Frequency response.<\/div>\n<div>\n<p>20 Hz a 20 kHz.<\/p>\n<\/div>\n<div style=\"font-weight: bold\">Disminuci\u00f3n de nivel.<\/div>\n<div>\n<p>-10 dB conmutable.<\/p>\n<\/div>\n<div style=\"font-weight: bold\">Filtro pasa altos.<\/div>\n<div>\n<p>6 dB\/Oct @ 120 Hz (conmutable).<\/p>\n<\/div>\n<div style=\"font-weight: bold\">Maximum SPL.<\/div>\n<div>\n<p>136 dB.<\/p>\n<\/div>\n<div style=\"font-weight: bold\">Nominal impedance.<\/div>\n<div>\n<p>75 ohms.<\/p>\n<\/div>\n<div style=\"font-weight: bold\">Impedancia de carga.<\/div>\n<div>\n<p>&gt; 1 kohm.<\/p>\n<\/div>\n<div style=\"font-weight: bold\">Tensi\u00f3n de red \/ Fusible.<\/div>\n<div>\n<p>Alimentaci\u00f3n phantom: +48 V. Consumo de corriente: 3 mA.<\/p>\n<\/div>\n<div style=\"font-weight: bold\">Dimensions.<\/div>\n<div>\n<p>20 x 94 mm.<\/p>\n<\/div>\n<div style=\"font-weight: bold\">Weight.<\/div>\n<div>\n<p>90 g.<\/p>\n<\/div>\n<\/div>\n<\/div>","protected":false},"excerpt":{"rendered":"<p>Dos micr\u00f3fonos de condensador para estudio, excelentes para grabaci\u00f3n y aplicaciones en vivo, ideales como micr\u00f3fonos principales y de soporte, patr\u00f3n de captaci\u00f3n cardioide para una efectiva eliminaci\u00f3n de la retroalimentaci\u00f3n, diafragma Low-Mass para una respuesta de frecuencia ultra ancha y una reproducci\u00f3n definitiva del sonido, reducci\u00f3n conmutable de baja frecuencia y atenuaci\u00f3n de entrada, entrada FET de bajo ruido sin transformador que elimina la distorsi\u00f3n de baja frecuencia, construcci\u00f3n ultra resistente con cuerpo de metal die-cast, conector XLR de 3 pines chapado en oro para una mayor integridad de la se\u00f1al, dimensiones:20 x 94 mm, peso: 90 g.&hellip; <a class=\"kt-excerpt-readmore more-link\" href=\"https:\/\/www.mexicanguitarplayers.com\/en\/tienda\/accesorios\/stands\/para-instrumento-stands\/microfono-behringer-mod-c-2-par\/\">Read more<\/a><\/p>","protected":false},"featured_media":24379,"comment_status":"open","ping_status":"closed","template":"","meta":{"kt_blocks_editor_width":""},"pwb-brand":[171],"product_brand":[],"product_cat":[213,214,215,510],"product_tag":[],"class_list":{"0":"post-24381","1":"product","2":"type-product","3":"status-publish","4":"has-post-thumbnail","6":"pwb-brand-behringer","7":"product_cat-audio","8":"product_cat-microfonia","9":"product_cat-microfonos-alambricos","10":"product_cat-para-instrumento-stands","11":"product_shipping_class-0-5-kg","13":"first","14":"outofstock","15":"taxable","16":"shipping-taxable","17":"purchasable","18":"product-type-simple"},"yoast_head":"<!-- This site is optimized with the Yoast SEO plugin v27.5 - https:\/\/yoast.com\/product\/yoast-seo-wordpress\/ -->\n<title>MICROFONO BEHRINGER MOD. C-2 (PAR) - Mexican Guitar Players<\/title>\n<meta name=\"description\" content=\"Dos micr\u00f3fonos de condensador para estudio, excelentes para grabaci\u00f3n y aplicaciones en vivo, ideales como micr\u00f3fonos principales y de soporte, patr\u00f3n de captaci\u00f3n cardioide para una efectiva eliminaci\u00f3n de la retroalimentaci\u00f3n, diafragma Low-Mass para una respuesta de frecuencia ultra ancha y una reproducci\u00f3n definitiva del sonido, reducci\u00f3n conmutable de baja frecuencia y atenuaci\u00f3n de entrada, entrada FET de bajo ruido sin transformador que elimina la distorsi\u00f3n de baja frecuencia, construcci\u00f3n ultra resistente con cuerpo de metal die-cast, conector XLR de 3 pines chapado en oro para una mayor integridad de la se\u00f1al, dimensiones:20 x 94 mm, peso: 90 g.\" \/>\n<meta name=\"robots\" content=\"index, follow, max-snippet:-1, max-image-preview:large, max-video-preview:-1\" \/>\n<link rel=\"canonical\" href=\"https:\/\/www.mexicanguitarplayers.com\/en\/tienda\/sin%20categor\u00eda\/microfono-behringer-mod-c-2-par\/\" \/>\n<meta property=\"og:locale\" content=\"en_US\" \/>\n<meta property=\"og:type\" content=\"article\" \/>\n<meta property=\"og:title\" content=\"MICROFONO BEHRINGER MOD. C-2 (PAR) - Mexican Guitar Players\" \/>\n<meta property=\"og:description\" content=\"Dos micr\u00f3fonos de condensador para estudio, excelentes para grabaci\u00f3n y aplicaciones en vivo, ideales como micr\u00f3fonos principales y de soporte, patr\u00f3n de captaci\u00f3n cardioide para una efectiva eliminaci\u00f3n de la retroalimentaci\u00f3n, diafragma Low-Mass para una respuesta de frecuencia ultra ancha y una reproducci\u00f3n definitiva del sonido, reducci\u00f3n conmutable de baja frecuencia y atenuaci\u00f3n de entrada, entrada FET de bajo ruido sin transformador que elimina la distorsi\u00f3n de baja frecuencia, construcci\u00f3n ultra resistente con cuerpo de metal die-cast, conector XLR de 3 pines chapado en oro para una mayor integridad de la se\u00f1al, dimensiones:20 x 94 mm, peso: 90 g.\" \/>\n<meta property=\"og:url\" content=\"https:\/\/www.mexicanguitarplayers.com\/en\/tienda\/sin categor\u00eda\/microfono-behringer-mod-c-2-par\/\" \/>\n<meta property=\"og:site_name\" content=\"Mexican Guitar Players\" \/>\n<meta property=\"article:modified_time\" content=\"2026-05-05T22:15:13+00:00\" \/>\n<meta name=\"twitter:card\" content=\"summary_large_image\" \/>\n<meta name=\"twitter:label1\" content=\"Est. reading time\" \/>\n\t<meta name=\"twitter:data1\" content=\"3 minutes\" \/>\n<script type=\"application\/ld+json\" class=\"yoast-schema-graph\">{\"@context\":\"https:\\\/\\\/schema.org\",\"@graph\":[{\"@type\":[\"WebPage\",\"ItemPage\"],\"@id\":\"https:\\\/\\\/www.mexicanguitarplayers.com\\\/tienda\\\/sin categor\u00eda\\\/microfono-behringer-mod-c-2-par\\\/\",\"url\":\"https:\\\/\\\/www.mexicanguitarplayers.com\\\/tienda\\\/sin categor\u00eda\\\/microfono-behringer-mod-c-2-par\\\/\",\"name\":\"MICROFONO BEHRINGER MOD. C-2 (PAR) - Mexican Guitar Players\",\"isPartOf\":{\"@id\":\"https:\\\/\\\/www.mexicanguitarplayers.com\\\/#website\"},\"primaryImageOfPage\":{\"@id\":\"https:\\\/\\\/www.mexicanguitarplayers.com\\\/tienda\\\/sin categor\u00eda\\\/microfono-behringer-mod-c-2-par\\\/#primaryimage\"},\"image\":{\"@id\":\"https:\\\/\\\/www.mexicanguitarplayers.com\\\/tienda\\\/sin categor\u00eda\\\/microfono-behringer-mod-c-2-par\\\/#primaryimage\"},\"thumbnailUrl\":\"https:\\\/\\\/www.mexicanguitarplayers.com\\\/wp-content\\\/uploads\\\/2025\\\/04\\\/IABEHC2.jpg\",\"datePublished\":\"2025-04-06T20:30:00+00:00\",\"dateModified\":\"2026-05-05T22:15:13+00:00\",\"description\":\"Dos micr\u00f3fonos de condensador para estudio, excelentes para grabaci\u00f3n y aplicaciones en vivo, ideales como micr\u00f3fonos principales y de soporte, patr\u00f3n de captaci\u00f3n cardioide para una efectiva eliminaci\u00f3n de la retroalimentaci\u00f3n, diafragma Low-Mass para una respuesta de frecuencia ultra ancha y una reproducci\u00f3n definitiva del sonido, reducci\u00f3n conmutable de baja frecuencia y atenuaci\u00f3n de entrada, entrada FET de bajo ruido sin transformador que elimina la distorsi\u00f3n de baja frecuencia, construcci\u00f3n ultra resistente con cuerpo de metal die-cast, conector XLR de 3 pines chapado en oro para una mayor integridad de la se\u00f1al, dimensiones:20 x 94 mm, peso: 90 g.\",\"breadcrumb\":{\"@id\":\"https:\\\/\\\/www.mexicanguitarplayers.com\\\/tienda\\\/sin categor\u00eda\\\/microfono-behringer-mod-c-2-par\\\/#breadcrumb\"},\"inLanguage\":\"en-US\",\"potentialAction\":[{\"@type\":\"ReadAction\",\"target\":[\"https:\\\/\\\/www.mexicanguitarplayers.com\\\/tienda\\\/sin categor\u00eda\\\/microfono-behringer-mod-c-2-par\\\/\"]}]},{\"@type\":\"ImageObject\",\"inLanguage\":\"en-US\",\"@id\":\"https:\\\/\\\/www.mexicanguitarplayers.com\\\/tienda\\\/sin categor\u00eda\\\/microfono-behringer-mod-c-2-par\\\/#primaryimage\",\"url\":\"https:\\\/\\\/www.mexicanguitarplayers.com\\\/wp-content\\\/uploads\\\/2025\\\/04\\\/IABEHC2.jpg\",\"contentUrl\":\"https:\\\/\\\/www.mexicanguitarplayers.com\\\/wp-content\\\/uploads\\\/2025\\\/04\\\/IABEHC2.jpg\",\"width\":1200,\"height\":1200},{\"@type\":\"BreadcrumbList\",\"@id\":\"https:\\\/\\\/www.mexicanguitarplayers.com\\\/tienda\\\/sin categor\u00eda\\\/microfono-behringer-mod-c-2-par\\\/#breadcrumb\",\"itemListElement\":[{\"@type\":\"ListItem\",\"position\":1,\"name\":\"Portada\",\"item\":\"https:\\\/\\\/www.mexicanguitarplayers.com\\\/\"},{\"@type\":\"ListItem\",\"position\":2,\"name\":\"Tienda\",\"item\":\"https:\\\/\\\/www.mexicanguitarplayers.com\\\/tienda\\\/\"},{\"@type\":\"ListItem\",\"position\":3,\"name\":\"MICROFONO BEHRINGER MOD. C-2 (PAR)\"}]},{\"@type\":\"WebSite\",\"@id\":\"https:\\\/\\\/www.mexicanguitarplayers.com\\\/#website\",\"url\":\"https:\\\/\\\/www.mexicanguitarplayers.com\\\/\",\"name\":\"Mexican Guitar Players\",\"description\":\"Website\",\"publisher\":{\"@id\":\"https:\\\/\\\/www.mexicanguitarplayers.com\\\/#organization\"},\"potentialAction\":[{\"@type\":\"SearchAction\",\"target\":{\"@type\":\"EntryPoint\",\"urlTemplate\":\"https:\\\/\\\/www.mexicanguitarplayers.com\\\/?s={search_term_string}\"},\"query-input\":{\"@type\":\"PropertyValueSpecification\",\"valueRequired\":true,\"valueName\":\"search_term_string\"}}],\"inLanguage\":\"en-US\"},{\"@type\":\"Organization\",\"@id\":\"https:\\\/\\\/www.mexicanguitarplayers.com\\\/#organization\",\"name\":\"Mexican Guitar Players\",\"url\":\"https:\\\/\\\/www.mexicanguitarplayers.com\\\/\",\"logo\":{\"@type\":\"ImageObject\",\"inLanguage\":\"en-US\",\"@id\":\"https:\\\/\\\/www.mexicanguitarplayers.com\\\/#\\\/schema\\\/logo\\\/image\\\/\",\"url\":\"\",\"contentUrl\":\"\",\"caption\":\"Mexican Guitar Players\"},\"image\":{\"@id\":\"https:\\\/\\\/www.mexicanguitarplayers.com\\\/#\\\/schema\\\/logo\\\/image\\\/\"}}]}<\/script>\n<!-- \/ Yoast SEO plugin. -->","yoast_head_json":{"title":"MICROFONO BEHRINGER MOD. C-2 (PAR) - Mexican Guitar Players","description":"Dos micr\u00f3fonos de condensador para estudio, excelentes para grabaci\u00f3n y aplicaciones en vivo, ideales como micr\u00f3fonos principales y de soporte, patr\u00f3n de captaci\u00f3n cardioide para una efectiva eliminaci\u00f3n de la retroalimentaci\u00f3n, diafragma Low-Mass para una respuesta de frecuencia ultra ancha y una reproducci\u00f3n definitiva del sonido, reducci\u00f3n conmutable de baja frecuencia y atenuaci\u00f3n de entrada, entrada FET de bajo ruido sin transformador que elimina la distorsi\u00f3n de baja frecuencia, construcci\u00f3n ultra resistente con cuerpo de metal die-cast, conector XLR de 3 pines chapado en oro para una mayor integridad de la se\u00f1al, dimensiones:20 x 94 mm, peso: 90 g.","robots":{"index":"index","follow":"follow","max-snippet":"max-snippet:-1","max-image-preview":"max-image-preview:large","max-video-preview":"max-video-preview:-1"},"canonical":"https:\/\/www.mexicanguitarplayers.com\/en\/tienda\/sin categor\u00eda\/microfono-behringer-mod-c-2-par\/","og_locale":"en_US","og_type":"article","og_title":"MICROFONO BEHRINGER MOD. C-2 (PAR) - Mexican Guitar Players","og_description":"Dos micr\u00f3fonos de condensador para estudio, excelentes para grabaci\u00f3n y aplicaciones en vivo, ideales como micr\u00f3fonos principales y de soporte, patr\u00f3n de captaci\u00f3n cardioide para una efectiva eliminaci\u00f3n de la retroalimentaci\u00f3n, diafragma Low-Mass para una respuesta de frecuencia ultra ancha y una reproducci\u00f3n definitiva del sonido, reducci\u00f3n conmutable de baja frecuencia y atenuaci\u00f3n de entrada, entrada FET de bajo ruido sin transformador que elimina la distorsi\u00f3n de baja frecuencia, construcci\u00f3n ultra resistente con cuerpo de metal die-cast, conector XLR de 3 pines chapado en oro para una mayor integridad de la se\u00f1al, dimensiones:20 x 94 mm, peso: 90 g.","og_url":"https:\/\/www.mexicanguitarplayers.com\/en\/tienda\/sin categor\u00eda\/microfono-behringer-mod-c-2-par\/","og_site_name":"Mexican Guitar Players","article_modified_time":"2026-05-05T22:15:13+00:00","twitter_card":"summary_large_image","twitter_misc":{"Est. reading time":"3 minutes"},"schema":{"@context":"https:\/\/schema.org","@graph":[{"@type":["WebPage","ItemPage"],"@id":"https:\/\/www.mexicanguitarplayers.com\/tienda\/sin categor\u00eda\/microfono-behringer-mod-c-2-par\/","url":"https:\/\/www.mexicanguitarplayers.com\/tienda\/sin categor\u00eda\/microfono-behringer-mod-c-2-par\/","name":"MICROFONO BEHRINGER MOD. C-2 (PAR) - Mexican Guitar Players","isPartOf":{"@id":"https:\/\/www.mexicanguitarplayers.com\/#website"},"primaryImageOfPage":{"@id":"https:\/\/www.mexicanguitarplayers.com\/tienda\/sin categor\u00eda\/microfono-behringer-mod-c-2-par\/#primaryimage"},"image":{"@id":"https:\/\/www.mexicanguitarplayers.com\/tienda\/sin categor\u00eda\/microfono-behringer-mod-c-2-par\/#primaryimage"},"thumbnailUrl":"https:\/\/www.mexicanguitarplayers.com\/wp-content\/uploads\/2025\/04\/IABEHC2.jpg","datePublished":"2025-04-06T20:30:00+00:00","dateModified":"2026-05-05T22:15:13+00:00","description":"Dos micr\u00f3fonos de condensador para estudio, excelentes para grabaci\u00f3n y aplicaciones en vivo, ideales como micr\u00f3fonos principales y de soporte, patr\u00f3n de captaci\u00f3n cardioide para una efectiva eliminaci\u00f3n de la retroalimentaci\u00f3n, diafragma Low-Mass para una respuesta de frecuencia ultra ancha y una reproducci\u00f3n definitiva del sonido, reducci\u00f3n conmutable de baja frecuencia y atenuaci\u00f3n de entrada, entrada FET de bajo ruido sin transformador que elimina la distorsi\u00f3n de baja frecuencia, construcci\u00f3n ultra resistente con cuerpo de metal die-cast, conector XLR de 3 pines chapado en oro para una mayor integridad de la se\u00f1al, dimensiones:20 x 94 mm, peso: 90 g.","breadcrumb":{"@id":"https:\/\/www.mexicanguitarplayers.com\/tienda\/sin categor\u00eda\/microfono-behringer-mod-c-2-par\/#breadcrumb"},"inLanguage":"en-US","potentialAction":[{"@type":"ReadAction","target":["https:\/\/www.mexicanguitarplayers.com\/tienda\/sin categor\u00eda\/microfono-behringer-mod-c-2-par\/"]}]},{"@type":"ImageObject","inLanguage":"en-US","@id":"https:\/\/www.mexicanguitarplayers.com\/tienda\/sin categor\u00eda\/microfono-behringer-mod-c-2-par\/#primaryimage","url":"https:\/\/www.mexicanguitarplayers.com\/wp-content\/uploads\/2025\/04\/IABEHC2.jpg","contentUrl":"https:\/\/www.mexicanguitarplayers.com\/wp-content\/uploads\/2025\/04\/IABEHC2.jpg","width":1200,"height":1200},{"@type":"BreadcrumbList","@id":"https:\/\/www.mexicanguitarplayers.com\/tienda\/sin categor\u00eda\/microfono-behringer-mod-c-2-par\/#breadcrumb","itemListElement":[{"@type":"ListItem","position":1,"name":"Portada","item":"https:\/\/www.mexicanguitarplayers.com\/"},{"@type":"ListItem","position":2,"name":"Tienda","item":"https:\/\/www.mexicanguitarplayers.com\/tienda\/"},{"@type":"ListItem","position":3,"name":"MICROFONO BEHRINGER MOD. C-2 (PAR)"}]},{"@type":"WebSite","@id":"https:\/\/www.mexicanguitarplayers.com\/#website","url":"https:\/\/www.mexicanguitarplayers.com\/","name":"Mexican Guitar Players","description":"Website","publisher":{"@id":"https:\/\/www.mexicanguitarplayers.com\/#organization"},"potentialAction":[{"@type":"SearchAction","target":{"@type":"EntryPoint","urlTemplate":"https:\/\/www.mexicanguitarplayers.com\/?s={search_term_string}"},"query-input":{"@type":"PropertyValueSpecification","valueRequired":true,"valueName":"search_term_string"}}],"inLanguage":"en-US"},{"@type":"Organization","@id":"https:\/\/www.mexicanguitarplayers.com\/#organization","name":"Mexican Guitar Players","url":"https:\/\/www.mexicanguitarplayers.com\/","logo":{"@type":"ImageObject","inLanguage":"en-US","@id":"https:\/\/www.mexicanguitarplayers.com\/#\/schema\/logo\/image\/","url":"","contentUrl":"","caption":"Mexican Guitar Players"},"image":{"@id":"https:\/\/www.mexicanguitarplayers.com\/#\/schema\/logo\/image\/"}}]}},"brands":[{"id":171,"name":"BEHRINGER","slug":"behringer"}],"_links":{"self":[{"href":"https:\/\/www.mexicanguitarplayers.com\/en\/wp-json\/wp\/v2\/product\/24381","targetHints":{"allow":["GET"]}}],"collection":[{"href":"https:\/\/www.mexicanguitarplayers.com\/en\/wp-json\/wp\/v2\/product"}],"about":[{"href":"https:\/\/www.mexicanguitarplayers.com\/en\/wp-json\/wp\/v2\/types\/product"}],"replies":[{"embeddable":true,"href":"https:\/\/www.mexicanguitarplayers.com\/en\/wp-json\/wp\/v2\/comments?post=24381"}],"wp:featuredmedia":[{"embeddable":true,"href":"https:\/\/www.mexicanguitarplayers.com\/en\/wp-json\/wp\/v2\/media\/24379"}],"wp:attachment":[{"href":"https:\/\/www.mexicanguitarplayers.com\/en\/wp-json\/wp\/v2\/media?parent=24381"}],"wp:term":[{"taxonomy":"pwb-brand","embeddable":true,"href":"https:\/\/www.mexicanguitarplayers.com\/en\/wp-json\/wp\/v2\/pwb-brand?post=24381"},{"taxonomy":"product_brand","embeddable":true,"href":"https:\/\/www.mexicanguitarplayers.com\/en\/wp-json\/wp\/v2\/product_brand?post=24381"},{"taxonomy":"product_cat","embeddable":true,"href":"https:\/\/www.mexicanguitarplayers.com\/en\/wp-json\/wp\/v2\/product_cat?post=24381"},{"taxonomy":"product_tag","embeddable":true,"href":"https:\/\/www.mexicanguitarplayers.com\/en\/wp-json\/wp\/v2\/product_tag?post=24381"}],"curies":[{"name":"wp","href":"https:\/\/api.w.org\/{rel}","templated":true}]}}