{"id":24388,"date":"2025-04-06T14:31:24","date_gmt":"2025-04-06T20:31:24","guid":{"rendered":"https:\/\/www.mexicanguitarplayers.com\/tienda\/sin categor\u00eda\/tarola-sonor-p-bateria-ks-1465-sdb\/"},"modified":"2026-05-01T07:29:58","modified_gmt":"2026-05-01T13:29:58","slug":"tarola-sonor-p-bateria-ks-1465-sdb","status":"publish","type":"product","link":"https:\/\/www.mexicanguitarplayers.com\/en\/tienda\/percusiones\/baterias\/tambores-sueltos\/tarolas\/tarola-sonor-p-bateria-ks-1465-sdb\/","title":{"rendered":"TAROLA SONOR P\/BATERIA  KS 1465 SDB"},"content":{"rendered":"<div style=\"text-align: justify\">\n<div>\n<h3>Tarola Sonor KS 1465 SDB 14&#8243; x 6.5&#8243;, Potencia y Estilo en Cada Golpe<\/h3>\n<\/div>\n<div>La Tarola Sonor KS 1465 SDB de 14&#8243; x 6,5&#8243; es una pieza de alto rendimiento de la serie Kompressor, dise\u00f1ada para ofrecer un sonido potente y una respuesta sensible en una variedad de estilos musicales. Con un casco de acero y un acabado en lat\u00f3n cromado, esta tarola combina durabilidad y un sonido impactante desde el primer golpe. Las Optimum Shell Measurements (OSM) permiten una vibraci\u00f3n m\u00e1s libre de los parches, gracias a su di\u00e1metro ligeramente reducido, lo que mejora la resonancia y la respuesta. Equipado con refuerzos internos y orejetas TuneSafe, el modelo KS 1465 SDB asegura una afinaci\u00f3n estable y precisa incluso bajo condiciones extremas. El acabado cromado del herraje complementa la est\u00e9tica elegante y robusta, mientras que su dise\u00f1o de 14 pulgadas de di\u00e1metro garantiza una proyecci\u00f3n sonora impresionante. Esta tarola es ideal para m\u00fasicos que buscan versatilidad, potencia y un sonido caracter\u00edstico de Sonor en su set de bater\u00eda. No incluye cintur\u00f3n, baquetas ni estuche de tambor.<\/div>\n<div>\n<h4>Quick look<\/h4>\n<\/div>\n<ul style=\"margin: 0px 0px 0px 25px\">\n<li style=\"list-style-type: circle;margin: 5px\">Tama\u00f1o<\/li>\n<li style=\"list-style-type: circle;margin: 5px\">Material<\/li>\n<li style=\"list-style-type: circle;margin: 5px\">acabado<\/li>\n<li style=\"list-style-type: circle;margin: 5px\">Caparaz\u00f3n<\/li>\n<li style=\"list-style-type: circle;margin: 5px\">carcasa<\/li>\n<li style=\"list-style-type: circle;margin: 5px\">Bordes<\/li>\n<li style=\"list-style-type: circle;margin: 5px\">Aros<\/li>\n<li style=\"list-style-type: circle;margin: 5px\">Agarradera<\/li>\n<li style=\"list-style-type: circle;margin: 5px\">hardware<\/li>\n<li style=\"list-style-type: circle;margin: 5px\">Insignias<\/li>\n<li style=\"list-style-type: circle;margin: 5px\">Fabricaci\u00f3n<\/li>\n<li style=\"list-style-type: circle;margin: 5px\">Other features<\/li>\n<li style=\"list-style-type: circle;margin: 5px\">Lanzamiento de trampa<\/li>\n<\/ul>\n<div>\n<div style=\"font-weight: bold\">Tama\u00f1o<\/div>\n<div>\n<p>14&#8243; x 6,5&#8243;<\/p>\n<\/div>\n<div style=\"font-weight: bold\">Material<\/div>\n<div>\n<p>Lat\u00f3n<\/p>\n<\/div>\n<div style=\"font-weight: bold\">acabado<\/div>\n<div>\n<p>Niquelado negro.<\/p>\n<\/div>\n<div style=\"font-weight: bold\">Caparaz\u00f3n<\/div>\n<div>\n<p>Concha de lat\u00f3n<\/p>\n<\/div>\n<div style=\"font-weight: bold\">carcasa<\/div>\n<div>\n<p>Grosor de la carcasa de 1,2 mm.<\/p>\n<\/div>\n<div style=\"font-weight: bold\">Bordes<\/div>\n<div>\n<p>45\u00b0<\/p>\n<\/div>\n<div style=\"font-weight: bold\">Aros<\/div>\n<div>\n<p>Aros de potencia de 2,3 mm.<\/p>\n<\/div>\n<div style=\"font-weight: bold\">Agarradera<\/div>\n<div>\n<p>SONOR Orejetas dobles, Distancia entre orificios: 40 mm<\/p>\n<\/div>\n<div style=\"font-weight: bold\">hardware<\/div>\n<div>\n<p>Cromo<\/p>\n<\/div>\n<div style=\"font-weight: bold\">Insignias<\/div>\n<div>\n<p>Insignia Kompressor, 40&#215;60 mm<\/p>\n<\/div>\n<div style=\"font-weight: bold\">Fabricaci\u00f3n<\/div>\n<div>\n<p>OSM (medici\u00f3n \u00f3ptima de la carcasa)<\/p>\n<\/div>\n<div style=\"font-weight: bold\">Other features<\/div>\n<div>\n<p>Sistema TuneSafe, parches REMO\u00ae USA<\/p>\n<\/div>\n<div style=\"font-weight: bold\">Lanzamiento de trampa<\/div>\n<div>\n<p>Lanzamiento est\u00e1ndar<\/p>\n<\/div>\n<\/div>\n<\/div>","protected":false},"excerpt":{"rendered":"<p>La Tarola Sonor KS 1465 SDB de 14\u201d x 6,5\u201d es una tarola de acero con un acabado en lat\u00f3n cromado. Parte de la serie Kompressor, ofrece un sonido potente y sensible, ideal para una variedad de estilos musicales. Gracias a sus Optimum Shell Measurements (OSM), los parches vibran m\u00e1s libremente, mejorando la resonancia. Equipada con orejetas TuneSafe para mantener una afinaci\u00f3n estable, esta tarola es perfecta para bateristas que buscan versatilidad y rendimiento confiable.&hellip; <a class=\"kt-excerpt-readmore more-link\" href=\"https:\/\/www.mexicanguitarplayers.com\/en\/tienda\/percusiones\/baterias\/tambores-sueltos\/tarolas\/tarola-sonor-p-bateria-ks-1465-sdb\/\">Read more<\/a><\/p>","protected":false},"featured_media":24384,"comment_status":"open","ping_status":"closed","template":"","meta":{"kt_blocks_editor_width":""},"pwb-brand":[321],"product_brand":[],"product_cat":[209,208,263,264],"product_tag":[],"class_list":{"0":"post-24388","1":"product","2":"type-product","3":"status-publish","4":"has-post-thumbnail","6":"pwb-brand-sonor","7":"product_cat-baterias","8":"product_cat-percusiones","9":"product_cat-tambores-sueltos","10":"product_cat-tarolas","11":"product_shipping_class-5-10-kg","13":"first","14":"instock","15":"taxable","16":"shipping-taxable","17":"purchasable","18":"product-type-simple"},"yoast_head":"<!-- This site is optimized with the Yoast SEO plugin v27.6 - https:\/\/yoast.com\/product\/yoast-seo-wordpress\/ -->\n<title>TAROLA SONOR P\/BATERIA KS 1465 SDB - Mexican Guitar Players<\/title>\n<meta name=\"description\" content=\"La Tarola Sonor KS 1465 SDB de 14\u201d x 6,5\u201d es una tarola de acero con un acabado en lat\u00f3n cromado. Parte de la serie Kompressor, ofrece un sonido potente y sensible, ideal para una variedad de estilos musicales. Gracias a sus Optimum Shell Measurements (OSM), los parches vibran m\u00e1s libremente, mejorando la resonancia. Equipada con orejetas TuneSafe para mantener una afinaci\u00f3n estable, esta tarola es perfecta para bateristas que buscan versatilidad y rendimiento confiable.\" \/>\n<meta name=\"robots\" content=\"index, follow, max-snippet:-1, max-image-preview:large, max-video-preview:-1\" \/>\n<link rel=\"canonical\" href=\"https:\/\/www.mexicanguitarplayers.com\/en\/tienda\/sin%20categor\u00eda\/tarola-sonor-p-bateria-ks-1465-sdb\/\" \/>\n<meta property=\"og:locale\" content=\"en_US\" \/>\n<meta property=\"og:type\" content=\"article\" \/>\n<meta property=\"og:title\" content=\"TAROLA SONOR P\/BATERIA KS 1465 SDB - Mexican Guitar Players\" \/>\n<meta property=\"og:description\" content=\"La Tarola Sonor KS 1465 SDB de 14\u201d x 6,5\u201d es una tarola de acero con un acabado en lat\u00f3n cromado. Parte de la serie Kompressor, ofrece un sonido potente y sensible, ideal para una variedad de estilos musicales. Gracias a sus Optimum Shell Measurements (OSM), los parches vibran m\u00e1s libremente, mejorando la resonancia. Equipada con orejetas TuneSafe para mantener una afinaci\u00f3n estable, esta tarola es perfecta para bateristas que buscan versatilidad y rendimiento confiable.\" \/>\n<meta property=\"og:url\" content=\"https:\/\/www.mexicanguitarplayers.com\/en\/tienda\/sin categor\u00eda\/tarola-sonor-p-bateria-ks-1465-sdb\/\" \/>\n<meta property=\"og:site_name\" content=\"Mexican Guitar Players\" \/>\n<meta property=\"article:modified_time\" content=\"2026-05-01T13:29:58+00:00\" \/>\n<meta name=\"twitter:card\" content=\"summary_large_image\" \/>\n<meta name=\"twitter:label1\" content=\"Est. reading time\" \/>\n\t<meta name=\"twitter:data1\" content=\"1 minute\" \/>\n<script type=\"application\/ld+json\" class=\"yoast-schema-graph\">{\"@context\":\"https:\\\/\\\/schema.org\",\"@graph\":[{\"@type\":[\"WebPage\",\"ItemPage\"],\"@id\":\"https:\\\/\\\/www.mexicanguitarplayers.com\\\/tienda\\\/sin categor\u00eda\\\/tarola-sonor-p-bateria-ks-1465-sdb\\\/\",\"url\":\"https:\\\/\\\/www.mexicanguitarplayers.com\\\/tienda\\\/sin categor\u00eda\\\/tarola-sonor-p-bateria-ks-1465-sdb\\\/\",\"name\":\"TAROLA SONOR P\\\/BATERIA KS 1465 SDB - Mexican Guitar Players\",\"isPartOf\":{\"@id\":\"https:\\\/\\\/www.mexicanguitarplayers.com\\\/#website\"},\"primaryImageOfPage\":{\"@id\":\"https:\\\/\\\/www.mexicanguitarplayers.com\\\/tienda\\\/sin categor\u00eda\\\/tarola-sonor-p-bateria-ks-1465-sdb\\\/#primaryimage\"},\"image\":{\"@id\":\"https:\\\/\\\/www.mexicanguitarplayers.com\\\/tienda\\\/sin categor\u00eda\\\/tarola-sonor-p-bateria-ks-1465-sdb\\\/#primaryimage\"},\"thumbnailUrl\":\"https:\\\/\\\/www.mexicanguitarplayers.com\\\/wp-content\\\/uploads\\\/2025\\\/04\\\/IPSORKS1465SDB.jpg\",\"datePublished\":\"2025-04-06T20:31:24+00:00\",\"dateModified\":\"2026-05-01T13:29:58+00:00\",\"description\":\"La Tarola Sonor KS 1465 SDB de 14\u201d x 6,5\u201d es una tarola de acero con un acabado en lat\u00f3n cromado. Parte de la serie Kompressor, ofrece un sonido potente y sensible, ideal para una variedad de estilos musicales. Gracias a sus Optimum Shell Measurements (OSM), los parches vibran m\u00e1s libremente, mejorando la resonancia. Equipada con orejetas TuneSafe para mantener una afinaci\u00f3n estable, esta tarola es perfecta para bateristas que buscan versatilidad y rendimiento confiable.\",\"breadcrumb\":{\"@id\":\"https:\\\/\\\/www.mexicanguitarplayers.com\\\/tienda\\\/sin categor\u00eda\\\/tarola-sonor-p-bateria-ks-1465-sdb\\\/#breadcrumb\"},\"inLanguage\":\"en-US\",\"potentialAction\":[{\"@type\":\"ReadAction\",\"target\":[\"https:\\\/\\\/www.mexicanguitarplayers.com\\\/tienda\\\/sin categor\u00eda\\\/tarola-sonor-p-bateria-ks-1465-sdb\\\/\"]}]},{\"@type\":\"ImageObject\",\"inLanguage\":\"en-US\",\"@id\":\"https:\\\/\\\/www.mexicanguitarplayers.com\\\/tienda\\\/sin categor\u00eda\\\/tarola-sonor-p-bateria-ks-1465-sdb\\\/#primaryimage\",\"url\":\"https:\\\/\\\/www.mexicanguitarplayers.com\\\/wp-content\\\/uploads\\\/2025\\\/04\\\/IPSORKS1465SDB.jpg\",\"contentUrl\":\"https:\\\/\\\/www.mexicanguitarplayers.com\\\/wp-content\\\/uploads\\\/2025\\\/04\\\/IPSORKS1465SDB.jpg\",\"width\":1600,\"height\":800},{\"@type\":\"BreadcrumbList\",\"@id\":\"https:\\\/\\\/www.mexicanguitarplayers.com\\\/tienda\\\/sin categor\u00eda\\\/tarola-sonor-p-bateria-ks-1465-sdb\\\/#breadcrumb\",\"itemListElement\":[{\"@type\":\"ListItem\",\"position\":1,\"name\":\"Portada\",\"item\":\"https:\\\/\\\/www.mexicanguitarplayers.com\\\/\"},{\"@type\":\"ListItem\",\"position\":2,\"name\":\"Tienda\",\"item\":\"https:\\\/\\\/www.mexicanguitarplayers.com\\\/tienda\\\/\"},{\"@type\":\"ListItem\",\"position\":3,\"name\":\"TAROLA SONOR P\\\/BATERIA KS 1465 SDB\"}]},{\"@type\":\"WebSite\",\"@id\":\"https:\\\/\\\/www.mexicanguitarplayers.com\\\/#website\",\"url\":\"https:\\\/\\\/www.mexicanguitarplayers.com\\\/\",\"name\":\"Mexican Guitar Players\",\"description\":\"Website\",\"publisher\":{\"@id\":\"https:\\\/\\\/www.mexicanguitarplayers.com\\\/#organization\"},\"potentialAction\":[{\"@type\":\"SearchAction\",\"target\":{\"@type\":\"EntryPoint\",\"urlTemplate\":\"https:\\\/\\\/www.mexicanguitarplayers.com\\\/?s={search_term_string}\"},\"query-input\":{\"@type\":\"PropertyValueSpecification\",\"valueRequired\":true,\"valueName\":\"search_term_string\"}}],\"inLanguage\":\"en-US\"},{\"@type\":\"Organization\",\"@id\":\"https:\\\/\\\/www.mexicanguitarplayers.com\\\/#organization\",\"name\":\"Mexican Guitar Players\",\"url\":\"https:\\\/\\\/www.mexicanguitarplayers.com\\\/\",\"logo\":{\"@type\":\"ImageObject\",\"inLanguage\":\"en-US\",\"@id\":\"https:\\\/\\\/www.mexicanguitarplayers.com\\\/#\\\/schema\\\/logo\\\/image\\\/\",\"url\":\"\",\"contentUrl\":\"\",\"caption\":\"Mexican Guitar Players\"},\"image\":{\"@id\":\"https:\\\/\\\/www.mexicanguitarplayers.com\\\/#\\\/schema\\\/logo\\\/image\\\/\"}}]}<\/script>\n<!-- \/ Yoast SEO plugin. -->","yoast_head_json":{"title":"TAROLA SONOR P\/BATERIA KS 1465 SDB - Mexican Guitar Players","description":"La Tarola Sonor KS 1465 SDB de 14\u201d x 6,5\u201d es una tarola de acero con un acabado en lat\u00f3n cromado. Parte de la serie Kompressor, ofrece un sonido potente y sensible, ideal para una variedad de estilos musicales. Gracias a sus Optimum Shell Measurements (OSM), los parches vibran m\u00e1s libremente, mejorando la resonancia. Equipada con orejetas TuneSafe para mantener una afinaci\u00f3n estable, esta tarola es perfecta para bateristas que buscan versatilidad y rendimiento confiable.","robots":{"index":"index","follow":"follow","max-snippet":"max-snippet:-1","max-image-preview":"max-image-preview:large","max-video-preview":"max-video-preview:-1"},"canonical":"https:\/\/www.mexicanguitarplayers.com\/en\/tienda\/sin categor\u00eda\/tarola-sonor-p-bateria-ks-1465-sdb\/","og_locale":"en_US","og_type":"article","og_title":"TAROLA SONOR P\/BATERIA KS 1465 SDB - Mexican Guitar Players","og_description":"La Tarola Sonor KS 1465 SDB de 14\u201d x 6,5\u201d es una tarola de acero con un acabado en lat\u00f3n cromado. Parte de la serie Kompressor, ofrece un sonido potente y sensible, ideal para una variedad de estilos musicales. Gracias a sus Optimum Shell Measurements (OSM), los parches vibran m\u00e1s libremente, mejorando la resonancia. Equipada con orejetas TuneSafe para mantener una afinaci\u00f3n estable, esta tarola es perfecta para bateristas que buscan versatilidad y rendimiento confiable.","og_url":"https:\/\/www.mexicanguitarplayers.com\/en\/tienda\/sin categor\u00eda\/tarola-sonor-p-bateria-ks-1465-sdb\/","og_site_name":"Mexican Guitar Players","article_modified_time":"2026-05-01T13:29:58+00:00","twitter_card":"summary_large_image","twitter_misc":{"Est. reading time":"1 minute"},"schema":{"@context":"https:\/\/schema.org","@graph":[{"@type":["WebPage","ItemPage"],"@id":"https:\/\/www.mexicanguitarplayers.com\/tienda\/sin categor\u00eda\/tarola-sonor-p-bateria-ks-1465-sdb\/","url":"https:\/\/www.mexicanguitarplayers.com\/tienda\/sin categor\u00eda\/tarola-sonor-p-bateria-ks-1465-sdb\/","name":"TAROLA SONOR P\/BATERIA KS 1465 SDB - Mexican Guitar Players","isPartOf":{"@id":"https:\/\/www.mexicanguitarplayers.com\/#website"},"primaryImageOfPage":{"@id":"https:\/\/www.mexicanguitarplayers.com\/tienda\/sin categor\u00eda\/tarola-sonor-p-bateria-ks-1465-sdb\/#primaryimage"},"image":{"@id":"https:\/\/www.mexicanguitarplayers.com\/tienda\/sin categor\u00eda\/tarola-sonor-p-bateria-ks-1465-sdb\/#primaryimage"},"thumbnailUrl":"https:\/\/www.mexicanguitarplayers.com\/wp-content\/uploads\/2025\/04\/IPSORKS1465SDB.jpg","datePublished":"2025-04-06T20:31:24+00:00","dateModified":"2026-05-01T13:29:58+00:00","description":"La Tarola Sonor KS 1465 SDB de 14\u201d x 6,5\u201d es una tarola de acero con un acabado en lat\u00f3n cromado. Parte de la serie Kompressor, ofrece un sonido potente y sensible, ideal para una variedad de estilos musicales. Gracias a sus Optimum Shell Measurements (OSM), los parches vibran m\u00e1s libremente, mejorando la resonancia. Equipada con orejetas TuneSafe para mantener una afinaci\u00f3n estable, esta tarola es perfecta para bateristas que buscan versatilidad y rendimiento confiable.","breadcrumb":{"@id":"https:\/\/www.mexicanguitarplayers.com\/tienda\/sin categor\u00eda\/tarola-sonor-p-bateria-ks-1465-sdb\/#breadcrumb"},"inLanguage":"en-US","potentialAction":[{"@type":"ReadAction","target":["https:\/\/www.mexicanguitarplayers.com\/tienda\/sin categor\u00eda\/tarola-sonor-p-bateria-ks-1465-sdb\/"]}]},{"@type":"ImageObject","inLanguage":"en-US","@id":"https:\/\/www.mexicanguitarplayers.com\/tienda\/sin categor\u00eda\/tarola-sonor-p-bateria-ks-1465-sdb\/#primaryimage","url":"https:\/\/www.mexicanguitarplayers.com\/wp-content\/uploads\/2025\/04\/IPSORKS1465SDB.jpg","contentUrl":"https:\/\/www.mexicanguitarplayers.com\/wp-content\/uploads\/2025\/04\/IPSORKS1465SDB.jpg","width":1600,"height":800},{"@type":"BreadcrumbList","@id":"https:\/\/www.mexicanguitarplayers.com\/tienda\/sin categor\u00eda\/tarola-sonor-p-bateria-ks-1465-sdb\/#breadcrumb","itemListElement":[{"@type":"ListItem","position":1,"name":"Portada","item":"https:\/\/www.mexicanguitarplayers.com\/"},{"@type":"ListItem","position":2,"name":"Tienda","item":"https:\/\/www.mexicanguitarplayers.com\/tienda\/"},{"@type":"ListItem","position":3,"name":"TAROLA SONOR P\/BATERIA KS 1465 SDB"}]},{"@type":"WebSite","@id":"https:\/\/www.mexicanguitarplayers.com\/#website","url":"https:\/\/www.mexicanguitarplayers.com\/","name":"Mexican Guitar Players","description":"Website","publisher":{"@id":"https:\/\/www.mexicanguitarplayers.com\/#organization"},"potentialAction":[{"@type":"SearchAction","target":{"@type":"EntryPoint","urlTemplate":"https:\/\/www.mexicanguitarplayers.com\/?s={search_term_string}"},"query-input":{"@type":"PropertyValueSpecification","valueRequired":true,"valueName":"search_term_string"}}],"inLanguage":"en-US"},{"@type":"Organization","@id":"https:\/\/www.mexicanguitarplayers.com\/#organization","name":"Mexican Guitar Players","url":"https:\/\/www.mexicanguitarplayers.com\/","logo":{"@type":"ImageObject","inLanguage":"en-US","@id":"https:\/\/www.mexicanguitarplayers.com\/#\/schema\/logo\/image\/","url":"","contentUrl":"","caption":"Mexican Guitar Players"},"image":{"@id":"https:\/\/www.mexicanguitarplayers.com\/#\/schema\/logo\/image\/"}}]}},"brands":[{"id":321,"name":"SOUND","slug":"sonor"}],"_links":{"self":[{"href":"https:\/\/www.mexicanguitarplayers.com\/en\/wp-json\/wp\/v2\/product\/24388","targetHints":{"allow":["GET"]}}],"collection":[{"href":"https:\/\/www.mexicanguitarplayers.com\/en\/wp-json\/wp\/v2\/product"}],"about":[{"href":"https:\/\/www.mexicanguitarplayers.com\/en\/wp-json\/wp\/v2\/types\/product"}],"replies":[{"embeddable":true,"href":"https:\/\/www.mexicanguitarplayers.com\/en\/wp-json\/wp\/v2\/comments?post=24388"}],"wp:featuredmedia":[{"embeddable":true,"href":"https:\/\/www.mexicanguitarplayers.com\/en\/wp-json\/wp\/v2\/media\/24384"}],"wp:attachment":[{"href":"https:\/\/www.mexicanguitarplayers.com\/en\/wp-json\/wp\/v2\/media?parent=24388"}],"wp:term":[{"taxonomy":"pwb-brand","embeddable":true,"href":"https:\/\/www.mexicanguitarplayers.com\/en\/wp-json\/wp\/v2\/pwb-brand?post=24388"},{"taxonomy":"product_brand","embeddable":true,"href":"https:\/\/www.mexicanguitarplayers.com\/en\/wp-json\/wp\/v2\/product_brand?post=24388"},{"taxonomy":"product_cat","embeddable":true,"href":"https:\/\/www.mexicanguitarplayers.com\/en\/wp-json\/wp\/v2\/product_cat?post=24388"},{"taxonomy":"product_tag","embeddable":true,"href":"https:\/\/www.mexicanguitarplayers.com\/en\/wp-json\/wp\/v2\/product_tag?post=24388"}],"curies":[{"name":"wp","href":"https:\/\/api.w.org\/{rel}","templated":true}]}}