{"id":24405,"date":"2025-04-06T14:32:52","date_gmt":"2025-04-06T20:32:52","guid":{"rendered":"https:\/\/www.mexicanguitarplayers.com\/tienda\/sin categor\u00eda\/estuche-skb-p-guit-electrica-1skb-62\/"},"modified":"2026-05-01T07:29:56","modified_gmt":"2026-05-01T13:29:56","slug":"estuche-skb-p-guit-electrica-1skb-62","status":"publish","type":"product","link":"https:\/\/www.mexicanguitarplayers.com\/en\/tienda\/accesorios\/estuches-y-fundas\/para-guitarra\/para-guitarra-electrica\/estuche-skb-p-guit-electrica-1skb-62\/","title":{"rendered":"ESTUCHE SKB P\/GUIT. ELECTRICA 1SKB-62"},"content":{"rendered":"<div style=\"text-align: justify\">\n<div>\n<h3>Mant\u00e9n tu instrumento a salvo.<\/h3>\n<\/div>\n<div>El estuche 1SKB-62 est\u00e1 modelado con estireno modificado de goma patentado que brinda la m\u00e1xima protecci\u00f3n y durabilidad. El interior forrado de felpa EPS (poli estireno expandido) dise\u00f1o est\u00e1 dise\u00f1ado para sujetar con seguridad una guitarra Fender Jaguar o Fender Jazzmaster. Este es el primer estuche moldeado dise\u00f1ado espec\u00edficamente para estos modelos y cuenta con el sistema patentado de liberaci\u00f3n de gatillo de nylon reforzado con fibra de vidrio patentado por SKB con la inclusi\u00f3n de un seguro de bloqueo TSA, el cual te permite bloquear tu estuche y aun as\u00ed que pueda ser inspeccionado por la seguridad en la aerol\u00ednea. El logotipo de TSA les notifica a los evaluadores de TSA que no es necesario romper los pestillos para realizar una comprobaci\u00f3n de seguridad. Un asa moldeada de goma amortiguada para un transporte c\u00f3modo con patas moldeadas y pozos de apilamiento convenientes, son parte de los contornos exteriores que brindan mayor comodidad cuando se transportar m\u00faltiples cajas. El estuche cuenta con un compartimento para accesorios.<\/div>\n<div>\n<h4>Quick look<\/h4>\n<\/div>\n<ul style=\"margin: 0px 0px 0px 25px\">\n<li style=\"list-style-type: circle;margin: 5px\">Longitud interior.<\/li>\n<li style=\"list-style-type: circle;margin: 5px\">Longitud exterior.<\/li>\n<li style=\"list-style-type: circle;margin: 5px\">Ancho exterior.<\/li>\n<li style=\"list-style-type: circle;margin: 5px\">Profundidad exterior.<\/li>\n<li style=\"list-style-type: circle;margin: 5px\">Longitud del cuerpo del instrumento.<\/li>\n<li style=\"list-style-type: circle;margin: 5px\">Profundidad del cuerpo del instrumento.<\/li>\n<li style=\"list-style-type: circle;margin: 5px\">Parte ancha del instrumento.<\/li>\n<li style=\"list-style-type: circle;margin: 5px\">Parte angosta del instrumento.<\/li>\n<li style=\"list-style-type: circle;margin: 5px\">Weight.<\/li>\n<\/ul>\n<div>\n<div style=\"font-weight: bold\">Longitud interior.<\/div>\n<div>\n<p>105.66 cm.<\/p>\n<\/div>\n<div style=\"font-weight: bold\">Longitud exterior.<\/div>\n<div>\n<p>115.57 cm.<\/p>\n<\/div>\n<div style=\"font-weight: bold\">Ancho exterior.<\/div>\n<div>\n<p>45.09 cm.<\/p>\n<\/div>\n<div style=\"font-weight: bold\">Profundidad exterior.<\/div>\n<div>\n<p>12.70 cm.<\/p>\n<\/div>\n<div style=\"font-weight: bold\">Longitud del cuerpo del instrumento.<\/div>\n<div>\n<p>45.72 cm.<\/p>\n<\/div>\n<div style=\"font-weight: bold\">Profundidad del cuerpo del instrumento.<\/div>\n<div>\n<p>5.08 cm.<\/p>\n<\/div>\n<div style=\"font-weight: bold\">Parte ancha del instrumento.<\/div>\n<div>\n<p>34.29 cm.<\/p>\n<\/div>\n<div style=\"font-weight: bold\">Parte angosta del instrumento.<\/div>\n<div>\n<p>26.67 cm.<\/p>\n<\/div>\n<div style=\"font-weight: bold\">Weight.<\/div>\n<div>\n<p>4.99 kg.<\/p>\n<\/div>\n<\/div>\n<div>\n<h4>Characteristics<\/h4>\n<\/div>\n<div>\n<ul style=\"margin: 0px 0px 0px 25px\">\n<li style=\"list-style-type: circle;margin: 5px\">Moldeado propietario de estireno modificado con caucho.<\/li>\n<li style=\"list-style-type: circle;margin: 5px\">Sistema de bloqueo de nylon reforzado.<\/li>\n<li style=\"list-style-type: circle;margin: 5px\">Cerrojos TSA de seguridad.<\/li>\n<li style=\"list-style-type: circle;margin: 5px\">Ribete protegido.<\/li>\n<li style=\"list-style-type: circle;margin: 5px\">Compartimento para accesorios.<\/li>\n<li style=\"list-style-type: circle;margin: 5px\">Interior de felpa de dise\u00f1o personalizado.<\/li>\n<li style=\"list-style-type: circle;margin: 5px\">Pozos de apilamiento.<\/li>\n<\/ul>\n<\/div>\n<\/div>","protected":false},"excerpt":{"rendered":"<p>Estuche para guitarra el\u00e9ctrica, ideal para guitarras Fender Jaguar o Fender Jazzmaster, moldeado de poliestireno modificado con caucho, cerraduras TSA, ribete protegido, compartimento para accesorios, interior de felpa con dise\u00f1o personalizado, pozos de apilamiento, longitud interior: 105.66 cm, longitud exterior: 115.57 cm, ancho exterior: 45.09 cm, profundidad exterior:12.70 cm, longitud del cuerpo del instrumento: 45.72 cm, profundidad del cuerpo del instrumento: 5.08 cm, parte ancha del instrumento: 34.29 cm, parte angosta del instrumento: 26.67 cm, peso: 4.99 kg.&hellip; <a class=\"kt-excerpt-readmore more-link\" href=\"https:\/\/www.mexicanguitarplayers.com\/en\/tienda\/accesorios\/estuches-y-fundas\/para-guitarra\/para-guitarra-electrica\/estuche-skb-p-guit-electrica-1skb-62\/\">Read more<\/a><\/p>","protected":false},"featured_media":24401,"comment_status":"open","ping_status":"closed","template":"","meta":{"kt_blocks_editor_width":""},"pwb-brand":[609],"product_brand":[],"product_cat":[85,517,566,567],"product_tag":[],"class_list":{"0":"post-24405","1":"product","2":"type-product","3":"status-publish","4":"has-post-thumbnail","6":"pwb-brand-skb","7":"product_cat-accesorios","8":"product_cat-estuches-y-fundas","9":"product_cat-para-guitarra","10":"product_cat-para-guitarra-electrica","11":"product_shipping_class-5-10-kg","13":"first","14":"instock","15":"taxable","16":"shipping-taxable","17":"purchasable","18":"product-type-simple"},"yoast_head":"<!-- This site is optimized with the Yoast SEO plugin v27.5 - https:\/\/yoast.com\/product\/yoast-seo-wordpress\/ -->\n<title>ESTUCHE SKB P\/GUIT. ELECTRICA 1SKB-62 - Mexican Guitar Players<\/title>\n<meta name=\"description\" content=\"Estuche para guitarra el\u00e9ctrica, ideal para guitarras Fender Jaguar o Fender Jazzmaster, moldeado de poliestireno modificado con caucho, cerraduras TSA, ribete protegido, compartimento para accesorios, interior de felpa con dise\u00f1o personalizado, pozos de apilamiento, longitud interior: 105.66 cm, longitud exterior: 115.57 cm, ancho exterior: 45.09 cm, profundidad exterior:12.70 cm, longitud del cuerpo del instrumento: 45.72 cm, profundidad del cuerpo del instrumento: 5.08 cm, parte ancha del instrumento: 34.29 cm, parte angosta del instrumento: 26.67 cm, peso: 4.99 kg.\" \/>\n<meta name=\"robots\" content=\"index, follow, max-snippet:-1, max-image-preview:large, max-video-preview:-1\" \/>\n<link rel=\"canonical\" href=\"https:\/\/www.mexicanguitarplayers.com\/en\/tienda\/sin%20categor\u00eda\/estuche-skb-p-guit-electrica-1skb-62\/\" \/>\n<meta property=\"og:locale\" content=\"en_US\" \/>\n<meta property=\"og:type\" content=\"article\" \/>\n<meta property=\"og:title\" content=\"ESTUCHE SKB P\/GUIT. ELECTRICA 1SKB-62 - Mexican Guitar Players\" \/>\n<meta property=\"og:description\" content=\"Estuche para guitarra el\u00e9ctrica, ideal para guitarras Fender Jaguar o Fender Jazzmaster, moldeado de poliestireno modificado con caucho, cerraduras TSA, ribete protegido, compartimento para accesorios, interior de felpa con dise\u00f1o personalizado, pozos de apilamiento, longitud interior: 105.66 cm, longitud exterior: 115.57 cm, ancho exterior: 45.09 cm, profundidad exterior:12.70 cm, longitud del cuerpo del instrumento: 45.72 cm, profundidad del cuerpo del instrumento: 5.08 cm, parte ancha del instrumento: 34.29 cm, parte angosta del instrumento: 26.67 cm, peso: 4.99 kg.\" \/>\n<meta property=\"og:url\" content=\"https:\/\/www.mexicanguitarplayers.com\/en\/tienda\/sin categor\u00eda\/estuche-skb-p-guit-electrica-1skb-62\/\" \/>\n<meta property=\"og:site_name\" content=\"Mexican Guitar Players\" \/>\n<meta property=\"article:modified_time\" content=\"2026-05-01T13:29:56+00:00\" \/>\n<meta name=\"twitter:card\" content=\"summary_large_image\" \/>\n<meta name=\"twitter:label1\" content=\"Est. reading time\" \/>\n\t<meta name=\"twitter:data1\" content=\"1 minute\" \/>\n<script type=\"application\/ld+json\" class=\"yoast-schema-graph\">{\"@context\":\"https:\\\/\\\/schema.org\",\"@graph\":[{\"@type\":[\"WebPage\",\"ItemPage\"],\"@id\":\"https:\\\/\\\/www.mexicanguitarplayers.com\\\/tienda\\\/sin categor\u00eda\\\/estuche-skb-p-guit-electrica-1skb-62\\\/\",\"url\":\"https:\\\/\\\/www.mexicanguitarplayers.com\\\/tienda\\\/sin categor\u00eda\\\/estuche-skb-p-guit-electrica-1skb-62\\\/\",\"name\":\"ESTUCHE SKB P\\\/GUIT. ELECTRICA 1SKB-62 - Mexican Guitar Players\",\"isPartOf\":{\"@id\":\"https:\\\/\\\/www.mexicanguitarplayers.com\\\/#website\"},\"primaryImageOfPage\":{\"@id\":\"https:\\\/\\\/www.mexicanguitarplayers.com\\\/tienda\\\/sin categor\u00eda\\\/estuche-skb-p-guit-electrica-1skb-62\\\/#primaryimage\"},\"image\":{\"@id\":\"https:\\\/\\\/www.mexicanguitarplayers.com\\\/tienda\\\/sin categor\u00eda\\\/estuche-skb-p-guit-electrica-1skb-62\\\/#primaryimage\"},\"thumbnailUrl\":\"https:\\\/\\\/www.mexicanguitarplayers.com\\\/wp-content\\\/uploads\\\/2025\\\/04\\\/VASKB1SKB62.jpg\",\"datePublished\":\"2025-04-06T20:32:52+00:00\",\"dateModified\":\"2026-05-01T13:29:56+00:00\",\"description\":\"Estuche para guitarra el\u00e9ctrica, ideal para guitarras Fender Jaguar o Fender Jazzmaster, moldeado de poliestireno modificado con caucho, cerraduras TSA, ribete protegido, compartimento para accesorios, interior de felpa con dise\u00f1o personalizado, pozos de apilamiento, longitud interior: 105.66 cm, longitud exterior: 115.57 cm, ancho exterior: 45.09 cm, profundidad exterior:12.70 cm, longitud del cuerpo del instrumento: 45.72 cm, profundidad del cuerpo del instrumento: 5.08 cm, parte ancha del instrumento: 34.29 cm, parte angosta del instrumento: 26.67 cm, peso: 4.99 kg.\",\"breadcrumb\":{\"@id\":\"https:\\\/\\\/www.mexicanguitarplayers.com\\\/tienda\\\/sin categor\u00eda\\\/estuche-skb-p-guit-electrica-1skb-62\\\/#breadcrumb\"},\"inLanguage\":\"en-US\",\"potentialAction\":[{\"@type\":\"ReadAction\",\"target\":[\"https:\\\/\\\/www.mexicanguitarplayers.com\\\/tienda\\\/sin categor\u00eda\\\/estuche-skb-p-guit-electrica-1skb-62\\\/\"]}]},{\"@type\":\"ImageObject\",\"inLanguage\":\"en-US\",\"@id\":\"https:\\\/\\\/www.mexicanguitarplayers.com\\\/tienda\\\/sin categor\u00eda\\\/estuche-skb-p-guit-electrica-1skb-62\\\/#primaryimage\",\"url\":\"https:\\\/\\\/www.mexicanguitarplayers.com\\\/wp-content\\\/uploads\\\/2025\\\/04\\\/VASKB1SKB62.jpg\",\"contentUrl\":\"https:\\\/\\\/www.mexicanguitarplayers.com\\\/wp-content\\\/uploads\\\/2025\\\/04\\\/VASKB1SKB62.jpg\",\"width\":1600,\"height\":800},{\"@type\":\"BreadcrumbList\",\"@id\":\"https:\\\/\\\/www.mexicanguitarplayers.com\\\/tienda\\\/sin categor\u00eda\\\/estuche-skb-p-guit-electrica-1skb-62\\\/#breadcrumb\",\"itemListElement\":[{\"@type\":\"ListItem\",\"position\":1,\"name\":\"Portada\",\"item\":\"https:\\\/\\\/www.mexicanguitarplayers.com\\\/\"},{\"@type\":\"ListItem\",\"position\":2,\"name\":\"Tienda\",\"item\":\"https:\\\/\\\/www.mexicanguitarplayers.com\\\/tienda\\\/\"},{\"@type\":\"ListItem\",\"position\":3,\"name\":\"ESTUCHE SKB P\\\/GUIT. ELECTRICA 1SKB-62\"}]},{\"@type\":\"WebSite\",\"@id\":\"https:\\\/\\\/www.mexicanguitarplayers.com\\\/#website\",\"url\":\"https:\\\/\\\/www.mexicanguitarplayers.com\\\/\",\"name\":\"Mexican Guitar Players\",\"description\":\"Website\",\"publisher\":{\"@id\":\"https:\\\/\\\/www.mexicanguitarplayers.com\\\/#organization\"},\"potentialAction\":[{\"@type\":\"SearchAction\",\"target\":{\"@type\":\"EntryPoint\",\"urlTemplate\":\"https:\\\/\\\/www.mexicanguitarplayers.com\\\/?s={search_term_string}\"},\"query-input\":{\"@type\":\"PropertyValueSpecification\",\"valueRequired\":true,\"valueName\":\"search_term_string\"}}],\"inLanguage\":\"en-US\"},{\"@type\":\"Organization\",\"@id\":\"https:\\\/\\\/www.mexicanguitarplayers.com\\\/#organization\",\"name\":\"Mexican Guitar Players\",\"url\":\"https:\\\/\\\/www.mexicanguitarplayers.com\\\/\",\"logo\":{\"@type\":\"ImageObject\",\"inLanguage\":\"en-US\",\"@id\":\"https:\\\/\\\/www.mexicanguitarplayers.com\\\/#\\\/schema\\\/logo\\\/image\\\/\",\"url\":\"\",\"contentUrl\":\"\",\"caption\":\"Mexican Guitar Players\"},\"image\":{\"@id\":\"https:\\\/\\\/www.mexicanguitarplayers.com\\\/#\\\/schema\\\/logo\\\/image\\\/\"}}]}<\/script>\n<!-- \/ Yoast SEO plugin. -->","yoast_head_json":{"title":"ESTUCHE SKB P\/GUIT. ELECTRICA 1SKB-62 - Mexican Guitar Players","description":"Estuche para guitarra el\u00e9ctrica, ideal para guitarras Fender Jaguar o Fender Jazzmaster, moldeado de poliestireno modificado con caucho, cerraduras TSA, ribete protegido, compartimento para accesorios, interior de felpa con dise\u00f1o personalizado, pozos de apilamiento, longitud interior: 105.66 cm, longitud exterior: 115.57 cm, ancho exterior: 45.09 cm, profundidad exterior:12.70 cm, longitud del cuerpo del instrumento: 45.72 cm, profundidad del cuerpo del instrumento: 5.08 cm, parte ancha del instrumento: 34.29 cm, parte angosta del instrumento: 26.67 cm, peso: 4.99 kg.","robots":{"index":"index","follow":"follow","max-snippet":"max-snippet:-1","max-image-preview":"max-image-preview:large","max-video-preview":"max-video-preview:-1"},"canonical":"https:\/\/www.mexicanguitarplayers.com\/en\/tienda\/sin categor\u00eda\/estuche-skb-p-guit-electrica-1skb-62\/","og_locale":"en_US","og_type":"article","og_title":"ESTUCHE SKB P\/GUIT. ELECTRICA 1SKB-62 - Mexican Guitar Players","og_description":"Estuche para guitarra el\u00e9ctrica, ideal para guitarras Fender Jaguar o Fender Jazzmaster, moldeado de poliestireno modificado con caucho, cerraduras TSA, ribete protegido, compartimento para accesorios, interior de felpa con dise\u00f1o personalizado, pozos de apilamiento, longitud interior: 105.66 cm, longitud exterior: 115.57 cm, ancho exterior: 45.09 cm, profundidad exterior:12.70 cm, longitud del cuerpo del instrumento: 45.72 cm, profundidad del cuerpo del instrumento: 5.08 cm, parte ancha del instrumento: 34.29 cm, parte angosta del instrumento: 26.67 cm, peso: 4.99 kg.","og_url":"https:\/\/www.mexicanguitarplayers.com\/en\/tienda\/sin categor\u00eda\/estuche-skb-p-guit-electrica-1skb-62\/","og_site_name":"Mexican Guitar Players","article_modified_time":"2026-05-01T13:29:56+00:00","twitter_card":"summary_large_image","twitter_misc":{"Est. reading time":"1 minute"},"schema":{"@context":"https:\/\/schema.org","@graph":[{"@type":["WebPage","ItemPage"],"@id":"https:\/\/www.mexicanguitarplayers.com\/tienda\/sin categor\u00eda\/estuche-skb-p-guit-electrica-1skb-62\/","url":"https:\/\/www.mexicanguitarplayers.com\/tienda\/sin categor\u00eda\/estuche-skb-p-guit-electrica-1skb-62\/","name":"ESTUCHE SKB P\/GUIT. ELECTRICA 1SKB-62 - Mexican Guitar Players","isPartOf":{"@id":"https:\/\/www.mexicanguitarplayers.com\/#website"},"primaryImageOfPage":{"@id":"https:\/\/www.mexicanguitarplayers.com\/tienda\/sin categor\u00eda\/estuche-skb-p-guit-electrica-1skb-62\/#primaryimage"},"image":{"@id":"https:\/\/www.mexicanguitarplayers.com\/tienda\/sin categor\u00eda\/estuche-skb-p-guit-electrica-1skb-62\/#primaryimage"},"thumbnailUrl":"https:\/\/www.mexicanguitarplayers.com\/wp-content\/uploads\/2025\/04\/VASKB1SKB62.jpg","datePublished":"2025-04-06T20:32:52+00:00","dateModified":"2026-05-01T13:29:56+00:00","description":"Estuche para guitarra el\u00e9ctrica, ideal para guitarras Fender Jaguar o Fender Jazzmaster, moldeado de poliestireno modificado con caucho, cerraduras TSA, ribete protegido, compartimento para accesorios, interior de felpa con dise\u00f1o personalizado, pozos de apilamiento, longitud interior: 105.66 cm, longitud exterior: 115.57 cm, ancho exterior: 45.09 cm, profundidad exterior:12.70 cm, longitud del cuerpo del instrumento: 45.72 cm, profundidad del cuerpo del instrumento: 5.08 cm, parte ancha del instrumento: 34.29 cm, parte angosta del instrumento: 26.67 cm, peso: 4.99 kg.","breadcrumb":{"@id":"https:\/\/www.mexicanguitarplayers.com\/tienda\/sin categor\u00eda\/estuche-skb-p-guit-electrica-1skb-62\/#breadcrumb"},"inLanguage":"en-US","potentialAction":[{"@type":"ReadAction","target":["https:\/\/www.mexicanguitarplayers.com\/tienda\/sin categor\u00eda\/estuche-skb-p-guit-electrica-1skb-62\/"]}]},{"@type":"ImageObject","inLanguage":"en-US","@id":"https:\/\/www.mexicanguitarplayers.com\/tienda\/sin categor\u00eda\/estuche-skb-p-guit-electrica-1skb-62\/#primaryimage","url":"https:\/\/www.mexicanguitarplayers.com\/wp-content\/uploads\/2025\/04\/VASKB1SKB62.jpg","contentUrl":"https:\/\/www.mexicanguitarplayers.com\/wp-content\/uploads\/2025\/04\/VASKB1SKB62.jpg","width":1600,"height":800},{"@type":"BreadcrumbList","@id":"https:\/\/www.mexicanguitarplayers.com\/tienda\/sin categor\u00eda\/estuche-skb-p-guit-electrica-1skb-62\/#breadcrumb","itemListElement":[{"@type":"ListItem","position":1,"name":"Portada","item":"https:\/\/www.mexicanguitarplayers.com\/"},{"@type":"ListItem","position":2,"name":"Tienda","item":"https:\/\/www.mexicanguitarplayers.com\/tienda\/"},{"@type":"ListItem","position":3,"name":"ESTUCHE SKB P\/GUIT. ELECTRICA 1SKB-62"}]},{"@type":"WebSite","@id":"https:\/\/www.mexicanguitarplayers.com\/#website","url":"https:\/\/www.mexicanguitarplayers.com\/","name":"Mexican Guitar Players","description":"Website","publisher":{"@id":"https:\/\/www.mexicanguitarplayers.com\/#organization"},"potentialAction":[{"@type":"SearchAction","target":{"@type":"EntryPoint","urlTemplate":"https:\/\/www.mexicanguitarplayers.com\/?s={search_term_string}"},"query-input":{"@type":"PropertyValueSpecification","valueRequired":true,"valueName":"search_term_string"}}],"inLanguage":"en-US"},{"@type":"Organization","@id":"https:\/\/www.mexicanguitarplayers.com\/#organization","name":"Mexican Guitar Players","url":"https:\/\/www.mexicanguitarplayers.com\/","logo":{"@type":"ImageObject","inLanguage":"en-US","@id":"https:\/\/www.mexicanguitarplayers.com\/#\/schema\/logo\/image\/","url":"","contentUrl":"","caption":"Mexican Guitar Players"},"image":{"@id":"https:\/\/www.mexicanguitarplayers.com\/#\/schema\/logo\/image\/"}}]}},"brands":[{"id":609,"name":"SKB","slug":"skb"}],"_links":{"self":[{"href":"https:\/\/www.mexicanguitarplayers.com\/en\/wp-json\/wp\/v2\/product\/24405","targetHints":{"allow":["GET"]}}],"collection":[{"href":"https:\/\/www.mexicanguitarplayers.com\/en\/wp-json\/wp\/v2\/product"}],"about":[{"href":"https:\/\/www.mexicanguitarplayers.com\/en\/wp-json\/wp\/v2\/types\/product"}],"replies":[{"embeddable":true,"href":"https:\/\/www.mexicanguitarplayers.com\/en\/wp-json\/wp\/v2\/comments?post=24405"}],"wp:featuredmedia":[{"embeddable":true,"href":"https:\/\/www.mexicanguitarplayers.com\/en\/wp-json\/wp\/v2\/media\/24401"}],"wp:attachment":[{"href":"https:\/\/www.mexicanguitarplayers.com\/en\/wp-json\/wp\/v2\/media?parent=24405"}],"wp:term":[{"taxonomy":"pwb-brand","embeddable":true,"href":"https:\/\/www.mexicanguitarplayers.com\/en\/wp-json\/wp\/v2\/pwb-brand?post=24405"},{"taxonomy":"product_brand","embeddable":true,"href":"https:\/\/www.mexicanguitarplayers.com\/en\/wp-json\/wp\/v2\/product_brand?post=24405"},{"taxonomy":"product_cat","embeddable":true,"href":"https:\/\/www.mexicanguitarplayers.com\/en\/wp-json\/wp\/v2\/product_cat?post=24405"},{"taxonomy":"product_tag","embeddable":true,"href":"https:\/\/www.mexicanguitarplayers.com\/en\/wp-json\/wp\/v2\/product_tag?post=24405"}],"curies":[{"name":"wp","href":"https:\/\/api.w.org\/{rel}","templated":true}]}}