{"id":24428,"date":"2025-04-06T14:35:10","date_gmt":"2025-04-06T20:35:10","guid":{"rendered":"https:\/\/www.mexicanguitarplayers.com\/tienda\/sin categor\u00eda\/platillo-meinl-21-mod-b21ddcr\/"},"modified":"2026-01-17T04:55:09","modified_gmt":"2026-01-17T10:55:09","slug":"platillo-meinl-21-mod-b21ddcr","status":"publish","type":"product","link":"https:\/\/www.mexicanguitarplayers.com\/en\/tienda\/percusiones\/platillos\/rides\/platillo-meinl-21-mod-b21ddcr\/","title":{"rendered":"PLATILLO MEINL  21   MOD. B21DDCR"},"content":{"rendered":"<div style=\"text-align: justify\">\n<div>\n<h3>El sonido de Periphery.<\/h3>\n<\/div>\n<div>El platillos Crash-Ride Matt Halpern Signature Double Down signature est\u00e1 martillado a mano y es muy vers\u00e1til y din\u00e1mico, funciona completamente ya sea como crash y como ride cuando es necesario. Cuenta adem\u00e1s con una potente y cortante campana para perforar una mezcla de banda completa. Debido a que este platillo se abre tan f\u00e1cilmente, es una opci\u00f3n fant\u00e1stica para los acentos crash-riding y big-singles. La combinaci\u00f3n de la parte superior oscura y sin tornear y la parte torneada, crean una mezcla \u00fanica de sustain y control. Adem\u00e1s, un ligero pulido con chorro de arena en la parte superior reduce los matices para un sonido que se desvanece. &#8220;Necesitaba que este platillo fuera extremadamente din\u00e1mico en el sentido de que fuera lo suficientemente alto como para atravesar la intensidad del sonido de Periphery, pero tambi\u00e9n decaer lo suficientemente r\u00e1pido como para no dominar las voces u otros instrumentos mientras tocaba en vivo. Lo he usado en espect\u00e1culos en vivo, salas de estudio de varios tama\u00f1os y diferentes g\u00e9neros y puedo decir con confianza que hace exactamente lo que esperaba en cada uno de esos escenarios&#8221;.<\/div>\n<div>\n<h4>Quick look<\/h4>\n<\/div>\n<ul style=\"margin: 0px 0px 0px 25px\">\n<li style=\"list-style-type: circle;margin: 5px\">Characteristics.<\/li>\n<li style=\"list-style-type: circle;margin: 5px\">Di\u00e1metro.<\/li>\n<li style=\"list-style-type: circle;margin: 5px\">Tipo de platillo.<\/li>\n<li style=\"list-style-type: circle;margin: 5px\">Weight.<\/li>\n<li style=\"list-style-type: circle;margin: 5px\">Tama\u00f1o.<\/li>\n<li style=\"list-style-type: circle;margin: 5px\">Tono.<\/li>\n<li style=\"list-style-type: circle;margin: 5px\">Car\u00e1cter.<\/li>\n<li style=\"list-style-type: circle;margin: 5px\">Timbre.<\/li>\n<li style=\"list-style-type: circle;margin: 5px\">Volumen.<\/li>\n<li style=\"list-style-type: circle;margin: 5px\">Torno.<\/li>\n<li style=\"list-style-type: circle;margin: 5px\">Sustain.<\/li>\n<li style=\"list-style-type: circle;margin: 5px\">Material.<\/li>\n<li style=\"list-style-type: circle;margin: 5px\">Terminado.<\/li>\n<li style=\"list-style-type: circle;margin: 5px\">Formaci\u00f3n.<\/li>\n<\/ul>\n<div>\n<div style=\"font-weight: bold\">Characteristics.<\/div>\n<div>\n<p>Aleaci\u00f3n de bronce B20. Martillado a mano para un sonido \u00fanico. Fant\u00e1stico para crash-ridding y acentos big-singles. Dise\u00f1ado en colaboraci\u00f3n con Matt Halpern.<\/p>\n<\/div>\n<div style=\"font-weight: bold\">Di\u00e1metro.<\/div>\n<div>\n<p>21&#8243; pulgadas.<\/p>\n<\/div>\n<div style=\"font-weight: bold\">Tipo de platillo.<\/div>\n<div>\n<p>Crash-Ride.<\/p>\n<\/div>\n<div style=\"font-weight: bold\">Weight.<\/div>\n<div>\n<p>Delgado.<\/p>\n<\/div>\n<div style=\"font-weight: bold\">Tama\u00f1o.<\/div>\n<div>\n<p>21&#8243; pulgadas.<\/p>\n<\/div>\n<div style=\"font-weight: bold\">Tono.<\/div>\n<div>\n<p>Grave.<\/p>\n<\/div>\n<div style=\"font-weight: bold\">Car\u00e1cter.<\/div>\n<div>\n<p>Natural, terroso.<\/p>\n<\/div>\n<div style=\"font-weight: bold\">Timbre.<\/div>\n<div>\n<p>Oscuro.<\/p>\n<\/div>\n<div style=\"font-weight: bold\">Volumen.<\/div>\n<div>\n<p>Medio.<\/p>\n<\/div>\n<div style=\"font-weight: bold\">Torno.<\/div>\n<div>\n<p>Hoja angosta y desgastada.<\/p>\n<\/div>\n<div style=\"font-weight: bold\">Sustain.<\/div>\n<div>\n<p>Corto.<\/p>\n<\/div>\n<div style=\"font-weight: bold\">Material.<\/div>\n<div>\n<p>Aleaci\u00f3n de bronce B20.<\/p>\n<\/div>\n<div style=\"font-weight: bold\">Terminado.<\/div>\n<div>\n<p>Oscuro, tradicional.<\/p>\n<\/div>\n<div style=\"font-weight: bold\">Formaci\u00f3n.<\/div>\n<div>\n<p>Martillado a mano.<\/p>\n<\/div>\n<\/div>\n<\/div>","protected":false},"excerpt":{"rendered":"<p>Platillo crash-ride de 21\u201d pulgadas, serie Byzance Dark, fabricado con aleaci\u00f3n de bronce B20, martillado a mano, sustain corto, timbre oscuro, volumen medio, terminado oscuro, tradicional, dise\u00f1ado en colaboraci\u00f3n con Matt Halpern.&hellip; <a class=\"kt-excerpt-readmore more-link\" href=\"https:\/\/www.mexicanguitarplayers.com\/en\/tienda\/percusiones\/platillos\/rides\/platillo-meinl-21-mod-b21ddcr\/\">Read more<\/a><\/p>","protected":false},"featured_media":24422,"comment_status":"open","ping_status":"closed","template":"","meta":{"kt_blocks_editor_width":""},"pwb-brand":[290],"product_brand":[],"product_cat":[208,260,286],"product_tag":[],"class_list":{"0":"post-24428","1":"product","2":"type-product","3":"status-publish","4":"has-post-thumbnail","6":"pwb-brand-meinl","7":"product_cat-percusiones","8":"product_cat-platillos","9":"product_cat-rides","10":"product_shipping_class-0-5-kg","12":"first","13":"instock","14":"taxable","15":"shipping-taxable","16":"purchasable","17":"product-type-simple"},"yoast_head":"<!-- This site is optimized with the Yoast SEO plugin v27.3 - https:\/\/yoast.com\/product\/yoast-seo-wordpress\/ -->\n<title>PLATILLO MEINL 21  MOD. B21DDCR - Mexican Guitar Players<\/title>\n<meta name=\"description\" content=\"Platillo crash-ride de 21\u201d pulgadas, serie Byzance Dark, fabricado con aleaci\u00f3n de bronce B20, martillado a mano, sustain corto, timbre oscuro, volumen medio, terminado oscuro, tradicional, dise\u00f1ado en colaboraci\u00f3n con Matt Halpern.\" \/>\n<meta name=\"robots\" content=\"index, follow, max-snippet:-1, max-image-preview:large, max-video-preview:-1\" \/>\n<link rel=\"canonical\" href=\"https:\/\/www.mexicanguitarplayers.com\/en\/tienda\/sin%20categor\u00eda\/platillo-meinl-21-mod-b21ddcr\/\" \/>\n<meta property=\"og:locale\" content=\"en_US\" \/>\n<meta property=\"og:type\" content=\"article\" \/>\n<meta property=\"og:title\" content=\"PLATILLO MEINL 21  MOD. B21DDCR - Mexican Guitar Players\" \/>\n<meta property=\"og:description\" content=\"Platillo crash-ride de 21\u201d pulgadas, serie Byzance Dark, fabricado con aleaci\u00f3n de bronce B20, martillado a mano, sustain corto, timbre oscuro, volumen medio, terminado oscuro, tradicional, dise\u00f1ado en colaboraci\u00f3n con Matt Halpern.\" \/>\n<meta property=\"og:url\" content=\"https:\/\/www.mexicanguitarplayers.com\/en\/tienda\/sin categor\u00eda\/platillo-meinl-21-mod-b21ddcr\/\" \/>\n<meta property=\"og:site_name\" content=\"Mexican Guitar Players\" \/>\n<meta property=\"article:modified_time\" content=\"2026-01-17T10:55:09+00:00\" \/>\n<meta name=\"twitter:card\" content=\"summary_large_image\" \/>\n<meta name=\"twitter:label1\" content=\"Est. reading time\" \/>\n\t<meta name=\"twitter:data1\" content=\"1 minute\" \/>\n<script type=\"application\/ld+json\" class=\"yoast-schema-graph\">{\"@context\":\"https:\\\/\\\/schema.org\",\"@graph\":[{\"@type\":[\"WebPage\",\"ItemPage\"],\"@id\":\"https:\\\/\\\/www.mexicanguitarplayers.com\\\/tienda\\\/sin categor\u00eda\\\/platillo-meinl-21-mod-b21ddcr\\\/\",\"url\":\"https:\\\/\\\/www.mexicanguitarplayers.com\\\/tienda\\\/sin categor\u00eda\\\/platillo-meinl-21-mod-b21ddcr\\\/\",\"name\":\"PLATILLO MEINL 21 MOD. B21DDCR - Mexican Guitar Players\",\"isPartOf\":{\"@id\":\"https:\\\/\\\/www.mexicanguitarplayers.com\\\/#website\"},\"primaryImageOfPage\":{\"@id\":\"https:\\\/\\\/www.mexicanguitarplayers.com\\\/tienda\\\/sin categor\u00eda\\\/platillo-meinl-21-mod-b21ddcr\\\/#primaryimage\"},\"image\":{\"@id\":\"https:\\\/\\\/www.mexicanguitarplayers.com\\\/tienda\\\/sin categor\u00eda\\\/platillo-meinl-21-mod-b21ddcr\\\/#primaryimage\"},\"thumbnailUrl\":\"https:\\\/\\\/www.mexicanguitarplayers.com\\\/wp-content\\\/uploads\\\/2025\\\/04\\\/IPMEIB21DDCR.jpg\",\"datePublished\":\"2025-04-06T20:35:10+00:00\",\"dateModified\":\"2026-01-17T10:55:09+00:00\",\"description\":\"Platillo crash-ride de 21\u201d pulgadas, serie Byzance Dark, fabricado con aleaci\u00f3n de bronce B20, martillado a mano, sustain corto, timbre oscuro, volumen medio, terminado oscuro, tradicional, dise\u00f1ado en colaboraci\u00f3n con Matt Halpern.\",\"breadcrumb\":{\"@id\":\"https:\\\/\\\/www.mexicanguitarplayers.com\\\/tienda\\\/sin categor\u00eda\\\/platillo-meinl-21-mod-b21ddcr\\\/#breadcrumb\"},\"inLanguage\":\"en-US\",\"potentialAction\":[{\"@type\":\"ReadAction\",\"target\":[\"https:\\\/\\\/www.mexicanguitarplayers.com\\\/tienda\\\/sin categor\u00eda\\\/platillo-meinl-21-mod-b21ddcr\\\/\"]}]},{\"@type\":\"ImageObject\",\"inLanguage\":\"en-US\",\"@id\":\"https:\\\/\\\/www.mexicanguitarplayers.com\\\/tienda\\\/sin categor\u00eda\\\/platillo-meinl-21-mod-b21ddcr\\\/#primaryimage\",\"url\":\"https:\\\/\\\/www.mexicanguitarplayers.com\\\/wp-content\\\/uploads\\\/2025\\\/04\\\/IPMEIB21DDCR.jpg\",\"contentUrl\":\"https:\\\/\\\/www.mexicanguitarplayers.com\\\/wp-content\\\/uploads\\\/2025\\\/04\\\/IPMEIB21DDCR.jpg\",\"width\":1200,\"height\":1200},{\"@type\":\"BreadcrumbList\",\"@id\":\"https:\\\/\\\/www.mexicanguitarplayers.com\\\/tienda\\\/sin categor\u00eda\\\/platillo-meinl-21-mod-b21ddcr\\\/#breadcrumb\",\"itemListElement\":[{\"@type\":\"ListItem\",\"position\":1,\"name\":\"Portada\",\"item\":\"https:\\\/\\\/www.mexicanguitarplayers.com\\\/\"},{\"@type\":\"ListItem\",\"position\":2,\"name\":\"Tienda\",\"item\":\"https:\\\/\\\/www.mexicanguitarplayers.com\\\/tienda\\\/\"},{\"@type\":\"ListItem\",\"position\":3,\"name\":\"PLATILLO MEINL 21 MOD. B21DDCR\"}]},{\"@type\":\"WebSite\",\"@id\":\"https:\\\/\\\/www.mexicanguitarplayers.com\\\/#website\",\"url\":\"https:\\\/\\\/www.mexicanguitarplayers.com\\\/\",\"name\":\"Mexican Guitar Players\",\"description\":\"Website\",\"publisher\":{\"@id\":\"https:\\\/\\\/www.mexicanguitarplayers.com\\\/#organization\"},\"potentialAction\":[{\"@type\":\"SearchAction\",\"target\":{\"@type\":\"EntryPoint\",\"urlTemplate\":\"https:\\\/\\\/www.mexicanguitarplayers.com\\\/?s={search_term_string}\"},\"query-input\":{\"@type\":\"PropertyValueSpecification\",\"valueRequired\":true,\"valueName\":\"search_term_string\"}}],\"inLanguage\":\"en-US\"},{\"@type\":\"Organization\",\"@id\":\"https:\\\/\\\/www.mexicanguitarplayers.com\\\/#organization\",\"name\":\"Mexican Guitar Players\",\"url\":\"https:\\\/\\\/www.mexicanguitarplayers.com\\\/\",\"logo\":{\"@type\":\"ImageObject\",\"inLanguage\":\"en-US\",\"@id\":\"https:\\\/\\\/www.mexicanguitarplayers.com\\\/#\\\/schema\\\/logo\\\/image\\\/\",\"url\":\"\",\"contentUrl\":\"\",\"caption\":\"Mexican Guitar Players\"},\"image\":{\"@id\":\"https:\\\/\\\/www.mexicanguitarplayers.com\\\/#\\\/schema\\\/logo\\\/image\\\/\"}}]}<\/script>\n<!-- \/ Yoast SEO plugin. -->","yoast_head_json":{"title":"PLATILLO MEINL 21  MOD. B21DDCR - Mexican Guitar Players","description":"Platillo crash-ride de 21\u201d pulgadas, serie Byzance Dark, fabricado con aleaci\u00f3n de bronce B20, martillado a mano, sustain corto, timbre oscuro, volumen medio, terminado oscuro, tradicional, dise\u00f1ado en colaboraci\u00f3n con Matt Halpern.","robots":{"index":"index","follow":"follow","max-snippet":"max-snippet:-1","max-image-preview":"max-image-preview:large","max-video-preview":"max-video-preview:-1"},"canonical":"https:\/\/www.mexicanguitarplayers.com\/en\/tienda\/sin categor\u00eda\/platillo-meinl-21-mod-b21ddcr\/","og_locale":"en_US","og_type":"article","og_title":"PLATILLO MEINL 21  MOD. B21DDCR - Mexican Guitar Players","og_description":"Platillo crash-ride de 21\u201d pulgadas, serie Byzance Dark, fabricado con aleaci\u00f3n de bronce B20, martillado a mano, sustain corto, timbre oscuro, volumen medio, terminado oscuro, tradicional, dise\u00f1ado en colaboraci\u00f3n con Matt Halpern.","og_url":"https:\/\/www.mexicanguitarplayers.com\/en\/tienda\/sin categor\u00eda\/platillo-meinl-21-mod-b21ddcr\/","og_site_name":"Mexican Guitar Players","article_modified_time":"2026-01-17T10:55:09+00:00","twitter_card":"summary_large_image","twitter_misc":{"Est. reading time":"1 minute"},"schema":{"@context":"https:\/\/schema.org","@graph":[{"@type":["WebPage","ItemPage"],"@id":"https:\/\/www.mexicanguitarplayers.com\/tienda\/sin categor\u00eda\/platillo-meinl-21-mod-b21ddcr\/","url":"https:\/\/www.mexicanguitarplayers.com\/tienda\/sin categor\u00eda\/platillo-meinl-21-mod-b21ddcr\/","name":"PLATILLO MEINL 21 MOD. B21DDCR - Mexican Guitar Players","isPartOf":{"@id":"https:\/\/www.mexicanguitarplayers.com\/#website"},"primaryImageOfPage":{"@id":"https:\/\/www.mexicanguitarplayers.com\/tienda\/sin categor\u00eda\/platillo-meinl-21-mod-b21ddcr\/#primaryimage"},"image":{"@id":"https:\/\/www.mexicanguitarplayers.com\/tienda\/sin categor\u00eda\/platillo-meinl-21-mod-b21ddcr\/#primaryimage"},"thumbnailUrl":"https:\/\/www.mexicanguitarplayers.com\/wp-content\/uploads\/2025\/04\/IPMEIB21DDCR.jpg","datePublished":"2025-04-06T20:35:10+00:00","dateModified":"2026-01-17T10:55:09+00:00","description":"Platillo crash-ride de 21\u201d pulgadas, serie Byzance Dark, fabricado con aleaci\u00f3n de bronce B20, martillado a mano, sustain corto, timbre oscuro, volumen medio, terminado oscuro, tradicional, dise\u00f1ado en colaboraci\u00f3n con Matt Halpern.","breadcrumb":{"@id":"https:\/\/www.mexicanguitarplayers.com\/tienda\/sin categor\u00eda\/platillo-meinl-21-mod-b21ddcr\/#breadcrumb"},"inLanguage":"en-US","potentialAction":[{"@type":"ReadAction","target":["https:\/\/www.mexicanguitarplayers.com\/tienda\/sin categor\u00eda\/platillo-meinl-21-mod-b21ddcr\/"]}]},{"@type":"ImageObject","inLanguage":"en-US","@id":"https:\/\/www.mexicanguitarplayers.com\/tienda\/sin categor\u00eda\/platillo-meinl-21-mod-b21ddcr\/#primaryimage","url":"https:\/\/www.mexicanguitarplayers.com\/wp-content\/uploads\/2025\/04\/IPMEIB21DDCR.jpg","contentUrl":"https:\/\/www.mexicanguitarplayers.com\/wp-content\/uploads\/2025\/04\/IPMEIB21DDCR.jpg","width":1200,"height":1200},{"@type":"BreadcrumbList","@id":"https:\/\/www.mexicanguitarplayers.com\/tienda\/sin categor\u00eda\/platillo-meinl-21-mod-b21ddcr\/#breadcrumb","itemListElement":[{"@type":"ListItem","position":1,"name":"Portada","item":"https:\/\/www.mexicanguitarplayers.com\/"},{"@type":"ListItem","position":2,"name":"Tienda","item":"https:\/\/www.mexicanguitarplayers.com\/tienda\/"},{"@type":"ListItem","position":3,"name":"PLATILLO MEINL 21 MOD. B21DDCR"}]},{"@type":"WebSite","@id":"https:\/\/www.mexicanguitarplayers.com\/#website","url":"https:\/\/www.mexicanguitarplayers.com\/","name":"Mexican Guitar Players","description":"Website","publisher":{"@id":"https:\/\/www.mexicanguitarplayers.com\/#organization"},"potentialAction":[{"@type":"SearchAction","target":{"@type":"EntryPoint","urlTemplate":"https:\/\/www.mexicanguitarplayers.com\/?s={search_term_string}"},"query-input":{"@type":"PropertyValueSpecification","valueRequired":true,"valueName":"search_term_string"}}],"inLanguage":"en-US"},{"@type":"Organization","@id":"https:\/\/www.mexicanguitarplayers.com\/#organization","name":"Mexican Guitar Players","url":"https:\/\/www.mexicanguitarplayers.com\/","logo":{"@type":"ImageObject","inLanguage":"en-US","@id":"https:\/\/www.mexicanguitarplayers.com\/#\/schema\/logo\/image\/","url":"","contentUrl":"","caption":"Mexican Guitar Players"},"image":{"@id":"https:\/\/www.mexicanguitarplayers.com\/#\/schema\/logo\/image\/"}}]}},"brands":[{"id":290,"name":"MEINL","slug":"meinl"}],"_links":{"self":[{"href":"https:\/\/www.mexicanguitarplayers.com\/en\/wp-json\/wp\/v2\/product\/24428","targetHints":{"allow":["GET"]}}],"collection":[{"href":"https:\/\/www.mexicanguitarplayers.com\/en\/wp-json\/wp\/v2\/product"}],"about":[{"href":"https:\/\/www.mexicanguitarplayers.com\/en\/wp-json\/wp\/v2\/types\/product"}],"replies":[{"embeddable":true,"href":"https:\/\/www.mexicanguitarplayers.com\/en\/wp-json\/wp\/v2\/comments?post=24428"}],"wp:featuredmedia":[{"embeddable":true,"href":"https:\/\/www.mexicanguitarplayers.com\/en\/wp-json\/wp\/v2\/media\/24422"}],"wp:attachment":[{"href":"https:\/\/www.mexicanguitarplayers.com\/en\/wp-json\/wp\/v2\/media?parent=24428"}],"wp:term":[{"taxonomy":"pwb-brand","embeddable":true,"href":"https:\/\/www.mexicanguitarplayers.com\/en\/wp-json\/wp\/v2\/pwb-brand?post=24428"},{"taxonomy":"product_brand","embeddable":true,"href":"https:\/\/www.mexicanguitarplayers.com\/en\/wp-json\/wp\/v2\/product_brand?post=24428"},{"taxonomy":"product_cat","embeddable":true,"href":"https:\/\/www.mexicanguitarplayers.com\/en\/wp-json\/wp\/v2\/product_cat?post=24428"},{"taxonomy":"product_tag","embeddable":true,"href":"https:\/\/www.mexicanguitarplayers.com\/en\/wp-json\/wp\/v2\/product_tag?post=24428"}],"curies":[{"name":"wp","href":"https:\/\/api.w.org\/{rel}","templated":true}]}}