{"id":24500,"date":"2025-04-06T14:40:39","date_gmt":"2025-04-06T20:40:39","guid":{"rendered":"https:\/\/www.mexicanguitarplayers.com\/tienda\/sin categor\u00eda\/bafle-turbosound-p-pa-mod-tpx122m\/"},"modified":"2026-02-18T04:24:20","modified_gmt":"2026-02-18T10:24:20","slug":"bafle-turbosound-p-pa-mod-tpx122m","status":"publish","type":"product","link":"https:\/\/www.mexicanguitarplayers.com\/en\/tienda\/audio\/bafles-y-bocinas\/bafles\/bafles-pasivos\/bafle-turbosound-p-pa-mod-tpx122m\/","title":{"rendered":"BAFLE TURBOSOUND P\/PA MOD. TPX122M"},"content":{"rendered":"<div style=\"text-align: justify\">\n<div>\n<h3>Los mejores sistemas para PA de rango completo.<\/h3>\n<\/div>\n<div>El TPX122M es un altavoz de 12&#8243; pulgadas de 2 v\u00edas con 1,000 watts de potencia, ideal para una amplia gama de expresiones port\u00e1tiles y refuerzo sonoro musical, incluyendo Sala y aplicaciones Side Fill y monitoreo. Dise\u00f1ado como un sistema aut\u00f3nomo de 2 v\u00edas, no requiere ninguna ecualizaci\u00f3n o filtrado externo y logra un rendimiento \u00f3ptimo si se combina con un subwoofer y sistemas de gesti\u00f3n de altavoces Turbosound. El altavoz TPX122M cuenta con un driver de alta frecuencia de alta excursi\u00f3n de 12&#8243; pulgadas con una bobina m\u00f3vil de menor peso para una respuesta transitoria y un driver de domo de aluminio de 1&#8243; pulgada con una gu\u00eda de onda de baja distorsi\u00f3n con una dispersi\u00f3n de 70 grados horizontales y 50 grados verticales. Todos los drivers coinciden con una red de crossover pasivo en un gabinete reflex-loaded. Este bafle de madera de 18 mm (3\/4&#8243;) est\u00e1 cubierto con alfombra negra e incluye una rejilla de malla de acero perforado con pintura en polvo y espuma reticulada, un polo de montaje en poste de \u00e1ngulo dual para utilizar con postes o stands de altavoz de 35 mm para optimizar la cobertura de la audiencia y manijas durables para un transporte m\u00e1s sencillo. Una placa de conexi\u00f3n en el panel trasero contiene conectores Neutrik Speakon NL4 de entrada y puenteo para bafles adicionales.<\/div>\n<div>\n<h4>Quick look<\/h4>\n<\/div>\n<ul style=\"margin: 0px 0px 0px 25px\">\n<li style=\"list-style-type: circle;margin: 5px\">Frequency response.<\/li>\n<li style=\"list-style-type: circle;margin: 5px\">Dispersi\u00f3n nominal.<\/li>\n<li style=\"list-style-type: circle;margin: 5px\">Power.<\/li>\n<li style=\"list-style-type: circle;margin: 5px\">Sensitivity.<\/li>\n<li style=\"list-style-type: circle;margin: 5px\">Maximum SPL.<\/li>\n<li style=\"list-style-type: circle;margin: 5px\">Impedance.<\/li>\n<li style=\"list-style-type: circle;margin: 5px\">Componentes.<\/li>\n<li style=\"list-style-type: circle;margin: 5px\">Connectors.<\/li>\n<li style=\"list-style-type: circle;margin: 5px\">Cableado.<\/li>\n<li style=\"list-style-type: circle;margin: 5px\">Dimensions.<\/li>\n<li style=\"list-style-type: circle;margin: 5px\">Weight.<\/li>\n<li style=\"list-style-type: circle;margin: 5px\">Construcci\u00f3n.<\/li>\n<li style=\"list-style-type: circle;margin: 5px\">Terminado.<\/li>\n<li style=\"list-style-type: circle;margin: 5px\">Rejilla.<\/li>\n<\/ul>\n<div>\n<div style=\"font-weight: bold\">Frequency response.<\/div>\n<div>\n<p>(3 dB): 75 Hz &#8211; 20 kHz. (10 dB): 60 Hz &#8211; 20 kHz.<\/p>\n<\/div>\n<div style=\"font-weight: bold\">Dispersi\u00f3n nominal.<\/div>\n<div>\n<p>Horizontal: 70 grados. Vertical: 50 grados.<\/p>\n<\/div>\n<div style=\"font-weight: bold\">Power.<\/div>\n<div>\n<p>250 watts continuos. 1,000 watts pico.<\/p>\n<\/div>\n<div style=\"font-weight: bold\">Sensitivity.<\/div>\n<div>\n<p>97 dB.<\/p>\n<\/div>\n<div style=\"font-weight: bold\">Maximum SPL.<\/div>\n<div>\n<p>121 dB continuos, 127 dB pico.<\/p>\n<\/div>\n<div style=\"font-weight: bold\">Impedance.<\/div>\n<div>\n<p>8 ohms.<\/p>\n<\/div>\n<div style=\"font-weight: bold\">Componentes.<\/div>\n<div>\n<p>1 driver LF de 12\u201d pulgadas (308 mm). 1 driver de compresi\u00f3n de 1\u201d pulgada (25 mm).<\/p>\n<\/div>\n<div style=\"font-weight: bold\">Connectors.<\/div>\n<div>\n<p>2 Neutrik Speakon NL4.<\/p>\n<\/div>\n<div style=\"font-weight: bold\">Cableado.<\/div>\n<div>\n<p>Pines 1+ \/ 1- entrada, pines 2+ \/ 2- puente.<\/p>\n<\/div>\n<div style=\"font-weight: bold\">Dimensions.<\/div>\n<div>\n<p> 691 x 460 x 437 mm.<\/p>\n<\/div>\n<div style=\"font-weight: bold\">Weight.<\/div>\n<div>\n<p>18.9 kg.<\/p>\n<\/div>\n<div style=\"font-weight: bold\">Construcci\u00f3n.<\/div>\n<div>\n<p>Tablero de part\u00edcula de 18 mm (3\/4\u201d).<\/p>\n<\/div>\n<div style=\"font-weight: bold\">Terminado.<\/div>\n<div>\n<p>Cubierta de alfombra negra.<\/p>\n<\/div>\n<div style=\"font-weight: bold\">Rejilla.<\/div>\n<div>\n<p>Malla de acero perforado con pintura en polvo.<\/p>\n<\/div>\n<\/div>\n<\/div>","protected":false},"excerpt":{"rendered":"<p>Bafle pasivo de 2 v\u00edas con woofer de 12\u201d pulgadas y driver de compresi\u00f3n de 1\u201d pulgada, respuesta de frecuencia a 3 dB: 75 Hz &#8211; 20 kHz, a 10 dB: 60 Hz &#8211; 20 kHz, dispersi\u00f3n nominal: 70 x 50, potencia: 250 watts continuos, 1,000 watts pico, sensibilidad: 97 dB, SPL m\u00e1ximo: 121 dB continuos, 127 dB pico, impedancia: 8 ohms, 2 conectores Neutrik Speakon NL4, dimensiones: 582 x 424 x 328 mm, peso: 18.9 kg.&hellip; <a class=\"kt-excerpt-readmore more-link\" href=\"https:\/\/www.mexicanguitarplayers.com\/en\/tienda\/audio\/bafles-y-bocinas\/bafles\/bafles-pasivos\/bafle-turbosound-p-pa-mod-tpx122m\/\">Read more<\/a><\/p>","protected":false},"featured_media":24495,"comment_status":"open","ping_status":"closed","template":"","meta":{"kt_blocks_editor_width":""},"pwb-brand":[498],"product_brand":[],"product_cat":[213,222,223,221],"product_tag":[],"class_list":{"0":"post-24500","1":"product","2":"type-product","3":"status-publish","4":"has-post-thumbnail","6":"pwb-brand-turbosound","7":"product_cat-audio","8":"product_cat-bafles","9":"product_cat-bafles-pasivos","10":"product_cat-bafles-y-bocinas","11":"product_shipping_class-20-25-kg","13":"first","14":"outofstock","15":"taxable","16":"shipping-taxable","17":"purchasable","18":"product-type-simple"},"yoast_head":"<!-- This site is optimized with the Yoast SEO plugin v27.3 - https:\/\/yoast.com\/product\/yoast-seo-wordpress\/ -->\n<title>BAFLE TURBOSOUND P\/PA MOD. TPX122M - Mexican Guitar Players<\/title>\n<meta name=\"description\" content=\"Bafle pasivo de 2 v\u00edas con woofer de 12\u201d pulgadas y driver de compresi\u00f3n de 1\u201d pulgada, respuesta de frecuencia a 3 dB: 75 Hz - 20 kHz, a 10 dB: 60 Hz - 20 kHz, dispersi\u00f3n nominal: 70 x 50, potencia: 250 watts continuos, 1,000 watts pico, sensibilidad: 97 dB, SPL m\u00e1ximo: 121 dB continuos, 127 dB pico, impedancia: 8 ohms, 2 conectores Neutrik Speakon NL4, dimensiones: 582 x 424 x 328 mm, peso: 18.9 kg.\" \/>\n<meta name=\"robots\" content=\"index, follow, max-snippet:-1, max-image-preview:large, max-video-preview:-1\" \/>\n<link rel=\"canonical\" href=\"https:\/\/www.mexicanguitarplayers.com\/en\/tienda\/sin%20categor\u00eda\/bafle-turbosound-p-pa-mod-tpx122m\/\" \/>\n<meta property=\"og:locale\" content=\"en_US\" \/>\n<meta property=\"og:type\" content=\"article\" \/>\n<meta property=\"og:title\" content=\"BAFLE TURBOSOUND P\/PA MOD. TPX122M - Mexican Guitar Players\" \/>\n<meta property=\"og:description\" content=\"Bafle pasivo de 2 v\u00edas con woofer de 12\u201d pulgadas y driver de compresi\u00f3n de 1\u201d pulgada, respuesta de frecuencia a 3 dB: 75 Hz - 20 kHz, a 10 dB: 60 Hz - 20 kHz, dispersi\u00f3n nominal: 70 x 50, potencia: 250 watts continuos, 1,000 watts pico, sensibilidad: 97 dB, SPL m\u00e1ximo: 121 dB continuos, 127 dB pico, impedancia: 8 ohms, 2 conectores Neutrik Speakon NL4, dimensiones: 582 x 424 x 328 mm, peso: 18.9 kg.\" \/>\n<meta property=\"og:url\" content=\"https:\/\/www.mexicanguitarplayers.com\/en\/tienda\/sin categor\u00eda\/bafle-turbosound-p-pa-mod-tpx122m\/\" \/>\n<meta property=\"og:site_name\" content=\"Mexican Guitar Players\" \/>\n<meta property=\"article:modified_time\" content=\"2026-02-18T10:24:20+00:00\" \/>\n<meta name=\"twitter:card\" content=\"summary_large_image\" \/>\n<meta name=\"twitter:label1\" content=\"Est. reading time\" \/>\n\t<meta name=\"twitter:data1\" content=\"2 minutes\" \/>\n<script type=\"application\/ld+json\" class=\"yoast-schema-graph\">{\"@context\":\"https:\\\/\\\/schema.org\",\"@graph\":[{\"@type\":[\"WebPage\",\"ItemPage\"],\"@id\":\"https:\\\/\\\/www.mexicanguitarplayers.com\\\/tienda\\\/sin categor\u00eda\\\/bafle-turbosound-p-pa-mod-tpx122m\\\/\",\"url\":\"https:\\\/\\\/www.mexicanguitarplayers.com\\\/tienda\\\/sin categor\u00eda\\\/bafle-turbosound-p-pa-mod-tpx122m\\\/\",\"name\":\"BAFLE TURBOSOUND P\\\/PA MOD. TPX122M - Mexican Guitar Players\",\"isPartOf\":{\"@id\":\"https:\\\/\\\/www.mexicanguitarplayers.com\\\/#website\"},\"primaryImageOfPage\":{\"@id\":\"https:\\\/\\\/www.mexicanguitarplayers.com\\\/tienda\\\/sin categor\u00eda\\\/bafle-turbosound-p-pa-mod-tpx122m\\\/#primaryimage\"},\"image\":{\"@id\":\"https:\\\/\\\/www.mexicanguitarplayers.com\\\/tienda\\\/sin categor\u00eda\\\/bafle-turbosound-p-pa-mod-tpx122m\\\/#primaryimage\"},\"thumbnailUrl\":\"https:\\\/\\\/www.mexicanguitarplayers.com\\\/wp-content\\\/uploads\\\/2025\\\/04\\\/IATURTPX122M.jpg\",\"datePublished\":\"2025-04-06T20:40:39+00:00\",\"dateModified\":\"2026-02-18T10:24:20+00:00\",\"description\":\"Bafle pasivo de 2 v\u00edas con woofer de 12\u201d pulgadas y driver de compresi\u00f3n de 1\u201d pulgada, respuesta de frecuencia a 3 dB: 75 Hz - 20 kHz, a 10 dB: 60 Hz - 20 kHz, dispersi\u00f3n nominal: 70 x 50, potencia: 250 watts continuos, 1,000 watts pico, sensibilidad: 97 dB, SPL m\u00e1ximo: 121 dB continuos, 127 dB pico, impedancia: 8 ohms, 2 conectores Neutrik Speakon NL4, dimensiones: 582 x 424 x 328 mm, peso: 18.9 kg.\",\"breadcrumb\":{\"@id\":\"https:\\\/\\\/www.mexicanguitarplayers.com\\\/tienda\\\/sin categor\u00eda\\\/bafle-turbosound-p-pa-mod-tpx122m\\\/#breadcrumb\"},\"inLanguage\":\"en-US\",\"potentialAction\":[{\"@type\":\"ReadAction\",\"target\":[\"https:\\\/\\\/www.mexicanguitarplayers.com\\\/tienda\\\/sin categor\u00eda\\\/bafle-turbosound-p-pa-mod-tpx122m\\\/\"]}]},{\"@type\":\"ImageObject\",\"inLanguage\":\"en-US\",\"@id\":\"https:\\\/\\\/www.mexicanguitarplayers.com\\\/tienda\\\/sin categor\u00eda\\\/bafle-turbosound-p-pa-mod-tpx122m\\\/#primaryimage\",\"url\":\"https:\\\/\\\/www.mexicanguitarplayers.com\\\/wp-content\\\/uploads\\\/2025\\\/04\\\/IATURTPX122M.jpg\",\"contentUrl\":\"https:\\\/\\\/www.mexicanguitarplayers.com\\\/wp-content\\\/uploads\\\/2025\\\/04\\\/IATURTPX122M.jpg\",\"width\":1200,\"height\":1200},{\"@type\":\"BreadcrumbList\",\"@id\":\"https:\\\/\\\/www.mexicanguitarplayers.com\\\/tienda\\\/sin categor\u00eda\\\/bafle-turbosound-p-pa-mod-tpx122m\\\/#breadcrumb\",\"itemListElement\":[{\"@type\":\"ListItem\",\"position\":1,\"name\":\"Portada\",\"item\":\"https:\\\/\\\/www.mexicanguitarplayers.com\\\/\"},{\"@type\":\"ListItem\",\"position\":2,\"name\":\"Tienda\",\"item\":\"https:\\\/\\\/www.mexicanguitarplayers.com\\\/tienda\\\/\"},{\"@type\":\"ListItem\",\"position\":3,\"name\":\"BAFLE TURBOSOUND P\\\/PA MOD. TPX122M\"}]},{\"@type\":\"WebSite\",\"@id\":\"https:\\\/\\\/www.mexicanguitarplayers.com\\\/#website\",\"url\":\"https:\\\/\\\/www.mexicanguitarplayers.com\\\/\",\"name\":\"Mexican Guitar Players\",\"description\":\"Website\",\"publisher\":{\"@id\":\"https:\\\/\\\/www.mexicanguitarplayers.com\\\/#organization\"},\"potentialAction\":[{\"@type\":\"SearchAction\",\"target\":{\"@type\":\"EntryPoint\",\"urlTemplate\":\"https:\\\/\\\/www.mexicanguitarplayers.com\\\/?s={search_term_string}\"},\"query-input\":{\"@type\":\"PropertyValueSpecification\",\"valueRequired\":true,\"valueName\":\"search_term_string\"}}],\"inLanguage\":\"en-US\"},{\"@type\":\"Organization\",\"@id\":\"https:\\\/\\\/www.mexicanguitarplayers.com\\\/#organization\",\"name\":\"Mexican Guitar Players\",\"url\":\"https:\\\/\\\/www.mexicanguitarplayers.com\\\/\",\"logo\":{\"@type\":\"ImageObject\",\"inLanguage\":\"en-US\",\"@id\":\"https:\\\/\\\/www.mexicanguitarplayers.com\\\/#\\\/schema\\\/logo\\\/image\\\/\",\"url\":\"\",\"contentUrl\":\"\",\"caption\":\"Mexican Guitar Players\"},\"image\":{\"@id\":\"https:\\\/\\\/www.mexicanguitarplayers.com\\\/#\\\/schema\\\/logo\\\/image\\\/\"}}]}<\/script>\n<!-- \/ Yoast SEO plugin. -->","yoast_head_json":{"title":"BAFLE TURBOSOUND P\/PA MOD. TPX122M - Mexican Guitar Players","description":"Bafle pasivo de 2 v\u00edas con woofer de 12\u201d pulgadas y driver de compresi\u00f3n de 1\u201d pulgada, respuesta de frecuencia a 3 dB: 75 Hz - 20 kHz, a 10 dB: 60 Hz - 20 kHz, dispersi\u00f3n nominal: 70 x 50, potencia: 250 watts continuos, 1,000 watts pico, sensibilidad: 97 dB, SPL m\u00e1ximo: 121 dB continuos, 127 dB pico, impedancia: 8 ohms, 2 conectores Neutrik Speakon NL4, dimensiones: 582 x 424 x 328 mm, peso: 18.9 kg.","robots":{"index":"index","follow":"follow","max-snippet":"max-snippet:-1","max-image-preview":"max-image-preview:large","max-video-preview":"max-video-preview:-1"},"canonical":"https:\/\/www.mexicanguitarplayers.com\/en\/tienda\/sin categor\u00eda\/bafle-turbosound-p-pa-mod-tpx122m\/","og_locale":"en_US","og_type":"article","og_title":"BAFLE TURBOSOUND P\/PA MOD. TPX122M - Mexican Guitar Players","og_description":"Bafle pasivo de 2 v\u00edas con woofer de 12\u201d pulgadas y driver de compresi\u00f3n de 1\u201d pulgada, respuesta de frecuencia a 3 dB: 75 Hz - 20 kHz, a 10 dB: 60 Hz - 20 kHz, dispersi\u00f3n nominal: 70 x 50, potencia: 250 watts continuos, 1,000 watts pico, sensibilidad: 97 dB, SPL m\u00e1ximo: 121 dB continuos, 127 dB pico, impedancia: 8 ohms, 2 conectores Neutrik Speakon NL4, dimensiones: 582 x 424 x 328 mm, peso: 18.9 kg.","og_url":"https:\/\/www.mexicanguitarplayers.com\/en\/tienda\/sin categor\u00eda\/bafle-turbosound-p-pa-mod-tpx122m\/","og_site_name":"Mexican Guitar Players","article_modified_time":"2026-02-18T10:24:20+00:00","twitter_card":"summary_large_image","twitter_misc":{"Est. reading time":"2 minutes"},"schema":{"@context":"https:\/\/schema.org","@graph":[{"@type":["WebPage","ItemPage"],"@id":"https:\/\/www.mexicanguitarplayers.com\/tienda\/sin categor\u00eda\/bafle-turbosound-p-pa-mod-tpx122m\/","url":"https:\/\/www.mexicanguitarplayers.com\/tienda\/sin categor\u00eda\/bafle-turbosound-p-pa-mod-tpx122m\/","name":"BAFLE TURBOSOUND P\/PA MOD. TPX122M - Mexican Guitar Players","isPartOf":{"@id":"https:\/\/www.mexicanguitarplayers.com\/#website"},"primaryImageOfPage":{"@id":"https:\/\/www.mexicanguitarplayers.com\/tienda\/sin categor\u00eda\/bafle-turbosound-p-pa-mod-tpx122m\/#primaryimage"},"image":{"@id":"https:\/\/www.mexicanguitarplayers.com\/tienda\/sin categor\u00eda\/bafle-turbosound-p-pa-mod-tpx122m\/#primaryimage"},"thumbnailUrl":"https:\/\/www.mexicanguitarplayers.com\/wp-content\/uploads\/2025\/04\/IATURTPX122M.jpg","datePublished":"2025-04-06T20:40:39+00:00","dateModified":"2026-02-18T10:24:20+00:00","description":"Bafle pasivo de 2 v\u00edas con woofer de 12\u201d pulgadas y driver de compresi\u00f3n de 1\u201d pulgada, respuesta de frecuencia a 3 dB: 75 Hz - 20 kHz, a 10 dB: 60 Hz - 20 kHz, dispersi\u00f3n nominal: 70 x 50, potencia: 250 watts continuos, 1,000 watts pico, sensibilidad: 97 dB, SPL m\u00e1ximo: 121 dB continuos, 127 dB pico, impedancia: 8 ohms, 2 conectores Neutrik Speakon NL4, dimensiones: 582 x 424 x 328 mm, peso: 18.9 kg.","breadcrumb":{"@id":"https:\/\/www.mexicanguitarplayers.com\/tienda\/sin categor\u00eda\/bafle-turbosound-p-pa-mod-tpx122m\/#breadcrumb"},"inLanguage":"en-US","potentialAction":[{"@type":"ReadAction","target":["https:\/\/www.mexicanguitarplayers.com\/tienda\/sin categor\u00eda\/bafle-turbosound-p-pa-mod-tpx122m\/"]}]},{"@type":"ImageObject","inLanguage":"en-US","@id":"https:\/\/www.mexicanguitarplayers.com\/tienda\/sin categor\u00eda\/bafle-turbosound-p-pa-mod-tpx122m\/#primaryimage","url":"https:\/\/www.mexicanguitarplayers.com\/wp-content\/uploads\/2025\/04\/IATURTPX122M.jpg","contentUrl":"https:\/\/www.mexicanguitarplayers.com\/wp-content\/uploads\/2025\/04\/IATURTPX122M.jpg","width":1200,"height":1200},{"@type":"BreadcrumbList","@id":"https:\/\/www.mexicanguitarplayers.com\/tienda\/sin categor\u00eda\/bafle-turbosound-p-pa-mod-tpx122m\/#breadcrumb","itemListElement":[{"@type":"ListItem","position":1,"name":"Portada","item":"https:\/\/www.mexicanguitarplayers.com\/"},{"@type":"ListItem","position":2,"name":"Tienda","item":"https:\/\/www.mexicanguitarplayers.com\/tienda\/"},{"@type":"ListItem","position":3,"name":"BAFLE TURBOSOUND P\/PA MOD. TPX122M"}]},{"@type":"WebSite","@id":"https:\/\/www.mexicanguitarplayers.com\/#website","url":"https:\/\/www.mexicanguitarplayers.com\/","name":"Mexican Guitar Players","description":"Website","publisher":{"@id":"https:\/\/www.mexicanguitarplayers.com\/#organization"},"potentialAction":[{"@type":"SearchAction","target":{"@type":"EntryPoint","urlTemplate":"https:\/\/www.mexicanguitarplayers.com\/?s={search_term_string}"},"query-input":{"@type":"PropertyValueSpecification","valueRequired":true,"valueName":"search_term_string"}}],"inLanguage":"en-US"},{"@type":"Organization","@id":"https:\/\/www.mexicanguitarplayers.com\/#organization","name":"Mexican Guitar Players","url":"https:\/\/www.mexicanguitarplayers.com\/","logo":{"@type":"ImageObject","inLanguage":"en-US","@id":"https:\/\/www.mexicanguitarplayers.com\/#\/schema\/logo\/image\/","url":"","contentUrl":"","caption":"Mexican Guitar Players"},"image":{"@id":"https:\/\/www.mexicanguitarplayers.com\/#\/schema\/logo\/image\/"}}]}},"brands":[{"id":498,"name":"TURBO SOUND","slug":"turbosound"}],"_links":{"self":[{"href":"https:\/\/www.mexicanguitarplayers.com\/en\/wp-json\/wp\/v2\/product\/24500","targetHints":{"allow":["GET"]}}],"collection":[{"href":"https:\/\/www.mexicanguitarplayers.com\/en\/wp-json\/wp\/v2\/product"}],"about":[{"href":"https:\/\/www.mexicanguitarplayers.com\/en\/wp-json\/wp\/v2\/types\/product"}],"replies":[{"embeddable":true,"href":"https:\/\/www.mexicanguitarplayers.com\/en\/wp-json\/wp\/v2\/comments?post=24500"}],"wp:featuredmedia":[{"embeddable":true,"href":"https:\/\/www.mexicanguitarplayers.com\/en\/wp-json\/wp\/v2\/media\/24495"}],"wp:attachment":[{"href":"https:\/\/www.mexicanguitarplayers.com\/en\/wp-json\/wp\/v2\/media?parent=24500"}],"wp:term":[{"taxonomy":"pwb-brand","embeddable":true,"href":"https:\/\/www.mexicanguitarplayers.com\/en\/wp-json\/wp\/v2\/pwb-brand?post=24500"},{"taxonomy":"product_brand","embeddable":true,"href":"https:\/\/www.mexicanguitarplayers.com\/en\/wp-json\/wp\/v2\/product_brand?post=24500"},{"taxonomy":"product_cat","embeddable":true,"href":"https:\/\/www.mexicanguitarplayers.com\/en\/wp-json\/wp\/v2\/product_cat?post=24500"},{"taxonomy":"product_tag","embeddable":true,"href":"https:\/\/www.mexicanguitarplayers.com\/en\/wp-json\/wp\/v2\/product_tag?post=24500"}],"curies":[{"name":"wp","href":"https:\/\/api.w.org\/{rel}","templated":true}]}}