{"id":24525,"date":"2025-04-06T14:42:37","date_gmt":"2025-04-06T20:42:37","guid":{"rendered":"https:\/\/www.mexicanguitarplayers.com\/tienda\/sin categor\u00eda\/bateria-carlsbro-digital-mod-csd35m\/"},"modified":"2026-05-01T07:29:53","modified_gmt":"2026-05-01T13:29:53","slug":"bateria-carlsbro-digital-mod-csd35m","status":"publish","type":"product","link":"https:\/\/www.mexicanguitarplayers.com\/en\/tienda\/percusiones\/baterias\/baterias-electronicas\/bateria-carlsbro-digital-mod-csd35m\/","title":{"rendered":"BATERIA CARLSBRO DIGITAL MOD. CSD35M"},"content":{"rendered":"<div style=\"text-align: justify\">\n<div>\n<h3>Un nuevo kit de bater\u00eda digital con parches de malla.<\/h3>\n<\/div>\n<div>El kit de bater\u00eda electr\u00f3nica CSD35M incluye 3 platillos de 10&#8243; pulgadas (incluyendo hi-hats) y un platillo de 12&#8243; pulgadas con un avanzado acolchado de goma suave al tacto que reduce el ruido. Tanto los platillos crash como el ride incluyen una funci\u00f3n choke. El ride de 12&#8243; pulgadas presenta nuestra activaci\u00f3n de doble zona que te brinda regiones definida para el cuerpo y la campana. Todos los pads con parches de malla son 3 de 8&#8243; pulgadas y 1 de 10&#8243; pulgadas cuentan con nuestro aro de doble zona y trigger principal, junto con nuestros refinados parches de malla real y aros de bater\u00eda de bajo perfil, dise\u00f1ados para aumentar la precisi\u00f3n y reducir el ruido de los rimshots no deseados. Nuestra tecnolog\u00eda de sensores cuidadosamente dise\u00f1ada alivia los puntos muertos en la superficie de toque, creando una sensaci\u00f3n realista y natural. La bater\u00eda CSD35M viene de serie con un pad de bombo de malla de 8&#8243; pulgadas y un pedal de bombo Carlsbro, un pedal de control de hi-hats liviano y duradero de aluminio con nuestra tecnolog\u00eda de reducci\u00f3n de ruido. El aro del tambor totalmente ajustable te brinda una configuraci\u00f3n ilimitada y versatilidad de posicionamiento para atender a los bateristas de todas las edades y tama\u00f1os. R\u00e1pida y f\u00e1cilmente convertible para adaptarse a bateristas zurdos y cualquier configuraci\u00f3n posible que puedas necesitar. El marco est\u00e1 pre ensamblado, lo que hace que el proceso de configuraci\u00f3n sea r\u00e1pido e indoloro. Cada ajuste se realiza f\u00e1cilmente con tuercas de mariposa que se ajustan a mano y una sola llave de bater\u00eda (incluida) sin necesidad de herramientas ni complicaciones adicionales. La bater\u00eda CSD35M est\u00e1 alimentada por el m\u00f3dulo de sonido Commander25 que utiliza la mejor tecnolog\u00eda de bater\u00eda. El Commander25 est\u00e1 equipado con dos salidas de aud\u00edfonos dise\u00f1adas espec\u00edficamente para la ense\u00f1anza. La soluci\u00f3n perfecta para escuelas de bater\u00eda, maestros de bater\u00eda y situaciones de bajo ruido. Con\u00e9ctate los aud\u00edfonos y escucha tocar a tus alumnos sin interrupciones o comparte tu pasi\u00f3n con amigos y familiares en casa, para una pr\u00e1ctica silenciosa continua, sin interrupciones y sin necesidad de amplificaci\u00f3n. Nuestra nueva tecnolog\u00eda de interfaz de audio USB y MIDI te permite grabar audio de alta calidad directamente en tu DAW desde la salida USB y transferir datos MIDI instant\u00e1neos para grabaci\u00f3n MIDI, control MIDI y aprendizaje con software de tutorial de bater\u00eda, todo a trav\u00e9s de un solo cable USB. Con\u00e9ctate a la perfecci\u00f3n con el software tutorial Melodics y desbloquea 50 lecciones gratuitas de ense\u00f1anza de bater\u00eda, especialmente dise\u00f1adas para atender tanto a principiantes como a intermedios. La forma inteligente de comenzar tu viaje musical con la bater\u00eda y desarrollar r\u00e1pidamente tus habilidades.<\/div>\n<div>\n<h4>Quick look<\/h4>\n<\/div>\n<ul style=\"margin: 0px 0px 0px 25px\">\n<li style=\"list-style-type: circle;margin: 5px\">M\u00f3dulo de sonido Commander 25.<\/li>\n<li style=\"list-style-type: circle;margin: 5px\">Conexiones.<\/li>\n<li style=\"list-style-type: circle;margin: 5px\">Componentes.<\/li>\n<\/ul>\n<div>\n<div style=\"font-weight: bold\">M\u00f3dulo de sonido Commander 25.<\/div>\n<div>\n<p>320 voces de alta calidad. 22 kits de bater\u00eda prestablecidos. 10 kits de bater\u00eda definidos por el usuario. 20 backing tracks. 3 slots para grabaci\u00f3n de bater\u00eda. Efecto de reverb. Metr\u00f3nomo ajustable de 30 a 250 BPM. Ajustes de trigger.<\/p>\n<\/div>\n<div style=\"font-weight: bold\">Conexiones.<\/div>\n<div>\n<p>Entrada y salida MIDI. Salida de audio USB. 2 salidas de aud\u00edfonos. Salida est\u00e9reo. Entrada auxiliar.<\/p>\n<\/div>\n<div style=\"font-weight: bold\">Componentes.<\/div>\n<div>\n<p>1 m\u00f3dulo de sonido Commander 25. 1 pad de tarola de 10&#8243; pulgadas de doble zona con parche de malla. 3 pads de tom de doble zona con parches de malla. 1 pad de platillo ride de 12&#8243; pulgadas de doble zona con choke. 1 pad de hi-hats de 10&#8243; pulgadas. 2 pads de platillo crash de 10&#8243; pulgadas con choke. 1 pad de bombo de 8&#8243; pulgadas y pedal de bombo. 1 pedal de control de hi-hats. 1 rack de 4 patas de altura ajustable. 1 par de baquetas con soporte para baquetas.1 cable de pads. 2 cables para crash. 1 llave de bater\u00eda. 1 manual de usuario.<\/p>\n<\/div>\n<\/div>\n<\/div>","protected":false},"excerpt":{"rendered":"<p>Bater\u00eda electr\u00f3nica, ideal para bateristas principiantes y para profesionales que buscan ahorrar espacio en el estudio o usarlo como bater\u00eda de pr\u00e1ctica, compacta y f\u00e1cil de transportar, 320 voces de percusi\u00f3n de alta calidad, 22 kits de bater\u00eda prestablecidos, 10 kits de usuario, 20 canciones backing track, efecto de reverb, metr\u00f3nomo ajustable de 30 a 250 BPM, ajustes de trigger, entrada y salida MIDI, salida de audio USB, 2 salidas de aud\u00edfonos, salida est\u00e9reo, entrada auxiliar, incluye 1 m\u00f3dulo de sonido Commander 25, 1 pad de tarola de 10\u201d pulgadas de doble zona con parche de malla, 3 pads de tom de 8\u201d pulgadas de doble zona con parches de malla, 1 pad de platillo de 12\u201d pulgadas ride de doble zona con choke, un pad de platillo de 10\u201d para Hi-Hat, 2 pads de platillo de 10\u201d pulgadas para 2 crahesCrash y Ride con funci\u00f3n choke, 1 pedal de bombo, 1 pad de bombo de 8\u201d pulgadas, 1 controlador de pedal para Hi-Hat, 1 rack de 4 patas de altura ajustable y 1 par de baquetas con soporte para baquetas, 2 cables para crash, 1 cable para pads, 1 llave de bater\u00eda, facilidad de actualizaci\u00f3n.&hellip; <a class=\"kt-excerpt-readmore more-link\" href=\"https:\/\/www.mexicanguitarplayers.com\/en\/tienda\/percusiones\/baterias\/baterias-electronicas\/bateria-carlsbro-digital-mod-csd35m\/\">Read more<\/a><\/p>","protected":false},"featured_media":24517,"comment_status":"open","ping_status":"closed","template":"","meta":{"kt_blocks_editor_width":""},"pwb-brand":[501],"product_brand":[],"product_cat":[209,262,208],"product_tag":[],"class_list":{"0":"post-24525","1":"product","2":"type-product","3":"status-publish","4":"has-post-thumbnail","6":"pwb-brand-carlsbro","7":"product_cat-baterias","8":"product_cat-baterias-electronicas","9":"product_cat-percusiones","11":"first","12":"instock","13":"taxable","14":"shipping-taxable","15":"purchasable","16":"product-type-simple"},"yoast_head":"<!-- This site is optimized with the Yoast SEO plugin v27.5 - https:\/\/yoast.com\/product\/yoast-seo-wordpress\/ -->\n<title>BATERIA CARLSBRO DIGITAL MOD. CSD35M - Mexican Guitar Players<\/title>\n<meta name=\"description\" content=\"Bater\u00eda electr\u00f3nica, ideal para bateristas principiantes y para profesionales que buscan ahorrar espacio en el estudio o usarlo como bater\u00eda de pr\u00e1ctica, compacta y f\u00e1cil de transportar, 320 voces de percusi\u00f3n de alta calidad, 22 kits de bater\u00eda prestablecidos, 10 kits de usuario, 20 canciones backing track, efecto de reverb, metr\u00f3nomo ajustable de 30 a 250 BPM, ajustes de trigger, entrada y salida MIDI, salida de audio USB, 2 salidas de aud\u00edfonos, salida est\u00e9reo, entrada auxiliar, incluye 1 m\u00f3dulo de sonido Commander 25, 1 pad de tarola de 10\u201d pulgadas de doble zona con parche de malla, 3 pads de tom de 8\u201d pulgadas de doble zona con parches de malla, 1 pad de platillo de 12\u201d pulgadas ride de doble zona con choke, un pad de platillo de 10\u201d para Hi-Hat, 2 pads de platillo de 10\u201d pulgadas para 2 crahesCrash y Ride con funci\u00f3n choke, 1 pedal de bombo, 1 pad de bombo de 8\u201d pulgadas, 1 controlador de pedal para Hi-Hat, 1 rack de 4 patas de altura ajustable y 1 par de baquetas con soporte para baquetas, 2 cables para crash, 1 cable para pads, 1 llave de bater\u00eda, facilidad de actualizaci\u00f3n.\" \/>\n<meta name=\"robots\" content=\"index, follow, max-snippet:-1, max-image-preview:large, max-video-preview:-1\" \/>\n<link rel=\"canonical\" href=\"https:\/\/www.mexicanguitarplayers.com\/en\/tienda\/sin%20categor\u00eda\/bateria-carlsbro-digital-mod-csd35m\/\" \/>\n<meta property=\"og:locale\" content=\"en_US\" \/>\n<meta property=\"og:type\" content=\"article\" \/>\n<meta property=\"og:title\" content=\"BATERIA CARLSBRO DIGITAL MOD. CSD35M - Mexican Guitar Players\" \/>\n<meta property=\"og:description\" content=\"Bater\u00eda electr\u00f3nica, ideal para bateristas principiantes y para profesionales que buscan ahorrar espacio en el estudio o usarlo como bater\u00eda de pr\u00e1ctica, compacta y f\u00e1cil de transportar, 320 voces de percusi\u00f3n de alta calidad, 22 kits de bater\u00eda prestablecidos, 10 kits de usuario, 20 canciones backing track, efecto de reverb, metr\u00f3nomo ajustable de 30 a 250 BPM, ajustes de trigger, entrada y salida MIDI, salida de audio USB, 2 salidas de aud\u00edfonos, salida est\u00e9reo, entrada auxiliar, incluye 1 m\u00f3dulo de sonido Commander 25, 1 pad de tarola de 10\u201d pulgadas de doble zona con parche de malla, 3 pads de tom de 8\u201d pulgadas de doble zona con parches de malla, 1 pad de platillo de 12\u201d pulgadas ride de doble zona con choke, un pad de platillo de 10\u201d para Hi-Hat, 2 pads de platillo de 10\u201d pulgadas para 2 crahesCrash y Ride con funci\u00f3n choke, 1 pedal de bombo, 1 pad de bombo de 8\u201d pulgadas, 1 controlador de pedal para Hi-Hat, 1 rack de 4 patas de altura ajustable y 1 par de baquetas con soporte para baquetas, 2 cables para crash, 1 cable para pads, 1 llave de bater\u00eda, facilidad de actualizaci\u00f3n.\" \/>\n<meta property=\"og:url\" content=\"https:\/\/www.mexicanguitarplayers.com\/en\/tienda\/sin categor\u00eda\/bateria-carlsbro-digital-mod-csd35m\/\" \/>\n<meta property=\"og:site_name\" content=\"Mexican Guitar Players\" \/>\n<meta property=\"article:modified_time\" content=\"2026-05-01T13:29:53+00:00\" \/>\n<meta name=\"twitter:card\" content=\"summary_large_image\" \/>\n<meta name=\"twitter:label1\" content=\"Est. reading time\" \/>\n\t<meta name=\"twitter:data1\" content=\"3 minutes\" \/>\n<script type=\"application\/ld+json\" class=\"yoast-schema-graph\">{\"@context\":\"https:\\\/\\\/schema.org\",\"@graph\":[{\"@type\":[\"WebPage\",\"ItemPage\"],\"@id\":\"https:\\\/\\\/www.mexicanguitarplayers.com\\\/tienda\\\/sin categor\u00eda\\\/bateria-carlsbro-digital-mod-csd35m\\\/\",\"url\":\"https:\\\/\\\/www.mexicanguitarplayers.com\\\/tienda\\\/sin categor\u00eda\\\/bateria-carlsbro-digital-mod-csd35m\\\/\",\"name\":\"BATERIA CARLSBRO DIGITAL MOD. CSD35M - Mexican Guitar Players\",\"isPartOf\":{\"@id\":\"https:\\\/\\\/www.mexicanguitarplayers.com\\\/#website\"},\"primaryImageOfPage\":{\"@id\":\"https:\\\/\\\/www.mexicanguitarplayers.com\\\/tienda\\\/sin categor\u00eda\\\/bateria-carlsbro-digital-mod-csd35m\\\/#primaryimage\"},\"image\":{\"@id\":\"https:\\\/\\\/www.mexicanguitarplayers.com\\\/tienda\\\/sin categor\u00eda\\\/bateria-carlsbro-digital-mod-csd35m\\\/#primaryimage\"},\"thumbnailUrl\":\"https:\\\/\\\/www.mexicanguitarplayers.com\\\/wp-content\\\/uploads\\\/2025\\\/04\\\/IPCLSCSD35M.jpg\",\"datePublished\":\"2025-04-06T20:42:37+00:00\",\"dateModified\":\"2026-05-01T13:29:53+00:00\",\"description\":\"Bater\u00eda electr\u00f3nica, ideal para bateristas principiantes y para profesionales que buscan ahorrar espacio en el estudio o usarlo como bater\u00eda de pr\u00e1ctica, compacta y f\u00e1cil de transportar, 320 voces de percusi\u00f3n de alta calidad, 22 kits de bater\u00eda prestablecidos, 10 kits de usuario, 20 canciones backing track, efecto de reverb, metr\u00f3nomo ajustable de 30 a 250 BPM, ajustes de trigger, entrada y salida MIDI, salida de audio USB, 2 salidas de aud\u00edfonos, salida est\u00e9reo, entrada auxiliar, incluye 1 m\u00f3dulo de sonido Commander 25, 1 pad de tarola de 10\u201d pulgadas de doble zona con parche de malla, 3 pads de tom de 8\u201d pulgadas de doble zona con parches de malla, 1 pad de platillo de 12\u201d pulgadas ride de doble zona con choke, un pad de platillo de 10\u201d para Hi-Hat, 2 pads de platillo de 10\u201d pulgadas para 2 crahesCrash y Ride con funci\u00f3n choke, 1 pedal de bombo, 1 pad de bombo de 8\u201d pulgadas, 1 controlador de pedal para Hi-Hat, 1 rack de 4 patas de altura ajustable y 1 par de baquetas con soporte para baquetas, 2 cables para crash, 1 cable para pads, 1 llave de bater\u00eda, facilidad de actualizaci\u00f3n.\",\"breadcrumb\":{\"@id\":\"https:\\\/\\\/www.mexicanguitarplayers.com\\\/tienda\\\/sin categor\u00eda\\\/bateria-carlsbro-digital-mod-csd35m\\\/#breadcrumb\"},\"inLanguage\":\"en-US\",\"potentialAction\":[{\"@type\":\"ReadAction\",\"target\":[\"https:\\\/\\\/www.mexicanguitarplayers.com\\\/tienda\\\/sin categor\u00eda\\\/bateria-carlsbro-digital-mod-csd35m\\\/\"]}]},{\"@type\":\"ImageObject\",\"inLanguage\":\"en-US\",\"@id\":\"https:\\\/\\\/www.mexicanguitarplayers.com\\\/tienda\\\/sin categor\u00eda\\\/bateria-carlsbro-digital-mod-csd35m\\\/#primaryimage\",\"url\":\"https:\\\/\\\/www.mexicanguitarplayers.com\\\/wp-content\\\/uploads\\\/2025\\\/04\\\/IPCLSCSD35M.jpg\",\"contentUrl\":\"https:\\\/\\\/www.mexicanguitarplayers.com\\\/wp-content\\\/uploads\\\/2025\\\/04\\\/IPCLSCSD35M.jpg\",\"width\":1200,\"height\":1200},{\"@type\":\"BreadcrumbList\",\"@id\":\"https:\\\/\\\/www.mexicanguitarplayers.com\\\/tienda\\\/sin categor\u00eda\\\/bateria-carlsbro-digital-mod-csd35m\\\/#breadcrumb\",\"itemListElement\":[{\"@type\":\"ListItem\",\"position\":1,\"name\":\"Portada\",\"item\":\"https:\\\/\\\/www.mexicanguitarplayers.com\\\/\"},{\"@type\":\"ListItem\",\"position\":2,\"name\":\"Tienda\",\"item\":\"https:\\\/\\\/www.mexicanguitarplayers.com\\\/tienda\\\/\"},{\"@type\":\"ListItem\",\"position\":3,\"name\":\"BATERIA CARLSBRO DIGITAL MOD. CSD35M\"}]},{\"@type\":\"WebSite\",\"@id\":\"https:\\\/\\\/www.mexicanguitarplayers.com\\\/#website\",\"url\":\"https:\\\/\\\/www.mexicanguitarplayers.com\\\/\",\"name\":\"Mexican Guitar Players\",\"description\":\"Website\",\"publisher\":{\"@id\":\"https:\\\/\\\/www.mexicanguitarplayers.com\\\/#organization\"},\"potentialAction\":[{\"@type\":\"SearchAction\",\"target\":{\"@type\":\"EntryPoint\",\"urlTemplate\":\"https:\\\/\\\/www.mexicanguitarplayers.com\\\/?s={search_term_string}\"},\"query-input\":{\"@type\":\"PropertyValueSpecification\",\"valueRequired\":true,\"valueName\":\"search_term_string\"}}],\"inLanguage\":\"en-US\"},{\"@type\":\"Organization\",\"@id\":\"https:\\\/\\\/www.mexicanguitarplayers.com\\\/#organization\",\"name\":\"Mexican Guitar Players\",\"url\":\"https:\\\/\\\/www.mexicanguitarplayers.com\\\/\",\"logo\":{\"@type\":\"ImageObject\",\"inLanguage\":\"en-US\",\"@id\":\"https:\\\/\\\/www.mexicanguitarplayers.com\\\/#\\\/schema\\\/logo\\\/image\\\/\",\"url\":\"\",\"contentUrl\":\"\",\"caption\":\"Mexican Guitar Players\"},\"image\":{\"@id\":\"https:\\\/\\\/www.mexicanguitarplayers.com\\\/#\\\/schema\\\/logo\\\/image\\\/\"}}]}<\/script>\n<!-- \/ Yoast SEO plugin. -->","yoast_head_json":{"title":"BATERIA CARLSBRO DIGITAL MOD. CSD35M - Mexican Guitar Players","description":"Bater\u00eda electr\u00f3nica, ideal para bateristas principiantes y para profesionales que buscan ahorrar espacio en el estudio o usarlo como bater\u00eda de pr\u00e1ctica, compacta y f\u00e1cil de transportar, 320 voces de percusi\u00f3n de alta calidad, 22 kits de bater\u00eda prestablecidos, 10 kits de usuario, 20 canciones backing track, efecto de reverb, metr\u00f3nomo ajustable de 30 a 250 BPM, ajustes de trigger, entrada y salida MIDI, salida de audio USB, 2 salidas de aud\u00edfonos, salida est\u00e9reo, entrada auxiliar, incluye 1 m\u00f3dulo de sonido Commander 25, 1 pad de tarola de 10\u201d pulgadas de doble zona con parche de malla, 3 pads de tom de 8\u201d pulgadas de doble zona con parches de malla, 1 pad de platillo de 12\u201d pulgadas ride de doble zona con choke, un pad de platillo de 10\u201d para Hi-Hat, 2 pads de platillo de 10\u201d pulgadas para 2 crahesCrash y Ride con funci\u00f3n choke, 1 pedal de bombo, 1 pad de bombo de 8\u201d pulgadas, 1 controlador de pedal para Hi-Hat, 1 rack de 4 patas de altura ajustable y 1 par de baquetas con soporte para baquetas, 2 cables para crash, 1 cable para pads, 1 llave de bater\u00eda, facilidad de actualizaci\u00f3n.","robots":{"index":"index","follow":"follow","max-snippet":"max-snippet:-1","max-image-preview":"max-image-preview:large","max-video-preview":"max-video-preview:-1"},"canonical":"https:\/\/www.mexicanguitarplayers.com\/en\/tienda\/sin categor\u00eda\/bateria-carlsbro-digital-mod-csd35m\/","og_locale":"en_US","og_type":"article","og_title":"BATERIA CARLSBRO DIGITAL MOD. CSD35M - Mexican Guitar Players","og_description":"Bater\u00eda electr\u00f3nica, ideal para bateristas principiantes y para profesionales que buscan ahorrar espacio en el estudio o usarlo como bater\u00eda de pr\u00e1ctica, compacta y f\u00e1cil de transportar, 320 voces de percusi\u00f3n de alta calidad, 22 kits de bater\u00eda prestablecidos, 10 kits de usuario, 20 canciones backing track, efecto de reverb, metr\u00f3nomo ajustable de 30 a 250 BPM, ajustes de trigger, entrada y salida MIDI, salida de audio USB, 2 salidas de aud\u00edfonos, salida est\u00e9reo, entrada auxiliar, incluye 1 m\u00f3dulo de sonido Commander 25, 1 pad de tarola de 10\u201d pulgadas de doble zona con parche de malla, 3 pads de tom de 8\u201d pulgadas de doble zona con parches de malla, 1 pad de platillo de 12\u201d pulgadas ride de doble zona con choke, un pad de platillo de 10\u201d para Hi-Hat, 2 pads de platillo de 10\u201d pulgadas para 2 crahesCrash y Ride con funci\u00f3n choke, 1 pedal de bombo, 1 pad de bombo de 8\u201d pulgadas, 1 controlador de pedal para Hi-Hat, 1 rack de 4 patas de altura ajustable y 1 par de baquetas con soporte para baquetas, 2 cables para crash, 1 cable para pads, 1 llave de bater\u00eda, facilidad de actualizaci\u00f3n.","og_url":"https:\/\/www.mexicanguitarplayers.com\/en\/tienda\/sin categor\u00eda\/bateria-carlsbro-digital-mod-csd35m\/","og_site_name":"Mexican Guitar Players","article_modified_time":"2026-05-01T13:29:53+00:00","twitter_card":"summary_large_image","twitter_misc":{"Est. reading time":"3 minutes"},"schema":{"@context":"https:\/\/schema.org","@graph":[{"@type":["WebPage","ItemPage"],"@id":"https:\/\/www.mexicanguitarplayers.com\/tienda\/sin categor\u00eda\/bateria-carlsbro-digital-mod-csd35m\/","url":"https:\/\/www.mexicanguitarplayers.com\/tienda\/sin categor\u00eda\/bateria-carlsbro-digital-mod-csd35m\/","name":"BATERIA CARLSBRO DIGITAL MOD. CSD35M - Mexican Guitar Players","isPartOf":{"@id":"https:\/\/www.mexicanguitarplayers.com\/#website"},"primaryImageOfPage":{"@id":"https:\/\/www.mexicanguitarplayers.com\/tienda\/sin categor\u00eda\/bateria-carlsbro-digital-mod-csd35m\/#primaryimage"},"image":{"@id":"https:\/\/www.mexicanguitarplayers.com\/tienda\/sin categor\u00eda\/bateria-carlsbro-digital-mod-csd35m\/#primaryimage"},"thumbnailUrl":"https:\/\/www.mexicanguitarplayers.com\/wp-content\/uploads\/2025\/04\/IPCLSCSD35M.jpg","datePublished":"2025-04-06T20:42:37+00:00","dateModified":"2026-05-01T13:29:53+00:00","description":"Bater\u00eda electr\u00f3nica, ideal para bateristas principiantes y para profesionales que buscan ahorrar espacio en el estudio o usarlo como bater\u00eda de pr\u00e1ctica, compacta y f\u00e1cil de transportar, 320 voces de percusi\u00f3n de alta calidad, 22 kits de bater\u00eda prestablecidos, 10 kits de usuario, 20 canciones backing track, efecto de reverb, metr\u00f3nomo ajustable de 30 a 250 BPM, ajustes de trigger, entrada y salida MIDI, salida de audio USB, 2 salidas de aud\u00edfonos, salida est\u00e9reo, entrada auxiliar, incluye 1 m\u00f3dulo de sonido Commander 25, 1 pad de tarola de 10\u201d pulgadas de doble zona con parche de malla, 3 pads de tom de 8\u201d pulgadas de doble zona con parches de malla, 1 pad de platillo de 12\u201d pulgadas ride de doble zona con choke, un pad de platillo de 10\u201d para Hi-Hat, 2 pads de platillo de 10\u201d pulgadas para 2 crahesCrash y Ride con funci\u00f3n choke, 1 pedal de bombo, 1 pad de bombo de 8\u201d pulgadas, 1 controlador de pedal para Hi-Hat, 1 rack de 4 patas de altura ajustable y 1 par de baquetas con soporte para baquetas, 2 cables para crash, 1 cable para pads, 1 llave de bater\u00eda, facilidad de actualizaci\u00f3n.","breadcrumb":{"@id":"https:\/\/www.mexicanguitarplayers.com\/tienda\/sin categor\u00eda\/bateria-carlsbro-digital-mod-csd35m\/#breadcrumb"},"inLanguage":"en-US","potentialAction":[{"@type":"ReadAction","target":["https:\/\/www.mexicanguitarplayers.com\/tienda\/sin categor\u00eda\/bateria-carlsbro-digital-mod-csd35m\/"]}]},{"@type":"ImageObject","inLanguage":"en-US","@id":"https:\/\/www.mexicanguitarplayers.com\/tienda\/sin categor\u00eda\/bateria-carlsbro-digital-mod-csd35m\/#primaryimage","url":"https:\/\/www.mexicanguitarplayers.com\/wp-content\/uploads\/2025\/04\/IPCLSCSD35M.jpg","contentUrl":"https:\/\/www.mexicanguitarplayers.com\/wp-content\/uploads\/2025\/04\/IPCLSCSD35M.jpg","width":1200,"height":1200},{"@type":"BreadcrumbList","@id":"https:\/\/www.mexicanguitarplayers.com\/tienda\/sin categor\u00eda\/bateria-carlsbro-digital-mod-csd35m\/#breadcrumb","itemListElement":[{"@type":"ListItem","position":1,"name":"Portada","item":"https:\/\/www.mexicanguitarplayers.com\/"},{"@type":"ListItem","position":2,"name":"Tienda","item":"https:\/\/www.mexicanguitarplayers.com\/tienda\/"},{"@type":"ListItem","position":3,"name":"BATERIA CARLSBRO DIGITAL MOD. CSD35M"}]},{"@type":"WebSite","@id":"https:\/\/www.mexicanguitarplayers.com\/#website","url":"https:\/\/www.mexicanguitarplayers.com\/","name":"Mexican Guitar Players","description":"Website","publisher":{"@id":"https:\/\/www.mexicanguitarplayers.com\/#organization"},"potentialAction":[{"@type":"SearchAction","target":{"@type":"EntryPoint","urlTemplate":"https:\/\/www.mexicanguitarplayers.com\/?s={search_term_string}"},"query-input":{"@type":"PropertyValueSpecification","valueRequired":true,"valueName":"search_term_string"}}],"inLanguage":"en-US"},{"@type":"Organization","@id":"https:\/\/www.mexicanguitarplayers.com\/#organization","name":"Mexican Guitar Players","url":"https:\/\/www.mexicanguitarplayers.com\/","logo":{"@type":"ImageObject","inLanguage":"en-US","@id":"https:\/\/www.mexicanguitarplayers.com\/#\/schema\/logo\/image\/","url":"","contentUrl":"","caption":"Mexican Guitar Players"},"image":{"@id":"https:\/\/www.mexicanguitarplayers.com\/#\/schema\/logo\/image\/"}}]}},"brands":[{"id":501,"name":"CARLSBRO","slug":"carlsbro"}],"_links":{"self":[{"href":"https:\/\/www.mexicanguitarplayers.com\/en\/wp-json\/wp\/v2\/product\/24525","targetHints":{"allow":["GET"]}}],"collection":[{"href":"https:\/\/www.mexicanguitarplayers.com\/en\/wp-json\/wp\/v2\/product"}],"about":[{"href":"https:\/\/www.mexicanguitarplayers.com\/en\/wp-json\/wp\/v2\/types\/product"}],"replies":[{"embeddable":true,"href":"https:\/\/www.mexicanguitarplayers.com\/en\/wp-json\/wp\/v2\/comments?post=24525"}],"wp:featuredmedia":[{"embeddable":true,"href":"https:\/\/www.mexicanguitarplayers.com\/en\/wp-json\/wp\/v2\/media\/24517"}],"wp:attachment":[{"href":"https:\/\/www.mexicanguitarplayers.com\/en\/wp-json\/wp\/v2\/media?parent=24525"}],"wp:term":[{"taxonomy":"pwb-brand","embeddable":true,"href":"https:\/\/www.mexicanguitarplayers.com\/en\/wp-json\/wp\/v2\/pwb-brand?post=24525"},{"taxonomy":"product_brand","embeddable":true,"href":"https:\/\/www.mexicanguitarplayers.com\/en\/wp-json\/wp\/v2\/product_brand?post=24525"},{"taxonomy":"product_cat","embeddable":true,"href":"https:\/\/www.mexicanguitarplayers.com\/en\/wp-json\/wp\/v2\/product_cat?post=24525"},{"taxonomy":"product_tag","embeddable":true,"href":"https:\/\/www.mexicanguitarplayers.com\/en\/wp-json\/wp\/v2\/product_tag?post=24525"}],"curies":[{"name":"wp","href":"https:\/\/api.w.org\/{rel}","templated":true}]}}